{"id":32509,"date":"2025-07-19T00:34:21","date_gmt":"2025-07-18T23:34:21","guid":{"rendered":"https:\/\/babylove.se\/produkt\/snuttefilt-muslinfilt-happy-goose\/"},"modified":"2026-04-08T12:01:44","modified_gmt":"2026-04-08T11:01:44","slug":"snutteteppe-muslinteppe-happy-goose","status":"publish","type":"product","link":"https:\/\/babylove.se\/no\/produkt\/snutteteppe-muslinteppe-happy-goose\/","title":{"rendered":"Smokefilt muslinfilt, Happy goose"},"content":{"rendered":"<p>Ikke g\u00e5 glipp av dette fantastiske muslinteppet med vakre dyremotiver! \\n \\nFargene er barnesikre og teppet utrolig koselig \u00e5 ha n\u00e6r seg. B\u00e5de barnet og foreldrene vil elske disse magiske koseklutene. \\n \\nMuslinteppet har mange bruksomr\u00e5der. Kan brukes til \u00e5 t\u00f8rke babyen ved mating, raping eller vask. \\n \\n<strong>M\u00e5l<\/strong>: 80 x 80 cm. \\n \\n<strong>Materiale<\/strong>: 100 % OEKO TEX-sertifisert organisk bomull. Antibakteriell, antifungal og antiallergisk. \\n \\nVaskeanvisninger: H\u00e5ndvask anbefales. Ikke t\u00f8rketromle.<\/p>\n","protected":false},"excerpt":{"rendered":"<p>Ikke g\u00e5 glipp av dette fantastiske muslinteppet med vakre dyremotiver! \\n \\nFargene er barnesikre og teppet utrolig koselig \u00e5 ha n\u00e6r seg. B\u00e5de barnet og foreldrene vil elske disse magiske koseklutene. \\n \\nMuslinteppet har mange bruksomr\u00e5der. Kan brukes til \u00e5 t\u00f8rke babyen ved mating, raping eller vask. \\n \\nM\u00e5l: 80 x 80 cm. \\n \\nMateriale: [&hellip;]<\/p>\n","protected":false},"featured_media":32511,"comment_status":"closed","ping_status":"closed","template":"","meta":{"_acf_changed":false},"product_brand":[1088],"product_cat":[90,1089,49],"product_tag":[],"class_list":{"0":"post-32509","1":"product","2":"type-product","3":"status-publish","4":"has-post-thumbnail","6":"product_brand-marsielle-decor","7":"product_cat-dyr","8":"product_cat-marsielle-decor","9":"product_cat-snutetepper","11":"first","12":"outofstock","13":"taxable","14":"shipping-taxable","15":"purchasable","16":"product-type-simple"},"acf":[],"yoast_head":"<!-- This site is optimized with the Yoast SEO Premium plugin v25.8 (Yoast SEO v27.2) - https:\/\/yoast.com\/product\/yoast-seo-premium-wordpress\/ -->\n<title>Smokefilt muslinfilt, Happy goose - Babylove Norska<\/title>\n<meta name=\"robots\" content=\"noindex, follow, max-snippet:-1, max-image-preview:large, max-video-preview:-1\" \/>\n<meta property=\"og:locale\" content=\"nb_NO\" \/>\n<meta property=\"og:type\" content=\"article\" \/>\n<meta property=\"og:title\" content=\"Smokefilt muslinfilt, Happy goose\" \/>\n<meta property=\"og:description\" content=\"Ikke g\u00e5 glipp av dette fantastiske muslinteppet med vakre dyremotiver! n nFargene er barnesikre og teppet utrolig koselig \u00e5 ha n\u00e6r seg. B\u00e5de barnet og foreldrene vil elske disse magiske koseklutene. n nMuslinteppet har mange bruksomr\u00e5der. Kan brukes til \u00e5 t\u00f8rke babyen ved mating, raping eller vask. n nM\u00e5l: 80 x 80 cm. n nMateriale: [&hellip;]\" \/>\n<meta property=\"og:url\" content=\"https:\/\/babylove.se\/no\/produkt\/snutteteppe-muslinteppe-happy-goose\/\" \/>\n<meta property=\"og:site_name\" content=\"Babylove Norska\" \/>\n<meta property=\"article:modified_time\" content=\"2026-04-08T11:01:44+00:00\" \/>\n<meta property=\"og:image\" content=\"https:\/\/babylove.se\/no\/wp-content\/uploads\/sites\/3\/2025\/07\/620cf750df186.jpeg\" \/>\n\t<meta property=\"og:image:width\" content=\"751\" \/>\n\t<meta property=\"og:image:height\" content=\"1125\" \/>\n\t<meta property=\"og:image:type\" content=\"image\/jpeg\" \/>\n<meta name=\"twitter:card\" content=\"summary_large_image\" \/>\n<meta name=\"twitter:label1\" content=\"Price\" \/>\n\t<meta name=\"twitter:data1\" content=\"90,30&nbsp;&#107;&#114;\" \/>\n\t<meta name=\"twitter:label2\" content=\"Availability\" \/>\n\t<meta name=\"twitter:data2\" content=\"Out of stock\" \/>\n<script type=\"application\/ld+json\" class=\"yoast-schema-graph\">{\"@context\":\"https:\/\/schema.org\",\"@graph\":[{\"@type\":\"WebPage\",\"@id\":\"https:\/\/babylove.se\/no\/produkt\/snutteteppe-muslinteppe-happy-goose\/\",\"url\":\"https:\/\/babylove.se\/no\/produkt\/snutteteppe-muslinteppe-happy-goose\/\",\"name\":\"Smokefilt muslinfilt, Happy goose - Babylove Norska\",\"isPartOf\":{\"@id\":\"https:\/\/babylove.se\/no\/#website\"},\"primaryImageOfPage\":{\"@id\":\"https:\/\/babylove.se\/no\/produkt\/snutteteppe-muslinteppe-happy-goose\/#primaryimage\"},\"image\":{\"@id\":\"https:\/\/babylove.se\/no\/produkt\/snutteteppe-muslinteppe-happy-goose\/#primaryimage\"},\"thumbnailUrl\":\"https:\/\/babylove.se\/no\/wp-content\/uploads\/sites\/3\/2025\/07\/620cf750df186.jpeg\",\"datePublished\":\"2025-07-18T23:34:21+00:00\",\"dateModified\":\"2026-04-08T11:01:44+00:00\",\"breadcrumb\":{\"@id\":\"https:\/\/babylove.se\/no\/produkt\/snutteteppe-muslinteppe-happy-goose\/#breadcrumb\"},\"inLanguage\":\"nb-NO\",\"potentialAction\":[{\"@type\":\"ReadAction\",\"target\":[\"https:\/\/babylove.se\/no\/produkt\/snutteteppe-muslinteppe-happy-goose\/\"]}]},{\"@type\":\"ImageObject\",\"inLanguage\":\"nb-NO\",\"@id\":\"https:\/\/babylove.se\/no\/produkt\/snutteteppe-muslinteppe-happy-goose\/#primaryimage\",\"url\":\"https:\/\/babylove.se\/no\/wp-content\/uploads\/sites\/3\/2025\/07\/620cf750df186.jpeg\",\"contentUrl\":\"https:\/\/babylove.se\/no\/wp-content\/uploads\/sites\/3\/2025\/07\/620cf750df186.jpeg\",\"width\":751,\"height\":1125},{\"@type\":\"BreadcrumbList\",\"@id\":\"https:\/\/babylove.se\/no\/produkt\/snutteteppe-muslinteppe-happy-goose\/#breadcrumb\",\"itemListElement\":[{\"@type\":\"ListItem\",\"position\":1,\"name\":\"Hem\",\"item\":\"https:\/\/babylove.se\/no\/\"},{\"@type\":\"ListItem\",\"position\":2,\"name\":\"Butik\",\"item\":\"https:\/\/babylove.se\/no\/butik\/\"},{\"@type\":\"ListItem\",\"position\":3,\"name\":\"Smokefilt muslinfilt, Happy goose\"}]},{\"@type\":\"WebSite\",\"@id\":\"https:\/\/babylove.se\/no\/#website\",\"url\":\"https:\/\/babylove.se\/no\/\",\"name\":\"Babylove Norska\",\"description\":\"\",\"potentialAction\":[{\"@type\":\"SearchAction\",\"target\":{\"@type\":\"EntryPoint\",\"urlTemplate\":\"https:\/\/babylove.se\/no\/?s={search_term_string}\"},\"query-input\":{\"@type\":\"PropertyValueSpecification\",\"valueRequired\":true,\"valueName\":\"search_term_string\"}}],\"inLanguage\":\"nb-NO\"}]}<\/script>\n<meta property=\"product:brand\" content=\"Marsielle Decor\" \/>\n<meta property=\"product:price:amount\" content=\"90.30\" \/>\n<meta property=\"product:price:currency\" content=\"SEK\" \/>\n<meta property=\"og:availability\" content=\"out of stock\" \/>\n<meta property=\"product:availability\" content=\"out of stock\" \/>\n<meta property=\"product:retailer_item_id\" content=\"MSD00030998\" \/>\n<meta property=\"product:condition\" content=\"new\" \/>\n<!-- \/ Yoast SEO Premium plugin. -->","yoast_head_json":{"title":"Smokefilt muslinfilt, Happy goose - Babylove Norska","robots":{"index":"noindex","follow":"follow","max-snippet":"max-snippet:-1","max-image-preview":"max-image-preview:large","max-video-preview":"max-video-preview:-1"},"og_locale":"nb_NO","og_type":"article","og_title":"Smokefilt muslinfilt, Happy goose","og_description":"Ikke g\u00e5 glipp av dette fantastiske muslinteppet med vakre dyremotiver! n nFargene er barnesikre og teppet utrolig koselig \u00e5 ha n\u00e6r seg. B\u00e5de barnet og foreldrene vil elske disse magiske koseklutene. n nMuslinteppet har mange bruksomr\u00e5der. Kan brukes til \u00e5 t\u00f8rke babyen ved mating, raping eller vask. n nM\u00e5l: 80 x 80 cm. n nMateriale: [&hellip;]","og_url":"https:\/\/babylove.se\/no\/produkt\/snutteteppe-muslinteppe-happy-goose\/","og_site_name":"Babylove Norska","article_modified_time":"2026-04-08T11:01:44+00:00","og_image":[{"width":751,"height":1125,"url":"https:\/\/babylove.se\/no\/wp-content\/uploads\/sites\/3\/2025\/07\/620cf750df186.jpeg","type":"image\/jpeg"}],"twitter_card":"summary_large_image","twitter_misc":{"Price":"90,30&nbsp;&#107;&#114;","Availability":"Out of stock"},"schema":{"@context":"https:\/\/schema.org","@graph":[{"@type":"WebPage","@id":"https:\/\/babylove.se\/no\/produkt\/snutteteppe-muslinteppe-happy-goose\/","url":"https:\/\/babylove.se\/no\/produkt\/snutteteppe-muslinteppe-happy-goose\/","name":"Smokefilt muslinfilt, Happy goose - Babylove Norska","isPartOf":{"@id":"https:\/\/babylove.se\/no\/#website"},"primaryImageOfPage":{"@id":"https:\/\/babylove.se\/no\/produkt\/snutteteppe-muslinteppe-happy-goose\/#primaryimage"},"image":{"@id":"https:\/\/babylove.se\/no\/produkt\/snutteteppe-muslinteppe-happy-goose\/#primaryimage"},"thumbnailUrl":"https:\/\/babylove.se\/no\/wp-content\/uploads\/sites\/3\/2025\/07\/620cf750df186.jpeg","datePublished":"2025-07-18T23:34:21+00:00","dateModified":"2026-04-08T11:01:44+00:00","breadcrumb":{"@id":"https:\/\/babylove.se\/no\/produkt\/snutteteppe-muslinteppe-happy-goose\/#breadcrumb"},"inLanguage":"nb-NO","potentialAction":[{"@type":"ReadAction","target":["https:\/\/babylove.se\/no\/produkt\/snutteteppe-muslinteppe-happy-goose\/"]}]},{"@type":"ImageObject","inLanguage":"nb-NO","@id":"https:\/\/babylove.se\/no\/produkt\/snutteteppe-muslinteppe-happy-goose\/#primaryimage","url":"https:\/\/babylove.se\/no\/wp-content\/uploads\/sites\/3\/2025\/07\/620cf750df186.jpeg","contentUrl":"https:\/\/babylove.se\/no\/wp-content\/uploads\/sites\/3\/2025\/07\/620cf750df186.jpeg","width":751,"height":1125},{"@type":"BreadcrumbList","@id":"https:\/\/babylove.se\/no\/produkt\/snutteteppe-muslinteppe-happy-goose\/#breadcrumb","itemListElement":[{"@type":"ListItem","position":1,"name":"Hem","item":"https:\/\/babylove.se\/no\/"},{"@type":"ListItem","position":2,"name":"Butik","item":"https:\/\/babylove.se\/no\/butik\/"},{"@type":"ListItem","position":3,"name":"Smokefilt muslinfilt, Happy goose"}]},{"@type":"WebSite","@id":"https:\/\/babylove.se\/no\/#website","url":"https:\/\/babylove.se\/no\/","name":"Babylove Norska","description":"","potentialAction":[{"@type":"SearchAction","target":{"@type":"EntryPoint","urlTemplate":"https:\/\/babylove.se\/no\/?s={search_term_string}"},"query-input":{"@type":"PropertyValueSpecification","valueRequired":true,"valueName":"search_term_string"}}],"inLanguage":"nb-NO"}]},"product_brand":"Marsielle Decor","product_price_amount":"90.30","product_price_currency":"SEK","og_availability":"out of stock","product_availability":"out of stock","product_retailer_item_id":"MSD00030998","product_condition":"new"},"_links":{"self":[{"href":"https:\/\/babylove.se\/no\/wp-json\/wp\/v2\/product\/32509","targetHints":{"allow":["GET"]}}],"collection":[{"href":"https:\/\/babylove.se\/no\/wp-json\/wp\/v2\/product"}],"about":[{"href":"https:\/\/babylove.se\/no\/wp-json\/wp\/v2\/types\/product"}],"replies":[{"embeddable":true,"href":"https:\/\/babylove.se\/no\/wp-json\/wp\/v2\/comments?post=32509"}],"wp:featuredmedia":[{"embeddable":true,"href":"https:\/\/babylove.se\/no\/wp-json\/wp\/v2\/media\/32511"}],"wp:attachment":[{"href":"https:\/\/babylove.se\/no\/wp-json\/wp\/v2\/media?parent=32509"}],"wp:term":[{"taxonomy":"product_brand","embeddable":true,"href":"https:\/\/babylove.se\/no\/wp-json\/wp\/v2\/product_brand?post=32509"},{"taxonomy":"product_cat","embeddable":true,"href":"https:\/\/babylove.se\/no\/wp-json\/wp\/v2\/product_cat?post=32509"},{"taxonomy":"product_tag","embeddable":true,"href":"https:\/\/babylove.se\/no\/wp-json\/wp\/v2\/product_tag?post=32509"}],"curies":[{"name":"wp","href":"https:\/\/api.w.org\/{rel}","templated":true}]}}