{"id":32533,"date":"2025-07-19T00:34:21","date_gmt":"2025-07-18T23:34:21","guid":{"rendered":"https:\/\/babylove.se\/produkt\/banwood-pale-mint-barncykel-med-stodhjul-classic\/"},"modified":"2026-04-08T12:01:56","modified_gmt":"2026-04-08T11:01:56","slug":"banwood-pale-mint-barnesykkel-med-stottehjul-classic","status":"publish","type":"product","link":"https:\/\/babylove.se\/no\/produkt\/banwood-pale-mint-barnesykkel-med-stottehjul-classic\/","title":{"rendered":"Banwood, lys mint barnesykkel med st\u00f8ttehjul, Classic"},"content":{"rendered":"<p>Classic er en sikker og holdbar barnesykkel i skandinavisk stil fra Banwood for de st\u00f8rre barna. <span style=\"background-color: initial; text-align: initial;\">Ultimat og ideell som en f\u00f8rste sykkel!<\/span> <\/p>\n<p>Designet er barnevennlig og du kan enkelt justere h\u00f8yden p\u00e5 det myke setet og h\u00e5ndtaket for \u00e5 optimalisere bruken. <\/p>\n<p>Anbefales for barn mellom 4-7 \u00e5rs alder. <\/p>\n<p>Inkluderer en fin avtagbar flettet kurv, avtagbare st\u00f8ttehjul og en ringeklokke. CE-sertifisert produkt. <\/p>\n<p><strong>M\u00e5l<\/strong>: <\/p>\n<ul>\n<li>Pedaler laget i rosentre med reflekser. Ekstra PVC-pedaler<\/li>\n<li>Fot- og h\u00e5ndbrems<\/li>\n<li><span lang=\"sv\">Mini sitteh\u00f8yde: 46 cm<\/span><\/li>\n<li><span lang=\"sv\">Maksi sitteh\u00f8yde: 57 cm<\/span><\/li>\n<li><span lang=\"sv\">Styrets lengde: justerbar fra 66 til 72 cm<\/span><\/li>\n<li><span lang=\"sv\">Avtagbar flettet kurv.<\/span><\/li>\n<li><span lang=\"sv\">Ringeklokke.<\/span><\/li>\n<li><span lang=\"sv\">16 ?hjul.<\/span><\/li>\n<li><span lang=\"sv\">Ergonomisk og komfortabelt sete.<\/span><\/li>\n<li><span lang=\"sv\">Vekt: 7,9 kg<\/span><\/li>\n<li><span lang=\"sv\">CE-sertifisering.<\/span><\/li>\n<\/ul>\n<p>Designer: <a href=\"https:\/\/babylove.se\/varumarken\/banwood\"><u>Banwood<\/u><\/a><\/p>\n","protected":false},"excerpt":{"rendered":"<p>Classic er en sikker og holdbar barnesykkel i skandinavisk stil fra Banwood for de st\u00f8rre barna. Ultimat og ideell som en f\u00f8rste sykkel! Designet er barnevennlig og du kan enkelt justere h\u00f8yden p\u00e5 det myke setet og h\u00e5ndtaket for \u00e5 optimalisere bruken. Anbefales for barn mellom 4-7 \u00e5rs alder. Inkluderer en fin avtagbar flettet kurv, [&hellip;]<\/p>\n","protected":false},"featured_media":32535,"comment_status":"closed","ping_status":"closed","template":"","meta":{"_acf_changed":false},"product_brand":[338],"product_cat":[316,339,1775],"product_tag":[1689],"class_list":{"0":"post-32533","1":"product","2":"type-product","3":"status-publish","4":"has-post-thumbnail","6":"product_brand-banwood","7":"product_cat-balanssykler","8":"product_cat-banwood","9":"product_cat-uteleker","10":"product_tag-bestillingsvaror","12":"first","13":"outofstock","14":"taxable","15":"shipping-taxable","16":"purchasable","17":"product-type-simple"},"acf":[],"yoast_head":"<!-- This site is optimized with the Yoast SEO Premium plugin v25.8 (Yoast SEO v27.2) - https:\/\/yoast.com\/product\/yoast-seo-premium-wordpress\/ -->\n<title>Banwood, lys mint barnesykkel med st\u00f8ttehjul, Classic - Babylove Norska<\/title>\n<meta name=\"robots\" content=\"noindex, follow, max-snippet:-1, max-image-preview:large, max-video-preview:-1\" \/>\n<meta property=\"og:locale\" content=\"nb_NO\" \/>\n<meta property=\"og:type\" content=\"article\" \/>\n<meta property=\"og:title\" content=\"Banwood, lys mint barnesykkel med st\u00f8ttehjul, Classic\" \/>\n<meta property=\"og:description\" content=\"Classic er en sikker og holdbar barnesykkel i skandinavisk stil fra Banwood for de st\u00f8rre barna. Ultimat og ideell som en f\u00f8rste sykkel! Designet er barnevennlig og du kan enkelt justere h\u00f8yden p\u00e5 det myke setet og h\u00e5ndtaket for \u00e5 optimalisere bruken. Anbefales for barn mellom 4-7 \u00e5rs alder. Inkluderer en fin avtagbar flettet kurv, [&hellip;]\" \/>\n<meta property=\"og:url\" content=\"https:\/\/babylove.se\/no\/produkt\/banwood-pale-mint-barnesykkel-med-stottehjul-classic\/\" \/>\n<meta property=\"og:site_name\" content=\"Babylove Norska\" \/>\n<meta property=\"article:modified_time\" content=\"2026-04-08T11:01:56+00:00\" \/>\n<meta property=\"og:image\" content=\"https:\/\/babylove.se\/no\/wp-content\/uploads\/sites\/3\/2025\/07\/620e44b05e2d8.jpeg\" \/>\n\t<meta property=\"og:image:width\" content=\"1500\" \/>\n\t<meta property=\"og:image:height\" content=\"1500\" \/>\n\t<meta property=\"og:image:type\" content=\"image\/jpeg\" \/>\n<meta name=\"twitter:card\" content=\"summary_large_image\" \/>\n<meta name=\"twitter:label1\" content=\"Price\" \/>\n\t<meta name=\"twitter:data1\" content=\"3 399,00&nbsp;&#107;&#114;\" \/>\n\t<meta name=\"twitter:label2\" content=\"Availability\" \/>\n\t<meta name=\"twitter:data2\" content=\"Out of stock\" \/>\n<script type=\"application\/ld+json\" class=\"yoast-schema-graph\">{\"@context\":\"https:\/\/schema.org\",\"@graph\":[{\"@type\":\"WebPage\",\"@id\":\"https:\/\/babylove.se\/no\/produkt\/banwood-pale-mint-barnesykkel-med-stottehjul-classic\/\",\"url\":\"https:\/\/babylove.se\/no\/produkt\/banwood-pale-mint-barnesykkel-med-stottehjul-classic\/\",\"name\":\"Banwood, lys mint barnesykkel med st\u00f8ttehjul, Classic - Babylove Norska\",\"isPartOf\":{\"@id\":\"https:\/\/babylove.se\/no\/#website\"},\"primaryImageOfPage\":{\"@id\":\"https:\/\/babylove.se\/no\/produkt\/banwood-pale-mint-barnesykkel-med-stottehjul-classic\/#primaryimage\"},\"image\":{\"@id\":\"https:\/\/babylove.se\/no\/produkt\/banwood-pale-mint-barnesykkel-med-stottehjul-classic\/#primaryimage\"},\"thumbnailUrl\":\"https:\/\/babylove.se\/no\/wp-content\/uploads\/sites\/3\/2025\/07\/620e44b05e2d8.jpeg\",\"datePublished\":\"2025-07-18T23:34:21+00:00\",\"dateModified\":\"2026-04-08T11:01:56+00:00\",\"breadcrumb\":{\"@id\":\"https:\/\/babylove.se\/no\/produkt\/banwood-pale-mint-barnesykkel-med-stottehjul-classic\/#breadcrumb\"},\"inLanguage\":\"nb-NO\",\"potentialAction\":[{\"@type\":\"ReadAction\",\"target\":[\"https:\/\/babylove.se\/no\/produkt\/banwood-pale-mint-barnesykkel-med-stottehjul-classic\/\"]}]},{\"@type\":\"ImageObject\",\"inLanguage\":\"nb-NO\",\"@id\":\"https:\/\/babylove.se\/no\/produkt\/banwood-pale-mint-barnesykkel-med-stottehjul-classic\/#primaryimage\",\"url\":\"https:\/\/babylove.se\/no\/wp-content\/uploads\/sites\/3\/2025\/07\/620e44b05e2d8.jpeg\",\"contentUrl\":\"https:\/\/babylove.se\/no\/wp-content\/uploads\/sites\/3\/2025\/07\/620e44b05e2d8.jpeg\",\"width\":1500,\"height\":1500},{\"@type\":\"BreadcrumbList\",\"@id\":\"https:\/\/babylove.se\/no\/produkt\/banwood-pale-mint-barnesykkel-med-stottehjul-classic\/#breadcrumb\",\"itemListElement\":[{\"@type\":\"ListItem\",\"position\":1,\"name\":\"Hem\",\"item\":\"https:\/\/babylove.se\/no\/\"},{\"@type\":\"ListItem\",\"position\":2,\"name\":\"Butik\",\"item\":\"https:\/\/babylove.se\/no\/butik\/\"},{\"@type\":\"ListItem\",\"position\":3,\"name\":\"Banwood, lys mint barnesykkel med st\u00f8ttehjul, Classic\"}]},{\"@type\":\"WebSite\",\"@id\":\"https:\/\/babylove.se\/no\/#website\",\"url\":\"https:\/\/babylove.se\/no\/\",\"name\":\"Babylove Norska\",\"description\":\"\",\"potentialAction\":[{\"@type\":\"SearchAction\",\"target\":{\"@type\":\"EntryPoint\",\"urlTemplate\":\"https:\/\/babylove.se\/no\/?s={search_term_string}\"},\"query-input\":{\"@type\":\"PropertyValueSpecification\",\"valueRequired\":true,\"valueName\":\"search_term_string\"}}],\"inLanguage\":\"nb-NO\"}]}<\/script>\n<meta property=\"product:brand\" content=\"Banwood\" \/>\n<meta property=\"product:price:amount\" content=\"3399.00\" \/>\n<meta property=\"product:price:currency\" content=\"SEK\" \/>\n<meta property=\"og:availability\" content=\"out of stock\" \/>\n<meta property=\"product:availability\" content=\"out of stock\" \/>\n<meta property=\"product:retailer_item_id\" content=\"BW-CL-MINT\" \/>\n<meta property=\"product:condition\" content=\"new\" \/>\n<!-- \/ Yoast SEO Premium plugin. -->","yoast_head_json":{"title":"Banwood, lys mint barnesykkel med st\u00f8ttehjul, Classic - Babylove Norska","robots":{"index":"noindex","follow":"follow","max-snippet":"max-snippet:-1","max-image-preview":"max-image-preview:large","max-video-preview":"max-video-preview:-1"},"og_locale":"nb_NO","og_type":"article","og_title":"Banwood, lys mint barnesykkel med st\u00f8ttehjul, Classic","og_description":"Classic er en sikker og holdbar barnesykkel i skandinavisk stil fra Banwood for de st\u00f8rre barna. Ultimat og ideell som en f\u00f8rste sykkel! Designet er barnevennlig og du kan enkelt justere h\u00f8yden p\u00e5 det myke setet og h\u00e5ndtaket for \u00e5 optimalisere bruken. Anbefales for barn mellom 4-7 \u00e5rs alder. Inkluderer en fin avtagbar flettet kurv, [&hellip;]","og_url":"https:\/\/babylove.se\/no\/produkt\/banwood-pale-mint-barnesykkel-med-stottehjul-classic\/","og_site_name":"Babylove Norska","article_modified_time":"2026-04-08T11:01:56+00:00","og_image":[{"width":1500,"height":1500,"url":"https:\/\/babylove.se\/no\/wp-content\/uploads\/sites\/3\/2025\/07\/620e44b05e2d8.jpeg","type":"image\/jpeg"}],"twitter_card":"summary_large_image","twitter_misc":{"Price":"3 399,00&nbsp;&#107;&#114;","Availability":"Out of stock"},"schema":{"@context":"https:\/\/schema.org","@graph":[{"@type":"WebPage","@id":"https:\/\/babylove.se\/no\/produkt\/banwood-pale-mint-barnesykkel-med-stottehjul-classic\/","url":"https:\/\/babylove.se\/no\/produkt\/banwood-pale-mint-barnesykkel-med-stottehjul-classic\/","name":"Banwood, lys mint barnesykkel med st\u00f8ttehjul, Classic - Babylove Norska","isPartOf":{"@id":"https:\/\/babylove.se\/no\/#website"},"primaryImageOfPage":{"@id":"https:\/\/babylove.se\/no\/produkt\/banwood-pale-mint-barnesykkel-med-stottehjul-classic\/#primaryimage"},"image":{"@id":"https:\/\/babylove.se\/no\/produkt\/banwood-pale-mint-barnesykkel-med-stottehjul-classic\/#primaryimage"},"thumbnailUrl":"https:\/\/babylove.se\/no\/wp-content\/uploads\/sites\/3\/2025\/07\/620e44b05e2d8.jpeg","datePublished":"2025-07-18T23:34:21+00:00","dateModified":"2026-04-08T11:01:56+00:00","breadcrumb":{"@id":"https:\/\/babylove.se\/no\/produkt\/banwood-pale-mint-barnesykkel-med-stottehjul-classic\/#breadcrumb"},"inLanguage":"nb-NO","potentialAction":[{"@type":"ReadAction","target":["https:\/\/babylove.se\/no\/produkt\/banwood-pale-mint-barnesykkel-med-stottehjul-classic\/"]}]},{"@type":"ImageObject","inLanguage":"nb-NO","@id":"https:\/\/babylove.se\/no\/produkt\/banwood-pale-mint-barnesykkel-med-stottehjul-classic\/#primaryimage","url":"https:\/\/babylove.se\/no\/wp-content\/uploads\/sites\/3\/2025\/07\/620e44b05e2d8.jpeg","contentUrl":"https:\/\/babylove.se\/no\/wp-content\/uploads\/sites\/3\/2025\/07\/620e44b05e2d8.jpeg","width":1500,"height":1500},{"@type":"BreadcrumbList","@id":"https:\/\/babylove.se\/no\/produkt\/banwood-pale-mint-barnesykkel-med-stottehjul-classic\/#breadcrumb","itemListElement":[{"@type":"ListItem","position":1,"name":"Hem","item":"https:\/\/babylove.se\/no\/"},{"@type":"ListItem","position":2,"name":"Butik","item":"https:\/\/babylove.se\/no\/butik\/"},{"@type":"ListItem","position":3,"name":"Banwood, lys mint barnesykkel med st\u00f8ttehjul, Classic"}]},{"@type":"WebSite","@id":"https:\/\/babylove.se\/no\/#website","url":"https:\/\/babylove.se\/no\/","name":"Babylove Norska","description":"","potentialAction":[{"@type":"SearchAction","target":{"@type":"EntryPoint","urlTemplate":"https:\/\/babylove.se\/no\/?s={search_term_string}"},"query-input":{"@type":"PropertyValueSpecification","valueRequired":true,"valueName":"search_term_string"}}],"inLanguage":"nb-NO"}]},"product_brand":"Banwood","product_price_amount":"3399.00","product_price_currency":"SEK","og_availability":"out of stock","product_availability":"out of stock","product_retailer_item_id":"BW-CL-MINT","product_condition":"new"},"_links":{"self":[{"href":"https:\/\/babylove.se\/no\/wp-json\/wp\/v2\/product\/32533","targetHints":{"allow":["GET"]}}],"collection":[{"href":"https:\/\/babylove.se\/no\/wp-json\/wp\/v2\/product"}],"about":[{"href":"https:\/\/babylove.se\/no\/wp-json\/wp\/v2\/types\/product"}],"replies":[{"embeddable":true,"href":"https:\/\/babylove.se\/no\/wp-json\/wp\/v2\/comments?post=32533"}],"wp:featuredmedia":[{"embeddable":true,"href":"https:\/\/babylove.se\/no\/wp-json\/wp\/v2\/media\/32535"}],"wp:attachment":[{"href":"https:\/\/babylove.se\/no\/wp-json\/wp\/v2\/media?parent=32533"}],"wp:term":[{"taxonomy":"product_brand","embeddable":true,"href":"https:\/\/babylove.se\/no\/wp-json\/wp\/v2\/product_brand?post=32533"},{"taxonomy":"product_cat","embeddable":true,"href":"https:\/\/babylove.se\/no\/wp-json\/wp\/v2\/product_cat?post=32533"},{"taxonomy":"product_tag","embeddable":true,"href":"https:\/\/babylove.se\/no\/wp-json\/wp\/v2\/product_tag?post=32533"}],"curies":[{"name":"wp","href":"https:\/\/api.w.org\/{rel}","templated":true}]}}