{"id":3263,"date":"2025-07-18T20:14:19","date_gmt":"2025-07-18T19:14:19","guid":{"rendered":"https:\/\/babylove.se\/produkt\/rosa-ballerina-vaggklistermarke-set-dekornik\/"},"modified":"2026-04-08T07:58:42","modified_gmt":"2026-04-08T06:58:42","slug":"rosa-ballerina-veggklistremerke-sett-dekornik","status":"publish","type":"product","link":"https:\/\/babylove.se\/no\/produkt\/rosa-ballerina-veggklistremerke-sett-dekornik\/","title":{"rendered":"Dekornik, Rosa Ballerina, Veggklistremerke sett"},"content":{"rendered":"<p>Et fantastisk sett med flyttbare veggklistremerker med motiv av rosa ballerinasko og matchende prikker rundt omkring. Dette er perfekt for barnet som dr\u00f8mmer om \u00e5 bli en ballerina og en helt fantastisk veggdekorasjon. Et meget bra alternativ til tapeter, disse veggklistremerkene er enkle \u00e5 sette opp og dessuten flyttbare om man vil bytte plass eller gj\u00f8re p\u00e5 en annen m\u00e5te.<\/p>\n<p>Hvert enkelt klistremerke tas forsiktig l\u00f8s fra papiret, og festes s\u00e5 p\u00e5 veggen.<\/p>\n<p>Veggklistremerkene har ingen ramme, noe som gj\u00f8r at de passer p\u00e5 nesten alle typer veggfarger.<\/p>\n<p><strong>M\u00e5l<\/strong>:&nbsp;<\/p>\n<p><strong>S<\/strong>: ballerinasko: H\u00f8yde 56 cm , prikker: Diameter 1,5 cm , &nbsp;Bow: H\u00f8yde cirka 11 cm.&nbsp;<\/p>\n<p><strong>L<\/strong>: ballerinasko: H\u00f8yde 90 cm , prikker: Diameter 3 &nbsp;cm , &nbsp;Bow: H\u00f8yde cirka 15-20 cm.&nbsp;<\/p>\n<p>Designer: <a href=\"https:\/\/babylove.se\/varumarken\/dekornik\"><u>Dekornik<\/u><\/a><\/p>\n<p><u>Obs! klistremerkene er ikke egnet for vegger med en grov overflate eller om de er malt med lateksfarger eller tapetsert.<\/u><\/p>\n","protected":false},"excerpt":{"rendered":"<p>Et fantastisk sett med flyttbare veggklistremerker med motiv av rosa ballerinasko og matchende prikker rundt omkring. Dette er perfekt for barnet som dr\u00f8mmer om \u00e5 bli en ballerina og en helt fantastisk veggdekorasjon. Et meget bra alternativ til tapeter, disse veggklistremerkene er enkle \u00e5 sette opp og dessuten flyttbare om man vil bytte plass eller [&hellip;]<\/p>\n","protected":false},"featured_media":3265,"comment_status":"closed","ping_status":"open","template":"","meta":{"_acf_changed":false},"product_brand":[190],"product_cat":[191,189,25,29,24],"product_tag":[1689],"class_list":{"0":"post-3263","1":"product","2":"type-product","3":"status-publish","4":"has-post-thumbnail","6":"product_brand-dekornik","7":"product_cat-dekornik","8":"product_cat-innrede-barnerom-jente","9":"product_cat-ikke-bare-jenter","10":"product_cat-veggdekorasjoner","11":"product_cat-veggklistremerker","12":"product_tag-bestillingsvaror","13":"pa_storlek-l","14":"pa_storlek-s","16":"first","17":"instock","18":"taxable","19":"shipping-taxable","20":"purchasable","21":"product-type-variable"},"acf":[],"yoast_head":"<!-- This site is optimized with the Yoast SEO Premium plugin v25.8 (Yoast SEO v27.2) - https:\/\/yoast.com\/product\/yoast-seo-premium-wordpress\/ -->\n<title>Rosa Ballerina, V\u00e4ggklisterm\u00e4rke set, Dekornik<\/title>\n<meta name=\"description\" content=\"Ett fantastiskt set om flyttbara v\u00e4ggklisterm\u00e4rken med motiv av rosa ballerinaskor och matchande prickar runtom -skickas inom 24 timmar- 14 dagars \u00f6ppet k\u00f6p\" \/>\n<meta name=\"robots\" content=\"noindex, follow, max-snippet:-1, max-image-preview:large, max-video-preview:-1\" \/>\n<meta property=\"og:locale\" content=\"nb_NO\" \/>\n<meta property=\"og:type\" content=\"article\" \/>\n<meta property=\"og:title\" content=\"Dekornik, Rosa Ballerina, Veggklistremerke sett\" \/>\n<meta property=\"og:description\" content=\"Ett fantastiskt set om flyttbara v\u00e4ggklisterm\u00e4rken med motiv av rosa ballerinaskor och matchande prickar runtom -skickas inom 24 timmar- 14 dagars \u00f6ppet k\u00f6p\" \/>\n<meta property=\"og:url\" content=\"https:\/\/babylove.se\/no\/produkt\/rosa-ballerina-veggklistremerke-sett-dekornik\/\" \/>\n<meta property=\"og:site_name\" content=\"Babylove Norska\" \/>\n<meta property=\"article:modified_time\" content=\"2026-04-08T06:58:42+00:00\" \/>\n<meta property=\"og:image\" content=\"https:\/\/babylove.se\/no\/wp-content\/uploads\/sites\/3\/2025\/07\/593a72b9ad4b0.jpeg\" \/>\n\t<meta property=\"og:image:width\" content=\"750\" \/>\n\t<meta property=\"og:image:height\" content=\"750\" \/>\n\t<meta property=\"og:image:type\" content=\"image\/jpeg\" \/>\n<meta name=\"twitter:card\" content=\"summary_large_image\" \/>\n<meta name=\"twitter:label1\" content=\"Availability\" \/>\n\t<meta name=\"twitter:data1\" content=\"In stock\" \/>\n<script type=\"application\/ld+json\" class=\"yoast-schema-graph\">{\"@context\":\"https:\/\/schema.org\",\"@graph\":[{\"@type\":\"WebPage\",\"@id\":\"https:\/\/babylove.se\/no\/produkt\/rosa-ballerina-veggklistremerke-sett-dekornik\/\",\"url\":\"https:\/\/babylove.se\/no\/produkt\/rosa-ballerina-veggklistremerke-sett-dekornik\/\",\"name\":\"Rosa Ballerina, V\u00e4ggklisterm\u00e4rke set, Dekornik\",\"isPartOf\":{\"@id\":\"https:\/\/babylove.se\/no\/#website\"},\"primaryImageOfPage\":{\"@id\":\"https:\/\/babylove.se\/no\/produkt\/rosa-ballerina-veggklistremerke-sett-dekornik\/#primaryimage\"},\"image\":{\"@id\":\"https:\/\/babylove.se\/no\/produkt\/rosa-ballerina-veggklistremerke-sett-dekornik\/#primaryimage\"},\"thumbnailUrl\":\"https:\/\/babylove.se\/no\/wp-content\/uploads\/sites\/3\/2025\/07\/593a72b9ad4b0.jpeg\",\"datePublished\":\"2025-07-18T19:14:19+00:00\",\"dateModified\":\"2026-04-08T06:58:42+00:00\",\"description\":\"Ett fantastiskt set om flyttbara v\u00e4ggklisterm\u00e4rken med motiv av rosa ballerinaskor och matchande prickar runtom -skickas inom 24 timmar- 14 dagars \u00f6ppet k\u00f6p\",\"breadcrumb\":{\"@id\":\"https:\/\/babylove.se\/no\/produkt\/rosa-ballerina-veggklistremerke-sett-dekornik\/#breadcrumb\"},\"inLanguage\":\"nb-NO\",\"potentialAction\":[{\"@type\":\"ReadAction\",\"target\":[\"https:\/\/babylove.se\/no\/produkt\/rosa-ballerina-veggklistremerke-sett-dekornik\/\"]}]},{\"@type\":\"ImageObject\",\"inLanguage\":\"nb-NO\",\"@id\":\"https:\/\/babylove.se\/no\/produkt\/rosa-ballerina-veggklistremerke-sett-dekornik\/#primaryimage\",\"url\":\"https:\/\/babylove.se\/no\/wp-content\/uploads\/sites\/3\/2025\/07\/593a72b9ad4b0.jpeg\",\"contentUrl\":\"https:\/\/babylove.se\/no\/wp-content\/uploads\/sites\/3\/2025\/07\/593a72b9ad4b0.jpeg\",\"width\":750,\"height\":750},{\"@type\":\"BreadcrumbList\",\"@id\":\"https:\/\/babylove.se\/no\/produkt\/rosa-ballerina-veggklistremerke-sett-dekornik\/#breadcrumb\",\"itemListElement\":[{\"@type\":\"ListItem\",\"position\":1,\"name\":\"Hem\",\"item\":\"https:\/\/babylove.se\/no\/\"},{\"@type\":\"ListItem\",\"position\":2,\"name\":\"Butik\",\"item\":\"https:\/\/babylove.se\/no\/butik\/\"},{\"@type\":\"ListItem\",\"position\":3,\"name\":\"Dekornik, Rosa Ballerina, Veggklistremerke sett\"}]},{\"@type\":\"WebSite\",\"@id\":\"https:\/\/babylove.se\/no\/#website\",\"url\":\"https:\/\/babylove.se\/no\/\",\"name\":\"Babylove Norska\",\"description\":\"\",\"potentialAction\":[{\"@type\":\"SearchAction\",\"target\":{\"@type\":\"EntryPoint\",\"urlTemplate\":\"https:\/\/babylove.se\/no\/?s={search_term_string}\"},\"query-input\":{\"@type\":\"PropertyValueSpecification\",\"valueRequired\":true,\"valueName\":\"search_term_string\"}}],\"inLanguage\":\"nb-NO\"}]}<\/script>\n<meta property=\"product:brand\" content=\"Dekornik\" \/>\n<meta property=\"og:availability\" content=\"instock\" \/>\n<meta property=\"product:availability\" content=\"instock\" \/>\n<meta property=\"product:retailer_item_id\" content=\"N.REP.003_S\" \/>\n<meta property=\"product:condition\" content=\"new\" \/>\n<!-- \/ Yoast SEO Premium plugin. -->","yoast_head_json":{"title":"Rosa Ballerina, V\u00e4ggklisterm\u00e4rke set, Dekornik","description":"Ett fantastiskt set om flyttbara v\u00e4ggklisterm\u00e4rken med motiv av rosa ballerinaskor och matchande prickar runtom -skickas inom 24 timmar- 14 dagars \u00f6ppet k\u00f6p","robots":{"index":"noindex","follow":"follow","max-snippet":"max-snippet:-1","max-image-preview":"max-image-preview:large","max-video-preview":"max-video-preview:-1"},"og_locale":"nb_NO","og_type":"article","og_title":"Dekornik, Rosa Ballerina, Veggklistremerke sett","og_description":"Ett fantastiskt set om flyttbara v\u00e4ggklisterm\u00e4rken med motiv av rosa ballerinaskor och matchande prickar runtom -skickas inom 24 timmar- 14 dagars \u00f6ppet k\u00f6p","og_url":"https:\/\/babylove.se\/no\/produkt\/rosa-ballerina-veggklistremerke-sett-dekornik\/","og_site_name":"Babylove Norska","article_modified_time":"2026-04-08T06:58:42+00:00","og_image":[{"width":750,"height":750,"url":"https:\/\/babylove.se\/no\/wp-content\/uploads\/sites\/3\/2025\/07\/593a72b9ad4b0.jpeg","type":"image\/jpeg"}],"twitter_card":"summary_large_image","twitter_misc":{"Availability":"In stock"},"schema":{"@context":"https:\/\/schema.org","@graph":[{"@type":"WebPage","@id":"https:\/\/babylove.se\/no\/produkt\/rosa-ballerina-veggklistremerke-sett-dekornik\/","url":"https:\/\/babylove.se\/no\/produkt\/rosa-ballerina-veggklistremerke-sett-dekornik\/","name":"Rosa Ballerina, V\u00e4ggklisterm\u00e4rke set, Dekornik","isPartOf":{"@id":"https:\/\/babylove.se\/no\/#website"},"primaryImageOfPage":{"@id":"https:\/\/babylove.se\/no\/produkt\/rosa-ballerina-veggklistremerke-sett-dekornik\/#primaryimage"},"image":{"@id":"https:\/\/babylove.se\/no\/produkt\/rosa-ballerina-veggklistremerke-sett-dekornik\/#primaryimage"},"thumbnailUrl":"https:\/\/babylove.se\/no\/wp-content\/uploads\/sites\/3\/2025\/07\/593a72b9ad4b0.jpeg","datePublished":"2025-07-18T19:14:19+00:00","dateModified":"2026-04-08T06:58:42+00:00","description":"Ett fantastiskt set om flyttbara v\u00e4ggklisterm\u00e4rken med motiv av rosa ballerinaskor och matchande prickar runtom -skickas inom 24 timmar- 14 dagars \u00f6ppet k\u00f6p","breadcrumb":{"@id":"https:\/\/babylove.se\/no\/produkt\/rosa-ballerina-veggklistremerke-sett-dekornik\/#breadcrumb"},"inLanguage":"nb-NO","potentialAction":[{"@type":"ReadAction","target":["https:\/\/babylove.se\/no\/produkt\/rosa-ballerina-veggklistremerke-sett-dekornik\/"]}]},{"@type":"ImageObject","inLanguage":"nb-NO","@id":"https:\/\/babylove.se\/no\/produkt\/rosa-ballerina-veggklistremerke-sett-dekornik\/#primaryimage","url":"https:\/\/babylove.se\/no\/wp-content\/uploads\/sites\/3\/2025\/07\/593a72b9ad4b0.jpeg","contentUrl":"https:\/\/babylove.se\/no\/wp-content\/uploads\/sites\/3\/2025\/07\/593a72b9ad4b0.jpeg","width":750,"height":750},{"@type":"BreadcrumbList","@id":"https:\/\/babylove.se\/no\/produkt\/rosa-ballerina-veggklistremerke-sett-dekornik\/#breadcrumb","itemListElement":[{"@type":"ListItem","position":1,"name":"Hem","item":"https:\/\/babylove.se\/no\/"},{"@type":"ListItem","position":2,"name":"Butik","item":"https:\/\/babylove.se\/no\/butik\/"},{"@type":"ListItem","position":3,"name":"Dekornik, Rosa Ballerina, Veggklistremerke sett"}]},{"@type":"WebSite","@id":"https:\/\/babylove.se\/no\/#website","url":"https:\/\/babylove.se\/no\/","name":"Babylove Norska","description":"","potentialAction":[{"@type":"SearchAction","target":{"@type":"EntryPoint","urlTemplate":"https:\/\/babylove.se\/no\/?s={search_term_string}"},"query-input":{"@type":"PropertyValueSpecification","valueRequired":true,"valueName":"search_term_string"}}],"inLanguage":"nb-NO"}]},"product_brand":"Dekornik","og_availability":"instock","product_availability":"instock","product_retailer_item_id":"N.REP.003_S","product_condition":"new"},"_links":{"self":[{"href":"https:\/\/babylove.se\/no\/wp-json\/wp\/v2\/product\/3263","targetHints":{"allow":["GET"]}}],"collection":[{"href":"https:\/\/babylove.se\/no\/wp-json\/wp\/v2\/product"}],"about":[{"href":"https:\/\/babylove.se\/no\/wp-json\/wp\/v2\/types\/product"}],"replies":[{"embeddable":true,"href":"https:\/\/babylove.se\/no\/wp-json\/wp\/v2\/comments?post=3263"}],"wp:featuredmedia":[{"embeddable":true,"href":"https:\/\/babylove.se\/no\/wp-json\/wp\/v2\/media\/3265"}],"wp:attachment":[{"href":"https:\/\/babylove.se\/no\/wp-json\/wp\/v2\/media?parent=3263"}],"wp:term":[{"taxonomy":"product_brand","embeddable":true,"href":"https:\/\/babylove.se\/no\/wp-json\/wp\/v2\/product_brand?post=3263"},{"taxonomy":"product_cat","embeddable":true,"href":"https:\/\/babylove.se\/no\/wp-json\/wp\/v2\/product_cat?post=3263"},{"taxonomy":"product_tag","embeddable":true,"href":"https:\/\/babylove.se\/no\/wp-json\/wp\/v2\/product_tag?post=3263"}],"curies":[{"name":"wp","href":"https:\/\/api.w.org\/{rel}","templated":true}]}}