{"id":32681,"date":"2025-07-19T00:35:54","date_gmt":"2025-07-18T23:35:54","guid":{"rendered":"https:\/\/babylove.se\/produkt\/maileg-garderob-i-tra-med-galgar-mouse\/"},"modified":"2026-04-08T12:02:55","modified_gmt":"2026-04-08T11:02:55","slug":"maileg-garderobe-i-tre-med-boyler-mouse","status":"publish","type":"product","link":"https:\/\/babylove.se\/no\/produkt\/maileg-garderobe-i-tre-med-boyler-mouse\/","title":{"rendered":"Maileg, Garderobe i tre med b\u00f8yler Mouse"},"content":{"rendered":"<p>Hvem vil ikke ha dette fine tregarderobeskap med tre gylne b\u00f8yler til \u00e5 henge de sm\u00e5 dukkekl\u00e6rne som finnes hjemme. <\/p>\n<p>Til dukkehuset eller hvorfor ikke p\u00e5 en fin hylle, s\u00e5 har dere n\u00e5 sjansen med denne fantastiske dukkehusm\u00f8belen fra det popul\u00e6re selskapet Maileg. <\/p>\n<p>Alder: Fra 3 \u00e5r. <\/p>\n<p><strong>M\u00e5l<\/strong>: 16 x 7 cm<br \/>\n<strong>Materiale<\/strong>: Tre <\/p>\n<p>Designer: <a href=\"https:\/\/babylove.se\/varumarken\/maileg\">Maileg<\/a><\/p>\n","protected":false},"excerpt":{"rendered":"<p>Hvem vil ikke ha dette fine tregarderobeskap med tre gylne b\u00f8yler til \u00e5 henge de sm\u00e5 dukkekl\u00e6rne som finnes hjemme. Til dukkehuset eller hvorfor ikke p\u00e5 en fin hylle, s\u00e5 har dere n\u00e5 sjansen med denne fantastiske dukkehusm\u00f8belen fra det popul\u00e6re selskapet Maileg. Alder: Fra 3 \u00e5r. M\u00e5l: 16 x 7 cm Materiale: Tre Designer: [&hellip;]<\/p>\n","protected":false},"featured_media":32683,"comment_status":"closed","ping_status":"closed","template":"","meta":{"_acf_changed":false},"product_brand":[662],"product_cat":[182,68,663],"product_tag":[],"class_list":{"0":"post-32681","1":"product","2":"type-product","3":"status-publish","4":"has-post-thumbnail","6":"product_brand-maileg","7":"product_cat-dockhusmobler","8":"product_cat-leker","9":"product_cat-maileg","11":"first","12":"outofstock","13":"taxable","14":"shipping-taxable","15":"purchasable","16":"product-type-simple"},"acf":[],"yoast_head":"<!-- This site is optimized with the Yoast SEO Premium plugin v25.8 (Yoast SEO v27.2) - https:\/\/yoast.com\/product\/yoast-seo-premium-wordpress\/ -->\n<title>Maileg, Garderobe i tre med b\u00f8yler Mouse - Babylove Norska<\/title>\n<meta name=\"robots\" content=\"noindex, follow, max-snippet:-1, max-image-preview:large, max-video-preview:-1\" \/>\n<meta property=\"og:locale\" content=\"nb_NO\" \/>\n<meta property=\"og:type\" content=\"article\" \/>\n<meta property=\"og:title\" content=\"Maileg, Garderobe i tre med b\u00f8yler Mouse\" \/>\n<meta property=\"og:description\" content=\"Hvem vil ikke ha dette fine tregarderobeskap med tre gylne b\u00f8yler til \u00e5 henge de sm\u00e5 dukkekl\u00e6rne som finnes hjemme. Til dukkehuset eller hvorfor ikke p\u00e5 en fin hylle, s\u00e5 har dere n\u00e5 sjansen med denne fantastiske dukkehusm\u00f8belen fra det popul\u00e6re selskapet Maileg. Alder: Fra 3 \u00e5r. M\u00e5l: 16 x 7 cm Materiale: Tre Designer: [&hellip;]\" \/>\n<meta property=\"og:url\" content=\"https:\/\/babylove.se\/no\/produkt\/maileg-garderobe-i-tre-med-boyler-mouse\/\" \/>\n<meta property=\"og:site_name\" content=\"Babylove Norska\" \/>\n<meta property=\"article:modified_time\" content=\"2026-04-08T11:02:55+00:00\" \/>\n<meta property=\"og:image\" content=\"https:\/\/babylove.se\/no\/wp-content\/uploads\/sites\/3\/2025\/07\/62139c511edfa.png\" \/>\n\t<meta property=\"og:image:width\" content=\"675\" \/>\n\t<meta property=\"og:image:height\" content=\"563\" \/>\n\t<meta property=\"og:image:type\" content=\"image\/png\" \/>\n<meta name=\"twitter:card\" content=\"summary_large_image\" \/>\n<meta name=\"twitter:label1\" content=\"Price\" \/>\n\t<meta name=\"twitter:data1\" content=\"199,00&nbsp;&#107;&#114;\" \/>\n\t<meta name=\"twitter:label2\" content=\"Availability\" \/>\n\t<meta name=\"twitter:data2\" content=\"Out of stock\" \/>\n<script type=\"application\/ld+json\" class=\"yoast-schema-graph\">{\"@context\":\"https:\/\/schema.org\",\"@graph\":[{\"@type\":\"WebPage\",\"@id\":\"https:\/\/babylove.se\/no\/produkt\/maileg-garderobe-i-tre-med-boyler-mouse\/\",\"url\":\"https:\/\/babylove.se\/no\/produkt\/maileg-garderobe-i-tre-med-boyler-mouse\/\",\"name\":\"Maileg, Garderobe i tre med b\u00f8yler Mouse - Babylove Norska\",\"isPartOf\":{\"@id\":\"https:\/\/babylove.se\/no\/#website\"},\"primaryImageOfPage\":{\"@id\":\"https:\/\/babylove.se\/no\/produkt\/maileg-garderobe-i-tre-med-boyler-mouse\/#primaryimage\"},\"image\":{\"@id\":\"https:\/\/babylove.se\/no\/produkt\/maileg-garderobe-i-tre-med-boyler-mouse\/#primaryimage\"},\"thumbnailUrl\":\"https:\/\/babylove.se\/no\/wp-content\/uploads\/sites\/3\/2025\/07\/62139c511edfa.png\",\"datePublished\":\"2025-07-18T23:35:54+00:00\",\"dateModified\":\"2026-04-08T11:02:55+00:00\",\"breadcrumb\":{\"@id\":\"https:\/\/babylove.se\/no\/produkt\/maileg-garderobe-i-tre-med-boyler-mouse\/#breadcrumb\"},\"inLanguage\":\"nb-NO\",\"potentialAction\":[{\"@type\":\"ReadAction\",\"target\":[\"https:\/\/babylove.se\/no\/produkt\/maileg-garderobe-i-tre-med-boyler-mouse\/\"]}]},{\"@type\":\"ImageObject\",\"inLanguage\":\"nb-NO\",\"@id\":\"https:\/\/babylove.se\/no\/produkt\/maileg-garderobe-i-tre-med-boyler-mouse\/#primaryimage\",\"url\":\"https:\/\/babylove.se\/no\/wp-content\/uploads\/sites\/3\/2025\/07\/62139c511edfa.png\",\"contentUrl\":\"https:\/\/babylove.se\/no\/wp-content\/uploads\/sites\/3\/2025\/07\/62139c511edfa.png\",\"width\":675,\"height\":563},{\"@type\":\"BreadcrumbList\",\"@id\":\"https:\/\/babylove.se\/no\/produkt\/maileg-garderobe-i-tre-med-boyler-mouse\/#breadcrumb\",\"itemListElement\":[{\"@type\":\"ListItem\",\"position\":1,\"name\":\"Hem\",\"item\":\"https:\/\/babylove.se\/no\/\"},{\"@type\":\"ListItem\",\"position\":2,\"name\":\"Butik\",\"item\":\"https:\/\/babylove.se\/no\/butik\/\"},{\"@type\":\"ListItem\",\"position\":3,\"name\":\"Maileg, Garderobe i tre med b\u00f8yler Mouse\"}]},{\"@type\":\"WebSite\",\"@id\":\"https:\/\/babylove.se\/no\/#website\",\"url\":\"https:\/\/babylove.se\/no\/\",\"name\":\"Babylove Norska\",\"description\":\"\",\"potentialAction\":[{\"@type\":\"SearchAction\",\"target\":{\"@type\":\"EntryPoint\",\"urlTemplate\":\"https:\/\/babylove.se\/no\/?s={search_term_string}\"},\"query-input\":{\"@type\":\"PropertyValueSpecification\",\"valueRequired\":true,\"valueName\":\"search_term_string\"}}],\"inLanguage\":\"nb-NO\"}]}<\/script>\n<meta property=\"product:brand\" content=\"Maileg\" \/>\n<meta property=\"product:price:amount\" content=\"199.00\" \/>\n<meta property=\"product:price:currency\" content=\"SEK\" \/>\n<meta property=\"og:availability\" content=\"out of stock\" \/>\n<meta property=\"product:availability\" content=\"out of stock\" \/>\n<meta property=\"product:retailer_item_id\" content=\"11-1015-00\" \/>\n<meta property=\"product:condition\" content=\"new\" \/>\n<!-- \/ Yoast SEO Premium plugin. -->","yoast_head_json":{"title":"Maileg, Garderobe i tre med b\u00f8yler Mouse - Babylove Norska","robots":{"index":"noindex","follow":"follow","max-snippet":"max-snippet:-1","max-image-preview":"max-image-preview:large","max-video-preview":"max-video-preview:-1"},"og_locale":"nb_NO","og_type":"article","og_title":"Maileg, Garderobe i tre med b\u00f8yler Mouse","og_description":"Hvem vil ikke ha dette fine tregarderobeskap med tre gylne b\u00f8yler til \u00e5 henge de sm\u00e5 dukkekl\u00e6rne som finnes hjemme. Til dukkehuset eller hvorfor ikke p\u00e5 en fin hylle, s\u00e5 har dere n\u00e5 sjansen med denne fantastiske dukkehusm\u00f8belen fra det popul\u00e6re selskapet Maileg. Alder: Fra 3 \u00e5r. M\u00e5l: 16 x 7 cm Materiale: Tre Designer: [&hellip;]","og_url":"https:\/\/babylove.se\/no\/produkt\/maileg-garderobe-i-tre-med-boyler-mouse\/","og_site_name":"Babylove Norska","article_modified_time":"2026-04-08T11:02:55+00:00","og_image":[{"width":675,"height":563,"url":"https:\/\/babylove.se\/no\/wp-content\/uploads\/sites\/3\/2025\/07\/62139c511edfa.png","type":"image\/png"}],"twitter_card":"summary_large_image","twitter_misc":{"Price":"199,00&nbsp;&#107;&#114;","Availability":"Out of stock"},"schema":{"@context":"https:\/\/schema.org","@graph":[{"@type":"WebPage","@id":"https:\/\/babylove.se\/no\/produkt\/maileg-garderobe-i-tre-med-boyler-mouse\/","url":"https:\/\/babylove.se\/no\/produkt\/maileg-garderobe-i-tre-med-boyler-mouse\/","name":"Maileg, Garderobe i tre med b\u00f8yler Mouse - Babylove Norska","isPartOf":{"@id":"https:\/\/babylove.se\/no\/#website"},"primaryImageOfPage":{"@id":"https:\/\/babylove.se\/no\/produkt\/maileg-garderobe-i-tre-med-boyler-mouse\/#primaryimage"},"image":{"@id":"https:\/\/babylove.se\/no\/produkt\/maileg-garderobe-i-tre-med-boyler-mouse\/#primaryimage"},"thumbnailUrl":"https:\/\/babylove.se\/no\/wp-content\/uploads\/sites\/3\/2025\/07\/62139c511edfa.png","datePublished":"2025-07-18T23:35:54+00:00","dateModified":"2026-04-08T11:02:55+00:00","breadcrumb":{"@id":"https:\/\/babylove.se\/no\/produkt\/maileg-garderobe-i-tre-med-boyler-mouse\/#breadcrumb"},"inLanguage":"nb-NO","potentialAction":[{"@type":"ReadAction","target":["https:\/\/babylove.se\/no\/produkt\/maileg-garderobe-i-tre-med-boyler-mouse\/"]}]},{"@type":"ImageObject","inLanguage":"nb-NO","@id":"https:\/\/babylove.se\/no\/produkt\/maileg-garderobe-i-tre-med-boyler-mouse\/#primaryimage","url":"https:\/\/babylove.se\/no\/wp-content\/uploads\/sites\/3\/2025\/07\/62139c511edfa.png","contentUrl":"https:\/\/babylove.se\/no\/wp-content\/uploads\/sites\/3\/2025\/07\/62139c511edfa.png","width":675,"height":563},{"@type":"BreadcrumbList","@id":"https:\/\/babylove.se\/no\/produkt\/maileg-garderobe-i-tre-med-boyler-mouse\/#breadcrumb","itemListElement":[{"@type":"ListItem","position":1,"name":"Hem","item":"https:\/\/babylove.se\/no\/"},{"@type":"ListItem","position":2,"name":"Butik","item":"https:\/\/babylove.se\/no\/butik\/"},{"@type":"ListItem","position":3,"name":"Maileg, Garderobe i tre med b\u00f8yler Mouse"}]},{"@type":"WebSite","@id":"https:\/\/babylove.se\/no\/#website","url":"https:\/\/babylove.se\/no\/","name":"Babylove Norska","description":"","potentialAction":[{"@type":"SearchAction","target":{"@type":"EntryPoint","urlTemplate":"https:\/\/babylove.se\/no\/?s={search_term_string}"},"query-input":{"@type":"PropertyValueSpecification","valueRequired":true,"valueName":"search_term_string"}}],"inLanguage":"nb-NO"}]},"product_brand":"Maileg","product_price_amount":"199.00","product_price_currency":"SEK","og_availability":"out of stock","product_availability":"out of stock","product_retailer_item_id":"11-1015-00","product_condition":"new"},"_links":{"self":[{"href":"https:\/\/babylove.se\/no\/wp-json\/wp\/v2\/product\/32681","targetHints":{"allow":["GET"]}}],"collection":[{"href":"https:\/\/babylove.se\/no\/wp-json\/wp\/v2\/product"}],"about":[{"href":"https:\/\/babylove.se\/no\/wp-json\/wp\/v2\/types\/product"}],"replies":[{"embeddable":true,"href":"https:\/\/babylove.se\/no\/wp-json\/wp\/v2\/comments?post=32681"}],"wp:featuredmedia":[{"embeddable":true,"href":"https:\/\/babylove.se\/no\/wp-json\/wp\/v2\/media\/32683"}],"wp:attachment":[{"href":"https:\/\/babylove.se\/no\/wp-json\/wp\/v2\/media?parent=32681"}],"wp:term":[{"taxonomy":"product_brand","embeddable":true,"href":"https:\/\/babylove.se\/no\/wp-json\/wp\/v2\/product_brand?post=32681"},{"taxonomy":"product_cat","embeddable":true,"href":"https:\/\/babylove.se\/no\/wp-json\/wp\/v2\/product_cat?post=32681"},{"taxonomy":"product_tag","embeddable":true,"href":"https:\/\/babylove.se\/no\/wp-json\/wp\/v2\/product_tag?post=32681"}],"curies":[{"name":"wp","href":"https:\/\/api.w.org\/{rel}","templated":true}]}}