{"id":32685,"date":"2025-07-19T00:35:54","date_gmt":"2025-07-18T23:35:54","guid":{"rendered":"https:\/\/babylove.se\/produkt\/maileg-babyrum-micro\/"},"modified":"2026-04-08T12:02:58","modified_gmt":"2026-04-08T11:02:58","slug":"maileg-babyrom-micro","status":"publish","type":"product","link":"https:\/\/babylove.se\/no\/produkt\/maileg-babyrom-micro\/","title":{"rendered":"Maileg, Babyrom micro"},"content":{"rendered":"<p>Dette barnerommet fra danske Maileg har alt som den minste i dukkehuset trenger for \u00e5 sove godt! \\n \\nMed barnerommet f\u00f8lger det ogs\u00e5 med en mikrokanin, en babydress, en t\u00e5teflaske og en ball. Ikke glem \u00e5 lese en godnattsaga f\u00f8r leggetid! \\n \\nAlder: Fra 3 \u00e5r. \\n \\n<strong>M\u00e5l<\/strong>: 15 x 17 cm \\n \\n<strong>Materiale<\/strong>: Resirkulert polyester \\n \\nDesigner: <a href=\"https:\/\/babylove.se\/varumarken\/maileg\">Maileg<\/a><\/p>\n","protected":false},"excerpt":{"rendered":"<p>Dette barnerommet fra danske Maileg har alt som den minste i dukkehuset trenger for \u00e5 sove godt! \\n \\nMed barnerommet f\u00f8lger det ogs\u00e5 med en mikrokanin, en babydress, en t\u00e5teflaske og en ball. Ikke glem \u00e5 lese en godnattsaga f\u00f8r leggetid! \\n \\nAlder: Fra 3 \u00e5r. \\n \\nM\u00e5l: 15 x 17 cm \\n \\nMateriale: Resirkulert [&hellip;]<\/p>\n","protected":false},"featured_media":32687,"comment_status":"closed","ping_status":"closed","template":"","meta":{"_acf_changed":false},"product_brand":[662],"product_cat":[69,182,72,68,663],"product_tag":[],"class_list":{"0":"post-32685","1":"product","2":"type-product","3":"status-publish","4":"has-post-thumbnail","6":"product_brand-maileg","7":"product_cat-dukker-tilbehoer","8":"product_cat-dockhusmobler","9":"product_cat-julegaver","10":"product_cat-leker","11":"product_cat-maileg","13":"first","14":"outofstock","15":"taxable","16":"shipping-taxable","17":"purchasable","18":"product-type-simple"},"acf":[],"yoast_head":"<!-- This site is optimized with the Yoast SEO Premium plugin v25.8 (Yoast SEO v27.2) - https:\/\/yoast.com\/product\/yoast-seo-premium-wordpress\/ -->\n<title>Maileg, Babyrom micro - Babylove Norska<\/title>\n<meta name=\"robots\" content=\"noindex, follow, max-snippet:-1, max-image-preview:large, max-video-preview:-1\" \/>\n<meta property=\"og:locale\" content=\"nb_NO\" \/>\n<meta property=\"og:type\" content=\"article\" \/>\n<meta property=\"og:title\" content=\"Maileg, Babyrom micro\" \/>\n<meta property=\"og:description\" content=\"Dette barnerommet fra danske Maileg har alt som den minste i dukkehuset trenger for \u00e5 sove godt! n nMed barnerommet f\u00f8lger det ogs\u00e5 med en mikrokanin, en babydress, en t\u00e5teflaske og en ball. Ikke glem \u00e5 lese en godnattsaga f\u00f8r leggetid! n nAlder: Fra 3 \u00e5r. n nM\u00e5l: 15 x 17 cm n nMateriale: Resirkulert [&hellip;]\" \/>\n<meta property=\"og:url\" content=\"https:\/\/babylove.se\/no\/produkt\/maileg-babyrom-micro\/\" \/>\n<meta property=\"og:site_name\" content=\"Babylove Norska\" \/>\n<meta property=\"article:modified_time\" content=\"2026-04-08T11:02:58+00:00\" \/>\n<meta property=\"og:image\" content=\"https:\/\/babylove.se\/no\/wp-content\/uploads\/sites\/3\/2025\/07\/62139dd630763.png\" \/>\n\t<meta property=\"og:image:width\" content=\"574\" \/>\n\t<meta property=\"og:image:height\" content=\"479\" \/>\n\t<meta property=\"og:image:type\" content=\"image\/png\" \/>\n<meta name=\"twitter:card\" content=\"summary_large_image\" \/>\n<meta name=\"twitter:label1\" content=\"Price\" \/>\n\t<meta name=\"twitter:data1\" content=\"499,00&nbsp;&#107;&#114;\" \/>\n\t<meta name=\"twitter:label2\" content=\"Availability\" \/>\n\t<meta name=\"twitter:data2\" content=\"Out of stock\" \/>\n<script type=\"application\/ld+json\" class=\"yoast-schema-graph\">{\"@context\":\"https:\/\/schema.org\",\"@graph\":[{\"@type\":\"WebPage\",\"@id\":\"https:\/\/babylove.se\/no\/produkt\/maileg-babyrom-micro\/\",\"url\":\"https:\/\/babylove.se\/no\/produkt\/maileg-babyrom-micro\/\",\"name\":\"Maileg, Babyrom micro - Babylove Norska\",\"isPartOf\":{\"@id\":\"https:\/\/babylove.se\/no\/#website\"},\"primaryImageOfPage\":{\"@id\":\"https:\/\/babylove.se\/no\/produkt\/maileg-babyrom-micro\/#primaryimage\"},\"image\":{\"@id\":\"https:\/\/babylove.se\/no\/produkt\/maileg-babyrom-micro\/#primaryimage\"},\"thumbnailUrl\":\"https:\/\/babylove.se\/no\/wp-content\/uploads\/sites\/3\/2025\/07\/62139dd630763.png\",\"datePublished\":\"2025-07-18T23:35:54+00:00\",\"dateModified\":\"2026-04-08T11:02:58+00:00\",\"breadcrumb\":{\"@id\":\"https:\/\/babylove.se\/no\/produkt\/maileg-babyrom-micro\/#breadcrumb\"},\"inLanguage\":\"nb-NO\",\"potentialAction\":[{\"@type\":\"ReadAction\",\"target\":[\"https:\/\/babylove.se\/no\/produkt\/maileg-babyrom-micro\/\"]}]},{\"@type\":\"ImageObject\",\"inLanguage\":\"nb-NO\",\"@id\":\"https:\/\/babylove.se\/no\/produkt\/maileg-babyrom-micro\/#primaryimage\",\"url\":\"https:\/\/babylove.se\/no\/wp-content\/uploads\/sites\/3\/2025\/07\/62139dd630763.png\",\"contentUrl\":\"https:\/\/babylove.se\/no\/wp-content\/uploads\/sites\/3\/2025\/07\/62139dd630763.png\",\"width\":574,\"height\":479},{\"@type\":\"BreadcrumbList\",\"@id\":\"https:\/\/babylove.se\/no\/produkt\/maileg-babyrom-micro\/#breadcrumb\",\"itemListElement\":[{\"@type\":\"ListItem\",\"position\":1,\"name\":\"Hem\",\"item\":\"https:\/\/babylove.se\/no\/\"},{\"@type\":\"ListItem\",\"position\":2,\"name\":\"Butik\",\"item\":\"https:\/\/babylove.se\/no\/butik\/\"},{\"@type\":\"ListItem\",\"position\":3,\"name\":\"Maileg, Babyrom micro\"}]},{\"@type\":\"WebSite\",\"@id\":\"https:\/\/babylove.se\/no\/#website\",\"url\":\"https:\/\/babylove.se\/no\/\",\"name\":\"Babylove Norska\",\"description\":\"\",\"potentialAction\":[{\"@type\":\"SearchAction\",\"target\":{\"@type\":\"EntryPoint\",\"urlTemplate\":\"https:\/\/babylove.se\/no\/?s={search_term_string}\"},\"query-input\":{\"@type\":\"PropertyValueSpecification\",\"valueRequired\":true,\"valueName\":\"search_term_string\"}}],\"inLanguage\":\"nb-NO\"}]}<\/script>\n<meta property=\"product:brand\" content=\"Maileg\" \/>\n<meta property=\"product:price:amount\" content=\"499.00\" \/>\n<meta property=\"product:price:currency\" content=\"SEK\" \/>\n<meta property=\"og:availability\" content=\"out of stock\" \/>\n<meta property=\"product:availability\" content=\"out of stock\" \/>\n<meta property=\"product:retailer_item_id\" content=\"16-1021-01\" \/>\n<meta property=\"product:condition\" content=\"new\" \/>\n<!-- \/ Yoast SEO Premium plugin. -->","yoast_head_json":{"title":"Maileg, Babyrom micro - Babylove Norska","robots":{"index":"noindex","follow":"follow","max-snippet":"max-snippet:-1","max-image-preview":"max-image-preview:large","max-video-preview":"max-video-preview:-1"},"og_locale":"nb_NO","og_type":"article","og_title":"Maileg, Babyrom micro","og_description":"Dette barnerommet fra danske Maileg har alt som den minste i dukkehuset trenger for \u00e5 sove godt! n nMed barnerommet f\u00f8lger det ogs\u00e5 med en mikrokanin, en babydress, en t\u00e5teflaske og en ball. Ikke glem \u00e5 lese en godnattsaga f\u00f8r leggetid! n nAlder: Fra 3 \u00e5r. n nM\u00e5l: 15 x 17 cm n nMateriale: Resirkulert [&hellip;]","og_url":"https:\/\/babylove.se\/no\/produkt\/maileg-babyrom-micro\/","og_site_name":"Babylove Norska","article_modified_time":"2026-04-08T11:02:58+00:00","og_image":[{"width":574,"height":479,"url":"https:\/\/babylove.se\/no\/wp-content\/uploads\/sites\/3\/2025\/07\/62139dd630763.png","type":"image\/png"}],"twitter_card":"summary_large_image","twitter_misc":{"Price":"499,00&nbsp;&#107;&#114;","Availability":"Out of stock"},"schema":{"@context":"https:\/\/schema.org","@graph":[{"@type":"WebPage","@id":"https:\/\/babylove.se\/no\/produkt\/maileg-babyrom-micro\/","url":"https:\/\/babylove.se\/no\/produkt\/maileg-babyrom-micro\/","name":"Maileg, Babyrom micro - Babylove Norska","isPartOf":{"@id":"https:\/\/babylove.se\/no\/#website"},"primaryImageOfPage":{"@id":"https:\/\/babylove.se\/no\/produkt\/maileg-babyrom-micro\/#primaryimage"},"image":{"@id":"https:\/\/babylove.se\/no\/produkt\/maileg-babyrom-micro\/#primaryimage"},"thumbnailUrl":"https:\/\/babylove.se\/no\/wp-content\/uploads\/sites\/3\/2025\/07\/62139dd630763.png","datePublished":"2025-07-18T23:35:54+00:00","dateModified":"2026-04-08T11:02:58+00:00","breadcrumb":{"@id":"https:\/\/babylove.se\/no\/produkt\/maileg-babyrom-micro\/#breadcrumb"},"inLanguage":"nb-NO","potentialAction":[{"@type":"ReadAction","target":["https:\/\/babylove.se\/no\/produkt\/maileg-babyrom-micro\/"]}]},{"@type":"ImageObject","inLanguage":"nb-NO","@id":"https:\/\/babylove.se\/no\/produkt\/maileg-babyrom-micro\/#primaryimage","url":"https:\/\/babylove.se\/no\/wp-content\/uploads\/sites\/3\/2025\/07\/62139dd630763.png","contentUrl":"https:\/\/babylove.se\/no\/wp-content\/uploads\/sites\/3\/2025\/07\/62139dd630763.png","width":574,"height":479},{"@type":"BreadcrumbList","@id":"https:\/\/babylove.se\/no\/produkt\/maileg-babyrom-micro\/#breadcrumb","itemListElement":[{"@type":"ListItem","position":1,"name":"Hem","item":"https:\/\/babylove.se\/no\/"},{"@type":"ListItem","position":2,"name":"Butik","item":"https:\/\/babylove.se\/no\/butik\/"},{"@type":"ListItem","position":3,"name":"Maileg, Babyrom micro"}]},{"@type":"WebSite","@id":"https:\/\/babylove.se\/no\/#website","url":"https:\/\/babylove.se\/no\/","name":"Babylove Norska","description":"","potentialAction":[{"@type":"SearchAction","target":{"@type":"EntryPoint","urlTemplate":"https:\/\/babylove.se\/no\/?s={search_term_string}"},"query-input":{"@type":"PropertyValueSpecification","valueRequired":true,"valueName":"search_term_string"}}],"inLanguage":"nb-NO"}]},"product_brand":"Maileg","product_price_amount":"499.00","product_price_currency":"SEK","og_availability":"out of stock","product_availability":"out of stock","product_retailer_item_id":"16-1021-01","product_condition":"new"},"_links":{"self":[{"href":"https:\/\/babylove.se\/no\/wp-json\/wp\/v2\/product\/32685","targetHints":{"allow":["GET"]}}],"collection":[{"href":"https:\/\/babylove.se\/no\/wp-json\/wp\/v2\/product"}],"about":[{"href":"https:\/\/babylove.se\/no\/wp-json\/wp\/v2\/types\/product"}],"replies":[{"embeddable":true,"href":"https:\/\/babylove.se\/no\/wp-json\/wp\/v2\/comments?post=32685"}],"wp:featuredmedia":[{"embeddable":true,"href":"https:\/\/babylove.se\/no\/wp-json\/wp\/v2\/media\/32687"}],"wp:attachment":[{"href":"https:\/\/babylove.se\/no\/wp-json\/wp\/v2\/media?parent=32685"}],"wp:term":[{"taxonomy":"product_brand","embeddable":true,"href":"https:\/\/babylove.se\/no\/wp-json\/wp\/v2\/product_brand?post=32685"},{"taxonomy":"product_cat","embeddable":true,"href":"https:\/\/babylove.se\/no\/wp-json\/wp\/v2\/product_cat?post=32685"},{"taxonomy":"product_tag","embeddable":true,"href":"https:\/\/babylove.se\/no\/wp-json\/wp\/v2\/product_tag?post=32685"}],"curies":[{"name":"wp","href":"https:\/\/api.w.org\/{rel}","templated":true}]}}