{"id":3269,"date":"2025-07-18T20:14:19","date_gmt":"2025-07-18T19:14:19","guid":{"rendered":"https:\/\/babylove.se\/produkt\/vaggklistermarke-varldskarta-mint-dekornik\/"},"modified":"2026-04-08T07:58:45","modified_gmt":"2026-04-08T06:58:45","slug":"veggklistremerke-verdenskart-mint-dekornik","status":"publish","type":"product","link":"https:\/\/babylove.se\/no\/produkt\/veggklistremerke-verdenskart-mint-dekornik\/","title":{"rendered":"Dekornik, Veggklistremerke verdenskart mint"},"content":{"rendered":"<p>Dette verdenskartet i form av en stor, fargerik og l\u00e6rerik veggdekorasjon, vil bli barnas absolutte favoritt blant all din barneroms-innredning. Ditt barn kan utforske b\u00e5de kontinenter, og hvor forskjellige typer dyr lever.&nbsp;<\/p>\n<p>Dette veggkartet har vunnet den prestisjetunge prisen &#8220;Consumer Awards&#8221; p\u00e5 messen &#8220;Kind + Jugend Expo 2016&#8221;, i Tyskland.<\/p>\n<p>Kartet er trykt p\u00e5 en spesiell tilpasningsbar film. Veggklistremerkkene er enkle \u00e5 holde rene, takket v\u00e6re en beskyttende overflate er de enkle \u00e5 vaske med en fuktig klut.&nbsp;<\/p>\n<p>Selve kartet b\u00f8r settes opp av foreldrene, mens alt tilbeh\u00f8ret enkelt kan festes av barnet selv, s\u00e5 alle kan v\u00e6re delaktige i monteringen.<\/p>\n<p><strong>Kartet kommer i to st\u00f8rrelser:<\/strong><\/p>\n<p><strong>S:<\/strong> 120&#215;70 cm&nbsp;<\/p>\n<p><strong>M:<\/strong> 165 x 100 cm&nbsp;<\/p>\n<p>Hvordan skal man da velge riktig kart?<\/p>\n<p>Det mindre er perfekt for \u00e5 dekorere over sengen eller p\u00e5 veggen foran skrivebordet, Det store passer best p\u00e5 tomme vegger med mye plass da de er en fantastisk innredningsdetalj som gir karakter til hele barnerommet.<\/p>\n<p>Designer: <a href=\"https:\/\/babylove.se\/varumarken\/dekornik\"><u>Dekornik<\/u><\/a><\/p>\n<p><u>Obs! klistremerkkene er ikke egnet for vegger med en grov overflate eller hvis de er malt med lateksfarge eller tapetsert.<\/u><\/p>\n","protected":false},"excerpt":{"rendered":"<p>Dette verdenskartet i form av en stor, fargerik og l\u00e6rerik veggdekorasjon, vil bli barnas absolutte favoritt blant all din barneroms-innredning. Ditt barn kan utforske b\u00e5de kontinenter, og hvor forskjellige typer dyr lever.&nbsp; Dette veggkartet har vunnet den prestisjetunge prisen &#8220;Consumer Awards&#8221; p\u00e5 messen &#8220;Kind + Jugend Expo 2016&#8221;, i Tyskland. Kartet er trykt p\u00e5 en [&hellip;]<\/p>\n","protected":false},"featured_media":3271,"comment_status":"closed","ping_status":"open","template":"","meta":{"_acf_changed":false},"product_brand":[190],"product_cat":[191,26,25,29,24,83],"product_tag":[1689],"class_list":{"0":"post-3269","1":"product","2":"type-product","3":"status-publish","4":"has-post-thumbnail","6":"product_brand-dekornik","7":"product_cat-dekornik","8":"product_cat-kjop-produkter-som-ikke-bare-er-for-gutter","9":"product_cat-ikke-bare-jenter","10":"product_cat-veggdekorasjoner","11":"product_cat-veggklistremerker","12":"product_cat-veggklistremerker-barnerom","13":"product_tag-bestillingsvaror","14":"pa_storlek-m-165-x-100-cm","15":"pa_storlek-s-120-x-70-cm","17":"first","18":"instock","19":"taxable","20":"shipping-taxable","21":"purchasable","22":"product-type-variable"},"acf":[],"yoast_head":"<!-- This site is optimized with the Yoast SEO Premium plugin v25.8 (Yoast SEO v27.2) - https:\/\/yoast.com\/product\/yoast-seo-premium-wordpress\/ -->\n<title>Dekornik, Veggklistremerke verdenskart mint - Babylove Norska<\/title>\n<meta name=\"description\" content=\"Denna v\u00e4rldskarta i form av en stor, f\u00e4rgglad och utbildande v\u00e4ggdekoration, kommer att bli barnens absoluta favorit bland all din barnrumsinredning.\" \/>\n<meta name=\"robots\" content=\"noindex, follow, max-snippet:-1, max-image-preview:large, max-video-preview:-1\" \/>\n<meta property=\"og:locale\" content=\"nb_NO\" \/>\n<meta property=\"og:type\" content=\"article\" \/>\n<meta property=\"og:title\" content=\"Dekornik, Veggklistremerke verdenskart mint\" \/>\n<meta property=\"og:description\" content=\"Denna v\u00e4rldskarta i form av en stor, f\u00e4rgglad och utbildande v\u00e4ggdekoration, kommer att bli barnens absoluta favorit bland all din barnrumsinredning.\" \/>\n<meta property=\"og:url\" content=\"https:\/\/babylove.se\/no\/produkt\/veggklistremerke-verdenskart-mint-dekornik\/\" \/>\n<meta property=\"og:site_name\" content=\"Babylove Norska\" \/>\n<meta property=\"article:modified_time\" content=\"2026-04-08T06:58:45+00:00\" \/>\n<meta property=\"og:image\" content=\"https:\/\/babylove.se\/no\/wp-content\/uploads\/sites\/3\/2025\/07\/593a75070b43e.jpeg\" \/>\n\t<meta property=\"og:image:width\" content=\"750\" \/>\n\t<meta property=\"og:image:height\" content=\"750\" \/>\n\t<meta property=\"og:image:type\" content=\"image\/jpeg\" \/>\n<meta name=\"twitter:card\" content=\"summary_large_image\" \/>\n<meta name=\"twitter:label1\" content=\"Availability\" \/>\n\t<meta name=\"twitter:data1\" content=\"In stock\" \/>\n<script type=\"application\/ld+json\" class=\"yoast-schema-graph\">{\"@context\":\"https:\/\/schema.org\",\"@graph\":[{\"@type\":\"WebPage\",\"@id\":\"https:\/\/babylove.se\/no\/produkt\/veggklistremerke-verdenskart-mint-dekornik\/\",\"url\":\"https:\/\/babylove.se\/no\/produkt\/veggklistremerke-verdenskart-mint-dekornik\/\",\"name\":\"Dekornik, Veggklistremerke verdenskart mint - Babylove Norska\",\"isPartOf\":{\"@id\":\"https:\/\/babylove.se\/no\/#website\"},\"primaryImageOfPage\":{\"@id\":\"https:\/\/babylove.se\/no\/produkt\/veggklistremerke-verdenskart-mint-dekornik\/#primaryimage\"},\"image\":{\"@id\":\"https:\/\/babylove.se\/no\/produkt\/veggklistremerke-verdenskart-mint-dekornik\/#primaryimage\"},\"thumbnailUrl\":\"https:\/\/babylove.se\/no\/wp-content\/uploads\/sites\/3\/2025\/07\/593a75070b43e.jpeg\",\"datePublished\":\"2025-07-18T19:14:19+00:00\",\"dateModified\":\"2026-04-08T06:58:45+00:00\",\"description\":\"Denna v\u00e4rldskarta i form av en stor, f\u00e4rgglad och utbildande v\u00e4ggdekoration, kommer att bli barnens absoluta favorit bland all din barnrumsinredning.\",\"breadcrumb\":{\"@id\":\"https:\/\/babylove.se\/no\/produkt\/veggklistremerke-verdenskart-mint-dekornik\/#breadcrumb\"},\"inLanguage\":\"nb-NO\",\"potentialAction\":[{\"@type\":\"ReadAction\",\"target\":[\"https:\/\/babylove.se\/no\/produkt\/veggklistremerke-verdenskart-mint-dekornik\/\"]}]},{\"@type\":\"ImageObject\",\"inLanguage\":\"nb-NO\",\"@id\":\"https:\/\/babylove.se\/no\/produkt\/veggklistremerke-verdenskart-mint-dekornik\/#primaryimage\",\"url\":\"https:\/\/babylove.se\/no\/wp-content\/uploads\/sites\/3\/2025\/07\/593a75070b43e.jpeg\",\"contentUrl\":\"https:\/\/babylove.se\/no\/wp-content\/uploads\/sites\/3\/2025\/07\/593a75070b43e.jpeg\",\"width\":750,\"height\":750},{\"@type\":\"BreadcrumbList\",\"@id\":\"https:\/\/babylove.se\/no\/produkt\/veggklistremerke-verdenskart-mint-dekornik\/#breadcrumb\",\"itemListElement\":[{\"@type\":\"ListItem\",\"position\":1,\"name\":\"Hem\",\"item\":\"https:\/\/babylove.se\/no\/\"},{\"@type\":\"ListItem\",\"position\":2,\"name\":\"Butik\",\"item\":\"https:\/\/babylove.se\/no\/butik\/\"},{\"@type\":\"ListItem\",\"position\":3,\"name\":\"Dekornik, Veggklistremerke verdenskart mint\"}]},{\"@type\":\"WebSite\",\"@id\":\"https:\/\/babylove.se\/no\/#website\",\"url\":\"https:\/\/babylove.se\/no\/\",\"name\":\"Babylove Norska\",\"description\":\"\",\"potentialAction\":[{\"@type\":\"SearchAction\",\"target\":{\"@type\":\"EntryPoint\",\"urlTemplate\":\"https:\/\/babylove.se\/no\/?s={search_term_string}\"},\"query-input\":{\"@type\":\"PropertyValueSpecification\",\"valueRequired\":true,\"valueName\":\"search_term_string\"}}],\"inLanguage\":\"nb-NO\"}]}<\/script>\n<meta property=\"product:brand\" content=\"Dekornik\" \/>\n<meta property=\"og:availability\" content=\"instock\" \/>\n<meta property=\"product:availability\" content=\"instock\" \/>\n<meta property=\"product:retailer_item_id\" content=\"DEKO.N.M.002_S\" \/>\n<meta property=\"product:condition\" content=\"new\" \/>\n<!-- \/ Yoast SEO Premium plugin. -->","yoast_head_json":{"title":"Dekornik, Veggklistremerke verdenskart mint - Babylove Norska","description":"Denna v\u00e4rldskarta i form av en stor, f\u00e4rgglad och utbildande v\u00e4ggdekoration, kommer att bli barnens absoluta favorit bland all din barnrumsinredning.","robots":{"index":"noindex","follow":"follow","max-snippet":"max-snippet:-1","max-image-preview":"max-image-preview:large","max-video-preview":"max-video-preview:-1"},"og_locale":"nb_NO","og_type":"article","og_title":"Dekornik, Veggklistremerke verdenskart mint","og_description":"Denna v\u00e4rldskarta i form av en stor, f\u00e4rgglad och utbildande v\u00e4ggdekoration, kommer att bli barnens absoluta favorit bland all din barnrumsinredning.","og_url":"https:\/\/babylove.se\/no\/produkt\/veggklistremerke-verdenskart-mint-dekornik\/","og_site_name":"Babylove Norska","article_modified_time":"2026-04-08T06:58:45+00:00","og_image":[{"width":750,"height":750,"url":"https:\/\/babylove.se\/no\/wp-content\/uploads\/sites\/3\/2025\/07\/593a75070b43e.jpeg","type":"image\/jpeg"}],"twitter_card":"summary_large_image","twitter_misc":{"Availability":"In stock"},"schema":{"@context":"https:\/\/schema.org","@graph":[{"@type":"WebPage","@id":"https:\/\/babylove.se\/no\/produkt\/veggklistremerke-verdenskart-mint-dekornik\/","url":"https:\/\/babylove.se\/no\/produkt\/veggklistremerke-verdenskart-mint-dekornik\/","name":"Dekornik, Veggklistremerke verdenskart mint - Babylove Norska","isPartOf":{"@id":"https:\/\/babylove.se\/no\/#website"},"primaryImageOfPage":{"@id":"https:\/\/babylove.se\/no\/produkt\/veggklistremerke-verdenskart-mint-dekornik\/#primaryimage"},"image":{"@id":"https:\/\/babylove.se\/no\/produkt\/veggklistremerke-verdenskart-mint-dekornik\/#primaryimage"},"thumbnailUrl":"https:\/\/babylove.se\/no\/wp-content\/uploads\/sites\/3\/2025\/07\/593a75070b43e.jpeg","datePublished":"2025-07-18T19:14:19+00:00","dateModified":"2026-04-08T06:58:45+00:00","description":"Denna v\u00e4rldskarta i form av en stor, f\u00e4rgglad och utbildande v\u00e4ggdekoration, kommer att bli barnens absoluta favorit bland all din barnrumsinredning.","breadcrumb":{"@id":"https:\/\/babylove.se\/no\/produkt\/veggklistremerke-verdenskart-mint-dekornik\/#breadcrumb"},"inLanguage":"nb-NO","potentialAction":[{"@type":"ReadAction","target":["https:\/\/babylove.se\/no\/produkt\/veggklistremerke-verdenskart-mint-dekornik\/"]}]},{"@type":"ImageObject","inLanguage":"nb-NO","@id":"https:\/\/babylove.se\/no\/produkt\/veggklistremerke-verdenskart-mint-dekornik\/#primaryimage","url":"https:\/\/babylove.se\/no\/wp-content\/uploads\/sites\/3\/2025\/07\/593a75070b43e.jpeg","contentUrl":"https:\/\/babylove.se\/no\/wp-content\/uploads\/sites\/3\/2025\/07\/593a75070b43e.jpeg","width":750,"height":750},{"@type":"BreadcrumbList","@id":"https:\/\/babylove.se\/no\/produkt\/veggklistremerke-verdenskart-mint-dekornik\/#breadcrumb","itemListElement":[{"@type":"ListItem","position":1,"name":"Hem","item":"https:\/\/babylove.se\/no\/"},{"@type":"ListItem","position":2,"name":"Butik","item":"https:\/\/babylove.se\/no\/butik\/"},{"@type":"ListItem","position":3,"name":"Dekornik, Veggklistremerke verdenskart mint"}]},{"@type":"WebSite","@id":"https:\/\/babylove.se\/no\/#website","url":"https:\/\/babylove.se\/no\/","name":"Babylove Norska","description":"","potentialAction":[{"@type":"SearchAction","target":{"@type":"EntryPoint","urlTemplate":"https:\/\/babylove.se\/no\/?s={search_term_string}"},"query-input":{"@type":"PropertyValueSpecification","valueRequired":true,"valueName":"search_term_string"}}],"inLanguage":"nb-NO"}]},"product_brand":"Dekornik","og_availability":"instock","product_availability":"instock","product_retailer_item_id":"DEKO.N.M.002_S","product_condition":"new"},"_links":{"self":[{"href":"https:\/\/babylove.se\/no\/wp-json\/wp\/v2\/product\/3269","targetHints":{"allow":["GET"]}}],"collection":[{"href":"https:\/\/babylove.se\/no\/wp-json\/wp\/v2\/product"}],"about":[{"href":"https:\/\/babylove.se\/no\/wp-json\/wp\/v2\/types\/product"}],"replies":[{"embeddable":true,"href":"https:\/\/babylove.se\/no\/wp-json\/wp\/v2\/comments?post=3269"}],"wp:featuredmedia":[{"embeddable":true,"href":"https:\/\/babylove.se\/no\/wp-json\/wp\/v2\/media\/3271"}],"wp:attachment":[{"href":"https:\/\/babylove.se\/no\/wp-json\/wp\/v2\/media?parent=3269"}],"wp:term":[{"taxonomy":"product_brand","embeddable":true,"href":"https:\/\/babylove.se\/no\/wp-json\/wp\/v2\/product_brand?post=3269"},{"taxonomy":"product_cat","embeddable":true,"href":"https:\/\/babylove.se\/no\/wp-json\/wp\/v2\/product_cat?post=3269"},{"taxonomy":"product_tag","embeddable":true,"href":"https:\/\/babylove.se\/no\/wp-json\/wp\/v2\/product_tag?post=3269"}],"curies":[{"name":"wp","href":"https:\/\/api.w.org\/{rel}","templated":true}]}}