{"id":32732,"date":"2025-07-19T00:36:33","date_gmt":"2025-07-18T23:36:33","guid":{"rendered":"https:\/\/babylove.se\/produkt\/minko-sang-till-barnrummet-moln\/"},"modified":"2026-04-08T12:03:19","modified_gmt":"2026-04-08T11:03:19","slug":"minko-sang-til-barnerommet-skyer","status":"publish","type":"product","link":"https:\/\/babylove.se\/no\/produkt\/minko-sang-til-barnerommet-skyer\/","title":{"rendered":"Minko, seng til barnerommet- Sky"},"content":{"rendered":"<p>En underbar barneseng med gavl i form av en sky i et deilig skandinavisk design som gir en deilig f\u00f8lelse til barnerommet. Match den smart med \u00f8vrig barneromsinredning for \u00e5 gi en unik f\u00f8lelse.&nbsp;<\/p>\n<ul>\n<li>Finnes i to st\u00f8rrelser: 90 x 180 cm og 120 x 200 cm.<\/li>\n<li>Gavlens h\u00f8yde er cirka 114 cm og du velger selv hvilken farge du \u00f8nsker p\u00e5 gavlen.<\/li>\n<li>Sengens ramme er i stoff og du velger selv hvilken farge du \u00f8nsker p\u00e5 stoffet.&nbsp;<\/li>\n<li>Ribbebunn inng\u00e5r.<\/li>\n<li>Madras inng\u00e5r ikke.<\/li>\n<li>Sengen kommer umontert men er enkel \u00e5 sette sammen.&nbsp;<\/li>\n<li>Sertifisert furutre som oppfyller alle sikkerhetskrav.<\/li>\n<\/ul>\n","protected":false},"excerpt":{"rendered":"<p>En underbar barneseng med gavl i form av en sky i et deilig skandinavisk design som gir en deilig f\u00f8lelse til barnerommet. Match den smart med \u00f8vrig barneromsinredning for \u00e5 gi en unik f\u00f8lelse.&nbsp; Finnes i to st\u00f8rrelser: 90 x 180 cm og 120 x 200 cm. Gavlens h\u00f8yde er cirka 114 cm og du [&hellip;]<\/p>\n","protected":false},"featured_media":32734,"comment_status":"closed","ping_status":"open","template":"","meta":{"_acf_changed":false},"product_brand":[],"product_cat":[269,1094,40],"product_tag":[],"class_list":{"0":"post-32732","1":"product","2":"type-product","3":"status-publish","4":"has-post-thumbnail","6":"product_cat-juniorsenger","7":"product_cat-minko","8":"product_cat-soverom-barn","9":"pa_storlek-120x200cm","10":"pa_storlek-90x180cm","11":"pa_storlek-90x200cm","13":"first","14":"outofstock","15":"taxable","16":"shipping-taxable","17":"purchasable","18":"product-type-variable"},"acf":[],"yoast_head":"<!-- This site is optimized with the Yoast SEO Premium plugin v25.8 (Yoast SEO v27.2) - https:\/\/yoast.com\/product\/yoast-seo-premium-wordpress\/ -->\n<title>Molns\u00e4ng till barnrummet - FRI FRAKT<\/title>\n<meta name=\"description\" content=\"Underbar molns\u00e4ng till barnrummet, i certifierat pinjetr\u00e4 med superfina detaljer. Klarna faktura - Fri Frakt - V\u00e4lkommen till Babylove.se\" \/>\n<meta name=\"robots\" content=\"noindex, follow, max-snippet:-1, max-image-preview:large, max-video-preview:-1\" \/>\n<meta property=\"og:locale\" content=\"nb_NO\" \/>\n<meta property=\"og:type\" content=\"article\" \/>\n<meta property=\"og:title\" content=\"Minko, seng til barnerommet- Sky\" \/>\n<meta property=\"og:description\" content=\"Underbar molns\u00e4ng till barnrummet, i certifierat pinjetr\u00e4 med superfina detaljer. Klarna faktura - Fri Frakt - V\u00e4lkommen till Babylove.se\" \/>\n<meta property=\"og:url\" content=\"https:\/\/babylove.se\/no\/produkt\/minko-sang-til-barnerommet-skyer\/\" \/>\n<meta property=\"og:site_name\" content=\"Babylove Norska\" \/>\n<meta property=\"article:modified_time\" content=\"2026-04-08T11:03:19+00:00\" \/>\n<meta property=\"og:image\" content=\"https:\/\/babylove.se\/no\/wp-content\/uploads\/sites\/3\/2025\/07\/6214fd8ae5314.png\" \/>\n\t<meta property=\"og:image:width\" content=\"1125\" \/>\n\t<meta property=\"og:image:height\" content=\"1688\" \/>\n\t<meta property=\"og:image:type\" content=\"image\/png\" \/>\n<meta name=\"twitter:card\" content=\"summary_large_image\" \/>\n<meta name=\"twitter:label1\" content=\"Availability\" \/>\n\t<meta name=\"twitter:data1\" content=\"Out of stock\" \/>\n<script type=\"application\/ld+json\" class=\"yoast-schema-graph\">{\"@context\":\"https:\/\/schema.org\",\"@graph\":[{\"@type\":\"WebPage\",\"@id\":\"https:\/\/babylove.se\/no\/produkt\/minko-sang-til-barnerommet-skyer\/\",\"url\":\"https:\/\/babylove.se\/no\/produkt\/minko-sang-til-barnerommet-skyer\/\",\"name\":\"Molns\u00e4ng till barnrummet - FRI FRAKT\",\"isPartOf\":{\"@id\":\"https:\/\/babylove.se\/no\/#website\"},\"primaryImageOfPage\":{\"@id\":\"https:\/\/babylove.se\/no\/produkt\/minko-sang-til-barnerommet-skyer\/#primaryimage\"},\"image\":{\"@id\":\"https:\/\/babylove.se\/no\/produkt\/minko-sang-til-barnerommet-skyer\/#primaryimage\"},\"thumbnailUrl\":\"https:\/\/babylove.se\/no\/wp-content\/uploads\/sites\/3\/2025\/07\/6214fd8ae5314.png\",\"datePublished\":\"2025-07-18T23:36:33+00:00\",\"dateModified\":\"2026-04-08T11:03:19+00:00\",\"description\":\"Underbar molns\u00e4ng till barnrummet, i certifierat pinjetr\u00e4 med superfina detaljer. Klarna faktura - Fri Frakt - V\u00e4lkommen till Babylove.se\",\"breadcrumb\":{\"@id\":\"https:\/\/babylove.se\/no\/produkt\/minko-sang-til-barnerommet-skyer\/#breadcrumb\"},\"inLanguage\":\"nb-NO\",\"potentialAction\":[{\"@type\":\"ReadAction\",\"target\":[\"https:\/\/babylove.se\/no\/produkt\/minko-sang-til-barnerommet-skyer\/\"]}]},{\"@type\":\"ImageObject\",\"inLanguage\":\"nb-NO\",\"@id\":\"https:\/\/babylove.se\/no\/produkt\/minko-sang-til-barnerommet-skyer\/#primaryimage\",\"url\":\"https:\/\/babylove.se\/no\/wp-content\/uploads\/sites\/3\/2025\/07\/6214fd8ae5314.png\",\"contentUrl\":\"https:\/\/babylove.se\/no\/wp-content\/uploads\/sites\/3\/2025\/07\/6214fd8ae5314.png\",\"width\":1125,\"height\":1688},{\"@type\":\"BreadcrumbList\",\"@id\":\"https:\/\/babylove.se\/no\/produkt\/minko-sang-til-barnerommet-skyer\/#breadcrumb\",\"itemListElement\":[{\"@type\":\"ListItem\",\"position\":1,\"name\":\"Hem\",\"item\":\"https:\/\/babylove.se\/no\/\"},{\"@type\":\"ListItem\",\"position\":2,\"name\":\"Butik\",\"item\":\"https:\/\/babylove.se\/no\/butik\/\"},{\"@type\":\"ListItem\",\"position\":3,\"name\":\"Minko, seng til barnerommet- Sky\"}]},{\"@type\":\"WebSite\",\"@id\":\"https:\/\/babylove.se\/no\/#website\",\"url\":\"https:\/\/babylove.se\/no\/\",\"name\":\"Babylove Norska\",\"description\":\"\",\"potentialAction\":[{\"@type\":\"SearchAction\",\"target\":{\"@type\":\"EntryPoint\",\"urlTemplate\":\"https:\/\/babylove.se\/no\/?s={search_term_string}\"},\"query-input\":{\"@type\":\"PropertyValueSpecification\",\"valueRequired\":true,\"valueName\":\"search_term_string\"}}],\"inLanguage\":\"nb-NO\"}]}<\/script>\n<meta property=\"og:availability\" content=\"out of stock\" \/>\n<meta property=\"product:availability\" content=\"out of stock\" \/>\n<meta property=\"product:retailer_item_id\" content=\"90x180cm\" \/>\n<meta property=\"product:condition\" content=\"new\" \/>\n<!-- \/ Yoast SEO Premium plugin. -->","yoast_head_json":{"title":"Molns\u00e4ng till barnrummet - FRI FRAKT","description":"Underbar molns\u00e4ng till barnrummet, i certifierat pinjetr\u00e4 med superfina detaljer. Klarna faktura - Fri Frakt - V\u00e4lkommen till Babylove.se","robots":{"index":"noindex","follow":"follow","max-snippet":"max-snippet:-1","max-image-preview":"max-image-preview:large","max-video-preview":"max-video-preview:-1"},"og_locale":"nb_NO","og_type":"article","og_title":"Minko, seng til barnerommet- Sky","og_description":"Underbar molns\u00e4ng till barnrummet, i certifierat pinjetr\u00e4 med superfina detaljer. Klarna faktura - Fri Frakt - V\u00e4lkommen till Babylove.se","og_url":"https:\/\/babylove.se\/no\/produkt\/minko-sang-til-barnerommet-skyer\/","og_site_name":"Babylove Norska","article_modified_time":"2026-04-08T11:03:19+00:00","og_image":[{"width":1125,"height":1688,"url":"https:\/\/babylove.se\/no\/wp-content\/uploads\/sites\/3\/2025\/07\/6214fd8ae5314.png","type":"image\/png"}],"twitter_card":"summary_large_image","twitter_misc":{"Availability":"Out of stock"},"schema":{"@context":"https:\/\/schema.org","@graph":[{"@type":"WebPage","@id":"https:\/\/babylove.se\/no\/produkt\/minko-sang-til-barnerommet-skyer\/","url":"https:\/\/babylove.se\/no\/produkt\/minko-sang-til-barnerommet-skyer\/","name":"Molns\u00e4ng till barnrummet - FRI FRAKT","isPartOf":{"@id":"https:\/\/babylove.se\/no\/#website"},"primaryImageOfPage":{"@id":"https:\/\/babylove.se\/no\/produkt\/minko-sang-til-barnerommet-skyer\/#primaryimage"},"image":{"@id":"https:\/\/babylove.se\/no\/produkt\/minko-sang-til-barnerommet-skyer\/#primaryimage"},"thumbnailUrl":"https:\/\/babylove.se\/no\/wp-content\/uploads\/sites\/3\/2025\/07\/6214fd8ae5314.png","datePublished":"2025-07-18T23:36:33+00:00","dateModified":"2026-04-08T11:03:19+00:00","description":"Underbar molns\u00e4ng till barnrummet, i certifierat pinjetr\u00e4 med superfina detaljer. Klarna faktura - Fri Frakt - V\u00e4lkommen till Babylove.se","breadcrumb":{"@id":"https:\/\/babylove.se\/no\/produkt\/minko-sang-til-barnerommet-skyer\/#breadcrumb"},"inLanguage":"nb-NO","potentialAction":[{"@type":"ReadAction","target":["https:\/\/babylove.se\/no\/produkt\/minko-sang-til-barnerommet-skyer\/"]}]},{"@type":"ImageObject","inLanguage":"nb-NO","@id":"https:\/\/babylove.se\/no\/produkt\/minko-sang-til-barnerommet-skyer\/#primaryimage","url":"https:\/\/babylove.se\/no\/wp-content\/uploads\/sites\/3\/2025\/07\/6214fd8ae5314.png","contentUrl":"https:\/\/babylove.se\/no\/wp-content\/uploads\/sites\/3\/2025\/07\/6214fd8ae5314.png","width":1125,"height":1688},{"@type":"BreadcrumbList","@id":"https:\/\/babylove.se\/no\/produkt\/minko-sang-til-barnerommet-skyer\/#breadcrumb","itemListElement":[{"@type":"ListItem","position":1,"name":"Hem","item":"https:\/\/babylove.se\/no\/"},{"@type":"ListItem","position":2,"name":"Butik","item":"https:\/\/babylove.se\/no\/butik\/"},{"@type":"ListItem","position":3,"name":"Minko, seng til barnerommet- Sky"}]},{"@type":"WebSite","@id":"https:\/\/babylove.se\/no\/#website","url":"https:\/\/babylove.se\/no\/","name":"Babylove Norska","description":"","potentialAction":[{"@type":"SearchAction","target":{"@type":"EntryPoint","urlTemplate":"https:\/\/babylove.se\/no\/?s={search_term_string}"},"query-input":{"@type":"PropertyValueSpecification","valueRequired":true,"valueName":"search_term_string"}}],"inLanguage":"nb-NO"}]},"og_availability":"out of stock","product_availability":"out of stock","product_retailer_item_id":"90x180cm","product_condition":"new"},"_links":{"self":[{"href":"https:\/\/babylove.se\/no\/wp-json\/wp\/v2\/product\/32732","targetHints":{"allow":["GET"]}}],"collection":[{"href":"https:\/\/babylove.se\/no\/wp-json\/wp\/v2\/product"}],"about":[{"href":"https:\/\/babylove.se\/no\/wp-json\/wp\/v2\/types\/product"}],"replies":[{"embeddable":true,"href":"https:\/\/babylove.se\/no\/wp-json\/wp\/v2\/comments?post=32732"}],"wp:featuredmedia":[{"embeddable":true,"href":"https:\/\/babylove.se\/no\/wp-json\/wp\/v2\/media\/32734"}],"wp:attachment":[{"href":"https:\/\/babylove.se\/no\/wp-json\/wp\/v2\/media?parent=32732"}],"wp:term":[{"taxonomy":"product_brand","embeddable":true,"href":"https:\/\/babylove.se\/no\/wp-json\/wp\/v2\/product_brand?post=32732"},{"taxonomy":"product_cat","embeddable":true,"href":"https:\/\/babylove.se\/no\/wp-json\/wp\/v2\/product_cat?post=32732"},{"taxonomy":"product_tag","embeddable":true,"href":"https:\/\/babylove.se\/no\/wp-json\/wp\/v2\/product_tag?post=32732"}],"curies":[{"name":"wp","href":"https:\/\/api.w.org\/{rel}","templated":true}]}}