{"id":3278,"date":"2025-07-18T20:14:19","date_gmt":"2025-07-18T19:14:19","guid":{"rendered":"https:\/\/babylove.se\/produkt\/vaggklistermarke-varldskarta-svart-dekornik\/"},"modified":"2026-04-08T07:58:48","modified_gmt":"2026-04-08T06:58:48","slug":"veggklistremerke-verdenskart-svart-dekornik","status":"publish","type":"product","link":"https:\/\/babylove.se\/no\/produkt\/veggklistremerke-verdenskart-svart-dekornik\/","title":{"rendered":"Dekornik, Veggklistremerke verdenskart svart"},"content":{"rendered":"<p>Dette verdenskartet i form av en stor, fargerik og l\u00e6rerik veggdekorasjon, kommer til \u00e5 bli barnas absolutte favoritt blant all din barneroms-innredning. Ditt barn kan utforske b\u00e5de kontinenter, som noen av verdens mest kjente bygninger og hvor forskjellige typer dyr lever. Til hvert kart f\u00f8lger ogs\u00e5 et sett med de st\u00f8rste byene i verden s\u00e5 geografikursen f\u00f8lger med p\u00e5 kj\u00f8pet. \\n \\nDette veggkartet har vunnet den prestisjetunge prisen &#8220;Consumer Awards&#8221; p\u00e5 messen &#8220;Kind + Jugend Expo 2016&#8221;, i Tyskland. \\n \\nKartet er trykt p\u00e5 en spesiell tilpasningsbar film. Veggklistremerker er enkle \u00e5 holde rene, takket v\u00e6re en beskyttende overflate er de enkle \u00e5 vaske med en fuktig klut. Veggklistremerkene sitter godt p\u00e5 veggen, men er samtidig enkle \u00e5 flytte rundt n\u00e5r du \u00f8nsker det, noe som gir dem en lang livssyklus. \\n \\nSelve kartet b\u00f8r settes opp av foreldre, mens alt tilbeh\u00f8r enkelt kan festes av barnet selv, s\u00e5 alle kan v\u00e6re delaktige i monteringen. \\n \\n<strong>Kartet kommer i tre st\u00f8rrelser:<\/strong> \\n \\n<strong>S:<\/strong> 120&#215;70 cm \\n \\n<strong>M:<\/strong> 165&#215;100 cm \\n \\n<strong>L:<\/strong> 180 x 107 cm \\n \\nHvordan skal man da velge rett kart? \\n \\nDe to mindre er perfekte for \u00e5 dekorere over sengen eller p\u00e5 veggen foran skrivebordet. Det st\u00f8rste passer best p\u00e5 tomme vegger med mye plass da de er en fantastisk innredningsdetalj som gir karakter til hele barnerommet. \\n \\nDesigner: <a href=\"https:\/\/babylove.se\/varumarken\/dekornik\"><u>Dekornik<\/u><\/a> \\n \\n<u>Obs! klistremerkene er ikke egnet for vegger med en grov overflate eller hvis de er malt med lateksmaling eller tapetserte.<\/u><\/p>\n","protected":false},"excerpt":{"rendered":"<p>Dette verdenskartet i form av en stor, fargerik og l\u00e6rerik veggdekorasjon, kommer til \u00e5 bli barnas absolutte favoritt blant all din barneroms-innredning. Ditt barn kan utforske b\u00e5de kontinenter, som noen av verdens mest kjente bygninger og hvor forskjellige typer dyr lever. Til hvert kart f\u00f8lger ogs\u00e5 et sett med de st\u00f8rste byene i verden s\u00e5 [&hellip;]<\/p>\n","protected":false},"featured_media":3280,"comment_status":"open","ping_status":"closed","template":"","meta":{"_acf_changed":false},"product_brand":[190],"product_cat":[28,191,26,25,29,24],"product_tag":[1709],"class_list":{"0":"post-3278","1":"product","2":"type-product","3":"status-publish","4":"has-post-thumbnail","6":"product_brand-dekornik","7":"product_cat-sorthvit","8":"product_cat-dekornik","9":"product_cat-kjop-produkter-som-ikke-bare-er-for-gutter","10":"product_cat-ikke-bare-jenter","11":"product_cat-veggdekorasjoner","12":"product_cat-veggklistremerker","13":"product_tag-utforsalg","14":"pa_storlek-l-180-x-107-cm","15":"pa_storlek-m-165-x-100-cm","16":"pa_storlek-s-120-x-70-cm","18":"first","19":"instock","20":"taxable","21":"shipping-taxable","22":"purchasable","23":"product-type-variable"},"acf":[],"yoast_head":"<!-- This site is optimized with the Yoast SEO Premium plugin v25.8 (Yoast SEO v27.2) - https:\/\/yoast.com\/product\/yoast-seo-premium-wordpress\/ -->\n<title>Dekornik, Veggklistremerke verdenskart svart - Babylove Norska<\/title>\n<meta name=\"description\" content=\"Denna v\u00e4rldskarta i form av en stor, f\u00e4rgglad och utbildande v\u00e4ggdekoration, kommer att bli barnens absoluta favorit bland all din barnrumsinredning .\" \/>\n<meta name=\"robots\" content=\"noindex, follow, max-snippet:-1, max-image-preview:large, max-video-preview:-1\" \/>\n<meta property=\"og:locale\" content=\"nb_NO\" \/>\n<meta property=\"og:type\" content=\"article\" \/>\n<meta property=\"og:title\" content=\"Dekornik, Veggklistremerke verdenskart svart\" \/>\n<meta property=\"og:description\" content=\"Denna v\u00e4rldskarta i form av en stor, f\u00e4rgglad och utbildande v\u00e4ggdekoration, kommer att bli barnens absoluta favorit bland all din barnrumsinredning .\" \/>\n<meta property=\"og:url\" content=\"https:\/\/babylove.se\/no\/produkt\/veggklistremerke-verdenskart-svart-dekornik\/\" \/>\n<meta property=\"og:site_name\" content=\"Babylove Norska\" \/>\n<meta property=\"article:modified_time\" content=\"2026-04-08T06:58:48+00:00\" \/>\n<meta property=\"og:image\" content=\"https:\/\/babylove.se\/no\/wp-content\/uploads\/sites\/3\/2025\/07\/593a788b9573b.jpeg\" \/>\n\t<meta property=\"og:image:width\" content=\"750\" \/>\n\t<meta property=\"og:image:height\" content=\"750\" \/>\n\t<meta property=\"og:image:type\" content=\"image\/jpeg\" \/>\n<meta name=\"twitter:card\" content=\"summary_large_image\" \/>\n<meta name=\"twitter:label1\" content=\"Availability\" \/>\n\t<meta name=\"twitter:data1\" content=\"In stock\" \/>\n<script type=\"application\/ld+json\" class=\"yoast-schema-graph\">{\"@context\":\"https:\/\/schema.org\",\"@graph\":[{\"@type\":\"WebPage\",\"@id\":\"https:\/\/babylove.se\/no\/produkt\/veggklistremerke-verdenskart-svart-dekornik\/\",\"url\":\"https:\/\/babylove.se\/no\/produkt\/veggklistremerke-verdenskart-svart-dekornik\/\",\"name\":\"Dekornik, Veggklistremerke verdenskart svart - Babylove Norska\",\"isPartOf\":{\"@id\":\"https:\/\/babylove.se\/no\/#website\"},\"primaryImageOfPage\":{\"@id\":\"https:\/\/babylove.se\/no\/produkt\/veggklistremerke-verdenskart-svart-dekornik\/#primaryimage\"},\"image\":{\"@id\":\"https:\/\/babylove.se\/no\/produkt\/veggklistremerke-verdenskart-svart-dekornik\/#primaryimage\"},\"thumbnailUrl\":\"https:\/\/babylove.se\/no\/wp-content\/uploads\/sites\/3\/2025\/07\/593a788b9573b.jpeg\",\"datePublished\":\"2025-07-18T19:14:19+00:00\",\"dateModified\":\"2026-04-08T06:58:48+00:00\",\"description\":\"Denna v\u00e4rldskarta i form av en stor, f\u00e4rgglad och utbildande v\u00e4ggdekoration, kommer att bli barnens absoluta favorit bland all din barnrumsinredning .\",\"breadcrumb\":{\"@id\":\"https:\/\/babylove.se\/no\/produkt\/veggklistremerke-verdenskart-svart-dekornik\/#breadcrumb\"},\"inLanguage\":\"nb-NO\",\"potentialAction\":[{\"@type\":\"ReadAction\",\"target\":[\"https:\/\/babylove.se\/no\/produkt\/veggklistremerke-verdenskart-svart-dekornik\/\"]}]},{\"@type\":\"ImageObject\",\"inLanguage\":\"nb-NO\",\"@id\":\"https:\/\/babylove.se\/no\/produkt\/veggklistremerke-verdenskart-svart-dekornik\/#primaryimage\",\"url\":\"https:\/\/babylove.se\/no\/wp-content\/uploads\/sites\/3\/2025\/07\/593a788b9573b.jpeg\",\"contentUrl\":\"https:\/\/babylove.se\/no\/wp-content\/uploads\/sites\/3\/2025\/07\/593a788b9573b.jpeg\",\"width\":750,\"height\":750},{\"@type\":\"BreadcrumbList\",\"@id\":\"https:\/\/babylove.se\/no\/produkt\/veggklistremerke-verdenskart-svart-dekornik\/#breadcrumb\",\"itemListElement\":[{\"@type\":\"ListItem\",\"position\":1,\"name\":\"Hem\",\"item\":\"https:\/\/babylove.se\/no\/\"},{\"@type\":\"ListItem\",\"position\":2,\"name\":\"Butik\",\"item\":\"https:\/\/babylove.se\/no\/butik\/\"},{\"@type\":\"ListItem\",\"position\":3,\"name\":\"Dekornik, Veggklistremerke verdenskart svart\"}]},{\"@type\":\"WebSite\",\"@id\":\"https:\/\/babylove.se\/no\/#website\",\"url\":\"https:\/\/babylove.se\/no\/\",\"name\":\"Babylove Norska\",\"description\":\"\",\"potentialAction\":[{\"@type\":\"SearchAction\",\"target\":{\"@type\":\"EntryPoint\",\"urlTemplate\":\"https:\/\/babylove.se\/no\/?s={search_term_string}\"},\"query-input\":{\"@type\":\"PropertyValueSpecification\",\"valueRequired\":true,\"valueName\":\"search_term_string\"}}],\"inLanguage\":\"nb-NO\"}]}<\/script>\n<meta property=\"product:brand\" content=\"Dekornik\" \/>\n<meta property=\"og:availability\" content=\"instock\" \/>\n<meta property=\"product:availability\" content=\"instock\" \/>\n<meta property=\"product:retailer_item_id\" content=\"DEKO.N.M.003\" \/>\n<meta property=\"product:condition\" content=\"new\" \/>\n<!-- \/ Yoast SEO Premium plugin. -->","yoast_head_json":{"title":"Dekornik, Veggklistremerke verdenskart svart - Babylove Norska","description":"Denna v\u00e4rldskarta i form av en stor, f\u00e4rgglad och utbildande v\u00e4ggdekoration, kommer att bli barnens absoluta favorit bland all din barnrumsinredning .","robots":{"index":"noindex","follow":"follow","max-snippet":"max-snippet:-1","max-image-preview":"max-image-preview:large","max-video-preview":"max-video-preview:-1"},"og_locale":"nb_NO","og_type":"article","og_title":"Dekornik, Veggklistremerke verdenskart svart","og_description":"Denna v\u00e4rldskarta i form av en stor, f\u00e4rgglad och utbildande v\u00e4ggdekoration, kommer att bli barnens absoluta favorit bland all din barnrumsinredning .","og_url":"https:\/\/babylove.se\/no\/produkt\/veggklistremerke-verdenskart-svart-dekornik\/","og_site_name":"Babylove Norska","article_modified_time":"2026-04-08T06:58:48+00:00","og_image":[{"width":750,"height":750,"url":"https:\/\/babylove.se\/no\/wp-content\/uploads\/sites\/3\/2025\/07\/593a788b9573b.jpeg","type":"image\/jpeg"}],"twitter_card":"summary_large_image","twitter_misc":{"Availability":"In stock"},"schema":{"@context":"https:\/\/schema.org","@graph":[{"@type":"WebPage","@id":"https:\/\/babylove.se\/no\/produkt\/veggklistremerke-verdenskart-svart-dekornik\/","url":"https:\/\/babylove.se\/no\/produkt\/veggklistremerke-verdenskart-svart-dekornik\/","name":"Dekornik, Veggklistremerke verdenskart svart - Babylove Norska","isPartOf":{"@id":"https:\/\/babylove.se\/no\/#website"},"primaryImageOfPage":{"@id":"https:\/\/babylove.se\/no\/produkt\/veggklistremerke-verdenskart-svart-dekornik\/#primaryimage"},"image":{"@id":"https:\/\/babylove.se\/no\/produkt\/veggklistremerke-verdenskart-svart-dekornik\/#primaryimage"},"thumbnailUrl":"https:\/\/babylove.se\/no\/wp-content\/uploads\/sites\/3\/2025\/07\/593a788b9573b.jpeg","datePublished":"2025-07-18T19:14:19+00:00","dateModified":"2026-04-08T06:58:48+00:00","description":"Denna v\u00e4rldskarta i form av en stor, f\u00e4rgglad och utbildande v\u00e4ggdekoration, kommer att bli barnens absoluta favorit bland all din barnrumsinredning .","breadcrumb":{"@id":"https:\/\/babylove.se\/no\/produkt\/veggklistremerke-verdenskart-svart-dekornik\/#breadcrumb"},"inLanguage":"nb-NO","potentialAction":[{"@type":"ReadAction","target":["https:\/\/babylove.se\/no\/produkt\/veggklistremerke-verdenskart-svart-dekornik\/"]}]},{"@type":"ImageObject","inLanguage":"nb-NO","@id":"https:\/\/babylove.se\/no\/produkt\/veggklistremerke-verdenskart-svart-dekornik\/#primaryimage","url":"https:\/\/babylove.se\/no\/wp-content\/uploads\/sites\/3\/2025\/07\/593a788b9573b.jpeg","contentUrl":"https:\/\/babylove.se\/no\/wp-content\/uploads\/sites\/3\/2025\/07\/593a788b9573b.jpeg","width":750,"height":750},{"@type":"BreadcrumbList","@id":"https:\/\/babylove.se\/no\/produkt\/veggklistremerke-verdenskart-svart-dekornik\/#breadcrumb","itemListElement":[{"@type":"ListItem","position":1,"name":"Hem","item":"https:\/\/babylove.se\/no\/"},{"@type":"ListItem","position":2,"name":"Butik","item":"https:\/\/babylove.se\/no\/butik\/"},{"@type":"ListItem","position":3,"name":"Dekornik, Veggklistremerke verdenskart svart"}]},{"@type":"WebSite","@id":"https:\/\/babylove.se\/no\/#website","url":"https:\/\/babylove.se\/no\/","name":"Babylove Norska","description":"","potentialAction":[{"@type":"SearchAction","target":{"@type":"EntryPoint","urlTemplate":"https:\/\/babylove.se\/no\/?s={search_term_string}"},"query-input":{"@type":"PropertyValueSpecification","valueRequired":true,"valueName":"search_term_string"}}],"inLanguage":"nb-NO"}]},"product_brand":"Dekornik","og_availability":"instock","product_availability":"instock","product_retailer_item_id":"DEKO.N.M.003","product_condition":"new"},"_links":{"self":[{"href":"https:\/\/babylove.se\/no\/wp-json\/wp\/v2\/product\/3278","targetHints":{"allow":["GET"]}}],"collection":[{"href":"https:\/\/babylove.se\/no\/wp-json\/wp\/v2\/product"}],"about":[{"href":"https:\/\/babylove.se\/no\/wp-json\/wp\/v2\/types\/product"}],"replies":[{"embeddable":true,"href":"https:\/\/babylove.se\/no\/wp-json\/wp\/v2\/comments?post=3278"}],"wp:featuredmedia":[{"embeddable":true,"href":"https:\/\/babylove.se\/no\/wp-json\/wp\/v2\/media\/3280"}],"wp:attachment":[{"href":"https:\/\/babylove.se\/no\/wp-json\/wp\/v2\/media?parent=3278"}],"wp:term":[{"taxonomy":"product_brand","embeddable":true,"href":"https:\/\/babylove.se\/no\/wp-json\/wp\/v2\/product_brand?post=3278"},{"taxonomy":"product_cat","embeddable":true,"href":"https:\/\/babylove.se\/no\/wp-json\/wp\/v2\/product_cat?post=3278"},{"taxonomy":"product_tag","embeddable":true,"href":"https:\/\/babylove.se\/no\/wp-json\/wp\/v2\/product_tag?post=3278"}],"curies":[{"name":"wp","href":"https:\/\/api.w.org\/{rel}","templated":true}]}}