{"id":3288,"date":"2025-07-18T20:14:39","date_gmt":"2025-07-18T19:14:39","guid":{"rendered":"https:\/\/babylove.se\/produkt\/vaggdekoration-harry-in-the-rain-dekornik\/"},"modified":"2026-04-08T07:58:51","modified_gmt":"2026-04-08T06:58:51","slug":"veggdekorasjon-harry-in-the-rain-dekornik","status":"publish","type":"product","link":"https:\/\/babylove.se\/no\/produkt\/veggdekorasjon-harry-in-the-rain-dekornik\/","title":{"rendered":"Dekornik, Veggdekorasjon, &#8220;Harry in the rain&#8221;"},"content":{"rendered":"<p>Harry st\u00e5r i regnet, men det er et meget gledesfylt regn, svarte og rosa dr\u00e5per som gj\u00f8r at barnerommets vegg blir levende og vakker. Harry st\u00e5r selvsagt i sentrum for komposisjonen.<\/p>\n<p>Veggklistremerker er den enkleste og mest bekvemme m\u00e5ten \u00e5 dekorere veggen sin p\u00e5. De mindre gir en fin detalj til innredningen, mens de store gir rommet en helt ny karakter.<\/p>\n<p>M\u00e5l: Finnes i to st\u00f8rrelser<\/p>\n<ul>\n<li><strong>S<\/strong>: 50 x 64 cm<\/li>\n<li><strong>M<\/strong>: 70 x 88 cm<\/li>\n<\/ul>\n<p>Harry kommer med rosa og svarte sett med dr\u00e5per.&nbsp;<\/p>\n<p>Veggklistremerkene er trykt p\u00e5 et materiale som gj\u00f8r at de f\u00f8les som stoff. Det er et polystermateriale utviklet i S\u00f8r-Korea og senere importert til Europa. Holdbart og smidig og samtidig et levende materiale, som passer perfekt for Harry eller andre dyremotiver, som f\u00f8les utrolig realistiske n\u00e5r de er oppe p\u00e5 veggen. De er vanskelige \u00e5 \u00f8delegge men enkle \u00e5 sette opp. Det er imidlertid viktig at man gj\u00f8r rent overflaten p\u00e5 veggen der de skal sitte. Alt st\u00f8v og fett m\u00e5 bort, og veggen m\u00e5 ikke v\u00e6re for nylig malt (1 m\u00e5ned b\u00f8r den ha f\u00e5tt hvile).<\/p>\n<p>Designer: <a href=\"https:\/\/babylove.se\/varumarken\/dekornik\"><u>Dekornik<\/u><\/a><\/p>\n<p><u>Obs! Klistremerkene er ikke egnet for vegger med en grov overflate eller hvis de er malt med lateksmaling eller tapetsert.<\/u><\/p>\n","protected":false},"excerpt":{"rendered":"<p>Harry st\u00e5r i regnet, men det er et meget gledesfylt regn, svarte og rosa dr\u00e5per som gj\u00f8r at barnerommets vegg blir levende og vakker. Harry st\u00e5r selvsagt i sentrum for komposisjonen. Veggklistremerker er den enkleste og mest bekvemme m\u00e5ten \u00e5 dekorere veggen sin p\u00e5. De mindre gir en fin detalj til innredningen, mens de store [&hellip;]<\/p>\n","protected":false},"featured_media":3290,"comment_status":"closed","ping_status":"open","template":"","meta":{"_acf_changed":false},"product_brand":[190],"product_cat":[191,90,25,29,24,83],"product_tag":[1689],"class_list":{"0":"post-3288","1":"product","2":"type-product","3":"status-publish","4":"has-post-thumbnail","6":"product_brand-dekornik","7":"product_cat-dekornik","8":"product_cat-dyr","9":"product_cat-ikke-bare-jenter","10":"product_cat-veggdekorasjoner","11":"product_cat-veggklistremerker","12":"product_cat-veggklistremerker-barnerom","13":"product_tag-bestillingsvaror","14":"pa_storlek-m","15":"pa_storlek-s","17":"first","18":"instock","19":"taxable","20":"shipping-taxable","21":"purchasable","22":"product-type-variable"},"acf":[],"yoast_head":"<!-- This site is optimized with the Yoast SEO Premium plugin v25.8 (Yoast SEO v27.2) - https:\/\/yoast.com\/product\/yoast-seo-premium-wordpress\/ -->\n<title>Dekornik, Veggdekorasjon, &quot;Harry in the rain&quot; - Babylove Norska<\/title>\n<meta name=\"description\" content=\"V\u00e4ggklisterm\u00e4rken \u00e4r det enklaste och mest bekv\u00e4ma s\u00e4ttet att dekorera sin v\u00e4gg med.     14 dagars \u00f6ppet k\u00f6p - skickas inom 24 timmar !\" \/>\n<meta name=\"robots\" content=\"noindex, follow, max-snippet:-1, max-image-preview:large, max-video-preview:-1\" \/>\n<meta property=\"og:locale\" content=\"nb_NO\" \/>\n<meta property=\"og:type\" content=\"article\" \/>\n<meta property=\"og:title\" content=\"Dekornik, Veggdekorasjon, &quot;Harry in the rain&quot;\" \/>\n<meta property=\"og:description\" content=\"V\u00e4ggklisterm\u00e4rken \u00e4r det enklaste och mest bekv\u00e4ma s\u00e4ttet att dekorera sin v\u00e4gg med.     14 dagars \u00f6ppet k\u00f6p - skickas inom 24 timmar !\" \/>\n<meta property=\"og:url\" content=\"https:\/\/babylove.se\/no\/produkt\/veggdekorasjon-harry-in-the-rain-dekornik\/\" \/>\n<meta property=\"og:site_name\" content=\"Babylove Norska\" \/>\n<meta property=\"article:modified_time\" content=\"2026-04-08T06:58:51+00:00\" \/>\n<meta property=\"og:image\" content=\"https:\/\/babylove.se\/no\/wp-content\/uploads\/sites\/3\/2025\/07\/593a7a6719749.jpeg\" \/>\n\t<meta property=\"og:image:width\" content=\"750\" \/>\n\t<meta property=\"og:image:height\" content=\"750\" \/>\n\t<meta property=\"og:image:type\" content=\"image\/jpeg\" \/>\n<meta name=\"twitter:card\" content=\"summary_large_image\" \/>\n<meta name=\"twitter:label1\" content=\"Availability\" \/>\n\t<meta name=\"twitter:data1\" content=\"In stock\" \/>\n<script type=\"application\/ld+json\" class=\"yoast-schema-graph\">{\"@context\":\"https:\/\/schema.org\",\"@graph\":[{\"@type\":\"WebPage\",\"@id\":\"https:\/\/babylove.se\/no\/produkt\/veggdekorasjon-harry-in-the-rain-dekornik\/\",\"url\":\"https:\/\/babylove.se\/no\/produkt\/veggdekorasjon-harry-in-the-rain-dekornik\/\",\"name\":\"Dekornik, Veggdekorasjon, \\\"Harry in the rain\\\" - Babylove Norska\",\"isPartOf\":{\"@id\":\"https:\/\/babylove.se\/no\/#website\"},\"primaryImageOfPage\":{\"@id\":\"https:\/\/babylove.se\/no\/produkt\/veggdekorasjon-harry-in-the-rain-dekornik\/#primaryimage\"},\"image\":{\"@id\":\"https:\/\/babylove.se\/no\/produkt\/veggdekorasjon-harry-in-the-rain-dekornik\/#primaryimage\"},\"thumbnailUrl\":\"https:\/\/babylove.se\/no\/wp-content\/uploads\/sites\/3\/2025\/07\/593a7a6719749.jpeg\",\"datePublished\":\"2025-07-18T19:14:39+00:00\",\"dateModified\":\"2026-04-08T06:58:51+00:00\",\"description\":\"V\u00e4ggklisterm\u00e4rken \u00e4r det enklaste och mest bekv\u00e4ma s\u00e4ttet att dekorera sin v\u00e4gg med. 14 dagars \u00f6ppet k\u00f6p - skickas inom 24 timmar !\",\"breadcrumb\":{\"@id\":\"https:\/\/babylove.se\/no\/produkt\/veggdekorasjon-harry-in-the-rain-dekornik\/#breadcrumb\"},\"inLanguage\":\"nb-NO\",\"potentialAction\":[{\"@type\":\"ReadAction\",\"target\":[\"https:\/\/babylove.se\/no\/produkt\/veggdekorasjon-harry-in-the-rain-dekornik\/\"]}]},{\"@type\":\"ImageObject\",\"inLanguage\":\"nb-NO\",\"@id\":\"https:\/\/babylove.se\/no\/produkt\/veggdekorasjon-harry-in-the-rain-dekornik\/#primaryimage\",\"url\":\"https:\/\/babylove.se\/no\/wp-content\/uploads\/sites\/3\/2025\/07\/593a7a6719749.jpeg\",\"contentUrl\":\"https:\/\/babylove.se\/no\/wp-content\/uploads\/sites\/3\/2025\/07\/593a7a6719749.jpeg\",\"width\":750,\"height\":750},{\"@type\":\"BreadcrumbList\",\"@id\":\"https:\/\/babylove.se\/no\/produkt\/veggdekorasjon-harry-in-the-rain-dekornik\/#breadcrumb\",\"itemListElement\":[{\"@type\":\"ListItem\",\"position\":1,\"name\":\"Hem\",\"item\":\"https:\/\/babylove.se\/no\/\"},{\"@type\":\"ListItem\",\"position\":2,\"name\":\"Butik\",\"item\":\"https:\/\/babylove.se\/no\/butik\/\"},{\"@type\":\"ListItem\",\"position\":3,\"name\":\"Dekornik, Veggdekorasjon, &#8220;Harry in the rain&#8221;\"}]},{\"@type\":\"WebSite\",\"@id\":\"https:\/\/babylove.se\/no\/#website\",\"url\":\"https:\/\/babylove.se\/no\/\",\"name\":\"Babylove Norska\",\"description\":\"\",\"potentialAction\":[{\"@type\":\"SearchAction\",\"target\":{\"@type\":\"EntryPoint\",\"urlTemplate\":\"https:\/\/babylove.se\/no\/?s={search_term_string}\"},\"query-input\":{\"@type\":\"PropertyValueSpecification\",\"valueRequired\":true,\"valueName\":\"search_term_string\"}}],\"inLanguage\":\"nb-NO\"}]}<\/script>\n<meta property=\"product:brand\" content=\"Dekornik\" \/>\n<meta property=\"og:availability\" content=\"instock\" \/>\n<meta property=\"product:availability\" content=\"instock\" \/>\n<meta property=\"product:retailer_item_id\" content=\"DEKO.N.Z.004_S\" \/>\n<meta property=\"product:condition\" content=\"new\" \/>\n<!-- \/ Yoast SEO Premium plugin. -->","yoast_head_json":{"title":"Dekornik, Veggdekorasjon, \"Harry in the rain\" - Babylove Norska","description":"V\u00e4ggklisterm\u00e4rken \u00e4r det enklaste och mest bekv\u00e4ma s\u00e4ttet att dekorera sin v\u00e4gg med.     14 dagars \u00f6ppet k\u00f6p - skickas inom 24 timmar !","robots":{"index":"noindex","follow":"follow","max-snippet":"max-snippet:-1","max-image-preview":"max-image-preview:large","max-video-preview":"max-video-preview:-1"},"og_locale":"nb_NO","og_type":"article","og_title":"Dekornik, Veggdekorasjon, \"Harry in the rain\"","og_description":"V\u00e4ggklisterm\u00e4rken \u00e4r det enklaste och mest bekv\u00e4ma s\u00e4ttet att dekorera sin v\u00e4gg med.     14 dagars \u00f6ppet k\u00f6p - skickas inom 24 timmar !","og_url":"https:\/\/babylove.se\/no\/produkt\/veggdekorasjon-harry-in-the-rain-dekornik\/","og_site_name":"Babylove Norska","article_modified_time":"2026-04-08T06:58:51+00:00","og_image":[{"width":750,"height":750,"url":"https:\/\/babylove.se\/no\/wp-content\/uploads\/sites\/3\/2025\/07\/593a7a6719749.jpeg","type":"image\/jpeg"}],"twitter_card":"summary_large_image","twitter_misc":{"Availability":"In stock"},"schema":{"@context":"https:\/\/schema.org","@graph":[{"@type":"WebPage","@id":"https:\/\/babylove.se\/no\/produkt\/veggdekorasjon-harry-in-the-rain-dekornik\/","url":"https:\/\/babylove.se\/no\/produkt\/veggdekorasjon-harry-in-the-rain-dekornik\/","name":"Dekornik, Veggdekorasjon, \"Harry in the rain\" - Babylove Norska","isPartOf":{"@id":"https:\/\/babylove.se\/no\/#website"},"primaryImageOfPage":{"@id":"https:\/\/babylove.se\/no\/produkt\/veggdekorasjon-harry-in-the-rain-dekornik\/#primaryimage"},"image":{"@id":"https:\/\/babylove.se\/no\/produkt\/veggdekorasjon-harry-in-the-rain-dekornik\/#primaryimage"},"thumbnailUrl":"https:\/\/babylove.se\/no\/wp-content\/uploads\/sites\/3\/2025\/07\/593a7a6719749.jpeg","datePublished":"2025-07-18T19:14:39+00:00","dateModified":"2026-04-08T06:58:51+00:00","description":"V\u00e4ggklisterm\u00e4rken \u00e4r det enklaste och mest bekv\u00e4ma s\u00e4ttet att dekorera sin v\u00e4gg med. 14 dagars \u00f6ppet k\u00f6p - skickas inom 24 timmar !","breadcrumb":{"@id":"https:\/\/babylove.se\/no\/produkt\/veggdekorasjon-harry-in-the-rain-dekornik\/#breadcrumb"},"inLanguage":"nb-NO","potentialAction":[{"@type":"ReadAction","target":["https:\/\/babylove.se\/no\/produkt\/veggdekorasjon-harry-in-the-rain-dekornik\/"]}]},{"@type":"ImageObject","inLanguage":"nb-NO","@id":"https:\/\/babylove.se\/no\/produkt\/veggdekorasjon-harry-in-the-rain-dekornik\/#primaryimage","url":"https:\/\/babylove.se\/no\/wp-content\/uploads\/sites\/3\/2025\/07\/593a7a6719749.jpeg","contentUrl":"https:\/\/babylove.se\/no\/wp-content\/uploads\/sites\/3\/2025\/07\/593a7a6719749.jpeg","width":750,"height":750},{"@type":"BreadcrumbList","@id":"https:\/\/babylove.se\/no\/produkt\/veggdekorasjon-harry-in-the-rain-dekornik\/#breadcrumb","itemListElement":[{"@type":"ListItem","position":1,"name":"Hem","item":"https:\/\/babylove.se\/no\/"},{"@type":"ListItem","position":2,"name":"Butik","item":"https:\/\/babylove.se\/no\/butik\/"},{"@type":"ListItem","position":3,"name":"Dekornik, Veggdekorasjon, &#8220;Harry in the rain&#8221;"}]},{"@type":"WebSite","@id":"https:\/\/babylove.se\/no\/#website","url":"https:\/\/babylove.se\/no\/","name":"Babylove Norska","description":"","potentialAction":[{"@type":"SearchAction","target":{"@type":"EntryPoint","urlTemplate":"https:\/\/babylove.se\/no\/?s={search_term_string}"},"query-input":{"@type":"PropertyValueSpecification","valueRequired":true,"valueName":"search_term_string"}}],"inLanguage":"nb-NO"}]},"product_brand":"Dekornik","og_availability":"instock","product_availability":"instock","product_retailer_item_id":"DEKO.N.Z.004_S","product_condition":"new"},"_links":{"self":[{"href":"https:\/\/babylove.se\/no\/wp-json\/wp\/v2\/product\/3288","targetHints":{"allow":["GET"]}}],"collection":[{"href":"https:\/\/babylove.se\/no\/wp-json\/wp\/v2\/product"}],"about":[{"href":"https:\/\/babylove.se\/no\/wp-json\/wp\/v2\/types\/product"}],"replies":[{"embeddable":true,"href":"https:\/\/babylove.se\/no\/wp-json\/wp\/v2\/comments?post=3288"}],"wp:featuredmedia":[{"embeddable":true,"href":"https:\/\/babylove.se\/no\/wp-json\/wp\/v2\/media\/3290"}],"wp:attachment":[{"href":"https:\/\/babylove.se\/no\/wp-json\/wp\/v2\/media?parent=3288"}],"wp:term":[{"taxonomy":"product_brand","embeddable":true,"href":"https:\/\/babylove.se\/no\/wp-json\/wp\/v2\/product_brand?post=3288"},{"taxonomy":"product_cat","embeddable":true,"href":"https:\/\/babylove.se\/no\/wp-json\/wp\/v2\/product_cat?post=3288"},{"taxonomy":"product_tag","embeddable":true,"href":"https:\/\/babylove.se\/no\/wp-json\/wp\/v2\/product_tag?post=3288"}],"curies":[{"name":"wp","href":"https:\/\/api.w.org\/{rel}","templated":true}]}}