{"id":32884,"date":"2025-07-19T00:38:30","date_gmt":"2025-07-18T23:38:30","guid":{"rendered":"https:\/\/babylove.se\/produkt\/vaggklistermarke-partyballong-hello-dusty-pink\/"},"modified":"2026-04-08T12:04:12","modified_gmt":"2026-04-08T11:04:12","slug":"veggklistremerke-partyballong-hello-dusty-pink","status":"publish","type":"product","link":"https:\/\/babylove.se\/no\/produkt\/veggklistremerke-partyballong-hello-dusty-pink\/","title":{"rendered":"Veggklistremerke partyballong Hello, dusty pink"},"content":{"rendered":"<p>En deilig veggdekorasjon i form av en vakker partyballong med teksten &#8220;Hello!&#8221;. \\n \\nDette er en fantastisk m\u00e5te \u00e5 innrede barnerommet ditt p\u00e5, da den passer like godt ved sengen som ved skrivebordet eller p\u00e5 en tom hel vegg i stedet for tapet. Veggklistremerke er utformet for \u00e5 se deilige ut p\u00e5 b\u00e5de lyse og m\u00f8rke vegger. \\n \\n<strong>St\u00f8rrelse<\/strong>: \\n<\/p>\n<ul> \\n \\t<\/p>\n<li>Stor: 40 cm<\/li>\n<p> \\n \\t<\/p>\n<li>Liten: 25 cm<\/li>\n<p> \\n<\/ul>\n<p> \\n<em>OBS! S\u00f8rg for at overflaten er t\u00f8rr og avfettet f\u00f8r du setter opp veggklistremerket. Fungerer ikke p\u00e5 ujevne vegger\/overflater. Klistremerkene egner seg heller ikke for vegger med en grov overflate eller hvis de er malt med lateksfarger eller tapetsert. Veggklistremerkene m\u00e5 v\u00e6re flate og ofte ligge og rettes ut minst 24 timer etter man har tatt dem ut fra emballasjen f\u00f8r man kan sette dem opp p\u00e5 veggen.<\/em> \\n \\nDesigner: <a href=\"https:\/\/babylove.se\/varumarken\/babylove\">Babylove<\/a><\/p>\n","protected":false},"excerpt":{"rendered":"<p>En deilig veggdekorasjon i form av en vakker partyballong med teksten &#8220;Hello!&#8221;. \\n \\nDette er en fantastisk m\u00e5te \u00e5 innrede barnerommet ditt p\u00e5, da den passer like godt ved sengen som ved skrivebordet eller p\u00e5 en tom hel vegg i stedet for tapet. Veggklistremerke er utformet for \u00e5 se deilige ut p\u00e5 b\u00e5de lyse og [&hellip;]<\/p>\n","protected":false},"featured_media":32886,"comment_status":"open","ping_status":"closed","template":"","meta":{"_acf_changed":false},"product_brand":[],"product_cat":[84,138,29,24],"product_tag":[1709],"class_list":{"0":"post-32884","1":"product","2":"type-product","3":"status-publish","4":"has-post-thumbnail","6":"product_cat-babylove","7":"product_cat-ballonger","8":"product_cat-veggdekorasjoner","9":"product_cat-veggklistremerker","10":"product_tag-utforsalg","11":"pa_storlek-liten","12":"pa_storlek-stor","14":"first","15":"instock","16":"taxable","17":"shipping-taxable","18":"purchasable","19":"product-type-variable"},"acf":[],"yoast_head":"<!-- This site is optimized with the Yoast SEO Premium plugin v25.8 (Yoast SEO v27.2) - https:\/\/yoast.com\/product\/yoast-seo-premium-wordpress\/ -->\n<title>Veggklistremerke partyballong Hello, dusty pink - Babylove Norska<\/title>\n<meta name=\"description\" content=\"V\u00e4ggklisterm\u00e4rkerna \u00e4r gjorda i material av h\u00f6gsta kvalitet och kan enkelt f\u00e4stas p\u00e5 alla typer av m\u00e5lade v\u00e4ggar eller tapeter. Skickas inom 24 timmar !\" \/>\n<meta name=\"robots\" content=\"noindex, follow, max-snippet:-1, max-image-preview:large, max-video-preview:-1\" \/>\n<meta property=\"og:locale\" content=\"nb_NO\" \/>\n<meta property=\"og:type\" content=\"article\" \/>\n<meta property=\"og:title\" content=\"Veggklistremerke partyballong Hello, dusty pink\" \/>\n<meta property=\"og:description\" content=\"V\u00e4ggklisterm\u00e4rkerna \u00e4r gjorda i material av h\u00f6gsta kvalitet och kan enkelt f\u00e4stas p\u00e5 alla typer av m\u00e5lade v\u00e4ggar eller tapeter. Skickas inom 24 timmar !\" \/>\n<meta property=\"og:url\" content=\"https:\/\/babylove.se\/no\/produkt\/veggklistremerke-partyballong-hello-dusty-pink\/\" \/>\n<meta property=\"og:site_name\" content=\"Babylove Norska\" \/>\n<meta property=\"article:modified_time\" content=\"2026-04-08T11:04:12+00:00\" \/>\n<meta property=\"og:image\" content=\"https:\/\/babylove.se\/no\/wp-content\/uploads\/sites\/3\/2025\/07\/6218e3c7cc5e5.jpeg\" \/>\n\t<meta property=\"og:image:width\" content=\"527\" \/>\n\t<meta property=\"og:image:height\" content=\"1069\" \/>\n\t<meta property=\"og:image:type\" content=\"image\/jpeg\" \/>\n<meta name=\"twitter:card\" content=\"summary_large_image\" \/>\n<meta name=\"twitter:label1\" content=\"Availability\" \/>\n\t<meta name=\"twitter:data1\" content=\"In stock\" \/>\n<script type=\"application\/ld+json\" class=\"yoast-schema-graph\">{\"@context\":\"https:\/\/schema.org\",\"@graph\":[{\"@type\":\"WebPage\",\"@id\":\"https:\/\/babylove.se\/no\/produkt\/veggklistremerke-partyballong-hello-dusty-pink\/\",\"url\":\"https:\/\/babylove.se\/no\/produkt\/veggklistremerke-partyballong-hello-dusty-pink\/\",\"name\":\"Veggklistremerke partyballong Hello, dusty pink - Babylove Norska\",\"isPartOf\":{\"@id\":\"https:\/\/babylove.se\/no\/#website\"},\"primaryImageOfPage\":{\"@id\":\"https:\/\/babylove.se\/no\/produkt\/veggklistremerke-partyballong-hello-dusty-pink\/#primaryimage\"},\"image\":{\"@id\":\"https:\/\/babylove.se\/no\/produkt\/veggklistremerke-partyballong-hello-dusty-pink\/#primaryimage\"},\"thumbnailUrl\":\"https:\/\/babylove.se\/no\/wp-content\/uploads\/sites\/3\/2025\/07\/6218e3c7cc5e5.jpeg\",\"datePublished\":\"2025-07-18T23:38:30+00:00\",\"dateModified\":\"2026-04-08T11:04:12+00:00\",\"description\":\"V\u00e4ggklisterm\u00e4rkerna \u00e4r gjorda i material av h\u00f6gsta kvalitet och kan enkelt f\u00e4stas p\u00e5 alla typer av m\u00e5lade v\u00e4ggar eller tapeter. Skickas inom 24 timmar !\",\"breadcrumb\":{\"@id\":\"https:\/\/babylove.se\/no\/produkt\/veggklistremerke-partyballong-hello-dusty-pink\/#breadcrumb\"},\"inLanguage\":\"nb-NO\",\"potentialAction\":[{\"@type\":\"ReadAction\",\"target\":[\"https:\/\/babylove.se\/no\/produkt\/veggklistremerke-partyballong-hello-dusty-pink\/\"]}]},{\"@type\":\"ImageObject\",\"inLanguage\":\"nb-NO\",\"@id\":\"https:\/\/babylove.se\/no\/produkt\/veggklistremerke-partyballong-hello-dusty-pink\/#primaryimage\",\"url\":\"https:\/\/babylove.se\/no\/wp-content\/uploads\/sites\/3\/2025\/07\/6218e3c7cc5e5.jpeg\",\"contentUrl\":\"https:\/\/babylove.se\/no\/wp-content\/uploads\/sites\/3\/2025\/07\/6218e3c7cc5e5.jpeg\",\"width\":527,\"height\":1069},{\"@type\":\"BreadcrumbList\",\"@id\":\"https:\/\/babylove.se\/no\/produkt\/veggklistremerke-partyballong-hello-dusty-pink\/#breadcrumb\",\"itemListElement\":[{\"@type\":\"ListItem\",\"position\":1,\"name\":\"Hem\",\"item\":\"https:\/\/babylove.se\/no\/\"},{\"@type\":\"ListItem\",\"position\":2,\"name\":\"Butik\",\"item\":\"https:\/\/babylove.se\/no\/butik\/\"},{\"@type\":\"ListItem\",\"position\":3,\"name\":\"Veggklistremerke partyballong Hello, dusty pink\"}]},{\"@type\":\"WebSite\",\"@id\":\"https:\/\/babylove.se\/no\/#website\",\"url\":\"https:\/\/babylove.se\/no\/\",\"name\":\"Babylove Norska\",\"description\":\"\",\"potentialAction\":[{\"@type\":\"SearchAction\",\"target\":{\"@type\":\"EntryPoint\",\"urlTemplate\":\"https:\/\/babylove.se\/no\/?s={search_term_string}\"},\"query-input\":{\"@type\":\"PropertyValueSpecification\",\"valueRequired\":true,\"valueName\":\"search_term_string\"}}],\"inLanguage\":\"nb-NO\"}]}<\/script>\n<meta property=\"og:availability\" content=\"instock\" \/>\n<meta property=\"product:availability\" content=\"instock\" \/>\n<meta property=\"product:retailer_item_id\" content=\"DD0000Hello_dusty_pink\" \/>\n<meta property=\"product:condition\" content=\"new\" \/>\n<!-- \/ Yoast SEO Premium plugin. -->","yoast_head_json":{"title":"Veggklistremerke partyballong Hello, dusty pink - Babylove Norska","description":"V\u00e4ggklisterm\u00e4rkerna \u00e4r gjorda i material av h\u00f6gsta kvalitet och kan enkelt f\u00e4stas p\u00e5 alla typer av m\u00e5lade v\u00e4ggar eller tapeter. Skickas inom 24 timmar !","robots":{"index":"noindex","follow":"follow","max-snippet":"max-snippet:-1","max-image-preview":"max-image-preview:large","max-video-preview":"max-video-preview:-1"},"og_locale":"nb_NO","og_type":"article","og_title":"Veggklistremerke partyballong Hello, dusty pink","og_description":"V\u00e4ggklisterm\u00e4rkerna \u00e4r gjorda i material av h\u00f6gsta kvalitet och kan enkelt f\u00e4stas p\u00e5 alla typer av m\u00e5lade v\u00e4ggar eller tapeter. Skickas inom 24 timmar !","og_url":"https:\/\/babylove.se\/no\/produkt\/veggklistremerke-partyballong-hello-dusty-pink\/","og_site_name":"Babylove Norska","article_modified_time":"2026-04-08T11:04:12+00:00","og_image":[{"width":527,"height":1069,"url":"https:\/\/babylove.se\/no\/wp-content\/uploads\/sites\/3\/2025\/07\/6218e3c7cc5e5.jpeg","type":"image\/jpeg"}],"twitter_card":"summary_large_image","twitter_misc":{"Availability":"In stock"},"schema":{"@context":"https:\/\/schema.org","@graph":[{"@type":"WebPage","@id":"https:\/\/babylove.se\/no\/produkt\/veggklistremerke-partyballong-hello-dusty-pink\/","url":"https:\/\/babylove.se\/no\/produkt\/veggklistremerke-partyballong-hello-dusty-pink\/","name":"Veggklistremerke partyballong Hello, dusty pink - Babylove Norska","isPartOf":{"@id":"https:\/\/babylove.se\/no\/#website"},"primaryImageOfPage":{"@id":"https:\/\/babylove.se\/no\/produkt\/veggklistremerke-partyballong-hello-dusty-pink\/#primaryimage"},"image":{"@id":"https:\/\/babylove.se\/no\/produkt\/veggklistremerke-partyballong-hello-dusty-pink\/#primaryimage"},"thumbnailUrl":"https:\/\/babylove.se\/no\/wp-content\/uploads\/sites\/3\/2025\/07\/6218e3c7cc5e5.jpeg","datePublished":"2025-07-18T23:38:30+00:00","dateModified":"2026-04-08T11:04:12+00:00","description":"V\u00e4ggklisterm\u00e4rkerna \u00e4r gjorda i material av h\u00f6gsta kvalitet och kan enkelt f\u00e4stas p\u00e5 alla typer av m\u00e5lade v\u00e4ggar eller tapeter. Skickas inom 24 timmar !","breadcrumb":{"@id":"https:\/\/babylove.se\/no\/produkt\/veggklistremerke-partyballong-hello-dusty-pink\/#breadcrumb"},"inLanguage":"nb-NO","potentialAction":[{"@type":"ReadAction","target":["https:\/\/babylove.se\/no\/produkt\/veggklistremerke-partyballong-hello-dusty-pink\/"]}]},{"@type":"ImageObject","inLanguage":"nb-NO","@id":"https:\/\/babylove.se\/no\/produkt\/veggklistremerke-partyballong-hello-dusty-pink\/#primaryimage","url":"https:\/\/babylove.se\/no\/wp-content\/uploads\/sites\/3\/2025\/07\/6218e3c7cc5e5.jpeg","contentUrl":"https:\/\/babylove.se\/no\/wp-content\/uploads\/sites\/3\/2025\/07\/6218e3c7cc5e5.jpeg","width":527,"height":1069},{"@type":"BreadcrumbList","@id":"https:\/\/babylove.se\/no\/produkt\/veggklistremerke-partyballong-hello-dusty-pink\/#breadcrumb","itemListElement":[{"@type":"ListItem","position":1,"name":"Hem","item":"https:\/\/babylove.se\/no\/"},{"@type":"ListItem","position":2,"name":"Butik","item":"https:\/\/babylove.se\/no\/butik\/"},{"@type":"ListItem","position":3,"name":"Veggklistremerke partyballong Hello, dusty pink"}]},{"@type":"WebSite","@id":"https:\/\/babylove.se\/no\/#website","url":"https:\/\/babylove.se\/no\/","name":"Babylove Norska","description":"","potentialAction":[{"@type":"SearchAction","target":{"@type":"EntryPoint","urlTemplate":"https:\/\/babylove.se\/no\/?s={search_term_string}"},"query-input":{"@type":"PropertyValueSpecification","valueRequired":true,"valueName":"search_term_string"}}],"inLanguage":"nb-NO"}]},"og_availability":"instock","product_availability":"instock","product_retailer_item_id":"DD0000Hello_dusty_pink","product_condition":"new"},"_links":{"self":[{"href":"https:\/\/babylove.se\/no\/wp-json\/wp\/v2\/product\/32884","targetHints":{"allow":["GET"]}}],"collection":[{"href":"https:\/\/babylove.se\/no\/wp-json\/wp\/v2\/product"}],"about":[{"href":"https:\/\/babylove.se\/no\/wp-json\/wp\/v2\/types\/product"}],"replies":[{"embeddable":true,"href":"https:\/\/babylove.se\/no\/wp-json\/wp\/v2\/comments?post=32884"}],"wp:featuredmedia":[{"embeddable":true,"href":"https:\/\/babylove.se\/no\/wp-json\/wp\/v2\/media\/32886"}],"wp:attachment":[{"href":"https:\/\/babylove.se\/no\/wp-json\/wp\/v2\/media?parent=32884"}],"wp:term":[{"taxonomy":"product_brand","embeddable":true,"href":"https:\/\/babylove.se\/no\/wp-json\/wp\/v2\/product_brand?post=32884"},{"taxonomy":"product_cat","embeddable":true,"href":"https:\/\/babylove.se\/no\/wp-json\/wp\/v2\/product_cat?post=32884"},{"taxonomy":"product_tag","embeddable":true,"href":"https:\/\/babylove.se\/no\/wp-json\/wp\/v2\/product_tag?post=32884"}],"curies":[{"name":"wp","href":"https:\/\/api.w.org\/{rel}","templated":true}]}}