{"id":32892,"date":"2025-07-19T00:38:38","date_gmt":"2025-07-18T23:38:38","guid":{"rendered":"https:\/\/babylove.se\/produkt\/vit-montessori-hussang-80x160-cm\/"},"modified":"2026-04-08T12:04:19","modified_gmt":"2026-04-08T11:04:19","slug":"hvit-montessori-husseng-80x160-cm","status":"publish","type":"product","link":"https:\/\/babylove.se\/no\/produkt\/hvit-montessori-husseng-80x160-cm\/","title":{"rendered":"Hvit Montessori husseng 80&#215;160 cm"},"content":{"rendered":"<p>En superfin hvit husseng til barnerommet som ogs\u00e5 fungerer \u00e5 bruke som en k\u00f8ye, og n\u00e5r det er tid \u00e5 sove er det den ultimate soveplassen for ditt barn. <\/p>\n<p>Husssengen kommer umontert med en enkel instruksjon. Madrass inng\u00e5r ikke men du kan kj\u00f8pe den hos oss. <\/p>\n<p><span style=\"background-color: initial; font-weight: bold; text-align: initial;\">Info: <\/span> <\/p>\n<ul>\n<li>Ribbebunn inng\u00e5r<\/li>\n<li>Velg en tilpasset 8 cm tykk skummadrass<\/li>\n<li>Maksvekt: 100 kg<\/li>\n<li>Materiale: furu<\/li>\n<\/ul>\n<p><strong>M\u00e5l:<\/strong> <\/p>\n<ul>\n<li>Total h\u00f8yde: 136,5 cm<\/li>\n<li>Total dybde: 87 cm<\/li>\n<li>Total lengde : 166 cm<\/li>\n<li>Sengem\u00e5l: 80&#215;160 cm<\/li>\n<\/ul>\n<p><em>Obs!<\/em><br \/>\n<em>Sengen leveres umontert og b\u00f8r settes sammen i rommet den skal brukes i.<\/em><\/p>\n","protected":false},"excerpt":{"rendered":"<p>En superfin hvit husseng til barnerommet som ogs\u00e5 fungerer \u00e5 bruke som en k\u00f8ye, og n\u00e5r det er tid \u00e5 sove er det den ultimate soveplassen for ditt barn. Husssengen kommer umontert med en enkel instruksjon. Madrass inng\u00e5r ikke men du kan kj\u00f8pe den hos oss. Info: Ribbebunn inng\u00e5r Velg en tilpasset 8 cm tykk [&hellip;]<\/p>\n","protected":false},"featured_media":32894,"comment_status":"closed","ping_status":"closed","template":"","meta":{"_acf_changed":false},"product_brand":[22],"product_cat":[858,217,280,48],"product_tag":[],"class_list":{"0":"post-32892","1":"product","2":"type-product","3":"status-publish","4":"has-post-thumbnail","6":"product_brand-babylove","7":"product_cat-babylove-traprodukter","8":"product_cat-sengesanger","9":"product_cat-senger-med-rask-levering","10":"product_cat-startside","11":"pa_med-tillhorande-skummadrass-ja-899-kr","12":"pa_med-tillhorande-skummadrass-nej","14":"first","15":"instock","16":"taxable","17":"shipping-taxable","18":"purchasable","19":"product-type-variable"},"acf":[],"yoast_head":"<!-- This site is optimized with the Yoast SEO Premium plugin v25.8 (Yoast SEO v27.2) - https:\/\/yoast.com\/product\/yoast-seo-premium-wordpress\/ -->\n<title>Montessori S\u00e4ng - Vit huss\u00e4ng 80\u00d7160cm - Babylove Norska<\/title>\n<meta name=\"robots\" content=\"noindex, follow, max-snippet:-1, max-image-preview:large, max-video-preview:-1\" \/>\n<meta property=\"og:locale\" content=\"nb_NO\" \/>\n<meta property=\"og:type\" content=\"article\" \/>\n<meta property=\"og:title\" content=\"Hvit Montessori husseng 80x160 cm\" \/>\n<meta property=\"og:description\" content=\"En superfin hvit husseng til barnerommet som ogs\u00e5 fungerer \u00e5 bruke som en k\u00f8ye, og n\u00e5r det er tid \u00e5 sove er det den ultimate soveplassen for ditt barn. Husssengen kommer umontert med en enkel instruksjon. Madrass inng\u00e5r ikke men du kan kj\u00f8pe den hos oss. Info: Ribbebunn inng\u00e5r Velg en tilpasset 8 cm tykk [&hellip;]\" \/>\n<meta property=\"og:url\" content=\"https:\/\/babylove.se\/no\/produkt\/hvit-montessori-husseng-80x160-cm\/\" \/>\n<meta property=\"og:site_name\" content=\"Babylove Norska\" \/>\n<meta property=\"article:modified_time\" content=\"2026-04-08T11:04:19+00:00\" \/>\n<meta property=\"og:image\" content=\"https:\/\/babylove.se\/no\/wp-content\/uploads\/sites\/3\/2025\/07\/685e4bf50f5d6.png\" \/>\n\t<meta property=\"og:image:width\" content=\"800\" \/>\n\t<meta property=\"og:image:height\" content=\"800\" \/>\n\t<meta property=\"og:image:type\" content=\"image\/png\" \/>\n<meta name=\"twitter:card\" content=\"summary_large_image\" \/>\n<meta name=\"twitter:label1\" content=\"Availability\" \/>\n\t<meta name=\"twitter:data1\" content=\"In stock\" \/>\n<script type=\"application\/ld+json\" class=\"yoast-schema-graph\">{\"@context\":\"https:\/\/schema.org\",\"@graph\":[{\"@type\":\"WebPage\",\"@id\":\"https:\/\/babylove.se\/no\/produkt\/hvit-montessori-husseng-80x160-cm\/\",\"url\":\"https:\/\/babylove.se\/no\/produkt\/hvit-montessori-husseng-80x160-cm\/\",\"name\":\"Montessori S\u00e4ng - Vit huss\u00e4ng 80\u00d7160cm - Babylove Norska\",\"isPartOf\":{\"@id\":\"https:\/\/babylove.se\/no\/#website\"},\"primaryImageOfPage\":{\"@id\":\"https:\/\/babylove.se\/no\/produkt\/hvit-montessori-husseng-80x160-cm\/#primaryimage\"},\"image\":{\"@id\":\"https:\/\/babylove.se\/no\/produkt\/hvit-montessori-husseng-80x160-cm\/#primaryimage\"},\"thumbnailUrl\":\"https:\/\/babylove.se\/no\/wp-content\/uploads\/sites\/3\/2025\/07\/685e4bf50f5d6.png\",\"datePublished\":\"2025-07-18T23:38:38+00:00\",\"dateModified\":\"2026-04-08T11:04:19+00:00\",\"breadcrumb\":{\"@id\":\"https:\/\/babylove.se\/no\/produkt\/hvit-montessori-husseng-80x160-cm\/#breadcrumb\"},\"inLanguage\":\"nb-NO\",\"potentialAction\":[{\"@type\":\"ReadAction\",\"target\":[\"https:\/\/babylove.se\/no\/produkt\/hvit-montessori-husseng-80x160-cm\/\"]}]},{\"@type\":\"ImageObject\",\"inLanguage\":\"nb-NO\",\"@id\":\"https:\/\/babylove.se\/no\/produkt\/hvit-montessori-husseng-80x160-cm\/#primaryimage\",\"url\":\"https:\/\/babylove.se\/no\/wp-content\/uploads\/sites\/3\/2025\/07\/685e4bf50f5d6.png\",\"contentUrl\":\"https:\/\/babylove.se\/no\/wp-content\/uploads\/sites\/3\/2025\/07\/685e4bf50f5d6.png\",\"width\":800,\"height\":800},{\"@type\":\"BreadcrumbList\",\"@id\":\"https:\/\/babylove.se\/no\/produkt\/hvit-montessori-husseng-80x160-cm\/#breadcrumb\",\"itemListElement\":[{\"@type\":\"ListItem\",\"position\":1,\"name\":\"Hem\",\"item\":\"https:\/\/babylove.se\/no\/\"},{\"@type\":\"ListItem\",\"position\":2,\"name\":\"Butik\",\"item\":\"https:\/\/babylove.se\/no\/butik\/\"},{\"@type\":\"ListItem\",\"position\":3,\"name\":\"Hvit Montessori husseng 80&#215;160 cm\"}]},{\"@type\":\"WebSite\",\"@id\":\"https:\/\/babylove.se\/no\/#website\",\"url\":\"https:\/\/babylove.se\/no\/\",\"name\":\"Babylove Norska\",\"description\":\"\",\"potentialAction\":[{\"@type\":\"SearchAction\",\"target\":{\"@type\":\"EntryPoint\",\"urlTemplate\":\"https:\/\/babylove.se\/no\/?s={search_term_string}\"},\"query-input\":{\"@type\":\"PropertyValueSpecification\",\"valueRequired\":true,\"valueName\":\"search_term_string\"}}],\"inLanguage\":\"nb-NO\"}]}<\/script>\n<meta property=\"product:brand\" content=\"Babylove\" \/>\n<meta property=\"og:availability\" content=\"instock\" \/>\n<meta property=\"product:availability\" content=\"instock\" \/>\n<meta property=\"product:retailer_item_id\" content=\"BB00009989\" \/>\n<meta property=\"product:condition\" content=\"new\" \/>\n<!-- \/ Yoast SEO Premium plugin. -->","yoast_head_json":{"title":"Montessori S\u00e4ng - Vit huss\u00e4ng 80\u00d7160cm - Babylove Norska","robots":{"index":"noindex","follow":"follow","max-snippet":"max-snippet:-1","max-image-preview":"max-image-preview:large","max-video-preview":"max-video-preview:-1"},"og_locale":"nb_NO","og_type":"article","og_title":"Hvit Montessori husseng 80x160 cm","og_description":"En superfin hvit husseng til barnerommet som ogs\u00e5 fungerer \u00e5 bruke som en k\u00f8ye, og n\u00e5r det er tid \u00e5 sove er det den ultimate soveplassen for ditt barn. Husssengen kommer umontert med en enkel instruksjon. Madrass inng\u00e5r ikke men du kan kj\u00f8pe den hos oss. Info: Ribbebunn inng\u00e5r Velg en tilpasset 8 cm tykk [&hellip;]","og_url":"https:\/\/babylove.se\/no\/produkt\/hvit-montessori-husseng-80x160-cm\/","og_site_name":"Babylove Norska","article_modified_time":"2026-04-08T11:04:19+00:00","og_image":[{"width":800,"height":800,"url":"https:\/\/babylove.se\/no\/wp-content\/uploads\/sites\/3\/2025\/07\/685e4bf50f5d6.png","type":"image\/png"}],"twitter_card":"summary_large_image","twitter_misc":{"Availability":"In stock"},"schema":{"@context":"https:\/\/schema.org","@graph":[{"@type":"WebPage","@id":"https:\/\/babylove.se\/no\/produkt\/hvit-montessori-husseng-80x160-cm\/","url":"https:\/\/babylove.se\/no\/produkt\/hvit-montessori-husseng-80x160-cm\/","name":"Montessori S\u00e4ng - Vit huss\u00e4ng 80\u00d7160cm - Babylove Norska","isPartOf":{"@id":"https:\/\/babylove.se\/no\/#website"},"primaryImageOfPage":{"@id":"https:\/\/babylove.se\/no\/produkt\/hvit-montessori-husseng-80x160-cm\/#primaryimage"},"image":{"@id":"https:\/\/babylove.se\/no\/produkt\/hvit-montessori-husseng-80x160-cm\/#primaryimage"},"thumbnailUrl":"https:\/\/babylove.se\/no\/wp-content\/uploads\/sites\/3\/2025\/07\/685e4bf50f5d6.png","datePublished":"2025-07-18T23:38:38+00:00","dateModified":"2026-04-08T11:04:19+00:00","breadcrumb":{"@id":"https:\/\/babylove.se\/no\/produkt\/hvit-montessori-husseng-80x160-cm\/#breadcrumb"},"inLanguage":"nb-NO","potentialAction":[{"@type":"ReadAction","target":["https:\/\/babylove.se\/no\/produkt\/hvit-montessori-husseng-80x160-cm\/"]}]},{"@type":"ImageObject","inLanguage":"nb-NO","@id":"https:\/\/babylove.se\/no\/produkt\/hvit-montessori-husseng-80x160-cm\/#primaryimage","url":"https:\/\/babylove.se\/no\/wp-content\/uploads\/sites\/3\/2025\/07\/685e4bf50f5d6.png","contentUrl":"https:\/\/babylove.se\/no\/wp-content\/uploads\/sites\/3\/2025\/07\/685e4bf50f5d6.png","width":800,"height":800},{"@type":"BreadcrumbList","@id":"https:\/\/babylove.se\/no\/produkt\/hvit-montessori-husseng-80x160-cm\/#breadcrumb","itemListElement":[{"@type":"ListItem","position":1,"name":"Hem","item":"https:\/\/babylove.se\/no\/"},{"@type":"ListItem","position":2,"name":"Butik","item":"https:\/\/babylove.se\/no\/butik\/"},{"@type":"ListItem","position":3,"name":"Hvit Montessori husseng 80&#215;160 cm"}]},{"@type":"WebSite","@id":"https:\/\/babylove.se\/no\/#website","url":"https:\/\/babylove.se\/no\/","name":"Babylove Norska","description":"","potentialAction":[{"@type":"SearchAction","target":{"@type":"EntryPoint","urlTemplate":"https:\/\/babylove.se\/no\/?s={search_term_string}"},"query-input":{"@type":"PropertyValueSpecification","valueRequired":true,"valueName":"search_term_string"}}],"inLanguage":"nb-NO"}]},"product_brand":"Babylove","og_availability":"instock","product_availability":"instock","product_retailer_item_id":"BB00009989","product_condition":"new"},"_links":{"self":[{"href":"https:\/\/babylove.se\/no\/wp-json\/wp\/v2\/product\/32892","targetHints":{"allow":["GET"]}}],"collection":[{"href":"https:\/\/babylove.se\/no\/wp-json\/wp\/v2\/product"}],"about":[{"href":"https:\/\/babylove.se\/no\/wp-json\/wp\/v2\/types\/product"}],"replies":[{"embeddable":true,"href":"https:\/\/babylove.se\/no\/wp-json\/wp\/v2\/comments?post=32892"}],"wp:featuredmedia":[{"embeddable":true,"href":"https:\/\/babylove.se\/no\/wp-json\/wp\/v2\/media\/32894"}],"wp:attachment":[{"href":"https:\/\/babylove.se\/no\/wp-json\/wp\/v2\/media?parent=32892"}],"wp:term":[{"taxonomy":"product_brand","embeddable":true,"href":"https:\/\/babylove.se\/no\/wp-json\/wp\/v2\/product_brand?post=32892"},{"taxonomy":"product_cat","embeddable":true,"href":"https:\/\/babylove.se\/no\/wp-json\/wp\/v2\/product_cat?post=32892"},{"taxonomy":"product_tag","embeddable":true,"href":"https:\/\/babylove.se\/no\/wp-json\/wp\/v2\/product_tag?post=32892"}],"curies":[{"name":"wp","href":"https:\/\/api.w.org\/{rel}","templated":true}]}}