{"id":32927,"date":"2025-07-19T00:38:38","date_gmt":"2025-07-18T23:38:38","guid":{"rendered":"https:\/\/babylove.se\/produkt\/thats-mine-paslakan-spjalsang-junior-mini-flower\/"},"modified":"2026-04-08T12:04:30","modified_gmt":"2026-04-08T11:04:30","slug":"det-er-mitt-sengetoy-sprinkelseng-junior-mini-blomst","status":"publish","type":"product","link":"https:\/\/babylove.se\/no\/produkt\/det-er-mitt-sengetoy-sprinkelseng-junior-mini-blomst\/","title":{"rendered":"That`s Mine sengesett sprinkelseng \/ junior, Mini flower"},"content":{"rendered":"<p>Overraskende vakre barnesengkl\u00e6r av organisk bomull gir det beste til ditt barn. Sengesettet best\u00e5r av et putevar og et dynetrekk laget av myk, organisk og sertifisert bomull. Dynetrekket har et superfint blomsterm\u00f8nster.&nbsp;<\/p>\n<p><strong>M\u00e5l<\/strong>: 1 stk putevar 55&#215;35 cm og 1 stk dynetrekk 100&#215;130 cm.<\/p>\n<p><strong>Materiale<\/strong>: 100 % OEKO-TEX sertifisert organisk bomull.<\/p>\n<p><strong>Designer<\/strong>: <a href=\"https:\/\/babylove.se\/varumarken\/thats-mine\">That`s Mine<\/a><\/p>\n<p>Obs. Pute og dyne er ikke inkludert !&nbsp;<\/p>\n","protected":false},"excerpt":{"rendered":"<p>Overraskende vakre barnesengkl\u00e6r av organisk bomull gir det beste til ditt barn. Sengesettet best\u00e5r av et putevar og et dynetrekk laget av myk, organisk og sertifisert bomull. Dynetrekket har et superfint blomsterm\u00f8nster.&nbsp; M\u00e5l: 1 stk putevar 55&#215;35 cm og 1 stk dynetrekk 100&#215;130 cm. Materiale: 100 % OEKO-TEX sertifisert organisk bomull. Designer: That`s Mine Obs. [&hellip;]<\/p>\n","protected":false},"featured_media":32929,"comment_status":"closed","ping_status":"open","template":"","meta":{"_acf_changed":false},"product_brand":[749],"product_cat":[39,125,40,293,750],"product_tag":[],"class_list":{"0":"post-32927","1":"product","2":"type-product","3":"status-publish","4":"has-post-thumbnail","6":"product_brand-thats-mine","7":"product_cat-barnesangklaer","8":"product_cat-boho","9":"product_cat-soverom-barn","10":"product_cat-tekstiler","11":"product_cat-thats-mine","13":"first","14":"instock","15":"taxable","16":"shipping-taxable","17":"purchasable","18":"product-type-simple"},"acf":[],"yoast_head":"<!-- This site is optimized with the Yoast SEO Premium plugin v25.8 (Yoast SEO v27.2) - https:\/\/yoast.com\/product\/yoast-seo-premium-wordpress\/ -->\n<title>That`s Mine sengesett sprinkelseng \/ junior, Mini flower - Babylove Norska<\/title>\n<meta name=\"robots\" content=\"noindex, follow, max-snippet:-1, max-image-preview:large, max-video-preview:-1\" \/>\n<meta property=\"og:locale\" content=\"nb_NO\" \/>\n<meta property=\"og:type\" content=\"article\" \/>\n<meta property=\"og:title\" content=\"That`s Mine sengesett sprinkelseng \/ junior, Mini flower\" \/>\n<meta property=\"og:description\" content=\"Overraskende vakre barnesengkl\u00e6r av organisk bomull gir det beste til ditt barn. Sengesettet best\u00e5r av et putevar og et dynetrekk laget av myk, organisk og sertifisert bomull. Dynetrekket har et superfint blomsterm\u00f8nster.&nbsp; M\u00e5l: 1 stk putevar 55&#215;35 cm og 1 stk dynetrekk 100&#215;130 cm. Materiale: 100 % OEKO-TEX sertifisert organisk bomull. Designer: That`s Mine Obs. [&hellip;]\" \/>\n<meta property=\"og:url\" content=\"https:\/\/babylove.se\/no\/produkt\/det-er-mitt-sengetoy-sprinkelseng-junior-mini-blomst\/\" \/>\n<meta property=\"og:site_name\" content=\"Babylove Norska\" \/>\n<meta property=\"article:modified_time\" content=\"2026-04-08T11:04:30+00:00\" \/>\n<meta property=\"og:image\" content=\"https:\/\/babylove.se\/no\/wp-content\/uploads\/sites\/3\/2025\/07\/621df89c1dc86.jpeg\" \/>\n\t<meta property=\"og:image:width\" content=\"1300\" \/>\n\t<meta property=\"og:image:height\" content=\"1300\" \/>\n\t<meta property=\"og:image:type\" content=\"image\/jpeg\" \/>\n<meta name=\"twitter:card\" content=\"summary_large_image\" \/>\n<meta name=\"twitter:label1\" content=\"Price\" \/>\n\t<meta name=\"twitter:data1\" content=\"499,00&nbsp;&#107;&#114;\" \/>\n\t<meta name=\"twitter:label2\" content=\"Availability\" \/>\n\t<meta name=\"twitter:data2\" content=\"In stock\" \/>\n<script type=\"application\/ld+json\" class=\"yoast-schema-graph\">{\"@context\":\"https:\/\/schema.org\",\"@graph\":[{\"@type\":\"WebPage\",\"@id\":\"https:\/\/babylove.se\/no\/produkt\/det-er-mitt-sengetoy-sprinkelseng-junior-mini-blomst\/\",\"url\":\"https:\/\/babylove.se\/no\/produkt\/det-er-mitt-sengetoy-sprinkelseng-junior-mini-blomst\/\",\"name\":\"That`s Mine sengesett sprinkelseng \/ junior, Mini flower - Babylove Norska\",\"isPartOf\":{\"@id\":\"https:\/\/babylove.se\/no\/#website\"},\"primaryImageOfPage\":{\"@id\":\"https:\/\/babylove.se\/no\/produkt\/det-er-mitt-sengetoy-sprinkelseng-junior-mini-blomst\/#primaryimage\"},\"image\":{\"@id\":\"https:\/\/babylove.se\/no\/produkt\/det-er-mitt-sengetoy-sprinkelseng-junior-mini-blomst\/#primaryimage\"},\"thumbnailUrl\":\"https:\/\/babylove.se\/no\/wp-content\/uploads\/sites\/3\/2025\/07\/621df89c1dc86.jpeg\",\"datePublished\":\"2025-07-18T23:38:38+00:00\",\"dateModified\":\"2026-04-08T11:04:30+00:00\",\"breadcrumb\":{\"@id\":\"https:\/\/babylove.se\/no\/produkt\/det-er-mitt-sengetoy-sprinkelseng-junior-mini-blomst\/#breadcrumb\"},\"inLanguage\":\"nb-NO\",\"potentialAction\":[{\"@type\":\"ReadAction\",\"target\":[\"https:\/\/babylove.se\/no\/produkt\/det-er-mitt-sengetoy-sprinkelseng-junior-mini-blomst\/\"]}]},{\"@type\":\"ImageObject\",\"inLanguage\":\"nb-NO\",\"@id\":\"https:\/\/babylove.se\/no\/produkt\/det-er-mitt-sengetoy-sprinkelseng-junior-mini-blomst\/#primaryimage\",\"url\":\"https:\/\/babylove.se\/no\/wp-content\/uploads\/sites\/3\/2025\/07\/621df89c1dc86.jpeg\",\"contentUrl\":\"https:\/\/babylove.se\/no\/wp-content\/uploads\/sites\/3\/2025\/07\/621df89c1dc86.jpeg\",\"width\":1300,\"height\":1300},{\"@type\":\"BreadcrumbList\",\"@id\":\"https:\/\/babylove.se\/no\/produkt\/det-er-mitt-sengetoy-sprinkelseng-junior-mini-blomst\/#breadcrumb\",\"itemListElement\":[{\"@type\":\"ListItem\",\"position\":1,\"name\":\"Hem\",\"item\":\"https:\/\/babylove.se\/no\/\"},{\"@type\":\"ListItem\",\"position\":2,\"name\":\"Butik\",\"item\":\"https:\/\/babylove.se\/no\/butik\/\"},{\"@type\":\"ListItem\",\"position\":3,\"name\":\"That`s Mine sengesett sprinkelseng \/ junior, Mini flower\"}]},{\"@type\":\"WebSite\",\"@id\":\"https:\/\/babylove.se\/no\/#website\",\"url\":\"https:\/\/babylove.se\/no\/\",\"name\":\"Babylove Norska\",\"description\":\"\",\"potentialAction\":[{\"@type\":\"SearchAction\",\"target\":{\"@type\":\"EntryPoint\",\"urlTemplate\":\"https:\/\/babylove.se\/no\/?s={search_term_string}\"},\"query-input\":{\"@type\":\"PropertyValueSpecification\",\"valueRequired\":true,\"valueName\":\"search_term_string\"}}],\"inLanguage\":\"nb-NO\"}]}<\/script>\n<meta property=\"product:brand\" content=\"That\u00b4s Mine\" \/>\n<meta property=\"product:price:amount\" content=\"499.00\" \/>\n<meta property=\"product:price:currency\" content=\"SEK\" \/>\n<meta property=\"og:availability\" content=\"instock\" \/>\n<meta property=\"product:availability\" content=\"instock\" \/>\n<meta property=\"product:retailer_item_id\" content=\"BD130\" \/>\n<meta property=\"product:condition\" content=\"new\" \/>\n<!-- \/ Yoast SEO Premium plugin. -->","yoast_head_json":{"title":"That`s Mine sengesett sprinkelseng \/ junior, Mini flower - Babylove Norska","robots":{"index":"noindex","follow":"follow","max-snippet":"max-snippet:-1","max-image-preview":"max-image-preview:large","max-video-preview":"max-video-preview:-1"},"og_locale":"nb_NO","og_type":"article","og_title":"That`s Mine sengesett sprinkelseng \/ junior, Mini flower","og_description":"Overraskende vakre barnesengkl\u00e6r av organisk bomull gir det beste til ditt barn. Sengesettet best\u00e5r av et putevar og et dynetrekk laget av myk, organisk og sertifisert bomull. Dynetrekket har et superfint blomsterm\u00f8nster.&nbsp; M\u00e5l: 1 stk putevar 55&#215;35 cm og 1 stk dynetrekk 100&#215;130 cm. Materiale: 100 % OEKO-TEX sertifisert organisk bomull. Designer: That`s Mine Obs. [&hellip;]","og_url":"https:\/\/babylove.se\/no\/produkt\/det-er-mitt-sengetoy-sprinkelseng-junior-mini-blomst\/","og_site_name":"Babylove Norska","article_modified_time":"2026-04-08T11:04:30+00:00","og_image":[{"width":1300,"height":1300,"url":"https:\/\/babylove.se\/no\/wp-content\/uploads\/sites\/3\/2025\/07\/621df89c1dc86.jpeg","type":"image\/jpeg"}],"twitter_card":"summary_large_image","twitter_misc":{"Price":"499,00&nbsp;&#107;&#114;","Availability":"In stock"},"schema":{"@context":"https:\/\/schema.org","@graph":[{"@type":"WebPage","@id":"https:\/\/babylove.se\/no\/produkt\/det-er-mitt-sengetoy-sprinkelseng-junior-mini-blomst\/","url":"https:\/\/babylove.se\/no\/produkt\/det-er-mitt-sengetoy-sprinkelseng-junior-mini-blomst\/","name":"That`s Mine sengesett sprinkelseng \/ junior, Mini flower - Babylove Norska","isPartOf":{"@id":"https:\/\/babylove.se\/no\/#website"},"primaryImageOfPage":{"@id":"https:\/\/babylove.se\/no\/produkt\/det-er-mitt-sengetoy-sprinkelseng-junior-mini-blomst\/#primaryimage"},"image":{"@id":"https:\/\/babylove.se\/no\/produkt\/det-er-mitt-sengetoy-sprinkelseng-junior-mini-blomst\/#primaryimage"},"thumbnailUrl":"https:\/\/babylove.se\/no\/wp-content\/uploads\/sites\/3\/2025\/07\/621df89c1dc86.jpeg","datePublished":"2025-07-18T23:38:38+00:00","dateModified":"2026-04-08T11:04:30+00:00","breadcrumb":{"@id":"https:\/\/babylove.se\/no\/produkt\/det-er-mitt-sengetoy-sprinkelseng-junior-mini-blomst\/#breadcrumb"},"inLanguage":"nb-NO","potentialAction":[{"@type":"ReadAction","target":["https:\/\/babylove.se\/no\/produkt\/det-er-mitt-sengetoy-sprinkelseng-junior-mini-blomst\/"]}]},{"@type":"ImageObject","inLanguage":"nb-NO","@id":"https:\/\/babylove.se\/no\/produkt\/det-er-mitt-sengetoy-sprinkelseng-junior-mini-blomst\/#primaryimage","url":"https:\/\/babylove.se\/no\/wp-content\/uploads\/sites\/3\/2025\/07\/621df89c1dc86.jpeg","contentUrl":"https:\/\/babylove.se\/no\/wp-content\/uploads\/sites\/3\/2025\/07\/621df89c1dc86.jpeg","width":1300,"height":1300},{"@type":"BreadcrumbList","@id":"https:\/\/babylove.se\/no\/produkt\/det-er-mitt-sengetoy-sprinkelseng-junior-mini-blomst\/#breadcrumb","itemListElement":[{"@type":"ListItem","position":1,"name":"Hem","item":"https:\/\/babylove.se\/no\/"},{"@type":"ListItem","position":2,"name":"Butik","item":"https:\/\/babylove.se\/no\/butik\/"},{"@type":"ListItem","position":3,"name":"That`s Mine sengesett sprinkelseng \/ junior, Mini flower"}]},{"@type":"WebSite","@id":"https:\/\/babylove.se\/no\/#website","url":"https:\/\/babylove.se\/no\/","name":"Babylove Norska","description":"","potentialAction":[{"@type":"SearchAction","target":{"@type":"EntryPoint","urlTemplate":"https:\/\/babylove.se\/no\/?s={search_term_string}"},"query-input":{"@type":"PropertyValueSpecification","valueRequired":true,"valueName":"search_term_string"}}],"inLanguage":"nb-NO"}]},"product_brand":"That\u00b4s Mine","product_price_amount":"499.00","product_price_currency":"SEK","og_availability":"instock","product_availability":"instock","product_retailer_item_id":"BD130","product_condition":"new"},"_links":{"self":[{"href":"https:\/\/babylove.se\/no\/wp-json\/wp\/v2\/product\/32927","targetHints":{"allow":["GET"]}}],"collection":[{"href":"https:\/\/babylove.se\/no\/wp-json\/wp\/v2\/product"}],"about":[{"href":"https:\/\/babylove.se\/no\/wp-json\/wp\/v2\/types\/product"}],"replies":[{"embeddable":true,"href":"https:\/\/babylove.se\/no\/wp-json\/wp\/v2\/comments?post=32927"}],"wp:featuredmedia":[{"embeddable":true,"href":"https:\/\/babylove.se\/no\/wp-json\/wp\/v2\/media\/32929"}],"wp:attachment":[{"href":"https:\/\/babylove.se\/no\/wp-json\/wp\/v2\/media?parent=32927"}],"wp:term":[{"taxonomy":"product_brand","embeddable":true,"href":"https:\/\/babylove.se\/no\/wp-json\/wp\/v2\/product_brand?post=32927"},{"taxonomy":"product_cat","embeddable":true,"href":"https:\/\/babylove.se\/no\/wp-json\/wp\/v2\/product_cat?post=32927"},{"taxonomy":"product_tag","embeddable":true,"href":"https:\/\/babylove.se\/no\/wp-json\/wp\/v2\/product_tag?post=32927"}],"curies":[{"name":"wp","href":"https:\/\/api.w.org\/{rel}","templated":true}]}}