{"id":3293,"date":"2025-07-18T20:14:39","date_gmt":"2025-07-18T19:14:39","guid":{"rendered":"https:\/\/babylove.se\/produkt\/vaggklistermarken-tre-ballonger-dekornik\/"},"modified":"2026-04-08T07:58:53","modified_gmt":"2026-04-08T06:58:53","slug":"veggklistremerker-tre-ballonger-dekorasjon","status":"publish","type":"product","link":"https:\/\/babylove.se\/no\/produkt\/veggklistremerker-tre-ballonger-dekorasjon\/","title":{"rendered":"Veggklistremerker &#8220;tre ballonger&#8221;, Dekornik"},"content":{"rendered":"<p>Disse ballongene gj\u00f8r seg meget bra over barneseng eller vogge, da de gir en f\u00f8lelse av lekfullhet og trygghet. Fargene er n\u00f8ye utvalgt og ogs\u00e5 meget popul\u00e6re.<\/p>\n<p>Veggklistremerker er enkle \u00e5 holde rene, takket v\u00e6re en beskyttende overflate er de enkle \u00e5 vaske med en fuktig klut. Veggklistremerkene sitter godt p\u00e5 veggen, men er samtidig enkle \u00e5 flytte rundt n\u00e5r du \u00f8nsker det, noe som gir dem en lang livssyklus.<\/p>\n<p>Total st\u00f8rrelse p\u00e5 hele veggdekorasjonen er 36 x 72 cm.<\/p>\n<p>Ballongene i seg selv har f\u00f8lgende m\u00e5l:<\/p>\n<p>Bl\u00e5: 17 cm x 44 cm<\/p>\n<p>Rosa: 20 cm x 51 cm<\/p>\n<p>Gr\u00e5: 15 cm x 38 cm<\/p>\n<p>Designer: <a href=\"https:\/\/babylove.se\/varumarken\/dekornik\"><u>Dekornik<\/u><\/a><\/p>\n<p><u>Obs! klistremerkene er ikke egnet for vegger med en grov overflate eller hvis de er malt med lateksmaling eller tapetsert.<\/u><\/p>\n<p><\/p>\n","protected":false},"excerpt":{"rendered":"<p>Disse ballongene gj\u00f8r seg meget bra over barneseng eller vogge, da de gir en f\u00f8lelse av lekfullhet og trygghet. Fargene er n\u00f8ye utvalgt og ogs\u00e5 meget popul\u00e6re. Veggklistremerker er enkle \u00e5 holde rene, takket v\u00e6re en beskyttende overflate er de enkle \u00e5 vaske med en fuktig klut. Veggklistremerkene sitter godt p\u00e5 veggen, men er samtidig [&hellip;]<\/p>\n","protected":false},"featured_media":3295,"comment_status":"closed","ping_status":"open","template":"","meta":{"_acf_changed":false},"product_brand":[190],"product_cat":[138,191,26,25,29,24,83],"product_tag":[1689],"class_list":{"0":"post-3293","1":"product","2":"type-product","3":"status-publish","4":"has-post-thumbnail","6":"product_brand-dekornik","7":"product_cat-ballonger","8":"product_cat-dekornik","9":"product_cat-kjop-produkter-som-ikke-bare-er-for-gutter","10":"product_cat-ikke-bare-jenter","11":"product_cat-veggdekorasjoner","12":"product_cat-veggklistremerker","13":"product_cat-veggklistremerker-barnerom","14":"product_tag-bestillingsvaror","16":"first","17":"instock","18":"taxable","19":"shipping-taxable","20":"purchasable","21":"product-type-simple"},"acf":[],"yoast_head":"<!-- This site is optimized with the Yoast SEO Premium plugin v25.8 (Yoast SEO v27.2) - https:\/\/yoast.com\/product\/yoast-seo-premium-wordpress\/ -->\n<title>Veggklistremerker &quot;tre ballonger&quot;, Dekornik - Babylove Norska<\/title>\n<meta name=\"description\" content=\"Dessa ballonger g\u00f6r sig mycket bra ovanf\u00f6r spj\u00e4ls\u00e4ngen eller vaggan, d\u00e5 de ger en k\u00e4nsla av lekfullhet och trygghet - skickas inom 24 timmar -\" \/>\n<meta name=\"robots\" content=\"noindex, follow, max-snippet:-1, max-image-preview:large, max-video-preview:-1\" \/>\n<meta property=\"og:locale\" content=\"nb_NO\" \/>\n<meta property=\"og:type\" content=\"article\" \/>\n<meta property=\"og:title\" content=\"Veggklistremerker &quot;tre ballonger&quot;, Dekornik\" \/>\n<meta property=\"og:description\" content=\"Dessa ballonger g\u00f6r sig mycket bra ovanf\u00f6r spj\u00e4ls\u00e4ngen eller vaggan, d\u00e5 de ger en k\u00e4nsla av lekfullhet och trygghet - skickas inom 24 timmar -\" \/>\n<meta property=\"og:url\" content=\"https:\/\/babylove.se\/no\/produkt\/veggklistremerker-tre-ballonger-dekorasjon\/\" \/>\n<meta property=\"og:site_name\" content=\"Babylove Norska\" \/>\n<meta property=\"article:modified_time\" content=\"2026-04-08T06:58:53+00:00\" \/>\n<meta property=\"og:image\" content=\"https:\/\/babylove.se\/no\/wp-content\/uploads\/sites\/3\/2025\/07\/593a8025d0515.jpeg\" \/>\n\t<meta property=\"og:image:width\" content=\"750\" \/>\n\t<meta property=\"og:image:height\" content=\"750\" \/>\n\t<meta property=\"og:image:type\" content=\"image\/jpeg\" \/>\n<meta name=\"twitter:card\" content=\"summary_large_image\" \/>\n<meta name=\"twitter:label1\" content=\"Price\" \/>\n\t<meta name=\"twitter:data1\" content=\"399,00&nbsp;&#107;&#114;\" \/>\n\t<meta name=\"twitter:label2\" content=\"Availability\" \/>\n\t<meta name=\"twitter:data2\" content=\"In stock\" \/>\n<script type=\"application\/ld+json\" class=\"yoast-schema-graph\">{\"@context\":\"https:\/\/schema.org\",\"@graph\":[{\"@type\":\"WebPage\",\"@id\":\"https:\/\/babylove.se\/no\/produkt\/veggklistremerker-tre-ballonger-dekorasjon\/\",\"url\":\"https:\/\/babylove.se\/no\/produkt\/veggklistremerker-tre-ballonger-dekorasjon\/\",\"name\":\"Veggklistremerker \\\"tre ballonger\\\", Dekornik - Babylove Norska\",\"isPartOf\":{\"@id\":\"https:\/\/babylove.se\/no\/#website\"},\"primaryImageOfPage\":{\"@id\":\"https:\/\/babylove.se\/no\/produkt\/veggklistremerker-tre-ballonger-dekorasjon\/#primaryimage\"},\"image\":{\"@id\":\"https:\/\/babylove.se\/no\/produkt\/veggklistremerker-tre-ballonger-dekorasjon\/#primaryimage\"},\"thumbnailUrl\":\"https:\/\/babylove.se\/no\/wp-content\/uploads\/sites\/3\/2025\/07\/593a8025d0515.jpeg\",\"datePublished\":\"2025-07-18T19:14:39+00:00\",\"dateModified\":\"2026-04-08T06:58:53+00:00\",\"description\":\"Dessa ballonger g\u00f6r sig mycket bra ovanf\u00f6r spj\u00e4ls\u00e4ngen eller vaggan, d\u00e5 de ger en k\u00e4nsla av lekfullhet och trygghet - skickas inom 24 timmar -\",\"breadcrumb\":{\"@id\":\"https:\/\/babylove.se\/no\/produkt\/veggklistremerker-tre-ballonger-dekorasjon\/#breadcrumb\"},\"inLanguage\":\"nb-NO\",\"potentialAction\":[{\"@type\":\"ReadAction\",\"target\":[\"https:\/\/babylove.se\/no\/produkt\/veggklistremerker-tre-ballonger-dekorasjon\/\"]}]},{\"@type\":\"ImageObject\",\"inLanguage\":\"nb-NO\",\"@id\":\"https:\/\/babylove.se\/no\/produkt\/veggklistremerker-tre-ballonger-dekorasjon\/#primaryimage\",\"url\":\"https:\/\/babylove.se\/no\/wp-content\/uploads\/sites\/3\/2025\/07\/593a8025d0515.jpeg\",\"contentUrl\":\"https:\/\/babylove.se\/no\/wp-content\/uploads\/sites\/3\/2025\/07\/593a8025d0515.jpeg\",\"width\":750,\"height\":750},{\"@type\":\"BreadcrumbList\",\"@id\":\"https:\/\/babylove.se\/no\/produkt\/veggklistremerker-tre-ballonger-dekorasjon\/#breadcrumb\",\"itemListElement\":[{\"@type\":\"ListItem\",\"position\":1,\"name\":\"Hem\",\"item\":\"https:\/\/babylove.se\/no\/\"},{\"@type\":\"ListItem\",\"position\":2,\"name\":\"Butik\",\"item\":\"https:\/\/babylove.se\/no\/butik\/\"},{\"@type\":\"ListItem\",\"position\":3,\"name\":\"Veggklistremerker &#8220;tre ballonger&#8221;, Dekornik\"}]},{\"@type\":\"WebSite\",\"@id\":\"https:\/\/babylove.se\/no\/#website\",\"url\":\"https:\/\/babylove.se\/no\/\",\"name\":\"Babylove Norska\",\"description\":\"\",\"potentialAction\":[{\"@type\":\"SearchAction\",\"target\":{\"@type\":\"EntryPoint\",\"urlTemplate\":\"https:\/\/babylove.se\/no\/?s={search_term_string}\"},\"query-input\":{\"@type\":\"PropertyValueSpecification\",\"valueRequired\":true,\"valueName\":\"search_term_string\"}}],\"inLanguage\":\"nb-NO\"}]}<\/script>\n<meta property=\"product:brand\" content=\"Dekornik\" \/>\n<meta property=\"product:price:amount\" content=\"399.00\" \/>\n<meta property=\"product:price:currency\" content=\"SEK\" \/>\n<meta property=\"og:availability\" content=\"instock\" \/>\n<meta property=\"product:availability\" content=\"instock\" \/>\n<meta property=\"product:retailer_item_id\" content=\"1187\" \/>\n<meta property=\"product:condition\" content=\"new\" \/>\n<!-- \/ Yoast SEO Premium plugin. -->","yoast_head_json":{"title":"Veggklistremerker \"tre ballonger\", Dekornik - Babylove Norska","description":"Dessa ballonger g\u00f6r sig mycket bra ovanf\u00f6r spj\u00e4ls\u00e4ngen eller vaggan, d\u00e5 de ger en k\u00e4nsla av lekfullhet och trygghet - skickas inom 24 timmar -","robots":{"index":"noindex","follow":"follow","max-snippet":"max-snippet:-1","max-image-preview":"max-image-preview:large","max-video-preview":"max-video-preview:-1"},"og_locale":"nb_NO","og_type":"article","og_title":"Veggklistremerker \"tre ballonger\", Dekornik","og_description":"Dessa ballonger g\u00f6r sig mycket bra ovanf\u00f6r spj\u00e4ls\u00e4ngen eller vaggan, d\u00e5 de ger en k\u00e4nsla av lekfullhet och trygghet - skickas inom 24 timmar -","og_url":"https:\/\/babylove.se\/no\/produkt\/veggklistremerker-tre-ballonger-dekorasjon\/","og_site_name":"Babylove Norska","article_modified_time":"2026-04-08T06:58:53+00:00","og_image":[{"width":750,"height":750,"url":"https:\/\/babylove.se\/no\/wp-content\/uploads\/sites\/3\/2025\/07\/593a8025d0515.jpeg","type":"image\/jpeg"}],"twitter_card":"summary_large_image","twitter_misc":{"Price":"399,00&nbsp;&#107;&#114;","Availability":"In stock"},"schema":{"@context":"https:\/\/schema.org","@graph":[{"@type":"WebPage","@id":"https:\/\/babylove.se\/no\/produkt\/veggklistremerker-tre-ballonger-dekorasjon\/","url":"https:\/\/babylove.se\/no\/produkt\/veggklistremerker-tre-ballonger-dekorasjon\/","name":"Veggklistremerker \"tre ballonger\", Dekornik - Babylove Norska","isPartOf":{"@id":"https:\/\/babylove.se\/no\/#website"},"primaryImageOfPage":{"@id":"https:\/\/babylove.se\/no\/produkt\/veggklistremerker-tre-ballonger-dekorasjon\/#primaryimage"},"image":{"@id":"https:\/\/babylove.se\/no\/produkt\/veggklistremerker-tre-ballonger-dekorasjon\/#primaryimage"},"thumbnailUrl":"https:\/\/babylove.se\/no\/wp-content\/uploads\/sites\/3\/2025\/07\/593a8025d0515.jpeg","datePublished":"2025-07-18T19:14:39+00:00","dateModified":"2026-04-08T06:58:53+00:00","description":"Dessa ballonger g\u00f6r sig mycket bra ovanf\u00f6r spj\u00e4ls\u00e4ngen eller vaggan, d\u00e5 de ger en k\u00e4nsla av lekfullhet och trygghet - skickas inom 24 timmar -","breadcrumb":{"@id":"https:\/\/babylove.se\/no\/produkt\/veggklistremerker-tre-ballonger-dekorasjon\/#breadcrumb"},"inLanguage":"nb-NO","potentialAction":[{"@type":"ReadAction","target":["https:\/\/babylove.se\/no\/produkt\/veggklistremerker-tre-ballonger-dekorasjon\/"]}]},{"@type":"ImageObject","inLanguage":"nb-NO","@id":"https:\/\/babylove.se\/no\/produkt\/veggklistremerker-tre-ballonger-dekorasjon\/#primaryimage","url":"https:\/\/babylove.se\/no\/wp-content\/uploads\/sites\/3\/2025\/07\/593a8025d0515.jpeg","contentUrl":"https:\/\/babylove.se\/no\/wp-content\/uploads\/sites\/3\/2025\/07\/593a8025d0515.jpeg","width":750,"height":750},{"@type":"BreadcrumbList","@id":"https:\/\/babylove.se\/no\/produkt\/veggklistremerker-tre-ballonger-dekorasjon\/#breadcrumb","itemListElement":[{"@type":"ListItem","position":1,"name":"Hem","item":"https:\/\/babylove.se\/no\/"},{"@type":"ListItem","position":2,"name":"Butik","item":"https:\/\/babylove.se\/no\/butik\/"},{"@type":"ListItem","position":3,"name":"Veggklistremerker &#8220;tre ballonger&#8221;, Dekornik"}]},{"@type":"WebSite","@id":"https:\/\/babylove.se\/no\/#website","url":"https:\/\/babylove.se\/no\/","name":"Babylove Norska","description":"","potentialAction":[{"@type":"SearchAction","target":{"@type":"EntryPoint","urlTemplate":"https:\/\/babylove.se\/no\/?s={search_term_string}"},"query-input":{"@type":"PropertyValueSpecification","valueRequired":true,"valueName":"search_term_string"}}],"inLanguage":"nb-NO"}]},"product_brand":"Dekornik","product_price_amount":"399.00","product_price_currency":"SEK","og_availability":"instock","product_availability":"instock","product_retailer_item_id":"1187","product_condition":"new"},"_links":{"self":[{"href":"https:\/\/babylove.se\/no\/wp-json\/wp\/v2\/product\/3293","targetHints":{"allow":["GET"]}}],"collection":[{"href":"https:\/\/babylove.se\/no\/wp-json\/wp\/v2\/product"}],"about":[{"href":"https:\/\/babylove.se\/no\/wp-json\/wp\/v2\/types\/product"}],"replies":[{"embeddable":true,"href":"https:\/\/babylove.se\/no\/wp-json\/wp\/v2\/comments?post=3293"}],"wp:featuredmedia":[{"embeddable":true,"href":"https:\/\/babylove.se\/no\/wp-json\/wp\/v2\/media\/3295"}],"wp:attachment":[{"href":"https:\/\/babylove.se\/no\/wp-json\/wp\/v2\/media?parent=3293"}],"wp:term":[{"taxonomy":"product_brand","embeddable":true,"href":"https:\/\/babylove.se\/no\/wp-json\/wp\/v2\/product_brand?post=3293"},{"taxonomy":"product_cat","embeddable":true,"href":"https:\/\/babylove.se\/no\/wp-json\/wp\/v2\/product_cat?post=3293"},{"taxonomy":"product_tag","embeddable":true,"href":"https:\/\/babylove.se\/no\/wp-json\/wp\/v2\/product_tag?post=3293"}],"curies":[{"name":"wp","href":"https:\/\/api.w.org\/{rel}","templated":true}]}}