{"id":3299,"date":"2025-07-18T20:14:39","date_gmt":"2025-07-18T19:14:39","guid":{"rendered":"https:\/\/babylove.se\/produkt\/vit-gunga-glamour\/"},"modified":"2026-04-08T07:58:56","modified_gmt":"2026-04-08T06:58:56","slug":"hvit-gyngestol-glamour","status":"publish","type":"product","link":"https:\/\/babylove.se\/no\/produkt\/hvit-gyngestol-glamour\/","title":{"rendered":"Krem gyngestol Glamour"},"content":{"rendered":"<p>Denne vakre barnehusken er en utrolig vakker m\u00f8bel som bidrar enormt til en god f\u00f8lelse n\u00e5r du skal innrede barnerommet, terrassen eller gj\u00f8re noe spesielt p\u00e5 verandaen. Husken er bygd i en tidl\u00f8s form og kommer til \u00e5 gi deg glede uansett \u00e5rstid eller v\u00e6r. Tauene er tykke, og barnet sitter komfortabelt p\u00e5 det myke setet. Med sitt unike utseende kommer denne husken til \u00e5 bli en favorittdetalj i deres hjem. I utvalget finnes ogs\u00e5 husker tilpasset de aller minste barna.&nbsp;<\/p>\n<p>Samtlige husker er 100 % h\u00e5ndlagde av personer som legger mye tid og engasjement i byggingen. De kommer derfor alltid til \u00e5 ha sitt eget unike utseende, to husker er aldri eksakte kopier av hverandre. Setet er kledd i fl\u00f8yel.&nbsp;<\/p>\n<p><strong>St\u00f8rrelse:<\/strong><\/p>\n<p>*Tauet passer til rommets h\u00f8yde p\u00e5 cirka 250-260 cm&nbsp;<\/p>\n<p>*Setets st\u00f8rrelse er 25 x 60 cm.&nbsp;<\/p>\n<p>*Til produktet medf\u00f8lger to solid kabinkroker som du enkelt fester p\u00e5 kroker som du selv henger opp i taket. Krokene medf\u00f8lger ikke, s\u00e5 s\u00f8rg for \u00e5 skaffe et par solide som holder for mye vekt.<\/p>\n<p>*Maks. vekt 140 kg<\/p>\n<p><strong>Fargen&nbsp;<\/strong>er creme (men kan f\u00e5s i gr\u00e5, mint, dusty pink eller pudderrosa).<\/p>\n<p>Advarsel: barnet b\u00f8r aldri forlates alene uten oppsyn i husken, selv ikke for et \u00f8yeblikk !!!<\/p>\n","protected":false},"excerpt":{"rendered":"<p>Denne vakre barnehusken er en utrolig vakker m\u00f8bel som bidrar enormt til en god f\u00f8lelse n\u00e5r du skal innrede barnerommet, terrassen eller gj\u00f8re noe spesielt p\u00e5 verandaen. Husken er bygd i en tidl\u00f8s form og kommer til \u00e5 gi deg glede uansett \u00e5rstid eller v\u00e6r. Tauene er tykke, og barnet sitter komfortabelt p\u00e5 det myke [&hellip;]<\/p>\n","protected":false},"featured_media":3301,"comment_status":"closed","ping_status":"open","template":"","meta":{"_acf_changed":false},"product_brand":[152],"product_cat":[70,154,153,25,155],"product_tag":[],"class_list":{"0":"post-3299","1":"product","2":"type-product","3":"status-publish","4":"has-post-thumbnail","6":"product_brand-zuzu-la","7":"product_cat-gaver","8":"product_cat-eksklusive-gynger-av-floyel-til-barnerommet-babylov","9":"product_cat-gungor","10":"product_cat-ikke-bare-jenter","11":"product_cat-zuzu-la","13":"first","14":"instock","15":"taxable","16":"shipping-taxable","17":"purchasable","18":"product-type-simple"},"acf":[],"yoast_head":"<!-- This site is optimized with the Yoast SEO Premium plugin v25.8 (Yoast SEO v27.2) - https:\/\/yoast.com\/product\/yoast-seo-premium-wordpress\/ -->\n<title>Vit glamour gunga - K\u00f6p direkt online<\/title>\n<meta name=\"description\" content=\"Denna vackra barngunga \u00e4r en vacker m\u00f6bel som bidrar enormt till en bra k\u00e4nsla n\u00e4r du ska inreda hemma - 14 dagars \u00f6ppet k\u00f6p - Fri frakt\" \/>\n<meta name=\"robots\" content=\"noindex, follow, max-snippet:-1, max-image-preview:large, max-video-preview:-1\" \/>\n<meta property=\"og:locale\" content=\"nb_NO\" \/>\n<meta property=\"og:type\" content=\"article\" \/>\n<meta property=\"og:title\" content=\"Krem gyngestol Glamour\" \/>\n<meta property=\"og:description\" content=\"Denna vackra barngunga \u00e4r en vacker m\u00f6bel som bidrar enormt till en bra k\u00e4nsla n\u00e4r du ska inreda hemma - 14 dagars \u00f6ppet k\u00f6p - Fri frakt\" \/>\n<meta property=\"og:url\" content=\"https:\/\/babylove.se\/no\/produkt\/hvit-gyngestol-glamour\/\" \/>\n<meta property=\"og:site_name\" content=\"Babylove Norska\" \/>\n<meta property=\"article:modified_time\" content=\"2026-04-08T06:58:56+00:00\" \/>\n<meta property=\"og:image\" content=\"https:\/\/babylove.se\/no\/wp-content\/uploads\/sites\/3\/2025\/07\/603e8db0aa1a5.png\" \/>\n\t<meta property=\"og:image:width\" content=\"513\" \/>\n\t<meta property=\"og:image:height\" content=\"750\" \/>\n\t<meta property=\"og:image:type\" content=\"image\/png\" \/>\n<meta name=\"twitter:card\" content=\"summary_large_image\" \/>\n<meta name=\"twitter:label1\" content=\"Price\" \/>\n\t<meta name=\"twitter:data1\" content=\"1 699,00&nbsp;&#107;&#114;\" \/>\n\t<meta name=\"twitter:label2\" content=\"Availability\" \/>\n\t<meta name=\"twitter:data2\" content=\"In stock\" \/>\n<script type=\"application\/ld+json\" class=\"yoast-schema-graph\">{\"@context\":\"https:\/\/schema.org\",\"@graph\":[{\"@type\":\"WebPage\",\"@id\":\"https:\/\/babylove.se\/no\/produkt\/hvit-gyngestol-glamour\/\",\"url\":\"https:\/\/babylove.se\/no\/produkt\/hvit-gyngestol-glamour\/\",\"name\":\"Vit glamour gunga - K\u00f6p direkt online\",\"isPartOf\":{\"@id\":\"https:\/\/babylove.se\/no\/#website\"},\"primaryImageOfPage\":{\"@id\":\"https:\/\/babylove.se\/no\/produkt\/hvit-gyngestol-glamour\/#primaryimage\"},\"image\":{\"@id\":\"https:\/\/babylove.se\/no\/produkt\/hvit-gyngestol-glamour\/#primaryimage\"},\"thumbnailUrl\":\"https:\/\/babylove.se\/no\/wp-content\/uploads\/sites\/3\/2025\/07\/603e8db0aa1a5.png\",\"datePublished\":\"2025-07-18T19:14:39+00:00\",\"dateModified\":\"2026-04-08T06:58:56+00:00\",\"description\":\"Denna vackra barngunga \u00e4r en vacker m\u00f6bel som bidrar enormt till en bra k\u00e4nsla n\u00e4r du ska inreda hemma - 14 dagars \u00f6ppet k\u00f6p - Fri frakt\",\"breadcrumb\":{\"@id\":\"https:\/\/babylove.se\/no\/produkt\/hvit-gyngestol-glamour\/#breadcrumb\"},\"inLanguage\":\"nb-NO\",\"potentialAction\":[{\"@type\":\"ReadAction\",\"target\":[\"https:\/\/babylove.se\/no\/produkt\/hvit-gyngestol-glamour\/\"]}]},{\"@type\":\"ImageObject\",\"inLanguage\":\"nb-NO\",\"@id\":\"https:\/\/babylove.se\/no\/produkt\/hvit-gyngestol-glamour\/#primaryimage\",\"url\":\"https:\/\/babylove.se\/no\/wp-content\/uploads\/sites\/3\/2025\/07\/603e8db0aa1a5.png\",\"contentUrl\":\"https:\/\/babylove.se\/no\/wp-content\/uploads\/sites\/3\/2025\/07\/603e8db0aa1a5.png\",\"width\":513,\"height\":750},{\"@type\":\"BreadcrumbList\",\"@id\":\"https:\/\/babylove.se\/no\/produkt\/hvit-gyngestol-glamour\/#breadcrumb\",\"itemListElement\":[{\"@type\":\"ListItem\",\"position\":1,\"name\":\"Hem\",\"item\":\"https:\/\/babylove.se\/no\/\"},{\"@type\":\"ListItem\",\"position\":2,\"name\":\"Butik\",\"item\":\"https:\/\/babylove.se\/no\/butik\/\"},{\"@type\":\"ListItem\",\"position\":3,\"name\":\"Krem gyngestol Glamour\"}]},{\"@type\":\"WebSite\",\"@id\":\"https:\/\/babylove.se\/no\/#website\",\"url\":\"https:\/\/babylove.se\/no\/\",\"name\":\"Babylove Norska\",\"description\":\"\",\"potentialAction\":[{\"@type\":\"SearchAction\",\"target\":{\"@type\":\"EntryPoint\",\"urlTemplate\":\"https:\/\/babylove.se\/no\/?s={search_term_string}\"},\"query-input\":{\"@type\":\"PropertyValueSpecification\",\"valueRequired\":true,\"valueName\":\"search_term_string\"}}],\"inLanguage\":\"nb-NO\"}]}<\/script>\n<meta property=\"product:brand\" content=\"Zuzu-La\" \/>\n<meta property=\"product:price:amount\" content=\"1699.00\" \/>\n<meta property=\"product:price:currency\" content=\"SEK\" \/>\n<meta property=\"og:availability\" content=\"instock\" \/>\n<meta property=\"product:availability\" content=\"instock\" \/>\n<meta property=\"product:retailer_item_id\" content=\"ZZ00006999\" \/>\n<meta property=\"product:condition\" content=\"new\" \/>\n<!-- \/ Yoast SEO Premium plugin. -->","yoast_head_json":{"title":"Vit glamour gunga - K\u00f6p direkt online","description":"Denna vackra barngunga \u00e4r en vacker m\u00f6bel som bidrar enormt till en bra k\u00e4nsla n\u00e4r du ska inreda hemma - 14 dagars \u00f6ppet k\u00f6p - Fri frakt","robots":{"index":"noindex","follow":"follow","max-snippet":"max-snippet:-1","max-image-preview":"max-image-preview:large","max-video-preview":"max-video-preview:-1"},"og_locale":"nb_NO","og_type":"article","og_title":"Krem gyngestol Glamour","og_description":"Denna vackra barngunga \u00e4r en vacker m\u00f6bel som bidrar enormt till en bra k\u00e4nsla n\u00e4r du ska inreda hemma - 14 dagars \u00f6ppet k\u00f6p - Fri frakt","og_url":"https:\/\/babylove.se\/no\/produkt\/hvit-gyngestol-glamour\/","og_site_name":"Babylove Norska","article_modified_time":"2026-04-08T06:58:56+00:00","og_image":[{"width":513,"height":750,"url":"https:\/\/babylove.se\/no\/wp-content\/uploads\/sites\/3\/2025\/07\/603e8db0aa1a5.png","type":"image\/png"}],"twitter_card":"summary_large_image","twitter_misc":{"Price":"1 699,00&nbsp;&#107;&#114;","Availability":"In stock"},"schema":{"@context":"https:\/\/schema.org","@graph":[{"@type":"WebPage","@id":"https:\/\/babylove.se\/no\/produkt\/hvit-gyngestol-glamour\/","url":"https:\/\/babylove.se\/no\/produkt\/hvit-gyngestol-glamour\/","name":"Vit glamour gunga - K\u00f6p direkt online","isPartOf":{"@id":"https:\/\/babylove.se\/no\/#website"},"primaryImageOfPage":{"@id":"https:\/\/babylove.se\/no\/produkt\/hvit-gyngestol-glamour\/#primaryimage"},"image":{"@id":"https:\/\/babylove.se\/no\/produkt\/hvit-gyngestol-glamour\/#primaryimage"},"thumbnailUrl":"https:\/\/babylove.se\/no\/wp-content\/uploads\/sites\/3\/2025\/07\/603e8db0aa1a5.png","datePublished":"2025-07-18T19:14:39+00:00","dateModified":"2026-04-08T06:58:56+00:00","description":"Denna vackra barngunga \u00e4r en vacker m\u00f6bel som bidrar enormt till en bra k\u00e4nsla n\u00e4r du ska inreda hemma - 14 dagars \u00f6ppet k\u00f6p - Fri frakt","breadcrumb":{"@id":"https:\/\/babylove.se\/no\/produkt\/hvit-gyngestol-glamour\/#breadcrumb"},"inLanguage":"nb-NO","potentialAction":[{"@type":"ReadAction","target":["https:\/\/babylove.se\/no\/produkt\/hvit-gyngestol-glamour\/"]}]},{"@type":"ImageObject","inLanguage":"nb-NO","@id":"https:\/\/babylove.se\/no\/produkt\/hvit-gyngestol-glamour\/#primaryimage","url":"https:\/\/babylove.se\/no\/wp-content\/uploads\/sites\/3\/2025\/07\/603e8db0aa1a5.png","contentUrl":"https:\/\/babylove.se\/no\/wp-content\/uploads\/sites\/3\/2025\/07\/603e8db0aa1a5.png","width":513,"height":750},{"@type":"BreadcrumbList","@id":"https:\/\/babylove.se\/no\/produkt\/hvit-gyngestol-glamour\/#breadcrumb","itemListElement":[{"@type":"ListItem","position":1,"name":"Hem","item":"https:\/\/babylove.se\/no\/"},{"@type":"ListItem","position":2,"name":"Butik","item":"https:\/\/babylove.se\/no\/butik\/"},{"@type":"ListItem","position":3,"name":"Krem gyngestol Glamour"}]},{"@type":"WebSite","@id":"https:\/\/babylove.se\/no\/#website","url":"https:\/\/babylove.se\/no\/","name":"Babylove Norska","description":"","potentialAction":[{"@type":"SearchAction","target":{"@type":"EntryPoint","urlTemplate":"https:\/\/babylove.se\/no\/?s={search_term_string}"},"query-input":{"@type":"PropertyValueSpecification","valueRequired":true,"valueName":"search_term_string"}}],"inLanguage":"nb-NO"}]},"product_brand":"Zuzu-La","product_price_amount":"1699.00","product_price_currency":"SEK","og_availability":"instock","product_availability":"instock","product_retailer_item_id":"ZZ00006999","product_condition":"new"},"_links":{"self":[{"href":"https:\/\/babylove.se\/no\/wp-json\/wp\/v2\/product\/3299","targetHints":{"allow":["GET"]}}],"collection":[{"href":"https:\/\/babylove.se\/no\/wp-json\/wp\/v2\/product"}],"about":[{"href":"https:\/\/babylove.se\/no\/wp-json\/wp\/v2\/types\/product"}],"replies":[{"embeddable":true,"href":"https:\/\/babylove.se\/no\/wp-json\/wp\/v2\/comments?post=3299"}],"wp:featuredmedia":[{"embeddable":true,"href":"https:\/\/babylove.se\/no\/wp-json\/wp\/v2\/media\/3301"}],"wp:attachment":[{"href":"https:\/\/babylove.se\/no\/wp-json\/wp\/v2\/media?parent=3299"}],"wp:term":[{"taxonomy":"product_brand","embeddable":true,"href":"https:\/\/babylove.se\/no\/wp-json\/wp\/v2\/product_brand?post=3299"},{"taxonomy":"product_cat","embeddable":true,"href":"https:\/\/babylove.se\/no\/wp-json\/wp\/v2\/product_cat?post=3299"},{"taxonomy":"product_tag","embeddable":true,"href":"https:\/\/babylove.se\/no\/wp-json\/wp\/v2\/product_tag?post=3299"}],"curies":[{"name":"wp","href":"https:\/\/api.w.org\/{rel}","templated":true}]}}