{"id":33130,"date":"2025-07-19T00:42:09","date_gmt":"2025-07-18T23:42:09","guid":{"rendered":"https:\/\/babylove.se\/produkt\/thats-mine-forvaringsbox-stor-clover-meadow\/"},"modified":"2026-04-08T12:04:54","modified_gmt":"2026-04-08T11:04:54","slug":"det-er-min-oppbevaringsboks-stor-klovereng","status":"publish","type":"product","link":"https:\/\/babylove.se\/no\/produkt\/det-er-min-oppbevaringsboks-stor-klovereng\/","title":{"rendered":"That&#8217;s mine, Oppbevaringsboks stor, Clover meadow"},"content":{"rendered":"<p>En vakker og praktisk oppbevaringsboks fra That&#8217;s mine gj\u00f8r oppbevaringen i barnerommet ditt enklere. Oppbevaringsboksen er laget av slitesterkt og robust stoff, med et vakkert kl\u00f8vermotiv som barnet ditt vil elske. Oppbevaringsboksen er firkantet og perfekt for \u00e5 oppbevare tepper, leker eller hvorfor ikke babyen din sine bleier og vaskekluter. Praktisk, samtidig som den er en fin detalj til barnerommets innredning.<\/p>\n<p><strong>M\u00e5l<\/strong>: 31 x 31 x 31 cm<br \/><strong>Materiale<\/strong>: 100 % bomull og fyllning med b\u00f8lgepapp.<\/p>\n<p>Designer: <a href=\"https:\/\/babylove.se\/varumarken\/thats-mine\">That&#8217;s mine<\/a><\/p>\n","protected":false},"excerpt":{"rendered":"<p>En vakker og praktisk oppbevaringsboks fra That&#8217;s mine gj\u00f8r oppbevaringen i barnerommet ditt enklere. Oppbevaringsboksen er laget av slitesterkt og robust stoff, med et vakkert kl\u00f8vermotiv som barnet ditt vil elske. Oppbevaringsboksen er firkantet og perfekt for \u00e5 oppbevare tepper, leker eller hvorfor ikke babyen din sine bleier og vaskekluter. Praktisk, samtidig som den er [&hellip;]<\/p>\n","protected":false},"featured_media":33132,"comment_status":"closed","ping_status":"open","template":"","meta":{"_acf_changed":false},"product_brand":[749],"product_cat":[43,750],"product_tag":[],"class_list":{"0":"post-33130","1":"product","2":"type-product","3":"status-publish","4":"has-post-thumbnail","6":"product_brand-thats-mine","7":"product_cat-oppbevaringskurver","8":"product_cat-thats-mine","10":"first","11":"outofstock","12":"taxable","13":"shipping-taxable","14":"purchasable","15":"product-type-simple"},"acf":[],"yoast_head":"<!-- This site is optimized with the Yoast SEO Premium plugin v25.8 (Yoast SEO v27.2) - https:\/\/yoast.com\/product\/yoast-seo-premium-wordpress\/ -->\n<title>That&#039;s mine, Oppbevaringsboks stor, Clover meadow - Babylove Norska<\/title>\n<meta name=\"description\" content=\"Ett vackert och praktiskt set fr\u00e5n FORM Living underl\u00e4ttar f\u00f6rvaringen i ditt barnrum. F\u00f6rvaringsboxarna \u00e4r gjorda i slitstarkt och t\u00e5ligt tyg ! K\u00f6p den h\u00e4r\" \/>\n<meta name=\"robots\" content=\"noindex, follow, max-snippet:-1, max-image-preview:large, max-video-preview:-1\" \/>\n<meta property=\"og:locale\" content=\"nb_NO\" \/>\n<meta property=\"og:type\" content=\"article\" \/>\n<meta property=\"og:title\" content=\"That&#039;s mine, Oppbevaringsboks stor, Clover meadow\" \/>\n<meta property=\"og:description\" content=\"Ett vackert och praktiskt set fr\u00e5n FORM Living underl\u00e4ttar f\u00f6rvaringen i ditt barnrum. F\u00f6rvaringsboxarna \u00e4r gjorda i slitstarkt och t\u00e5ligt tyg ! K\u00f6p den h\u00e4r\" \/>\n<meta property=\"og:url\" content=\"https:\/\/babylove.se\/no\/produkt\/det-er-min-oppbevaringsboks-stor-klovereng\/\" \/>\n<meta property=\"og:site_name\" content=\"Babylove Norska\" \/>\n<meta property=\"article:modified_time\" content=\"2026-04-08T11:04:54+00:00\" \/>\n<meta property=\"og:image\" content=\"https:\/\/babylove.se\/no\/wp-content\/uploads\/sites\/3\/2025\/07\/621f90e748c2a.jpeg\" \/>\n\t<meta property=\"og:image:width\" content=\"1080\" \/>\n\t<meta property=\"og:image:height\" content=\"1080\" \/>\n\t<meta property=\"og:image:type\" content=\"image\/jpeg\" \/>\n<meta name=\"twitter:card\" content=\"summary_large_image\" \/>\n<meta name=\"twitter:label1\" content=\"Price\" \/>\n\t<meta name=\"twitter:data1\" content=\"189,00&nbsp;&#107;&#114;\" \/>\n\t<meta name=\"twitter:label2\" content=\"Availability\" \/>\n\t<meta name=\"twitter:data2\" content=\"Out of stock\" \/>\n<script type=\"application\/ld+json\" class=\"yoast-schema-graph\">{\"@context\":\"https:\/\/schema.org\",\"@graph\":[{\"@type\":\"WebPage\",\"@id\":\"https:\/\/babylove.se\/no\/produkt\/det-er-min-oppbevaringsboks-stor-klovereng\/\",\"url\":\"https:\/\/babylove.se\/no\/produkt\/det-er-min-oppbevaringsboks-stor-klovereng\/\",\"name\":\"That's mine, Oppbevaringsboks stor, Clover meadow - Babylove Norska\",\"isPartOf\":{\"@id\":\"https:\/\/babylove.se\/no\/#website\"},\"primaryImageOfPage\":{\"@id\":\"https:\/\/babylove.se\/no\/produkt\/det-er-min-oppbevaringsboks-stor-klovereng\/#primaryimage\"},\"image\":{\"@id\":\"https:\/\/babylove.se\/no\/produkt\/det-er-min-oppbevaringsboks-stor-klovereng\/#primaryimage\"},\"thumbnailUrl\":\"https:\/\/babylove.se\/no\/wp-content\/uploads\/sites\/3\/2025\/07\/621f90e748c2a.jpeg\",\"datePublished\":\"2025-07-18T23:42:09+00:00\",\"dateModified\":\"2026-04-08T11:04:54+00:00\",\"description\":\"Ett vackert och praktiskt set fr\u00e5n FORM Living underl\u00e4ttar f\u00f6rvaringen i ditt barnrum. F\u00f6rvaringsboxarna \u00e4r gjorda i slitstarkt och t\u00e5ligt tyg ! K\u00f6p den h\u00e4r\",\"breadcrumb\":{\"@id\":\"https:\/\/babylove.se\/no\/produkt\/det-er-min-oppbevaringsboks-stor-klovereng\/#breadcrumb\"},\"inLanguage\":\"nb-NO\",\"potentialAction\":[{\"@type\":\"ReadAction\",\"target\":[\"https:\/\/babylove.se\/no\/produkt\/det-er-min-oppbevaringsboks-stor-klovereng\/\"]}]},{\"@type\":\"ImageObject\",\"inLanguage\":\"nb-NO\",\"@id\":\"https:\/\/babylove.se\/no\/produkt\/det-er-min-oppbevaringsboks-stor-klovereng\/#primaryimage\",\"url\":\"https:\/\/babylove.se\/no\/wp-content\/uploads\/sites\/3\/2025\/07\/621f90e748c2a.jpeg\",\"contentUrl\":\"https:\/\/babylove.se\/no\/wp-content\/uploads\/sites\/3\/2025\/07\/621f90e748c2a.jpeg\",\"width\":1080,\"height\":1080},{\"@type\":\"BreadcrumbList\",\"@id\":\"https:\/\/babylove.se\/no\/produkt\/det-er-min-oppbevaringsboks-stor-klovereng\/#breadcrumb\",\"itemListElement\":[{\"@type\":\"ListItem\",\"position\":1,\"name\":\"Hem\",\"item\":\"https:\/\/babylove.se\/no\/\"},{\"@type\":\"ListItem\",\"position\":2,\"name\":\"Butik\",\"item\":\"https:\/\/babylove.se\/no\/butik\/\"},{\"@type\":\"ListItem\",\"position\":3,\"name\":\"That&#8217;s mine, Oppbevaringsboks stor, Clover meadow\"}]},{\"@type\":\"WebSite\",\"@id\":\"https:\/\/babylove.se\/no\/#website\",\"url\":\"https:\/\/babylove.se\/no\/\",\"name\":\"Babylove Norska\",\"description\":\"\",\"potentialAction\":[{\"@type\":\"SearchAction\",\"target\":{\"@type\":\"EntryPoint\",\"urlTemplate\":\"https:\/\/babylove.se\/no\/?s={search_term_string}\"},\"query-input\":{\"@type\":\"PropertyValueSpecification\",\"valueRequired\":true,\"valueName\":\"search_term_string\"}}],\"inLanguage\":\"nb-NO\"}]}<\/script>\n<meta property=\"product:brand\" content=\"That\u00b4s Mine\" \/>\n<meta property=\"product:price:amount\" content=\"189.00\" \/>\n<meta property=\"product:price:currency\" content=\"SEK\" \/>\n<meta property=\"og:availability\" content=\"out of stock\" \/>\n<meta property=\"product:availability\" content=\"out of stock\" \/>\n<meta property=\"product:retailer_item_id\" content=\"SB101\" \/>\n<meta property=\"product:condition\" content=\"new\" \/>\n<!-- \/ Yoast SEO Premium plugin. -->","yoast_head_json":{"title":"That's mine, Oppbevaringsboks stor, Clover meadow - Babylove Norska","description":"Ett vackert och praktiskt set fr\u00e5n FORM Living underl\u00e4ttar f\u00f6rvaringen i ditt barnrum. F\u00f6rvaringsboxarna \u00e4r gjorda i slitstarkt och t\u00e5ligt tyg ! K\u00f6p den h\u00e4r","robots":{"index":"noindex","follow":"follow","max-snippet":"max-snippet:-1","max-image-preview":"max-image-preview:large","max-video-preview":"max-video-preview:-1"},"og_locale":"nb_NO","og_type":"article","og_title":"That's mine, Oppbevaringsboks stor, Clover meadow","og_description":"Ett vackert och praktiskt set fr\u00e5n FORM Living underl\u00e4ttar f\u00f6rvaringen i ditt barnrum. F\u00f6rvaringsboxarna \u00e4r gjorda i slitstarkt och t\u00e5ligt tyg ! K\u00f6p den h\u00e4r","og_url":"https:\/\/babylove.se\/no\/produkt\/det-er-min-oppbevaringsboks-stor-klovereng\/","og_site_name":"Babylove Norska","article_modified_time":"2026-04-08T11:04:54+00:00","og_image":[{"width":1080,"height":1080,"url":"https:\/\/babylove.se\/no\/wp-content\/uploads\/sites\/3\/2025\/07\/621f90e748c2a.jpeg","type":"image\/jpeg"}],"twitter_card":"summary_large_image","twitter_misc":{"Price":"189,00&nbsp;&#107;&#114;","Availability":"Out of stock"},"schema":{"@context":"https:\/\/schema.org","@graph":[{"@type":"WebPage","@id":"https:\/\/babylove.se\/no\/produkt\/det-er-min-oppbevaringsboks-stor-klovereng\/","url":"https:\/\/babylove.se\/no\/produkt\/det-er-min-oppbevaringsboks-stor-klovereng\/","name":"That's mine, Oppbevaringsboks stor, Clover meadow - Babylove Norska","isPartOf":{"@id":"https:\/\/babylove.se\/no\/#website"},"primaryImageOfPage":{"@id":"https:\/\/babylove.se\/no\/produkt\/det-er-min-oppbevaringsboks-stor-klovereng\/#primaryimage"},"image":{"@id":"https:\/\/babylove.se\/no\/produkt\/det-er-min-oppbevaringsboks-stor-klovereng\/#primaryimage"},"thumbnailUrl":"https:\/\/babylove.se\/no\/wp-content\/uploads\/sites\/3\/2025\/07\/621f90e748c2a.jpeg","datePublished":"2025-07-18T23:42:09+00:00","dateModified":"2026-04-08T11:04:54+00:00","description":"Ett vackert och praktiskt set fr\u00e5n FORM Living underl\u00e4ttar f\u00f6rvaringen i ditt barnrum. F\u00f6rvaringsboxarna \u00e4r gjorda i slitstarkt och t\u00e5ligt tyg ! K\u00f6p den h\u00e4r","breadcrumb":{"@id":"https:\/\/babylove.se\/no\/produkt\/det-er-min-oppbevaringsboks-stor-klovereng\/#breadcrumb"},"inLanguage":"nb-NO","potentialAction":[{"@type":"ReadAction","target":["https:\/\/babylove.se\/no\/produkt\/det-er-min-oppbevaringsboks-stor-klovereng\/"]}]},{"@type":"ImageObject","inLanguage":"nb-NO","@id":"https:\/\/babylove.se\/no\/produkt\/det-er-min-oppbevaringsboks-stor-klovereng\/#primaryimage","url":"https:\/\/babylove.se\/no\/wp-content\/uploads\/sites\/3\/2025\/07\/621f90e748c2a.jpeg","contentUrl":"https:\/\/babylove.se\/no\/wp-content\/uploads\/sites\/3\/2025\/07\/621f90e748c2a.jpeg","width":1080,"height":1080},{"@type":"BreadcrumbList","@id":"https:\/\/babylove.se\/no\/produkt\/det-er-min-oppbevaringsboks-stor-klovereng\/#breadcrumb","itemListElement":[{"@type":"ListItem","position":1,"name":"Hem","item":"https:\/\/babylove.se\/no\/"},{"@type":"ListItem","position":2,"name":"Butik","item":"https:\/\/babylove.se\/no\/butik\/"},{"@type":"ListItem","position":3,"name":"That&#8217;s mine, Oppbevaringsboks stor, Clover meadow"}]},{"@type":"WebSite","@id":"https:\/\/babylove.se\/no\/#website","url":"https:\/\/babylove.se\/no\/","name":"Babylove Norska","description":"","potentialAction":[{"@type":"SearchAction","target":{"@type":"EntryPoint","urlTemplate":"https:\/\/babylove.se\/no\/?s={search_term_string}"},"query-input":{"@type":"PropertyValueSpecification","valueRequired":true,"valueName":"search_term_string"}}],"inLanguage":"nb-NO"}]},"product_brand":"That\u00b4s Mine","product_price_amount":"189.00","product_price_currency":"SEK","og_availability":"out of stock","product_availability":"out of stock","product_retailer_item_id":"SB101","product_condition":"new"},"_links":{"self":[{"href":"https:\/\/babylove.se\/no\/wp-json\/wp\/v2\/product\/33130","targetHints":{"allow":["GET"]}}],"collection":[{"href":"https:\/\/babylove.se\/no\/wp-json\/wp\/v2\/product"}],"about":[{"href":"https:\/\/babylove.se\/no\/wp-json\/wp\/v2\/types\/product"}],"replies":[{"embeddable":true,"href":"https:\/\/babylove.se\/no\/wp-json\/wp\/v2\/comments?post=33130"}],"wp:featuredmedia":[{"embeddable":true,"href":"https:\/\/babylove.se\/no\/wp-json\/wp\/v2\/media\/33132"}],"wp:attachment":[{"href":"https:\/\/babylove.se\/no\/wp-json\/wp\/v2\/media?parent=33130"}],"wp:term":[{"taxonomy":"product_brand","embeddable":true,"href":"https:\/\/babylove.se\/no\/wp-json\/wp\/v2\/product_brand?post=33130"},{"taxonomy":"product_cat","embeddable":true,"href":"https:\/\/babylove.se\/no\/wp-json\/wp\/v2\/product_cat?post=33130"},{"taxonomy":"product_tag","embeddable":true,"href":"https:\/\/babylove.se\/no\/wp-json\/wp\/v2\/product_tag?post=33130"}],"curies":[{"name":"wp","href":"https:\/\/api.w.org\/{rel}","templated":true}]}}