{"id":33136,"date":"2025-07-19T00:42:09","date_gmt":"2025-07-18T23:42:09","guid":{"rendered":"https:\/\/babylove.se\/produkt\/thats-mine-forvaringsbox-liten-clover-meadow\/"},"modified":"2026-04-08T12:04:57","modified_gmt":"2026-04-08T11:04:57","slug":"det-er-min-oppbevaringsboks-liten-klover-eng","status":"publish","type":"product","link":"https:\/\/babylove.se\/no\/produkt\/det-er-min-oppbevaringsboks-liten-klover-eng\/","title":{"rendered":"That&#8217;s mine, Oppbevaringsboks liten, Clover meadow"},"content":{"rendered":"<p>En vakker og praktisk oppbevaringsboks fra That&#8217;s mine letter oppbevaringen i barnerommet ditt. Oppbevaringsboksen er laget av slitesterkt og holdbart stoff, med et vakkert kl\u00f8vermotiv som barnet ditt kommer til \u00e5 elske. Oppbevaringsboksen er firkantet og perfekt for \u00e5 oppbevare tepper, leker eller hvorfor ikke babyens bleier og vaskekluter. Praktisk, samtidig som den er en fin detalj til barneroomsinnredningen.<\/p>\n<p><strong>M\u00e5l<\/strong>: 15,5 x 31 x 31 cm<br \/><strong>Materiale<\/strong>: 100 % bomull og fylling med b\u00f8lgepapp.<\/p>\n<p>Designer: <a href=\"https:\/\/babylove.se\/varumarken\/thats-mine\">That&#8217;s mine<\/a><\/p>\n","protected":false},"excerpt":{"rendered":"<p>En vakker og praktisk oppbevaringsboks fra That&#8217;s mine letter oppbevaringen i barnerommet ditt. Oppbevaringsboksen er laget av slitesterkt og holdbart stoff, med et vakkert kl\u00f8vermotiv som barnet ditt kommer til \u00e5 elske. Oppbevaringsboksen er firkantet og perfekt for \u00e5 oppbevare tepper, leker eller hvorfor ikke babyens bleier og vaskekluter. Praktisk, samtidig som den er en [&hellip;]<\/p>\n","protected":false},"featured_media":33138,"comment_status":"closed","ping_status":"open","template":"","meta":{"_acf_changed":false},"product_brand":[749],"product_cat":[43,750],"product_tag":[],"class_list":{"0":"post-33136","1":"product","2":"type-product","3":"status-publish","4":"has-post-thumbnail","6":"product_brand-thats-mine","7":"product_cat-oppbevaringskurver","8":"product_cat-thats-mine","10":"first","11":"outofstock","12":"taxable","13":"shipping-taxable","14":"purchasable","15":"product-type-simple"},"acf":[],"yoast_head":"<!-- This site is optimized with the Yoast SEO Premium plugin v25.8 (Yoast SEO v27.2) - https:\/\/yoast.com\/product\/yoast-seo-premium-wordpress\/ -->\n<title>That&#039;s mine, Oppbevaringsboks liten, Clover meadow - Babylove Norska<\/title>\n<meta name=\"description\" content=\"Ett vackert och praktiskt set fr\u00e5n FORM Living underl\u00e4ttar f\u00f6rvaringen i ditt barnrum. F\u00f6rvaringsboxarna \u00e4r gjorda i slitstarkt och t\u00e5ligt tyg ! K\u00f6p den h\u00e4r\" \/>\n<meta name=\"robots\" content=\"noindex, follow, max-snippet:-1, max-image-preview:large, max-video-preview:-1\" \/>\n<meta property=\"og:locale\" content=\"nb_NO\" \/>\n<meta property=\"og:type\" content=\"article\" \/>\n<meta property=\"og:title\" content=\"That&#039;s mine, Oppbevaringsboks liten, Clover meadow\" \/>\n<meta property=\"og:description\" content=\"Ett vackert och praktiskt set fr\u00e5n FORM Living underl\u00e4ttar f\u00f6rvaringen i ditt barnrum. F\u00f6rvaringsboxarna \u00e4r gjorda i slitstarkt och t\u00e5ligt tyg ! K\u00f6p den h\u00e4r\" \/>\n<meta property=\"og:url\" content=\"https:\/\/babylove.se\/no\/produkt\/det-er-min-oppbevaringsboks-liten-klover-eng\/\" \/>\n<meta property=\"og:site_name\" content=\"Babylove Norska\" \/>\n<meta property=\"article:modified_time\" content=\"2026-04-08T11:04:57+00:00\" \/>\n<meta property=\"og:image\" content=\"https:\/\/babylove.se\/no\/wp-content\/uploads\/sites\/3\/2025\/07\/621f9284bf68c.jpeg\" \/>\n\t<meta property=\"og:image:width\" content=\"2048\" \/>\n\t<meta property=\"og:image:height\" content=\"2048\" \/>\n\t<meta property=\"og:image:type\" content=\"image\/jpeg\" \/>\n<meta name=\"twitter:card\" content=\"summary_large_image\" \/>\n<meta name=\"twitter:label1\" content=\"Price\" \/>\n\t<meta name=\"twitter:data1\" content=\"139,00&nbsp;&#107;&#114;\" \/>\n\t<meta name=\"twitter:label2\" content=\"Availability\" \/>\n\t<meta name=\"twitter:data2\" content=\"Out of stock\" \/>\n<script type=\"application\/ld+json\" class=\"yoast-schema-graph\">{\"@context\":\"https:\/\/schema.org\",\"@graph\":[{\"@type\":\"WebPage\",\"@id\":\"https:\/\/babylove.se\/no\/produkt\/det-er-min-oppbevaringsboks-liten-klover-eng\/\",\"url\":\"https:\/\/babylove.se\/no\/produkt\/det-er-min-oppbevaringsboks-liten-klover-eng\/\",\"name\":\"That's mine, Oppbevaringsboks liten, Clover meadow - Babylove Norska\",\"isPartOf\":{\"@id\":\"https:\/\/babylove.se\/no\/#website\"},\"primaryImageOfPage\":{\"@id\":\"https:\/\/babylove.se\/no\/produkt\/det-er-min-oppbevaringsboks-liten-klover-eng\/#primaryimage\"},\"image\":{\"@id\":\"https:\/\/babylove.se\/no\/produkt\/det-er-min-oppbevaringsboks-liten-klover-eng\/#primaryimage\"},\"thumbnailUrl\":\"https:\/\/babylove.se\/no\/wp-content\/uploads\/sites\/3\/2025\/07\/621f9284bf68c.jpeg\",\"datePublished\":\"2025-07-18T23:42:09+00:00\",\"dateModified\":\"2026-04-08T11:04:57+00:00\",\"description\":\"Ett vackert och praktiskt set fr\u00e5n FORM Living underl\u00e4ttar f\u00f6rvaringen i ditt barnrum. F\u00f6rvaringsboxarna \u00e4r gjorda i slitstarkt och t\u00e5ligt tyg ! K\u00f6p den h\u00e4r\",\"breadcrumb\":{\"@id\":\"https:\/\/babylove.se\/no\/produkt\/det-er-min-oppbevaringsboks-liten-klover-eng\/#breadcrumb\"},\"inLanguage\":\"nb-NO\",\"potentialAction\":[{\"@type\":\"ReadAction\",\"target\":[\"https:\/\/babylove.se\/no\/produkt\/det-er-min-oppbevaringsboks-liten-klover-eng\/\"]}]},{\"@type\":\"ImageObject\",\"inLanguage\":\"nb-NO\",\"@id\":\"https:\/\/babylove.se\/no\/produkt\/det-er-min-oppbevaringsboks-liten-klover-eng\/#primaryimage\",\"url\":\"https:\/\/babylove.se\/no\/wp-content\/uploads\/sites\/3\/2025\/07\/621f9284bf68c.jpeg\",\"contentUrl\":\"https:\/\/babylove.se\/no\/wp-content\/uploads\/sites\/3\/2025\/07\/621f9284bf68c.jpeg\",\"width\":2048,\"height\":2048},{\"@type\":\"BreadcrumbList\",\"@id\":\"https:\/\/babylove.se\/no\/produkt\/det-er-min-oppbevaringsboks-liten-klover-eng\/#breadcrumb\",\"itemListElement\":[{\"@type\":\"ListItem\",\"position\":1,\"name\":\"Hem\",\"item\":\"https:\/\/babylove.se\/no\/\"},{\"@type\":\"ListItem\",\"position\":2,\"name\":\"Butik\",\"item\":\"https:\/\/babylove.se\/no\/butik\/\"},{\"@type\":\"ListItem\",\"position\":3,\"name\":\"That&#8217;s mine, Oppbevaringsboks liten, Clover meadow\"}]},{\"@type\":\"WebSite\",\"@id\":\"https:\/\/babylove.se\/no\/#website\",\"url\":\"https:\/\/babylove.se\/no\/\",\"name\":\"Babylove Norska\",\"description\":\"\",\"potentialAction\":[{\"@type\":\"SearchAction\",\"target\":{\"@type\":\"EntryPoint\",\"urlTemplate\":\"https:\/\/babylove.se\/no\/?s={search_term_string}\"},\"query-input\":{\"@type\":\"PropertyValueSpecification\",\"valueRequired\":true,\"valueName\":\"search_term_string\"}}],\"inLanguage\":\"nb-NO\"}]}<\/script>\n<meta property=\"product:brand\" content=\"That\u00b4s Mine\" \/>\n<meta property=\"product:price:amount\" content=\"139.00\" \/>\n<meta property=\"product:price:currency\" content=\"SEK\" \/>\n<meta property=\"og:availability\" content=\"out of stock\" \/>\n<meta property=\"product:availability\" content=\"out of stock\" \/>\n<meta property=\"product:retailer_item_id\" content=\"SB103\" \/>\n<meta property=\"product:condition\" content=\"new\" \/>\n<!-- \/ Yoast SEO Premium plugin. -->","yoast_head_json":{"title":"That's mine, Oppbevaringsboks liten, Clover meadow - Babylove Norska","description":"Ett vackert och praktiskt set fr\u00e5n FORM Living underl\u00e4ttar f\u00f6rvaringen i ditt barnrum. F\u00f6rvaringsboxarna \u00e4r gjorda i slitstarkt och t\u00e5ligt tyg ! K\u00f6p den h\u00e4r","robots":{"index":"noindex","follow":"follow","max-snippet":"max-snippet:-1","max-image-preview":"max-image-preview:large","max-video-preview":"max-video-preview:-1"},"og_locale":"nb_NO","og_type":"article","og_title":"That's mine, Oppbevaringsboks liten, Clover meadow","og_description":"Ett vackert och praktiskt set fr\u00e5n FORM Living underl\u00e4ttar f\u00f6rvaringen i ditt barnrum. F\u00f6rvaringsboxarna \u00e4r gjorda i slitstarkt och t\u00e5ligt tyg ! K\u00f6p den h\u00e4r","og_url":"https:\/\/babylove.se\/no\/produkt\/det-er-min-oppbevaringsboks-liten-klover-eng\/","og_site_name":"Babylove Norska","article_modified_time":"2026-04-08T11:04:57+00:00","og_image":[{"width":2048,"height":2048,"url":"https:\/\/babylove.se\/no\/wp-content\/uploads\/sites\/3\/2025\/07\/621f9284bf68c.jpeg","type":"image\/jpeg"}],"twitter_card":"summary_large_image","twitter_misc":{"Price":"139,00&nbsp;&#107;&#114;","Availability":"Out of stock"},"schema":{"@context":"https:\/\/schema.org","@graph":[{"@type":"WebPage","@id":"https:\/\/babylove.se\/no\/produkt\/det-er-min-oppbevaringsboks-liten-klover-eng\/","url":"https:\/\/babylove.se\/no\/produkt\/det-er-min-oppbevaringsboks-liten-klover-eng\/","name":"That's mine, Oppbevaringsboks liten, Clover meadow - Babylove Norska","isPartOf":{"@id":"https:\/\/babylove.se\/no\/#website"},"primaryImageOfPage":{"@id":"https:\/\/babylove.se\/no\/produkt\/det-er-min-oppbevaringsboks-liten-klover-eng\/#primaryimage"},"image":{"@id":"https:\/\/babylove.se\/no\/produkt\/det-er-min-oppbevaringsboks-liten-klover-eng\/#primaryimage"},"thumbnailUrl":"https:\/\/babylove.se\/no\/wp-content\/uploads\/sites\/3\/2025\/07\/621f9284bf68c.jpeg","datePublished":"2025-07-18T23:42:09+00:00","dateModified":"2026-04-08T11:04:57+00:00","description":"Ett vackert och praktiskt set fr\u00e5n FORM Living underl\u00e4ttar f\u00f6rvaringen i ditt barnrum. F\u00f6rvaringsboxarna \u00e4r gjorda i slitstarkt och t\u00e5ligt tyg ! K\u00f6p den h\u00e4r","breadcrumb":{"@id":"https:\/\/babylove.se\/no\/produkt\/det-er-min-oppbevaringsboks-liten-klover-eng\/#breadcrumb"},"inLanguage":"nb-NO","potentialAction":[{"@type":"ReadAction","target":["https:\/\/babylove.se\/no\/produkt\/det-er-min-oppbevaringsboks-liten-klover-eng\/"]}]},{"@type":"ImageObject","inLanguage":"nb-NO","@id":"https:\/\/babylove.se\/no\/produkt\/det-er-min-oppbevaringsboks-liten-klover-eng\/#primaryimage","url":"https:\/\/babylove.se\/no\/wp-content\/uploads\/sites\/3\/2025\/07\/621f9284bf68c.jpeg","contentUrl":"https:\/\/babylove.se\/no\/wp-content\/uploads\/sites\/3\/2025\/07\/621f9284bf68c.jpeg","width":2048,"height":2048},{"@type":"BreadcrumbList","@id":"https:\/\/babylove.se\/no\/produkt\/det-er-min-oppbevaringsboks-liten-klover-eng\/#breadcrumb","itemListElement":[{"@type":"ListItem","position":1,"name":"Hem","item":"https:\/\/babylove.se\/no\/"},{"@type":"ListItem","position":2,"name":"Butik","item":"https:\/\/babylove.se\/no\/butik\/"},{"@type":"ListItem","position":3,"name":"That&#8217;s mine, Oppbevaringsboks liten, Clover meadow"}]},{"@type":"WebSite","@id":"https:\/\/babylove.se\/no\/#website","url":"https:\/\/babylove.se\/no\/","name":"Babylove Norska","description":"","potentialAction":[{"@type":"SearchAction","target":{"@type":"EntryPoint","urlTemplate":"https:\/\/babylove.se\/no\/?s={search_term_string}"},"query-input":{"@type":"PropertyValueSpecification","valueRequired":true,"valueName":"search_term_string"}}],"inLanguage":"nb-NO"}]},"product_brand":"That\u00b4s Mine","product_price_amount":"139.00","product_price_currency":"SEK","og_availability":"out of stock","product_availability":"out of stock","product_retailer_item_id":"SB103","product_condition":"new"},"_links":{"self":[{"href":"https:\/\/babylove.se\/no\/wp-json\/wp\/v2\/product\/33136","targetHints":{"allow":["GET"]}}],"collection":[{"href":"https:\/\/babylove.se\/no\/wp-json\/wp\/v2\/product"}],"about":[{"href":"https:\/\/babylove.se\/no\/wp-json\/wp\/v2\/types\/product"}],"replies":[{"embeddable":true,"href":"https:\/\/babylove.se\/no\/wp-json\/wp\/v2\/comments?post=33136"}],"wp:featuredmedia":[{"embeddable":true,"href":"https:\/\/babylove.se\/no\/wp-json\/wp\/v2\/media\/33138"}],"wp:attachment":[{"href":"https:\/\/babylove.se\/no\/wp-json\/wp\/v2\/media?parent=33136"}],"wp:term":[{"taxonomy":"product_brand","embeddable":true,"href":"https:\/\/babylove.se\/no\/wp-json\/wp\/v2\/product_brand?post=33136"},{"taxonomy":"product_cat","embeddable":true,"href":"https:\/\/babylove.se\/no\/wp-json\/wp\/v2\/product_cat?post=33136"},{"taxonomy":"product_tag","embeddable":true,"href":"https:\/\/babylove.se\/no\/wp-json\/wp\/v2\/product_tag?post=33136"}],"curies":[{"name":"wp","href":"https:\/\/api.w.org\/{rel}","templated":true}]}}