{"id":33157,"date":"2025-07-19T00:42:28","date_gmt":"2025-07-18T23:42:28","guid":{"rendered":"https:\/\/babylove.se\/produkt\/natur-mobelset-for-barn-tva-kaninstolar-och-bord\/"},"modified":"2026-04-08T12:05:06","modified_gmt":"2026-04-08T11:05:06","slug":"natur-mobelsett-for-barn-to-kaninstoler-og-bord","status":"publish","type":"product","link":"https:\/\/babylove.se\/no\/produkt\/natur-mobelsett-for-barn-to-kaninstoler-og-bord\/","title":{"rendered":"Natur m\u00f8belsett for barn, to kaninstoler og bord"},"content":{"rendered":"<p>Et eksepsjonelt og meget vakkert natur m\u00f8belsett<strong>&nbsp;<\/strong>inneholdende to av v\u00e5re fantastiske stoler med formen av en kanin samt et vakkert tilh\u00f8rende bord. &nbsp;M\u00f8blene &nbsp;gir en fantastisk sjarm til barnerommet, men fyller selvf\u00f8lgelig ogs\u00e5 et praktisk form\u00e5l. Stabile og sterke konstruksjoner som samtidig er komfortable for barnet.&nbsp;<\/p>\n<p><strong>Bordets m\u00e5l:&nbsp;<\/strong><\/p>\n<ul>\n<li>&nbsp;H\u00f8yde:45 cm Bredde: 50&#215;50 cm<\/li>\n<\/ul>\n<p><strong>Stol m\u00e5l:<\/strong><\/p>\n<ul>\n<li>H\u00f8yde 55 cm (Inkludert \u00f8rene) , setets bredde 30 cm og h\u00f8yde 30 cm.<\/li>\n<\/ul>\n<p><strong>Materiale<\/strong>: M\u00f8blene er helt laget av furutre og fyller alle krav til gode barnm\u00f8bler i ekte tre.&nbsp;<\/p>\n<p>M\u00f8blene er helt laget for h\u00e5nd og vi vil derfor understreke at utseendet p\u00e5 m\u00f8blene er mer robust enn fabrikktilverkede. Kvister og struktur kan synes gjennom fargen. Dette gir m\u00f8blene en unik karakter. Beina er limt og ikke skrudd.<\/p>\n<p>M\u00f8blene kommer fra v\u00e5r fabrikk i Europa som har h\u00f8ye kvalitetskrav og kontrollerer hvert steg fra det at t\u00f8mmeret kommer inn i fabrikken til at et ferdig produkt forlater. &nbsp;<\/p>\n<table style=\"margin-left: calc(100%); width: 0%;\">\n<tbody>\n<tr>\n<td><\/td>\n<\/tr>\n<\/tbody>\n<\/table>\n","protected":false},"excerpt":{"rendered":"<p>Et eksepsjonelt og meget vakkert natur m\u00f8belsett&nbsp;inneholdende to av v\u00e5re fantastiske stoler med formen av en kanin samt et vakkert tilh\u00f8rende bord. &nbsp;M\u00f8blene &nbsp;gir en fantastisk sjarm til barnerommet, men fyller selvf\u00f8lgelig ogs\u00e5 et praktisk form\u00e5l. Stabile og sterke konstruksjoner som samtidig er komfortable for barnet.&nbsp; Bordets m\u00e5l:&nbsp; &nbsp;H\u00f8yde:45 cm Bredde: 50&#215;50 cm Stol m\u00e5l: [&hellip;]<\/p>\n","protected":false},"featured_media":33159,"comment_status":"closed","ping_status":"open","template":"","meta":{"_acf_changed":false},"product_brand":[78],"product_cat":[81,85,80],"product_tag":[1689],"class_list":{"0":"post-33157","1":"product","2":"type-product","3":"status-publish","4":"has-post-thumbnail","6":"product_brand-bambooko","7":"product_cat-bambooko","8":"product_cat-bord","9":"product_cat-stoler","10":"product_tag-bestillingsvaror","12":"first","13":"instock","14":"taxable","15":"shipping-taxable","16":"purchasable","17":"product-type-simple"},"acf":[],"yoast_head":"<!-- This site is optimized with the Yoast SEO Premium plugin v25.8 (Yoast SEO v27.2) - https:\/\/yoast.com\/product\/yoast-seo-premium-wordpress\/ -->\n<title>K\u00f6p m\u00f6belset f\u00f6r barn - 2 kaninstolar &amp; 1 bord<\/title>\n<meta name=\"description\" content=\"Ett vackert m\u00f6belset inneh\u00e5llande tv\u00e5 av v\u00e5ra fantastiska stolar med formen av en kanin med tillh\u00f6rande bord - 14 dagars \u00f6ppet k\u00f6p - Fri frakt \u00f6ver 999 kr\" \/>\n<meta name=\"robots\" content=\"noindex, follow, max-snippet:-1, max-image-preview:large, max-video-preview:-1\" \/>\n<meta property=\"og:locale\" content=\"nb_NO\" \/>\n<meta property=\"og:type\" content=\"article\" \/>\n<meta property=\"og:title\" content=\"Natur m\u00f8belsett for barn, to kaninstoler og bord\" \/>\n<meta property=\"og:description\" content=\"Ett vackert m\u00f6belset inneh\u00e5llande tv\u00e5 av v\u00e5ra fantastiska stolar med formen av en kanin med tillh\u00f6rande bord - 14 dagars \u00f6ppet k\u00f6p - Fri frakt \u00f6ver 999 kr\" \/>\n<meta property=\"og:url\" content=\"https:\/\/babylove.se\/no\/produkt\/natur-mobelsett-for-barn-to-kaninstoler-og-bord\/\" \/>\n<meta property=\"og:site_name\" content=\"Babylove Norska\" \/>\n<meta property=\"article:modified_time\" content=\"2026-04-08T11:05:06+00:00\" \/>\n<meta property=\"og:image\" content=\"https:\/\/babylove.se\/no\/wp-content\/uploads\/sites\/3\/2025\/07\/6220a1589a047.png\" \/>\n\t<meta property=\"og:image:width\" content=\"988\" \/>\n\t<meta property=\"og:image:height\" content=\"1230\" \/>\n\t<meta property=\"og:image:type\" content=\"image\/png\" \/>\n<meta name=\"twitter:card\" content=\"summary_large_image\" \/>\n<meta name=\"twitter:label1\" content=\"Price\" \/>\n\t<meta name=\"twitter:data1\" content=\"4 299,00&nbsp;&#107;&#114;\" \/>\n\t<meta name=\"twitter:label2\" content=\"Availability\" \/>\n\t<meta name=\"twitter:data2\" content=\"In stock\" \/>\n<script type=\"application\/ld+json\" class=\"yoast-schema-graph\">{\"@context\":\"https:\/\/schema.org\",\"@graph\":[{\"@type\":\"WebPage\",\"@id\":\"https:\/\/babylove.se\/no\/produkt\/natur-mobelsett-for-barn-to-kaninstoler-og-bord\/\",\"url\":\"https:\/\/babylove.se\/no\/produkt\/natur-mobelsett-for-barn-to-kaninstoler-og-bord\/\",\"name\":\"K\u00f6p m\u00f6belset f\u00f6r barn - 2 kaninstolar & 1 bord\",\"isPartOf\":{\"@id\":\"https:\/\/babylove.se\/no\/#website\"},\"primaryImageOfPage\":{\"@id\":\"https:\/\/babylove.se\/no\/produkt\/natur-mobelsett-for-barn-to-kaninstoler-og-bord\/#primaryimage\"},\"image\":{\"@id\":\"https:\/\/babylove.se\/no\/produkt\/natur-mobelsett-for-barn-to-kaninstoler-og-bord\/#primaryimage\"},\"thumbnailUrl\":\"https:\/\/babylove.se\/no\/wp-content\/uploads\/sites\/3\/2025\/07\/6220a1589a047.png\",\"datePublished\":\"2025-07-18T23:42:28+00:00\",\"dateModified\":\"2026-04-08T11:05:06+00:00\",\"description\":\"Ett vackert m\u00f6belset inneh\u00e5llande tv\u00e5 av v\u00e5ra fantastiska stolar med formen av en kanin med tillh\u00f6rande bord - 14 dagars \u00f6ppet k\u00f6p - Fri frakt \u00f6ver 999 kr\",\"breadcrumb\":{\"@id\":\"https:\/\/babylove.se\/no\/produkt\/natur-mobelsett-for-barn-to-kaninstoler-og-bord\/#breadcrumb\"},\"inLanguage\":\"nb-NO\",\"potentialAction\":[{\"@type\":\"ReadAction\",\"target\":[\"https:\/\/babylove.se\/no\/produkt\/natur-mobelsett-for-barn-to-kaninstoler-og-bord\/\"]}]},{\"@type\":\"ImageObject\",\"inLanguage\":\"nb-NO\",\"@id\":\"https:\/\/babylove.se\/no\/produkt\/natur-mobelsett-for-barn-to-kaninstoler-og-bord\/#primaryimage\",\"url\":\"https:\/\/babylove.se\/no\/wp-content\/uploads\/sites\/3\/2025\/07\/6220a1589a047.png\",\"contentUrl\":\"https:\/\/babylove.se\/no\/wp-content\/uploads\/sites\/3\/2025\/07\/6220a1589a047.png\",\"width\":988,\"height\":1230},{\"@type\":\"BreadcrumbList\",\"@id\":\"https:\/\/babylove.se\/no\/produkt\/natur-mobelsett-for-barn-to-kaninstoler-og-bord\/#breadcrumb\",\"itemListElement\":[{\"@type\":\"ListItem\",\"position\":1,\"name\":\"Hem\",\"item\":\"https:\/\/babylove.se\/no\/\"},{\"@type\":\"ListItem\",\"position\":2,\"name\":\"Butik\",\"item\":\"https:\/\/babylove.se\/no\/butik\/\"},{\"@type\":\"ListItem\",\"position\":3,\"name\":\"Natur m\u00f8belsett for barn, to kaninstoler og bord\"}]},{\"@type\":\"WebSite\",\"@id\":\"https:\/\/babylove.se\/no\/#website\",\"url\":\"https:\/\/babylove.se\/no\/\",\"name\":\"Babylove Norska\",\"description\":\"\",\"potentialAction\":[{\"@type\":\"SearchAction\",\"target\":{\"@type\":\"EntryPoint\",\"urlTemplate\":\"https:\/\/babylove.se\/no\/?s={search_term_string}\"},\"query-input\":{\"@type\":\"PropertyValueSpecification\",\"valueRequired\":true,\"valueName\":\"search_term_string\"}}],\"inLanguage\":\"nb-NO\"}]}<\/script>\n<meta property=\"product:brand\" content=\"Bambooko\" \/>\n<meta property=\"product:price:amount\" content=\"4299.00\" \/>\n<meta property=\"product:price:currency\" content=\"SEK\" \/>\n<meta property=\"og:availability\" content=\"instock\" \/>\n<meta property=\"product:availability\" content=\"instock\" \/>\n<meta property=\"product:retailer_item_id\" content=\"5649\" \/>\n<meta property=\"product:condition\" content=\"new\" \/>\n<!-- \/ Yoast SEO Premium plugin. -->","yoast_head_json":{"title":"K\u00f6p m\u00f6belset f\u00f6r barn - 2 kaninstolar & 1 bord","description":"Ett vackert m\u00f6belset inneh\u00e5llande tv\u00e5 av v\u00e5ra fantastiska stolar med formen av en kanin med tillh\u00f6rande bord - 14 dagars \u00f6ppet k\u00f6p - Fri frakt \u00f6ver 999 kr","robots":{"index":"noindex","follow":"follow","max-snippet":"max-snippet:-1","max-image-preview":"max-image-preview:large","max-video-preview":"max-video-preview:-1"},"og_locale":"nb_NO","og_type":"article","og_title":"Natur m\u00f8belsett for barn, to kaninstoler og bord","og_description":"Ett vackert m\u00f6belset inneh\u00e5llande tv\u00e5 av v\u00e5ra fantastiska stolar med formen av en kanin med tillh\u00f6rande bord - 14 dagars \u00f6ppet k\u00f6p - Fri frakt \u00f6ver 999 kr","og_url":"https:\/\/babylove.se\/no\/produkt\/natur-mobelsett-for-barn-to-kaninstoler-og-bord\/","og_site_name":"Babylove Norska","article_modified_time":"2026-04-08T11:05:06+00:00","og_image":[{"width":988,"height":1230,"url":"https:\/\/babylove.se\/no\/wp-content\/uploads\/sites\/3\/2025\/07\/6220a1589a047.png","type":"image\/png"}],"twitter_card":"summary_large_image","twitter_misc":{"Price":"4 299,00&nbsp;&#107;&#114;","Availability":"In stock"},"schema":{"@context":"https:\/\/schema.org","@graph":[{"@type":"WebPage","@id":"https:\/\/babylove.se\/no\/produkt\/natur-mobelsett-for-barn-to-kaninstoler-og-bord\/","url":"https:\/\/babylove.se\/no\/produkt\/natur-mobelsett-for-barn-to-kaninstoler-og-bord\/","name":"K\u00f6p m\u00f6belset f\u00f6r barn - 2 kaninstolar & 1 bord","isPartOf":{"@id":"https:\/\/babylove.se\/no\/#website"},"primaryImageOfPage":{"@id":"https:\/\/babylove.se\/no\/produkt\/natur-mobelsett-for-barn-to-kaninstoler-og-bord\/#primaryimage"},"image":{"@id":"https:\/\/babylove.se\/no\/produkt\/natur-mobelsett-for-barn-to-kaninstoler-og-bord\/#primaryimage"},"thumbnailUrl":"https:\/\/babylove.se\/no\/wp-content\/uploads\/sites\/3\/2025\/07\/6220a1589a047.png","datePublished":"2025-07-18T23:42:28+00:00","dateModified":"2026-04-08T11:05:06+00:00","description":"Ett vackert m\u00f6belset inneh\u00e5llande tv\u00e5 av v\u00e5ra fantastiska stolar med formen av en kanin med tillh\u00f6rande bord - 14 dagars \u00f6ppet k\u00f6p - Fri frakt \u00f6ver 999 kr","breadcrumb":{"@id":"https:\/\/babylove.se\/no\/produkt\/natur-mobelsett-for-barn-to-kaninstoler-og-bord\/#breadcrumb"},"inLanguage":"nb-NO","potentialAction":[{"@type":"ReadAction","target":["https:\/\/babylove.se\/no\/produkt\/natur-mobelsett-for-barn-to-kaninstoler-og-bord\/"]}]},{"@type":"ImageObject","inLanguage":"nb-NO","@id":"https:\/\/babylove.se\/no\/produkt\/natur-mobelsett-for-barn-to-kaninstoler-og-bord\/#primaryimage","url":"https:\/\/babylove.se\/no\/wp-content\/uploads\/sites\/3\/2025\/07\/6220a1589a047.png","contentUrl":"https:\/\/babylove.se\/no\/wp-content\/uploads\/sites\/3\/2025\/07\/6220a1589a047.png","width":988,"height":1230},{"@type":"BreadcrumbList","@id":"https:\/\/babylove.se\/no\/produkt\/natur-mobelsett-for-barn-to-kaninstoler-og-bord\/#breadcrumb","itemListElement":[{"@type":"ListItem","position":1,"name":"Hem","item":"https:\/\/babylove.se\/no\/"},{"@type":"ListItem","position":2,"name":"Butik","item":"https:\/\/babylove.se\/no\/butik\/"},{"@type":"ListItem","position":3,"name":"Natur m\u00f8belsett for barn, to kaninstoler og bord"}]},{"@type":"WebSite","@id":"https:\/\/babylove.se\/no\/#website","url":"https:\/\/babylove.se\/no\/","name":"Babylove Norska","description":"","potentialAction":[{"@type":"SearchAction","target":{"@type":"EntryPoint","urlTemplate":"https:\/\/babylove.se\/no\/?s={search_term_string}"},"query-input":{"@type":"PropertyValueSpecification","valueRequired":true,"valueName":"search_term_string"}}],"inLanguage":"nb-NO"}]},"product_brand":"Bambooko","product_price_amount":"4299.00","product_price_currency":"SEK","og_availability":"instock","product_availability":"instock","product_retailer_item_id":"5649","product_condition":"new"},"_links":{"self":[{"href":"https:\/\/babylove.se\/no\/wp-json\/wp\/v2\/product\/33157","targetHints":{"allow":["GET"]}}],"collection":[{"href":"https:\/\/babylove.se\/no\/wp-json\/wp\/v2\/product"}],"about":[{"href":"https:\/\/babylove.se\/no\/wp-json\/wp\/v2\/types\/product"}],"replies":[{"embeddable":true,"href":"https:\/\/babylove.se\/no\/wp-json\/wp\/v2\/comments?post=33157"}],"wp:featuredmedia":[{"embeddable":true,"href":"https:\/\/babylove.se\/no\/wp-json\/wp\/v2\/media\/33159"}],"wp:attachment":[{"href":"https:\/\/babylove.se\/no\/wp-json\/wp\/v2\/media?parent=33157"}],"wp:term":[{"taxonomy":"product_brand","embeddable":true,"href":"https:\/\/babylove.se\/no\/wp-json\/wp\/v2\/product_brand?post=33157"},{"taxonomy":"product_cat","embeddable":true,"href":"https:\/\/babylove.se\/no\/wp-json\/wp\/v2\/product_cat?post=33157"},{"taxonomy":"product_tag","embeddable":true,"href":"https:\/\/babylove.se\/no\/wp-json\/wp\/v2\/product_tag?post=33157"}],"curies":[{"name":"wp","href":"https:\/\/api.w.org\/{rel}","templated":true}]}}