{"id":33185,"date":"2025-07-19T00:42:54","date_gmt":"2025-07-18T23:42:54","guid":{"rendered":"https:\/\/babylove.se\/produkt\/hussang-bella-a\/"},"modified":"2026-04-08T12:05:24","modified_gmt":"2026-04-08T11:05:24","slug":"hussang-bella-a","status":"publish","type":"product","link":"https:\/\/babylove.se\/no\/produkt\/hussang-bella-a\/","title":{"rendered":"Husseng Bella A"},"content":{"rendered":"<p>En optimal kombinasjon av hytte p\u00e5 dagen og soveplass p\u00e5 kvelden f\u00e5r dere i form av denne vakre husseng Bella. Passer alle sm\u00e5rollinger som elsker \u00e5 leke gjemsel eller dr\u00f8mmer om en trehytte. <\/p>\n<p>Sengen er h\u00e5ndlaget i FSC-sertifisert tre og kommer umontert. <\/p>\n<p><strong>Info:<\/strong> <\/p>\n<ul>\n<li>Ribbebunn inng\u00e5r<\/li>\n<li>Madrass inng\u00e5r ikke, men ta gjerne en titt i v\u00e5rt store madrassutvalg. Vi anbefaler en skummadrass med tykkelse p\u00e5 ca 10-12 cm.<\/li>\n<li>Maks belastning: 90 kg<\/li>\n<li>Sengem\u00e5l: finnes i ulike st\u00f8rrelser<\/li>\n<\/ul>\n<p><strong>M\u00e5l:<\/strong> <\/p>\n<ul>\n<li>Finnes i ulike st\u00f8rrelser. M\u00e5lene til venstre i listen gjelder sengem\u00e5l. M\u00e5lene i parentes (H\u00f8yde*Bredde*Lengde) gjelder den totale st\u00f8rrelsen p\u00e5 sengen.<\/li>\n<\/ul>\n<p>Sengene kommer fra v\u00e5r fabrikk i Europa som har h\u00f8ye kvalitetskrav og kontrollerer hvert trinn fra t\u00f8mmeret kommer inn i fabrikken til et ferdig produkt forlater. <\/p>\n<p><em><em><em><em>Sengen leveres umontert og b\u00f8r settes sammen i rommet den skal brukes i.<\/em><\/em><\/em><\/em><\/p>\n","protected":false},"excerpt":{"rendered":"<p>En optimal kombinasjon av hytte p\u00e5 dagen og soveplass p\u00e5 kvelden f\u00e5r dere i form av denne vakre husseng Bella. Passer alle sm\u00e5rollinger som elsker \u00e5 leke gjemsel eller dr\u00f8mmer om en trehytte. Sengen er h\u00e5ndlaget i FSC-sertifisert tre og kommer umontert. Info: Ribbebunn inng\u00e5r Madrass inng\u00e5r ikke, men ta gjerne en titt i v\u00e5rt [&hellip;]<\/p>\n","protected":false},"featured_media":33187,"comment_status":"open","ping_status":"closed","template":"","meta":{"_acf_changed":false},"product_brand":[384],"product_cat":[386,217,269,40],"product_tag":[1689],"class_list":{"0":"post-33185","1":"product","2":"type-product","3":"status-publish","4":"has-post-thumbnail","6":"product_brand-adeko","7":"product_cat-ad","8":"product_cat-sengesanger","9":"product_cat-juniorsenger","10":"product_cat-soverom-barn","11":"product_tag-bestillingsvaror","12":"pa_storlek-70x140-h121-l156-b764","13":"pa_storlek-70x160-h127-l176-b764","14":"pa_storlek-80x140-h121-l156-b865","15":"pa_storlek-80x160-h1267-l176-b865","16":"pa_storlek-80x180-h1325-l196-b865","17":"pa_storlek-80x190-h135-l206-b865","18":"pa_storlek-80x200-h1382-l216-b865","19":"pa_storlek-90x140-h121-l156-b965","20":"pa_storlek-90x160-h1265-l176-b965","21":"pa_storlek-90x180-h1325-l196-b965","22":"pa_storlek-90x190-cm-h135-l206-b965","23":"pa_storlek-90x200-cm-h1382-l216-b965","25":"first","26":"instock","27":"taxable","28":"shipping-taxable","29":"purchasable","30":"product-type-variable"},"acf":[],"yoast_head":"<!-- This site is optimized with the Yoast SEO Premium plugin v25.8 (Yoast SEO v27.2) - https:\/\/yoast.com\/product\/yoast-seo-premium-wordpress\/ -->\n<title>Huss\u00e4ng Bella A - V\u00e4lkommen till Babylove.se<\/title>\n<meta name=\"description\" content=\"Superfin huss\u00e4ng f\u00f6r rum med snedtak eller f\u00f6r det vanliga rummet givetvis. Klarna faktura &amp; Fri frakt ! K\u00f6p den h\u00e4r !\" \/>\n<meta name=\"robots\" content=\"noindex, follow, max-snippet:-1, max-image-preview:large, max-video-preview:-1\" \/>\n<meta property=\"og:locale\" content=\"nb_NO\" \/>\n<meta property=\"og:type\" content=\"article\" \/>\n<meta property=\"og:title\" content=\"Husseng Bella A\" \/>\n<meta property=\"og:description\" content=\"Superfin huss\u00e4ng f\u00f6r rum med snedtak eller f\u00f6r det vanliga rummet givetvis. Klarna faktura &amp; Fri frakt ! K\u00f6p den h\u00e4r !\" \/>\n<meta property=\"og:url\" content=\"https:\/\/babylove.se\/no\/produkt\/hussang-bella-a\/\" \/>\n<meta property=\"og:site_name\" content=\"Babylove Norska\" \/>\n<meta property=\"article:modified_time\" content=\"2026-04-08T11:05:24+00:00\" \/>\n<meta property=\"og:image\" content=\"https:\/\/babylove.se\/no\/wp-content\/uploads\/sites\/3\/2025\/07\/6220b28827a07.jpeg\" \/>\n\t<meta property=\"og:image:width\" content=\"800\" \/>\n\t<meta property=\"og:image:height\" content=\"800\" \/>\n\t<meta property=\"og:image:type\" content=\"image\/jpeg\" \/>\n<meta name=\"twitter:card\" content=\"summary_large_image\" \/>\n<meta name=\"twitter:label1\" content=\"Availability\" \/>\n\t<meta name=\"twitter:data1\" content=\"In stock\" \/>\n<script type=\"application\/ld+json\" class=\"yoast-schema-graph\">{\"@context\":\"https:\/\/schema.org\",\"@graph\":[{\"@type\":\"WebPage\",\"@id\":\"https:\/\/babylove.se\/no\/produkt\/hussang-bella-a\/\",\"url\":\"https:\/\/babylove.se\/no\/produkt\/hussang-bella-a\/\",\"name\":\"Huss\u00e4ng Bella A - V\u00e4lkommen till Babylove.se\",\"isPartOf\":{\"@id\":\"https:\/\/babylove.se\/no\/#website\"},\"primaryImageOfPage\":{\"@id\":\"https:\/\/babylove.se\/no\/produkt\/hussang-bella-a\/#primaryimage\"},\"image\":{\"@id\":\"https:\/\/babylove.se\/no\/produkt\/hussang-bella-a\/#primaryimage\"},\"thumbnailUrl\":\"https:\/\/babylove.se\/no\/wp-content\/uploads\/sites\/3\/2025\/07\/6220b28827a07.jpeg\",\"datePublished\":\"2025-07-18T23:42:54+00:00\",\"dateModified\":\"2026-04-08T11:05:24+00:00\",\"description\":\"Superfin huss\u00e4ng f\u00f6r rum med snedtak eller f\u00f6r det vanliga rummet givetvis. Klarna faktura & Fri frakt ! K\u00f6p den h\u00e4r !\",\"breadcrumb\":{\"@id\":\"https:\/\/babylove.se\/no\/produkt\/hussang-bella-a\/#breadcrumb\"},\"inLanguage\":\"nb-NO\",\"potentialAction\":[{\"@type\":\"ReadAction\",\"target\":[\"https:\/\/babylove.se\/no\/produkt\/hussang-bella-a\/\"]}]},{\"@type\":\"ImageObject\",\"inLanguage\":\"nb-NO\",\"@id\":\"https:\/\/babylove.se\/no\/produkt\/hussang-bella-a\/#primaryimage\",\"url\":\"https:\/\/babylove.se\/no\/wp-content\/uploads\/sites\/3\/2025\/07\/6220b28827a07.jpeg\",\"contentUrl\":\"https:\/\/babylove.se\/no\/wp-content\/uploads\/sites\/3\/2025\/07\/6220b28827a07.jpeg\",\"width\":800,\"height\":800},{\"@type\":\"BreadcrumbList\",\"@id\":\"https:\/\/babylove.se\/no\/produkt\/hussang-bella-a\/#breadcrumb\",\"itemListElement\":[{\"@type\":\"ListItem\",\"position\":1,\"name\":\"Hem\",\"item\":\"https:\/\/babylove.se\/no\/\"},{\"@type\":\"ListItem\",\"position\":2,\"name\":\"Butik\",\"item\":\"https:\/\/babylove.se\/no\/butik\/\"},{\"@type\":\"ListItem\",\"position\":3,\"name\":\"Husseng Bella A\"}]},{\"@type\":\"WebSite\",\"@id\":\"https:\/\/babylove.se\/no\/#website\",\"url\":\"https:\/\/babylove.se\/no\/\",\"name\":\"Babylove Norska\",\"description\":\"\",\"potentialAction\":[{\"@type\":\"SearchAction\",\"target\":{\"@type\":\"EntryPoint\",\"urlTemplate\":\"https:\/\/babylove.se\/no\/?s={search_term_string}\"},\"query-input\":{\"@type\":\"PropertyValueSpecification\",\"valueRequired\":true,\"valueName\":\"search_term_string\"}}],\"inLanguage\":\"nb-NO\"}]}<\/script>\n<meta property=\"product:brand\" content=\"Adeko\" \/>\n<meta property=\"og:availability\" content=\"instock\" \/>\n<meta property=\"product:availability\" content=\"instock\" \/>\n<meta property=\"product:retailer_item_id\" content=\"Bella A-70x140\" \/>\n<meta property=\"product:condition\" content=\"new\" \/>\n<!-- \/ Yoast SEO Premium plugin. -->","yoast_head_json":{"title":"Huss\u00e4ng Bella A - V\u00e4lkommen till Babylove.se","description":"Superfin huss\u00e4ng f\u00f6r rum med snedtak eller f\u00f6r det vanliga rummet givetvis. Klarna faktura & Fri frakt ! K\u00f6p den h\u00e4r !","robots":{"index":"noindex","follow":"follow","max-snippet":"max-snippet:-1","max-image-preview":"max-image-preview:large","max-video-preview":"max-video-preview:-1"},"og_locale":"nb_NO","og_type":"article","og_title":"Husseng Bella A","og_description":"Superfin huss\u00e4ng f\u00f6r rum med snedtak eller f\u00f6r det vanliga rummet givetvis. Klarna faktura & Fri frakt ! K\u00f6p den h\u00e4r !","og_url":"https:\/\/babylove.se\/no\/produkt\/hussang-bella-a\/","og_site_name":"Babylove Norska","article_modified_time":"2026-04-08T11:05:24+00:00","og_image":[{"width":800,"height":800,"url":"https:\/\/babylove.se\/no\/wp-content\/uploads\/sites\/3\/2025\/07\/6220b28827a07.jpeg","type":"image\/jpeg"}],"twitter_card":"summary_large_image","twitter_misc":{"Availability":"In stock"},"schema":{"@context":"https:\/\/schema.org","@graph":[{"@type":"WebPage","@id":"https:\/\/babylove.se\/no\/produkt\/hussang-bella-a\/","url":"https:\/\/babylove.se\/no\/produkt\/hussang-bella-a\/","name":"Huss\u00e4ng Bella A - V\u00e4lkommen till Babylove.se","isPartOf":{"@id":"https:\/\/babylove.se\/no\/#website"},"primaryImageOfPage":{"@id":"https:\/\/babylove.se\/no\/produkt\/hussang-bella-a\/#primaryimage"},"image":{"@id":"https:\/\/babylove.se\/no\/produkt\/hussang-bella-a\/#primaryimage"},"thumbnailUrl":"https:\/\/babylove.se\/no\/wp-content\/uploads\/sites\/3\/2025\/07\/6220b28827a07.jpeg","datePublished":"2025-07-18T23:42:54+00:00","dateModified":"2026-04-08T11:05:24+00:00","description":"Superfin huss\u00e4ng f\u00f6r rum med snedtak eller f\u00f6r det vanliga rummet givetvis. Klarna faktura & Fri frakt ! K\u00f6p den h\u00e4r !","breadcrumb":{"@id":"https:\/\/babylove.se\/no\/produkt\/hussang-bella-a\/#breadcrumb"},"inLanguage":"nb-NO","potentialAction":[{"@type":"ReadAction","target":["https:\/\/babylove.se\/no\/produkt\/hussang-bella-a\/"]}]},{"@type":"ImageObject","inLanguage":"nb-NO","@id":"https:\/\/babylove.se\/no\/produkt\/hussang-bella-a\/#primaryimage","url":"https:\/\/babylove.se\/no\/wp-content\/uploads\/sites\/3\/2025\/07\/6220b28827a07.jpeg","contentUrl":"https:\/\/babylove.se\/no\/wp-content\/uploads\/sites\/3\/2025\/07\/6220b28827a07.jpeg","width":800,"height":800},{"@type":"BreadcrumbList","@id":"https:\/\/babylove.se\/no\/produkt\/hussang-bella-a\/#breadcrumb","itemListElement":[{"@type":"ListItem","position":1,"name":"Hem","item":"https:\/\/babylove.se\/no\/"},{"@type":"ListItem","position":2,"name":"Butik","item":"https:\/\/babylove.se\/no\/butik\/"},{"@type":"ListItem","position":3,"name":"Husseng Bella A"}]},{"@type":"WebSite","@id":"https:\/\/babylove.se\/no\/#website","url":"https:\/\/babylove.se\/no\/","name":"Babylove Norska","description":"","potentialAction":[{"@type":"SearchAction","target":{"@type":"EntryPoint","urlTemplate":"https:\/\/babylove.se\/no\/?s={search_term_string}"},"query-input":{"@type":"PropertyValueSpecification","valueRequired":true,"valueName":"search_term_string"}}],"inLanguage":"nb-NO"}]},"product_brand":"Adeko","og_availability":"instock","product_availability":"instock","product_retailer_item_id":"Bella A-70x140","product_condition":"new"},"_links":{"self":[{"href":"https:\/\/babylove.se\/no\/wp-json\/wp\/v2\/product\/33185","targetHints":{"allow":["GET"]}}],"collection":[{"href":"https:\/\/babylove.se\/no\/wp-json\/wp\/v2\/product"}],"about":[{"href":"https:\/\/babylove.se\/no\/wp-json\/wp\/v2\/types\/product"}],"replies":[{"embeddable":true,"href":"https:\/\/babylove.se\/no\/wp-json\/wp\/v2\/comments?post=33185"}],"wp:featuredmedia":[{"embeddable":true,"href":"https:\/\/babylove.se\/no\/wp-json\/wp\/v2\/media\/33187"}],"wp:attachment":[{"href":"https:\/\/babylove.se\/no\/wp-json\/wp\/v2\/media?parent=33185"}],"wp:term":[{"taxonomy":"product_brand","embeddable":true,"href":"https:\/\/babylove.se\/no\/wp-json\/wp\/v2\/product_brand?post=33185"},{"taxonomy":"product_cat","embeddable":true,"href":"https:\/\/babylove.se\/no\/wp-json\/wp\/v2\/product_cat?post=33185"},{"taxonomy":"product_tag","embeddable":true,"href":"https:\/\/babylove.se\/no\/wp-json\/wp\/v2\/product_tag?post=33185"}],"curies":[{"name":"wp","href":"https:\/\/api.w.org\/{rel}","templated":true}]}}