{"id":33203,"date":"2025-07-19T00:43:07","date_gmt":"2025-07-18T23:43:07","guid":{"rendered":"https:\/\/babylove.se\/produkt\/lilu-natur-vaggkorg-i-rotting-apple\/"},"modified":"2026-04-08T12:05:27","modified_gmt":"2026-04-08T11:05:27","slug":"lilu-natur-veggkurv-i-rotting-apple","status":"publish","type":"product","link":"https:\/\/babylove.se\/no\/produkt\/lilu-natur-veggkurv-i-rotting-apple\/","title":{"rendered":"Lilu, natur veggkurv i rotting Apple"},"content":{"rendered":"<p>En superfin og samtidig praktisk veggkurv i form av et eple.&nbsp;<\/p>\n<p>Kurven er helt laget for h\u00e5nd av n\u00f8ye utvalgt rotting og vil tilf\u00f8re barneromsinnredningen din en unik dimensjon. Smart oppbevaring for leker eller favoritbamsene. Holdbart og stilrent produkt som vil passe i de aller fleste typer barnerom.<\/p>\n<p><strong>M\u00e5l<\/strong>: 33 x 25 x 8 cm<\/p>\n<p><strong>Materiale<\/strong>: 100 % rotting&nbsp;<\/p>\n","protected":false},"excerpt":{"rendered":"<p>En superfin og samtidig praktisk veggkurv i form av et eple.&nbsp; Kurven er helt laget for h\u00e5nd av n\u00f8ye utvalgt rotting og vil tilf\u00f8re barneromsinnredningen din en unik dimensjon. Smart oppbevaring for leker eller favoritbamsene. Holdbart og stilrent produkt som vil passe i de aller fleste typer barnerom. M\u00e5l: 33 x 25 x 8 cm [&hellip;]<\/p>\n","protected":false},"featured_media":33205,"comment_status":"closed","ping_status":"open","template":"","meta":{"_acf_changed":false},"product_brand":[1138],"product_cat":[1139,43],"product_tag":[],"class_list":{"0":"post-33203","1":"product","2":"type-product","3":"status-publish","4":"has-post-thumbnail","6":"product_brand-lilu","7":"product_cat-lilu","8":"product_cat-oppbevaringskurver","10":"first","11":"instock","12":"taxable","13":"shipping-taxable","14":"purchasable","15":"product-type-simple"},"acf":[],"yoast_head":"<!-- This site is optimized with the Yoast SEO Premium plugin v25.8 (Yoast SEO v27.2) - https:\/\/yoast.com\/product\/yoast-seo-premium-wordpress\/ -->\n<title>Lilu, natur veggkurv i rotting Apple - Babylove Norska<\/title>\n<meta name=\"robots\" content=\"noindex, follow, max-snippet:-1, max-image-preview:large, max-video-preview:-1\" \/>\n<meta property=\"og:locale\" content=\"nb_NO\" \/>\n<meta property=\"og:type\" content=\"article\" \/>\n<meta property=\"og:title\" content=\"Lilu, natur veggkurv i rotting Apple\" \/>\n<meta property=\"og:description\" content=\"En superfin og samtidig praktisk veggkurv i form av et eple.&nbsp; Kurven er helt laget for h\u00e5nd av n\u00f8ye utvalgt rotting og vil tilf\u00f8re barneromsinnredningen din en unik dimensjon. Smart oppbevaring for leker eller favoritbamsene. Holdbart og stilrent produkt som vil passe i de aller fleste typer barnerom. M\u00e5l: 33 x 25 x 8 cm [&hellip;]\" \/>\n<meta property=\"og:url\" content=\"https:\/\/babylove.se\/no\/produkt\/lilu-natur-veggkurv-i-rotting-apple\/\" \/>\n<meta property=\"og:site_name\" content=\"Babylove Norska\" \/>\n<meta property=\"article:modified_time\" content=\"2026-04-08T11:05:27+00:00\" \/>\n<meta property=\"og:image\" content=\"https:\/\/babylove.se\/no\/wp-content\/uploads\/sites\/3\/2025\/07\/6220b626248fd.jpeg\" \/>\n\t<meta property=\"og:image:width\" content=\"1125\" \/>\n\t<meta property=\"og:image:height\" content=\"750\" \/>\n\t<meta property=\"og:image:type\" content=\"image\/jpeg\" \/>\n<meta name=\"twitter:card\" content=\"summary_large_image\" \/>\n<meta name=\"twitter:label1\" content=\"Price\" \/>\n\t<meta name=\"twitter:data1\" content=\"599,00&nbsp;&#107;&#114;\" \/>\n\t<meta name=\"twitter:label2\" content=\"Availability\" \/>\n\t<meta name=\"twitter:data2\" content=\"In stock\" \/>\n<script type=\"application\/ld+json\" class=\"yoast-schema-graph\">{\"@context\":\"https:\/\/schema.org\",\"@graph\":[{\"@type\":\"WebPage\",\"@id\":\"https:\/\/babylove.se\/no\/produkt\/lilu-natur-veggkurv-i-rotting-apple\/\",\"url\":\"https:\/\/babylove.se\/no\/produkt\/lilu-natur-veggkurv-i-rotting-apple\/\",\"name\":\"Lilu, natur veggkurv i rotting Apple - Babylove Norska\",\"isPartOf\":{\"@id\":\"https:\/\/babylove.se\/no\/#website\"},\"primaryImageOfPage\":{\"@id\":\"https:\/\/babylove.se\/no\/produkt\/lilu-natur-veggkurv-i-rotting-apple\/#primaryimage\"},\"image\":{\"@id\":\"https:\/\/babylove.se\/no\/produkt\/lilu-natur-veggkurv-i-rotting-apple\/#primaryimage\"},\"thumbnailUrl\":\"https:\/\/babylove.se\/no\/wp-content\/uploads\/sites\/3\/2025\/07\/6220b626248fd.jpeg\",\"datePublished\":\"2025-07-18T23:43:07+00:00\",\"dateModified\":\"2026-04-08T11:05:27+00:00\",\"breadcrumb\":{\"@id\":\"https:\/\/babylove.se\/no\/produkt\/lilu-natur-veggkurv-i-rotting-apple\/#breadcrumb\"},\"inLanguage\":\"nb-NO\",\"potentialAction\":[{\"@type\":\"ReadAction\",\"target\":[\"https:\/\/babylove.se\/no\/produkt\/lilu-natur-veggkurv-i-rotting-apple\/\"]}]},{\"@type\":\"ImageObject\",\"inLanguage\":\"nb-NO\",\"@id\":\"https:\/\/babylove.se\/no\/produkt\/lilu-natur-veggkurv-i-rotting-apple\/#primaryimage\",\"url\":\"https:\/\/babylove.se\/no\/wp-content\/uploads\/sites\/3\/2025\/07\/6220b626248fd.jpeg\",\"contentUrl\":\"https:\/\/babylove.se\/no\/wp-content\/uploads\/sites\/3\/2025\/07\/6220b626248fd.jpeg\",\"width\":1125,\"height\":750},{\"@type\":\"BreadcrumbList\",\"@id\":\"https:\/\/babylove.se\/no\/produkt\/lilu-natur-veggkurv-i-rotting-apple\/#breadcrumb\",\"itemListElement\":[{\"@type\":\"ListItem\",\"position\":1,\"name\":\"Hem\",\"item\":\"https:\/\/babylove.se\/no\/\"},{\"@type\":\"ListItem\",\"position\":2,\"name\":\"Butik\",\"item\":\"https:\/\/babylove.se\/no\/butik\/\"},{\"@type\":\"ListItem\",\"position\":3,\"name\":\"Lilu, natur veggkurv i rotting Apple\"}]},{\"@type\":\"WebSite\",\"@id\":\"https:\/\/babylove.se\/no\/#website\",\"url\":\"https:\/\/babylove.se\/no\/\",\"name\":\"Babylove Norska\",\"description\":\"\",\"potentialAction\":[{\"@type\":\"SearchAction\",\"target\":{\"@type\":\"EntryPoint\",\"urlTemplate\":\"https:\/\/babylove.se\/no\/?s={search_term_string}\"},\"query-input\":{\"@type\":\"PropertyValueSpecification\",\"valueRequired\":true,\"valueName\":\"search_term_string\"}}],\"inLanguage\":\"nb-NO\"}]}<\/script>\n<meta property=\"product:brand\" content=\"Lilu\" \/>\n<meta property=\"product:price:amount\" content=\"599.00\" \/>\n<meta property=\"product:price:currency\" content=\"SEK\" \/>\n<meta property=\"og:availability\" content=\"instock\" \/>\n<meta property=\"product:availability\" content=\"instock\" \/>\n<meta property=\"product:retailer_item_id\" content=\"LiluWallBasketApple\" \/>\n<meta property=\"product:condition\" content=\"new\" \/>\n<!-- \/ Yoast SEO Premium plugin. -->","yoast_head_json":{"title":"Lilu, natur veggkurv i rotting Apple - Babylove Norska","robots":{"index":"noindex","follow":"follow","max-snippet":"max-snippet:-1","max-image-preview":"max-image-preview:large","max-video-preview":"max-video-preview:-1"},"og_locale":"nb_NO","og_type":"article","og_title":"Lilu, natur veggkurv i rotting Apple","og_description":"En superfin og samtidig praktisk veggkurv i form av et eple.&nbsp; Kurven er helt laget for h\u00e5nd av n\u00f8ye utvalgt rotting og vil tilf\u00f8re barneromsinnredningen din en unik dimensjon. Smart oppbevaring for leker eller favoritbamsene. Holdbart og stilrent produkt som vil passe i de aller fleste typer barnerom. M\u00e5l: 33 x 25 x 8 cm [&hellip;]","og_url":"https:\/\/babylove.se\/no\/produkt\/lilu-natur-veggkurv-i-rotting-apple\/","og_site_name":"Babylove Norska","article_modified_time":"2026-04-08T11:05:27+00:00","og_image":[{"width":1125,"height":750,"url":"https:\/\/babylove.se\/no\/wp-content\/uploads\/sites\/3\/2025\/07\/6220b626248fd.jpeg","type":"image\/jpeg"}],"twitter_card":"summary_large_image","twitter_misc":{"Price":"599,00&nbsp;&#107;&#114;","Availability":"In stock"},"schema":{"@context":"https:\/\/schema.org","@graph":[{"@type":"WebPage","@id":"https:\/\/babylove.se\/no\/produkt\/lilu-natur-veggkurv-i-rotting-apple\/","url":"https:\/\/babylove.se\/no\/produkt\/lilu-natur-veggkurv-i-rotting-apple\/","name":"Lilu, natur veggkurv i rotting Apple - Babylove Norska","isPartOf":{"@id":"https:\/\/babylove.se\/no\/#website"},"primaryImageOfPage":{"@id":"https:\/\/babylove.se\/no\/produkt\/lilu-natur-veggkurv-i-rotting-apple\/#primaryimage"},"image":{"@id":"https:\/\/babylove.se\/no\/produkt\/lilu-natur-veggkurv-i-rotting-apple\/#primaryimage"},"thumbnailUrl":"https:\/\/babylove.se\/no\/wp-content\/uploads\/sites\/3\/2025\/07\/6220b626248fd.jpeg","datePublished":"2025-07-18T23:43:07+00:00","dateModified":"2026-04-08T11:05:27+00:00","breadcrumb":{"@id":"https:\/\/babylove.se\/no\/produkt\/lilu-natur-veggkurv-i-rotting-apple\/#breadcrumb"},"inLanguage":"nb-NO","potentialAction":[{"@type":"ReadAction","target":["https:\/\/babylove.se\/no\/produkt\/lilu-natur-veggkurv-i-rotting-apple\/"]}]},{"@type":"ImageObject","inLanguage":"nb-NO","@id":"https:\/\/babylove.se\/no\/produkt\/lilu-natur-veggkurv-i-rotting-apple\/#primaryimage","url":"https:\/\/babylove.se\/no\/wp-content\/uploads\/sites\/3\/2025\/07\/6220b626248fd.jpeg","contentUrl":"https:\/\/babylove.se\/no\/wp-content\/uploads\/sites\/3\/2025\/07\/6220b626248fd.jpeg","width":1125,"height":750},{"@type":"BreadcrumbList","@id":"https:\/\/babylove.se\/no\/produkt\/lilu-natur-veggkurv-i-rotting-apple\/#breadcrumb","itemListElement":[{"@type":"ListItem","position":1,"name":"Hem","item":"https:\/\/babylove.se\/no\/"},{"@type":"ListItem","position":2,"name":"Butik","item":"https:\/\/babylove.se\/no\/butik\/"},{"@type":"ListItem","position":3,"name":"Lilu, natur veggkurv i rotting Apple"}]},{"@type":"WebSite","@id":"https:\/\/babylove.se\/no\/#website","url":"https:\/\/babylove.se\/no\/","name":"Babylove Norska","description":"","potentialAction":[{"@type":"SearchAction","target":{"@type":"EntryPoint","urlTemplate":"https:\/\/babylove.se\/no\/?s={search_term_string}"},"query-input":{"@type":"PropertyValueSpecification","valueRequired":true,"valueName":"search_term_string"}}],"inLanguage":"nb-NO"}]},"product_brand":"Lilu","product_price_amount":"599.00","product_price_currency":"SEK","og_availability":"instock","product_availability":"instock","product_retailer_item_id":"LiluWallBasketApple","product_condition":"new"},"_links":{"self":[{"href":"https:\/\/babylove.se\/no\/wp-json\/wp\/v2\/product\/33203","targetHints":{"allow":["GET"]}}],"collection":[{"href":"https:\/\/babylove.se\/no\/wp-json\/wp\/v2\/product"}],"about":[{"href":"https:\/\/babylove.se\/no\/wp-json\/wp\/v2\/types\/product"}],"replies":[{"embeddable":true,"href":"https:\/\/babylove.se\/no\/wp-json\/wp\/v2\/comments?post=33203"}],"wp:featuredmedia":[{"embeddable":true,"href":"https:\/\/babylove.se\/no\/wp-json\/wp\/v2\/media\/33205"}],"wp:attachment":[{"href":"https:\/\/babylove.se\/no\/wp-json\/wp\/v2\/media?parent=33203"}],"wp:term":[{"taxonomy":"product_brand","embeddable":true,"href":"https:\/\/babylove.se\/no\/wp-json\/wp\/v2\/product_brand?post=33203"},{"taxonomy":"product_cat","embeddable":true,"href":"https:\/\/babylove.se\/no\/wp-json\/wp\/v2\/product_cat?post=33203"},{"taxonomy":"product_tag","embeddable":true,"href":"https:\/\/babylove.se\/no\/wp-json\/wp\/v2\/product_tag?post=33203"}],"curies":[{"name":"wp","href":"https:\/\/api.w.org\/{rel}","templated":true}]}}