{"id":33224,"date":"2025-07-19T00:43:07","date_gmt":"2025-07-18T23:43:07","guid":{"rendered":"https:\/\/babylove.se\/produkt\/minko-skrivbord-till-barnrummet\/"},"modified":"2026-04-08T12:05:41","modified_gmt":"2026-04-08T11:05:41","slug":"minko-skrivebord-til-barnerommet","status":"publish","type":"product","link":"https:\/\/babylove.se\/no\/produkt\/minko-skrivebord-til-barnerommet\/","title":{"rendered":"Minko, skrivebord til barnerommet"},"content":{"rendered":"<p>Et vakkert og subtilt lite skrivebord med to skuffer som er perfekte for notatboken, fargestifter, kj\u00e6rlighetsbrev og selvf\u00f8lgelig mye annet.<\/p>\n<p>Siden du velger selv fargen p\u00e5 bena og bordet kan du enkelt skape en unik m\u00f8bel. Kommer i et bredt utvalg av farger \u00e5 velge mellom!&nbsp;<\/p>\n<p><strong>Materiale:&nbsp;<\/strong>MDF<\/p>\n<p>Finnes i fire forskjellige m\u00e5l:<\/p>\n<ul>\n<li>100 x 50 x 75 cm<\/li>\n<li>100 x 60 x 75 cm<\/li>\n<li>120 x 50 x 75 cm<\/li>\n<li>120 x 60 x 75 cm<\/li>\n<\/ul>\n<p>M\u00f8belet kommer umontert men settes enkelt sammen hjemme. Det f\u00f8lger selvf\u00f8lgelig med tydelige monteringsinstrukser.<\/p>\n","protected":false},"excerpt":{"rendered":"<p>Et vakkert og subtilt lite skrivebord med to skuffer som er perfekte for notatboken, fargestifter, kj\u00e6rlighetsbrev og selvf\u00f8lgelig mye annet. Siden du velger selv fargen p\u00e5 bena og bordet kan du enkelt skape en unik m\u00f8bel. Kommer i et bredt utvalg av farger \u00e5 velge mellom!&nbsp; Materiale:&nbsp;MDF Finnes i fire forskjellige m\u00e5l: 100 x 50 [&hellip;]<\/p>\n","protected":false},"featured_media":33226,"comment_status":"closed","ping_status":"open","template":"","meta":{"_acf_changed":false},"product_brand":[],"product_cat":[85,1094,359],"product_tag":[],"class_list":{"0":"post-33224","1":"product","2":"type-product","3":"status-publish","4":"has-post-thumbnail","6":"product_cat-bord","7":"product_cat-minko","8":"product_cat-skrivebord","9":"pa_storlek-100x50cm","10":"pa_storlek-100x60cm","11":"pa_storlek-120x50cm","12":"pa_storlek-120x60cm","14":"first","15":"outofstock","16":"taxable","17":"shipping-taxable","18":"purchasable","19":"product-type-variable"},"acf":[],"yoast_head":"<!-- This site is optimized with the Yoast SEO Premium plugin v25.8 (Yoast SEO v27.2) - https:\/\/yoast.com\/product\/yoast-seo-premium-wordpress\/ -->\n<title>Molns\u00e4ng till barnrummet - FRI FRAKT<\/title>\n<meta name=\"description\" content=\"Underbar molns\u00e4ng till barnrummet, i certifierat pinjetr\u00e4 med superfina detaljer. Klarna faktura - Fri Frakt - V\u00e4lkommen till Babylove.se\" \/>\n<meta name=\"robots\" content=\"noindex, follow, max-snippet:-1, max-image-preview:large, max-video-preview:-1\" \/>\n<meta property=\"og:locale\" content=\"nb_NO\" \/>\n<meta property=\"og:type\" content=\"article\" \/>\n<meta property=\"og:title\" content=\"Minko, skrivebord til barnerommet\" \/>\n<meta property=\"og:description\" content=\"Underbar molns\u00e4ng till barnrummet, i certifierat pinjetr\u00e4 med superfina detaljer. Klarna faktura - Fri Frakt - V\u00e4lkommen till Babylove.se\" \/>\n<meta property=\"og:url\" content=\"https:\/\/babylove.se\/no\/produkt\/minko-skrivebord-til-barnerommet\/\" \/>\n<meta property=\"og:site_name\" content=\"Babylove Norska\" \/>\n<meta property=\"article:modified_time\" content=\"2026-04-08T11:05:41+00:00\" \/>\n<meta property=\"og:image\" content=\"https:\/\/babylove.se\/no\/wp-content\/uploads\/sites\/3\/2025\/07\/62221093bb06d.png\" \/>\n\t<meta property=\"og:image:width\" content=\"1200\" \/>\n\t<meta property=\"og:image:height\" content=\"1200\" \/>\n\t<meta property=\"og:image:type\" content=\"image\/png\" \/>\n<meta name=\"twitter:card\" content=\"summary_large_image\" \/>\n<meta name=\"twitter:label1\" content=\"Availability\" \/>\n\t<meta name=\"twitter:data1\" content=\"Out of stock\" \/>\n<script type=\"application\/ld+json\" class=\"yoast-schema-graph\">{\"@context\":\"https:\/\/schema.org\",\"@graph\":[{\"@type\":\"WebPage\",\"@id\":\"https:\/\/babylove.se\/no\/produkt\/minko-skrivebord-til-barnerommet\/\",\"url\":\"https:\/\/babylove.se\/no\/produkt\/minko-skrivebord-til-barnerommet\/\",\"name\":\"Molns\u00e4ng till barnrummet - FRI FRAKT\",\"isPartOf\":{\"@id\":\"https:\/\/babylove.se\/no\/#website\"},\"primaryImageOfPage\":{\"@id\":\"https:\/\/babylove.se\/no\/produkt\/minko-skrivebord-til-barnerommet\/#primaryimage\"},\"image\":{\"@id\":\"https:\/\/babylove.se\/no\/produkt\/minko-skrivebord-til-barnerommet\/#primaryimage\"},\"thumbnailUrl\":\"https:\/\/babylove.se\/no\/wp-content\/uploads\/sites\/3\/2025\/07\/62221093bb06d.png\",\"datePublished\":\"2025-07-18T23:43:07+00:00\",\"dateModified\":\"2026-04-08T11:05:41+00:00\",\"description\":\"Underbar molns\u00e4ng till barnrummet, i certifierat pinjetr\u00e4 med superfina detaljer. Klarna faktura - Fri Frakt - V\u00e4lkommen till Babylove.se\",\"breadcrumb\":{\"@id\":\"https:\/\/babylove.se\/no\/produkt\/minko-skrivebord-til-barnerommet\/#breadcrumb\"},\"inLanguage\":\"nb-NO\",\"potentialAction\":[{\"@type\":\"ReadAction\",\"target\":[\"https:\/\/babylove.se\/no\/produkt\/minko-skrivebord-til-barnerommet\/\"]}]},{\"@type\":\"ImageObject\",\"inLanguage\":\"nb-NO\",\"@id\":\"https:\/\/babylove.se\/no\/produkt\/minko-skrivebord-til-barnerommet\/#primaryimage\",\"url\":\"https:\/\/babylove.se\/no\/wp-content\/uploads\/sites\/3\/2025\/07\/62221093bb06d.png\",\"contentUrl\":\"https:\/\/babylove.se\/no\/wp-content\/uploads\/sites\/3\/2025\/07\/62221093bb06d.png\",\"width\":1200,\"height\":1200},{\"@type\":\"BreadcrumbList\",\"@id\":\"https:\/\/babylove.se\/no\/produkt\/minko-skrivebord-til-barnerommet\/#breadcrumb\",\"itemListElement\":[{\"@type\":\"ListItem\",\"position\":1,\"name\":\"Hem\",\"item\":\"https:\/\/babylove.se\/no\/\"},{\"@type\":\"ListItem\",\"position\":2,\"name\":\"Butik\",\"item\":\"https:\/\/babylove.se\/no\/butik\/\"},{\"@type\":\"ListItem\",\"position\":3,\"name\":\"Minko, skrivebord til barnerommet\"}]},{\"@type\":\"WebSite\",\"@id\":\"https:\/\/babylove.se\/no\/#website\",\"url\":\"https:\/\/babylove.se\/no\/\",\"name\":\"Babylove Norska\",\"description\":\"\",\"potentialAction\":[{\"@type\":\"SearchAction\",\"target\":{\"@type\":\"EntryPoint\",\"urlTemplate\":\"https:\/\/babylove.se\/no\/?s={search_term_string}\"},\"query-input\":{\"@type\":\"PropertyValueSpecification\",\"valueRequired\":true,\"valueName\":\"search_term_string\"}}],\"inLanguage\":\"nb-NO\"}]}<\/script>\n<meta property=\"og:availability\" content=\"out of stock\" \/>\n<meta property=\"product:availability\" content=\"out of stock\" \/>\n<meta property=\"product:retailer_item_id\" content=\"100x50cm\" \/>\n<meta property=\"product:condition\" content=\"new\" \/>\n<!-- \/ Yoast SEO Premium plugin. -->","yoast_head_json":{"title":"Molns\u00e4ng till barnrummet - FRI FRAKT","description":"Underbar molns\u00e4ng till barnrummet, i certifierat pinjetr\u00e4 med superfina detaljer. Klarna faktura - Fri Frakt - V\u00e4lkommen till Babylove.se","robots":{"index":"noindex","follow":"follow","max-snippet":"max-snippet:-1","max-image-preview":"max-image-preview:large","max-video-preview":"max-video-preview:-1"},"og_locale":"nb_NO","og_type":"article","og_title":"Minko, skrivebord til barnerommet","og_description":"Underbar molns\u00e4ng till barnrummet, i certifierat pinjetr\u00e4 med superfina detaljer. Klarna faktura - Fri Frakt - V\u00e4lkommen till Babylove.se","og_url":"https:\/\/babylove.se\/no\/produkt\/minko-skrivebord-til-barnerommet\/","og_site_name":"Babylove Norska","article_modified_time":"2026-04-08T11:05:41+00:00","og_image":[{"width":1200,"height":1200,"url":"https:\/\/babylove.se\/no\/wp-content\/uploads\/sites\/3\/2025\/07\/62221093bb06d.png","type":"image\/png"}],"twitter_card":"summary_large_image","twitter_misc":{"Availability":"Out of stock"},"schema":{"@context":"https:\/\/schema.org","@graph":[{"@type":"WebPage","@id":"https:\/\/babylove.se\/no\/produkt\/minko-skrivebord-til-barnerommet\/","url":"https:\/\/babylove.se\/no\/produkt\/minko-skrivebord-til-barnerommet\/","name":"Molns\u00e4ng till barnrummet - FRI FRAKT","isPartOf":{"@id":"https:\/\/babylove.se\/no\/#website"},"primaryImageOfPage":{"@id":"https:\/\/babylove.se\/no\/produkt\/minko-skrivebord-til-barnerommet\/#primaryimage"},"image":{"@id":"https:\/\/babylove.se\/no\/produkt\/minko-skrivebord-til-barnerommet\/#primaryimage"},"thumbnailUrl":"https:\/\/babylove.se\/no\/wp-content\/uploads\/sites\/3\/2025\/07\/62221093bb06d.png","datePublished":"2025-07-18T23:43:07+00:00","dateModified":"2026-04-08T11:05:41+00:00","description":"Underbar molns\u00e4ng till barnrummet, i certifierat pinjetr\u00e4 med superfina detaljer. Klarna faktura - Fri Frakt - V\u00e4lkommen till Babylove.se","breadcrumb":{"@id":"https:\/\/babylove.se\/no\/produkt\/minko-skrivebord-til-barnerommet\/#breadcrumb"},"inLanguage":"nb-NO","potentialAction":[{"@type":"ReadAction","target":["https:\/\/babylove.se\/no\/produkt\/minko-skrivebord-til-barnerommet\/"]}]},{"@type":"ImageObject","inLanguage":"nb-NO","@id":"https:\/\/babylove.se\/no\/produkt\/minko-skrivebord-til-barnerommet\/#primaryimage","url":"https:\/\/babylove.se\/no\/wp-content\/uploads\/sites\/3\/2025\/07\/62221093bb06d.png","contentUrl":"https:\/\/babylove.se\/no\/wp-content\/uploads\/sites\/3\/2025\/07\/62221093bb06d.png","width":1200,"height":1200},{"@type":"BreadcrumbList","@id":"https:\/\/babylove.se\/no\/produkt\/minko-skrivebord-til-barnerommet\/#breadcrumb","itemListElement":[{"@type":"ListItem","position":1,"name":"Hem","item":"https:\/\/babylove.se\/no\/"},{"@type":"ListItem","position":2,"name":"Butik","item":"https:\/\/babylove.se\/no\/butik\/"},{"@type":"ListItem","position":3,"name":"Minko, skrivebord til barnerommet"}]},{"@type":"WebSite","@id":"https:\/\/babylove.se\/no\/#website","url":"https:\/\/babylove.se\/no\/","name":"Babylove Norska","description":"","potentialAction":[{"@type":"SearchAction","target":{"@type":"EntryPoint","urlTemplate":"https:\/\/babylove.se\/no\/?s={search_term_string}"},"query-input":{"@type":"PropertyValueSpecification","valueRequired":true,"valueName":"search_term_string"}}],"inLanguage":"nb-NO"}]},"og_availability":"out of stock","product_availability":"out of stock","product_retailer_item_id":"100x50cm","product_condition":"new"},"_links":{"self":[{"href":"https:\/\/babylove.se\/no\/wp-json\/wp\/v2\/product\/33224","targetHints":{"allow":["GET"]}}],"collection":[{"href":"https:\/\/babylove.se\/no\/wp-json\/wp\/v2\/product"}],"about":[{"href":"https:\/\/babylove.se\/no\/wp-json\/wp\/v2\/types\/product"}],"replies":[{"embeddable":true,"href":"https:\/\/babylove.se\/no\/wp-json\/wp\/v2\/comments?post=33224"}],"wp:featuredmedia":[{"embeddable":true,"href":"https:\/\/babylove.se\/no\/wp-json\/wp\/v2\/media\/33226"}],"wp:attachment":[{"href":"https:\/\/babylove.se\/no\/wp-json\/wp\/v2\/media?parent=33224"}],"wp:term":[{"taxonomy":"product_brand","embeddable":true,"href":"https:\/\/babylove.se\/no\/wp-json\/wp\/v2\/product_brand?post=33224"},{"taxonomy":"product_cat","embeddable":true,"href":"https:\/\/babylove.se\/no\/wp-json\/wp\/v2\/product_cat?post=33224"},{"taxonomy":"product_tag","embeddable":true,"href":"https:\/\/babylove.se\/no\/wp-json\/wp\/v2\/product_tag?post=33224"}],"curies":[{"name":"wp","href":"https:\/\/api.w.org\/{rel}","templated":true}]}}