{"id":33234,"date":"2025-07-19T00:43:22","date_gmt":"2025-07-18T23:43:22","guid":{"rendered":"https:\/\/babylove.se\/produkt\/liewood-falk-termos-vattenflaska-peach-sea-shell-mix\/"},"modified":"2026-04-08T12:05:47","modified_gmt":"2026-04-08T11:05:47","slug":"liewood-falk-termos-vannflaske-peach-sea-shell-mix","status":"publish","type":"product","link":"https:\/\/babylove.se\/no\/produkt\/liewood-falk-termos-vannflaske-peach-sea-shell-mix\/","title":{"rendered":"Liewood, Falk Termos Vannflaske, Peach sea shell mix"},"content":{"rendered":"<p>Denne meget smarte og funksjonelle vannflasken kommer til \u00e5 ha mange bruksomr\u00e5der. Den rommer 250 ml og holder v\u00e6sken varm i opptil 12 timer eller kald i opptil 24 timer, avhengig av hva du heller i. <\/p>\n<p>&nbsp; <\/p>\n<p>Lokket har en praktisk tut som man klapper opp enkelt og et h\u00e5ndtak som gj\u00f8r at du kan feste den p\u00e5 barnevognen eller p\u00e5 stellevesken. Lokket er ogs\u00e5 helt tett s\u00e5 v\u00e6sken holder seg der den skal. <\/p>\n<p>Vannflasken er laget av utvalgt rustfritt st\u00e5l med klassifiseringen 18\/8 som er et supert\u00e5lig materiale. Det dannes heller ikke belegg p\u00e5 innsiden som kan havne i v\u00e6sken og gi smak. <\/p>\n<p>Du rengj\u00f8r termosen enkelt ved \u00e5 vaske for h\u00e5nd, helst med en flaskeb\u00f8rste som <em>f\u00f8lger med<\/em>. Fargen som er brukt til vannflasken er holdbar og vannbasert, og innenfor alle EU-forskrifter for barnesikkerhet. <\/p>\n<p><strong>M\u00e5l<\/strong>: 250 ml <\/p>\n<p>Designer: <a href=\"https:\/\/babylove.se\/varumarken\/liewood\"><u>Liewood<\/u><\/a><\/p>\n","protected":false},"excerpt":{"rendered":"<p>Denne meget smarte og funksjonelle vannflasken kommer til \u00e5 ha mange bruksomr\u00e5der. Den rommer 250 ml og holder v\u00e6sken varm i opptil 12 timer eller kald i opptil 24 timer, avhengig av hva du heller i. &nbsp; Lokket har en praktisk tut som man klapper opp enkelt og et h\u00e5ndtak som gj\u00f8r at du kan [&hellip;]<\/p>\n","protected":false},"featured_media":33236,"comment_status":"closed","ping_status":"closed","template":"","meta":{"_acf_changed":false},"product_brand":[282],"product_cat":[283,358],"product_tag":[],"class_list":{"0":"post-33234","1":"product","2":"type-product","3":"status-publish","4":"has-post-thumbnail","6":"product_brand-liewood","7":"product_cat-liewood","8":"product_cat-termos-og-vannflasker","10":"first","11":"outofstock","12":"taxable","13":"shipping-taxable","14":"purchasable","15":"product-type-simple"},"acf":[],"yoast_head":"<!-- This site is optimized with the Yoast SEO Premium plugin v25.8 (Yoast SEO v27.2) - https:\/\/yoast.com\/product\/yoast-seo-premium-wordpress\/ -->\n<title>Liewood, Falk Termos Vannflaske, Peach sea shell mix - Babylove Norska<\/title>\n<meta name=\"robots\" content=\"noindex, follow, max-snippet:-1, max-image-preview:large, max-video-preview:-1\" \/>\n<meta property=\"og:locale\" content=\"nb_NO\" \/>\n<meta property=\"og:type\" content=\"article\" \/>\n<meta property=\"og:title\" content=\"Liewood, Falk Termos Vannflaske, Peach sea shell mix\" \/>\n<meta property=\"og:description\" content=\"Denne meget smarte og funksjonelle vannflasken kommer til \u00e5 ha mange bruksomr\u00e5der. Den rommer 250 ml og holder v\u00e6sken varm i opptil 12 timer eller kald i opptil 24 timer, avhengig av hva du heller i. &nbsp; Lokket har en praktisk tut som man klapper opp enkelt og et h\u00e5ndtak som gj\u00f8r at du kan [&hellip;]\" \/>\n<meta property=\"og:url\" content=\"https:\/\/babylove.se\/no\/produkt\/liewood-falk-termos-vannflaske-peach-sea-shell-mix\/\" \/>\n<meta property=\"og:site_name\" content=\"Babylove Norska\" \/>\n<meta property=\"article:modified_time\" content=\"2026-04-08T11:05:47+00:00\" \/>\n<meta property=\"og:image\" content=\"https:\/\/babylove.se\/no\/wp-content\/uploads\/sites\/3\/2025\/07\/62222f4fd6048.jpeg\" \/>\n\t<meta property=\"og:image:width\" content=\"800\" \/>\n\t<meta property=\"og:image:height\" content=\"800\" \/>\n\t<meta property=\"og:image:type\" content=\"image\/jpeg\" \/>\n<meta name=\"twitter:card\" content=\"summary_large_image\" \/>\n<meta name=\"twitter:label1\" content=\"Price\" \/>\n\t<meta name=\"twitter:data1\" content=\"269,00&nbsp;&#107;&#114;\" \/>\n\t<meta name=\"twitter:label2\" content=\"Availability\" \/>\n\t<meta name=\"twitter:data2\" content=\"Out of stock\" \/>\n<script type=\"application\/ld+json\" class=\"yoast-schema-graph\">{\"@context\":\"https:\/\/schema.org\",\"@graph\":[{\"@type\":\"WebPage\",\"@id\":\"https:\/\/babylove.se\/no\/produkt\/liewood-falk-termos-vannflaske-peach-sea-shell-mix\/\",\"url\":\"https:\/\/babylove.se\/no\/produkt\/liewood-falk-termos-vannflaske-peach-sea-shell-mix\/\",\"name\":\"Liewood, Falk Termos Vannflaske, Peach sea shell mix - Babylove Norska\",\"isPartOf\":{\"@id\":\"https:\/\/babylove.se\/no\/#website\"},\"primaryImageOfPage\":{\"@id\":\"https:\/\/babylove.se\/no\/produkt\/liewood-falk-termos-vannflaske-peach-sea-shell-mix\/#primaryimage\"},\"image\":{\"@id\":\"https:\/\/babylove.se\/no\/produkt\/liewood-falk-termos-vannflaske-peach-sea-shell-mix\/#primaryimage\"},\"thumbnailUrl\":\"https:\/\/babylove.se\/no\/wp-content\/uploads\/sites\/3\/2025\/07\/62222f4fd6048.jpeg\",\"datePublished\":\"2025-07-18T23:43:22+00:00\",\"dateModified\":\"2026-04-08T11:05:47+00:00\",\"breadcrumb\":{\"@id\":\"https:\/\/babylove.se\/no\/produkt\/liewood-falk-termos-vannflaske-peach-sea-shell-mix\/#breadcrumb\"},\"inLanguage\":\"nb-NO\",\"potentialAction\":[{\"@type\":\"ReadAction\",\"target\":[\"https:\/\/babylove.se\/no\/produkt\/liewood-falk-termos-vannflaske-peach-sea-shell-mix\/\"]}]},{\"@type\":\"ImageObject\",\"inLanguage\":\"nb-NO\",\"@id\":\"https:\/\/babylove.se\/no\/produkt\/liewood-falk-termos-vannflaske-peach-sea-shell-mix\/#primaryimage\",\"url\":\"https:\/\/babylove.se\/no\/wp-content\/uploads\/sites\/3\/2025\/07\/62222f4fd6048.jpeg\",\"contentUrl\":\"https:\/\/babylove.se\/no\/wp-content\/uploads\/sites\/3\/2025\/07\/62222f4fd6048.jpeg\",\"width\":800,\"height\":800},{\"@type\":\"BreadcrumbList\",\"@id\":\"https:\/\/babylove.se\/no\/produkt\/liewood-falk-termos-vannflaske-peach-sea-shell-mix\/#breadcrumb\",\"itemListElement\":[{\"@type\":\"ListItem\",\"position\":1,\"name\":\"Hem\",\"item\":\"https:\/\/babylove.se\/no\/\"},{\"@type\":\"ListItem\",\"position\":2,\"name\":\"Butik\",\"item\":\"https:\/\/babylove.se\/no\/butik\/\"},{\"@type\":\"ListItem\",\"position\":3,\"name\":\"Liewood, Falk Termos Vannflaske, Peach sea shell mix\"}]},{\"@type\":\"WebSite\",\"@id\":\"https:\/\/babylove.se\/no\/#website\",\"url\":\"https:\/\/babylove.se\/no\/\",\"name\":\"Babylove Norska\",\"description\":\"\",\"potentialAction\":[{\"@type\":\"SearchAction\",\"target\":{\"@type\":\"EntryPoint\",\"urlTemplate\":\"https:\/\/babylove.se\/no\/?s={search_term_string}\"},\"query-input\":{\"@type\":\"PropertyValueSpecification\",\"valueRequired\":true,\"valueName\":\"search_term_string\"}}],\"inLanguage\":\"nb-NO\"}]}<\/script>\n<meta property=\"product:brand\" content=\"Liewood\" \/>\n<meta property=\"product:price:amount\" content=\"269.00\" \/>\n<meta property=\"product:price:currency\" content=\"SEK\" \/>\n<meta property=\"og:availability\" content=\"out of stock\" \/>\n<meta property=\"product:availability\" content=\"out of stock\" \/>\n<meta property=\"product:retailer_item_id\" content=\"LW143242210\" \/>\n<meta property=\"product:condition\" content=\"new\" \/>\n<!-- \/ Yoast SEO Premium plugin. -->","yoast_head_json":{"title":"Liewood, Falk Termos Vannflaske, Peach sea shell mix - Babylove Norska","robots":{"index":"noindex","follow":"follow","max-snippet":"max-snippet:-1","max-image-preview":"max-image-preview:large","max-video-preview":"max-video-preview:-1"},"og_locale":"nb_NO","og_type":"article","og_title":"Liewood, Falk Termos Vannflaske, Peach sea shell mix","og_description":"Denne meget smarte og funksjonelle vannflasken kommer til \u00e5 ha mange bruksomr\u00e5der. Den rommer 250 ml og holder v\u00e6sken varm i opptil 12 timer eller kald i opptil 24 timer, avhengig av hva du heller i. &nbsp; Lokket har en praktisk tut som man klapper opp enkelt og et h\u00e5ndtak som gj\u00f8r at du kan [&hellip;]","og_url":"https:\/\/babylove.se\/no\/produkt\/liewood-falk-termos-vannflaske-peach-sea-shell-mix\/","og_site_name":"Babylove Norska","article_modified_time":"2026-04-08T11:05:47+00:00","og_image":[{"width":800,"height":800,"url":"https:\/\/babylove.se\/no\/wp-content\/uploads\/sites\/3\/2025\/07\/62222f4fd6048.jpeg","type":"image\/jpeg"}],"twitter_card":"summary_large_image","twitter_misc":{"Price":"269,00&nbsp;&#107;&#114;","Availability":"Out of stock"},"schema":{"@context":"https:\/\/schema.org","@graph":[{"@type":"WebPage","@id":"https:\/\/babylove.se\/no\/produkt\/liewood-falk-termos-vannflaske-peach-sea-shell-mix\/","url":"https:\/\/babylove.se\/no\/produkt\/liewood-falk-termos-vannflaske-peach-sea-shell-mix\/","name":"Liewood, Falk Termos Vannflaske, Peach sea shell mix - Babylove Norska","isPartOf":{"@id":"https:\/\/babylove.se\/no\/#website"},"primaryImageOfPage":{"@id":"https:\/\/babylove.se\/no\/produkt\/liewood-falk-termos-vannflaske-peach-sea-shell-mix\/#primaryimage"},"image":{"@id":"https:\/\/babylove.se\/no\/produkt\/liewood-falk-termos-vannflaske-peach-sea-shell-mix\/#primaryimage"},"thumbnailUrl":"https:\/\/babylove.se\/no\/wp-content\/uploads\/sites\/3\/2025\/07\/62222f4fd6048.jpeg","datePublished":"2025-07-18T23:43:22+00:00","dateModified":"2026-04-08T11:05:47+00:00","breadcrumb":{"@id":"https:\/\/babylove.se\/no\/produkt\/liewood-falk-termos-vannflaske-peach-sea-shell-mix\/#breadcrumb"},"inLanguage":"nb-NO","potentialAction":[{"@type":"ReadAction","target":["https:\/\/babylove.se\/no\/produkt\/liewood-falk-termos-vannflaske-peach-sea-shell-mix\/"]}]},{"@type":"ImageObject","inLanguage":"nb-NO","@id":"https:\/\/babylove.se\/no\/produkt\/liewood-falk-termos-vannflaske-peach-sea-shell-mix\/#primaryimage","url":"https:\/\/babylove.se\/no\/wp-content\/uploads\/sites\/3\/2025\/07\/62222f4fd6048.jpeg","contentUrl":"https:\/\/babylove.se\/no\/wp-content\/uploads\/sites\/3\/2025\/07\/62222f4fd6048.jpeg","width":800,"height":800},{"@type":"BreadcrumbList","@id":"https:\/\/babylove.se\/no\/produkt\/liewood-falk-termos-vannflaske-peach-sea-shell-mix\/#breadcrumb","itemListElement":[{"@type":"ListItem","position":1,"name":"Hem","item":"https:\/\/babylove.se\/no\/"},{"@type":"ListItem","position":2,"name":"Butik","item":"https:\/\/babylove.se\/no\/butik\/"},{"@type":"ListItem","position":3,"name":"Liewood, Falk Termos Vannflaske, Peach sea shell mix"}]},{"@type":"WebSite","@id":"https:\/\/babylove.se\/no\/#website","url":"https:\/\/babylove.se\/no\/","name":"Babylove Norska","description":"","potentialAction":[{"@type":"SearchAction","target":{"@type":"EntryPoint","urlTemplate":"https:\/\/babylove.se\/no\/?s={search_term_string}"},"query-input":{"@type":"PropertyValueSpecification","valueRequired":true,"valueName":"search_term_string"}}],"inLanguage":"nb-NO"}]},"product_brand":"Liewood","product_price_amount":"269.00","product_price_currency":"SEK","og_availability":"out of stock","product_availability":"out of stock","product_retailer_item_id":"LW143242210","product_condition":"new"},"_links":{"self":[{"href":"https:\/\/babylove.se\/no\/wp-json\/wp\/v2\/product\/33234","targetHints":{"allow":["GET"]}}],"collection":[{"href":"https:\/\/babylove.se\/no\/wp-json\/wp\/v2\/product"}],"about":[{"href":"https:\/\/babylove.se\/no\/wp-json\/wp\/v2\/types\/product"}],"replies":[{"embeddable":true,"href":"https:\/\/babylove.se\/no\/wp-json\/wp\/v2\/comments?post=33234"}],"wp:featuredmedia":[{"embeddable":true,"href":"https:\/\/babylove.se\/no\/wp-json\/wp\/v2\/media\/33236"}],"wp:attachment":[{"href":"https:\/\/babylove.se\/no\/wp-json\/wp\/v2\/media?parent=33234"}],"wp:term":[{"taxonomy":"product_brand","embeddable":true,"href":"https:\/\/babylove.se\/no\/wp-json\/wp\/v2\/product_brand?post=33234"},{"taxonomy":"product_cat","embeddable":true,"href":"https:\/\/babylove.se\/no\/wp-json\/wp\/v2\/product_cat?post=33234"},{"taxonomy":"product_tag","embeddable":true,"href":"https:\/\/babylove.se\/no\/wp-json\/wp\/v2\/product_tag?post=33234"}],"curies":[{"name":"wp","href":"https:\/\/api.w.org\/{rel}","templated":true}]}}