{"id":33247,"date":"2025-07-19T00:43:22","date_gmt":"2025-07-18T23:43:22","guid":{"rendered":"https:\/\/babylove.se\/produkt\/liewood-jena-matta-till-barnrummet-lion-golden-caramel-mix\/"},"modified":"2026-04-08T12:05:57","modified_gmt":"2026-04-08T11:05:57","slug":"liewood-jena-matte-til-barnerommet-lion-golden-caramel-mix","status":"publish","type":"product","link":"https:\/\/babylove.se\/no\/produkt\/liewood-jena-matte-til-barnerommet-lion-golden-caramel-mix\/","title":{"rendered":"Liewood, Jena teppe til barnerommet, Lion golden caramel mix"},"content":{"rendered":"<p>Dette er et mykt og s\u00f8tt ullteppe til barnerommet, med formen av en teddybj\u00f8rn og en deilig karamellbrun farge. <\/p>\n<p>Fra popul\u00e6re danske Liewood, som har et enormt stort og popul\u00e6rt utvalg av fine barneprodukter til nettopp ditt barnerom. Disse teppene er vidunderlig behagelige for barnet \u00e5 leke p\u00e5, men skaper samtidig en fin atmosf\u00e6re og bidrar til det vakre i rommet. Trygt for barnas lek takket v\u00e6re anti-skli p\u00e5 undersiden. <\/p>\n<p><strong>Materiale<\/strong>: 90 % ull, 10 % bomull. <\/p>\n<p><strong>M\u00e5l<\/strong>: 82 x 82 cm. <\/p>\n<p>Designer: <a href=\"https:\/\/babylove.se\/varumarken\/liewood\">Liewood<\/a><\/p>\n","protected":false},"excerpt":{"rendered":"<p>Dette er et mykt og s\u00f8tt ullteppe til barnerommet, med formen av en teddybj\u00f8rn og en deilig karamellbrun farge. Fra popul\u00e6re danske Liewood, som har et enormt stort og popul\u00e6rt utvalg av fine barneprodukter til nettopp ditt barnerom. Disse teppene er vidunderlig behagelige for barnet \u00e5 leke p\u00e5, men skaper samtidig en fin atmosf\u00e6re og [&hellip;]<\/p>\n","protected":false},"featured_media":33249,"comment_status":"closed","ping_status":"closed","template":"","meta":{"_acf_changed":false},"product_brand":[282],"product_cat":[283,86,135],"product_tag":[1709],"class_list":{"0":"post-33247","1":"product","2":"type-product","3":"status-publish","4":"has-post-thumbnail","6":"product_brand-liewood","7":"product_cat-liewood","8":"product_cat-produktliste","9":"product_cat-tepper","10":"product_tag-utforsalg","12":"first","13":"instock","14":"taxable","15":"shipping-taxable","16":"purchasable","17":"product-type-simple"},"acf":[],"yoast_head":"<!-- This site is optimized with the Yoast SEO Premium plugin v25.8 (Yoast SEO v27.2) - https:\/\/yoast.com\/product\/yoast-seo-premium-wordpress\/ -->\n<title>Liewood, Jena teppe til barnerommet, Lion golden caramel mix - Babylove Norska<\/title>\n<meta name=\"robots\" content=\"noindex, follow, max-snippet:-1, max-image-preview:large, max-video-preview:-1\" \/>\n<meta property=\"og:locale\" content=\"nb_NO\" \/>\n<meta property=\"og:type\" content=\"article\" \/>\n<meta property=\"og:title\" content=\"Liewood, Jena teppe til barnerommet, Lion golden caramel mix\" \/>\n<meta property=\"og:description\" content=\"Dette er et mykt og s\u00f8tt ullteppe til barnerommet, med formen av en teddybj\u00f8rn og en deilig karamellbrun farge. Fra popul\u00e6re danske Liewood, som har et enormt stort og popul\u00e6rt utvalg av fine barneprodukter til nettopp ditt barnerom. Disse teppene er vidunderlig behagelige for barnet \u00e5 leke p\u00e5, men skaper samtidig en fin atmosf\u00e6re og [&hellip;]\" \/>\n<meta property=\"og:url\" content=\"https:\/\/babylove.se\/no\/produkt\/liewood-jena-matte-til-barnerommet-lion-golden-caramel-mix\/\" \/>\n<meta property=\"og:site_name\" content=\"Babylove Norska\" \/>\n<meta property=\"article:modified_time\" content=\"2026-04-08T11:05:57+00:00\" \/>\n<meta property=\"og:image\" content=\"https:\/\/babylove.se\/no\/wp-content\/uploads\/sites\/3\/2025\/07\/622233c23fe9d.jpeg\" \/>\n\t<meta property=\"og:image:width\" content=\"800\" \/>\n\t<meta property=\"og:image:height\" content=\"800\" \/>\n\t<meta property=\"og:image:type\" content=\"image\/jpeg\" \/>\n<meta name=\"twitter:card\" content=\"summary_large_image\" \/>\n<meta name=\"twitter:label1\" content=\"Price\" \/>\n\t<meta name=\"twitter:data1\" content=\"1 199,00&nbsp;&#107;&#114;\" \/>\n\t<meta name=\"twitter:label2\" content=\"Availability\" \/>\n\t<meta name=\"twitter:data2\" content=\"In stock\" \/>\n<script type=\"application\/ld+json\" class=\"yoast-schema-graph\">{\"@context\":\"https:\/\/schema.org\",\"@graph\":[{\"@type\":\"WebPage\",\"@id\":\"https:\/\/babylove.se\/no\/produkt\/liewood-jena-matte-til-barnerommet-lion-golden-caramel-mix\/\",\"url\":\"https:\/\/babylove.se\/no\/produkt\/liewood-jena-matte-til-barnerommet-lion-golden-caramel-mix\/\",\"name\":\"Liewood, Jena teppe til barnerommet, Lion golden caramel mix - Babylove Norska\",\"isPartOf\":{\"@id\":\"https:\/\/babylove.se\/no\/#website\"},\"primaryImageOfPage\":{\"@id\":\"https:\/\/babylove.se\/no\/produkt\/liewood-jena-matte-til-barnerommet-lion-golden-caramel-mix\/#primaryimage\"},\"image\":{\"@id\":\"https:\/\/babylove.se\/no\/produkt\/liewood-jena-matte-til-barnerommet-lion-golden-caramel-mix\/#primaryimage\"},\"thumbnailUrl\":\"https:\/\/babylove.se\/no\/wp-content\/uploads\/sites\/3\/2025\/07\/622233c23fe9d.jpeg\",\"datePublished\":\"2025-07-18T23:43:22+00:00\",\"dateModified\":\"2026-04-08T11:05:57+00:00\",\"breadcrumb\":{\"@id\":\"https:\/\/babylove.se\/no\/produkt\/liewood-jena-matte-til-barnerommet-lion-golden-caramel-mix\/#breadcrumb\"},\"inLanguage\":\"nb-NO\",\"potentialAction\":[{\"@type\":\"ReadAction\",\"target\":[\"https:\/\/babylove.se\/no\/produkt\/liewood-jena-matte-til-barnerommet-lion-golden-caramel-mix\/\"]}]},{\"@type\":\"ImageObject\",\"inLanguage\":\"nb-NO\",\"@id\":\"https:\/\/babylove.se\/no\/produkt\/liewood-jena-matte-til-barnerommet-lion-golden-caramel-mix\/#primaryimage\",\"url\":\"https:\/\/babylove.se\/no\/wp-content\/uploads\/sites\/3\/2025\/07\/622233c23fe9d.jpeg\",\"contentUrl\":\"https:\/\/babylove.se\/no\/wp-content\/uploads\/sites\/3\/2025\/07\/622233c23fe9d.jpeg\",\"width\":800,\"height\":800},{\"@type\":\"BreadcrumbList\",\"@id\":\"https:\/\/babylove.se\/no\/produkt\/liewood-jena-matte-til-barnerommet-lion-golden-caramel-mix\/#breadcrumb\",\"itemListElement\":[{\"@type\":\"ListItem\",\"position\":1,\"name\":\"Hem\",\"item\":\"https:\/\/babylove.se\/no\/\"},{\"@type\":\"ListItem\",\"position\":2,\"name\":\"Butik\",\"item\":\"https:\/\/babylove.se\/no\/butik\/\"},{\"@type\":\"ListItem\",\"position\":3,\"name\":\"Liewood, Jena teppe til barnerommet, Lion golden caramel mix\"}]},{\"@type\":\"WebSite\",\"@id\":\"https:\/\/babylove.se\/no\/#website\",\"url\":\"https:\/\/babylove.se\/no\/\",\"name\":\"Babylove Norska\",\"description\":\"\",\"potentialAction\":[{\"@type\":\"SearchAction\",\"target\":{\"@type\":\"EntryPoint\",\"urlTemplate\":\"https:\/\/babylove.se\/no\/?s={search_term_string}\"},\"query-input\":{\"@type\":\"PropertyValueSpecification\",\"valueRequired\":true,\"valueName\":\"search_term_string\"}}],\"inLanguage\":\"nb-NO\"}]}<\/script>\n<meta property=\"product:brand\" content=\"Liewood\" \/>\n<meta property=\"product:price:amount\" content=\"1199.00\" \/>\n<meta property=\"product:price:currency\" content=\"SEK\" \/>\n<meta property=\"og:availability\" content=\"instock\" \/>\n<meta property=\"product:availability\" content=\"instock\" \/>\n<meta property=\"product:retailer_item_id\" content=\"LW147515057\" \/>\n<meta property=\"product:condition\" content=\"new\" \/>\n<!-- \/ Yoast SEO Premium plugin. -->","yoast_head_json":{"title":"Liewood, Jena teppe til barnerommet, Lion golden caramel mix - Babylove Norska","robots":{"index":"noindex","follow":"follow","max-snippet":"max-snippet:-1","max-image-preview":"max-image-preview:large","max-video-preview":"max-video-preview:-1"},"og_locale":"nb_NO","og_type":"article","og_title":"Liewood, Jena teppe til barnerommet, Lion golden caramel mix","og_description":"Dette er et mykt og s\u00f8tt ullteppe til barnerommet, med formen av en teddybj\u00f8rn og en deilig karamellbrun farge. Fra popul\u00e6re danske Liewood, som har et enormt stort og popul\u00e6rt utvalg av fine barneprodukter til nettopp ditt barnerom. Disse teppene er vidunderlig behagelige for barnet \u00e5 leke p\u00e5, men skaper samtidig en fin atmosf\u00e6re og [&hellip;]","og_url":"https:\/\/babylove.se\/no\/produkt\/liewood-jena-matte-til-barnerommet-lion-golden-caramel-mix\/","og_site_name":"Babylove Norska","article_modified_time":"2026-04-08T11:05:57+00:00","og_image":[{"width":800,"height":800,"url":"https:\/\/babylove.se\/no\/wp-content\/uploads\/sites\/3\/2025\/07\/622233c23fe9d.jpeg","type":"image\/jpeg"}],"twitter_card":"summary_large_image","twitter_misc":{"Price":"1 199,00&nbsp;&#107;&#114;","Availability":"In stock"},"schema":{"@context":"https:\/\/schema.org","@graph":[{"@type":"WebPage","@id":"https:\/\/babylove.se\/no\/produkt\/liewood-jena-matte-til-barnerommet-lion-golden-caramel-mix\/","url":"https:\/\/babylove.se\/no\/produkt\/liewood-jena-matte-til-barnerommet-lion-golden-caramel-mix\/","name":"Liewood, Jena teppe til barnerommet, Lion golden caramel mix - Babylove Norska","isPartOf":{"@id":"https:\/\/babylove.se\/no\/#website"},"primaryImageOfPage":{"@id":"https:\/\/babylove.se\/no\/produkt\/liewood-jena-matte-til-barnerommet-lion-golden-caramel-mix\/#primaryimage"},"image":{"@id":"https:\/\/babylove.se\/no\/produkt\/liewood-jena-matte-til-barnerommet-lion-golden-caramel-mix\/#primaryimage"},"thumbnailUrl":"https:\/\/babylove.se\/no\/wp-content\/uploads\/sites\/3\/2025\/07\/622233c23fe9d.jpeg","datePublished":"2025-07-18T23:43:22+00:00","dateModified":"2026-04-08T11:05:57+00:00","breadcrumb":{"@id":"https:\/\/babylove.se\/no\/produkt\/liewood-jena-matte-til-barnerommet-lion-golden-caramel-mix\/#breadcrumb"},"inLanguage":"nb-NO","potentialAction":[{"@type":"ReadAction","target":["https:\/\/babylove.se\/no\/produkt\/liewood-jena-matte-til-barnerommet-lion-golden-caramel-mix\/"]}]},{"@type":"ImageObject","inLanguage":"nb-NO","@id":"https:\/\/babylove.se\/no\/produkt\/liewood-jena-matte-til-barnerommet-lion-golden-caramel-mix\/#primaryimage","url":"https:\/\/babylove.se\/no\/wp-content\/uploads\/sites\/3\/2025\/07\/622233c23fe9d.jpeg","contentUrl":"https:\/\/babylove.se\/no\/wp-content\/uploads\/sites\/3\/2025\/07\/622233c23fe9d.jpeg","width":800,"height":800},{"@type":"BreadcrumbList","@id":"https:\/\/babylove.se\/no\/produkt\/liewood-jena-matte-til-barnerommet-lion-golden-caramel-mix\/#breadcrumb","itemListElement":[{"@type":"ListItem","position":1,"name":"Hem","item":"https:\/\/babylove.se\/no\/"},{"@type":"ListItem","position":2,"name":"Butik","item":"https:\/\/babylove.se\/no\/butik\/"},{"@type":"ListItem","position":3,"name":"Liewood, Jena teppe til barnerommet, Lion golden caramel mix"}]},{"@type":"WebSite","@id":"https:\/\/babylove.se\/no\/#website","url":"https:\/\/babylove.se\/no\/","name":"Babylove Norska","description":"","potentialAction":[{"@type":"SearchAction","target":{"@type":"EntryPoint","urlTemplate":"https:\/\/babylove.se\/no\/?s={search_term_string}"},"query-input":{"@type":"PropertyValueSpecification","valueRequired":true,"valueName":"search_term_string"}}],"inLanguage":"nb-NO"}]},"product_brand":"Liewood","product_price_amount":"1199.00","product_price_currency":"SEK","og_availability":"instock","product_availability":"instock","product_retailer_item_id":"LW147515057","product_condition":"new"},"_links":{"self":[{"href":"https:\/\/babylove.se\/no\/wp-json\/wp\/v2\/product\/33247","targetHints":{"allow":["GET"]}}],"collection":[{"href":"https:\/\/babylove.se\/no\/wp-json\/wp\/v2\/product"}],"about":[{"href":"https:\/\/babylove.se\/no\/wp-json\/wp\/v2\/types\/product"}],"replies":[{"embeddable":true,"href":"https:\/\/babylove.se\/no\/wp-json\/wp\/v2\/comments?post=33247"}],"wp:featuredmedia":[{"embeddable":true,"href":"https:\/\/babylove.se\/no\/wp-json\/wp\/v2\/media\/33249"}],"wp:attachment":[{"href":"https:\/\/babylove.se\/no\/wp-json\/wp\/v2\/media?parent=33247"}],"wp:term":[{"taxonomy":"product_brand","embeddable":true,"href":"https:\/\/babylove.se\/no\/wp-json\/wp\/v2\/product_brand?post=33247"},{"taxonomy":"product_cat","embeddable":true,"href":"https:\/\/babylove.se\/no\/wp-json\/wp\/v2\/product_cat?post=33247"},{"taxonomy":"product_tag","embeddable":true,"href":"https:\/\/babylove.se\/no\/wp-json\/wp\/v2\/product_tag?post=33247"}],"curies":[{"name":"wp","href":"https:\/\/api.w.org\/{rel}","templated":true}]}}