{"id":33341,"date":"2025-07-19T00:44:26","date_gmt":"2025-07-18T23:44:26","guid":{"rendered":"https:\/\/babylove.se\/produkt\/cam-cam-harlequin-juniorsang-light-sand\/"},"modified":"2026-04-08T12:06:33","modified_gmt":"2026-04-08T11:06:33","slug":"cam-cam-harlequin-juniorseng-lys-sand","status":"publish","type":"product","link":"https:\/\/babylove.se\/no\/produkt\/cam-cam-harlequin-juniorseng-lys-sand\/","title":{"rendered":"Cam Cam, Harlequin juniorseng, light sand"},"content":{"rendered":"<p>En elegant og stilren juniorseng fra danske Cam Cam Copenhagen. <\/p>\n<p>En stabil og solid seng i tidl\u00f8s design, som ikke bare er en koselig soveplass, men ogs\u00e5 en flott interi\u00f8rdetalj p\u00e5 barnerommet! Den passer utmerket sammen med andre m\u00f8bler fra samme serie. <\/p>\n<p>Sengen kan kj\u00f8pes med eller uten sidevern. <\/p>\n<p>Finnes i fargene: hvit, gr\u00e5 og light sand. <\/p>\n<p><strong>M\u00e5l: <\/strong> <\/p>\n<p>Finnes i to st\u00f8rrelser: <\/p>\n<ul>\n<li>Sengem\u00e5l: 90 cm x 160 cm. Ytterm\u00e5l: 100 x 170 x 75 cm.<\/li>\n<li>Sengem\u00e5l: 90 cm x 200 cm. Ytterm\u00e5l: 100 x 210 x 75 cm.<\/li>\n<\/ul>\n<p><strong>Materiale<\/strong>: Bj\u00f8rk og MDF. <\/p>\n<p>Fargen er giftfri i henhold til direktiv for lekesikkerhet EN 71\/3 2013. Sengen er produsert i Europa under milj\u00f8vennlige og sosialt ansvarlige forhold. <\/p>\n<p>Rengj\u00f8res forsiktig med en lett fuktet klut. <\/p>\n<p>Madrass inng\u00e5r ikke, men ta gjerne en titt i v\u00e5rt store madrassutvalg. Vi anbefaler en skummadrass med tykkelse p\u00e5 ca 10-12 cm. <\/p>\n<p>Designer: <a href=\"https:\/\/babylove.se\/varumarken\/cam-cam-copenhagen\">Cam Cam Copenhagen<\/a> <\/p>\n<p><em><em><em><em><em>Obs! Sengen leveres umontert og b\u00f8r settes sammen i rommet den skal brukes i.<\/em><\/em><\/em><\/em><\/em><\/p>\n","protected":false},"excerpt":{"rendered":"<p>En elegant og stilren juniorseng fra danske Cam Cam Copenhagen. En stabil og solid seng i tidl\u00f8s design, som ikke bare er en koselig soveplass, men ogs\u00e5 en flott interi\u00f8rdetalj p\u00e5 barnerommet! Den passer utmerket sammen med andre m\u00f8bler fra samme serie. Sengen kan kj\u00f8pes med eller uten sidevern. Finnes i fargene: hvit, gr\u00e5 og [&hellip;]<\/p>\n","protected":false},"featured_media":33343,"comment_status":"closed","ping_status":"closed","template":"","meta":{"_acf_changed":false},"product_brand":[1024],"product_cat":[1025,269,280,40],"product_tag":[],"class_list":{"0":"post-33341","1":"product","2":"type-product","3":"status-publish","4":"has-post-thumbnail","6":"product_brand-cam-cam-copenhagen","7":"product_cat-cam-cam-copenhagen","8":"product_cat-juniorsenger","9":"product_cat-senger-med-rask-levering","10":"product_cat-soverom-barn","11":"pa_sidoskydd-med","12":"pa_sidoskydd-utan","13":"pa_storlek-90x160cm","14":"pa_storlek-90x200cm","16":"first","17":"outofstock","18":"taxable","19":"shipping-taxable","20":"purchasable","21":"product-type-variable"},"acf":[],"yoast_head":"<!-- This site is optimized with the Yoast SEO Premium plugin v25.8 (Yoast SEO v27.2) - https:\/\/yoast.com\/product\/yoast-seo-premium-wordpress\/ -->\n<title>Cam Cam, Harlequin juniorseng, light sand - Babylove Norska<\/title>\n<meta name=\"robots\" content=\"noindex, follow, max-snippet:-1, max-image-preview:large, max-video-preview:-1\" \/>\n<meta property=\"og:locale\" content=\"nb_NO\" \/>\n<meta property=\"og:type\" content=\"article\" \/>\n<meta property=\"og:title\" content=\"Cam Cam, Harlequin juniorseng, light sand\" \/>\n<meta property=\"og:description\" content=\"En elegant og stilren juniorseng fra danske Cam Cam Copenhagen. En stabil og solid seng i tidl\u00f8s design, som ikke bare er en koselig soveplass, men ogs\u00e5 en flott interi\u00f8rdetalj p\u00e5 barnerommet! Den passer utmerket sammen med andre m\u00f8bler fra samme serie. Sengen kan kj\u00f8pes med eller uten sidevern. Finnes i fargene: hvit, gr\u00e5 og [&hellip;]\" \/>\n<meta property=\"og:url\" content=\"https:\/\/babylove.se\/no\/produkt\/cam-cam-harlequin-juniorseng-lys-sand\/\" \/>\n<meta property=\"og:site_name\" content=\"Babylove Norska\" \/>\n<meta property=\"article:modified_time\" content=\"2026-04-08T11:06:33+00:00\" \/>\n<meta property=\"og:image\" content=\"https:\/\/babylove.se\/no\/wp-content\/uploads\/sites\/3\/2025\/07\/62276f83b092c.jpeg\" \/>\n\t<meta property=\"og:image:width\" content=\"1024\" \/>\n\t<meta property=\"og:image:height\" content=\"1024\" \/>\n\t<meta property=\"og:image:type\" content=\"image\/jpeg\" \/>\n<meta name=\"twitter:card\" content=\"summary_large_image\" \/>\n<meta name=\"twitter:label1\" content=\"Availability\" \/>\n\t<meta name=\"twitter:data1\" content=\"Out of stock\" \/>\n<script type=\"application\/ld+json\" class=\"yoast-schema-graph\">{\"@context\":\"https:\/\/schema.org\",\"@graph\":[{\"@type\":\"WebPage\",\"@id\":\"https:\/\/babylove.se\/no\/produkt\/cam-cam-harlequin-juniorseng-lys-sand\/\",\"url\":\"https:\/\/babylove.se\/no\/produkt\/cam-cam-harlequin-juniorseng-lys-sand\/\",\"name\":\"Cam Cam, Harlequin juniorseng, light sand - Babylove Norska\",\"isPartOf\":{\"@id\":\"https:\/\/babylove.se\/no\/#website\"},\"primaryImageOfPage\":{\"@id\":\"https:\/\/babylove.se\/no\/produkt\/cam-cam-harlequin-juniorseng-lys-sand\/#primaryimage\"},\"image\":{\"@id\":\"https:\/\/babylove.se\/no\/produkt\/cam-cam-harlequin-juniorseng-lys-sand\/#primaryimage\"},\"thumbnailUrl\":\"https:\/\/babylove.se\/no\/wp-content\/uploads\/sites\/3\/2025\/07\/62276f83b092c.jpeg\",\"datePublished\":\"2025-07-18T23:44:26+00:00\",\"dateModified\":\"2026-04-08T11:06:33+00:00\",\"breadcrumb\":{\"@id\":\"https:\/\/babylove.se\/no\/produkt\/cam-cam-harlequin-juniorseng-lys-sand\/#breadcrumb\"},\"inLanguage\":\"nb-NO\",\"potentialAction\":[{\"@type\":\"ReadAction\",\"target\":[\"https:\/\/babylove.se\/no\/produkt\/cam-cam-harlequin-juniorseng-lys-sand\/\"]}]},{\"@type\":\"ImageObject\",\"inLanguage\":\"nb-NO\",\"@id\":\"https:\/\/babylove.se\/no\/produkt\/cam-cam-harlequin-juniorseng-lys-sand\/#primaryimage\",\"url\":\"https:\/\/babylove.se\/no\/wp-content\/uploads\/sites\/3\/2025\/07\/62276f83b092c.jpeg\",\"contentUrl\":\"https:\/\/babylove.se\/no\/wp-content\/uploads\/sites\/3\/2025\/07\/62276f83b092c.jpeg\",\"width\":1024,\"height\":1024},{\"@type\":\"BreadcrumbList\",\"@id\":\"https:\/\/babylove.se\/no\/produkt\/cam-cam-harlequin-juniorseng-lys-sand\/#breadcrumb\",\"itemListElement\":[{\"@type\":\"ListItem\",\"position\":1,\"name\":\"Hem\",\"item\":\"https:\/\/babylove.se\/no\/\"},{\"@type\":\"ListItem\",\"position\":2,\"name\":\"Butik\",\"item\":\"https:\/\/babylove.se\/no\/butik\/\"},{\"@type\":\"ListItem\",\"position\":3,\"name\":\"Cam Cam, Harlequin juniorseng, light sand\"}]},{\"@type\":\"WebSite\",\"@id\":\"https:\/\/babylove.se\/no\/#website\",\"url\":\"https:\/\/babylove.se\/no\/\",\"name\":\"Babylove Norska\",\"description\":\"\",\"potentialAction\":[{\"@type\":\"SearchAction\",\"target\":{\"@type\":\"EntryPoint\",\"urlTemplate\":\"https:\/\/babylove.se\/no\/?s={search_term_string}\"},\"query-input\":{\"@type\":\"PropertyValueSpecification\",\"valueRequired\":true,\"valueName\":\"search_term_string\"}}],\"inLanguage\":\"nb-NO\"}]}<\/script>\n<meta property=\"product:brand\" content=\"Cam Cam Copenhagen\" \/>\n<meta property=\"og:availability\" content=\"out of stock\" \/>\n<meta property=\"product:availability\" content=\"out of stock\" \/>\n<meta property=\"product:retailer_item_id\" content=\"2014-54-160-EU\" \/>\n<meta property=\"product:condition\" content=\"new\" \/>\n<!-- \/ Yoast SEO Premium plugin. -->","yoast_head_json":{"title":"Cam Cam, Harlequin juniorseng, light sand - Babylove Norska","robots":{"index":"noindex","follow":"follow","max-snippet":"max-snippet:-1","max-image-preview":"max-image-preview:large","max-video-preview":"max-video-preview:-1"},"og_locale":"nb_NO","og_type":"article","og_title":"Cam Cam, Harlequin juniorseng, light sand","og_description":"En elegant og stilren juniorseng fra danske Cam Cam Copenhagen. En stabil og solid seng i tidl\u00f8s design, som ikke bare er en koselig soveplass, men ogs\u00e5 en flott interi\u00f8rdetalj p\u00e5 barnerommet! Den passer utmerket sammen med andre m\u00f8bler fra samme serie. Sengen kan kj\u00f8pes med eller uten sidevern. Finnes i fargene: hvit, gr\u00e5 og [&hellip;]","og_url":"https:\/\/babylove.se\/no\/produkt\/cam-cam-harlequin-juniorseng-lys-sand\/","og_site_name":"Babylove Norska","article_modified_time":"2026-04-08T11:06:33+00:00","og_image":[{"width":1024,"height":1024,"url":"https:\/\/babylove.se\/no\/wp-content\/uploads\/sites\/3\/2025\/07\/62276f83b092c.jpeg","type":"image\/jpeg"}],"twitter_card":"summary_large_image","twitter_misc":{"Availability":"Out of stock"},"schema":{"@context":"https:\/\/schema.org","@graph":[{"@type":"WebPage","@id":"https:\/\/babylove.se\/no\/produkt\/cam-cam-harlequin-juniorseng-lys-sand\/","url":"https:\/\/babylove.se\/no\/produkt\/cam-cam-harlequin-juniorseng-lys-sand\/","name":"Cam Cam, Harlequin juniorseng, light sand - Babylove Norska","isPartOf":{"@id":"https:\/\/babylove.se\/no\/#website"},"primaryImageOfPage":{"@id":"https:\/\/babylove.se\/no\/produkt\/cam-cam-harlequin-juniorseng-lys-sand\/#primaryimage"},"image":{"@id":"https:\/\/babylove.se\/no\/produkt\/cam-cam-harlequin-juniorseng-lys-sand\/#primaryimage"},"thumbnailUrl":"https:\/\/babylove.se\/no\/wp-content\/uploads\/sites\/3\/2025\/07\/62276f83b092c.jpeg","datePublished":"2025-07-18T23:44:26+00:00","dateModified":"2026-04-08T11:06:33+00:00","breadcrumb":{"@id":"https:\/\/babylove.se\/no\/produkt\/cam-cam-harlequin-juniorseng-lys-sand\/#breadcrumb"},"inLanguage":"nb-NO","potentialAction":[{"@type":"ReadAction","target":["https:\/\/babylove.se\/no\/produkt\/cam-cam-harlequin-juniorseng-lys-sand\/"]}]},{"@type":"ImageObject","inLanguage":"nb-NO","@id":"https:\/\/babylove.se\/no\/produkt\/cam-cam-harlequin-juniorseng-lys-sand\/#primaryimage","url":"https:\/\/babylove.se\/no\/wp-content\/uploads\/sites\/3\/2025\/07\/62276f83b092c.jpeg","contentUrl":"https:\/\/babylove.se\/no\/wp-content\/uploads\/sites\/3\/2025\/07\/62276f83b092c.jpeg","width":1024,"height":1024},{"@type":"BreadcrumbList","@id":"https:\/\/babylove.se\/no\/produkt\/cam-cam-harlequin-juniorseng-lys-sand\/#breadcrumb","itemListElement":[{"@type":"ListItem","position":1,"name":"Hem","item":"https:\/\/babylove.se\/no\/"},{"@type":"ListItem","position":2,"name":"Butik","item":"https:\/\/babylove.se\/no\/butik\/"},{"@type":"ListItem","position":3,"name":"Cam Cam, Harlequin juniorseng, light sand"}]},{"@type":"WebSite","@id":"https:\/\/babylove.se\/no\/#website","url":"https:\/\/babylove.se\/no\/","name":"Babylove Norska","description":"","potentialAction":[{"@type":"SearchAction","target":{"@type":"EntryPoint","urlTemplate":"https:\/\/babylove.se\/no\/?s={search_term_string}"},"query-input":{"@type":"PropertyValueSpecification","valueRequired":true,"valueName":"search_term_string"}}],"inLanguage":"nb-NO"}]},"product_brand":"Cam Cam Copenhagen","og_availability":"out of stock","product_availability":"out of stock","product_retailer_item_id":"2014-54-160-EU","product_condition":"new"},"_links":{"self":[{"href":"https:\/\/babylove.se\/no\/wp-json\/wp\/v2\/product\/33341","targetHints":{"allow":["GET"]}}],"collection":[{"href":"https:\/\/babylove.se\/no\/wp-json\/wp\/v2\/product"}],"about":[{"href":"https:\/\/babylove.se\/no\/wp-json\/wp\/v2\/types\/product"}],"replies":[{"embeddable":true,"href":"https:\/\/babylove.se\/no\/wp-json\/wp\/v2\/comments?post=33341"}],"wp:featuredmedia":[{"embeddable":true,"href":"https:\/\/babylove.se\/no\/wp-json\/wp\/v2\/media\/33343"}],"wp:attachment":[{"href":"https:\/\/babylove.se\/no\/wp-json\/wp\/v2\/media?parent=33341"}],"wp:term":[{"taxonomy":"product_brand","embeddable":true,"href":"https:\/\/babylove.se\/no\/wp-json\/wp\/v2\/product_brand?post=33341"},{"taxonomy":"product_cat","embeddable":true,"href":"https:\/\/babylove.se\/no\/wp-json\/wp\/v2\/product_cat?post=33341"},{"taxonomy":"product_tag","embeddable":true,"href":"https:\/\/babylove.se\/no\/wp-json\/wp\/v2\/product_tag?post=33341"}],"curies":[{"name":"wp","href":"https:\/\/api.w.org\/{rel}","templated":true}]}}