{"id":3339,"date":"2025-07-18T20:14:52","date_gmt":"2025-07-18T19:14:52","guid":{"rendered":"https:\/\/babylove.se\/produkt\/gra-sangmobil-moln-med-silver-stjarnor-cotton-sweets\/"},"modified":"2026-04-08T07:59:26","modified_gmt":"2026-04-08T06:59:26","slug":"gra-sangmobil-skyer-med-solv-stjerner-bomullsgodteri","status":"publish","type":"product","link":"https:\/\/babylove.se\/no\/produkt\/gra-sangmobil-skyer-med-solv-stjerner-bomullsgodteri\/","title":{"rendered":"Grafittgr\u00e5 sengemobil sky med s\u00f8lv stjerner, Cotton &#038; Sweets"},"content":{"rendered":"<p>Alle barn elsker denne vakre og dekorative mobilen av fine skyer.&nbsp;<\/p>\n<p>Laget av myk bomullsfl\u00f8yel med skimrende stjerner og en m\u00e5ne. Sjarmerende i sin enkelhet og ideell for barnerominnredningen.&nbsp;<\/p>\n<p><strong>M\u00e5l<\/strong>: Bredde 26 cm, lengde 37 cm og h\u00f8yde 44 cm.&nbsp;<\/p>\n<p><strong>Materiale<\/strong>: 100 % bomull og \u00f8ko-l\u00e6r.&nbsp;<\/p>\n<p>Fyll: Polyesterballer.<\/p>\n<p>Designer: <a href=\"https:\/\/babylove.se\/varumarken\/cottonsweets\"><u>Cotton &amp; Sweets<\/u><\/a><\/p>\n","protected":false},"excerpt":{"rendered":"<p>Alle barn elsker denne vakre og dekorative mobilen av fine skyer.&nbsp; Laget av myk bomullsfl\u00f8yel med skimrende stjerner og en m\u00e5ne. Sjarmerende i sin enkelhet og ideell for barnerominnredningen.&nbsp; M\u00e5l: Bredde 26 cm, lengde 37 cm og h\u00f8yde 44 cm.&nbsp; Materiale: 100 % bomull og \u00f8ko-l\u00e6r.&nbsp; Fyll: Polyesterballer. Designer: Cotton &amp; Sweets<\/p>\n","protected":false},"featured_media":3341,"comment_status":"closed","ping_status":"open","template":"","meta":{"_acf_changed":false},"product_brand":[143],"product_cat":[144,145],"product_tag":[1689],"class_list":{"0":"post-3339","1":"product","2":"type-product","3":"status-publish","4":"has-post-thumbnail","6":"product_brand-cotton-sweets","7":"product_cat-cottonsweets","8":"product_cat-sangmobiler","9":"product_tag-bestillingsvaror","11":"first","12":"instock","13":"taxable","14":"shipping-taxable","15":"purchasable","16":"product-type-simple"},"acf":[],"yoast_head":"<!-- This site is optimized with the Yoast SEO Premium plugin v25.8 (Yoast SEO v27.2) - https:\/\/yoast.com\/product\/yoast-seo-premium-wordpress\/ -->\n<title>Grafittgr\u00e5 sengemobil sky med s\u00f8lv stjerner, Cotton &amp; Sweets - Babylove Norska<\/title>\n<meta name=\"description\" content=\"Alla barn \u00e4lskar denna vackra och dekorativa mobil av fina moln. Charmig i sin enkelhet och idealisk f\u00f6r barnrumsinredningen - skickas inom 24 timmar !\" \/>\n<meta name=\"robots\" content=\"noindex, follow, max-snippet:-1, max-image-preview:large, max-video-preview:-1\" \/>\n<meta property=\"og:locale\" content=\"nb_NO\" \/>\n<meta property=\"og:type\" content=\"article\" \/>\n<meta property=\"og:title\" content=\"Grafittgr\u00e5 sengemobil sky med s\u00f8lv stjerner, Cotton &amp; Sweets\" \/>\n<meta property=\"og:description\" content=\"Alla barn \u00e4lskar denna vackra och dekorativa mobil av fina moln. Charmig i sin enkelhet och idealisk f\u00f6r barnrumsinredningen - skickas inom 24 timmar !\" \/>\n<meta property=\"og:url\" content=\"https:\/\/babylove.se\/no\/produkt\/gra-sangmobil-skyer-med-solv-stjerner-bomullsgodteri\/\" \/>\n<meta property=\"og:site_name\" content=\"Babylove Norska\" \/>\n<meta property=\"article:modified_time\" content=\"2026-04-08T06:59:26+00:00\" \/>\n<meta property=\"og:image\" content=\"https:\/\/babylove.se\/no\/wp-content\/uploads\/sites\/3\/2025\/07\/60926e6e3f8ba.png\" \/>\n\t<meta property=\"og:image:width\" content=\"750\" \/>\n\t<meta property=\"og:image:height\" content=\"607\" \/>\n\t<meta property=\"og:image:type\" content=\"image\/png\" \/>\n<meta name=\"twitter:card\" content=\"summary_large_image\" \/>\n<meta name=\"twitter:label1\" content=\"Price\" \/>\n\t<meta name=\"twitter:data1\" content=\"459,00&nbsp;&#107;&#114;\" \/>\n\t<meta name=\"twitter:label2\" content=\"Availability\" \/>\n\t<meta name=\"twitter:data2\" content=\"In stock\" \/>\n<script type=\"application\/ld+json\" class=\"yoast-schema-graph\">{\"@context\":\"https:\/\/schema.org\",\"@graph\":[{\"@type\":\"WebPage\",\"@id\":\"https:\/\/babylove.se\/no\/produkt\/gra-sangmobil-skyer-med-solv-stjerner-bomullsgodteri\/\",\"url\":\"https:\/\/babylove.se\/no\/produkt\/gra-sangmobil-skyer-med-solv-stjerner-bomullsgodteri\/\",\"name\":\"Grafittgr\u00e5 sengemobil sky med s\u00f8lv stjerner, Cotton & Sweets - Babylove Norska\",\"isPartOf\":{\"@id\":\"https:\/\/babylove.se\/no\/#website\"},\"primaryImageOfPage\":{\"@id\":\"https:\/\/babylove.se\/no\/produkt\/gra-sangmobil-skyer-med-solv-stjerner-bomullsgodteri\/#primaryimage\"},\"image\":{\"@id\":\"https:\/\/babylove.se\/no\/produkt\/gra-sangmobil-skyer-med-solv-stjerner-bomullsgodteri\/#primaryimage\"},\"thumbnailUrl\":\"https:\/\/babylove.se\/no\/wp-content\/uploads\/sites\/3\/2025\/07\/60926e6e3f8ba.png\",\"datePublished\":\"2025-07-18T19:14:52+00:00\",\"dateModified\":\"2026-04-08T06:59:26+00:00\",\"description\":\"Alla barn \u00e4lskar denna vackra och dekorativa mobil av fina moln. Charmig i sin enkelhet och idealisk f\u00f6r barnrumsinredningen - skickas inom 24 timmar !\",\"breadcrumb\":{\"@id\":\"https:\/\/babylove.se\/no\/produkt\/gra-sangmobil-skyer-med-solv-stjerner-bomullsgodteri\/#breadcrumb\"},\"inLanguage\":\"nb-NO\",\"potentialAction\":[{\"@type\":\"ReadAction\",\"target\":[\"https:\/\/babylove.se\/no\/produkt\/gra-sangmobil-skyer-med-solv-stjerner-bomullsgodteri\/\"]}]},{\"@type\":\"ImageObject\",\"inLanguage\":\"nb-NO\",\"@id\":\"https:\/\/babylove.se\/no\/produkt\/gra-sangmobil-skyer-med-solv-stjerner-bomullsgodteri\/#primaryimage\",\"url\":\"https:\/\/babylove.se\/no\/wp-content\/uploads\/sites\/3\/2025\/07\/60926e6e3f8ba.png\",\"contentUrl\":\"https:\/\/babylove.se\/no\/wp-content\/uploads\/sites\/3\/2025\/07\/60926e6e3f8ba.png\",\"width\":750,\"height\":607},{\"@type\":\"BreadcrumbList\",\"@id\":\"https:\/\/babylove.se\/no\/produkt\/gra-sangmobil-skyer-med-solv-stjerner-bomullsgodteri\/#breadcrumb\",\"itemListElement\":[{\"@type\":\"ListItem\",\"position\":1,\"name\":\"Hem\",\"item\":\"https:\/\/babylove.se\/no\/\"},{\"@type\":\"ListItem\",\"position\":2,\"name\":\"Butik\",\"item\":\"https:\/\/babylove.se\/no\/butik\/\"},{\"@type\":\"ListItem\",\"position\":3,\"name\":\"Grafittgr\u00e5 sengemobil sky med s\u00f8lv stjerner, Cotton &#038; Sweets\"}]},{\"@type\":\"WebSite\",\"@id\":\"https:\/\/babylove.se\/no\/#website\",\"url\":\"https:\/\/babylove.se\/no\/\",\"name\":\"Babylove Norska\",\"description\":\"\",\"potentialAction\":[{\"@type\":\"SearchAction\",\"target\":{\"@type\":\"EntryPoint\",\"urlTemplate\":\"https:\/\/babylove.se\/no\/?s={search_term_string}\"},\"query-input\":{\"@type\":\"PropertyValueSpecification\",\"valueRequired\":true,\"valueName\":\"search_term_string\"}}],\"inLanguage\":\"nb-NO\"}]}<\/script>\n<meta property=\"product:brand\" content=\"Cotton &amp; Sweets\" \/>\n<meta property=\"product:price:amount\" content=\"459.00\" \/>\n<meta property=\"product:price:currency\" content=\"SEK\" \/>\n<meta property=\"og:availability\" content=\"instock\" \/>\n<meta property=\"product:availability\" content=\"instock\" \/>\n<meta property=\"product:retailer_item_id\" content=\"1198\" \/>\n<meta property=\"product:condition\" content=\"new\" \/>\n<!-- \/ Yoast SEO Premium plugin. -->","yoast_head_json":{"title":"Grafittgr\u00e5 sengemobil sky med s\u00f8lv stjerner, Cotton & Sweets - Babylove Norska","description":"Alla barn \u00e4lskar denna vackra och dekorativa mobil av fina moln. Charmig i sin enkelhet och idealisk f\u00f6r barnrumsinredningen - skickas inom 24 timmar !","robots":{"index":"noindex","follow":"follow","max-snippet":"max-snippet:-1","max-image-preview":"max-image-preview:large","max-video-preview":"max-video-preview:-1"},"og_locale":"nb_NO","og_type":"article","og_title":"Grafittgr\u00e5 sengemobil sky med s\u00f8lv stjerner, Cotton & Sweets","og_description":"Alla barn \u00e4lskar denna vackra och dekorativa mobil av fina moln. Charmig i sin enkelhet och idealisk f\u00f6r barnrumsinredningen - skickas inom 24 timmar !","og_url":"https:\/\/babylove.se\/no\/produkt\/gra-sangmobil-skyer-med-solv-stjerner-bomullsgodteri\/","og_site_name":"Babylove Norska","article_modified_time":"2026-04-08T06:59:26+00:00","og_image":[{"width":750,"height":607,"url":"https:\/\/babylove.se\/no\/wp-content\/uploads\/sites\/3\/2025\/07\/60926e6e3f8ba.png","type":"image\/png"}],"twitter_card":"summary_large_image","twitter_misc":{"Price":"459,00&nbsp;&#107;&#114;","Availability":"In stock"},"schema":{"@context":"https:\/\/schema.org","@graph":[{"@type":"WebPage","@id":"https:\/\/babylove.se\/no\/produkt\/gra-sangmobil-skyer-med-solv-stjerner-bomullsgodteri\/","url":"https:\/\/babylove.se\/no\/produkt\/gra-sangmobil-skyer-med-solv-stjerner-bomullsgodteri\/","name":"Grafittgr\u00e5 sengemobil sky med s\u00f8lv stjerner, Cotton & Sweets - Babylove Norska","isPartOf":{"@id":"https:\/\/babylove.se\/no\/#website"},"primaryImageOfPage":{"@id":"https:\/\/babylove.se\/no\/produkt\/gra-sangmobil-skyer-med-solv-stjerner-bomullsgodteri\/#primaryimage"},"image":{"@id":"https:\/\/babylove.se\/no\/produkt\/gra-sangmobil-skyer-med-solv-stjerner-bomullsgodteri\/#primaryimage"},"thumbnailUrl":"https:\/\/babylove.se\/no\/wp-content\/uploads\/sites\/3\/2025\/07\/60926e6e3f8ba.png","datePublished":"2025-07-18T19:14:52+00:00","dateModified":"2026-04-08T06:59:26+00:00","description":"Alla barn \u00e4lskar denna vackra och dekorativa mobil av fina moln. Charmig i sin enkelhet och idealisk f\u00f6r barnrumsinredningen - skickas inom 24 timmar !","breadcrumb":{"@id":"https:\/\/babylove.se\/no\/produkt\/gra-sangmobil-skyer-med-solv-stjerner-bomullsgodteri\/#breadcrumb"},"inLanguage":"nb-NO","potentialAction":[{"@type":"ReadAction","target":["https:\/\/babylove.se\/no\/produkt\/gra-sangmobil-skyer-med-solv-stjerner-bomullsgodteri\/"]}]},{"@type":"ImageObject","inLanguage":"nb-NO","@id":"https:\/\/babylove.se\/no\/produkt\/gra-sangmobil-skyer-med-solv-stjerner-bomullsgodteri\/#primaryimage","url":"https:\/\/babylove.se\/no\/wp-content\/uploads\/sites\/3\/2025\/07\/60926e6e3f8ba.png","contentUrl":"https:\/\/babylove.se\/no\/wp-content\/uploads\/sites\/3\/2025\/07\/60926e6e3f8ba.png","width":750,"height":607},{"@type":"BreadcrumbList","@id":"https:\/\/babylove.se\/no\/produkt\/gra-sangmobil-skyer-med-solv-stjerner-bomullsgodteri\/#breadcrumb","itemListElement":[{"@type":"ListItem","position":1,"name":"Hem","item":"https:\/\/babylove.se\/no\/"},{"@type":"ListItem","position":2,"name":"Butik","item":"https:\/\/babylove.se\/no\/butik\/"},{"@type":"ListItem","position":3,"name":"Grafittgr\u00e5 sengemobil sky med s\u00f8lv stjerner, Cotton &#038; Sweets"}]},{"@type":"WebSite","@id":"https:\/\/babylove.se\/no\/#website","url":"https:\/\/babylove.se\/no\/","name":"Babylove Norska","description":"","potentialAction":[{"@type":"SearchAction","target":{"@type":"EntryPoint","urlTemplate":"https:\/\/babylove.se\/no\/?s={search_term_string}"},"query-input":{"@type":"PropertyValueSpecification","valueRequired":true,"valueName":"search_term_string"}}],"inLanguage":"nb-NO"}]},"product_brand":"Cotton &amp; Sweets","product_price_amount":"459.00","product_price_currency":"SEK","og_availability":"instock","product_availability":"instock","product_retailer_item_id":"1198","product_condition":"new"},"_links":{"self":[{"href":"https:\/\/babylove.se\/no\/wp-json\/wp\/v2\/product\/3339","targetHints":{"allow":["GET"]}}],"collection":[{"href":"https:\/\/babylove.se\/no\/wp-json\/wp\/v2\/product"}],"about":[{"href":"https:\/\/babylove.se\/no\/wp-json\/wp\/v2\/types\/product"}],"replies":[{"embeddable":true,"href":"https:\/\/babylove.se\/no\/wp-json\/wp\/v2\/comments?post=3339"}],"wp:featuredmedia":[{"embeddable":true,"href":"https:\/\/babylove.se\/no\/wp-json\/wp\/v2\/media\/3341"}],"wp:attachment":[{"href":"https:\/\/babylove.se\/no\/wp-json\/wp\/v2\/media?parent=3339"}],"wp:term":[{"taxonomy":"product_brand","embeddable":true,"href":"https:\/\/babylove.se\/no\/wp-json\/wp\/v2\/product_brand?post=3339"},{"taxonomy":"product_cat","embeddable":true,"href":"https:\/\/babylove.se\/no\/wp-json\/wp\/v2\/product_cat?post=3339"},{"taxonomy":"product_tag","embeddable":true,"href":"https:\/\/babylove.se\/no\/wp-json\/wp\/v2\/product_tag?post=3339"}],"curies":[{"name":"wp","href":"https:\/\/api.w.org\/{rel}","templated":true}]}}