{"id":33400,"date":"2025-07-19T00:44:56","date_gmt":"2025-07-18T23:44:56","guid":{"rendered":"https:\/\/babylove.se\/produkt\/baby-jogger-sittvagn-city-elite-2-jet\/"},"modified":"2026-05-11T13:00:44","modified_gmt":"2026-05-11T12:00:44","slug":"baby-jogger-barnevogn-city-elite-2-jet","status":"publish","type":"product","link":"https:\/\/babylove.se\/no\/produkt\/baby-jogger-barnevogn-city-elite-2-jet\/","title":{"rendered":"Baby Jogger, Sittvogn City Elite 2 &#8211; Jet"},"content":{"rendered":"<p>En sjarmerende og praktisk barnevogn fra popul\u00e6re Baby Jogger som forskj\u00f8nner og letter turer b\u00e5de for mamma og barnet.&nbsp;<\/p>\n<p>Barnet vil sitte komfortabelt da sitteenheten er romslig, ryggst\u00f8tten kan reguleres og vognen er utstyrt med et innebygd fotst\u00f8tte og en praktisk fempunkts sikkerhetssele. De solide gummihjulene gir b\u00e5de mamma og barnet en smidig kj\u00f8ref\u00f8lelse. Framhjulet kan l\u00e5ses ved t\u00f8ffere terreng.<\/p>\n<p>Barnet sitter beskyttet mot solens str\u00e5ler da kalesjeens stoff er UV50+. Kalesjen har ogs\u00e5 ventilasjonslukker samt tittehull som lukkes med magneter s\u00e5 du alltid kan ha kontroll p\u00e5 din aller kj\u00e6reste.<\/p>\n<p>N\u00e5r du ikke &nbsp;trenger vognen kan du enkelt folde den sammen med en h\u00e5nd!&nbsp;<\/p>\n<p>Finnes i to farger: Jet (svart) og Slate (lys gr\u00e5).<\/p>\n<p>Om barnevognen skal brukes fra f\u00f8dselen m\u00e5 man kj\u00f8pe adaptere samt babybeskyttelse separat.<\/p>\n<p>For flere spesifikasjoner vennligst se tabellen nedenfor!&nbsp;<\/p>\n<p><span style=\"font-size: 18px;\"><strong>M\u00e5l<\/strong>:&nbsp;<\/span><\/p>\n<ul>\n<li>Sammenfoldbar med hjul (LxBxH): 80 x 68 x 34 cm<\/li>\n<li>Sammenfoldbar uten hjul (LxBxH): 77 x 53 x 31 cm<\/li>\n<\/ul>\n<p><span style=\"font-size: 18px;\"><strong>Spesifikasjoner:<\/strong><\/span><\/p>\n<table class=\"fr-dashed-borders fr-alternate-rows\" style=\"width: 81%; margin-right: calc(19%);\">\n<tbody>\n<tr>\n<td style=\"width: 47.4344%;\">Kompatibel med babybeskyttelse<\/td>\n<td style=\"width: 52.4588%;\">Ja<\/td>\n<\/tr>\n<tr>\n<td style=\"width: 47.4344%;\">Fellbart ryggst\u00f8tte<\/td>\n<td style=\"width: 52.4588%;\">Ja<\/td>\n<\/tr>\n<tr>\n<td style=\"width: 47.4344%;\">Justerbart h\u00e5ndtak<\/td>\n<td style=\"width: 52.4588%;\">Ja<\/td>\n<\/tr>\n<tr>\n<td style=\"width: 47.4344%;\">Framhjul<\/td>\n<td style=\"width: 52.4588%;\">Svingbare med l\u00e5s<\/td>\n<\/tr>\n<tr>\n<td style=\"width: 47.4344%;\">Parkeringsbrems<\/td>\n<td style=\"width: 52.4588%;\">Ja<\/td>\n<\/tr>\n<tr>\n<td style=\"width: 47.4344%;\">Fotbrems<\/td>\n<td style=\"width: 52.4588%;\">Nei<\/td>\n<\/tr>\n<tr>\n<td style=\"width: 47.4344%;\">H\u00e5ndbrems<\/td>\n<td style=\"width: 52.4588%;\">Nei<\/td>\n<\/tr>\n<tr>\n<td style=\"width: 47.4344%;\">H\u00e5ndtaksh\u00f8yde<\/td>\n<td style=\"width: 52.4588%;\">118 cm<\/td>\n<\/tr>\n<tr>\n<td style=\"width: 47.4344%;\">Hjultype<\/td>\n<td style=\"width: 52.4588%;\">Gummi<\/td>\n<\/tr>\n<tr>\n<td style=\"width: 47.4344%;\">Antall hjul<\/td>\n<td style=\"width: 52.4588%;\">3<\/td>\n<\/tr>\n<tr>\n<td style=\"width: 47.4344%;\">Vendbar sete<\/td>\n<td style=\"width: 52.4588%;\">Nei<\/td>\n<\/tr>\n<tr>\n<td style=\"width: 47.4344%;\">Avtagbar trekk<\/td>\n<td style=\"width: 52.4588%;\">Nei<\/td>\n<\/tr>\n<tr>\n<td style=\"width: 47.4344%;\">Joggingvogn<\/td>\n<td style=\"width: 52.4588%;\">Nei<\/td>\n<\/tr>\n<tr>\n<td style=\"width: 47.4344%;\">Vekt<\/td>\n<td style=\"width: 52.4588%;\">11,5 kg<\/td>\n<\/tr>\n<tr>\n<td style=\"width: 47.4344%;\">Maks vekt<\/td>\n<td style=\"width: 52.4588%;\">39,5 kg<\/td>\n<\/tr>\n<tr>\n<td style=\"width: 47.4344%;\">Maks vekt varekurv<\/td>\n<td style=\"width: 52.4588%;\">4,5 kg<\/td>\n<\/tr>\n<\/tbody>\n<\/table>\n<p><\/p>\n<p>Designer: <a href=\"https:\/\/babylove.se\/varumarken\/baby-jogger\">Baby Jogger<\/a><\/p>\n","protected":false},"excerpt":{"rendered":"<p>En sjarmerende og praktisk barnevogn fra popul\u00e6re Baby Jogger som forskj\u00f8nner og letter turer b\u00e5de for mamma og barnet.&nbsp; Barnet vil sitte komfortabelt da sitteenheten er romslig, ryggst\u00f8tten kan reguleres og vognen er utstyrt med et innebygd fotst\u00f8tte og en praktisk fempunkts sikkerhetssele. De solide gummihjulene gir b\u00e5de mamma og barnet en smidig kj\u00f8ref\u00f8lelse. Framhjulet [&hellip;]<\/p>\n","protected":false},"featured_media":33402,"comment_status":"closed","ping_status":"open","template":"","meta":{"_acf_changed":false},"product_brand":[1147],"product_cat":[1149,1148],"product_tag":[1689],"class_list":{"0":"post-33400","1":"product","2":"type-product","3":"status-publish","4":"has-post-thumbnail","6":"product_brand-baby-jogger","7":"product_cat-baby-jogger","8":"product_cat-barnevogner","9":"product_tag-bestillingsvaror","11":"first","12":"outofstock","13":"taxable","14":"shipping-taxable","15":"purchasable","16":"product-type-simple"},"acf":[],"yoast_head":"<!-- This site is optimized with the Yoast SEO Premium plugin v25.8 (Yoast SEO v27.2) - https:\/\/yoast.com\/product\/yoast-seo-premium-wordpress\/ -->\n<title>Baby Jogger, Sittvogn City Elite 2 - Jet - Babylove Norska<\/title>\n<meta name=\"robots\" content=\"noindex, follow, max-snippet:-1, max-image-preview:large, max-video-preview:-1\" \/>\n<meta property=\"og:locale\" content=\"nb_NO\" \/>\n<meta property=\"og:type\" content=\"article\" \/>\n<meta property=\"og:title\" content=\"Baby Jogger, Sittvogn City Elite 2 - Jet\" \/>\n<meta property=\"og:description\" content=\"En sjarmerende og praktisk barnevogn fra popul\u00e6re Baby Jogger som forskj\u00f8nner og letter turer b\u00e5de for mamma og barnet.&nbsp; Barnet vil sitte komfortabelt da sitteenheten er romslig, ryggst\u00f8tten kan reguleres og vognen er utstyrt med et innebygd fotst\u00f8tte og en praktisk fempunkts sikkerhetssele. De solide gummihjulene gir b\u00e5de mamma og barnet en smidig kj\u00f8ref\u00f8lelse. Framhjulet [&hellip;]\" \/>\n<meta property=\"og:url\" content=\"https:\/\/babylove.se\/no\/produkt\/baby-jogger-barnevogn-city-elite-2-jet\/\" \/>\n<meta property=\"og:site_name\" content=\"Babylove Norska\" \/>\n<meta property=\"article:modified_time\" content=\"2026-05-11T12:00:44+00:00\" \/>\n<meta property=\"og:image\" content=\"https:\/\/babylove.se\/no\/wp-content\/uploads\/sites\/3\/2025\/07\/6228b5914313d.jpeg\" \/>\n\t<meta property=\"og:image:width\" content=\"500\" \/>\n\t<meta property=\"og:image:height\" content=\"500\" \/>\n\t<meta property=\"og:image:type\" content=\"image\/jpeg\" \/>\n<meta name=\"twitter:card\" content=\"summary_large_image\" \/>\n<meta name=\"twitter:label1\" content=\"Price\" \/>\n\t<meta name=\"twitter:data1\" content=\"8 113,00&nbsp;&#107;&#114;\" \/>\n\t<meta name=\"twitter:label2\" content=\"Availability\" \/>\n\t<meta name=\"twitter:data2\" content=\"Out of stock\" \/>\n<script type=\"application\/ld+json\" class=\"yoast-schema-graph\">{\"@context\":\"https:\/\/schema.org\",\"@graph\":[{\"@type\":\"WebPage\",\"@id\":\"https:\/\/babylove.se\/no\/produkt\/baby-jogger-barnevogn-city-elite-2-jet\/\",\"url\":\"https:\/\/babylove.se\/no\/produkt\/baby-jogger-barnevogn-city-elite-2-jet\/\",\"name\":\"Baby Jogger, Sittvogn City Elite 2 - Jet - Babylove Norska\",\"isPartOf\":{\"@id\":\"https:\/\/babylove.se\/no\/#website\"},\"primaryImageOfPage\":{\"@id\":\"https:\/\/babylove.se\/no\/produkt\/baby-jogger-barnevogn-city-elite-2-jet\/#primaryimage\"},\"image\":{\"@id\":\"https:\/\/babylove.se\/no\/produkt\/baby-jogger-barnevogn-city-elite-2-jet\/#primaryimage\"},\"thumbnailUrl\":\"https:\/\/babylove.se\/no\/wp-content\/uploads\/sites\/3\/2025\/07\/6228b5914313d.jpeg\",\"datePublished\":\"2025-07-18T23:44:56+00:00\",\"dateModified\":\"2026-05-11T12:00:44+00:00\",\"breadcrumb\":{\"@id\":\"https:\/\/babylove.se\/no\/produkt\/baby-jogger-barnevogn-city-elite-2-jet\/#breadcrumb\"},\"inLanguage\":\"nb-NO\",\"potentialAction\":[{\"@type\":\"ReadAction\",\"target\":[\"https:\/\/babylove.se\/no\/produkt\/baby-jogger-barnevogn-city-elite-2-jet\/\"]}]},{\"@type\":\"ImageObject\",\"inLanguage\":\"nb-NO\",\"@id\":\"https:\/\/babylove.se\/no\/produkt\/baby-jogger-barnevogn-city-elite-2-jet\/#primaryimage\",\"url\":\"https:\/\/babylove.se\/no\/wp-content\/uploads\/sites\/3\/2025\/07\/6228b5914313d.jpeg\",\"contentUrl\":\"https:\/\/babylove.se\/no\/wp-content\/uploads\/sites\/3\/2025\/07\/6228b5914313d.jpeg\",\"width\":500,\"height\":500},{\"@type\":\"BreadcrumbList\",\"@id\":\"https:\/\/babylove.se\/no\/produkt\/baby-jogger-barnevogn-city-elite-2-jet\/#breadcrumb\",\"itemListElement\":[{\"@type\":\"ListItem\",\"position\":1,\"name\":\"Hem\",\"item\":\"https:\/\/babylove.se\/no\/\"},{\"@type\":\"ListItem\",\"position\":2,\"name\":\"Butik\",\"item\":\"https:\/\/babylove.se\/no\/butik\/\"},{\"@type\":\"ListItem\",\"position\":3,\"name\":\"Baby Jogger, Sittvogn City Elite 2 &#8211; Jet\"}]},{\"@type\":\"WebSite\",\"@id\":\"https:\/\/babylove.se\/no\/#website\",\"url\":\"https:\/\/babylove.se\/no\/\",\"name\":\"Babylove Norska\",\"description\":\"\",\"potentialAction\":[{\"@type\":\"SearchAction\",\"target\":{\"@type\":\"EntryPoint\",\"urlTemplate\":\"https:\/\/babylove.se\/no\/?s={search_term_string}\"},\"query-input\":{\"@type\":\"PropertyValueSpecification\",\"valueRequired\":true,\"valueName\":\"search_term_string\"}}],\"inLanguage\":\"nb-NO\"}]}<\/script>\n<meta property=\"product:brand\" content=\"Baby Jogger\" \/>\n<meta property=\"product:price:amount\" content=\"8113.00\" \/>\n<meta property=\"product:price:currency\" content=\"NOK\" \/>\n<meta property=\"og:availability\" content=\"out of stock\" \/>\n<meta property=\"product:availability\" content=\"out of stock\" \/>\n<meta property=\"product:retailer_item_id\" content=\"BJ2117351\" \/>\n<meta property=\"product:condition\" content=\"new\" \/>\n<!-- \/ Yoast SEO Premium plugin. -->","yoast_head_json":{"title":"Baby Jogger, Sittvogn City Elite 2 - Jet - Babylove Norska","robots":{"index":"noindex","follow":"follow","max-snippet":"max-snippet:-1","max-image-preview":"max-image-preview:large","max-video-preview":"max-video-preview:-1"},"og_locale":"nb_NO","og_type":"article","og_title":"Baby Jogger, Sittvogn City Elite 2 - Jet","og_description":"En sjarmerende og praktisk barnevogn fra popul\u00e6re Baby Jogger som forskj\u00f8nner og letter turer b\u00e5de for mamma og barnet.&nbsp; Barnet vil sitte komfortabelt da sitteenheten er romslig, ryggst\u00f8tten kan reguleres og vognen er utstyrt med et innebygd fotst\u00f8tte og en praktisk fempunkts sikkerhetssele. De solide gummihjulene gir b\u00e5de mamma og barnet en smidig kj\u00f8ref\u00f8lelse. Framhjulet [&hellip;]","og_url":"https:\/\/babylove.se\/no\/produkt\/baby-jogger-barnevogn-city-elite-2-jet\/","og_site_name":"Babylove Norska","article_modified_time":"2026-05-11T12:00:44+00:00","og_image":[{"width":500,"height":500,"url":"https:\/\/babylove.se\/no\/wp-content\/uploads\/sites\/3\/2025\/07\/6228b5914313d.jpeg","type":"image\/jpeg"}],"twitter_card":"summary_large_image","twitter_misc":{"Price":"8 113,00&nbsp;&#107;&#114;","Availability":"Out of stock"},"schema":{"@context":"https:\/\/schema.org","@graph":[{"@type":"WebPage","@id":"https:\/\/babylove.se\/no\/produkt\/baby-jogger-barnevogn-city-elite-2-jet\/","url":"https:\/\/babylove.se\/no\/produkt\/baby-jogger-barnevogn-city-elite-2-jet\/","name":"Baby Jogger, Sittvogn City Elite 2 - Jet - Babylove Norska","isPartOf":{"@id":"https:\/\/babylove.se\/no\/#website"},"primaryImageOfPage":{"@id":"https:\/\/babylove.se\/no\/produkt\/baby-jogger-barnevogn-city-elite-2-jet\/#primaryimage"},"image":{"@id":"https:\/\/babylove.se\/no\/produkt\/baby-jogger-barnevogn-city-elite-2-jet\/#primaryimage"},"thumbnailUrl":"https:\/\/babylove.se\/no\/wp-content\/uploads\/sites\/3\/2025\/07\/6228b5914313d.jpeg","datePublished":"2025-07-18T23:44:56+00:00","dateModified":"2026-05-11T12:00:44+00:00","breadcrumb":{"@id":"https:\/\/babylove.se\/no\/produkt\/baby-jogger-barnevogn-city-elite-2-jet\/#breadcrumb"},"inLanguage":"nb-NO","potentialAction":[{"@type":"ReadAction","target":["https:\/\/babylove.se\/no\/produkt\/baby-jogger-barnevogn-city-elite-2-jet\/"]}]},{"@type":"ImageObject","inLanguage":"nb-NO","@id":"https:\/\/babylove.se\/no\/produkt\/baby-jogger-barnevogn-city-elite-2-jet\/#primaryimage","url":"https:\/\/babylove.se\/no\/wp-content\/uploads\/sites\/3\/2025\/07\/6228b5914313d.jpeg","contentUrl":"https:\/\/babylove.se\/no\/wp-content\/uploads\/sites\/3\/2025\/07\/6228b5914313d.jpeg","width":500,"height":500},{"@type":"BreadcrumbList","@id":"https:\/\/babylove.se\/no\/produkt\/baby-jogger-barnevogn-city-elite-2-jet\/#breadcrumb","itemListElement":[{"@type":"ListItem","position":1,"name":"Hem","item":"https:\/\/babylove.se\/no\/"},{"@type":"ListItem","position":2,"name":"Butik","item":"https:\/\/babylove.se\/no\/butik\/"},{"@type":"ListItem","position":3,"name":"Baby Jogger, Sittvogn City Elite 2 &#8211; Jet"}]},{"@type":"WebSite","@id":"https:\/\/babylove.se\/no\/#website","url":"https:\/\/babylove.se\/no\/","name":"Babylove Norska","description":"","potentialAction":[{"@type":"SearchAction","target":{"@type":"EntryPoint","urlTemplate":"https:\/\/babylove.se\/no\/?s={search_term_string}"},"query-input":{"@type":"PropertyValueSpecification","valueRequired":true,"valueName":"search_term_string"}}],"inLanguage":"nb-NO"}]},"product_brand":"Baby Jogger","product_price_amount":"8113.00","product_price_currency":"NOK","og_availability":"out of stock","product_availability":"out of stock","product_retailer_item_id":"BJ2117351","product_condition":"new"},"_links":{"self":[{"href":"https:\/\/babylove.se\/no\/wp-json\/wp\/v2\/product\/33400","targetHints":{"allow":["GET"]}}],"collection":[{"href":"https:\/\/babylove.se\/no\/wp-json\/wp\/v2\/product"}],"about":[{"href":"https:\/\/babylove.se\/no\/wp-json\/wp\/v2\/types\/product"}],"replies":[{"embeddable":true,"href":"https:\/\/babylove.se\/no\/wp-json\/wp\/v2\/comments?post=33400"}],"wp:featuredmedia":[{"embeddable":true,"href":"https:\/\/babylove.se\/no\/wp-json\/wp\/v2\/media\/33402"}],"wp:attachment":[{"href":"https:\/\/babylove.se\/no\/wp-json\/wp\/v2\/media?parent=33400"}],"wp:term":[{"taxonomy":"product_brand","embeddable":true,"href":"https:\/\/babylove.se\/no\/wp-json\/wp\/v2\/product_brand?post=33400"},{"taxonomy":"product_cat","embeddable":true,"href":"https:\/\/babylove.se\/no\/wp-json\/wp\/v2\/product_cat?post=33400"},{"taxonomy":"product_tag","embeddable":true,"href":"https:\/\/babylove.se\/no\/wp-json\/wp\/v2\/product_tag?post=33400"}],"curies":[{"name":"wp","href":"https:\/\/api.w.org\/{rel}","templated":true}]}}