{"id":33419,"date":"2025-07-19T00:44:56","date_gmt":"2025-07-18T23:44:56","guid":{"rendered":"https:\/\/babylove.se\/produkt\/baby-jogger-sittvagn-city-mini-gt-21-stone-grey\/"},"modified":"2026-04-08T12:07:02","modified_gmt":"2026-04-08T11:07:02","slug":"baby-jogger-sittvogn-city-mini-gt-21-stone-grey","status":"publish","type":"product","link":"https:\/\/babylove.se\/no\/produkt\/baby-jogger-sittvogn-city-mini-gt-21-stone-grey\/","title":{"rendered":"Baby Jogger, Barnevogn City Mini GT 2.1 &#8211; Stone Grey"},"content":{"rendered":"<p>En bed\u00e5rende og praktisk barnevogn fra popul\u00e6re Baby Jogger som forskj\u00f8nner og forenkler spaserturer b\u00e5de for mamma og barnet.&nbsp;<\/p>\n<p>Barnet vil v\u00e6re komfortabelt da ryggst\u00f8tten enkelt justeres fra sittestilling til ligge. Sittedelen har en praktisk fempunkts sele og et innebygd fotst\u00f8tte.<\/p>\n<p>Fj\u00e6ring i bakakselen og i framhjulet, h\u00e5ndtaket med kneledd samt punkteringsfrie hjul gir b\u00e5de mamma og barnet en smidig kj\u00f8re- og tur-f\u00f8lelse.<\/p>\n<p>Sufflett har ogs\u00e5 ventilasjonsluker samt tittluke som lukkes med magneter s\u00e5 du alltid kan ha kontroll p\u00e5 din aller kj\u00e6reste. Ventilasjonsluker kan dekkes til med det innebygde vindskjermen n\u00e5r det bl\u00e5ser ute.<\/p>\n<p>N\u00e5r du ikke &nbsp;trenger vogna kan du enkelt folde den sammen ved \u00e5 dra i remmene i sittedelen!&nbsp;<\/p>\n<p>Finnes i tre farger: Stone Grey, Briar Green og Opulent Black. Alle har stilren mattsvart chassis.<\/p>\n<p>Om barnevogna skal brukes fra f\u00f8dsel m\u00e5 man kj\u00f8pe til adaptere samt babyskydd separat.<\/p>\n<p>For flere spesifikasjoner vennligst se tabellen nedenfor!&nbsp;<\/p>\n<p><span style=\"font-size: 18px;\"><strong>M\u00e5l<\/strong>:&nbsp;<\/span><\/p>\n<ul>\n<li>H\u00f8yde: 109 cm. Lengde: 100 cm. Bredde: 48 cm.&nbsp;<\/li>\n<li>H\u00f8yde sammenfoldet: 65 cm. Lengde sammenfoldet: 77,5 cm. Bredde sammenfoldet: 22 cm.<\/li>\n<li>Ryggst\u00f8tte (LxB) <span>: 50 x 35 cm<\/span><\/li>\n<li>Sete&nbsp;(LxB)<span>: 24 x 36\/29 cm<\/span><\/li>\n<li><span>Fotst\u00f8tte&nbsp;(LxB)<span>: 24 x 34\/19 cm<\/span><\/span><\/li>\n<\/ul>\n<p><span style=\"font-size: 18px;\"><strong>Spesifikasjoner:<\/strong><\/span><\/p>\n<table class=\"fr-dashed-borders fr-alternate-rows\" style=\"width: 100%; margin-right: calc(0%);\">\n<tbody>\n<tr>\n<td style=\"width: 42.058%;\">Kompatibel med babyskydd<\/td>\n<td style=\"width: 57.8352%;\">Ja<\/td>\n<\/tr>\n<tr>\n<td style=\"width: 42.058%;\">Nedfellbart ryggst\u00f8tte<\/td>\n<td style=\"width: 57.8352%;\">Ja<\/td>\n<\/tr>\n<tr>\n<td style=\"width: 42.058%;\">Justerbart h\u00e5ndtak<\/td>\n<td style=\"width: 57.8352%;\">Ja<\/td>\n<\/tr>\n<tr>\n<td style=\"width: 42.058%;\">Framhjul<\/td>\n<td style=\"width: 57.8352%;\">Svingbare med l\u00e5s<\/td>\n<\/tr>\n<tr>\n<td style=\"width: 42.058%;\">Parkeringsbrems<\/td>\n<td style=\"width: 57.8352%;\">Ja<\/td>\n<\/tr>\n<tr>\n<td style=\"width: 42.058%;\">Hjultype<\/td>\n<td style=\"width: 57.8352%;\">EVA, Punkteringsfrie<\/td>\n<\/tr>\n<tr>\n<td style=\"width: 42.058%;\">Antall hjul<\/td>\n<td style=\"width: 57.8352%;\">3<\/td>\n<\/tr>\n<tr>\n<td style=\"width: 42.058%;\">Vendbart sete<\/td>\n<td style=\"width: 57.8352%;\">Nei<\/td>\n<\/tr>\n<tr>\n<td style=\"width: 42.058%;\">Avtagbart kledning<\/td>\n<td style=\"width: 57.8352%;\">Ja<\/td>\n<\/tr>\n<tr>\n<td style=\"width: 42.058%;\">Joggingvogn<\/td>\n<td style=\"width: 57.8352%;\">Nei<\/td>\n<\/tr>\n<tr>\n<td style=\"width: 42.058%;\">Vekt<\/td>\n<td style=\"width: 57.8352%;\">10,5 kg<\/td>\n<\/tr>\n<tr>\n<td style=\"width: 42.058%;\">Maks vekt<\/td>\n<td style=\"width: 57.8352%;\">35 kg<\/td>\n<\/tr>\n<tr>\n<td style=\"width: 42.058%;\">Maks vekt varekurv<\/td>\n<td style=\"width: 57.8352%;\">4,5 kg<\/td>\n<\/tr>\n<\/tbody>\n<\/table>\n<p><\/p>\n<p>Designer: <a href=\"https:\/\/babylove.se\/varumarken\/baby-jogger\">Baby Jogger<\/a><\/p>\n","protected":false},"excerpt":{"rendered":"<p>En bed\u00e5rende og praktisk barnevogn fra popul\u00e6re Baby Jogger som forskj\u00f8nner og forenkler spaserturer b\u00e5de for mamma og barnet.&nbsp; Barnet vil v\u00e6re komfortabelt da ryggst\u00f8tten enkelt justeres fra sittestilling til ligge. Sittedelen har en praktisk fempunkts sele og et innebygd fotst\u00f8tte. Fj\u00e6ring i bakakselen og i framhjulet, h\u00e5ndtaket med kneledd samt punkteringsfrie hjul gir b\u00e5de [&hellip;]<\/p>\n","protected":false},"featured_media":33421,"comment_status":"closed","ping_status":"open","template":"","meta":{"_acf_changed":false},"product_brand":[1147],"product_cat":[1149,1148],"product_tag":[1689],"class_list":{"0":"post-33419","1":"product","2":"type-product","3":"status-publish","4":"has-post-thumbnail","6":"product_brand-baby-jogger","7":"product_cat-baby-jogger","8":"product_cat-barnevogner","9":"product_tag-bestillingsvaror","11":"first","12":"outofstock","13":"taxable","14":"shipping-taxable","15":"purchasable","16":"product-type-simple"},"acf":[],"yoast_head":"<!-- This site is optimized with the Yoast SEO Premium plugin v25.8 (Yoast SEO v27.2) - https:\/\/yoast.com\/product\/yoast-seo-premium-wordpress\/ -->\n<title>Baby Jogger, Barnevogn City Mini GT 2.1 - Stone Grey - Babylove Norska<\/title>\n<meta name=\"robots\" content=\"noindex, follow, max-snippet:-1, max-image-preview:large, max-video-preview:-1\" \/>\n<meta property=\"og:locale\" content=\"nb_NO\" \/>\n<meta property=\"og:type\" content=\"article\" \/>\n<meta property=\"og:title\" content=\"Baby Jogger, Barnevogn City Mini GT 2.1 - Stone Grey\" \/>\n<meta property=\"og:description\" content=\"En bed\u00e5rende og praktisk barnevogn fra popul\u00e6re Baby Jogger som forskj\u00f8nner og forenkler spaserturer b\u00e5de for mamma og barnet.&nbsp; Barnet vil v\u00e6re komfortabelt da ryggst\u00f8tten enkelt justeres fra sittestilling til ligge. Sittedelen har en praktisk fempunkts sele og et innebygd fotst\u00f8tte. Fj\u00e6ring i bakakselen og i framhjulet, h\u00e5ndtaket med kneledd samt punkteringsfrie hjul gir b\u00e5de [&hellip;]\" \/>\n<meta property=\"og:url\" content=\"https:\/\/babylove.se\/no\/produkt\/baby-jogger-sittvogn-city-mini-gt-21-stone-grey\/\" \/>\n<meta property=\"og:site_name\" content=\"Babylove Norska\" \/>\n<meta property=\"article:modified_time\" content=\"2026-04-08T11:07:02+00:00\" \/>\n<meta property=\"og:image\" content=\"https:\/\/babylove.se\/no\/wp-content\/uploads\/sites\/3\/2025\/07\/6228cdfeb56d7.jpeg\" \/>\n\t<meta property=\"og:image:width\" content=\"400\" \/>\n\t<meta property=\"og:image:height\" content=\"380\" \/>\n\t<meta property=\"og:image:type\" content=\"image\/jpeg\" \/>\n<meta name=\"twitter:card\" content=\"summary_large_image\" \/>\n<meta name=\"twitter:label1\" content=\"Price\" \/>\n\t<meta name=\"twitter:data1\" content=\"4 695,00&nbsp;&#107;&#114;\" \/>\n\t<meta name=\"twitter:label2\" content=\"Availability\" \/>\n\t<meta name=\"twitter:data2\" content=\"Out of stock\" \/>\n<script type=\"application\/ld+json\" class=\"yoast-schema-graph\">{\"@context\":\"https:\/\/schema.org\",\"@graph\":[{\"@type\":\"WebPage\",\"@id\":\"https:\/\/babylove.se\/no\/produkt\/baby-jogger-sittvogn-city-mini-gt-21-stone-grey\/\",\"url\":\"https:\/\/babylove.se\/no\/produkt\/baby-jogger-sittvogn-city-mini-gt-21-stone-grey\/\",\"name\":\"Baby Jogger, Barnevogn City Mini GT 2.1 - Stone Grey - Babylove Norska\",\"isPartOf\":{\"@id\":\"https:\/\/babylove.se\/no\/#website\"},\"primaryImageOfPage\":{\"@id\":\"https:\/\/babylove.se\/no\/produkt\/baby-jogger-sittvogn-city-mini-gt-21-stone-grey\/#primaryimage\"},\"image\":{\"@id\":\"https:\/\/babylove.se\/no\/produkt\/baby-jogger-sittvogn-city-mini-gt-21-stone-grey\/#primaryimage\"},\"thumbnailUrl\":\"https:\/\/babylove.se\/no\/wp-content\/uploads\/sites\/3\/2025\/07\/6228cdfeb56d7.jpeg\",\"datePublished\":\"2025-07-18T23:44:56+00:00\",\"dateModified\":\"2026-04-08T11:07:02+00:00\",\"breadcrumb\":{\"@id\":\"https:\/\/babylove.se\/no\/produkt\/baby-jogger-sittvogn-city-mini-gt-21-stone-grey\/#breadcrumb\"},\"inLanguage\":\"nb-NO\",\"potentialAction\":[{\"@type\":\"ReadAction\",\"target\":[\"https:\/\/babylove.se\/no\/produkt\/baby-jogger-sittvogn-city-mini-gt-21-stone-grey\/\"]}]},{\"@type\":\"ImageObject\",\"inLanguage\":\"nb-NO\",\"@id\":\"https:\/\/babylove.se\/no\/produkt\/baby-jogger-sittvogn-city-mini-gt-21-stone-grey\/#primaryimage\",\"url\":\"https:\/\/babylove.se\/no\/wp-content\/uploads\/sites\/3\/2025\/07\/6228cdfeb56d7.jpeg\",\"contentUrl\":\"https:\/\/babylove.se\/no\/wp-content\/uploads\/sites\/3\/2025\/07\/6228cdfeb56d7.jpeg\",\"width\":400,\"height\":380},{\"@type\":\"BreadcrumbList\",\"@id\":\"https:\/\/babylove.se\/no\/produkt\/baby-jogger-sittvogn-city-mini-gt-21-stone-grey\/#breadcrumb\",\"itemListElement\":[{\"@type\":\"ListItem\",\"position\":1,\"name\":\"Hem\",\"item\":\"https:\/\/babylove.se\/no\/\"},{\"@type\":\"ListItem\",\"position\":2,\"name\":\"Butik\",\"item\":\"https:\/\/babylove.se\/no\/butik\/\"},{\"@type\":\"ListItem\",\"position\":3,\"name\":\"Baby Jogger, Barnevogn City Mini GT 2.1 &#8211; Stone Grey\"}]},{\"@type\":\"WebSite\",\"@id\":\"https:\/\/babylove.se\/no\/#website\",\"url\":\"https:\/\/babylove.se\/no\/\",\"name\":\"Babylove Norska\",\"description\":\"\",\"potentialAction\":[{\"@type\":\"SearchAction\",\"target\":{\"@type\":\"EntryPoint\",\"urlTemplate\":\"https:\/\/babylove.se\/no\/?s={search_term_string}\"},\"query-input\":{\"@type\":\"PropertyValueSpecification\",\"valueRequired\":true,\"valueName\":\"search_term_string\"}}],\"inLanguage\":\"nb-NO\"}]}<\/script>\n<meta property=\"product:brand\" content=\"Baby Jogger\" \/>\n<meta property=\"product:price:amount\" content=\"4695.00\" \/>\n<meta property=\"product:price:currency\" content=\"SEK\" \/>\n<meta property=\"og:availability\" content=\"out of stock\" \/>\n<meta property=\"product:availability\" content=\"out of stock\" \/>\n<meta property=\"product:retailer_item_id\" content=\"BJ2149118\" \/>\n<meta property=\"product:condition\" content=\"new\" \/>\n<!-- \/ Yoast SEO Premium plugin. -->","yoast_head_json":{"title":"Baby Jogger, Barnevogn City Mini GT 2.1 - Stone Grey - Babylove Norska","robots":{"index":"noindex","follow":"follow","max-snippet":"max-snippet:-1","max-image-preview":"max-image-preview:large","max-video-preview":"max-video-preview:-1"},"og_locale":"nb_NO","og_type":"article","og_title":"Baby Jogger, Barnevogn City Mini GT 2.1 - Stone Grey","og_description":"En bed\u00e5rende og praktisk barnevogn fra popul\u00e6re Baby Jogger som forskj\u00f8nner og forenkler spaserturer b\u00e5de for mamma og barnet.&nbsp; Barnet vil v\u00e6re komfortabelt da ryggst\u00f8tten enkelt justeres fra sittestilling til ligge. Sittedelen har en praktisk fempunkts sele og et innebygd fotst\u00f8tte. Fj\u00e6ring i bakakselen og i framhjulet, h\u00e5ndtaket med kneledd samt punkteringsfrie hjul gir b\u00e5de [&hellip;]","og_url":"https:\/\/babylove.se\/no\/produkt\/baby-jogger-sittvogn-city-mini-gt-21-stone-grey\/","og_site_name":"Babylove Norska","article_modified_time":"2026-04-08T11:07:02+00:00","og_image":[{"width":400,"height":380,"url":"https:\/\/babylove.se\/no\/wp-content\/uploads\/sites\/3\/2025\/07\/6228cdfeb56d7.jpeg","type":"image\/jpeg"}],"twitter_card":"summary_large_image","twitter_misc":{"Price":"4 695,00&nbsp;&#107;&#114;","Availability":"Out of stock"},"schema":{"@context":"https:\/\/schema.org","@graph":[{"@type":"WebPage","@id":"https:\/\/babylove.se\/no\/produkt\/baby-jogger-sittvogn-city-mini-gt-21-stone-grey\/","url":"https:\/\/babylove.se\/no\/produkt\/baby-jogger-sittvogn-city-mini-gt-21-stone-grey\/","name":"Baby Jogger, Barnevogn City Mini GT 2.1 - Stone Grey - Babylove Norska","isPartOf":{"@id":"https:\/\/babylove.se\/no\/#website"},"primaryImageOfPage":{"@id":"https:\/\/babylove.se\/no\/produkt\/baby-jogger-sittvogn-city-mini-gt-21-stone-grey\/#primaryimage"},"image":{"@id":"https:\/\/babylove.se\/no\/produkt\/baby-jogger-sittvogn-city-mini-gt-21-stone-grey\/#primaryimage"},"thumbnailUrl":"https:\/\/babylove.se\/no\/wp-content\/uploads\/sites\/3\/2025\/07\/6228cdfeb56d7.jpeg","datePublished":"2025-07-18T23:44:56+00:00","dateModified":"2026-04-08T11:07:02+00:00","breadcrumb":{"@id":"https:\/\/babylove.se\/no\/produkt\/baby-jogger-sittvogn-city-mini-gt-21-stone-grey\/#breadcrumb"},"inLanguage":"nb-NO","potentialAction":[{"@type":"ReadAction","target":["https:\/\/babylove.se\/no\/produkt\/baby-jogger-sittvogn-city-mini-gt-21-stone-grey\/"]}]},{"@type":"ImageObject","inLanguage":"nb-NO","@id":"https:\/\/babylove.se\/no\/produkt\/baby-jogger-sittvogn-city-mini-gt-21-stone-grey\/#primaryimage","url":"https:\/\/babylove.se\/no\/wp-content\/uploads\/sites\/3\/2025\/07\/6228cdfeb56d7.jpeg","contentUrl":"https:\/\/babylove.se\/no\/wp-content\/uploads\/sites\/3\/2025\/07\/6228cdfeb56d7.jpeg","width":400,"height":380},{"@type":"BreadcrumbList","@id":"https:\/\/babylove.se\/no\/produkt\/baby-jogger-sittvogn-city-mini-gt-21-stone-grey\/#breadcrumb","itemListElement":[{"@type":"ListItem","position":1,"name":"Hem","item":"https:\/\/babylove.se\/no\/"},{"@type":"ListItem","position":2,"name":"Butik","item":"https:\/\/babylove.se\/no\/butik\/"},{"@type":"ListItem","position":3,"name":"Baby Jogger, Barnevogn City Mini GT 2.1 &#8211; Stone Grey"}]},{"@type":"WebSite","@id":"https:\/\/babylove.se\/no\/#website","url":"https:\/\/babylove.se\/no\/","name":"Babylove Norska","description":"","potentialAction":[{"@type":"SearchAction","target":{"@type":"EntryPoint","urlTemplate":"https:\/\/babylove.se\/no\/?s={search_term_string}"},"query-input":{"@type":"PropertyValueSpecification","valueRequired":true,"valueName":"search_term_string"}}],"inLanguage":"nb-NO"}]},"product_brand":"Baby Jogger","product_price_amount":"4695.00","product_price_currency":"SEK","og_availability":"out of stock","product_availability":"out of stock","product_retailer_item_id":"BJ2149118","product_condition":"new"},"_links":{"self":[{"href":"https:\/\/babylove.se\/no\/wp-json\/wp\/v2\/product\/33419","targetHints":{"allow":["GET"]}}],"collection":[{"href":"https:\/\/babylove.se\/no\/wp-json\/wp\/v2\/product"}],"about":[{"href":"https:\/\/babylove.se\/no\/wp-json\/wp\/v2\/types\/product"}],"replies":[{"embeddable":true,"href":"https:\/\/babylove.se\/no\/wp-json\/wp\/v2\/comments?post=33419"}],"wp:featuredmedia":[{"embeddable":true,"href":"https:\/\/babylove.se\/no\/wp-json\/wp\/v2\/media\/33421"}],"wp:attachment":[{"href":"https:\/\/babylove.se\/no\/wp-json\/wp\/v2\/media?parent=33419"}],"wp:term":[{"taxonomy":"product_brand","embeddable":true,"href":"https:\/\/babylove.se\/no\/wp-json\/wp\/v2\/product_brand?post=33419"},{"taxonomy":"product_cat","embeddable":true,"href":"https:\/\/babylove.se\/no\/wp-json\/wp\/v2\/product_cat?post=33419"},{"taxonomy":"product_tag","embeddable":true,"href":"https:\/\/babylove.se\/no\/wp-json\/wp\/v2\/product_tag?post=33419"}],"curies":[{"name":"wp","href":"https:\/\/api.w.org\/{rel}","templated":true}]}}