{"id":33427,"date":"2025-07-19T00:44:56","date_gmt":"2025-07-18T23:44:56","guid":{"rendered":"https:\/\/babylove.se\/produkt\/hussang-kelly-med-snedtak\/"},"modified":"2026-04-08T12:07:05","modified_gmt":"2026-04-08T11:07:05","slug":"hussang-kelly-med-skratak","status":"publish","type":"product","link":"https:\/\/babylove.se\/no\/produkt\/hussang-kelly-med-skratak\/","title":{"rendered":"Husseng Kelly med skr\u00e5tak"},"content":{"rendered":"<p>Dette er husseng Kelly som er laget i en klassisk stil som vi vet er meget popul\u00e6r i mange barnerom. Vi er stolte over \u00e5 kunne tilby denne fine husseng med st\u00f8ttebrett. Husseng Kelly kommer som et byggesett med en stabil ribbbunn som best\u00e5r av remser som skal boltes inn i sengrammen, boltene f\u00f8lger selvf\u00f8lgelig med i leveransen. <\/p>\n<p>Vi lover at hussengen kommer til \u00e5 bli ditt barns favoritt, og ikke bare for \u00e5 sove i da den med enkle midler kan bli et riktig godt kosekrok. Mange dekorerer med sengehimmel, vimpler eller lysslynger, bare din kreativitet setter stopp. <\/p>\n<p>Madrass inng\u00e5r ikke, men se gjerne p\u00e5 v\u00e5rt store madrassutvalg. Vi anbefaler en skummadrass med tykkelse p\u00e5 ca 10-12 cm. <\/p>\n<p>Vi har et stort utvalg av forskjellige typer madrasser som passer denne hussengen, ikke n\u00f8l med \u00e5 sp\u00f8rre oss hvis du er usikker. <\/p>\n<p><strong>M\u00e5l:<\/strong> <\/p>\n<ul>\n<li>Sengens totale h\u00f8yde avhenger av lengden p\u00e5 den valgte sengen (se nedenfor detaljer)<\/li>\n<li>Benenes standardh\u00f8yde er 10 cm (lag sengen flat uten ben, eller med ekstra h\u00f8ye ben som er 19 cm )<\/li>\n<li>Sengens ben er laget av 45\/65 mm element<\/li>\n<li>Sengrammen er laget av 90\/20 mm element<\/li>\n<li>Den totale dimensjonen av sengen skal legges til 9 cm i lengde og bredde. Hvis du velger en viss st\u00f8rrelse fra siden betyr madrassens st\u00f8rrelse.<\/li>\n<li>Den totale h\u00f8yden av hindrene fra sengrammen er ca 30 cm.<\/li>\n<li>Inngang monteres p\u00e5 valgfri side.<\/li>\n<li>Maksvekt. 100 kg<\/li>\n<\/ul>\n<p><strong>Tilvalg:<\/strong> <\/p>\n<ul>\n<li>Uten ben ( 1 cm for ventilasjon)<\/li>\n<li>Ekstra benh\u00f8yde &#8211; 10 cm.  (standard h\u00f8yde er 5 cm)<\/li>\n<li>Ekstra benh\u00f8yde &#8211; 19 cm (standard er 5 cm)<\/li>\n<li>Farge: velg mellom natur (ubehandlet), lakkert, hvit og gr\u00e5<\/li>\n<\/ul>\n<p>M\u00e5l: Seng med lengde p\u00e5 140 cm: <\/p>\n<ul>\n<li>kort vertikal str\u00e5le 65 cm<\/li>\n<li>lang vertikal str\u00e5le  119,1cm<\/li>\n<li>totalh\u00f8yde 138,5 cm<\/li>\n<\/ul>\n<p>M\u00e5l: Seng med lengde p\u00e5 160 cm: <\/p>\n<ul>\n<li>kort vertikal str\u00e5le 77,4 cm<\/li>\n<li>lang vertikal str\u00e5le 131,1 cm<\/li>\n<li>totalh\u00f8yde 145,5 cm<\/li>\n<\/ul>\n<p>M\u00e5l: Seng med lengde p\u00e5 180 cm: <\/p>\n<ul>\n<li>kort vertikal str\u00e5le 89,8 cm<\/li>\n<li>lang vertikal str\u00e5le 143,9 cm<\/li>\n<li>totalh\u00f8yde 153 cm<\/li>\n<\/ul>\n<p>M\u00e5l: Seng med lengde p\u00e5 190 cm: <\/p>\n<ul>\n<li>kort vertikal str\u00e5le 96 cm<\/li>\n<li>lang vertikal str\u00e5le 151 cm<\/li>\n<li>totalh\u00f8yde 156,5 cm<\/li>\n<\/ul>\n<p><strong>Materiale<\/strong>: <\/p>\n<p>Samtlige senger bygges for h\u00e5nd av limtre av h\u00f8yeste klasse. Limtre har fordelen sammenlignet med massivt tre, at de ikke sprekker og at det ikke finnes noen kvister som p\u00e5virker utseendet. Samtlige deler er n\u00f8ye slipt for h\u00e5nd, og kantene er avrundet, alt for beste f\u00f8lelse og deres sikkerhet. <\/p>\n<p>&nbsp; <\/p>\n<p><em>Dette er en seng tilvirket og tilpasset for barn. <em>Sengen leveres umontert og b\u00f8r settes sammen i rommet den skal brukes i.<\/em><\/em><\/p>\n","protected":false},"excerpt":{"rendered":"<p>Dette er husseng Kelly som er laget i en klassisk stil som vi vet er meget popul\u00e6r i mange barnerom. Vi er stolte over \u00e5 kunne tilby denne fine husseng med st\u00f8ttebrett. Husseng Kelly kommer som et byggesett med en stabil ribbbunn som best\u00e5r av remser som skal boltes inn i sengrammen, boltene f\u00f8lger selvf\u00f8lgelig [&hellip;]<\/p>\n","protected":false},"featured_media":33429,"comment_status":"open","ping_status":"closed","template":"","meta":{"_acf_changed":false},"product_brand":[600],"product_cat":[602,217,601],"product_tag":[1689],"class_list":{"0":"post-33427","1":"product","2":"type-product","3":"status-publish","4":"has-post-thumbnail","6":"product_brand-luletto","7":"product_cat-babylove-lul","8":"product_cat-sengesanger","9":"product_cat-baby","10":"product_tag-bestillingsvaror","11":"pa_farg-gra","12":"pa_farg-vit","13":"pa_farg-lackad","14":"pa_farg-naturfargad","15":"pa_matt-60x120-b69cm-l129cm","16":"pa_matt-70x140-b79cm-l149cm","17":"pa_matt-70x160-b79cm-l169cm","18":"pa_matt-80x140-b89cm-l149cm","19":"pa_matt-80x160-b89cm-l169cm","20":"pa_matt-80x180-b89cm-l189cm","21":"pa_matt-80x190-b89cm-l199cm","22":"pa_matt-90x160-b99cm-l169-cm","23":"pa_matt-90x180-b99cm-l189cm","24":"pa_matt-90x190-b99cm-l199cm","25":"pa_matt-90x200-b99cm-l209cm","27":"first","28":"instock","29":"taxable","30":"shipping-taxable","31":"purchasable","32":"product-type-variable"},"acf":[],"yoast_head":"<!-- This site is optimized with the Yoast SEO Premium plugin v25.8 (Yoast SEO v27.2) - https:\/\/yoast.com\/product\/yoast-seo-premium-wordpress\/ -->\n<title>Husseng Kelly med skr\u00e5tak - Babylove Norska<\/title>\n<meta name=\"robots\" content=\"noindex, follow, max-snippet:-1, max-image-preview:large, max-video-preview:-1\" \/>\n<meta property=\"og:locale\" content=\"nb_NO\" \/>\n<meta property=\"og:type\" content=\"article\" \/>\n<meta property=\"og:title\" content=\"Husseng Kelly med skr\u00e5tak\" \/>\n<meta property=\"og:description\" content=\"Dette er husseng Kelly som er laget i en klassisk stil som vi vet er meget popul\u00e6r i mange barnerom. Vi er stolte over \u00e5 kunne tilby denne fine husseng med st\u00f8ttebrett. Husseng Kelly kommer som et byggesett med en stabil ribbbunn som best\u00e5r av remser som skal boltes inn i sengrammen, boltene f\u00f8lger selvf\u00f8lgelig [&hellip;]\" \/>\n<meta property=\"og:url\" content=\"https:\/\/babylove.se\/no\/produkt\/hussang-kelly-med-skratak\/\" \/>\n<meta property=\"og:site_name\" content=\"Babylove Norska\" \/>\n<meta property=\"article:modified_time\" content=\"2026-04-08T11:07:05+00:00\" \/>\n<meta property=\"og:image\" content=\"https:\/\/babylove.se\/no\/wp-content\/uploads\/sites\/3\/2025\/07\/6228c4343edec.jpeg\" \/>\n\t<meta property=\"og:image:width\" content=\"800\" \/>\n\t<meta property=\"og:image:height\" content=\"800\" \/>\n\t<meta property=\"og:image:type\" content=\"image\/jpeg\" \/>\n<meta name=\"twitter:card\" content=\"summary_large_image\" \/>\n<meta name=\"twitter:label1\" content=\"Availability\" \/>\n\t<meta name=\"twitter:data1\" content=\"In stock\" \/>\n<script type=\"application\/ld+json\" class=\"yoast-schema-graph\">{\"@context\":\"https:\/\/schema.org\",\"@graph\":[{\"@type\":\"WebPage\",\"@id\":\"https:\/\/babylove.se\/no\/produkt\/hussang-kelly-med-skratak\/\",\"url\":\"https:\/\/babylove.se\/no\/produkt\/hussang-kelly-med-skratak\/\",\"name\":\"Husseng Kelly med skr\u00e5tak - Babylove Norska\",\"isPartOf\":{\"@id\":\"https:\/\/babylove.se\/no\/#website\"},\"primaryImageOfPage\":{\"@id\":\"https:\/\/babylove.se\/no\/produkt\/hussang-kelly-med-skratak\/#primaryimage\"},\"image\":{\"@id\":\"https:\/\/babylove.se\/no\/produkt\/hussang-kelly-med-skratak\/#primaryimage\"},\"thumbnailUrl\":\"https:\/\/babylove.se\/no\/wp-content\/uploads\/sites\/3\/2025\/07\/6228c4343edec.jpeg\",\"datePublished\":\"2025-07-18T23:44:56+00:00\",\"dateModified\":\"2026-04-08T11:07:05+00:00\",\"breadcrumb\":{\"@id\":\"https:\/\/babylove.se\/no\/produkt\/hussang-kelly-med-skratak\/#breadcrumb\"},\"inLanguage\":\"nb-NO\",\"potentialAction\":[{\"@type\":\"ReadAction\",\"target\":[\"https:\/\/babylove.se\/no\/produkt\/hussang-kelly-med-skratak\/\"]}]},{\"@type\":\"ImageObject\",\"inLanguage\":\"nb-NO\",\"@id\":\"https:\/\/babylove.se\/no\/produkt\/hussang-kelly-med-skratak\/#primaryimage\",\"url\":\"https:\/\/babylove.se\/no\/wp-content\/uploads\/sites\/3\/2025\/07\/6228c4343edec.jpeg\",\"contentUrl\":\"https:\/\/babylove.se\/no\/wp-content\/uploads\/sites\/3\/2025\/07\/6228c4343edec.jpeg\",\"width\":800,\"height\":800},{\"@type\":\"BreadcrumbList\",\"@id\":\"https:\/\/babylove.se\/no\/produkt\/hussang-kelly-med-skratak\/#breadcrumb\",\"itemListElement\":[{\"@type\":\"ListItem\",\"position\":1,\"name\":\"Hem\",\"item\":\"https:\/\/babylove.se\/no\/\"},{\"@type\":\"ListItem\",\"position\":2,\"name\":\"Butik\",\"item\":\"https:\/\/babylove.se\/no\/butik\/\"},{\"@type\":\"ListItem\",\"position\":3,\"name\":\"Husseng Kelly med skr\u00e5tak\"}]},{\"@type\":\"WebSite\",\"@id\":\"https:\/\/babylove.se\/no\/#website\",\"url\":\"https:\/\/babylove.se\/no\/\",\"name\":\"Babylove Norska\",\"description\":\"\",\"potentialAction\":[{\"@type\":\"SearchAction\",\"target\":{\"@type\":\"EntryPoint\",\"urlTemplate\":\"https:\/\/babylove.se\/no\/?s={search_term_string}\"},\"query-input\":{\"@type\":\"PropertyValueSpecification\",\"valueRequired\":true,\"valueName\":\"search_term_string\"}}],\"inLanguage\":\"nb-NO\"}]}<\/script>\n<meta property=\"product:brand\" content=\"Luletto\" \/>\n<meta property=\"og:availability\" content=\"instock\" \/>\n<meta property=\"product:availability\" content=\"instock\" \/>\n<meta property=\"product:retailer_item_id\" content=\"Kelly-naturf\u00e4rgad-60x120-B69-L129\" \/>\n<meta property=\"product:condition\" content=\"new\" \/>\n<!-- \/ Yoast SEO Premium plugin. -->","yoast_head_json":{"title":"Husseng Kelly med skr\u00e5tak - Babylove Norska","robots":{"index":"noindex","follow":"follow","max-snippet":"max-snippet:-1","max-image-preview":"max-image-preview:large","max-video-preview":"max-video-preview:-1"},"og_locale":"nb_NO","og_type":"article","og_title":"Husseng Kelly med skr\u00e5tak","og_description":"Dette er husseng Kelly som er laget i en klassisk stil som vi vet er meget popul\u00e6r i mange barnerom. Vi er stolte over \u00e5 kunne tilby denne fine husseng med st\u00f8ttebrett. Husseng Kelly kommer som et byggesett med en stabil ribbbunn som best\u00e5r av remser som skal boltes inn i sengrammen, boltene f\u00f8lger selvf\u00f8lgelig [&hellip;]","og_url":"https:\/\/babylove.se\/no\/produkt\/hussang-kelly-med-skratak\/","og_site_name":"Babylove Norska","article_modified_time":"2026-04-08T11:07:05+00:00","og_image":[{"width":800,"height":800,"url":"https:\/\/babylove.se\/no\/wp-content\/uploads\/sites\/3\/2025\/07\/6228c4343edec.jpeg","type":"image\/jpeg"}],"twitter_card":"summary_large_image","twitter_misc":{"Availability":"In stock"},"schema":{"@context":"https:\/\/schema.org","@graph":[{"@type":"WebPage","@id":"https:\/\/babylove.se\/no\/produkt\/hussang-kelly-med-skratak\/","url":"https:\/\/babylove.se\/no\/produkt\/hussang-kelly-med-skratak\/","name":"Husseng Kelly med skr\u00e5tak - Babylove Norska","isPartOf":{"@id":"https:\/\/babylove.se\/no\/#website"},"primaryImageOfPage":{"@id":"https:\/\/babylove.se\/no\/produkt\/hussang-kelly-med-skratak\/#primaryimage"},"image":{"@id":"https:\/\/babylove.se\/no\/produkt\/hussang-kelly-med-skratak\/#primaryimage"},"thumbnailUrl":"https:\/\/babylove.se\/no\/wp-content\/uploads\/sites\/3\/2025\/07\/6228c4343edec.jpeg","datePublished":"2025-07-18T23:44:56+00:00","dateModified":"2026-04-08T11:07:05+00:00","breadcrumb":{"@id":"https:\/\/babylove.se\/no\/produkt\/hussang-kelly-med-skratak\/#breadcrumb"},"inLanguage":"nb-NO","potentialAction":[{"@type":"ReadAction","target":["https:\/\/babylove.se\/no\/produkt\/hussang-kelly-med-skratak\/"]}]},{"@type":"ImageObject","inLanguage":"nb-NO","@id":"https:\/\/babylove.se\/no\/produkt\/hussang-kelly-med-skratak\/#primaryimage","url":"https:\/\/babylove.se\/no\/wp-content\/uploads\/sites\/3\/2025\/07\/6228c4343edec.jpeg","contentUrl":"https:\/\/babylove.se\/no\/wp-content\/uploads\/sites\/3\/2025\/07\/6228c4343edec.jpeg","width":800,"height":800},{"@type":"BreadcrumbList","@id":"https:\/\/babylove.se\/no\/produkt\/hussang-kelly-med-skratak\/#breadcrumb","itemListElement":[{"@type":"ListItem","position":1,"name":"Hem","item":"https:\/\/babylove.se\/no\/"},{"@type":"ListItem","position":2,"name":"Butik","item":"https:\/\/babylove.se\/no\/butik\/"},{"@type":"ListItem","position":3,"name":"Husseng Kelly med skr\u00e5tak"}]},{"@type":"WebSite","@id":"https:\/\/babylove.se\/no\/#website","url":"https:\/\/babylove.se\/no\/","name":"Babylove Norska","description":"","potentialAction":[{"@type":"SearchAction","target":{"@type":"EntryPoint","urlTemplate":"https:\/\/babylove.se\/no\/?s={search_term_string}"},"query-input":{"@type":"PropertyValueSpecification","valueRequired":true,"valueName":"search_term_string"}}],"inLanguage":"nb-NO"}]},"product_brand":"Luletto","og_availability":"instock","product_availability":"instock","product_retailer_item_id":"Kelly-naturf\u00e4rgad-60x120-B69-L129","product_condition":"new"},"_links":{"self":[{"href":"https:\/\/babylove.se\/no\/wp-json\/wp\/v2\/product\/33427","targetHints":{"allow":["GET"]}}],"collection":[{"href":"https:\/\/babylove.se\/no\/wp-json\/wp\/v2\/product"}],"about":[{"href":"https:\/\/babylove.se\/no\/wp-json\/wp\/v2\/types\/product"}],"replies":[{"embeddable":true,"href":"https:\/\/babylove.se\/no\/wp-json\/wp\/v2\/comments?post=33427"}],"wp:featuredmedia":[{"embeddable":true,"href":"https:\/\/babylove.se\/no\/wp-json\/wp\/v2\/media\/33429"}],"wp:attachment":[{"href":"https:\/\/babylove.se\/no\/wp-json\/wp\/v2\/media?parent=33427"}],"wp:term":[{"taxonomy":"product_brand","embeddable":true,"href":"https:\/\/babylove.se\/no\/wp-json\/wp\/v2\/product_brand?post=33427"},{"taxonomy":"product_cat","embeddable":true,"href":"https:\/\/babylove.se\/no\/wp-json\/wp\/v2\/product_cat?post=33427"},{"taxonomy":"product_tag","embeddable":true,"href":"https:\/\/babylove.se\/no\/wp-json\/wp\/v2\/product_tag?post=33427"}],"curies":[{"name":"wp","href":"https:\/\/api.w.org\/{rel}","templated":true}]}}