{"id":33522,"date":"2025-07-19T00:46:02","date_gmt":"2025-07-18T23:46:02","guid":{"rendered":"https:\/\/babylove.se\/produkt\/baby-jogger-joggingvagn-summit-x3-midnight-black\/"},"modified":"2026-04-08T12:07:31","modified_gmt":"2026-04-08T11:07:31","slug":"baby-jogger-joggingvogn-summit-x3-midnight-black","status":"publish","type":"product","link":"https:\/\/babylove.se\/no\/produkt\/baby-jogger-joggingvogn-summit-x3-midnight-black\/","title":{"rendered":"Baby Jogger, Joggingvogn Summit X3 &#8211; Midnight Black"},"content":{"rendered":"<p>En bed\u00e5rende og praktisk joggingvogn fra popul\u00e6re Baby Jogger for den aktive forelderen.&nbsp;<\/p>\n<p>Fempunktssele holder barnet fastspent under turen og joggingturen. Barnet vil v\u00e6re komfortabelt da ryggst\u00f8tten kan justeres trinnl\u00f8st. Framhjulet kan l\u00e5ses ved t\u00f8ffere terreng og p\u00e5 joggingturen skal det l\u00e5ses i fast posisjon fremover og ryggst\u00f8tten skal v\u00e6re oppreist.&nbsp;<\/p>\n<p>For at joggingen skal v\u00e6re s\u00e5 sikker og smidig som mulig kan sikkerhetsreim festes rundt h\u00e5ndleddet. Vognen er ogs\u00e5 utstyrt med h\u00e5ndtak-, fot- og parkeringsbrems samt fj\u00e6ring i chassiset. <span style=\"background-color: initial; text-align: initial;\">Chassiset har dessuten livstidsgaranti.&nbsp;<\/span><\/p>\n<p>En bonus er at barnet alltid er beskyttet mot solens str\u00e5ler da kalesjetyget er UV50+.&nbsp;<\/p>\n<p>N\u00e5r du ikke &nbsp;trenger vognen kan du enkelt folde den sammen med \u00e9n h\u00e5nd!&nbsp;<\/p>\n<p>Anbefalt alder er fra 6 m\u00e5neder til 4 \u00e5r. For jogging er anbefalt alder 9 m\u00e5neder.&nbsp;<\/p>\n<p>For flere spesifikasjoner vennligst se tabellen nedenfor!&nbsp;<\/p>\n<p><span style=\"font-size: 18px;\"><strong>M\u00e5l<\/strong>:&nbsp;<\/span><\/p>\n<ul>\n<li>Sammenfoldet med hjul (LxBxH): 86.5 x 66.5 x 35 cm<span>&nbsp;<\/span><\/li>\n<li>Sammenfoldet uten hjul (LxBxH): 53 x &nbsp;77 x 18 cm<\/li>\n<li>Sete (LxB)<span>: 23 x 27\/32 cm<\/span><\/li>\n<li><span>Ryggst\u00f8tte (LxB)<span>: 54 x 31 cm<\/span><\/span><\/li>\n<\/ul>\n<p><span style=\"font-size: 18px;\"><strong>Spesifikasjoner:<\/strong><\/span><\/p>\n<table class=\"fr-dashed-borders fr-alternate-rows\" style=\"width: 91%; margin-right: calc(9%);\">\n<tbody>\n<tr>\n<td style=\"width: 44.1874%;\">Justerbar ryggst\u00f8tte<\/td>\n<td style=\"width: 55.6951%;\">Ja<\/td>\n<\/tr>\n<tr>\n<td style=\"width: 44.1874%;\">Foldbar med liggedel<\/td>\n<td style=\"width: 55.6951%;\">Nei<\/td>\n<\/tr>\n<tr>\n<td style=\"width: 44.1874%;\">Justerbart h\u00e5ndtak<\/td>\n<td style=\"width: 55.6951%;\">Nei<\/td>\n<\/tr>\n<tr>\n<td style=\"width: 44.1874%;\">Framhjul<\/td>\n<td style=\"width: 55.6951%;\">Svingbare med l\u00e5s<\/td>\n<\/tr>\n<tr>\n<td style=\"width: 44.1874%;\">Parkeringsbrems<\/td>\n<td style=\"width: 55.6951%;\">Ja<\/td>\n<\/tr>\n<tr>\n<td style=\"width: 44.1874%;\">Fotbrems<\/td>\n<td style=\"width: 55.6951%;\">Ja<\/td>\n<\/tr>\n<tr>\n<td style=\"width: 44.1874%;\">H\u00e5ndbrems<\/td>\n<td style=\"width: 55.6951%;\">Ja<\/td>\n<\/tr>\n<tr>\n<td style=\"width: 44.1874%;\">H\u00e5ndtaksh\u00f8yde<\/td>\n<td style=\"width: 55.6951%;\">118 cm<\/td>\n<\/tr>\n<tr>\n<td style=\"width: 44.1874%;\">Antall hjul<\/td>\n<td style=\"width: 55.6951%;\">3<\/td>\n<\/tr>\n<tr>\n<td style=\"width: 44.1874%;\">Snubart sete<\/td>\n<td style=\"width: 55.6951%;\">Nei<\/td>\n<\/tr>\n<tr>\n<td style=\"width: 44.1874%;\">Avtakbart trekk<\/td>\n<td style=\"width: 55.6951%;\">Ja<\/td>\n<\/tr>\n<tr>\n<td style=\"width: 44.1874%;\">Joggingvogn<\/td>\n<td style=\"width: 55.6951%;\">Ja<\/td>\n<\/tr>\n<tr>\n<td style=\"width: 44.1874%;\">Vekt<\/td>\n<td style=\"width: 55.6951%;\">12,8 kg<\/td>\n<\/tr>\n<tr>\n<td style=\"width: 44.1874%;\">Maks vekt<\/td>\n<td style=\"width: 55.6951%;\">39,5 kg<\/td>\n<\/tr>\n<tr>\n<td style=\"width: 44.1874%;\">Maks vekt varekurv<\/td>\n<td style=\"width: 55.6951%;\">4,5 kg<\/td>\n<\/tr>\n<\/tbody>\n<\/table>\n<p><\/p>\n<p>Designer: <a href=\"https:\/\/babylove.se\/varumarken\/baby-jogger\">Baby Jogger<\/a><\/p>\n","protected":false},"excerpt":{"rendered":"<p>En bed\u00e5rende og praktisk joggingvogn fra popul\u00e6re Baby Jogger for den aktive forelderen.&nbsp; Fempunktssele holder barnet fastspent under turen og joggingturen. Barnet vil v\u00e6re komfortabelt da ryggst\u00f8tten kan justeres trinnl\u00f8st. Framhjulet kan l\u00e5ses ved t\u00f8ffere terreng og p\u00e5 joggingturen skal det l\u00e5ses i fast posisjon fremover og ryggst\u00f8tten skal v\u00e6re oppreist.&nbsp; For at joggingen skal [&hellip;]<\/p>\n","protected":false},"featured_media":33524,"comment_status":"closed","ping_status":"open","template":"","meta":{"_acf_changed":false},"product_brand":[1147],"product_cat":[1149,1148,48],"product_tag":[1689],"class_list":{"0":"post-33522","1":"product","2":"type-product","3":"status-publish","4":"has-post-thumbnail","6":"product_brand-baby-jogger","7":"product_cat-baby-jogger","8":"product_cat-barnevogner","9":"product_cat-startside","10":"product_tag-bestillingsvaror","12":"first","13":"outofstock","14":"taxable","15":"shipping-taxable","16":"purchasable","17":"product-type-simple"},"acf":[],"yoast_head":"<!-- This site is optimized with the Yoast SEO Premium plugin v25.8 (Yoast SEO v27.2) - https:\/\/yoast.com\/product\/yoast-seo-premium-wordpress\/ -->\n<title>Baby Jogger, Joggingvogn Summit X3 - Midnight Black - Babylove Norska<\/title>\n<meta name=\"robots\" content=\"noindex, follow, max-snippet:-1, max-image-preview:large, max-video-preview:-1\" \/>\n<meta property=\"og:locale\" content=\"nb_NO\" \/>\n<meta property=\"og:type\" content=\"article\" \/>\n<meta property=\"og:title\" content=\"Baby Jogger, Joggingvogn Summit X3 - Midnight Black\" \/>\n<meta property=\"og:description\" content=\"En bed\u00e5rende og praktisk joggingvogn fra popul\u00e6re Baby Jogger for den aktive forelderen.&nbsp; Fempunktssele holder barnet fastspent under turen og joggingturen. Barnet vil v\u00e6re komfortabelt da ryggst\u00f8tten kan justeres trinnl\u00f8st. Framhjulet kan l\u00e5ses ved t\u00f8ffere terreng og p\u00e5 joggingturen skal det l\u00e5ses i fast posisjon fremover og ryggst\u00f8tten skal v\u00e6re oppreist.&nbsp; For at joggingen skal [&hellip;]\" \/>\n<meta property=\"og:url\" content=\"https:\/\/babylove.se\/no\/produkt\/baby-jogger-joggingvogn-summit-x3-midnight-black\/\" \/>\n<meta property=\"og:site_name\" content=\"Babylove Norska\" \/>\n<meta property=\"article:modified_time\" content=\"2026-04-08T11:07:31+00:00\" \/>\n<meta property=\"og:image\" content=\"https:\/\/babylove.se\/no\/wp-content\/uploads\/sites\/3\/2025\/07\/6229ed36b5be7.png\" \/>\n\t<meta property=\"og:image:width\" content=\"900\" \/>\n\t<meta property=\"og:image:height\" content=\"900\" \/>\n\t<meta property=\"og:image:type\" content=\"image\/png\" \/>\n<meta name=\"twitter:card\" content=\"summary_large_image\" \/>\n<meta name=\"twitter:label1\" content=\"Price\" \/>\n\t<meta name=\"twitter:data1\" content=\"5 495,00&nbsp;&#107;&#114;\" \/>\n\t<meta name=\"twitter:label2\" content=\"Availability\" \/>\n\t<meta name=\"twitter:data2\" content=\"Out of stock\" \/>\n<script type=\"application\/ld+json\" class=\"yoast-schema-graph\">{\"@context\":\"https:\/\/schema.org\",\"@graph\":[{\"@type\":\"WebPage\",\"@id\":\"https:\/\/babylove.se\/no\/produkt\/baby-jogger-joggingvogn-summit-x3-midnight-black\/\",\"url\":\"https:\/\/babylove.se\/no\/produkt\/baby-jogger-joggingvogn-summit-x3-midnight-black\/\",\"name\":\"Baby Jogger, Joggingvogn Summit X3 - Midnight Black - Babylove Norska\",\"isPartOf\":{\"@id\":\"https:\/\/babylove.se\/no\/#website\"},\"primaryImageOfPage\":{\"@id\":\"https:\/\/babylove.se\/no\/produkt\/baby-jogger-joggingvogn-summit-x3-midnight-black\/#primaryimage\"},\"image\":{\"@id\":\"https:\/\/babylove.se\/no\/produkt\/baby-jogger-joggingvogn-summit-x3-midnight-black\/#primaryimage\"},\"thumbnailUrl\":\"https:\/\/babylove.se\/no\/wp-content\/uploads\/sites\/3\/2025\/07\/6229ed36b5be7.png\",\"datePublished\":\"2025-07-18T23:46:02+00:00\",\"dateModified\":\"2026-04-08T11:07:31+00:00\",\"breadcrumb\":{\"@id\":\"https:\/\/babylove.se\/no\/produkt\/baby-jogger-joggingvogn-summit-x3-midnight-black\/#breadcrumb\"},\"inLanguage\":\"nb-NO\",\"potentialAction\":[{\"@type\":\"ReadAction\",\"target\":[\"https:\/\/babylove.se\/no\/produkt\/baby-jogger-joggingvogn-summit-x3-midnight-black\/\"]}]},{\"@type\":\"ImageObject\",\"inLanguage\":\"nb-NO\",\"@id\":\"https:\/\/babylove.se\/no\/produkt\/baby-jogger-joggingvogn-summit-x3-midnight-black\/#primaryimage\",\"url\":\"https:\/\/babylove.se\/no\/wp-content\/uploads\/sites\/3\/2025\/07\/6229ed36b5be7.png\",\"contentUrl\":\"https:\/\/babylove.se\/no\/wp-content\/uploads\/sites\/3\/2025\/07\/6229ed36b5be7.png\",\"width\":900,\"height\":900},{\"@type\":\"BreadcrumbList\",\"@id\":\"https:\/\/babylove.se\/no\/produkt\/baby-jogger-joggingvogn-summit-x3-midnight-black\/#breadcrumb\",\"itemListElement\":[{\"@type\":\"ListItem\",\"position\":1,\"name\":\"Hem\",\"item\":\"https:\/\/babylove.se\/no\/\"},{\"@type\":\"ListItem\",\"position\":2,\"name\":\"Butik\",\"item\":\"https:\/\/babylove.se\/no\/butik\/\"},{\"@type\":\"ListItem\",\"position\":3,\"name\":\"Baby Jogger, Joggingvogn Summit X3 &#8211; Midnight Black\"}]},{\"@type\":\"WebSite\",\"@id\":\"https:\/\/babylove.se\/no\/#website\",\"url\":\"https:\/\/babylove.se\/no\/\",\"name\":\"Babylove Norska\",\"description\":\"\",\"potentialAction\":[{\"@type\":\"SearchAction\",\"target\":{\"@type\":\"EntryPoint\",\"urlTemplate\":\"https:\/\/babylove.se\/no\/?s={search_term_string}\"},\"query-input\":{\"@type\":\"PropertyValueSpecification\",\"valueRequired\":true,\"valueName\":\"search_term_string\"}}],\"inLanguage\":\"nb-NO\"}]}<\/script>\n<meta property=\"product:brand\" content=\"Baby Jogger\" \/>\n<meta property=\"product:price:amount\" content=\"5495.00\" \/>\n<meta property=\"product:price:currency\" content=\"SEK\" \/>\n<meta property=\"og:availability\" content=\"out of stock\" \/>\n<meta property=\"product:availability\" content=\"out of stock\" \/>\n<meta property=\"product:retailer_item_id\" content=\"BJ2144039\" \/>\n<meta property=\"product:condition\" content=\"new\" \/>\n<!-- \/ Yoast SEO Premium plugin. -->","yoast_head_json":{"title":"Baby Jogger, Joggingvogn Summit X3 - Midnight Black - Babylove Norska","robots":{"index":"noindex","follow":"follow","max-snippet":"max-snippet:-1","max-image-preview":"max-image-preview:large","max-video-preview":"max-video-preview:-1"},"og_locale":"nb_NO","og_type":"article","og_title":"Baby Jogger, Joggingvogn Summit X3 - Midnight Black","og_description":"En bed\u00e5rende og praktisk joggingvogn fra popul\u00e6re Baby Jogger for den aktive forelderen.&nbsp; Fempunktssele holder barnet fastspent under turen og joggingturen. Barnet vil v\u00e6re komfortabelt da ryggst\u00f8tten kan justeres trinnl\u00f8st. Framhjulet kan l\u00e5ses ved t\u00f8ffere terreng og p\u00e5 joggingturen skal det l\u00e5ses i fast posisjon fremover og ryggst\u00f8tten skal v\u00e6re oppreist.&nbsp; For at joggingen skal [&hellip;]","og_url":"https:\/\/babylove.se\/no\/produkt\/baby-jogger-joggingvogn-summit-x3-midnight-black\/","og_site_name":"Babylove Norska","article_modified_time":"2026-04-08T11:07:31+00:00","og_image":[{"width":900,"height":900,"url":"https:\/\/babylove.se\/no\/wp-content\/uploads\/sites\/3\/2025\/07\/6229ed36b5be7.png","type":"image\/png"}],"twitter_card":"summary_large_image","twitter_misc":{"Price":"5 495,00&nbsp;&#107;&#114;","Availability":"Out of stock"},"schema":{"@context":"https:\/\/schema.org","@graph":[{"@type":"WebPage","@id":"https:\/\/babylove.se\/no\/produkt\/baby-jogger-joggingvogn-summit-x3-midnight-black\/","url":"https:\/\/babylove.se\/no\/produkt\/baby-jogger-joggingvogn-summit-x3-midnight-black\/","name":"Baby Jogger, Joggingvogn Summit X3 - Midnight Black - Babylove Norska","isPartOf":{"@id":"https:\/\/babylove.se\/no\/#website"},"primaryImageOfPage":{"@id":"https:\/\/babylove.se\/no\/produkt\/baby-jogger-joggingvogn-summit-x3-midnight-black\/#primaryimage"},"image":{"@id":"https:\/\/babylove.se\/no\/produkt\/baby-jogger-joggingvogn-summit-x3-midnight-black\/#primaryimage"},"thumbnailUrl":"https:\/\/babylove.se\/no\/wp-content\/uploads\/sites\/3\/2025\/07\/6229ed36b5be7.png","datePublished":"2025-07-18T23:46:02+00:00","dateModified":"2026-04-08T11:07:31+00:00","breadcrumb":{"@id":"https:\/\/babylove.se\/no\/produkt\/baby-jogger-joggingvogn-summit-x3-midnight-black\/#breadcrumb"},"inLanguage":"nb-NO","potentialAction":[{"@type":"ReadAction","target":["https:\/\/babylove.se\/no\/produkt\/baby-jogger-joggingvogn-summit-x3-midnight-black\/"]}]},{"@type":"ImageObject","inLanguage":"nb-NO","@id":"https:\/\/babylove.se\/no\/produkt\/baby-jogger-joggingvogn-summit-x3-midnight-black\/#primaryimage","url":"https:\/\/babylove.se\/no\/wp-content\/uploads\/sites\/3\/2025\/07\/6229ed36b5be7.png","contentUrl":"https:\/\/babylove.se\/no\/wp-content\/uploads\/sites\/3\/2025\/07\/6229ed36b5be7.png","width":900,"height":900},{"@type":"BreadcrumbList","@id":"https:\/\/babylove.se\/no\/produkt\/baby-jogger-joggingvogn-summit-x3-midnight-black\/#breadcrumb","itemListElement":[{"@type":"ListItem","position":1,"name":"Hem","item":"https:\/\/babylove.se\/no\/"},{"@type":"ListItem","position":2,"name":"Butik","item":"https:\/\/babylove.se\/no\/butik\/"},{"@type":"ListItem","position":3,"name":"Baby Jogger, Joggingvogn Summit X3 &#8211; Midnight Black"}]},{"@type":"WebSite","@id":"https:\/\/babylove.se\/no\/#website","url":"https:\/\/babylove.se\/no\/","name":"Babylove Norska","description":"","potentialAction":[{"@type":"SearchAction","target":{"@type":"EntryPoint","urlTemplate":"https:\/\/babylove.se\/no\/?s={search_term_string}"},"query-input":{"@type":"PropertyValueSpecification","valueRequired":true,"valueName":"search_term_string"}}],"inLanguage":"nb-NO"}]},"product_brand":"Baby Jogger","product_price_amount":"5495.00","product_price_currency":"SEK","og_availability":"out of stock","product_availability":"out of stock","product_retailer_item_id":"BJ2144039","product_condition":"new"},"_links":{"self":[{"href":"https:\/\/babylove.se\/no\/wp-json\/wp\/v2\/product\/33522","targetHints":{"allow":["GET"]}}],"collection":[{"href":"https:\/\/babylove.se\/no\/wp-json\/wp\/v2\/product"}],"about":[{"href":"https:\/\/babylove.se\/no\/wp-json\/wp\/v2\/types\/product"}],"replies":[{"embeddable":true,"href":"https:\/\/babylove.se\/no\/wp-json\/wp\/v2\/comments?post=33522"}],"wp:featuredmedia":[{"embeddable":true,"href":"https:\/\/babylove.se\/no\/wp-json\/wp\/v2\/media\/33524"}],"wp:attachment":[{"href":"https:\/\/babylove.se\/no\/wp-json\/wp\/v2\/media?parent=33522"}],"wp:term":[{"taxonomy":"product_brand","embeddable":true,"href":"https:\/\/babylove.se\/no\/wp-json\/wp\/v2\/product_brand?post=33522"},{"taxonomy":"product_cat","embeddable":true,"href":"https:\/\/babylove.se\/no\/wp-json\/wp\/v2\/product_cat?post=33522"},{"taxonomy":"product_tag","embeddable":true,"href":"https:\/\/babylove.se\/no\/wp-json\/wp\/v2\/product_tag?post=33522"}],"curies":[{"name":"wp","href":"https:\/\/api.w.org\/{rel}","templated":true}]}}