{"id":33534,"date":"2025-07-19T00:46:02","date_gmt":"2025-07-18T23:46:02","guid":{"rendered":"https:\/\/babylove.se\/produkt\/baby-jogger-sittvagn-city-mini-2-jet\/"},"modified":"2026-04-08T12:07:34","modified_gmt":"2026-04-08T11:07:34","slug":"baby-jogger-barnevogn-city-mini-2-jet","status":"publish","type":"product","link":"https:\/\/babylove.se\/no\/produkt\/baby-jogger-barnevogn-city-mini-2-jet\/","title":{"rendered":"Baby Jogger, Barnevogn City Mini 2 &#8211; Jet"},"content":{"rendered":"<p>En bed\u00e5rende og praktisk barnevogn fra popul\u00e6re Baby Jogger som forgyller og forenkler turer b\u00e5de for mamma og barnet.&nbsp;<\/p>\n<p>Barnet kommer til \u00e5 v\u00e6re komfortabelt da ryggst\u00f8ttet enkelt kan justeres. Sittedelen har en praktisk fempunktssele og et innebygd fotst\u00f8tte.<\/p>\n<p>Barnet sitter alltid beskyttet fra vind samt solens str\u00e5ler da sufflettens stoff er UV50+. Suffletten har to tittehull s\u00e5 du alltid kan ha kontroll p\u00e5 din aller kj\u00e6reste og kan enkelt justeres &nbsp;i takt med at barnet vokser.<\/p>\n<p>N\u00e5r du ikke trenger vognen kan du enkelt folde den sammen!&nbsp;<\/p>\n<p>Om barnevognen skal brukes fra f\u00f8dselen m\u00e5 man kj\u00f8pe til en liggedel.<\/p>\n<p>For flere spesifikasjoner vennligst se tabellen nedenfor!&nbsp;<\/p>\n<p><span style=\"font-size: 18px;\"><strong>M\u00e5l<\/strong>:&nbsp;<\/span><\/p>\n<ul>\n<li>Sammenfoldet med hjul (LxBxH): 79 x 53,5 x 19 cm<\/li>\n<li>Sammenfoldet uten hjul (LxBxH): 79 x 66 x 22 cm<\/li>\n<\/ul>\n<p><span style=\"font-size: 18px;\"><strong>Spesifikasjoner:<\/strong><\/span><\/p>\n<table class=\"fr-dashed-borders fr-alternate-rows\" style=\"width: 81%; margin-right: calc(19%);\">\n<tbody>\n<tr>\n<td style=\"width: 44.4482%;\">Foldbart ryggst\u00f8tte<\/td>\n<td style=\"width: 55.445%;\">Ja<\/td>\n<\/tr>\n<tr>\n<td style=\"width: 44.4482%;\">Justerbart fotst\u00f8tte<\/td>\n<td style=\"width: 55.445%;\">Ja<\/td>\n<\/tr>\n<tr>\n<td style=\"width: 44.4482%;\">Framhjul<\/td>\n<td style=\"width: 55.445%;\">Svingbare med l\u00e5s<\/td>\n<\/tr>\n<tr>\n<td style=\"width: 44.4482%;\">Parkeringsbremse<\/td>\n<td style=\"width: 55.445%;\">Nei<\/td>\n<\/tr>\n<tr>\n<td>Fotbremse<\/td>\n<td>Ja<\/td>\n<\/tr>\n<tr>\n<td>H\u00e5ndbremse<\/td>\n<td>Nei<\/td>\n<\/tr>\n<tr>\n<td style=\"width: 44.4482%;\">Hjultype<\/td>\n<td style=\"width: 55.445%;\">EVA, Punkteringsfrie<\/td>\n<\/tr>\n<tr>\n<td style=\"width: 44.4482%;\">Vendbart sete<\/td>\n<td style=\"width: 55.445%;\">Nei<\/td>\n<\/tr>\n<tr>\n<td style=\"width: 44.4482%;\">Joggingvogn<\/td>\n<td style=\"width: 55.445%;\">Nei<\/td>\n<\/tr>\n<tr>\n<td style=\"width: 44.4482%;\">Vekt<\/td>\n<td style=\"width: 55.445%;\">9,5 kg<\/td>\n<\/tr>\n<tr>\n<td style=\"width: 44.4482%;\">Maks vekt<\/td>\n<td style=\"width: 55.445%;\">28 kg<\/td>\n<\/tr>\n<tr>\n<td>Maks vekt sete<\/td>\n<td>23 kg<\/td>\n<\/tr>\n<tr>\n<td style=\"width: 44.4482%;\">Maks vekt varekurv<\/td>\n<td style=\"width: 55.445%;\">4,5 kg<\/td>\n<\/tr>\n<tr>\n<td>Maks vekt rygglomme<\/td>\n<td>1 kg<\/td>\n<\/tr>\n<\/tbody>\n<\/table>\n<p><\/p>\n<p>Designer: <a href=\"https:\/\/babylove.se\/varumarken\/baby-jogger\">Baby Jogger<\/a><\/p>\n","protected":false},"excerpt":{"rendered":"<p>En bed\u00e5rende og praktisk barnevogn fra popul\u00e6re Baby Jogger som forgyller og forenkler turer b\u00e5de for mamma og barnet.&nbsp; Barnet kommer til \u00e5 v\u00e6re komfortabelt da ryggst\u00f8ttet enkelt kan justeres. Sittedelen har en praktisk fempunktssele og et innebygd fotst\u00f8tte. Barnet sitter alltid beskyttet fra vind samt solens str\u00e5ler da sufflettens stoff er UV50+. Suffletten har [&hellip;]<\/p>\n","protected":false},"featured_media":33536,"comment_status":"closed","ping_status":"open","template":"","meta":{"_acf_changed":false},"product_brand":[1147],"product_cat":[1149,1148],"product_tag":[1689],"class_list":{"0":"post-33534","1":"product","2":"type-product","3":"status-publish","4":"has-post-thumbnail","6":"product_brand-baby-jogger","7":"product_cat-baby-jogger","8":"product_cat-barnevogner","9":"product_tag-bestillingsvaror","11":"first","12":"outofstock","13":"taxable","14":"shipping-taxable","15":"purchasable","16":"product-type-simple"},"acf":[],"yoast_head":"<!-- This site is optimized with the Yoast SEO Premium plugin v25.8 (Yoast SEO v27.2) - https:\/\/yoast.com\/product\/yoast-seo-premium-wordpress\/ -->\n<title>Baby Jogger, Barnevogn City Mini 2 - Jet - Babylove Norska<\/title>\n<meta name=\"robots\" content=\"noindex, follow, max-snippet:-1, max-image-preview:large, max-video-preview:-1\" \/>\n<meta property=\"og:locale\" content=\"nb_NO\" \/>\n<meta property=\"og:type\" content=\"article\" \/>\n<meta property=\"og:title\" content=\"Baby Jogger, Barnevogn City Mini 2 - Jet\" \/>\n<meta property=\"og:description\" content=\"En bed\u00e5rende og praktisk barnevogn fra popul\u00e6re Baby Jogger som forgyller og forenkler turer b\u00e5de for mamma og barnet.&nbsp; Barnet kommer til \u00e5 v\u00e6re komfortabelt da ryggst\u00f8ttet enkelt kan justeres. Sittedelen har en praktisk fempunktssele og et innebygd fotst\u00f8tte. Barnet sitter alltid beskyttet fra vind samt solens str\u00e5ler da sufflettens stoff er UV50+. Suffletten har [&hellip;]\" \/>\n<meta property=\"og:url\" content=\"https:\/\/babylove.se\/no\/produkt\/baby-jogger-barnevogn-city-mini-2-jet\/\" \/>\n<meta property=\"og:site_name\" content=\"Babylove Norska\" \/>\n<meta property=\"article:modified_time\" content=\"2026-04-08T11:07:34+00:00\" \/>\n<meta property=\"og:image\" content=\"https:\/\/babylove.se\/no\/wp-content\/uploads\/sites\/3\/2025\/07\/6229f646a5c86.png\" \/>\n\t<meta property=\"og:image:width\" content=\"500\" \/>\n\t<meta property=\"og:image:height\" content=\"500\" \/>\n\t<meta property=\"og:image:type\" content=\"image\/png\" \/>\n<meta name=\"twitter:card\" content=\"summary_large_image\" \/>\n<meta name=\"twitter:label1\" content=\"Price\" \/>\n\t<meta name=\"twitter:data1\" content=\"3 699,00&nbsp;&#107;&#114;\" \/>\n\t<meta name=\"twitter:label2\" content=\"Availability\" \/>\n\t<meta name=\"twitter:data2\" content=\"Out of stock\" \/>\n<script type=\"application\/ld+json\" class=\"yoast-schema-graph\">{\"@context\":\"https:\/\/schema.org\",\"@graph\":[{\"@type\":\"WebPage\",\"@id\":\"https:\/\/babylove.se\/no\/produkt\/baby-jogger-barnevogn-city-mini-2-jet\/\",\"url\":\"https:\/\/babylove.se\/no\/produkt\/baby-jogger-barnevogn-city-mini-2-jet\/\",\"name\":\"Baby Jogger, Barnevogn City Mini 2 - Jet - Babylove Norska\",\"isPartOf\":{\"@id\":\"https:\/\/babylove.se\/no\/#website\"},\"primaryImageOfPage\":{\"@id\":\"https:\/\/babylove.se\/no\/produkt\/baby-jogger-barnevogn-city-mini-2-jet\/#primaryimage\"},\"image\":{\"@id\":\"https:\/\/babylove.se\/no\/produkt\/baby-jogger-barnevogn-city-mini-2-jet\/#primaryimage\"},\"thumbnailUrl\":\"https:\/\/babylove.se\/no\/wp-content\/uploads\/sites\/3\/2025\/07\/6229f646a5c86.png\",\"datePublished\":\"2025-07-18T23:46:02+00:00\",\"dateModified\":\"2026-04-08T11:07:34+00:00\",\"breadcrumb\":{\"@id\":\"https:\/\/babylove.se\/no\/produkt\/baby-jogger-barnevogn-city-mini-2-jet\/#breadcrumb\"},\"inLanguage\":\"nb-NO\",\"potentialAction\":[{\"@type\":\"ReadAction\",\"target\":[\"https:\/\/babylove.se\/no\/produkt\/baby-jogger-barnevogn-city-mini-2-jet\/\"]}]},{\"@type\":\"ImageObject\",\"inLanguage\":\"nb-NO\",\"@id\":\"https:\/\/babylove.se\/no\/produkt\/baby-jogger-barnevogn-city-mini-2-jet\/#primaryimage\",\"url\":\"https:\/\/babylove.se\/no\/wp-content\/uploads\/sites\/3\/2025\/07\/6229f646a5c86.png\",\"contentUrl\":\"https:\/\/babylove.se\/no\/wp-content\/uploads\/sites\/3\/2025\/07\/6229f646a5c86.png\",\"width\":500,\"height\":500},{\"@type\":\"BreadcrumbList\",\"@id\":\"https:\/\/babylove.se\/no\/produkt\/baby-jogger-barnevogn-city-mini-2-jet\/#breadcrumb\",\"itemListElement\":[{\"@type\":\"ListItem\",\"position\":1,\"name\":\"Hem\",\"item\":\"https:\/\/babylove.se\/no\/\"},{\"@type\":\"ListItem\",\"position\":2,\"name\":\"Butik\",\"item\":\"https:\/\/babylove.se\/no\/butik\/\"},{\"@type\":\"ListItem\",\"position\":3,\"name\":\"Baby Jogger, Barnevogn City Mini 2 &#8211; Jet\"}]},{\"@type\":\"WebSite\",\"@id\":\"https:\/\/babylove.se\/no\/#website\",\"url\":\"https:\/\/babylove.se\/no\/\",\"name\":\"Babylove Norska\",\"description\":\"\",\"potentialAction\":[{\"@type\":\"SearchAction\",\"target\":{\"@type\":\"EntryPoint\",\"urlTemplate\":\"https:\/\/babylove.se\/no\/?s={search_term_string}\"},\"query-input\":{\"@type\":\"PropertyValueSpecification\",\"valueRequired\":true,\"valueName\":\"search_term_string\"}}],\"inLanguage\":\"nb-NO\"}]}<\/script>\n<meta property=\"product:brand\" content=\"Baby Jogger\" \/>\n<meta property=\"product:price:amount\" content=\"3699.00\" \/>\n<meta property=\"product:price:currency\" content=\"SEK\" \/>\n<meta property=\"og:availability\" content=\"out of stock\" \/>\n<meta property=\"product:availability\" content=\"out of stock\" \/>\n<meta property=\"product:retailer_item_id\" content=\"BJ2083060\" \/>\n<meta property=\"product:condition\" content=\"new\" \/>\n<!-- \/ Yoast SEO Premium plugin. -->","yoast_head_json":{"title":"Baby Jogger, Barnevogn City Mini 2 - Jet - Babylove Norska","robots":{"index":"noindex","follow":"follow","max-snippet":"max-snippet:-1","max-image-preview":"max-image-preview:large","max-video-preview":"max-video-preview:-1"},"og_locale":"nb_NO","og_type":"article","og_title":"Baby Jogger, Barnevogn City Mini 2 - Jet","og_description":"En bed\u00e5rende og praktisk barnevogn fra popul\u00e6re Baby Jogger som forgyller og forenkler turer b\u00e5de for mamma og barnet.&nbsp; Barnet kommer til \u00e5 v\u00e6re komfortabelt da ryggst\u00f8ttet enkelt kan justeres. Sittedelen har en praktisk fempunktssele og et innebygd fotst\u00f8tte. Barnet sitter alltid beskyttet fra vind samt solens str\u00e5ler da sufflettens stoff er UV50+. Suffletten har [&hellip;]","og_url":"https:\/\/babylove.se\/no\/produkt\/baby-jogger-barnevogn-city-mini-2-jet\/","og_site_name":"Babylove Norska","article_modified_time":"2026-04-08T11:07:34+00:00","og_image":[{"width":500,"height":500,"url":"https:\/\/babylove.se\/no\/wp-content\/uploads\/sites\/3\/2025\/07\/6229f646a5c86.png","type":"image\/png"}],"twitter_card":"summary_large_image","twitter_misc":{"Price":"3 699,00&nbsp;&#107;&#114;","Availability":"Out of stock"},"schema":{"@context":"https:\/\/schema.org","@graph":[{"@type":"WebPage","@id":"https:\/\/babylove.se\/no\/produkt\/baby-jogger-barnevogn-city-mini-2-jet\/","url":"https:\/\/babylove.se\/no\/produkt\/baby-jogger-barnevogn-city-mini-2-jet\/","name":"Baby Jogger, Barnevogn City Mini 2 - Jet - Babylove Norska","isPartOf":{"@id":"https:\/\/babylove.se\/no\/#website"},"primaryImageOfPage":{"@id":"https:\/\/babylove.se\/no\/produkt\/baby-jogger-barnevogn-city-mini-2-jet\/#primaryimage"},"image":{"@id":"https:\/\/babylove.se\/no\/produkt\/baby-jogger-barnevogn-city-mini-2-jet\/#primaryimage"},"thumbnailUrl":"https:\/\/babylove.se\/no\/wp-content\/uploads\/sites\/3\/2025\/07\/6229f646a5c86.png","datePublished":"2025-07-18T23:46:02+00:00","dateModified":"2026-04-08T11:07:34+00:00","breadcrumb":{"@id":"https:\/\/babylove.se\/no\/produkt\/baby-jogger-barnevogn-city-mini-2-jet\/#breadcrumb"},"inLanguage":"nb-NO","potentialAction":[{"@type":"ReadAction","target":["https:\/\/babylove.se\/no\/produkt\/baby-jogger-barnevogn-city-mini-2-jet\/"]}]},{"@type":"ImageObject","inLanguage":"nb-NO","@id":"https:\/\/babylove.se\/no\/produkt\/baby-jogger-barnevogn-city-mini-2-jet\/#primaryimage","url":"https:\/\/babylove.se\/no\/wp-content\/uploads\/sites\/3\/2025\/07\/6229f646a5c86.png","contentUrl":"https:\/\/babylove.se\/no\/wp-content\/uploads\/sites\/3\/2025\/07\/6229f646a5c86.png","width":500,"height":500},{"@type":"BreadcrumbList","@id":"https:\/\/babylove.se\/no\/produkt\/baby-jogger-barnevogn-city-mini-2-jet\/#breadcrumb","itemListElement":[{"@type":"ListItem","position":1,"name":"Hem","item":"https:\/\/babylove.se\/no\/"},{"@type":"ListItem","position":2,"name":"Butik","item":"https:\/\/babylove.se\/no\/butik\/"},{"@type":"ListItem","position":3,"name":"Baby Jogger, Barnevogn City Mini 2 &#8211; Jet"}]},{"@type":"WebSite","@id":"https:\/\/babylove.se\/no\/#website","url":"https:\/\/babylove.se\/no\/","name":"Babylove Norska","description":"","potentialAction":[{"@type":"SearchAction","target":{"@type":"EntryPoint","urlTemplate":"https:\/\/babylove.se\/no\/?s={search_term_string}"},"query-input":{"@type":"PropertyValueSpecification","valueRequired":true,"valueName":"search_term_string"}}],"inLanguage":"nb-NO"}]},"product_brand":"Baby Jogger","product_price_amount":"3699.00","product_price_currency":"SEK","og_availability":"out of stock","product_availability":"out of stock","product_retailer_item_id":"BJ2083060","product_condition":"new"},"_links":{"self":[{"href":"https:\/\/babylove.se\/no\/wp-json\/wp\/v2\/product\/33534","targetHints":{"allow":["GET"]}}],"collection":[{"href":"https:\/\/babylove.se\/no\/wp-json\/wp\/v2\/product"}],"about":[{"href":"https:\/\/babylove.se\/no\/wp-json\/wp\/v2\/types\/product"}],"replies":[{"embeddable":true,"href":"https:\/\/babylove.se\/no\/wp-json\/wp\/v2\/comments?post=33534"}],"wp:featuredmedia":[{"embeddable":true,"href":"https:\/\/babylove.se\/no\/wp-json\/wp\/v2\/media\/33536"}],"wp:attachment":[{"href":"https:\/\/babylove.se\/no\/wp-json\/wp\/v2\/media?parent=33534"}],"wp:term":[{"taxonomy":"product_brand","embeddable":true,"href":"https:\/\/babylove.se\/no\/wp-json\/wp\/v2\/product_brand?post=33534"},{"taxonomy":"product_cat","embeddable":true,"href":"https:\/\/babylove.se\/no\/wp-json\/wp\/v2\/product_cat?post=33534"},{"taxonomy":"product_tag","embeddable":true,"href":"https:\/\/babylove.se\/no\/wp-json\/wp\/v2\/product_tag?post=33534"}],"curies":[{"name":"wp","href":"https:\/\/api.w.org\/{rel}","templated":true}]}}