{"id":33551,"date":"2025-07-19T00:46:02","date_gmt":"2025-07-18T23:46:02","guid":{"rendered":"https:\/\/babylove.se\/produkt\/baby-jogger-sittvagnresevagn-city-tour-2-seacrest\/"},"modified":"2026-04-08T12:07:39","modified_gmt":"2026-04-08T11:07:39","slug":"baby-jogger-barnevogn-reisevogn-city-tour-2-seacrest","status":"publish","type":"product","link":"https:\/\/babylove.se\/no\/produkt\/baby-jogger-barnevogn-reisevogn-city-tour-2-seacrest\/","title":{"rendered":"Baby Jogger, Sittvogn\/reisevogn City Tour 2 &#8211; Seacrest"},"content":{"rendered":"<p>Dette er den ultimate sittvognen fra popul\u00e6re Baby Jogger \u00e5 ta med p\u00e5 reisen! Fungerer ogs\u00e5 utmerket for deg som vil ha en liten og lett barnevogn av h\u00f8y kvalitet!<\/p>\n<p>Den veier bare 6,5 kg og foldes enkelt sammen med \u00e9n h\u00e5nd.<\/p>\n<p>Barnet kommer til \u00e5 v\u00e6re komfortabelt takket v\u00e6re det innebygde fotst\u00f8ttet og at ryggst\u00f8ttet enkelt kan justeres. Framhjulene kan l\u00e5ses ved t\u00f8ffere terreng.<\/p>\n<p>Barnet sitter beskyttet fra solens str\u00e5ler da sufflettstoffet er UV50+.<span>&nbsp;<\/span>Suffletten er utstyrt med en kikkehull s\u00e5 du alltid kan ha kontroll p\u00e5 din aller kj\u00e6reste.<\/p>\n<p>Hvis sittvognen skal brukes fra f\u00f8dselen m\u00e5 man kj\u00f8pe til en liggedel.<\/p>\n<p>Finnes i fire farger: Pitch Black, Seacrest, Everett Green og Shadow Grey.<\/p>\n<p>For flere spesifikasjoner vennligst se tabellen nedenfor!&nbsp;<\/p>\n<p><span style=\"font-size: 18px;\"><strong>M\u00e5l<\/strong>:&nbsp;<\/span><\/p>\n<ul>\n<li>Sammenfoldet med hjul (LxBxH): 58 x 50 x 20 cm<\/li>\n<li>Sammenfoldet uten hjul (LxBxH): 53 x 43 x 18,5 cm<\/li>\n<li>Sete (LxB)<span>: 23 x 34\/31 cm<\/span><\/li>\n<li><span>Ryggst\u00f8tte (LxB)<span>: 44 x 30 cm<\/span><\/span><\/li>\n<li><span><span>Fotst\u00f8tte (LxB)<span>: 21&#215;19\/34 cm<\/span><\/span><\/span><\/li>\n<\/ul>\n<p><span style=\"font-size: 18px;\"><strong>Spesifikasjoner:<\/strong><\/span><\/p>\n<table class=\"fr-dashed-borders fr-alternate-rows\" style=\"width: 81%; margin-right: calc(19%);\">\n<tbody>\n<tr>\n<td>Transportbag<\/td>\n<td>Ja<\/td>\n<\/tr>\n<tr>\n<td style=\"width: 44.4482%;\">Foldbar ryggst\u00f8tte<\/td>\n<td style=\"width: 55.445%;\">Ja<\/td>\n<\/tr>\n<tr>\n<td>Foldbar med liggedel<\/td>\n<td>Nei<\/td>\n<\/tr>\n<tr>\n<td style=\"width: 44.4482%;\">Justerbar fotst\u00f8tte<\/td>\n<td style=\"width: 55.445%;\">Ja<\/td>\n<\/tr>\n<tr>\n<td style=\"width: 44.4482%;\">Framhjul<\/td>\n<td style=\"width: 55.445%;\">Svingbare med l\u00e5s<\/td>\n<\/tr>\n<tr>\n<td>Fotbrems<\/td>\n<td>Ja<\/td>\n<\/tr>\n<tr>\n<td>H\u00e5ndbrems<\/td>\n<td>Nei<\/td>\n<\/tr>\n<tr>\n<td style=\"width: 44.4482%;\">Hjultype<\/td>\n<td style=\"width: 55.445%;\">Solid gummi<\/td>\n<\/tr>\n<tr>\n<td>Antall hjul<\/td>\n<td>4<\/td>\n<\/tr>\n<tr>\n<td style=\"width: 44.4482%;\">Snubar sete<\/td>\n<td style=\"width: 55.445%;\">Nei<\/td>\n<\/tr>\n<tr>\n<td style=\"width: 44.4482%;\">Joggingvogn<\/td>\n<td style=\"width: 55.445%;\">Nei<\/td>\n<\/tr>\n<tr>\n<td style=\"width: 44.4482%;\">Vekt<\/td>\n<td style=\"width: 55.445%;\">6,5 kg<\/td>\n<\/tr>\n<tr>\n<td style=\"width: 44.4482%;\">Maks vekt<\/td>\n<td style=\"width: 55.445%;\">29 kg<\/td>\n<\/tr>\n<tr>\n<td>Maks vekt sete<\/td>\n<td>22 kg<\/td>\n<\/tr>\n<tr>\n<td style=\"width: 44.4482%;\">Maks vekt varekurv<\/td>\n<td style=\"width: 55.445%;\">7 kg<\/td>\n<\/tr>\n<\/tbody>\n<\/table>\n<p><\/p>\n<p>Designer: <a href=\"https:\/\/babylove.se\/varumarken\/baby-jogger\">Baby Jogger<\/a><\/p>\n","protected":false},"excerpt":{"rendered":"<p>Dette er den ultimate sittvognen fra popul\u00e6re Baby Jogger \u00e5 ta med p\u00e5 reisen! Fungerer ogs\u00e5 utmerket for deg som vil ha en liten og lett barnevogn av h\u00f8y kvalitet! Den veier bare 6,5 kg og foldes enkelt sammen med \u00e9n h\u00e5nd. Barnet kommer til \u00e5 v\u00e6re komfortabelt takket v\u00e6re det innebygde fotst\u00f8ttet og at [&hellip;]<\/p>\n","protected":false},"featured_media":33553,"comment_status":"closed","ping_status":"open","template":"","meta":{"_acf_changed":false},"product_brand":[1147],"product_cat":[1149,1148],"product_tag":[1689],"class_list":{"0":"post-33551","1":"product","2":"type-product","3":"status-publish","4":"has-post-thumbnail","6":"product_brand-baby-jogger","7":"product_cat-baby-jogger","8":"product_cat-barnevogner","9":"product_tag-bestillingsvaror","11":"first","12":"outofstock","13":"taxable","14":"shipping-taxable","15":"purchasable","16":"product-type-simple"},"acf":[],"yoast_head":"<!-- This site is optimized with the Yoast SEO Premium plugin v25.8 (Yoast SEO v27.2) - https:\/\/yoast.com\/product\/yoast-seo-premium-wordpress\/ -->\n<title>Baby Jogger, Sittvogn\/reisevogn City Tour 2 - Seacrest - Babylove Norska<\/title>\n<meta name=\"robots\" content=\"noindex, follow, max-snippet:-1, max-image-preview:large, max-video-preview:-1\" \/>\n<meta property=\"og:locale\" content=\"nb_NO\" \/>\n<meta property=\"og:type\" content=\"article\" \/>\n<meta property=\"og:title\" content=\"Baby Jogger, Sittvogn\/reisevogn City Tour 2 - Seacrest\" \/>\n<meta property=\"og:description\" content=\"Dette er den ultimate sittvognen fra popul\u00e6re Baby Jogger \u00e5 ta med p\u00e5 reisen! Fungerer ogs\u00e5 utmerket for deg som vil ha en liten og lett barnevogn av h\u00f8y kvalitet! Den veier bare 6,5 kg og foldes enkelt sammen med \u00e9n h\u00e5nd. Barnet kommer til \u00e5 v\u00e6re komfortabelt takket v\u00e6re det innebygde fotst\u00f8ttet og at [&hellip;]\" \/>\n<meta property=\"og:url\" content=\"https:\/\/babylove.se\/no\/produkt\/baby-jogger-barnevogn-reisevogn-city-tour-2-seacrest\/\" \/>\n<meta property=\"og:site_name\" content=\"Babylove Norska\" \/>\n<meta property=\"article:modified_time\" content=\"2026-04-08T11:07:39+00:00\" \/>\n<meta property=\"og:image\" content=\"https:\/\/babylove.se\/no\/wp-content\/uploads\/sites\/3\/2025\/07\/622a03a0c20c4.jpeg\" \/>\n\t<meta property=\"og:image:width\" content=\"907\" \/>\n\t<meta property=\"og:image:height\" content=\"1000\" \/>\n\t<meta property=\"og:image:type\" content=\"image\/jpeg\" \/>\n<meta name=\"twitter:card\" content=\"summary_large_image\" \/>\n<meta name=\"twitter:label1\" content=\"Price\" \/>\n\t<meta name=\"twitter:data1\" content=\"4 299,00&nbsp;&#107;&#114;\" \/>\n\t<meta name=\"twitter:label2\" content=\"Availability\" \/>\n\t<meta name=\"twitter:data2\" content=\"Out of stock\" \/>\n<script type=\"application\/ld+json\" class=\"yoast-schema-graph\">{\"@context\":\"https:\/\/schema.org\",\"@graph\":[{\"@type\":\"WebPage\",\"@id\":\"https:\/\/babylove.se\/no\/produkt\/baby-jogger-barnevogn-reisevogn-city-tour-2-seacrest\/\",\"url\":\"https:\/\/babylove.se\/no\/produkt\/baby-jogger-barnevogn-reisevogn-city-tour-2-seacrest\/\",\"name\":\"Baby Jogger, Sittvogn\/reisevogn City Tour 2 - Seacrest - Babylove Norska\",\"isPartOf\":{\"@id\":\"https:\/\/babylove.se\/no\/#website\"},\"primaryImageOfPage\":{\"@id\":\"https:\/\/babylove.se\/no\/produkt\/baby-jogger-barnevogn-reisevogn-city-tour-2-seacrest\/#primaryimage\"},\"image\":{\"@id\":\"https:\/\/babylove.se\/no\/produkt\/baby-jogger-barnevogn-reisevogn-city-tour-2-seacrest\/#primaryimage\"},\"thumbnailUrl\":\"https:\/\/babylove.se\/no\/wp-content\/uploads\/sites\/3\/2025\/07\/622a03a0c20c4.jpeg\",\"datePublished\":\"2025-07-18T23:46:02+00:00\",\"dateModified\":\"2026-04-08T11:07:39+00:00\",\"breadcrumb\":{\"@id\":\"https:\/\/babylove.se\/no\/produkt\/baby-jogger-barnevogn-reisevogn-city-tour-2-seacrest\/#breadcrumb\"},\"inLanguage\":\"nb-NO\",\"potentialAction\":[{\"@type\":\"ReadAction\",\"target\":[\"https:\/\/babylove.se\/no\/produkt\/baby-jogger-barnevogn-reisevogn-city-tour-2-seacrest\/\"]}]},{\"@type\":\"ImageObject\",\"inLanguage\":\"nb-NO\",\"@id\":\"https:\/\/babylove.se\/no\/produkt\/baby-jogger-barnevogn-reisevogn-city-tour-2-seacrest\/#primaryimage\",\"url\":\"https:\/\/babylove.se\/no\/wp-content\/uploads\/sites\/3\/2025\/07\/622a03a0c20c4.jpeg\",\"contentUrl\":\"https:\/\/babylove.se\/no\/wp-content\/uploads\/sites\/3\/2025\/07\/622a03a0c20c4.jpeg\",\"width\":907,\"height\":1000},{\"@type\":\"BreadcrumbList\",\"@id\":\"https:\/\/babylove.se\/no\/produkt\/baby-jogger-barnevogn-reisevogn-city-tour-2-seacrest\/#breadcrumb\",\"itemListElement\":[{\"@type\":\"ListItem\",\"position\":1,\"name\":\"Hem\",\"item\":\"https:\/\/babylove.se\/no\/\"},{\"@type\":\"ListItem\",\"position\":2,\"name\":\"Butik\",\"item\":\"https:\/\/babylove.se\/no\/butik\/\"},{\"@type\":\"ListItem\",\"position\":3,\"name\":\"Baby Jogger, Sittvogn\/reisevogn City Tour 2 &#8211; Seacrest\"}]},{\"@type\":\"WebSite\",\"@id\":\"https:\/\/babylove.se\/no\/#website\",\"url\":\"https:\/\/babylove.se\/no\/\",\"name\":\"Babylove Norska\",\"description\":\"\",\"potentialAction\":[{\"@type\":\"SearchAction\",\"target\":{\"@type\":\"EntryPoint\",\"urlTemplate\":\"https:\/\/babylove.se\/no\/?s={search_term_string}\"},\"query-input\":{\"@type\":\"PropertyValueSpecification\",\"valueRequired\":true,\"valueName\":\"search_term_string\"}}],\"inLanguage\":\"nb-NO\"}]}<\/script>\n<meta property=\"product:brand\" content=\"Baby Jogger\" \/>\n<meta property=\"product:price:amount\" content=\"4299.00\" \/>\n<meta property=\"product:price:currency\" content=\"SEK\" \/>\n<meta property=\"og:availability\" content=\"out of stock\" \/>\n<meta property=\"product:availability\" content=\"out of stock\" \/>\n<meta property=\"product:retailer_item_id\" content=\"BJ2083037\" \/>\n<meta property=\"product:condition\" content=\"new\" \/>\n<!-- \/ Yoast SEO Premium plugin. -->","yoast_head_json":{"title":"Baby Jogger, Sittvogn\/reisevogn City Tour 2 - Seacrest - Babylove Norska","robots":{"index":"noindex","follow":"follow","max-snippet":"max-snippet:-1","max-image-preview":"max-image-preview:large","max-video-preview":"max-video-preview:-1"},"og_locale":"nb_NO","og_type":"article","og_title":"Baby Jogger, Sittvogn\/reisevogn City Tour 2 - Seacrest","og_description":"Dette er den ultimate sittvognen fra popul\u00e6re Baby Jogger \u00e5 ta med p\u00e5 reisen! Fungerer ogs\u00e5 utmerket for deg som vil ha en liten og lett barnevogn av h\u00f8y kvalitet! Den veier bare 6,5 kg og foldes enkelt sammen med \u00e9n h\u00e5nd. Barnet kommer til \u00e5 v\u00e6re komfortabelt takket v\u00e6re det innebygde fotst\u00f8ttet og at [&hellip;]","og_url":"https:\/\/babylove.se\/no\/produkt\/baby-jogger-barnevogn-reisevogn-city-tour-2-seacrest\/","og_site_name":"Babylove Norska","article_modified_time":"2026-04-08T11:07:39+00:00","og_image":[{"width":907,"height":1000,"url":"https:\/\/babylove.se\/no\/wp-content\/uploads\/sites\/3\/2025\/07\/622a03a0c20c4.jpeg","type":"image\/jpeg"}],"twitter_card":"summary_large_image","twitter_misc":{"Price":"4 299,00&nbsp;&#107;&#114;","Availability":"Out of stock"},"schema":{"@context":"https:\/\/schema.org","@graph":[{"@type":"WebPage","@id":"https:\/\/babylove.se\/no\/produkt\/baby-jogger-barnevogn-reisevogn-city-tour-2-seacrest\/","url":"https:\/\/babylove.se\/no\/produkt\/baby-jogger-barnevogn-reisevogn-city-tour-2-seacrest\/","name":"Baby Jogger, Sittvogn\/reisevogn City Tour 2 - Seacrest - Babylove Norska","isPartOf":{"@id":"https:\/\/babylove.se\/no\/#website"},"primaryImageOfPage":{"@id":"https:\/\/babylove.se\/no\/produkt\/baby-jogger-barnevogn-reisevogn-city-tour-2-seacrest\/#primaryimage"},"image":{"@id":"https:\/\/babylove.se\/no\/produkt\/baby-jogger-barnevogn-reisevogn-city-tour-2-seacrest\/#primaryimage"},"thumbnailUrl":"https:\/\/babylove.se\/no\/wp-content\/uploads\/sites\/3\/2025\/07\/622a03a0c20c4.jpeg","datePublished":"2025-07-18T23:46:02+00:00","dateModified":"2026-04-08T11:07:39+00:00","breadcrumb":{"@id":"https:\/\/babylove.se\/no\/produkt\/baby-jogger-barnevogn-reisevogn-city-tour-2-seacrest\/#breadcrumb"},"inLanguage":"nb-NO","potentialAction":[{"@type":"ReadAction","target":["https:\/\/babylove.se\/no\/produkt\/baby-jogger-barnevogn-reisevogn-city-tour-2-seacrest\/"]}]},{"@type":"ImageObject","inLanguage":"nb-NO","@id":"https:\/\/babylove.se\/no\/produkt\/baby-jogger-barnevogn-reisevogn-city-tour-2-seacrest\/#primaryimage","url":"https:\/\/babylove.se\/no\/wp-content\/uploads\/sites\/3\/2025\/07\/622a03a0c20c4.jpeg","contentUrl":"https:\/\/babylove.se\/no\/wp-content\/uploads\/sites\/3\/2025\/07\/622a03a0c20c4.jpeg","width":907,"height":1000},{"@type":"BreadcrumbList","@id":"https:\/\/babylove.se\/no\/produkt\/baby-jogger-barnevogn-reisevogn-city-tour-2-seacrest\/#breadcrumb","itemListElement":[{"@type":"ListItem","position":1,"name":"Hem","item":"https:\/\/babylove.se\/no\/"},{"@type":"ListItem","position":2,"name":"Butik","item":"https:\/\/babylove.se\/no\/butik\/"},{"@type":"ListItem","position":3,"name":"Baby Jogger, Sittvogn\/reisevogn City Tour 2 &#8211; Seacrest"}]},{"@type":"WebSite","@id":"https:\/\/babylove.se\/no\/#website","url":"https:\/\/babylove.se\/no\/","name":"Babylove Norska","description":"","potentialAction":[{"@type":"SearchAction","target":{"@type":"EntryPoint","urlTemplate":"https:\/\/babylove.se\/no\/?s={search_term_string}"},"query-input":{"@type":"PropertyValueSpecification","valueRequired":true,"valueName":"search_term_string"}}],"inLanguage":"nb-NO"}]},"product_brand":"Baby Jogger","product_price_amount":"4299.00","product_price_currency":"SEK","og_availability":"out of stock","product_availability":"out of stock","product_retailer_item_id":"BJ2083037","product_condition":"new"},"_links":{"self":[{"href":"https:\/\/babylove.se\/no\/wp-json\/wp\/v2\/product\/33551","targetHints":{"allow":["GET"]}}],"collection":[{"href":"https:\/\/babylove.se\/no\/wp-json\/wp\/v2\/product"}],"about":[{"href":"https:\/\/babylove.se\/no\/wp-json\/wp\/v2\/types\/product"}],"replies":[{"embeddable":true,"href":"https:\/\/babylove.se\/no\/wp-json\/wp\/v2\/comments?post=33551"}],"wp:featuredmedia":[{"embeddable":true,"href":"https:\/\/babylove.se\/no\/wp-json\/wp\/v2\/media\/33553"}],"wp:attachment":[{"href":"https:\/\/babylove.se\/no\/wp-json\/wp\/v2\/media?parent=33551"}],"wp:term":[{"taxonomy":"product_brand","embeddable":true,"href":"https:\/\/babylove.se\/no\/wp-json\/wp\/v2\/product_brand?post=33551"},{"taxonomy":"product_cat","embeddable":true,"href":"https:\/\/babylove.se\/no\/wp-json\/wp\/v2\/product_cat?post=33551"},{"taxonomy":"product_tag","embeddable":true,"href":"https:\/\/babylove.se\/no\/wp-json\/wp\/v2\/product_tag?post=33551"}],"curies":[{"name":"wp","href":"https:\/\/api.w.org\/{rel}","templated":true}]}}