{"id":3356,"date":"2025-07-18T20:14:52","date_gmt":"2025-07-18T19:14:52","guid":{"rendered":"https:\/\/babylove.se\/produkt\/rutschkana-rosa-jupiduu\/"},"modified":"2026-04-08T07:59:34","modified_gmt":"2026-04-08T06:59:34","slug":"rutsjebane-rosa-jupiduu","status":"publish","type":"product","link":"https:\/\/babylove.se\/no\/produkt\/rutsjebane-rosa-jupiduu\/","title":{"rendered":"Rutsjebane rosa, Jupiduu"},"content":{"rendered":"<p>Denne fantastiske rutsjebanen fra tyske Jupiduu, er helt utformet med barnet i tankene.<\/p>\n<p>Enkel b\u00e5de \u00e5 klatre opp p\u00e5 og morsom \u00e5 kj\u00f8re p\u00e5. Dermed ogs\u00e5 trygg mens barnet utvikler og trener sin motorikk.<\/p>\n<p>Rutsjebanen er ikke bare utformet for barnets beste, men ogs\u00e5 designet slik at den enkelt passer inn i \u00f8vrig barneroms innredning eller hvorfor ikke i stua? Utformingen er moderne og du kan velge mellom flere fine farger slik at den passer inn i \u00f8vrig baderomsinnredning.<\/p>\n<p>Rutsjebanen kan med fordel brukes utend\u00f8rs, forutsatt at v\u00e6ret tillater det selvf\u00f8lgelig.<\/p>\n<p>Den er tilpasset hovedsakelig for barn i alderen 1,5 til 4 \u00e5r og har barnetilpassede trapptrinn, alt for ditt barns sikkerhet. De h\u00f8ye sidekantene gir barnet god st\u00f8tte n\u00e5r de kj\u00f8rer p\u00e5 rutsjebanen. Monteringen gj\u00f8r du selv enkelt med noen f\u00e5 trinn, anvisning og verkt\u00f8y f\u00f8lger med.<\/p>\n<p><strong>M\u00e5l<\/strong>: 145 cm lang x 43 cm bred x 68 cm h\u00f8y.<\/p>\n<p>Advarsel: Ikke la barnet ditt v\u00e6re uten tilsyn p\u00e5 rutsjebanen, men hold dem alltid under oppsikt.<\/p>\n<p>Designer: <a href=\"https:\/\/babylove.se\/varumarken\/jupiduu\">Jupiduu<\/a><\/p>\n<p><a href=\"https:\/\/babylove.se\/leksaker\/rutschkanor\"><strong>Se hele v\u00e5rt sortiment av rutsjebaner her!<\/strong><\/a><\/p>\n","protected":false},"excerpt":{"rendered":"<p>Denne fantastiske rutsjebanen fra tyske Jupiduu, er helt utformet med barnet i tankene. Enkel b\u00e5de \u00e5 klatre opp p\u00e5 og morsom \u00e5 kj\u00f8re p\u00e5. Dermed ogs\u00e5 trygg mens barnet utvikler og trener sin motorikk. Rutsjebanen er ikke bare utformet for barnets beste, men ogs\u00e5 designet slik at den enkelt passer inn i \u00f8vrig barneroms innredning [&hellip;]<\/p>\n","protected":false},"featured_media":3358,"comment_status":"closed","ping_status":"open","template":"","meta":{"_acf_changed":false},"product_brand":[201],"product_cat":[202,25,68,204,203],"product_tag":[1689],"class_list":{"0":"post-3356","1":"product","2":"type-product","3":"status-publish","4":"has-post-thumbnail","6":"product_brand-jupiduu","7":"product_cat-jupiduu","8":"product_cat-ikke-bare-jenter","9":"product_cat-leker","10":"product_cat-motoriske-barnmobler","11":"product_cat-rutsjebaner","12":"product_tag-bestillingsvaror","14":"first","15":"instock","16":"taxable","17":"shipping-taxable","18":"purchasable","19":"product-type-simple"},"acf":[],"yoast_head":"<!-- This site is optimized with the Yoast SEO Premium plugin v25.8 (Yoast SEO v27.2) - https:\/\/yoast.com\/product\/yoast-seo-premium-wordpress\/ -->\n<title>Rosa Rutschkana Jupiduu | Fri Frakt<\/title>\n<meta name=\"description\" content=\"Denna fantastiska Rosa Rutschkanan fr\u00e5n Tyska Jupiduu, \u00e4r helt utformad med barnet i \u00e5tanke ? Fri Frakt ? Snabba leveranser ? H\u00f6g kvalitet!\" \/>\n<meta name=\"robots\" content=\"noindex, follow, max-snippet:-1, max-image-preview:large, max-video-preview:-1\" \/>\n<meta property=\"og:locale\" content=\"nb_NO\" \/>\n<meta property=\"og:type\" content=\"article\" \/>\n<meta property=\"og:title\" content=\"Rutsjebane rosa, Jupiduu\" \/>\n<meta property=\"og:description\" content=\"Denna fantastiska Rosa Rutschkanan fr\u00e5n Tyska Jupiduu, \u00e4r helt utformad med barnet i \u00e5tanke ? Fri Frakt ? Snabba leveranser ? H\u00f6g kvalitet!\" \/>\n<meta property=\"og:url\" content=\"https:\/\/babylove.se\/no\/produkt\/rutsjebane-rosa-jupiduu\/\" \/>\n<meta property=\"og:site_name\" content=\"Babylove Norska\" \/>\n<meta property=\"article:modified_time\" content=\"2026-04-08T06:59:34+00:00\" \/>\n<meta property=\"og:image\" content=\"https:\/\/babylove.se\/no\/wp-content\/uploads\/sites\/3\/2025\/07\/636cb41ce7f43.jpeg\" \/>\n\t<meta property=\"og:image:width\" content=\"1536\" \/>\n\t<meta property=\"og:image:height\" content=\"1104\" \/>\n\t<meta property=\"og:image:type\" content=\"image\/jpeg\" \/>\n<meta name=\"twitter:card\" content=\"summary_large_image\" \/>\n<meta name=\"twitter:label1\" content=\"Price\" \/>\n\t<meta name=\"twitter:data1\" content=\"3 199,00&nbsp;&#107;&#114;\" \/>\n\t<meta name=\"twitter:label2\" content=\"Availability\" \/>\n\t<meta name=\"twitter:data2\" content=\"In stock\" \/>\n<script type=\"application\/ld+json\" class=\"yoast-schema-graph\">{\"@context\":\"https:\/\/schema.org\",\"@graph\":[{\"@type\":\"WebPage\",\"@id\":\"https:\/\/babylove.se\/no\/produkt\/rutsjebane-rosa-jupiduu\/\",\"url\":\"https:\/\/babylove.se\/no\/produkt\/rutsjebane-rosa-jupiduu\/\",\"name\":\"Rosa Rutschkana Jupiduu | Fri Frakt\",\"isPartOf\":{\"@id\":\"https:\/\/babylove.se\/no\/#website\"},\"primaryImageOfPage\":{\"@id\":\"https:\/\/babylove.se\/no\/produkt\/rutsjebane-rosa-jupiduu\/#primaryimage\"},\"image\":{\"@id\":\"https:\/\/babylove.se\/no\/produkt\/rutsjebane-rosa-jupiduu\/#primaryimage\"},\"thumbnailUrl\":\"https:\/\/babylove.se\/no\/wp-content\/uploads\/sites\/3\/2025\/07\/636cb41ce7f43.jpeg\",\"datePublished\":\"2025-07-18T19:14:52+00:00\",\"dateModified\":\"2026-04-08T06:59:34+00:00\",\"description\":\"Denna fantastiska Rosa Rutschkanan fr\u00e5n Tyska Jupiduu, \u00e4r helt utformad med barnet i \u00e5tanke ? Fri Frakt ? Snabba leveranser ? H\u00f6g kvalitet!\",\"breadcrumb\":{\"@id\":\"https:\/\/babylove.se\/no\/produkt\/rutsjebane-rosa-jupiduu\/#breadcrumb\"},\"inLanguage\":\"nb-NO\",\"potentialAction\":[{\"@type\":\"ReadAction\",\"target\":[\"https:\/\/babylove.se\/no\/produkt\/rutsjebane-rosa-jupiduu\/\"]}]},{\"@type\":\"ImageObject\",\"inLanguage\":\"nb-NO\",\"@id\":\"https:\/\/babylove.se\/no\/produkt\/rutsjebane-rosa-jupiduu\/#primaryimage\",\"url\":\"https:\/\/babylove.se\/no\/wp-content\/uploads\/sites\/3\/2025\/07\/636cb41ce7f43.jpeg\",\"contentUrl\":\"https:\/\/babylove.se\/no\/wp-content\/uploads\/sites\/3\/2025\/07\/636cb41ce7f43.jpeg\",\"width\":1536,\"height\":1104},{\"@type\":\"BreadcrumbList\",\"@id\":\"https:\/\/babylove.se\/no\/produkt\/rutsjebane-rosa-jupiduu\/#breadcrumb\",\"itemListElement\":[{\"@type\":\"ListItem\",\"position\":1,\"name\":\"Hem\",\"item\":\"https:\/\/babylove.se\/no\/\"},{\"@type\":\"ListItem\",\"position\":2,\"name\":\"Butik\",\"item\":\"https:\/\/babylove.se\/no\/butik\/\"},{\"@type\":\"ListItem\",\"position\":3,\"name\":\"Rutsjebane rosa, Jupiduu\"}]},{\"@type\":\"WebSite\",\"@id\":\"https:\/\/babylove.se\/no\/#website\",\"url\":\"https:\/\/babylove.se\/no\/\",\"name\":\"Babylove Norska\",\"description\":\"\",\"potentialAction\":[{\"@type\":\"SearchAction\",\"target\":{\"@type\":\"EntryPoint\",\"urlTemplate\":\"https:\/\/babylove.se\/no\/?s={search_term_string}\"},\"query-input\":{\"@type\":\"PropertyValueSpecification\",\"valueRequired\":true,\"valueName\":\"search_term_string\"}}],\"inLanguage\":\"nb-NO\"}]}<\/script>\n<meta property=\"product:brand\" content=\"Jupiduu\" \/>\n<meta property=\"product:price:amount\" content=\"3199.00\" \/>\n<meta property=\"product:price:currency\" content=\"SEK\" \/>\n<meta property=\"og:availability\" content=\"instock\" \/>\n<meta property=\"product:availability\" content=\"instock\" \/>\n<meta property=\"product:retailer_item_id\" content=\"0634543685570\" \/>\n<meta property=\"product:condition\" content=\"new\" \/>\n<!-- \/ Yoast SEO Premium plugin. -->","yoast_head_json":{"title":"Rosa Rutschkana Jupiduu | Fri Frakt","description":"Denna fantastiska Rosa Rutschkanan fr\u00e5n Tyska Jupiduu, \u00e4r helt utformad med barnet i \u00e5tanke ? Fri Frakt ? Snabba leveranser ? H\u00f6g kvalitet!","robots":{"index":"noindex","follow":"follow","max-snippet":"max-snippet:-1","max-image-preview":"max-image-preview:large","max-video-preview":"max-video-preview:-1"},"og_locale":"nb_NO","og_type":"article","og_title":"Rutsjebane rosa, Jupiduu","og_description":"Denna fantastiska Rosa Rutschkanan fr\u00e5n Tyska Jupiduu, \u00e4r helt utformad med barnet i \u00e5tanke ? Fri Frakt ? Snabba leveranser ? H\u00f6g kvalitet!","og_url":"https:\/\/babylove.se\/no\/produkt\/rutsjebane-rosa-jupiduu\/","og_site_name":"Babylove Norska","article_modified_time":"2026-04-08T06:59:34+00:00","og_image":[{"width":1536,"height":1104,"url":"https:\/\/babylove.se\/no\/wp-content\/uploads\/sites\/3\/2025\/07\/636cb41ce7f43.jpeg","type":"image\/jpeg"}],"twitter_card":"summary_large_image","twitter_misc":{"Price":"3 199,00&nbsp;&#107;&#114;","Availability":"In stock"},"schema":{"@context":"https:\/\/schema.org","@graph":[{"@type":"WebPage","@id":"https:\/\/babylove.se\/no\/produkt\/rutsjebane-rosa-jupiduu\/","url":"https:\/\/babylove.se\/no\/produkt\/rutsjebane-rosa-jupiduu\/","name":"Rosa Rutschkana Jupiduu | Fri Frakt","isPartOf":{"@id":"https:\/\/babylove.se\/no\/#website"},"primaryImageOfPage":{"@id":"https:\/\/babylove.se\/no\/produkt\/rutsjebane-rosa-jupiduu\/#primaryimage"},"image":{"@id":"https:\/\/babylove.se\/no\/produkt\/rutsjebane-rosa-jupiduu\/#primaryimage"},"thumbnailUrl":"https:\/\/babylove.se\/no\/wp-content\/uploads\/sites\/3\/2025\/07\/636cb41ce7f43.jpeg","datePublished":"2025-07-18T19:14:52+00:00","dateModified":"2026-04-08T06:59:34+00:00","description":"Denna fantastiska Rosa Rutschkanan fr\u00e5n Tyska Jupiduu, \u00e4r helt utformad med barnet i \u00e5tanke ? Fri Frakt ? Snabba leveranser ? H\u00f6g kvalitet!","breadcrumb":{"@id":"https:\/\/babylove.se\/no\/produkt\/rutsjebane-rosa-jupiduu\/#breadcrumb"},"inLanguage":"nb-NO","potentialAction":[{"@type":"ReadAction","target":["https:\/\/babylove.se\/no\/produkt\/rutsjebane-rosa-jupiduu\/"]}]},{"@type":"ImageObject","inLanguage":"nb-NO","@id":"https:\/\/babylove.se\/no\/produkt\/rutsjebane-rosa-jupiduu\/#primaryimage","url":"https:\/\/babylove.se\/no\/wp-content\/uploads\/sites\/3\/2025\/07\/636cb41ce7f43.jpeg","contentUrl":"https:\/\/babylove.se\/no\/wp-content\/uploads\/sites\/3\/2025\/07\/636cb41ce7f43.jpeg","width":1536,"height":1104},{"@type":"BreadcrumbList","@id":"https:\/\/babylove.se\/no\/produkt\/rutsjebane-rosa-jupiduu\/#breadcrumb","itemListElement":[{"@type":"ListItem","position":1,"name":"Hem","item":"https:\/\/babylove.se\/no\/"},{"@type":"ListItem","position":2,"name":"Butik","item":"https:\/\/babylove.se\/no\/butik\/"},{"@type":"ListItem","position":3,"name":"Rutsjebane rosa, Jupiduu"}]},{"@type":"WebSite","@id":"https:\/\/babylove.se\/no\/#website","url":"https:\/\/babylove.se\/no\/","name":"Babylove Norska","description":"","potentialAction":[{"@type":"SearchAction","target":{"@type":"EntryPoint","urlTemplate":"https:\/\/babylove.se\/no\/?s={search_term_string}"},"query-input":{"@type":"PropertyValueSpecification","valueRequired":true,"valueName":"search_term_string"}}],"inLanguage":"nb-NO"}]},"product_brand":"Jupiduu","product_price_amount":"3199.00","product_price_currency":"SEK","og_availability":"instock","product_availability":"instock","product_retailer_item_id":"0634543685570","product_condition":"new"},"_links":{"self":[{"href":"https:\/\/babylove.se\/no\/wp-json\/wp\/v2\/product\/3356","targetHints":{"allow":["GET"]}}],"collection":[{"href":"https:\/\/babylove.se\/no\/wp-json\/wp\/v2\/product"}],"about":[{"href":"https:\/\/babylove.se\/no\/wp-json\/wp\/v2\/types\/product"}],"replies":[{"embeddable":true,"href":"https:\/\/babylove.se\/no\/wp-json\/wp\/v2\/comments?post=3356"}],"wp:featuredmedia":[{"embeddable":true,"href":"https:\/\/babylove.se\/no\/wp-json\/wp\/v2\/media\/3358"}],"wp:attachment":[{"href":"https:\/\/babylove.se\/no\/wp-json\/wp\/v2\/media?parent=3356"}],"wp:term":[{"taxonomy":"product_brand","embeddable":true,"href":"https:\/\/babylove.se\/no\/wp-json\/wp\/v2\/product_brand?post=3356"},{"taxonomy":"product_cat","embeddable":true,"href":"https:\/\/babylove.se\/no\/wp-json\/wp\/v2\/product_cat?post=3356"},{"taxonomy":"product_tag","embeddable":true,"href":"https:\/\/babylove.se\/no\/wp-json\/wp\/v2\/product_tag?post=3356"}],"curies":[{"name":"wp","href":"https:\/\/api.w.org\/{rel}","templated":true}]}}