{"id":33569,"date":"2025-07-19T00:46:42","date_gmt":"2025-07-18T23:46:42","guid":{"rendered":"https:\/\/babylove.se\/produkt\/baby-jogger-syskonvagn-city-tour-2-jet\/"},"modified":"2026-04-08T12:07:48","modified_gmt":"2026-04-08T11:07:48","slug":"baby-jogger-soskenbarnevogn-city-tour-2-jet","status":"publish","type":"product","link":"https:\/\/babylove.se\/no\/produkt\/baby-jogger-soskenbarnevogn-city-tour-2-jet\/","title":{"rendered":"Baby Jogger, S\u00f8skenvogn City Tour 2 &#8211; Jet"},"content":{"rendered":"<p>Dette er den ultimate s\u00f8sken- og tvillingvognen fra popul\u00e6re Baby Jogger \u00e5 ta med p\u00e5 reisen! Fungerer ogs\u00e5 utmerket for deg som \u00f8nsker en liten og lett s\u00f8skenvogn av h\u00f8y kvalitet!<\/p>\n<p>Barna vil sitte komfortabelt takket v\u00e6re det innebygde fotst\u00f8ttet og at ryggst\u00f8ttet enkelt kan justeres fra sitt-<span>&nbsp;<\/span>fullt liggstilling. Framhjulene kan l\u00e5ses ved t\u00f8ffere terreng.<\/p>\n<p>Barna sitter beskyttet mot vind og solens str\u00e5ler da sufflettstoffet er UV50+.<span>&nbsp;<\/span>Suffletten er utstyrt med tittehull s\u00e5 du alltid kan ha kontroll p\u00e5 dine aller kj\u00e6reste.<\/p>\n<p>Hvis sittvognen skal brukes fra f\u00f8dselen m\u00e5 man kj\u00f8pe til en eller to liggedeler.<\/p>\n<p>Finnes i to farger: Jet og Carbon.<\/p>\n<p>For flere spesifikasjoner vennligst se tabellen nedenfor!&nbsp;<\/p>\n<p><span style=\"font-size: 18px;\"><strong>M\u00e5l<\/strong>:&nbsp;<\/span><\/p>\n<ul>\n<li>Sammenbrettet med hjul (LxBxH): 63 x 66,5 x 25 cm<\/li>\n<li>Utbrettet (LxBxH): 94,5 x 66,5 x 102,5 cm<\/li>\n<\/ul>\n<p><span style=\"font-size: 18px;\"><strong>Spesifikasjoner:<\/strong><\/span><\/p>\n<table class=\"fr-dashed-borders fr-alternate-rows\" style=\"width: 81%; margin-right: calc(19%);\">\n<tbody>\n<tr>\n<td style=\"width: 44.4591%;\">Transportveske<\/td>\n<td style=\"width: 55.409%;\">Ja<\/td>\n<\/tr>\n<tr>\n<td style=\"width: 44.4591%;\">Nedfellbart ryggst\u00f8tte<\/td>\n<td style=\"width: 55.409%;\">Ja<\/td>\n<\/tr>\n<tr>\n<td style=\"width: 44.4591%;\">Justerbart fotst\u00f8tte<\/td>\n<td style=\"width: 55.409%;\">Ja<\/td>\n<\/tr>\n<tr>\n<td style=\"width: 44.4591%;\">Framhjul<\/td>\n<td style=\"width: 55.409%;\">Svingbare med l\u00e5s<\/td>\n<\/tr>\n<tr>\n<td style=\"width: 44.4591%;\">Fotbrems<\/td>\n<td style=\"width: 55.409%;\">Ja<\/td>\n<\/tr>\n<tr>\n<td style=\"width: 44.4591%;\">Hjultype<\/td>\n<td style=\"width: 55.409%;\">Ekstra slitesterkt gummi<\/td>\n<\/tr>\n<tr>\n<td style=\"width: 44.4591%;\">Antall hjul<\/td>\n<td style=\"width: 55.409%;\">4<\/td>\n<\/tr>\n<tr>\n<td style=\"width: 44.4591%;\">Vendbar<\/td>\n<td style=\"width: 55.409%;\">Nei<\/td>\n<\/tr>\n<tr>\n<td style=\"width: 44.4591%;\">Joggingvogn<\/td>\n<td style=\"width: 55.409%;\">Nei<\/td>\n<\/tr>\n<tr>\n<td style=\"width: 44.4591%;\">Vekt<\/td>\n<td style=\"width: 55.409%;\">10,5 kg<\/td>\n<\/tr>\n<tr>\n<td style=\"width: 44.4591%;\">Maks vekt<\/td>\n<td style=\"width: 55.409%;\">35 kg<\/td>\n<\/tr>\n<tr>\n<td style=\"width: 44.4591%;\">Maks vekt sete<\/td>\n<td style=\"width: 55.409%;\">15 kg<\/td>\n<\/tr>\n<tr>\n<td style=\"width: 44.4591%;\">Maks vekt varukurv<\/td>\n<td style=\"width: 55.409%;\">5 kg<\/td>\n<\/tr>\n<\/tbody>\n<\/table>\n<p><\/p>\n<p>Designer: <a href=\"https:\/\/babylove.se\/varumarken\/baby-jogger\">Baby Jogger<\/a><\/p>\n","protected":false},"excerpt":{"rendered":"<p>Dette er den ultimate s\u00f8sken- og tvillingvognen fra popul\u00e6re Baby Jogger \u00e5 ta med p\u00e5 reisen! Fungerer ogs\u00e5 utmerket for deg som \u00f8nsker en liten og lett s\u00f8skenvogn av h\u00f8y kvalitet! Barna vil sitte komfortabelt takket v\u00e6re det innebygde fotst\u00f8ttet og at ryggst\u00f8ttet enkelt kan justeres fra sitt-&nbsp;fullt liggstilling. Framhjulene kan l\u00e5ses ved t\u00f8ffere terreng. [&hellip;]<\/p>\n","protected":false},"featured_media":33571,"comment_status":"closed","ping_status":"open","template":"","meta":{"_acf_changed":false},"product_brand":[1147],"product_cat":[1149,1148],"product_tag":[1689],"class_list":{"0":"post-33569","1":"product","2":"type-product","3":"status-publish","4":"has-post-thumbnail","6":"product_brand-baby-jogger","7":"product_cat-baby-jogger","8":"product_cat-barnevogner","9":"product_tag-bestillingsvaror","11":"first","12":"outofstock","13":"taxable","14":"shipping-taxable","15":"purchasable","16":"product-type-simple"},"acf":[],"yoast_head":"<!-- This site is optimized with the Yoast SEO Premium plugin v25.8 (Yoast SEO v27.2) - https:\/\/yoast.com\/product\/yoast-seo-premium-wordpress\/ -->\n<title>Baby Jogger, S\u00f8skenvogn City Tour 2 - Jet - Babylove Norska<\/title>\n<meta name=\"robots\" content=\"noindex, follow, max-snippet:-1, max-image-preview:large, max-video-preview:-1\" \/>\n<meta property=\"og:locale\" content=\"nb_NO\" \/>\n<meta property=\"og:type\" content=\"article\" \/>\n<meta property=\"og:title\" content=\"Baby Jogger, S\u00f8skenvogn City Tour 2 - Jet\" \/>\n<meta property=\"og:description\" content=\"Dette er den ultimate s\u00f8sken- og tvillingvognen fra popul\u00e6re Baby Jogger \u00e5 ta med p\u00e5 reisen! Fungerer ogs\u00e5 utmerket for deg som \u00f8nsker en liten og lett s\u00f8skenvogn av h\u00f8y kvalitet! Barna vil sitte komfortabelt takket v\u00e6re det innebygde fotst\u00f8ttet og at ryggst\u00f8ttet enkelt kan justeres fra sitt-&nbsp;fullt liggstilling. Framhjulene kan l\u00e5ses ved t\u00f8ffere terreng. [&hellip;]\" \/>\n<meta property=\"og:url\" content=\"https:\/\/babylove.se\/no\/produkt\/baby-jogger-soskenbarnevogn-city-tour-2-jet\/\" \/>\n<meta property=\"og:site_name\" content=\"Babylove Norska\" \/>\n<meta property=\"article:modified_time\" content=\"2026-04-08T11:07:48+00:00\" \/>\n<meta property=\"og:image\" content=\"https:\/\/babylove.se\/no\/wp-content\/uploads\/sites\/3\/2025\/07\/622a07a3c6e87.jpeg\" \/>\n\t<meta property=\"og:image:width\" content=\"500\" \/>\n\t<meta property=\"og:image:height\" content=\"500\" \/>\n\t<meta property=\"og:image:type\" content=\"image\/jpeg\" \/>\n<meta name=\"twitter:card\" content=\"summary_large_image\" \/>\n<meta name=\"twitter:label1\" content=\"Price\" \/>\n\t<meta name=\"twitter:data1\" content=\"4 999,00&nbsp;&#107;&#114;\" \/>\n\t<meta name=\"twitter:label2\" content=\"Availability\" \/>\n\t<meta name=\"twitter:data2\" content=\"Out of stock\" \/>\n<script type=\"application\/ld+json\" class=\"yoast-schema-graph\">{\"@context\":\"https:\/\/schema.org\",\"@graph\":[{\"@type\":\"WebPage\",\"@id\":\"https:\/\/babylove.se\/no\/produkt\/baby-jogger-soskenbarnevogn-city-tour-2-jet\/\",\"url\":\"https:\/\/babylove.se\/no\/produkt\/baby-jogger-soskenbarnevogn-city-tour-2-jet\/\",\"name\":\"Baby Jogger, S\u00f8skenvogn City Tour 2 - Jet - Babylove Norska\",\"isPartOf\":{\"@id\":\"https:\/\/babylove.se\/no\/#website\"},\"primaryImageOfPage\":{\"@id\":\"https:\/\/babylove.se\/no\/produkt\/baby-jogger-soskenbarnevogn-city-tour-2-jet\/#primaryimage\"},\"image\":{\"@id\":\"https:\/\/babylove.se\/no\/produkt\/baby-jogger-soskenbarnevogn-city-tour-2-jet\/#primaryimage\"},\"thumbnailUrl\":\"https:\/\/babylove.se\/no\/wp-content\/uploads\/sites\/3\/2025\/07\/622a07a3c6e87.jpeg\",\"datePublished\":\"2025-07-18T23:46:42+00:00\",\"dateModified\":\"2026-04-08T11:07:48+00:00\",\"breadcrumb\":{\"@id\":\"https:\/\/babylove.se\/no\/produkt\/baby-jogger-soskenbarnevogn-city-tour-2-jet\/#breadcrumb\"},\"inLanguage\":\"nb-NO\",\"potentialAction\":[{\"@type\":\"ReadAction\",\"target\":[\"https:\/\/babylove.se\/no\/produkt\/baby-jogger-soskenbarnevogn-city-tour-2-jet\/\"]}]},{\"@type\":\"ImageObject\",\"inLanguage\":\"nb-NO\",\"@id\":\"https:\/\/babylove.se\/no\/produkt\/baby-jogger-soskenbarnevogn-city-tour-2-jet\/#primaryimage\",\"url\":\"https:\/\/babylove.se\/no\/wp-content\/uploads\/sites\/3\/2025\/07\/622a07a3c6e87.jpeg\",\"contentUrl\":\"https:\/\/babylove.se\/no\/wp-content\/uploads\/sites\/3\/2025\/07\/622a07a3c6e87.jpeg\",\"width\":500,\"height\":500},{\"@type\":\"BreadcrumbList\",\"@id\":\"https:\/\/babylove.se\/no\/produkt\/baby-jogger-soskenbarnevogn-city-tour-2-jet\/#breadcrumb\",\"itemListElement\":[{\"@type\":\"ListItem\",\"position\":1,\"name\":\"Hem\",\"item\":\"https:\/\/babylove.se\/no\/\"},{\"@type\":\"ListItem\",\"position\":2,\"name\":\"Butik\",\"item\":\"https:\/\/babylove.se\/no\/butik\/\"},{\"@type\":\"ListItem\",\"position\":3,\"name\":\"Baby Jogger, S\u00f8skenvogn City Tour 2 &#8211; Jet\"}]},{\"@type\":\"WebSite\",\"@id\":\"https:\/\/babylove.se\/no\/#website\",\"url\":\"https:\/\/babylove.se\/no\/\",\"name\":\"Babylove Norska\",\"description\":\"\",\"potentialAction\":[{\"@type\":\"SearchAction\",\"target\":{\"@type\":\"EntryPoint\",\"urlTemplate\":\"https:\/\/babylove.se\/no\/?s={search_term_string}\"},\"query-input\":{\"@type\":\"PropertyValueSpecification\",\"valueRequired\":true,\"valueName\":\"search_term_string\"}}],\"inLanguage\":\"nb-NO\"}]}<\/script>\n<meta property=\"product:brand\" content=\"Baby Jogger\" \/>\n<meta property=\"product:price:amount\" content=\"4999.00\" \/>\n<meta property=\"product:price:currency\" content=\"SEK\" \/>\n<meta property=\"og:availability\" content=\"out of stock\" \/>\n<meta property=\"product:availability\" content=\"out of stock\" \/>\n<meta property=\"product:retailer_item_id\" content=\"BJ2088761\" \/>\n<meta property=\"product:condition\" content=\"new\" \/>\n<!-- \/ Yoast SEO Premium plugin. -->","yoast_head_json":{"title":"Baby Jogger, S\u00f8skenvogn City Tour 2 - Jet - Babylove Norska","robots":{"index":"noindex","follow":"follow","max-snippet":"max-snippet:-1","max-image-preview":"max-image-preview:large","max-video-preview":"max-video-preview:-1"},"og_locale":"nb_NO","og_type":"article","og_title":"Baby Jogger, S\u00f8skenvogn City Tour 2 - Jet","og_description":"Dette er den ultimate s\u00f8sken- og tvillingvognen fra popul\u00e6re Baby Jogger \u00e5 ta med p\u00e5 reisen! Fungerer ogs\u00e5 utmerket for deg som \u00f8nsker en liten og lett s\u00f8skenvogn av h\u00f8y kvalitet! Barna vil sitte komfortabelt takket v\u00e6re det innebygde fotst\u00f8ttet og at ryggst\u00f8ttet enkelt kan justeres fra sitt-&nbsp;fullt liggstilling. Framhjulene kan l\u00e5ses ved t\u00f8ffere terreng. [&hellip;]","og_url":"https:\/\/babylove.se\/no\/produkt\/baby-jogger-soskenbarnevogn-city-tour-2-jet\/","og_site_name":"Babylove Norska","article_modified_time":"2026-04-08T11:07:48+00:00","og_image":[{"width":500,"height":500,"url":"https:\/\/babylove.se\/no\/wp-content\/uploads\/sites\/3\/2025\/07\/622a07a3c6e87.jpeg","type":"image\/jpeg"}],"twitter_card":"summary_large_image","twitter_misc":{"Price":"4 999,00&nbsp;&#107;&#114;","Availability":"Out of stock"},"schema":{"@context":"https:\/\/schema.org","@graph":[{"@type":"WebPage","@id":"https:\/\/babylove.se\/no\/produkt\/baby-jogger-soskenbarnevogn-city-tour-2-jet\/","url":"https:\/\/babylove.se\/no\/produkt\/baby-jogger-soskenbarnevogn-city-tour-2-jet\/","name":"Baby Jogger, S\u00f8skenvogn City Tour 2 - Jet - Babylove Norska","isPartOf":{"@id":"https:\/\/babylove.se\/no\/#website"},"primaryImageOfPage":{"@id":"https:\/\/babylove.se\/no\/produkt\/baby-jogger-soskenbarnevogn-city-tour-2-jet\/#primaryimage"},"image":{"@id":"https:\/\/babylove.se\/no\/produkt\/baby-jogger-soskenbarnevogn-city-tour-2-jet\/#primaryimage"},"thumbnailUrl":"https:\/\/babylove.se\/no\/wp-content\/uploads\/sites\/3\/2025\/07\/622a07a3c6e87.jpeg","datePublished":"2025-07-18T23:46:42+00:00","dateModified":"2026-04-08T11:07:48+00:00","breadcrumb":{"@id":"https:\/\/babylove.se\/no\/produkt\/baby-jogger-soskenbarnevogn-city-tour-2-jet\/#breadcrumb"},"inLanguage":"nb-NO","potentialAction":[{"@type":"ReadAction","target":["https:\/\/babylove.se\/no\/produkt\/baby-jogger-soskenbarnevogn-city-tour-2-jet\/"]}]},{"@type":"ImageObject","inLanguage":"nb-NO","@id":"https:\/\/babylove.se\/no\/produkt\/baby-jogger-soskenbarnevogn-city-tour-2-jet\/#primaryimage","url":"https:\/\/babylove.se\/no\/wp-content\/uploads\/sites\/3\/2025\/07\/622a07a3c6e87.jpeg","contentUrl":"https:\/\/babylove.se\/no\/wp-content\/uploads\/sites\/3\/2025\/07\/622a07a3c6e87.jpeg","width":500,"height":500},{"@type":"BreadcrumbList","@id":"https:\/\/babylove.se\/no\/produkt\/baby-jogger-soskenbarnevogn-city-tour-2-jet\/#breadcrumb","itemListElement":[{"@type":"ListItem","position":1,"name":"Hem","item":"https:\/\/babylove.se\/no\/"},{"@type":"ListItem","position":2,"name":"Butik","item":"https:\/\/babylove.se\/no\/butik\/"},{"@type":"ListItem","position":3,"name":"Baby Jogger, S\u00f8skenvogn City Tour 2 &#8211; Jet"}]},{"@type":"WebSite","@id":"https:\/\/babylove.se\/no\/#website","url":"https:\/\/babylove.se\/no\/","name":"Babylove Norska","description":"","potentialAction":[{"@type":"SearchAction","target":{"@type":"EntryPoint","urlTemplate":"https:\/\/babylove.se\/no\/?s={search_term_string}"},"query-input":{"@type":"PropertyValueSpecification","valueRequired":true,"valueName":"search_term_string"}}],"inLanguage":"nb-NO"}]},"product_brand":"Baby Jogger","product_price_amount":"4999.00","product_price_currency":"SEK","og_availability":"out of stock","product_availability":"out of stock","product_retailer_item_id":"BJ2088761","product_condition":"new"},"_links":{"self":[{"href":"https:\/\/babylove.se\/no\/wp-json\/wp\/v2\/product\/33569","targetHints":{"allow":["GET"]}}],"collection":[{"href":"https:\/\/babylove.se\/no\/wp-json\/wp\/v2\/product"}],"about":[{"href":"https:\/\/babylove.se\/no\/wp-json\/wp\/v2\/types\/product"}],"replies":[{"embeddable":true,"href":"https:\/\/babylove.se\/no\/wp-json\/wp\/v2\/comments?post=33569"}],"wp:featuredmedia":[{"embeddable":true,"href":"https:\/\/babylove.se\/no\/wp-json\/wp\/v2\/media\/33571"}],"wp:attachment":[{"href":"https:\/\/babylove.se\/no\/wp-json\/wp\/v2\/media?parent=33569"}],"wp:term":[{"taxonomy":"product_brand","embeddable":true,"href":"https:\/\/babylove.se\/no\/wp-json\/wp\/v2\/product_brand?post=33569"},{"taxonomy":"product_cat","embeddable":true,"href":"https:\/\/babylove.se\/no\/wp-json\/wp\/v2\/product_cat?post=33569"},{"taxonomy":"product_tag","embeddable":true,"href":"https:\/\/babylove.se\/no\/wp-json\/wp\/v2\/product_tag?post=33569"}],"curies":[{"name":"wp","href":"https:\/\/api.w.org\/{rel}","templated":true}]}}