{"id":3361,"date":"2025-07-18T20:14:52","date_gmt":"2025-07-18T19:14:52","guid":{"rendered":"https:\/\/babylove.se\/produkt\/rutschkana-gron-jupiduu\/"},"modified":"2026-04-08T07:59:37","modified_gmt":"2026-04-08T06:59:37","slug":"rutsjebane-gronn-jupiduu","status":"publish","type":"product","link":"https:\/\/babylove.se\/no\/produkt\/rutsjebane-gronn-jupiduu\/","title":{"rendered":"Gr\u00f8nn rutsjebane, Jupiduu"},"content":{"rendered":"<p>Denne fantastiske sklien fra tyske Jupiduu, er helt utformet med barnet i tankene.<\/p>\n<p>Enkel b\u00e5de \u00e5 klatre opp p\u00e5 og morsom \u00e5 kj\u00f8re p\u00e5. Dermed ogs\u00e5 trygg mens barnet utvikler og trener motorikken sin.<\/p>\n<p>Sklien er ikke bare utformet for barnets beste, men ogs\u00e5 designet slik at den enkelt passer inn i \u00f8vrig barneroms innredning eller hvorfor ikke i stuen? Utformingen er moderne og du kan velge mellom flere fine farger slik at den passer inn i \u00f8vrig innredning.<\/p>\n<p>Sklien kan med fordel brukes utend\u00f8rs, forutsatt at v\u00e6ret tillater det selvf\u00f8lgelig.<\/p>\n<p>Den er tilpasset f\u00f8rst og fremst for barn i alderen 1,5 til 4 \u00e5r og har barnetilpassede trappetrinn, alt for ditt barns sikkerhet. De h\u00f8ye sidekantene gir barnet god st\u00f8tte n\u00e5r de kj\u00f8rer p\u00e5 sklien. Monteringen gj\u00f8r du selv enkelt med noen f\u00e5 trinn, anvisning og verkt\u00f8y f\u00f8lger med.<\/p>\n<p><strong>M\u00e5l<\/strong>: 145 cm lang x 43 cm bred x 68 cm h\u00f8y.<\/p>\n<p>Advarsel: La ikke barnet ditt v\u00e6re uten tilsyn p\u00e5 sklien, men hold dem alltid under oppsyn.<\/p>\n<p>Designer: <a href=\"https:\/\/babylove.se\/varumarken\/jupiduu\">Jupiduu<\/a><\/p>\n<p><a href=\"https:\/\/babylove.se\/leksaker\/rutschkanor\"><strong>Se hele v\u00e5rt sortiment av sklier her!<\/strong><\/a><\/p>\n","protected":false},"excerpt":{"rendered":"<p>Denne fantastiske sklien fra tyske Jupiduu, er helt utformet med barnet i tankene. Enkel b\u00e5de \u00e5 klatre opp p\u00e5 og morsom \u00e5 kj\u00f8re p\u00e5. Dermed ogs\u00e5 trygg mens barnet utvikler og trener motorikken sin. Sklien er ikke bare utformet for barnets beste, men ogs\u00e5 designet slik at den enkelt passer inn i \u00f8vrig barneroms innredning [&hellip;]<\/p>\n","protected":false},"featured_media":3363,"comment_status":"closed","ping_status":"open","template":"","meta":{"_acf_changed":false},"product_brand":[201],"product_cat":[202,68,204,203],"product_tag":[1689],"class_list":{"0":"post-3361","1":"product","2":"type-product","3":"status-publish","4":"has-post-thumbnail","6":"product_brand-jupiduu","7":"product_cat-jupiduu","8":"product_cat-leker","9":"product_cat-motoriske-barnmobler","10":"product_cat-rutsjebaner","11":"product_tag-bestillingsvaror","13":"first","14":"instock","15":"taxable","16":"shipping-taxable","17":"purchasable","18":"product-type-simple"},"acf":[],"yoast_head":"<!-- This site is optimized with the Yoast SEO Premium plugin v25.8 (Yoast SEO v27.2) - https:\/\/yoast.com\/product\/yoast-seo-premium-wordpress\/ -->\n<title>Gr\u00f6n rutschkana Jupiduu | Fri Frakt<\/title>\n<meta name=\"description\" content=\"Denna fantastiska och prisv\u00e4rda gr\u00f6na Rutschkanan fr\u00e5n Misioo, \u00e4r helt utformad med barnet i \u00e5tanke ? Fri Frakt ? Snabba leveranser ? H\u00f6g kvalitet!\" \/>\n<meta name=\"robots\" content=\"noindex, follow, max-snippet:-1, max-image-preview:large, max-video-preview:-1\" \/>\n<meta property=\"og:locale\" content=\"nb_NO\" \/>\n<meta property=\"og:type\" content=\"article\" \/>\n<meta property=\"og:title\" content=\"Gr\u00f8nn rutsjebane, Jupiduu\" \/>\n<meta property=\"og:description\" content=\"Denna fantastiska och prisv\u00e4rda gr\u00f6na Rutschkanan fr\u00e5n Misioo, \u00e4r helt utformad med barnet i \u00e5tanke ? Fri Frakt ? Snabba leveranser ? H\u00f6g kvalitet!\" \/>\n<meta property=\"og:url\" content=\"https:\/\/babylove.se\/no\/produkt\/rutsjebane-gronn-jupiduu\/\" \/>\n<meta property=\"og:site_name\" content=\"Babylove Norska\" \/>\n<meta property=\"article:modified_time\" content=\"2026-04-08T06:59:37+00:00\" \/>\n<meta property=\"og:image\" content=\"https:\/\/babylove.se\/no\/wp-content\/uploads\/sites\/3\/2025\/07\/636cb433e63af.jpeg\" \/>\n\t<meta property=\"og:image:width\" content=\"1383\" \/>\n\t<meta property=\"og:image:height\" content=\"994\" \/>\n\t<meta property=\"og:image:type\" content=\"image\/jpeg\" \/>\n<meta name=\"twitter:card\" content=\"summary_large_image\" \/>\n<meta name=\"twitter:label1\" content=\"Price\" \/>\n\t<meta name=\"twitter:data1\" content=\"3 199,00&nbsp;&#107;&#114;\" \/>\n\t<meta name=\"twitter:label2\" content=\"Availability\" \/>\n\t<meta name=\"twitter:data2\" content=\"In stock\" \/>\n<script type=\"application\/ld+json\" class=\"yoast-schema-graph\">{\"@context\":\"https:\/\/schema.org\",\"@graph\":[{\"@type\":\"WebPage\",\"@id\":\"https:\/\/babylove.se\/no\/produkt\/rutsjebane-gronn-jupiduu\/\",\"url\":\"https:\/\/babylove.se\/no\/produkt\/rutsjebane-gronn-jupiduu\/\",\"name\":\"Gr\u00f6n rutschkana Jupiduu | Fri Frakt\",\"isPartOf\":{\"@id\":\"https:\/\/babylove.se\/no\/#website\"},\"primaryImageOfPage\":{\"@id\":\"https:\/\/babylove.se\/no\/produkt\/rutsjebane-gronn-jupiduu\/#primaryimage\"},\"image\":{\"@id\":\"https:\/\/babylove.se\/no\/produkt\/rutsjebane-gronn-jupiduu\/#primaryimage\"},\"thumbnailUrl\":\"https:\/\/babylove.se\/no\/wp-content\/uploads\/sites\/3\/2025\/07\/636cb433e63af.jpeg\",\"datePublished\":\"2025-07-18T19:14:52+00:00\",\"dateModified\":\"2026-04-08T06:59:37+00:00\",\"description\":\"Denna fantastiska och prisv\u00e4rda gr\u00f6na Rutschkanan fr\u00e5n Misioo, \u00e4r helt utformad med barnet i \u00e5tanke ? Fri Frakt ? Snabba leveranser ? H\u00f6g kvalitet!\",\"breadcrumb\":{\"@id\":\"https:\/\/babylove.se\/no\/produkt\/rutsjebane-gronn-jupiduu\/#breadcrumb\"},\"inLanguage\":\"nb-NO\",\"potentialAction\":[{\"@type\":\"ReadAction\",\"target\":[\"https:\/\/babylove.se\/no\/produkt\/rutsjebane-gronn-jupiduu\/\"]}]},{\"@type\":\"ImageObject\",\"inLanguage\":\"nb-NO\",\"@id\":\"https:\/\/babylove.se\/no\/produkt\/rutsjebane-gronn-jupiduu\/#primaryimage\",\"url\":\"https:\/\/babylove.se\/no\/wp-content\/uploads\/sites\/3\/2025\/07\/636cb433e63af.jpeg\",\"contentUrl\":\"https:\/\/babylove.se\/no\/wp-content\/uploads\/sites\/3\/2025\/07\/636cb433e63af.jpeg\",\"width\":1383,\"height\":994},{\"@type\":\"BreadcrumbList\",\"@id\":\"https:\/\/babylove.se\/no\/produkt\/rutsjebane-gronn-jupiduu\/#breadcrumb\",\"itemListElement\":[{\"@type\":\"ListItem\",\"position\":1,\"name\":\"Hem\",\"item\":\"https:\/\/babylove.se\/no\/\"},{\"@type\":\"ListItem\",\"position\":2,\"name\":\"Butik\",\"item\":\"https:\/\/babylove.se\/no\/butik\/\"},{\"@type\":\"ListItem\",\"position\":3,\"name\":\"Gr\u00f8nn rutsjebane, Jupiduu\"}]},{\"@type\":\"WebSite\",\"@id\":\"https:\/\/babylove.se\/no\/#website\",\"url\":\"https:\/\/babylove.se\/no\/\",\"name\":\"Babylove Norska\",\"description\":\"\",\"potentialAction\":[{\"@type\":\"SearchAction\",\"target\":{\"@type\":\"EntryPoint\",\"urlTemplate\":\"https:\/\/babylove.se\/no\/?s={search_term_string}\"},\"query-input\":{\"@type\":\"PropertyValueSpecification\",\"valueRequired\":true,\"valueName\":\"search_term_string\"}}],\"inLanguage\":\"nb-NO\"}]}<\/script>\n<meta property=\"product:brand\" content=\"Jupiduu\" \/>\n<meta property=\"product:price:amount\" content=\"3199.00\" \/>\n<meta property=\"product:price:currency\" content=\"SEK\" \/>\n<meta property=\"og:availability\" content=\"instock\" \/>\n<meta property=\"product:availability\" content=\"instock\" \/>\n<meta property=\"product:retailer_item_id\" content=\"0634543685563\" \/>\n<meta property=\"product:condition\" content=\"new\" \/>\n<!-- \/ Yoast SEO Premium plugin. -->","yoast_head_json":{"title":"Gr\u00f6n rutschkana Jupiduu | Fri Frakt","description":"Denna fantastiska och prisv\u00e4rda gr\u00f6na Rutschkanan fr\u00e5n Misioo, \u00e4r helt utformad med barnet i \u00e5tanke ? Fri Frakt ? Snabba leveranser ? H\u00f6g kvalitet!","robots":{"index":"noindex","follow":"follow","max-snippet":"max-snippet:-1","max-image-preview":"max-image-preview:large","max-video-preview":"max-video-preview:-1"},"og_locale":"nb_NO","og_type":"article","og_title":"Gr\u00f8nn rutsjebane, Jupiduu","og_description":"Denna fantastiska och prisv\u00e4rda gr\u00f6na Rutschkanan fr\u00e5n Misioo, \u00e4r helt utformad med barnet i \u00e5tanke ? Fri Frakt ? Snabba leveranser ? H\u00f6g kvalitet!","og_url":"https:\/\/babylove.se\/no\/produkt\/rutsjebane-gronn-jupiduu\/","og_site_name":"Babylove Norska","article_modified_time":"2026-04-08T06:59:37+00:00","og_image":[{"width":1383,"height":994,"url":"https:\/\/babylove.se\/no\/wp-content\/uploads\/sites\/3\/2025\/07\/636cb433e63af.jpeg","type":"image\/jpeg"}],"twitter_card":"summary_large_image","twitter_misc":{"Price":"3 199,00&nbsp;&#107;&#114;","Availability":"In stock"},"schema":{"@context":"https:\/\/schema.org","@graph":[{"@type":"WebPage","@id":"https:\/\/babylove.se\/no\/produkt\/rutsjebane-gronn-jupiduu\/","url":"https:\/\/babylove.se\/no\/produkt\/rutsjebane-gronn-jupiduu\/","name":"Gr\u00f6n rutschkana Jupiduu | Fri Frakt","isPartOf":{"@id":"https:\/\/babylove.se\/no\/#website"},"primaryImageOfPage":{"@id":"https:\/\/babylove.se\/no\/produkt\/rutsjebane-gronn-jupiduu\/#primaryimage"},"image":{"@id":"https:\/\/babylove.se\/no\/produkt\/rutsjebane-gronn-jupiduu\/#primaryimage"},"thumbnailUrl":"https:\/\/babylove.se\/no\/wp-content\/uploads\/sites\/3\/2025\/07\/636cb433e63af.jpeg","datePublished":"2025-07-18T19:14:52+00:00","dateModified":"2026-04-08T06:59:37+00:00","description":"Denna fantastiska och prisv\u00e4rda gr\u00f6na Rutschkanan fr\u00e5n Misioo, \u00e4r helt utformad med barnet i \u00e5tanke ? Fri Frakt ? Snabba leveranser ? H\u00f6g kvalitet!","breadcrumb":{"@id":"https:\/\/babylove.se\/no\/produkt\/rutsjebane-gronn-jupiduu\/#breadcrumb"},"inLanguage":"nb-NO","potentialAction":[{"@type":"ReadAction","target":["https:\/\/babylove.se\/no\/produkt\/rutsjebane-gronn-jupiduu\/"]}]},{"@type":"ImageObject","inLanguage":"nb-NO","@id":"https:\/\/babylove.se\/no\/produkt\/rutsjebane-gronn-jupiduu\/#primaryimage","url":"https:\/\/babylove.se\/no\/wp-content\/uploads\/sites\/3\/2025\/07\/636cb433e63af.jpeg","contentUrl":"https:\/\/babylove.se\/no\/wp-content\/uploads\/sites\/3\/2025\/07\/636cb433e63af.jpeg","width":1383,"height":994},{"@type":"BreadcrumbList","@id":"https:\/\/babylove.se\/no\/produkt\/rutsjebane-gronn-jupiduu\/#breadcrumb","itemListElement":[{"@type":"ListItem","position":1,"name":"Hem","item":"https:\/\/babylove.se\/no\/"},{"@type":"ListItem","position":2,"name":"Butik","item":"https:\/\/babylove.se\/no\/butik\/"},{"@type":"ListItem","position":3,"name":"Gr\u00f8nn rutsjebane, Jupiduu"}]},{"@type":"WebSite","@id":"https:\/\/babylove.se\/no\/#website","url":"https:\/\/babylove.se\/no\/","name":"Babylove Norska","description":"","potentialAction":[{"@type":"SearchAction","target":{"@type":"EntryPoint","urlTemplate":"https:\/\/babylove.se\/no\/?s={search_term_string}"},"query-input":{"@type":"PropertyValueSpecification","valueRequired":true,"valueName":"search_term_string"}}],"inLanguage":"nb-NO"}]},"product_brand":"Jupiduu","product_price_amount":"3199.00","product_price_currency":"SEK","og_availability":"instock","product_availability":"instock","product_retailer_item_id":"0634543685563","product_condition":"new"},"_links":{"self":[{"href":"https:\/\/babylove.se\/no\/wp-json\/wp\/v2\/product\/3361","targetHints":{"allow":["GET"]}}],"collection":[{"href":"https:\/\/babylove.se\/no\/wp-json\/wp\/v2\/product"}],"about":[{"href":"https:\/\/babylove.se\/no\/wp-json\/wp\/v2\/types\/product"}],"replies":[{"embeddable":true,"href":"https:\/\/babylove.se\/no\/wp-json\/wp\/v2\/comments?post=3361"}],"wp:featuredmedia":[{"embeddable":true,"href":"https:\/\/babylove.se\/no\/wp-json\/wp\/v2\/media\/3363"}],"wp:attachment":[{"href":"https:\/\/babylove.se\/no\/wp-json\/wp\/v2\/media?parent=3361"}],"wp:term":[{"taxonomy":"product_brand","embeddable":true,"href":"https:\/\/babylove.se\/no\/wp-json\/wp\/v2\/product_brand?post=3361"},{"taxonomy":"product_cat","embeddable":true,"href":"https:\/\/babylove.se\/no\/wp-json\/wp\/v2\/product_cat?post=3361"},{"taxonomy":"product_tag","embeddable":true,"href":"https:\/\/babylove.se\/no\/wp-json\/wp\/v2\/product_tag?post=3361"}],"curies":[{"name":"wp","href":"https:\/\/api.w.org\/{rel}","templated":true}]}}