{"id":33653,"date":"2025-07-19T00:47:25","date_gmt":"2025-07-18T23:47:25","guid":{"rendered":"https:\/\/babylove.se\/produkt\/barnsang-astrid-med-tak-och-skorsten\/"},"modified":"2026-04-08T12:08:21","modified_gmt":"2026-04-08T11:08:21","slug":"barnesang-astrid-med-tak-og-skorstein","status":"publish","type":"product","link":"https:\/\/babylove.se\/no\/produkt\/barnesang-astrid-med-tak-og-skorstein\/","title":{"rendered":"Barneseng Astrid med tak og skorstein"},"content":{"rendered":"<p>Dette er barnesengen Astrid som er laget i en klassisk stil som vi vet er sv\u00e6rt popul\u00e6r i mange barnerom. Vi er stolte over \u00e5 kunne tilby denne fine barnesengen med tak og skorstein. <\/p>\n<p>Vi lover at sengen kommer til \u00e5 bli ditt barns favoritt, og ikke bare for \u00e5 sove i da den med enkle midler kan bli et riktig godt kosekrok. Mange dekorerer med sengehimler, vimpler eller lysslynger, bare din kreativitet setter stopp. <\/p>\n<p>Madrass er ikke inkludert, men ta gjerne en titt p\u00e5 v\u00e5rt store madrassutvalg. Vi anbefaler en skummadrass med tykkelse p\u00e5 ca 10-12 cm. <\/p>\n<p>Vi har et stort utvalg av ulike typer madrasser som passer denne hussengen, n\u00f8l ikke med \u00e5 sp\u00f8rre oss hvis du er usikker. <\/p>\n<p><strong>Detaljer:<\/strong> <\/p>\n<ul>\n<li>Sengens totale h\u00f8yde avhenger av lengden p\u00e5 den valgte sengen (se nedenfor detaljer)<\/li>\n<li>Beinenes standardh\u00f8yde er 10 cm (gj\u00f8r sengen flat uten ben, eller med ekstra h\u00f8ye ben som er 19 cm )<\/li>\n<li>Sengens ben er laget av 45\/65 mm element<\/li>\n<li>Sengerammen er laget av 90\/20 mm element<\/li>\n<li>Den totale dimensjonen av sengen skal legges til 9 cm i lengde og bredde. Hvis du velger en viss st\u00f8rrelse fra siden betyr madrassens st\u00f8rrelse.<\/li>\n<li>Den totale h\u00f8yden av barrierene fra sengerammen er ca 30 cm. Gapet mellom sporene i rekkverkene er ca 5 cm.<\/li>\n<li>Maksvekt. 100kg<\/li>\n<\/ul>\n<p><strong>Tilvalg:<\/strong> <\/p>\n<ul>\n<li>Uten ben ( 1 cm for ventilasjon)<\/li>\n<li>Ekstra beinh\u00f8yde &#8211; 19 cm (standard er 10 cm)<\/li>\n<li>Farge: velg mellom natur (ubehandlet), lakkert, hvit og gr\u00e5<\/li>\n<\/ul>\n<p><strong>H\u00f8yde : <\/strong>Sengens totale h\u00f8yde avhenger av lengden p\u00e5 den valgte sengen (se nedenfor detaljer) <\/p>\n<ul>\n<li>Lengde 120 cm. Totalh\u00f8yde 140 cm<\/li>\n<li>Lengde 140 cm. Totalh\u00f8yde 145 cm<\/li>\n<li>Lengde 160 cm. Totalh\u00f8yde 150 cm<\/li>\n<li>Lengde 180 cm. Totalh\u00f8yde 155 cm<\/li>\n<li>Lengde 190 cm. Totalh\u00f8yde 160 cm<\/li>\n<li>Lengde 200 cm. Totalh\u00f8yde 165 cm<\/li>\n<\/ul>\n<p><strong>Materiale<\/strong>: <\/p>\n<p>Samtlige senger bygges for h\u00e5nd av limtre av h\u00f8yeste klasse. Limtre har fordelen sammenlignet med massivt tre, at de ikke sprekker og at det ikke finnes noen kvister som p\u00e5virker utseendet. Samtlige deler er n\u00f8ye slipt for h\u00e5nd, og kantene er avrundet, alt for beste f\u00f8lelse og deres sikkerhet. <\/p>\n<p>&nbsp; <\/p>\n<p><em>OBS! Dette er en seng tilvirket og tilpasset for barn. <em>Sengen leveres umontert og b\u00f8r settes sammen i rommet den skal brukes i.<\/em><\/em><\/p>\n","protected":false},"excerpt":{"rendered":"<p>Dette er barnesengen Astrid som er laget i en klassisk stil som vi vet er sv\u00e6rt popul\u00e6r i mange barnerom. Vi er stolte over \u00e5 kunne tilby denne fine barnesengen med tak og skorstein. Vi lover at sengen kommer til \u00e5 bli ditt barns favoritt, og ikke bare for \u00e5 sove i da den med [&hellip;]<\/p>\n","protected":false},"featured_media":33655,"comment_status":"open","ping_status":"closed","template":"","meta":{"_acf_changed":false},"product_brand":[600],"product_cat":[602,217,269,601,40],"product_tag":[1689],"class_list":{"0":"post-33653","1":"product","2":"type-product","3":"status-publish","4":"has-post-thumbnail","6":"product_brand-luletto","7":"product_cat-babylove-lul","8":"product_cat-sengesanger","9":"product_cat-juniorsenger","10":"product_cat-baby","11":"product_cat-soverom-barn","12":"product_tag-bestillingsvaror","13":"pa_farg-gra","14":"pa_farg-vit","15":"pa_farg-lackad","16":"pa_farg-naturfargad","17":"pa_matt-100x190-b109cm-l199cm","18":"pa_matt-100x200-b109cm-l209cm","19":"pa_matt-60x120-b69cm-l129cm","20":"pa_matt-70x140-b79cm-l149cm","21":"pa_matt-70x160-b79cm-l169cm","22":"pa_matt-80x140-b89cm-l149cm","23":"pa_matt-80x160-b89cm-l169cm","24":"pa_matt-80x180-b89cm-l189cm","25":"pa_matt-80x190-b89cm-l199cm","26":"pa_matt-90x160-b99cm-l169-cm","27":"pa_matt-90x180-b99cm-l189cm","28":"pa_matt-90x190-b99cm-l199cm","29":"pa_matt-90x200-b99cm-l209cm","31":"first","32":"instock","33":"taxable","34":"shipping-taxable","35":"purchasable","36":"product-type-variable"},"acf":[],"yoast_head":"<!-- This site is optimized with the Yoast SEO Premium plugin v25.8 (Yoast SEO v27.2) - https:\/\/yoast.com\/product\/yoast-seo-premium-wordpress\/ -->\n<title>Barneseng Astrid med tak og skorstein - Babylove Norska<\/title>\n<meta name=\"robots\" content=\"noindex, follow, max-snippet:-1, max-image-preview:large, max-video-preview:-1\" \/>\n<meta property=\"og:locale\" content=\"nb_NO\" \/>\n<meta property=\"og:type\" content=\"article\" \/>\n<meta property=\"og:title\" content=\"Barneseng Astrid med tak og skorstein\" \/>\n<meta property=\"og:description\" content=\"Dette er barnesengen Astrid som er laget i en klassisk stil som vi vet er sv\u00e6rt popul\u00e6r i mange barnerom. Vi er stolte over \u00e5 kunne tilby denne fine barnesengen med tak og skorstein. Vi lover at sengen kommer til \u00e5 bli ditt barns favoritt, og ikke bare for \u00e5 sove i da den med [&hellip;]\" \/>\n<meta property=\"og:url\" content=\"https:\/\/babylove.se\/no\/produkt\/barnesang-astrid-med-tak-og-skorstein\/\" \/>\n<meta property=\"og:site_name\" content=\"Babylove Norska\" \/>\n<meta property=\"article:modified_time\" content=\"2026-04-08T11:08:21+00:00\" \/>\n<meta property=\"og:image\" content=\"https:\/\/babylove.se\/no\/wp-content\/uploads\/sites\/3\/2025\/07\/6231f497cb20b.jpeg\" \/>\n\t<meta property=\"og:image:width\" content=\"800\" \/>\n\t<meta property=\"og:image:height\" content=\"800\" \/>\n\t<meta property=\"og:image:type\" content=\"image\/jpeg\" \/>\n<meta name=\"twitter:card\" content=\"summary_large_image\" \/>\n<meta name=\"twitter:label1\" content=\"Availability\" \/>\n\t<meta name=\"twitter:data1\" content=\"In stock\" \/>\n<script type=\"application\/ld+json\" class=\"yoast-schema-graph\">{\"@context\":\"https:\/\/schema.org\",\"@graph\":[{\"@type\":\"WebPage\",\"@id\":\"https:\/\/babylove.se\/no\/produkt\/barnesang-astrid-med-tak-og-skorstein\/\",\"url\":\"https:\/\/babylove.se\/no\/produkt\/barnesang-astrid-med-tak-og-skorstein\/\",\"name\":\"Barneseng Astrid med tak og skorstein - Babylove Norska\",\"isPartOf\":{\"@id\":\"https:\/\/babylove.se\/no\/#website\"},\"primaryImageOfPage\":{\"@id\":\"https:\/\/babylove.se\/no\/produkt\/barnesang-astrid-med-tak-og-skorstein\/#primaryimage\"},\"image\":{\"@id\":\"https:\/\/babylove.se\/no\/produkt\/barnesang-astrid-med-tak-og-skorstein\/#primaryimage\"},\"thumbnailUrl\":\"https:\/\/babylove.se\/no\/wp-content\/uploads\/sites\/3\/2025\/07\/6231f497cb20b.jpeg\",\"datePublished\":\"2025-07-18T23:47:25+00:00\",\"dateModified\":\"2026-04-08T11:08:21+00:00\",\"breadcrumb\":{\"@id\":\"https:\/\/babylove.se\/no\/produkt\/barnesang-astrid-med-tak-og-skorstein\/#breadcrumb\"},\"inLanguage\":\"nb-NO\",\"potentialAction\":[{\"@type\":\"ReadAction\",\"target\":[\"https:\/\/babylove.se\/no\/produkt\/barnesang-astrid-med-tak-og-skorstein\/\"]}]},{\"@type\":\"ImageObject\",\"inLanguage\":\"nb-NO\",\"@id\":\"https:\/\/babylove.se\/no\/produkt\/barnesang-astrid-med-tak-og-skorstein\/#primaryimage\",\"url\":\"https:\/\/babylove.se\/no\/wp-content\/uploads\/sites\/3\/2025\/07\/6231f497cb20b.jpeg\",\"contentUrl\":\"https:\/\/babylove.se\/no\/wp-content\/uploads\/sites\/3\/2025\/07\/6231f497cb20b.jpeg\",\"width\":800,\"height\":800},{\"@type\":\"BreadcrumbList\",\"@id\":\"https:\/\/babylove.se\/no\/produkt\/barnesang-astrid-med-tak-og-skorstein\/#breadcrumb\",\"itemListElement\":[{\"@type\":\"ListItem\",\"position\":1,\"name\":\"Hem\",\"item\":\"https:\/\/babylove.se\/no\/\"},{\"@type\":\"ListItem\",\"position\":2,\"name\":\"Butik\",\"item\":\"https:\/\/babylove.se\/no\/butik\/\"},{\"@type\":\"ListItem\",\"position\":3,\"name\":\"Barneseng Astrid med tak og skorstein\"}]},{\"@type\":\"WebSite\",\"@id\":\"https:\/\/babylove.se\/no\/#website\",\"url\":\"https:\/\/babylove.se\/no\/\",\"name\":\"Babylove Norska\",\"description\":\"\",\"potentialAction\":[{\"@type\":\"SearchAction\",\"target\":{\"@type\":\"EntryPoint\",\"urlTemplate\":\"https:\/\/babylove.se\/no\/?s={search_term_string}\"},\"query-input\":{\"@type\":\"PropertyValueSpecification\",\"valueRequired\":true,\"valueName\":\"search_term_string\"}}],\"inLanguage\":\"nb-NO\"}]}<\/script>\n<meta property=\"product:brand\" content=\"Luletto\" \/>\n<meta property=\"og:availability\" content=\"instock\" \/>\n<meta property=\"product:availability\" content=\"instock\" \/>\n<meta property=\"product:retailer_item_id\" content=\"Astrid-naturf\u00e4rgad-60x120-B69-L129\" \/>\n<meta property=\"product:condition\" content=\"new\" \/>\n<!-- \/ Yoast SEO Premium plugin. -->","yoast_head_json":{"title":"Barneseng Astrid med tak og skorstein - Babylove Norska","robots":{"index":"noindex","follow":"follow","max-snippet":"max-snippet:-1","max-image-preview":"max-image-preview:large","max-video-preview":"max-video-preview:-1"},"og_locale":"nb_NO","og_type":"article","og_title":"Barneseng Astrid med tak og skorstein","og_description":"Dette er barnesengen Astrid som er laget i en klassisk stil som vi vet er sv\u00e6rt popul\u00e6r i mange barnerom. Vi er stolte over \u00e5 kunne tilby denne fine barnesengen med tak og skorstein. Vi lover at sengen kommer til \u00e5 bli ditt barns favoritt, og ikke bare for \u00e5 sove i da den med [&hellip;]","og_url":"https:\/\/babylove.se\/no\/produkt\/barnesang-astrid-med-tak-og-skorstein\/","og_site_name":"Babylove Norska","article_modified_time":"2026-04-08T11:08:21+00:00","og_image":[{"width":800,"height":800,"url":"https:\/\/babylove.se\/no\/wp-content\/uploads\/sites\/3\/2025\/07\/6231f497cb20b.jpeg","type":"image\/jpeg"}],"twitter_card":"summary_large_image","twitter_misc":{"Availability":"In stock"},"schema":{"@context":"https:\/\/schema.org","@graph":[{"@type":"WebPage","@id":"https:\/\/babylove.se\/no\/produkt\/barnesang-astrid-med-tak-og-skorstein\/","url":"https:\/\/babylove.se\/no\/produkt\/barnesang-astrid-med-tak-og-skorstein\/","name":"Barneseng Astrid med tak og skorstein - Babylove Norska","isPartOf":{"@id":"https:\/\/babylove.se\/no\/#website"},"primaryImageOfPage":{"@id":"https:\/\/babylove.se\/no\/produkt\/barnesang-astrid-med-tak-og-skorstein\/#primaryimage"},"image":{"@id":"https:\/\/babylove.se\/no\/produkt\/barnesang-astrid-med-tak-og-skorstein\/#primaryimage"},"thumbnailUrl":"https:\/\/babylove.se\/no\/wp-content\/uploads\/sites\/3\/2025\/07\/6231f497cb20b.jpeg","datePublished":"2025-07-18T23:47:25+00:00","dateModified":"2026-04-08T11:08:21+00:00","breadcrumb":{"@id":"https:\/\/babylove.se\/no\/produkt\/barnesang-astrid-med-tak-og-skorstein\/#breadcrumb"},"inLanguage":"nb-NO","potentialAction":[{"@type":"ReadAction","target":["https:\/\/babylove.se\/no\/produkt\/barnesang-astrid-med-tak-og-skorstein\/"]}]},{"@type":"ImageObject","inLanguage":"nb-NO","@id":"https:\/\/babylove.se\/no\/produkt\/barnesang-astrid-med-tak-og-skorstein\/#primaryimage","url":"https:\/\/babylove.se\/no\/wp-content\/uploads\/sites\/3\/2025\/07\/6231f497cb20b.jpeg","contentUrl":"https:\/\/babylove.se\/no\/wp-content\/uploads\/sites\/3\/2025\/07\/6231f497cb20b.jpeg","width":800,"height":800},{"@type":"BreadcrumbList","@id":"https:\/\/babylove.se\/no\/produkt\/barnesang-astrid-med-tak-og-skorstein\/#breadcrumb","itemListElement":[{"@type":"ListItem","position":1,"name":"Hem","item":"https:\/\/babylove.se\/no\/"},{"@type":"ListItem","position":2,"name":"Butik","item":"https:\/\/babylove.se\/no\/butik\/"},{"@type":"ListItem","position":3,"name":"Barneseng Astrid med tak og skorstein"}]},{"@type":"WebSite","@id":"https:\/\/babylove.se\/no\/#website","url":"https:\/\/babylove.se\/no\/","name":"Babylove Norska","description":"","potentialAction":[{"@type":"SearchAction","target":{"@type":"EntryPoint","urlTemplate":"https:\/\/babylove.se\/no\/?s={search_term_string}"},"query-input":{"@type":"PropertyValueSpecification","valueRequired":true,"valueName":"search_term_string"}}],"inLanguage":"nb-NO"}]},"product_brand":"Luletto","og_availability":"instock","product_availability":"instock","product_retailer_item_id":"Astrid-naturf\u00e4rgad-60x120-B69-L129","product_condition":"new"},"_links":{"self":[{"href":"https:\/\/babylove.se\/no\/wp-json\/wp\/v2\/product\/33653","targetHints":{"allow":["GET"]}}],"collection":[{"href":"https:\/\/babylove.se\/no\/wp-json\/wp\/v2\/product"}],"about":[{"href":"https:\/\/babylove.se\/no\/wp-json\/wp\/v2\/types\/product"}],"replies":[{"embeddable":true,"href":"https:\/\/babylove.se\/no\/wp-json\/wp\/v2\/comments?post=33653"}],"wp:featuredmedia":[{"embeddable":true,"href":"https:\/\/babylove.se\/no\/wp-json\/wp\/v2\/media\/33655"}],"wp:attachment":[{"href":"https:\/\/babylove.se\/no\/wp-json\/wp\/v2\/media?parent=33653"}],"wp:term":[{"taxonomy":"product_brand","embeddable":true,"href":"https:\/\/babylove.se\/no\/wp-json\/wp\/v2\/product_brand?post=33653"},{"taxonomy":"product_cat","embeddable":true,"href":"https:\/\/babylove.se\/no\/wp-json\/wp\/v2\/product_cat?post=33653"},{"taxonomy":"product_tag","embeddable":true,"href":"https:\/\/babylove.se\/no\/wp-json\/wp\/v2\/product_tag?post=33653"}],"curies":[{"name":"wp","href":"https:\/\/api.w.org\/{rel}","templated":true}]}}