{"id":3371,"date":"2025-07-18T20:15:14","date_gmt":"2025-07-18T19:15:14","guid":{"rendered":"https:\/\/babylove.se\/produkt\/jupiduu-gunghast-rosa\/"},"modified":"2026-04-08T07:59:43","modified_gmt":"2026-04-08T06:59:43","slug":"jupiduu-gyngehest-rosa","status":"publish","type":"product","link":"https:\/\/babylove.se\/no\/produkt\/jupiduu-gyngehest-rosa\/","title":{"rendered":"Jupiduu gyngehest rosa"},"content":{"rendered":"<p>Den optimale gyngehesten for innend\u00f8rs bruk, fra det popul\u00e6re tyske selskapet Jupiduu. Alle barn kommer til \u00e5 elske denne gyngehesten som b\u00e5de er morsomt \u00e5 gynge p\u00e5 og vakker \u00e5 se p\u00e5. La barnet ditt trene opp motorikken sin, samtidig som det har det g\u00f8y.<\/p>\n<p>Gyngehesten er hovedsakelig utformet for barn fra cirka 1,5 \u00e5r opp til 4 \u00e5r. Den er laget helt i tre.<\/p>\n<p>Gyngehestens design er utformet for \u00e5 passe b\u00e5de i barnerommet og i stuen, den er stilren og passer inn nesten hvor som helst. I tillegg kan du selvf\u00f8lgelig velge mellom forskjellige farger.<\/p>\n<p><strong>M\u00e5l<\/strong>: Lengde 75 cm. Bredde 30 cm. H\u00f8yde 68 cm.<br \/>Du monterer den selv enkelt i noen f\u00e5 trinn, instruksjon og verkt\u00f8y f\u00f8lger med.<\/p>\n<p><!--[if !supportLineBreakNewLine]-->Designer: <a href=\"https:\/\/babylove.se\/varumarken\/jupiduu\">Jupiduu<\/a><\/p>\n","protected":false},"excerpt":{"rendered":"<p>Den optimale gyngehesten for innend\u00f8rs bruk, fra det popul\u00e6re tyske selskapet Jupiduu. Alle barn kommer til \u00e5 elske denne gyngehesten som b\u00e5de er morsomt \u00e5 gynge p\u00e5 og vakker \u00e5 se p\u00e5. La barnet ditt trene opp motorikken sin, samtidig som det har det g\u00f8y. Gyngehesten er hovedsakelig utformet for barn fra cirka 1,5 \u00e5r [&hellip;]<\/p>\n","protected":false},"featured_media":3373,"comment_status":"closed","ping_status":"open","template":"","meta":{"_acf_changed":false},"product_brand":[201],"product_cat":[205,202,204],"product_tag":[1689],"class_list":{"0":"post-3371","1":"product","2":"type-product","3":"status-publish","4":"has-post-thumbnail","6":"product_brand-jupiduu","7":"product_cat-gyngehest-gyngedyr","8":"product_cat-jupiduu","9":"product_cat-motoriske-barnmobler","10":"product_tag-bestillingsvaror","12":"first","13":"instock","14":"taxable","15":"shipping-taxable","16":"purchasable","17":"product-type-simple"},"acf":[],"yoast_head":"<!-- This site is optimized with the Yoast SEO Premium plugin v25.8 (Yoast SEO v27.2) - https:\/\/yoast.com\/product\/yoast-seo-premium-wordpress\/ -->\n<title>Jupiduu gyngehest rosa - Babylove Norska<\/title>\n<meta name=\"robots\" content=\"noindex, follow, max-snippet:-1, max-image-preview:large, max-video-preview:-1\" \/>\n<meta property=\"og:locale\" content=\"nb_NO\" \/>\n<meta property=\"og:type\" content=\"article\" \/>\n<meta property=\"og:title\" content=\"Jupiduu gyngehest rosa\" \/>\n<meta property=\"og:description\" content=\"Den optimale gyngehesten for innend\u00f8rs bruk, fra det popul\u00e6re tyske selskapet Jupiduu. Alle barn kommer til \u00e5 elske denne gyngehesten som b\u00e5de er morsomt \u00e5 gynge p\u00e5 og vakker \u00e5 se p\u00e5. La barnet ditt trene opp motorikken sin, samtidig som det har det g\u00f8y. Gyngehesten er hovedsakelig utformet for barn fra cirka 1,5 \u00e5r [&hellip;]\" \/>\n<meta property=\"og:url\" content=\"https:\/\/babylove.se\/no\/produkt\/jupiduu-gyngehest-rosa\/\" \/>\n<meta property=\"og:site_name\" content=\"Babylove Norska\" \/>\n<meta property=\"article:modified_time\" content=\"2026-04-08T06:59:43+00:00\" \/>\n<meta property=\"og:image\" content=\"https:\/\/babylove.se\/no\/wp-content\/uploads\/sites\/3\/2025\/07\/59410a2916452.png\" \/>\n\t<meta property=\"og:image:width\" content=\"750\" \/>\n\t<meta property=\"og:image:height\" content=\"581\" \/>\n\t<meta property=\"og:image:type\" content=\"image\/png\" \/>\n<meta name=\"twitter:card\" content=\"summary_large_image\" \/>\n<meta name=\"twitter:label1\" content=\"Price\" \/>\n\t<meta name=\"twitter:data1\" content=\"2 399,00&nbsp;&#107;&#114;\" \/>\n\t<meta name=\"twitter:label2\" content=\"Availability\" \/>\n\t<meta name=\"twitter:data2\" content=\"In stock\" \/>\n<script type=\"application\/ld+json\" class=\"yoast-schema-graph\">{\"@context\":\"https:\/\/schema.org\",\"@graph\":[{\"@type\":\"WebPage\",\"@id\":\"https:\/\/babylove.se\/no\/produkt\/jupiduu-gyngehest-rosa\/\",\"url\":\"https:\/\/babylove.se\/no\/produkt\/jupiduu-gyngehest-rosa\/\",\"name\":\"Jupiduu gyngehest rosa - Babylove Norska\",\"isPartOf\":{\"@id\":\"https:\/\/babylove.se\/no\/#website\"},\"primaryImageOfPage\":{\"@id\":\"https:\/\/babylove.se\/no\/produkt\/jupiduu-gyngehest-rosa\/#primaryimage\"},\"image\":{\"@id\":\"https:\/\/babylove.se\/no\/produkt\/jupiduu-gyngehest-rosa\/#primaryimage\"},\"thumbnailUrl\":\"https:\/\/babylove.se\/no\/wp-content\/uploads\/sites\/3\/2025\/07\/59410a2916452.png\",\"datePublished\":\"2025-07-18T19:15:14+00:00\",\"dateModified\":\"2026-04-08T06:59:43+00:00\",\"breadcrumb\":{\"@id\":\"https:\/\/babylove.se\/no\/produkt\/jupiduu-gyngehest-rosa\/#breadcrumb\"},\"inLanguage\":\"nb-NO\",\"potentialAction\":[{\"@type\":\"ReadAction\",\"target\":[\"https:\/\/babylove.se\/no\/produkt\/jupiduu-gyngehest-rosa\/\"]}]},{\"@type\":\"ImageObject\",\"inLanguage\":\"nb-NO\",\"@id\":\"https:\/\/babylove.se\/no\/produkt\/jupiduu-gyngehest-rosa\/#primaryimage\",\"url\":\"https:\/\/babylove.se\/no\/wp-content\/uploads\/sites\/3\/2025\/07\/59410a2916452.png\",\"contentUrl\":\"https:\/\/babylove.se\/no\/wp-content\/uploads\/sites\/3\/2025\/07\/59410a2916452.png\",\"width\":750,\"height\":581},{\"@type\":\"BreadcrumbList\",\"@id\":\"https:\/\/babylove.se\/no\/produkt\/jupiduu-gyngehest-rosa\/#breadcrumb\",\"itemListElement\":[{\"@type\":\"ListItem\",\"position\":1,\"name\":\"Hem\",\"item\":\"https:\/\/babylove.se\/no\/\"},{\"@type\":\"ListItem\",\"position\":2,\"name\":\"Butik\",\"item\":\"https:\/\/babylove.se\/no\/butik\/\"},{\"@type\":\"ListItem\",\"position\":3,\"name\":\"Jupiduu gyngehest rosa\"}]},{\"@type\":\"WebSite\",\"@id\":\"https:\/\/babylove.se\/no\/#website\",\"url\":\"https:\/\/babylove.se\/no\/\",\"name\":\"Babylove Norska\",\"description\":\"\",\"potentialAction\":[{\"@type\":\"SearchAction\",\"target\":{\"@type\":\"EntryPoint\",\"urlTemplate\":\"https:\/\/babylove.se\/no\/?s={search_term_string}\"},\"query-input\":{\"@type\":\"PropertyValueSpecification\",\"valueRequired\":true,\"valueName\":\"search_term_string\"}}],\"inLanguage\":\"nb-NO\"}]}<\/script>\n<meta property=\"product:brand\" content=\"Jupiduu\" \/>\n<meta property=\"product:price:amount\" content=\"2399.00\" \/>\n<meta property=\"product:price:currency\" content=\"SEK\" \/>\n<meta property=\"og:availability\" content=\"instock\" \/>\n<meta property=\"product:availability\" content=\"instock\" \/>\n<meta property=\"product:retailer_item_id\" content=\"1204\" \/>\n<meta property=\"product:condition\" content=\"new\" \/>\n<!-- \/ Yoast SEO Premium plugin. -->","yoast_head_json":{"title":"Jupiduu gyngehest rosa - Babylove Norska","robots":{"index":"noindex","follow":"follow","max-snippet":"max-snippet:-1","max-image-preview":"max-image-preview:large","max-video-preview":"max-video-preview:-1"},"og_locale":"nb_NO","og_type":"article","og_title":"Jupiduu gyngehest rosa","og_description":"Den optimale gyngehesten for innend\u00f8rs bruk, fra det popul\u00e6re tyske selskapet Jupiduu. Alle barn kommer til \u00e5 elske denne gyngehesten som b\u00e5de er morsomt \u00e5 gynge p\u00e5 og vakker \u00e5 se p\u00e5. La barnet ditt trene opp motorikken sin, samtidig som det har det g\u00f8y. Gyngehesten er hovedsakelig utformet for barn fra cirka 1,5 \u00e5r [&hellip;]","og_url":"https:\/\/babylove.se\/no\/produkt\/jupiduu-gyngehest-rosa\/","og_site_name":"Babylove Norska","article_modified_time":"2026-04-08T06:59:43+00:00","og_image":[{"width":750,"height":581,"url":"https:\/\/babylove.se\/no\/wp-content\/uploads\/sites\/3\/2025\/07\/59410a2916452.png","type":"image\/png"}],"twitter_card":"summary_large_image","twitter_misc":{"Price":"2 399,00&nbsp;&#107;&#114;","Availability":"In stock"},"schema":{"@context":"https:\/\/schema.org","@graph":[{"@type":"WebPage","@id":"https:\/\/babylove.se\/no\/produkt\/jupiduu-gyngehest-rosa\/","url":"https:\/\/babylove.se\/no\/produkt\/jupiduu-gyngehest-rosa\/","name":"Jupiduu gyngehest rosa - Babylove Norska","isPartOf":{"@id":"https:\/\/babylove.se\/no\/#website"},"primaryImageOfPage":{"@id":"https:\/\/babylove.se\/no\/produkt\/jupiduu-gyngehest-rosa\/#primaryimage"},"image":{"@id":"https:\/\/babylove.se\/no\/produkt\/jupiduu-gyngehest-rosa\/#primaryimage"},"thumbnailUrl":"https:\/\/babylove.se\/no\/wp-content\/uploads\/sites\/3\/2025\/07\/59410a2916452.png","datePublished":"2025-07-18T19:15:14+00:00","dateModified":"2026-04-08T06:59:43+00:00","breadcrumb":{"@id":"https:\/\/babylove.se\/no\/produkt\/jupiduu-gyngehest-rosa\/#breadcrumb"},"inLanguage":"nb-NO","potentialAction":[{"@type":"ReadAction","target":["https:\/\/babylove.se\/no\/produkt\/jupiduu-gyngehest-rosa\/"]}]},{"@type":"ImageObject","inLanguage":"nb-NO","@id":"https:\/\/babylove.se\/no\/produkt\/jupiduu-gyngehest-rosa\/#primaryimage","url":"https:\/\/babylove.se\/no\/wp-content\/uploads\/sites\/3\/2025\/07\/59410a2916452.png","contentUrl":"https:\/\/babylove.se\/no\/wp-content\/uploads\/sites\/3\/2025\/07\/59410a2916452.png","width":750,"height":581},{"@type":"BreadcrumbList","@id":"https:\/\/babylove.se\/no\/produkt\/jupiduu-gyngehest-rosa\/#breadcrumb","itemListElement":[{"@type":"ListItem","position":1,"name":"Hem","item":"https:\/\/babylove.se\/no\/"},{"@type":"ListItem","position":2,"name":"Butik","item":"https:\/\/babylove.se\/no\/butik\/"},{"@type":"ListItem","position":3,"name":"Jupiduu gyngehest rosa"}]},{"@type":"WebSite","@id":"https:\/\/babylove.se\/no\/#website","url":"https:\/\/babylove.se\/no\/","name":"Babylove Norska","description":"","potentialAction":[{"@type":"SearchAction","target":{"@type":"EntryPoint","urlTemplate":"https:\/\/babylove.se\/no\/?s={search_term_string}"},"query-input":{"@type":"PropertyValueSpecification","valueRequired":true,"valueName":"search_term_string"}}],"inLanguage":"nb-NO"}]},"product_brand":"Jupiduu","product_price_amount":"2399.00","product_price_currency":"SEK","og_availability":"instock","product_availability":"instock","product_retailer_item_id":"1204","product_condition":"new"},"_links":{"self":[{"href":"https:\/\/babylove.se\/no\/wp-json\/wp\/v2\/product\/3371","targetHints":{"allow":["GET"]}}],"collection":[{"href":"https:\/\/babylove.se\/no\/wp-json\/wp\/v2\/product"}],"about":[{"href":"https:\/\/babylove.se\/no\/wp-json\/wp\/v2\/types\/product"}],"replies":[{"embeddable":true,"href":"https:\/\/babylove.se\/no\/wp-json\/wp\/v2\/comments?post=3371"}],"wp:featuredmedia":[{"embeddable":true,"href":"https:\/\/babylove.se\/no\/wp-json\/wp\/v2\/media\/3373"}],"wp:attachment":[{"href":"https:\/\/babylove.se\/no\/wp-json\/wp\/v2\/media?parent=3371"}],"wp:term":[{"taxonomy":"product_brand","embeddable":true,"href":"https:\/\/babylove.se\/no\/wp-json\/wp\/v2\/product_brand?post=3371"},{"taxonomy":"product_cat","embeddable":true,"href":"https:\/\/babylove.se\/no\/wp-json\/wp\/v2\/product_cat?post=3371"},{"taxonomy":"product_tag","embeddable":true,"href":"https:\/\/babylove.se\/no\/wp-json\/wp\/v2\/product_tag?post=3371"}],"curies":[{"name":"wp","href":"https:\/\/api.w.org\/{rel}","templated":true}]}}