{"id":3390,"date":"2025-07-18T20:15:14","date_gmt":"2025-07-18T19:15:14","guid":{"rendered":"https:\/\/babylove.se\/produkt\/done-by-deer-portfolio-for-ritningar-bla\/"},"modified":"2026-04-08T07:59:51","modified_gmt":"2026-04-08T06:59:51","slug":"gjort-av-hjort-portefolje-for-tegninger-bla","status":"publish","type":"product","link":"https:\/\/babylove.se\/no\/produkt\/gjort-av-hjort-portefolje-for-tegninger-bla\/","title":{"rendered":"Done By Deer Mappe for tegninger Bl\u00e5"},"content":{"rendered":"<p><strong>Done By Deer Portfolio for tegninger Bl\u00e5- sendes innen 24 timer !<\/strong><\/p>\n<p>Dette er en smart og vakker Portfolio tilpasset for dine barns tegninger og papir. En utmerket m\u00e5te \u00e5 trygt oppbevare minner fra sm\u00e5barns\u00e5rene p\u00e5 en enkel og praktisk m\u00e5te. Vesken kommer garantert til \u00e5 bli satt pris p\u00e5 ogs\u00e5 av ditt barn da den har smidige h\u00e5ndtak slik at barnet kan ta med seg den hvor de enn skal. Portfolioen har en typisk Done By Deer design, i form av deres dyreserie.<\/p>\n<p><strong>M\u00e5l<\/strong>: L45 x H37 x B8 cm<\/p>\n<p><strong>Materiale<\/strong>: Hardpapp<\/p>\n<p>Designer: <a href=\"https:\/\/babylove.se\/varumarken\/done-by-deer\"><u>Done By Deer<\/u><\/a><\/p>\n","protected":false},"excerpt":{"rendered":"<p>Done By Deer Portfolio for tegninger Bl\u00e5- sendes innen 24 timer ! Dette er en smart og vakker Portfolio tilpasset for dine barns tegninger og papir. En utmerket m\u00e5te \u00e5 trygt oppbevare minner fra sm\u00e5barns\u00e5rene p\u00e5 en enkel og praktisk m\u00e5te. Vesken kommer garantert til \u00e5 bli satt pris p\u00e5 ogs\u00e5 av ditt barn da [&hellip;]<\/p>\n","protected":false},"featured_media":3392,"comment_status":"closed","ping_status":"open","template":"","meta":{"_acf_changed":false},"product_brand":[54],"product_cat":[55,26,68],"product_tag":[1689],"class_list":{"0":"post-3390","1":"product","2":"type-product","3":"status-publish","4":"has-post-thumbnail","6":"product_brand-done-by-deer","7":"product_cat-done-by-deer","8":"product_cat-kjop-produkter-som-ikke-bare-er-for-gutter","9":"product_cat-leker","10":"product_tag-bestillingsvaror","12":"first","13":"outofstock","14":"taxable","15":"shipping-taxable","16":"purchasable","17":"product-type-simple"},"acf":[],"yoast_head":"<!-- This site is optimized with the Yoast SEO Premium plugin v25.8 (Yoast SEO v27.2) - https:\/\/yoast.com\/product\/yoast-seo-premium-wordpress\/ -->\n<title>Done By Deer Portfolio f\u00f6r ritningar Bl\u00e5- K\u00f6p direkt online<\/title>\n<meta name=\"description\" content=\"Done by Deer Portfolio f\u00f6r ritningar \u00e4r en smart och vacker s\u00e4tt att s\u00e4kert f\u00f6rvara minnen fr\u00e5n sm\u00e5barns\u00e5ren - 14 dagars \u00f6ppet k\u00f6p -skickas inom 24h\" \/>\n<meta name=\"robots\" content=\"noindex, follow, max-snippet:-1, max-image-preview:large, max-video-preview:-1\" \/>\n<meta property=\"og:locale\" content=\"nb_NO\" \/>\n<meta property=\"og:type\" content=\"article\" \/>\n<meta property=\"og:title\" content=\"Done By Deer Mappe for tegninger Bl\u00e5\" \/>\n<meta property=\"og:description\" content=\"Done by Deer Portfolio f\u00f6r ritningar \u00e4r en smart och vacker s\u00e4tt att s\u00e4kert f\u00f6rvara minnen fr\u00e5n sm\u00e5barns\u00e5ren - 14 dagars \u00f6ppet k\u00f6p -skickas inom 24h\" \/>\n<meta property=\"og:url\" content=\"https:\/\/babylove.se\/no\/produkt\/gjort-av-hjort-portefolje-for-tegninger-bla\/\" \/>\n<meta property=\"og:site_name\" content=\"Babylove Norska\" \/>\n<meta property=\"article:modified_time\" content=\"2026-04-08T06:59:51+00:00\" \/>\n<meta property=\"og:image\" content=\"https:\/\/babylove.se\/no\/wp-content\/uploads\/sites\/3\/2025\/07\/5975ef8c80602.jpeg\" \/>\n\t<meta property=\"og:image:width\" content=\"750\" \/>\n\t<meta property=\"og:image:height\" content=\"741\" \/>\n\t<meta property=\"og:image:type\" content=\"image\/jpeg\" \/>\n<meta name=\"twitter:card\" content=\"summary_large_image\" \/>\n<meta name=\"twitter:label1\" content=\"Price\" \/>\n\t<meta name=\"twitter:data1\" content=\"199,00&nbsp;&#107;&#114;\" \/>\n\t<meta name=\"twitter:label2\" content=\"Availability\" \/>\n\t<meta name=\"twitter:data2\" content=\"Out of stock\" \/>\n<script type=\"application\/ld+json\" class=\"yoast-schema-graph\">{\"@context\":\"https:\/\/schema.org\",\"@graph\":[{\"@type\":\"WebPage\",\"@id\":\"https:\/\/babylove.se\/no\/produkt\/gjort-av-hjort-portefolje-for-tegninger-bla\/\",\"url\":\"https:\/\/babylove.se\/no\/produkt\/gjort-av-hjort-portefolje-for-tegninger-bla\/\",\"name\":\"Done By Deer Portfolio f\u00f6r ritningar Bl\u00e5- K\u00f6p direkt online\",\"isPartOf\":{\"@id\":\"https:\/\/babylove.se\/no\/#website\"},\"primaryImageOfPage\":{\"@id\":\"https:\/\/babylove.se\/no\/produkt\/gjort-av-hjort-portefolje-for-tegninger-bla\/#primaryimage\"},\"image\":{\"@id\":\"https:\/\/babylove.se\/no\/produkt\/gjort-av-hjort-portefolje-for-tegninger-bla\/#primaryimage\"},\"thumbnailUrl\":\"https:\/\/babylove.se\/no\/wp-content\/uploads\/sites\/3\/2025\/07\/5975ef8c80602.jpeg\",\"datePublished\":\"2025-07-18T19:15:14+00:00\",\"dateModified\":\"2026-04-08T06:59:51+00:00\",\"description\":\"Done by Deer Portfolio f\u00f6r ritningar \u00e4r en smart och vacker s\u00e4tt att s\u00e4kert f\u00f6rvara minnen fr\u00e5n sm\u00e5barns\u00e5ren - 14 dagars \u00f6ppet k\u00f6p -skickas inom 24h\",\"breadcrumb\":{\"@id\":\"https:\/\/babylove.se\/no\/produkt\/gjort-av-hjort-portefolje-for-tegninger-bla\/#breadcrumb\"},\"inLanguage\":\"nb-NO\",\"potentialAction\":[{\"@type\":\"ReadAction\",\"target\":[\"https:\/\/babylove.se\/no\/produkt\/gjort-av-hjort-portefolje-for-tegninger-bla\/\"]}]},{\"@type\":\"ImageObject\",\"inLanguage\":\"nb-NO\",\"@id\":\"https:\/\/babylove.se\/no\/produkt\/gjort-av-hjort-portefolje-for-tegninger-bla\/#primaryimage\",\"url\":\"https:\/\/babylove.se\/no\/wp-content\/uploads\/sites\/3\/2025\/07\/5975ef8c80602.jpeg\",\"contentUrl\":\"https:\/\/babylove.se\/no\/wp-content\/uploads\/sites\/3\/2025\/07\/5975ef8c80602.jpeg\",\"width\":750,\"height\":741},{\"@type\":\"BreadcrumbList\",\"@id\":\"https:\/\/babylove.se\/no\/produkt\/gjort-av-hjort-portefolje-for-tegninger-bla\/#breadcrumb\",\"itemListElement\":[{\"@type\":\"ListItem\",\"position\":1,\"name\":\"Hem\",\"item\":\"https:\/\/babylove.se\/no\/\"},{\"@type\":\"ListItem\",\"position\":2,\"name\":\"Butik\",\"item\":\"https:\/\/babylove.se\/no\/butik\/\"},{\"@type\":\"ListItem\",\"position\":3,\"name\":\"Done By Deer Mappe for tegninger Bl\u00e5\"}]},{\"@type\":\"WebSite\",\"@id\":\"https:\/\/babylove.se\/no\/#website\",\"url\":\"https:\/\/babylove.se\/no\/\",\"name\":\"Babylove Norska\",\"description\":\"\",\"potentialAction\":[{\"@type\":\"SearchAction\",\"target\":{\"@type\":\"EntryPoint\",\"urlTemplate\":\"https:\/\/babylove.se\/no\/?s={search_term_string}\"},\"query-input\":{\"@type\":\"PropertyValueSpecification\",\"valueRequired\":true,\"valueName\":\"search_term_string\"}}],\"inLanguage\":\"nb-NO\"}]}<\/script>\n<meta property=\"product:brand\" content=\"Done by Deer\" \/>\n<meta property=\"product:price:amount\" content=\"199.00\" \/>\n<meta property=\"product:price:currency\" content=\"SEK\" \/>\n<meta property=\"og:availability\" content=\"out of stock\" \/>\n<meta property=\"product:availability\" content=\"out of stock\" \/>\n<meta property=\"product:retailer_item_id\" content=\"1207\" \/>\n<meta property=\"product:condition\" content=\"new\" \/>\n<!-- \/ Yoast SEO Premium plugin. -->","yoast_head_json":{"title":"Done By Deer Portfolio f\u00f6r ritningar Bl\u00e5- K\u00f6p direkt online","description":"Done by Deer Portfolio f\u00f6r ritningar \u00e4r en smart och vacker s\u00e4tt att s\u00e4kert f\u00f6rvara minnen fr\u00e5n sm\u00e5barns\u00e5ren - 14 dagars \u00f6ppet k\u00f6p -skickas inom 24h","robots":{"index":"noindex","follow":"follow","max-snippet":"max-snippet:-1","max-image-preview":"max-image-preview:large","max-video-preview":"max-video-preview:-1"},"og_locale":"nb_NO","og_type":"article","og_title":"Done By Deer Mappe for tegninger Bl\u00e5","og_description":"Done by Deer Portfolio f\u00f6r ritningar \u00e4r en smart och vacker s\u00e4tt att s\u00e4kert f\u00f6rvara minnen fr\u00e5n sm\u00e5barns\u00e5ren - 14 dagars \u00f6ppet k\u00f6p -skickas inom 24h","og_url":"https:\/\/babylove.se\/no\/produkt\/gjort-av-hjort-portefolje-for-tegninger-bla\/","og_site_name":"Babylove Norska","article_modified_time":"2026-04-08T06:59:51+00:00","og_image":[{"width":750,"height":741,"url":"https:\/\/babylove.se\/no\/wp-content\/uploads\/sites\/3\/2025\/07\/5975ef8c80602.jpeg","type":"image\/jpeg"}],"twitter_card":"summary_large_image","twitter_misc":{"Price":"199,00&nbsp;&#107;&#114;","Availability":"Out of stock"},"schema":{"@context":"https:\/\/schema.org","@graph":[{"@type":"WebPage","@id":"https:\/\/babylove.se\/no\/produkt\/gjort-av-hjort-portefolje-for-tegninger-bla\/","url":"https:\/\/babylove.se\/no\/produkt\/gjort-av-hjort-portefolje-for-tegninger-bla\/","name":"Done By Deer Portfolio f\u00f6r ritningar Bl\u00e5- K\u00f6p direkt online","isPartOf":{"@id":"https:\/\/babylove.se\/no\/#website"},"primaryImageOfPage":{"@id":"https:\/\/babylove.se\/no\/produkt\/gjort-av-hjort-portefolje-for-tegninger-bla\/#primaryimage"},"image":{"@id":"https:\/\/babylove.se\/no\/produkt\/gjort-av-hjort-portefolje-for-tegninger-bla\/#primaryimage"},"thumbnailUrl":"https:\/\/babylove.se\/no\/wp-content\/uploads\/sites\/3\/2025\/07\/5975ef8c80602.jpeg","datePublished":"2025-07-18T19:15:14+00:00","dateModified":"2026-04-08T06:59:51+00:00","description":"Done by Deer Portfolio f\u00f6r ritningar \u00e4r en smart och vacker s\u00e4tt att s\u00e4kert f\u00f6rvara minnen fr\u00e5n sm\u00e5barns\u00e5ren - 14 dagars \u00f6ppet k\u00f6p -skickas inom 24h","breadcrumb":{"@id":"https:\/\/babylove.se\/no\/produkt\/gjort-av-hjort-portefolje-for-tegninger-bla\/#breadcrumb"},"inLanguage":"nb-NO","potentialAction":[{"@type":"ReadAction","target":["https:\/\/babylove.se\/no\/produkt\/gjort-av-hjort-portefolje-for-tegninger-bla\/"]}]},{"@type":"ImageObject","inLanguage":"nb-NO","@id":"https:\/\/babylove.se\/no\/produkt\/gjort-av-hjort-portefolje-for-tegninger-bla\/#primaryimage","url":"https:\/\/babylove.se\/no\/wp-content\/uploads\/sites\/3\/2025\/07\/5975ef8c80602.jpeg","contentUrl":"https:\/\/babylove.se\/no\/wp-content\/uploads\/sites\/3\/2025\/07\/5975ef8c80602.jpeg","width":750,"height":741},{"@type":"BreadcrumbList","@id":"https:\/\/babylove.se\/no\/produkt\/gjort-av-hjort-portefolje-for-tegninger-bla\/#breadcrumb","itemListElement":[{"@type":"ListItem","position":1,"name":"Hem","item":"https:\/\/babylove.se\/no\/"},{"@type":"ListItem","position":2,"name":"Butik","item":"https:\/\/babylove.se\/no\/butik\/"},{"@type":"ListItem","position":3,"name":"Done By Deer Mappe for tegninger Bl\u00e5"}]},{"@type":"WebSite","@id":"https:\/\/babylove.se\/no\/#website","url":"https:\/\/babylove.se\/no\/","name":"Babylove Norska","description":"","potentialAction":[{"@type":"SearchAction","target":{"@type":"EntryPoint","urlTemplate":"https:\/\/babylove.se\/no\/?s={search_term_string}"},"query-input":{"@type":"PropertyValueSpecification","valueRequired":true,"valueName":"search_term_string"}}],"inLanguage":"nb-NO"}]},"product_brand":"Done by Deer","product_price_amount":"199.00","product_price_currency":"SEK","og_availability":"out of stock","product_availability":"out of stock","product_retailer_item_id":"1207","product_condition":"new"},"_links":{"self":[{"href":"https:\/\/babylove.se\/no\/wp-json\/wp\/v2\/product\/3390","targetHints":{"allow":["GET"]}}],"collection":[{"href":"https:\/\/babylove.se\/no\/wp-json\/wp\/v2\/product"}],"about":[{"href":"https:\/\/babylove.se\/no\/wp-json\/wp\/v2\/types\/product"}],"replies":[{"embeddable":true,"href":"https:\/\/babylove.se\/no\/wp-json\/wp\/v2\/comments?post=3390"}],"wp:featuredmedia":[{"embeddable":true,"href":"https:\/\/babylove.se\/no\/wp-json\/wp\/v2\/media\/3392"}],"wp:attachment":[{"href":"https:\/\/babylove.se\/no\/wp-json\/wp\/v2\/media?parent=3390"}],"wp:term":[{"taxonomy":"product_brand","embeddable":true,"href":"https:\/\/babylove.se\/no\/wp-json\/wp\/v2\/product_brand?post=3390"},{"taxonomy":"product_cat","embeddable":true,"href":"https:\/\/babylove.se\/no\/wp-json\/wp\/v2\/product_cat?post=3390"},{"taxonomy":"product_tag","embeddable":true,"href":"https:\/\/babylove.se\/no\/wp-json\/wp\/v2\/product_tag?post=3390"}],"curies":[{"name":"wp","href":"https:\/\/api.w.org\/{rel}","templated":true}]}}