{"id":33937,"date":"2025-07-19T00:50:21","date_gmt":"2025-07-18T23:50:21","guid":{"rendered":"https:\/\/babylove.se\/produkt\/babymocs-solglasogon-for-barn-signature-round-amber\/"},"modified":"2026-04-08T12:10:05","modified_gmt":"2026-04-08T11:10:05","slug":"babymocs-solbriller-for-barn-signature-round-amber","status":"publish","type":"product","link":"https:\/\/babylove.se\/no\/produkt\/babymocs-solbriller-for-barn-signature-round-amber\/","title":{"rendered":"BabyMocs, solbriller for barn, Signature Round Amber"},"content":{"rendered":"<p>Flotte solbriller spesielt utviklet til barn av svenske BabyMocs!<\/p>\n<p>Fakta om brillene:<\/p>\n<ul>\n<li>100% UVA\/UVB-filter (UV400)<\/li>\n<li>CE-sertifiserte<\/li>\n<li>Laget av resirkulert plast.<\/li>\n<\/ul>\n<p>Det er jo viktig \u00e5 beskytte ogs\u00e5 barna mot solens UV-str\u00e5ler, noe som man lett kan glemme en varm sommerdag p\u00e5 stranden. I tillegg er barns \u00f8yne mer f\u00f8lsomme&nbsp;for UV-str\u00e5ling enn for oss voksne.<\/p>\n<p>Solbrillene leveres sammen med en fin oppbevaringspose.<\/p>\n<p>Alder: fra 9 m\u00e5neder til 9 \u00e5r.&nbsp;<\/p>\n<p><strong>M\u00e5l<\/strong>: Lengde: 13 cm. Bredde: 12,5 cm.&nbsp;<\/p>\n<p><strong>Materiale<\/strong>: Resirkulert plast.<\/p>\n<p>Designer: <a href=\"https:\/\/babylove.se\/varumarken\/babymocs\">BabyMocs<\/a><\/p>\n","protected":false},"excerpt":{"rendered":"<p>Flotte solbriller spesielt utviklet til barn av svenske BabyMocs! Fakta om brillene: 100% UVA\/UVB-filter (UV400) CE-sertifiserte Laget av resirkulert plast. Det er jo viktig \u00e5 beskytte ogs\u00e5 barna mot solens UV-str\u00e5ler, noe som man lett kan glemme en varm sommerdag p\u00e5 stranden. I tillegg er barns \u00f8yne mer f\u00f8lsomme&nbsp;for UV-str\u00e5ling enn for oss voksne. Solbrillene [&hellip;]<\/p>\n","protected":false},"featured_media":33939,"comment_status":"closed","ping_status":"open","template":"","meta":{"_acf_changed":false},"product_brand":[1153],"product_cat":[1154,924,60],"product_tag":[],"class_list":{"0":"post-33937","1":"product","2":"type-product","3":"status-publish","4":"has-post-thumbnail","6":"product_brand-babymocs","7":"product_cat-babymocs","8":"product_cat-solbriller-for-barn","9":"product_cat-sommer","11":"first","12":"instock","13":"taxable","14":"shipping-taxable","15":"purchasable","16":"product-type-simple"},"acf":[],"yoast_head":"<!-- This site is optimized with the Yoast SEO Premium plugin v25.8 (Yoast SEO v27.2) - https:\/\/yoast.com\/product\/yoast-seo-premium-wordpress\/ -->\n<title>BabyMocs, solbriller for barn, Signature Round Amber - Babylove Norska<\/title>\n<meta name=\"robots\" content=\"noindex, follow, max-snippet:-1, max-image-preview:large, max-video-preview:-1\" \/>\n<meta property=\"og:locale\" content=\"nb_NO\" \/>\n<meta property=\"og:type\" content=\"article\" \/>\n<meta property=\"og:title\" content=\"BabyMocs, solbriller for barn, Signature Round Amber\" \/>\n<meta property=\"og:description\" content=\"Flotte solbriller spesielt utviklet til barn av svenske BabyMocs! Fakta om brillene: 100% UVA\/UVB-filter (UV400) CE-sertifiserte Laget av resirkulert plast. Det er jo viktig \u00e5 beskytte ogs\u00e5 barna mot solens UV-str\u00e5ler, noe som man lett kan glemme en varm sommerdag p\u00e5 stranden. I tillegg er barns \u00f8yne mer f\u00f8lsomme&nbsp;for UV-str\u00e5ling enn for oss voksne. Solbrillene [&hellip;]\" \/>\n<meta property=\"og:url\" content=\"https:\/\/babylove.se\/no\/produkt\/babymocs-solbriller-for-barn-signature-round-amber\/\" \/>\n<meta property=\"og:site_name\" content=\"Babylove Norska\" \/>\n<meta property=\"article:modified_time\" content=\"2026-04-08T11:10:05+00:00\" \/>\n<meta property=\"og:image\" content=\"https:\/\/babylove.se\/no\/wp-content\/uploads\/sites\/3\/2025\/07\/62347ebc3cad7.jpeg\" \/>\n\t<meta property=\"og:image:width\" content=\"600\" \/>\n\t<meta property=\"og:image:height\" content=\"898\" \/>\n\t<meta property=\"og:image:type\" content=\"image\/webp\" \/>\n<meta name=\"twitter:card\" content=\"summary_large_image\" \/>\n<meta name=\"twitter:label1\" content=\"Price\" \/>\n\t<meta name=\"twitter:data1\" content=\"249,00&nbsp;&#107;&#114;\" \/>\n\t<meta name=\"twitter:label2\" content=\"Availability\" \/>\n\t<meta name=\"twitter:data2\" content=\"In stock\" \/>\n<script type=\"application\/ld+json\" class=\"yoast-schema-graph\">{\"@context\":\"https:\/\/schema.org\",\"@graph\":[{\"@type\":\"WebPage\",\"@id\":\"https:\/\/babylove.se\/no\/produkt\/babymocs-solbriller-for-barn-signature-round-amber\/\",\"url\":\"https:\/\/babylove.se\/no\/produkt\/babymocs-solbriller-for-barn-signature-round-amber\/\",\"name\":\"BabyMocs, solbriller for barn, Signature Round Amber - Babylove Norska\",\"isPartOf\":{\"@id\":\"https:\/\/babylove.se\/no\/#website\"},\"primaryImageOfPage\":{\"@id\":\"https:\/\/babylove.se\/no\/produkt\/babymocs-solbriller-for-barn-signature-round-amber\/#primaryimage\"},\"image\":{\"@id\":\"https:\/\/babylove.se\/no\/produkt\/babymocs-solbriller-for-barn-signature-round-amber\/#primaryimage\"},\"thumbnailUrl\":\"https:\/\/babylove.se\/no\/wp-content\/uploads\/sites\/3\/2025\/07\/62347ebc3cad7.jpeg\",\"datePublished\":\"2025-07-18T23:50:21+00:00\",\"dateModified\":\"2026-04-08T11:10:05+00:00\",\"breadcrumb\":{\"@id\":\"https:\/\/babylove.se\/no\/produkt\/babymocs-solbriller-for-barn-signature-round-amber\/#breadcrumb\"},\"inLanguage\":\"nb-NO\",\"potentialAction\":[{\"@type\":\"ReadAction\",\"target\":[\"https:\/\/babylove.se\/no\/produkt\/babymocs-solbriller-for-barn-signature-round-amber\/\"]}]},{\"@type\":\"ImageObject\",\"inLanguage\":\"nb-NO\",\"@id\":\"https:\/\/babylove.se\/no\/produkt\/babymocs-solbriller-for-barn-signature-round-amber\/#primaryimage\",\"url\":\"https:\/\/babylove.se\/no\/wp-content\/uploads\/sites\/3\/2025\/07\/62347ebc3cad7.jpeg\",\"contentUrl\":\"https:\/\/babylove.se\/no\/wp-content\/uploads\/sites\/3\/2025\/07\/62347ebc3cad7.jpeg\",\"width\":600,\"height\":898},{\"@type\":\"BreadcrumbList\",\"@id\":\"https:\/\/babylove.se\/no\/produkt\/babymocs-solbriller-for-barn-signature-round-amber\/#breadcrumb\",\"itemListElement\":[{\"@type\":\"ListItem\",\"position\":1,\"name\":\"Hem\",\"item\":\"https:\/\/babylove.se\/no\/\"},{\"@type\":\"ListItem\",\"position\":2,\"name\":\"Butik\",\"item\":\"https:\/\/babylove.se\/no\/butik\/\"},{\"@type\":\"ListItem\",\"position\":3,\"name\":\"BabyMocs, solbriller for barn, Signature Round Amber\"}]},{\"@type\":\"WebSite\",\"@id\":\"https:\/\/babylove.se\/no\/#website\",\"url\":\"https:\/\/babylove.se\/no\/\",\"name\":\"Babylove Norska\",\"description\":\"\",\"potentialAction\":[{\"@type\":\"SearchAction\",\"target\":{\"@type\":\"EntryPoint\",\"urlTemplate\":\"https:\/\/babylove.se\/no\/?s={search_term_string}\"},\"query-input\":{\"@type\":\"PropertyValueSpecification\",\"valueRequired\":true,\"valueName\":\"search_term_string\"}}],\"inLanguage\":\"nb-NO\"}]}<\/script>\n<meta property=\"product:brand\" content=\"BabyMocs\" \/>\n<meta property=\"product:price:amount\" content=\"249.00\" \/>\n<meta property=\"product:price:currency\" content=\"SEK\" \/>\n<meta property=\"og:availability\" content=\"instock\" \/>\n<meta property=\"product:availability\" content=\"instock\" \/>\n<meta property=\"product:retailer_item_id\" content=\"0768253222654\" \/>\n<meta property=\"product:condition\" content=\"new\" \/>\n<!-- \/ Yoast SEO Premium plugin. -->","yoast_head_json":{"title":"BabyMocs, solbriller for barn, Signature Round Amber - Babylove Norska","robots":{"index":"noindex","follow":"follow","max-snippet":"max-snippet:-1","max-image-preview":"max-image-preview:large","max-video-preview":"max-video-preview:-1"},"og_locale":"nb_NO","og_type":"article","og_title":"BabyMocs, solbriller for barn, Signature Round Amber","og_description":"Flotte solbriller spesielt utviklet til barn av svenske BabyMocs! Fakta om brillene: 100% UVA\/UVB-filter (UV400) CE-sertifiserte Laget av resirkulert plast. Det er jo viktig \u00e5 beskytte ogs\u00e5 barna mot solens UV-str\u00e5ler, noe som man lett kan glemme en varm sommerdag p\u00e5 stranden. I tillegg er barns \u00f8yne mer f\u00f8lsomme&nbsp;for UV-str\u00e5ling enn for oss voksne. Solbrillene [&hellip;]","og_url":"https:\/\/babylove.se\/no\/produkt\/babymocs-solbriller-for-barn-signature-round-amber\/","og_site_name":"Babylove Norska","article_modified_time":"2026-04-08T11:10:05+00:00","og_image":[{"width":600,"height":898,"url":"https:\/\/babylove.se\/no\/wp-content\/uploads\/sites\/3\/2025\/07\/62347ebc3cad7.jpeg","type":"image\/webp"}],"twitter_card":"summary_large_image","twitter_misc":{"Price":"249,00&nbsp;&#107;&#114;","Availability":"In stock"},"schema":{"@context":"https:\/\/schema.org","@graph":[{"@type":"WebPage","@id":"https:\/\/babylove.se\/no\/produkt\/babymocs-solbriller-for-barn-signature-round-amber\/","url":"https:\/\/babylove.se\/no\/produkt\/babymocs-solbriller-for-barn-signature-round-amber\/","name":"BabyMocs, solbriller for barn, Signature Round Amber - Babylove Norska","isPartOf":{"@id":"https:\/\/babylove.se\/no\/#website"},"primaryImageOfPage":{"@id":"https:\/\/babylove.se\/no\/produkt\/babymocs-solbriller-for-barn-signature-round-amber\/#primaryimage"},"image":{"@id":"https:\/\/babylove.se\/no\/produkt\/babymocs-solbriller-for-barn-signature-round-amber\/#primaryimage"},"thumbnailUrl":"https:\/\/babylove.se\/no\/wp-content\/uploads\/sites\/3\/2025\/07\/62347ebc3cad7.jpeg","datePublished":"2025-07-18T23:50:21+00:00","dateModified":"2026-04-08T11:10:05+00:00","breadcrumb":{"@id":"https:\/\/babylove.se\/no\/produkt\/babymocs-solbriller-for-barn-signature-round-amber\/#breadcrumb"},"inLanguage":"nb-NO","potentialAction":[{"@type":"ReadAction","target":["https:\/\/babylove.se\/no\/produkt\/babymocs-solbriller-for-barn-signature-round-amber\/"]}]},{"@type":"ImageObject","inLanguage":"nb-NO","@id":"https:\/\/babylove.se\/no\/produkt\/babymocs-solbriller-for-barn-signature-round-amber\/#primaryimage","url":"https:\/\/babylove.se\/no\/wp-content\/uploads\/sites\/3\/2025\/07\/62347ebc3cad7.jpeg","contentUrl":"https:\/\/babylove.se\/no\/wp-content\/uploads\/sites\/3\/2025\/07\/62347ebc3cad7.jpeg","width":600,"height":898},{"@type":"BreadcrumbList","@id":"https:\/\/babylove.se\/no\/produkt\/babymocs-solbriller-for-barn-signature-round-amber\/#breadcrumb","itemListElement":[{"@type":"ListItem","position":1,"name":"Hem","item":"https:\/\/babylove.se\/no\/"},{"@type":"ListItem","position":2,"name":"Butik","item":"https:\/\/babylove.se\/no\/butik\/"},{"@type":"ListItem","position":3,"name":"BabyMocs, solbriller for barn, Signature Round Amber"}]},{"@type":"WebSite","@id":"https:\/\/babylove.se\/no\/#website","url":"https:\/\/babylove.se\/no\/","name":"Babylove Norska","description":"","potentialAction":[{"@type":"SearchAction","target":{"@type":"EntryPoint","urlTemplate":"https:\/\/babylove.se\/no\/?s={search_term_string}"},"query-input":{"@type":"PropertyValueSpecification","valueRequired":true,"valueName":"search_term_string"}}],"inLanguage":"nb-NO"}]},"product_brand":"BabyMocs","product_price_amount":"249.00","product_price_currency":"SEK","og_availability":"instock","product_availability":"instock","product_retailer_item_id":"0768253222654","product_condition":"new"},"_links":{"self":[{"href":"https:\/\/babylove.se\/no\/wp-json\/wp\/v2\/product\/33937","targetHints":{"allow":["GET"]}}],"collection":[{"href":"https:\/\/babylove.se\/no\/wp-json\/wp\/v2\/product"}],"about":[{"href":"https:\/\/babylove.se\/no\/wp-json\/wp\/v2\/types\/product"}],"replies":[{"embeddable":true,"href":"https:\/\/babylove.se\/no\/wp-json\/wp\/v2\/comments?post=33937"}],"wp:featuredmedia":[{"embeddable":true,"href":"https:\/\/babylove.se\/no\/wp-json\/wp\/v2\/media\/33939"}],"wp:attachment":[{"href":"https:\/\/babylove.se\/no\/wp-json\/wp\/v2\/media?parent=33937"}],"wp:term":[{"taxonomy":"product_brand","embeddable":true,"href":"https:\/\/babylove.se\/no\/wp-json\/wp\/v2\/product_brand?post=33937"},{"taxonomy":"product_cat","embeddable":true,"href":"https:\/\/babylove.se\/no\/wp-json\/wp\/v2\/product_cat?post=33937"},{"taxonomy":"product_tag","embeddable":true,"href":"https:\/\/babylove.se\/no\/wp-json\/wp\/v2\/product_tag?post=33937"}],"curies":[{"name":"wp","href":"https:\/\/api.w.org\/{rel}","templated":true}]}}