{"id":3397,"date":"2025-07-18T20:15:14","date_gmt":"2025-07-18T19:15:14","guid":{"rendered":"https:\/\/babylove.se\/produkt\/forvaringskorg-storemystuff-marble-grey-elodie-details\/"},"modified":"2026-04-08T07:59:57","modified_gmt":"2026-04-08T06:59:57","slug":"oppbevaringskurv-storemystuff-marble-grey-elodie-details","status":"publish","type":"product","link":"https:\/\/babylove.se\/no\/produkt\/oppbevaringskurv-storemystuff-marble-grey-elodie-details\/","title":{"rendered":"Oppbevaringskurv, StoreMyStuff, Marble Grey, Elodie Details"},"content":{"rendered":"<p><strong>Oppbevaringskurv, StoreMyStuff, Marble Grey, Elodie Details&nbsp;<\/strong><\/p>\n<p>Denne vakre oppbevaringskurven fra Elodie Details er ikke bare bra for \u00e5 holde orden i barnerommet, men ogs\u00e5 for \u00e5 skape en fin f\u00f8lelse n\u00e5r det gjelder din innredning. Oppbevaringskurven er designet for at barnet enkelt skal kunne komme til lekene sine, og like enkelt kunne rydde dem bort igjen. Oppbevaringskurven har to gode h\u00e5ndtak og materialet den er laget i er en garanti for at oppbevaringskurven ikke faller sammen n\u00e5r den er t\u00f8mt.&nbsp;<\/p>\n<p><strong>M\u00e5l<\/strong>: H\u00f8yde 35 cm og diameter 45 cm.&nbsp;<\/p>\n<p><strong>Materiale<\/strong>: 100% \u00f8ko-tex sertifisert bomullscanvas.&nbsp;<\/p>\n<p>Oppbevaringskurven vaskes for h\u00e5nd eller leveres inn p\u00e5 renseri.<\/p>\n<p>Designer: <a href=\"https:\/\/babylove.se\/varumarken\/elodie-details\"><u>Elodie Details<\/u><\/a><\/p>\n","protected":false},"excerpt":{"rendered":"<p>Oppbevaringskurv, StoreMyStuff, Marble Grey, Elodie Details&nbsp; Denne vakre oppbevaringskurven fra Elodie Details er ikke bare bra for \u00e5 holde orden i barnerommet, men ogs\u00e5 for \u00e5 skape en fin f\u00f8lelse n\u00e5r det gjelder din innredning. Oppbevaringskurven er designet for at barnet enkelt skal kunne komme til lekene sine, og like enkelt kunne rydde dem bort [&hellip;]<\/p>\n","protected":false},"featured_media":3399,"comment_status":"closed","ping_status":"open","template":"","meta":{"_acf_changed":false},"product_brand":[174],"product_cat":[23,175,26,43],"product_tag":[],"class_list":{"0":"post-3397","1":"product","2":"type-product","3":"status-publish","4":"has-post-thumbnail","6":"product_brand-elodie-details","7":"product_cat-barnerom","8":"product_cat-elodie-details","9":"product_cat-kjop-produkter-som-ikke-bare-er-for-gutter","10":"product_cat-oppbevaringskurver","12":"first","13":"outofstock","14":"taxable","15":"shipping-taxable","16":"purchasable","17":"product-type-simple"},"acf":[],"yoast_head":"<!-- This site is optimized with the Yoast SEO Premium plugin v25.8 (Yoast SEO v27.2) - https:\/\/yoast.com\/product\/yoast-seo-premium-wordpress\/ -->\n<title>Oppbevaringskurv, StoreMyStuff, Marble Grey, Elodie Details - Babylove Norska<\/title>\n<meta name=\"description\" content=\"Denna vackra f\u00f6rvaringskorg \u00e4r inte bara bra f\u00f6r att h\u00e5lla ordning i barnrummet, utan \u00e4ven f\u00f6r att skapa en fin dekoration - skickas inom 24h !\" \/>\n<meta name=\"robots\" content=\"noindex, follow, max-snippet:-1, max-image-preview:large, max-video-preview:-1\" \/>\n<meta property=\"og:locale\" content=\"nb_NO\" \/>\n<meta property=\"og:type\" content=\"article\" \/>\n<meta property=\"og:title\" content=\"Oppbevaringskurv, StoreMyStuff, Marble Grey, Elodie Details\" \/>\n<meta property=\"og:description\" content=\"Denna vackra f\u00f6rvaringskorg \u00e4r inte bara bra f\u00f6r att h\u00e5lla ordning i barnrummet, utan \u00e4ven f\u00f6r att skapa en fin dekoration - skickas inom 24h !\" \/>\n<meta property=\"og:url\" content=\"https:\/\/babylove.se\/no\/produkt\/oppbevaringskurv-storemystuff-marble-grey-elodie-details\/\" \/>\n<meta property=\"og:site_name\" content=\"Babylove Norska\" \/>\n<meta property=\"article:modified_time\" content=\"2026-04-08T06:59:57+00:00\" \/>\n<meta property=\"og:image\" content=\"https:\/\/babylove.se\/no\/wp-content\/uploads\/sites\/3\/2025\/07\/552-149786195130.jpeg\" \/>\n\t<meta property=\"og:image:width\" content=\"600\" \/>\n\t<meta property=\"og:image:height\" content=\"633\" \/>\n\t<meta property=\"og:image:type\" content=\"image\/jpeg\" \/>\n<meta name=\"twitter:card\" content=\"summary_large_image\" \/>\n<meta name=\"twitter:label1\" content=\"Price\" \/>\n\t<meta name=\"twitter:data1\" content=\"499,00&nbsp;&#107;&#114;\" \/>\n\t<meta name=\"twitter:label2\" content=\"Availability\" \/>\n\t<meta name=\"twitter:data2\" content=\"Out of stock\" \/>\n<script type=\"application\/ld+json\" class=\"yoast-schema-graph\">{\"@context\":\"https:\/\/schema.org\",\"@graph\":[{\"@type\":\"WebPage\",\"@id\":\"https:\/\/babylove.se\/no\/produkt\/oppbevaringskurv-storemystuff-marble-grey-elodie-details\/\",\"url\":\"https:\/\/babylove.se\/no\/produkt\/oppbevaringskurv-storemystuff-marble-grey-elodie-details\/\",\"name\":\"Oppbevaringskurv, StoreMyStuff, Marble Grey, Elodie Details - Babylove Norska\",\"isPartOf\":{\"@id\":\"https:\/\/babylove.se\/no\/#website\"},\"primaryImageOfPage\":{\"@id\":\"https:\/\/babylove.se\/no\/produkt\/oppbevaringskurv-storemystuff-marble-grey-elodie-details\/#primaryimage\"},\"image\":{\"@id\":\"https:\/\/babylove.se\/no\/produkt\/oppbevaringskurv-storemystuff-marble-grey-elodie-details\/#primaryimage\"},\"thumbnailUrl\":\"https:\/\/babylove.se\/no\/wp-content\/uploads\/sites\/3\/2025\/07\/552-149786195130.jpeg\",\"datePublished\":\"2025-07-18T19:15:14+00:00\",\"dateModified\":\"2026-04-08T06:59:57+00:00\",\"description\":\"Denna vackra f\u00f6rvaringskorg \u00e4r inte bara bra f\u00f6r att h\u00e5lla ordning i barnrummet, utan \u00e4ven f\u00f6r att skapa en fin dekoration - skickas inom 24h !\",\"breadcrumb\":{\"@id\":\"https:\/\/babylove.se\/no\/produkt\/oppbevaringskurv-storemystuff-marble-grey-elodie-details\/#breadcrumb\"},\"inLanguage\":\"nb-NO\",\"potentialAction\":[{\"@type\":\"ReadAction\",\"target\":[\"https:\/\/babylove.se\/no\/produkt\/oppbevaringskurv-storemystuff-marble-grey-elodie-details\/\"]}]},{\"@type\":\"ImageObject\",\"inLanguage\":\"nb-NO\",\"@id\":\"https:\/\/babylove.se\/no\/produkt\/oppbevaringskurv-storemystuff-marble-grey-elodie-details\/#primaryimage\",\"url\":\"https:\/\/babylove.se\/no\/wp-content\/uploads\/sites\/3\/2025\/07\/552-149786195130.jpeg\",\"contentUrl\":\"https:\/\/babylove.se\/no\/wp-content\/uploads\/sites\/3\/2025\/07\/552-149786195130.jpeg\",\"width\":600,\"height\":633},{\"@type\":\"BreadcrumbList\",\"@id\":\"https:\/\/babylove.se\/no\/produkt\/oppbevaringskurv-storemystuff-marble-grey-elodie-details\/#breadcrumb\",\"itemListElement\":[{\"@type\":\"ListItem\",\"position\":1,\"name\":\"Hem\",\"item\":\"https:\/\/babylove.se\/no\/\"},{\"@type\":\"ListItem\",\"position\":2,\"name\":\"Butik\",\"item\":\"https:\/\/babylove.se\/no\/butik\/\"},{\"@type\":\"ListItem\",\"position\":3,\"name\":\"Oppbevaringskurv, StoreMyStuff, Marble Grey, Elodie Details\"}]},{\"@type\":\"WebSite\",\"@id\":\"https:\/\/babylove.se\/no\/#website\",\"url\":\"https:\/\/babylove.se\/no\/\",\"name\":\"Babylove Norska\",\"description\":\"\",\"potentialAction\":[{\"@type\":\"SearchAction\",\"target\":{\"@type\":\"EntryPoint\",\"urlTemplate\":\"https:\/\/babylove.se\/no\/?s={search_term_string}\"},\"query-input\":{\"@type\":\"PropertyValueSpecification\",\"valueRequired\":true,\"valueName\":\"search_term_string\"}}],\"inLanguage\":\"nb-NO\"}]}<\/script>\n<meta property=\"product:brand\" content=\"Elodie Details\" \/>\n<meta property=\"product:price:amount\" content=\"499.00\" \/>\n<meta property=\"product:price:currency\" content=\"SEK\" \/>\n<meta property=\"og:availability\" content=\"out of stock\" \/>\n<meta property=\"product:availability\" content=\"out of stock\" \/>\n<meta property=\"product:retailer_item_id\" content=\"1210\" \/>\n<meta property=\"product:condition\" content=\"new\" \/>\n<!-- \/ Yoast SEO Premium plugin. -->","yoast_head_json":{"title":"Oppbevaringskurv, StoreMyStuff, Marble Grey, Elodie Details - Babylove Norska","description":"Denna vackra f\u00f6rvaringskorg \u00e4r inte bara bra f\u00f6r att h\u00e5lla ordning i barnrummet, utan \u00e4ven f\u00f6r att skapa en fin dekoration - skickas inom 24h !","robots":{"index":"noindex","follow":"follow","max-snippet":"max-snippet:-1","max-image-preview":"max-image-preview:large","max-video-preview":"max-video-preview:-1"},"og_locale":"nb_NO","og_type":"article","og_title":"Oppbevaringskurv, StoreMyStuff, Marble Grey, Elodie Details","og_description":"Denna vackra f\u00f6rvaringskorg \u00e4r inte bara bra f\u00f6r att h\u00e5lla ordning i barnrummet, utan \u00e4ven f\u00f6r att skapa en fin dekoration - skickas inom 24h !","og_url":"https:\/\/babylove.se\/no\/produkt\/oppbevaringskurv-storemystuff-marble-grey-elodie-details\/","og_site_name":"Babylove Norska","article_modified_time":"2026-04-08T06:59:57+00:00","og_image":[{"width":600,"height":633,"url":"https:\/\/babylove.se\/no\/wp-content\/uploads\/sites\/3\/2025\/07\/552-149786195130.jpeg","type":"image\/jpeg"}],"twitter_card":"summary_large_image","twitter_misc":{"Price":"499,00&nbsp;&#107;&#114;","Availability":"Out of stock"},"schema":{"@context":"https:\/\/schema.org","@graph":[{"@type":"WebPage","@id":"https:\/\/babylove.se\/no\/produkt\/oppbevaringskurv-storemystuff-marble-grey-elodie-details\/","url":"https:\/\/babylove.se\/no\/produkt\/oppbevaringskurv-storemystuff-marble-grey-elodie-details\/","name":"Oppbevaringskurv, StoreMyStuff, Marble Grey, Elodie Details - Babylove Norska","isPartOf":{"@id":"https:\/\/babylove.se\/no\/#website"},"primaryImageOfPage":{"@id":"https:\/\/babylove.se\/no\/produkt\/oppbevaringskurv-storemystuff-marble-grey-elodie-details\/#primaryimage"},"image":{"@id":"https:\/\/babylove.se\/no\/produkt\/oppbevaringskurv-storemystuff-marble-grey-elodie-details\/#primaryimage"},"thumbnailUrl":"https:\/\/babylove.se\/no\/wp-content\/uploads\/sites\/3\/2025\/07\/552-149786195130.jpeg","datePublished":"2025-07-18T19:15:14+00:00","dateModified":"2026-04-08T06:59:57+00:00","description":"Denna vackra f\u00f6rvaringskorg \u00e4r inte bara bra f\u00f6r att h\u00e5lla ordning i barnrummet, utan \u00e4ven f\u00f6r att skapa en fin dekoration - skickas inom 24h !","breadcrumb":{"@id":"https:\/\/babylove.se\/no\/produkt\/oppbevaringskurv-storemystuff-marble-grey-elodie-details\/#breadcrumb"},"inLanguage":"nb-NO","potentialAction":[{"@type":"ReadAction","target":["https:\/\/babylove.se\/no\/produkt\/oppbevaringskurv-storemystuff-marble-grey-elodie-details\/"]}]},{"@type":"ImageObject","inLanguage":"nb-NO","@id":"https:\/\/babylove.se\/no\/produkt\/oppbevaringskurv-storemystuff-marble-grey-elodie-details\/#primaryimage","url":"https:\/\/babylove.se\/no\/wp-content\/uploads\/sites\/3\/2025\/07\/552-149786195130.jpeg","contentUrl":"https:\/\/babylove.se\/no\/wp-content\/uploads\/sites\/3\/2025\/07\/552-149786195130.jpeg","width":600,"height":633},{"@type":"BreadcrumbList","@id":"https:\/\/babylove.se\/no\/produkt\/oppbevaringskurv-storemystuff-marble-grey-elodie-details\/#breadcrumb","itemListElement":[{"@type":"ListItem","position":1,"name":"Hem","item":"https:\/\/babylove.se\/no\/"},{"@type":"ListItem","position":2,"name":"Butik","item":"https:\/\/babylove.se\/no\/butik\/"},{"@type":"ListItem","position":3,"name":"Oppbevaringskurv, StoreMyStuff, Marble Grey, Elodie Details"}]},{"@type":"WebSite","@id":"https:\/\/babylove.se\/no\/#website","url":"https:\/\/babylove.se\/no\/","name":"Babylove Norska","description":"","potentialAction":[{"@type":"SearchAction","target":{"@type":"EntryPoint","urlTemplate":"https:\/\/babylove.se\/no\/?s={search_term_string}"},"query-input":{"@type":"PropertyValueSpecification","valueRequired":true,"valueName":"search_term_string"}}],"inLanguage":"nb-NO"}]},"product_brand":"Elodie Details","product_price_amount":"499.00","product_price_currency":"SEK","og_availability":"out of stock","product_availability":"out of stock","product_retailer_item_id":"1210","product_condition":"new"},"_links":{"self":[{"href":"https:\/\/babylove.se\/no\/wp-json\/wp\/v2\/product\/3397","targetHints":{"allow":["GET"]}}],"collection":[{"href":"https:\/\/babylove.se\/no\/wp-json\/wp\/v2\/product"}],"about":[{"href":"https:\/\/babylove.se\/no\/wp-json\/wp\/v2\/types\/product"}],"replies":[{"embeddable":true,"href":"https:\/\/babylove.se\/no\/wp-json\/wp\/v2\/comments?post=3397"}],"wp:featuredmedia":[{"embeddable":true,"href":"https:\/\/babylove.se\/no\/wp-json\/wp\/v2\/media\/3399"}],"wp:attachment":[{"href":"https:\/\/babylove.se\/no\/wp-json\/wp\/v2\/media?parent=3397"}],"wp:term":[{"taxonomy":"product_brand","embeddable":true,"href":"https:\/\/babylove.se\/no\/wp-json\/wp\/v2\/product_brand?post=3397"},{"taxonomy":"product_cat","embeddable":true,"href":"https:\/\/babylove.se\/no\/wp-json\/wp\/v2\/product_cat?post=3397"},{"taxonomy":"product_tag","embeddable":true,"href":"https:\/\/babylove.se\/no\/wp-json\/wp\/v2\/product_tag?post=3397"}],"curies":[{"name":"wp","href":"https:\/\/api.w.org\/{rel}","templated":true}]}}