{"id":3407,"date":"2025-07-18T20:15:14","date_gmt":"2025-07-18T19:15:14","guid":{"rendered":"https:\/\/babylove.se\/produkt\/gra-kanindocka\/"},"modified":"2026-04-08T08:00:03","modified_gmt":"2026-04-08T07:00:03","slug":"gra-kanindokke","status":"publish","type":"product","link":"https:\/\/babylove.se\/no\/produkt\/gra-kanindokke\/","title":{"rendered":"Gr\u00e5 kanindukke"},"content":{"rendered":"<p>En av de mest popul\u00e6re dukkene i Sverige akkurat n\u00e5, en kanindukke. <\/p>\n<p>Den har vunnet ikke bare barnas hjerte, men ogs\u00e5 mange foreldres. Kanindukken er laget i 100% bomull og polyester og kan vaskes i 40 grader. Kanindukken er perfekt for b\u00e5de \u00e5 kose seg med og som dekorasjon. <\/p>\n<p><strong>Total lengde<\/strong> p\u00e5 dukken er 42 cm inkludert \u00f8rene. <\/p>\n<p>Dukken er CE-merket, noe som betyr at den oppfyller kravene for helse, sikkerhet og milj\u00f8. <\/p>\n<p>Merk at ved bestilling av kanindukke med eget navn s\u00e5 blir leveringstiden noe lengre (opp til 10 arbeidsdager). Skriv gjerne barnets navn i en kommentar i kassen. <\/p>\n<p>Finnes i fargene Rosa, Hvit, Gr\u00e5 eller Mint.<\/p>\n","protected":false},"excerpt":{"rendered":"<p>En av de mest popul\u00e6re dukkene i Sverige akkurat n\u00e5, en kanindukke. Den har vunnet ikke bare barnas hjerte, men ogs\u00e5 mange foreldres. Kanindukken er laget i 100% bomull og polyester og kan vaskes i 40 grader. Kanindukken er perfekt for b\u00e5de \u00e5 kose seg med og som dekorasjon. Total lengde p\u00e5 dukken er 42 [&hellip;]<\/p>\n","protected":false},"featured_media":3409,"comment_status":"closed","ping_status":"closed","template":"","meta":{"_acf_changed":false},"product_brand":[67],"product_cat":[69,70,189,72,75,25,68,74,86],"product_tag":[1689],"class_list":{"0":"post-3407","1":"product","2":"type-product","3":"status-publish","4":"has-post-thumbnail","6":"product_brand-metoodoll","7":"product_cat-dukker-tilbehoer","8":"product_cat-gaver","9":"product_cat-innrede-barnerom-jente","10":"product_cat-julegaver","11":"product_cat-julklappar-med-gravering-broderi","12":"product_cat-ikke-bare-jenter","13":"product_cat-leker","14":"product_cat-personlige-dapsgaver","15":"product_cat-produktliste","16":"product_tag-bestillingsvaror","17":"pa_personifierad-barnets-namn-pa-99-sek","18":"pa_personifierad-standard-ingen-personifiering","20":"first","21":"instock","22":"taxable","23":"shipping-taxable","24":"purchasable","25":"product-type-variable"},"acf":[],"yoast_head":"<!-- This site is optimized with the Yoast SEO Premium plugin v25.8 (Yoast SEO v27.2) - https:\/\/yoast.com\/product\/yoast-seo-premium-wordpress\/ -->\n<title>K\u00f6p en gra kanindocka<\/title>\n<meta name=\"description\" content=\"En av de mest popul\u00e4ra dockorna i Sverige just nu, en kanindocka. Den har vunnit inte bara barnens hj\u00e4rta, utan \u00e4ven m\u00e5nga f\u00f6r\u00e4ldrars. L\u00e4s mer h\u00e4r!\" \/>\n<meta name=\"robots\" content=\"noindex, follow, max-snippet:-1, max-image-preview:large, max-video-preview:-1\" \/>\n<meta property=\"og:locale\" content=\"nb_NO\" \/>\n<meta property=\"og:type\" content=\"article\" \/>\n<meta property=\"og:title\" content=\"Gr\u00e5 kanindukke\" \/>\n<meta property=\"og:description\" content=\"En av de mest popul\u00e4ra dockorna i Sverige just nu, en kanindocka. Den har vunnit inte bara barnens hj\u00e4rta, utan \u00e4ven m\u00e5nga f\u00f6r\u00e4ldrars. L\u00e4s mer h\u00e4r!\" \/>\n<meta property=\"og:url\" content=\"https:\/\/babylove.se\/no\/produkt\/gra-kanindokke\/\" \/>\n<meta property=\"og:site_name\" content=\"Babylove Norska\" \/>\n<meta property=\"article:modified_time\" content=\"2026-04-08T07:00:03+00:00\" \/>\n<meta property=\"og:image\" content=\"https:\/\/babylove.se\/no\/wp-content\/uploads\/sites\/3\/2025\/07\/5ddec2d262d1b.jpeg\" \/>\n\t<meta property=\"og:image:width\" content=\"750\" \/>\n\t<meta property=\"og:image:height\" content=\"750\" \/>\n\t<meta property=\"og:image:type\" content=\"image\/jpeg\" \/>\n<meta name=\"twitter:card\" content=\"summary_large_image\" \/>\n<meta name=\"twitter:label1\" content=\"Availability\" \/>\n\t<meta name=\"twitter:data1\" content=\"In stock\" \/>\n<script type=\"application\/ld+json\" class=\"yoast-schema-graph\">{\"@context\":\"https:\/\/schema.org\",\"@graph\":[{\"@type\":\"WebPage\",\"@id\":\"https:\/\/babylove.se\/no\/produkt\/gra-kanindokke\/\",\"url\":\"https:\/\/babylove.se\/no\/produkt\/gra-kanindokke\/\",\"name\":\"K\u00f6p en gra kanindocka\",\"isPartOf\":{\"@id\":\"https:\/\/babylove.se\/no\/#website\"},\"primaryImageOfPage\":{\"@id\":\"https:\/\/babylove.se\/no\/produkt\/gra-kanindokke\/#primaryimage\"},\"image\":{\"@id\":\"https:\/\/babylove.se\/no\/produkt\/gra-kanindokke\/#primaryimage\"},\"thumbnailUrl\":\"https:\/\/babylove.se\/no\/wp-content\/uploads\/sites\/3\/2025\/07\/5ddec2d262d1b.jpeg\",\"datePublished\":\"2025-07-18T19:15:14+00:00\",\"dateModified\":\"2026-04-08T07:00:03+00:00\",\"description\":\"En av de mest popul\u00e4ra dockorna i Sverige just nu, en kanindocka. Den har vunnit inte bara barnens hj\u00e4rta, utan \u00e4ven m\u00e5nga f\u00f6r\u00e4ldrars. L\u00e4s mer h\u00e4r!\",\"breadcrumb\":{\"@id\":\"https:\/\/babylove.se\/no\/produkt\/gra-kanindokke\/#breadcrumb\"},\"inLanguage\":\"nb-NO\",\"potentialAction\":[{\"@type\":\"ReadAction\",\"target\":[\"https:\/\/babylove.se\/no\/produkt\/gra-kanindokke\/\"]}]},{\"@type\":\"ImageObject\",\"inLanguage\":\"nb-NO\",\"@id\":\"https:\/\/babylove.se\/no\/produkt\/gra-kanindokke\/#primaryimage\",\"url\":\"https:\/\/babylove.se\/no\/wp-content\/uploads\/sites\/3\/2025\/07\/5ddec2d262d1b.jpeg\",\"contentUrl\":\"https:\/\/babylove.se\/no\/wp-content\/uploads\/sites\/3\/2025\/07\/5ddec2d262d1b.jpeg\",\"width\":750,\"height\":750},{\"@type\":\"BreadcrumbList\",\"@id\":\"https:\/\/babylove.se\/no\/produkt\/gra-kanindokke\/#breadcrumb\",\"itemListElement\":[{\"@type\":\"ListItem\",\"position\":1,\"name\":\"Hem\",\"item\":\"https:\/\/babylove.se\/no\/\"},{\"@type\":\"ListItem\",\"position\":2,\"name\":\"Butik\",\"item\":\"https:\/\/babylove.se\/no\/butik\/\"},{\"@type\":\"ListItem\",\"position\":3,\"name\":\"Gr\u00e5 kanindukke\"}]},{\"@type\":\"WebSite\",\"@id\":\"https:\/\/babylove.se\/no\/#website\",\"url\":\"https:\/\/babylove.se\/no\/\",\"name\":\"Babylove Norska\",\"description\":\"\",\"potentialAction\":[{\"@type\":\"SearchAction\",\"target\":{\"@type\":\"EntryPoint\",\"urlTemplate\":\"https:\/\/babylove.se\/no\/?s={search_term_string}\"},\"query-input\":{\"@type\":\"PropertyValueSpecification\",\"valueRequired\":true,\"valueName\":\"search_term_string\"}}],\"inLanguage\":\"nb-NO\"}]}<\/script>\n<meta property=\"product:brand\" content=\"metoodoll\" \/>\n<meta property=\"og:availability\" content=\"instock\" \/>\n<meta property=\"product:availability\" content=\"instock\" \/>\n<meta property=\"product:retailer_item_id\" content=\"6954124903379Standard\" \/>\n<meta property=\"product:condition\" content=\"new\" \/>\n<!-- \/ Yoast SEO Premium plugin. -->","yoast_head_json":{"title":"K\u00f6p en gra kanindocka","description":"En av de mest popul\u00e4ra dockorna i Sverige just nu, en kanindocka. Den har vunnit inte bara barnens hj\u00e4rta, utan \u00e4ven m\u00e5nga f\u00f6r\u00e4ldrars. L\u00e4s mer h\u00e4r!","robots":{"index":"noindex","follow":"follow","max-snippet":"max-snippet:-1","max-image-preview":"max-image-preview:large","max-video-preview":"max-video-preview:-1"},"og_locale":"nb_NO","og_type":"article","og_title":"Gr\u00e5 kanindukke","og_description":"En av de mest popul\u00e4ra dockorna i Sverige just nu, en kanindocka. Den har vunnit inte bara barnens hj\u00e4rta, utan \u00e4ven m\u00e5nga f\u00f6r\u00e4ldrars. L\u00e4s mer h\u00e4r!","og_url":"https:\/\/babylove.se\/no\/produkt\/gra-kanindokke\/","og_site_name":"Babylove Norska","article_modified_time":"2026-04-08T07:00:03+00:00","og_image":[{"width":750,"height":750,"url":"https:\/\/babylove.se\/no\/wp-content\/uploads\/sites\/3\/2025\/07\/5ddec2d262d1b.jpeg","type":"image\/jpeg"}],"twitter_card":"summary_large_image","twitter_misc":{"Availability":"In stock"},"schema":{"@context":"https:\/\/schema.org","@graph":[{"@type":"WebPage","@id":"https:\/\/babylove.se\/no\/produkt\/gra-kanindokke\/","url":"https:\/\/babylove.se\/no\/produkt\/gra-kanindokke\/","name":"K\u00f6p en gra kanindocka","isPartOf":{"@id":"https:\/\/babylove.se\/no\/#website"},"primaryImageOfPage":{"@id":"https:\/\/babylove.se\/no\/produkt\/gra-kanindokke\/#primaryimage"},"image":{"@id":"https:\/\/babylove.se\/no\/produkt\/gra-kanindokke\/#primaryimage"},"thumbnailUrl":"https:\/\/babylove.se\/no\/wp-content\/uploads\/sites\/3\/2025\/07\/5ddec2d262d1b.jpeg","datePublished":"2025-07-18T19:15:14+00:00","dateModified":"2026-04-08T07:00:03+00:00","description":"En av de mest popul\u00e4ra dockorna i Sverige just nu, en kanindocka. Den har vunnit inte bara barnens hj\u00e4rta, utan \u00e4ven m\u00e5nga f\u00f6r\u00e4ldrars. L\u00e4s mer h\u00e4r!","breadcrumb":{"@id":"https:\/\/babylove.se\/no\/produkt\/gra-kanindokke\/#breadcrumb"},"inLanguage":"nb-NO","potentialAction":[{"@type":"ReadAction","target":["https:\/\/babylove.se\/no\/produkt\/gra-kanindokke\/"]}]},{"@type":"ImageObject","inLanguage":"nb-NO","@id":"https:\/\/babylove.se\/no\/produkt\/gra-kanindokke\/#primaryimage","url":"https:\/\/babylove.se\/no\/wp-content\/uploads\/sites\/3\/2025\/07\/5ddec2d262d1b.jpeg","contentUrl":"https:\/\/babylove.se\/no\/wp-content\/uploads\/sites\/3\/2025\/07\/5ddec2d262d1b.jpeg","width":750,"height":750},{"@type":"BreadcrumbList","@id":"https:\/\/babylove.se\/no\/produkt\/gra-kanindokke\/#breadcrumb","itemListElement":[{"@type":"ListItem","position":1,"name":"Hem","item":"https:\/\/babylove.se\/no\/"},{"@type":"ListItem","position":2,"name":"Butik","item":"https:\/\/babylove.se\/no\/butik\/"},{"@type":"ListItem","position":3,"name":"Gr\u00e5 kanindukke"}]},{"@type":"WebSite","@id":"https:\/\/babylove.se\/no\/#website","url":"https:\/\/babylove.se\/no\/","name":"Babylove Norska","description":"","potentialAction":[{"@type":"SearchAction","target":{"@type":"EntryPoint","urlTemplate":"https:\/\/babylove.se\/no\/?s={search_term_string}"},"query-input":{"@type":"PropertyValueSpecification","valueRequired":true,"valueName":"search_term_string"}}],"inLanguage":"nb-NO"}]},"product_brand":"metoodoll","og_availability":"instock","product_availability":"instock","product_retailer_item_id":"6954124903379Standard","product_condition":"new"},"_links":{"self":[{"href":"https:\/\/babylove.se\/no\/wp-json\/wp\/v2\/product\/3407","targetHints":{"allow":["GET"]}}],"collection":[{"href":"https:\/\/babylove.se\/no\/wp-json\/wp\/v2\/product"}],"about":[{"href":"https:\/\/babylove.se\/no\/wp-json\/wp\/v2\/types\/product"}],"replies":[{"embeddable":true,"href":"https:\/\/babylove.se\/no\/wp-json\/wp\/v2\/comments?post=3407"}],"wp:featuredmedia":[{"embeddable":true,"href":"https:\/\/babylove.se\/no\/wp-json\/wp\/v2\/media\/3409"}],"wp:attachment":[{"href":"https:\/\/babylove.se\/no\/wp-json\/wp\/v2\/media?parent=3407"}],"wp:term":[{"taxonomy":"product_brand","embeddable":true,"href":"https:\/\/babylove.se\/no\/wp-json\/wp\/v2\/product_brand?post=3407"},{"taxonomy":"product_cat","embeddable":true,"href":"https:\/\/babylove.se\/no\/wp-json\/wp\/v2\/product_cat?post=3407"},{"taxonomy":"product_tag","embeddable":true,"href":"https:\/\/babylove.se\/no\/wp-json\/wp\/v2\/product_tag?post=3407"}],"curies":[{"name":"wp","href":"https:\/\/api.w.org\/{rel}","templated":true}]}}