{"id":34095,"date":"2025-07-19T00:51:35","date_gmt":"2025-07-18T23:51:35","guid":{"rendered":"https:\/\/babylove.se\/produkt\/personlig-vaggbokstav-med-figurer-vaggdekoration\/"},"modified":"2026-04-08T12:11:03","modified_gmt":"2026-04-08T11:11:03","slug":"personlig-veggbokstav-med-figurer-veggdekorasjon","status":"publish","type":"product","link":"https:\/\/babylove.se\/no\/produkt\/personlig-veggbokstav-med-figurer-veggdekorasjon\/","title":{"rendered":"Personlig veggbokstav med figurer &#8211; veggdekorasjon"},"content":{"rendered":"<p>En fin og personlig veggdekorasjon i form av en bokstav av tre med valgfritt navn. Passer perfekt i barnerommet eller som en d\u00e5psdekorasjon.&nbsp;<\/p>\n<p>Du har mulighet til \u00e5 skape et personlig og unikt verk da du selv velger figurer p\u00e5 bokstaven samt hvilke farger som bokstaven, navnet og figurer males i. Navnet og figurene males i samme farge.&nbsp;<\/p>\n<p><span>Bokstaven produseres i Sverige og h<\/span>enges enkelt opp med f.eks. kleberester eller dobbeltklebende tape&nbsp;<\/p>\n<p><span><strong>M\u00e5l<\/strong>:&nbsp;<\/span><span>Finnes i to st\u00f8rrelser. H\u00f8yde if\u00f8lge nedenfor m\u00e5l, bredde varierer avhengig av bokstav og navn:<\/span><\/p>\n<ul>\n<li>Liten: H\u00f8yde 20 cm<\/li>\n<li>Stor: H\u00f8yde 25 cm.&nbsp;<\/li>\n<\/ul>\n<p><span><strong>Tykkelse<\/strong>: 3 mm<\/span><\/p>\n<p>Finnes i fargene: R\u00f8d, oransje, aprikos, vanilje, gul, gr\u00f8nn (lys), aquamarine, gr\u00f8nn (m\u00f8rk), himmelsbl\u00e5, turkis, bl\u00e5, bl\u00e5 (m\u00f8rk), lilla (m\u00f8rk), lilla (lys), rosa (m\u00f8rk), rosa, gammelrosa, hvit, brun (lys), brun (m\u00f8rk), gr\u00e5 (lys), gr\u00e5, gr\u00e5 (m\u00f8rk), svart og naturell poppel.<\/p>\n<p><\/p>\n<p><span><strong>Materiale<\/strong>: MDF<\/span><\/p>\n<p><span>Designer: Pyssl<\/span><\/p>\n<p><em>OBS! Kontroller stavem\u00e5ten p\u00e5 \u00f8nsket navn!<\/em><\/p>\n","protected":false},"excerpt":{"rendered":"<p>En fin og personlig veggdekorasjon i form av en bokstav av tre med valgfritt navn. Passer perfekt i barnerommet eller som en d\u00e5psdekorasjon.&nbsp; Du har mulighet til \u00e5 skape et personlig og unikt verk da du selv velger figurer p\u00e5 bokstaven samt hvilke farger som bokstaven, navnet og figurer males i. Navnet og figurene males [&hellip;]<\/p>\n","protected":false},"featured_media":34097,"comment_status":"closed","ping_status":"open","template":"","meta":{"_acf_changed":false},"product_brand":[778],"product_cat":[75,74,86,779,29],"product_tag":[1689],"class_list":{"0":"post-34095","1":"product","2":"type-product","3":"status-publish","4":"has-post-thumbnail","6":"product_brand-varberg-laser","7":"product_cat-julklappar-med-gravering-broderi","8":"product_cat-personlige-dapsgaver","9":"product_cat-produktliste","10":"product_cat-vl","11":"product_cat-veggdekorasjoner","12":"product_tag-bestillingsvaror","13":"pa_figur-nalle","14":"pa_figur-dinosaurie","15":"pa_figur-enhorning","16":"pa_figur-helikopter","17":"pa_figur-ingen-figur","18":"pa_figur-moln","19":"pa_figur-svan","20":"pa_figur-traktor","21":"pa_storlek-liten","22":"pa_storlek-stor","24":"first","25":"instock","26":"taxable","27":"shipping-taxable","28":"purchasable","29":"product-type-variable"},"acf":[],"yoast_head":"<!-- This site is optimized with the Yoast SEO Premium plugin v25.8 (Yoast SEO v27.2) - https:\/\/yoast.com\/product\/yoast-seo-premium-wordpress\/ -->\n<title>Personlig veggbokstav med figurer - veggdekorasjon - Babylove Norska<\/title>\n<meta name=\"robots\" content=\"noindex, follow, max-snippet:-1, max-image-preview:large, max-video-preview:-1\" \/>\n<meta property=\"og:locale\" content=\"nb_NO\" \/>\n<meta property=\"og:type\" content=\"article\" \/>\n<meta property=\"og:title\" content=\"Personlig veggbokstav med figurer - veggdekorasjon\" \/>\n<meta property=\"og:description\" content=\"En fin og personlig veggdekorasjon i form av en bokstav av tre med valgfritt navn. Passer perfekt i barnerommet eller som en d\u00e5psdekorasjon.&nbsp; Du har mulighet til \u00e5 skape et personlig og unikt verk da du selv velger figurer p\u00e5 bokstaven samt hvilke farger som bokstaven, navnet og figurer males i. Navnet og figurene males [&hellip;]\" \/>\n<meta property=\"og:url\" content=\"https:\/\/babylove.se\/no\/produkt\/personlig-veggbokstav-med-figurer-veggdekorasjon\/\" \/>\n<meta property=\"og:site_name\" content=\"Babylove Norska\" \/>\n<meta property=\"article:modified_time\" content=\"2026-04-08T11:11:03+00:00\" \/>\n<meta property=\"og:image\" content=\"https:\/\/babylove.se\/no\/wp-content\/uploads\/sites\/3\/2025\/07\/6234a6149deaf.jpeg\" \/>\n\t<meta property=\"og:image:width\" content=\"720\" \/>\n\t<meta property=\"og:image:height\" content=\"720\" \/>\n\t<meta property=\"og:image:type\" content=\"image\/jpeg\" \/>\n<meta name=\"twitter:card\" content=\"summary_large_image\" \/>\n<meta name=\"twitter:label1\" content=\"Availability\" \/>\n\t<meta name=\"twitter:data1\" content=\"In stock\" \/>\n<script type=\"application\/ld+json\" class=\"yoast-schema-graph\">{\"@context\":\"https:\/\/schema.org\",\"@graph\":[{\"@type\":\"WebPage\",\"@id\":\"https:\/\/babylove.se\/no\/produkt\/personlig-veggbokstav-med-figurer-veggdekorasjon\/\",\"url\":\"https:\/\/babylove.se\/no\/produkt\/personlig-veggbokstav-med-figurer-veggdekorasjon\/\",\"name\":\"Personlig veggbokstav med figurer - veggdekorasjon - Babylove Norska\",\"isPartOf\":{\"@id\":\"https:\/\/babylove.se\/no\/#website\"},\"primaryImageOfPage\":{\"@id\":\"https:\/\/babylove.se\/no\/produkt\/personlig-veggbokstav-med-figurer-veggdekorasjon\/#primaryimage\"},\"image\":{\"@id\":\"https:\/\/babylove.se\/no\/produkt\/personlig-veggbokstav-med-figurer-veggdekorasjon\/#primaryimage\"},\"thumbnailUrl\":\"https:\/\/babylove.se\/no\/wp-content\/uploads\/sites\/3\/2025\/07\/6234a6149deaf.jpeg\",\"datePublished\":\"2025-07-18T23:51:35+00:00\",\"dateModified\":\"2026-04-08T11:11:03+00:00\",\"breadcrumb\":{\"@id\":\"https:\/\/babylove.se\/no\/produkt\/personlig-veggbokstav-med-figurer-veggdekorasjon\/#breadcrumb\"},\"inLanguage\":\"nb-NO\",\"potentialAction\":[{\"@type\":\"ReadAction\",\"target\":[\"https:\/\/babylove.se\/no\/produkt\/personlig-veggbokstav-med-figurer-veggdekorasjon\/\"]}]},{\"@type\":\"ImageObject\",\"inLanguage\":\"nb-NO\",\"@id\":\"https:\/\/babylove.se\/no\/produkt\/personlig-veggbokstav-med-figurer-veggdekorasjon\/#primaryimage\",\"url\":\"https:\/\/babylove.se\/no\/wp-content\/uploads\/sites\/3\/2025\/07\/6234a6149deaf.jpeg\",\"contentUrl\":\"https:\/\/babylove.se\/no\/wp-content\/uploads\/sites\/3\/2025\/07\/6234a6149deaf.jpeg\",\"width\":720,\"height\":720},{\"@type\":\"BreadcrumbList\",\"@id\":\"https:\/\/babylove.se\/no\/produkt\/personlig-veggbokstav-med-figurer-veggdekorasjon\/#breadcrumb\",\"itemListElement\":[{\"@type\":\"ListItem\",\"position\":1,\"name\":\"Hem\",\"item\":\"https:\/\/babylove.se\/no\/\"},{\"@type\":\"ListItem\",\"position\":2,\"name\":\"Butik\",\"item\":\"https:\/\/babylove.se\/no\/butik\/\"},{\"@type\":\"ListItem\",\"position\":3,\"name\":\"Personlig veggbokstav med figurer &#8211; veggdekorasjon\"}]},{\"@type\":\"WebSite\",\"@id\":\"https:\/\/babylove.se\/no\/#website\",\"url\":\"https:\/\/babylove.se\/no\/\",\"name\":\"Babylove Norska\",\"description\":\"\",\"potentialAction\":[{\"@type\":\"SearchAction\",\"target\":{\"@type\":\"EntryPoint\",\"urlTemplate\":\"https:\/\/babylove.se\/no\/?s={search_term_string}\"},\"query-input\":{\"@type\":\"PropertyValueSpecification\",\"valueRequired\":true,\"valueName\":\"search_term_string\"}}],\"inLanguage\":\"nb-NO\"}]}<\/script>\n<meta property=\"product:brand\" content=\"Varberg Laser\" \/>\n<meta property=\"og:availability\" content=\"instock\" \/>\n<meta property=\"product:availability\" content=\"instock\" \/>\n<meta property=\"product:retailer_item_id\" content=\"Liten_dino_Personlig v\u00e4ggbokstav med figurer\" \/>\n<meta property=\"product:condition\" content=\"new\" \/>\n<!-- \/ Yoast SEO Premium plugin. -->","yoast_head_json":{"title":"Personlig veggbokstav med figurer - veggdekorasjon - Babylove Norska","robots":{"index":"noindex","follow":"follow","max-snippet":"max-snippet:-1","max-image-preview":"max-image-preview:large","max-video-preview":"max-video-preview:-1"},"og_locale":"nb_NO","og_type":"article","og_title":"Personlig veggbokstav med figurer - veggdekorasjon","og_description":"En fin og personlig veggdekorasjon i form av en bokstav av tre med valgfritt navn. Passer perfekt i barnerommet eller som en d\u00e5psdekorasjon.&nbsp; Du har mulighet til \u00e5 skape et personlig og unikt verk da du selv velger figurer p\u00e5 bokstaven samt hvilke farger som bokstaven, navnet og figurer males i. Navnet og figurene males [&hellip;]","og_url":"https:\/\/babylove.se\/no\/produkt\/personlig-veggbokstav-med-figurer-veggdekorasjon\/","og_site_name":"Babylove Norska","article_modified_time":"2026-04-08T11:11:03+00:00","og_image":[{"width":720,"height":720,"url":"https:\/\/babylove.se\/no\/wp-content\/uploads\/sites\/3\/2025\/07\/6234a6149deaf.jpeg","type":"image\/jpeg"}],"twitter_card":"summary_large_image","twitter_misc":{"Availability":"In stock"},"schema":{"@context":"https:\/\/schema.org","@graph":[{"@type":"WebPage","@id":"https:\/\/babylove.se\/no\/produkt\/personlig-veggbokstav-med-figurer-veggdekorasjon\/","url":"https:\/\/babylove.se\/no\/produkt\/personlig-veggbokstav-med-figurer-veggdekorasjon\/","name":"Personlig veggbokstav med figurer - veggdekorasjon - Babylove Norska","isPartOf":{"@id":"https:\/\/babylove.se\/no\/#website"},"primaryImageOfPage":{"@id":"https:\/\/babylove.se\/no\/produkt\/personlig-veggbokstav-med-figurer-veggdekorasjon\/#primaryimage"},"image":{"@id":"https:\/\/babylove.se\/no\/produkt\/personlig-veggbokstav-med-figurer-veggdekorasjon\/#primaryimage"},"thumbnailUrl":"https:\/\/babylove.se\/no\/wp-content\/uploads\/sites\/3\/2025\/07\/6234a6149deaf.jpeg","datePublished":"2025-07-18T23:51:35+00:00","dateModified":"2026-04-08T11:11:03+00:00","breadcrumb":{"@id":"https:\/\/babylove.se\/no\/produkt\/personlig-veggbokstav-med-figurer-veggdekorasjon\/#breadcrumb"},"inLanguage":"nb-NO","potentialAction":[{"@type":"ReadAction","target":["https:\/\/babylove.se\/no\/produkt\/personlig-veggbokstav-med-figurer-veggdekorasjon\/"]}]},{"@type":"ImageObject","inLanguage":"nb-NO","@id":"https:\/\/babylove.se\/no\/produkt\/personlig-veggbokstav-med-figurer-veggdekorasjon\/#primaryimage","url":"https:\/\/babylove.se\/no\/wp-content\/uploads\/sites\/3\/2025\/07\/6234a6149deaf.jpeg","contentUrl":"https:\/\/babylove.se\/no\/wp-content\/uploads\/sites\/3\/2025\/07\/6234a6149deaf.jpeg","width":720,"height":720},{"@type":"BreadcrumbList","@id":"https:\/\/babylove.se\/no\/produkt\/personlig-veggbokstav-med-figurer-veggdekorasjon\/#breadcrumb","itemListElement":[{"@type":"ListItem","position":1,"name":"Hem","item":"https:\/\/babylove.se\/no\/"},{"@type":"ListItem","position":2,"name":"Butik","item":"https:\/\/babylove.se\/no\/butik\/"},{"@type":"ListItem","position":3,"name":"Personlig veggbokstav med figurer &#8211; veggdekorasjon"}]},{"@type":"WebSite","@id":"https:\/\/babylove.se\/no\/#website","url":"https:\/\/babylove.se\/no\/","name":"Babylove Norska","description":"","potentialAction":[{"@type":"SearchAction","target":{"@type":"EntryPoint","urlTemplate":"https:\/\/babylove.se\/no\/?s={search_term_string}"},"query-input":{"@type":"PropertyValueSpecification","valueRequired":true,"valueName":"search_term_string"}}],"inLanguage":"nb-NO"}]},"product_brand":"Varberg Laser","og_availability":"instock","product_availability":"instock","product_retailer_item_id":"Liten_dino_Personlig v\u00e4ggbokstav med figurer","product_condition":"new"},"_links":{"self":[{"href":"https:\/\/babylove.se\/no\/wp-json\/wp\/v2\/product\/34095","targetHints":{"allow":["GET"]}}],"collection":[{"href":"https:\/\/babylove.se\/no\/wp-json\/wp\/v2\/product"}],"about":[{"href":"https:\/\/babylove.se\/no\/wp-json\/wp\/v2\/types\/product"}],"replies":[{"embeddable":true,"href":"https:\/\/babylove.se\/no\/wp-json\/wp\/v2\/comments?post=34095"}],"wp:featuredmedia":[{"embeddable":true,"href":"https:\/\/babylove.se\/no\/wp-json\/wp\/v2\/media\/34097"}],"wp:attachment":[{"href":"https:\/\/babylove.se\/no\/wp-json\/wp\/v2\/media?parent=34095"}],"wp:term":[{"taxonomy":"product_brand","embeddable":true,"href":"https:\/\/babylove.se\/no\/wp-json\/wp\/v2\/product_brand?post=34095"},{"taxonomy":"product_cat","embeddable":true,"href":"https:\/\/babylove.se\/no\/wp-json\/wp\/v2\/product_cat?post=34095"},{"taxonomy":"product_tag","embeddable":true,"href":"https:\/\/babylove.se\/no\/wp-json\/wp\/v2\/product_tag?post=34095"}],"curies":[{"name":"wp","href":"https:\/\/api.w.org\/{rel}","templated":true}]}}