{"id":34116,"date":"2025-07-19T00:52:24","date_gmt":"2025-07-18T23:52:24","guid":{"rendered":"https:\/\/babylove.se\/produkt\/dekorillo-poster-till-barnrummet-giraff-rosa\/"},"modified":"2026-04-08T12:11:06","modified_gmt":"2026-04-08T11:11:06","slug":"dekorillo-plakater-til-barnerommet-sjiraff-rosa","status":"publish","type":"product","link":"https:\/\/babylove.se\/no\/produkt\/dekorillo-plakater-til-barnerommet-sjiraff-rosa\/","title":{"rendered":"Dekorillo, plakat til barnerommet, Giraff rosa"},"content":{"rendered":"<p>En vidunderlig vakker plakat for barnerommet med motiv av en fin giraff. Med disse plakatene kan du enkelt skape en unik f\u00f8lelse i barneromminnredningen din og barnet ditt kommer til \u00e5 elske de eventyrlige motivene.<\/p>\n<p>Trykket er laget p\u00e5 et sv\u00e6rt h\u00f8ykvalitets \u00f8kologisk papir med blekk som ikke inneholder stoffer som er skadelige for milj\u00f8et.<\/p>\n<p><strong>M\u00e5l<\/strong>: 50 x 70 cm<\/p>\n<p><em>Obs! Prisen gjelder kun plakaten. Rammen f\u00f8lger ikke med!&nbsp;<\/em><\/p>\n<p>Designer: <a href=\"https:\/\/babylove.se\/varumarken\/dekorillo\">Dekorillo<\/a><\/p>\n","protected":false},"excerpt":{"rendered":"<p>En vidunderlig vakker plakat for barnerommet med motiv av en fin giraff. Med disse plakatene kan du enkelt skape en unik f\u00f8lelse i barneromminnredningen din og barnet ditt kommer til \u00e5 elske de eventyrlige motivene. Trykket er laget p\u00e5 et sv\u00e6rt h\u00f8ykvalitets \u00f8kologisk papir med blekk som ikke inneholder stoffer som er skadelige for milj\u00f8et. [&hellip;]<\/p>\n","protected":false},"featured_media":34118,"comment_status":"closed","ping_status":"open","template":"","meta":{"_acf_changed":false},"product_brand":[994],"product_cat":[995,90,255],"product_tag":[1689],"class_list":{"0":"post-34116","1":"product","2":"type-product","3":"status-publish","4":"has-post-thumbnail","6":"product_brand-dekorillo","7":"product_cat-dekorillo","8":"product_cat-dyr","9":"product_cat-plakater","10":"product_tag-bestillingsvaror","12":"first","13":"instock","14":"taxable","15":"shipping-taxable","16":"purchasable","17":"product-type-simple"},"acf":[],"yoast_head":"<!-- This site is optimized with the Yoast SEO Premium plugin v25.8 (Yoast SEO v27.2) - https:\/\/yoast.com\/product\/yoast-seo-premium-wordpress\/ -->\n<title>Dekorillo, plakat til barnerommet, Giraff rosa - Babylove Norska<\/title>\n<meta name=\"robots\" content=\"noindex, follow, max-snippet:-1, max-image-preview:large, max-video-preview:-1\" \/>\n<meta property=\"og:locale\" content=\"nb_NO\" \/>\n<meta property=\"og:type\" content=\"article\" \/>\n<meta property=\"og:title\" content=\"Dekorillo, plakat til barnerommet, Giraff rosa\" \/>\n<meta property=\"og:description\" content=\"En vidunderlig vakker plakat for barnerommet med motiv av en fin giraff. Med disse plakatene kan du enkelt skape en unik f\u00f8lelse i barneromminnredningen din og barnet ditt kommer til \u00e5 elske de eventyrlige motivene. Trykket er laget p\u00e5 et sv\u00e6rt h\u00f8ykvalitets \u00f8kologisk papir med blekk som ikke inneholder stoffer som er skadelige for milj\u00f8et. [&hellip;]\" \/>\n<meta property=\"og:url\" content=\"https:\/\/babylove.se\/no\/produkt\/dekorillo-plakater-til-barnerommet-sjiraff-rosa\/\" \/>\n<meta property=\"og:site_name\" content=\"Babylove Norska\" \/>\n<meta property=\"article:modified_time\" content=\"2026-04-08T11:11:06+00:00\" \/>\n<meta property=\"og:image\" content=\"https:\/\/babylove.se\/no\/wp-content\/uploads\/sites\/3\/2025\/07\/62389103c343c.jpeg\" \/>\n\t<meta property=\"og:image:width\" content=\"1600\" \/>\n\t<meta property=\"og:image:height\" content=\"1600\" \/>\n\t<meta property=\"og:image:type\" content=\"image\/jpeg\" \/>\n<meta name=\"twitter:card\" content=\"summary_large_image\" \/>\n<meta name=\"twitter:label1\" content=\"Price\" \/>\n\t<meta name=\"twitter:data1\" content=\"229,00&nbsp;&#107;&#114;\" \/>\n\t<meta name=\"twitter:label2\" content=\"Availability\" \/>\n\t<meta name=\"twitter:data2\" content=\"In stock\" \/>\n<script type=\"application\/ld+json\" class=\"yoast-schema-graph\">{\"@context\":\"https:\/\/schema.org\",\"@graph\":[{\"@type\":\"WebPage\",\"@id\":\"https:\/\/babylove.se\/no\/produkt\/dekorillo-plakater-til-barnerommet-sjiraff-rosa\/\",\"url\":\"https:\/\/babylove.se\/no\/produkt\/dekorillo-plakater-til-barnerommet-sjiraff-rosa\/\",\"name\":\"Dekorillo, plakat til barnerommet, Giraff rosa - Babylove Norska\",\"isPartOf\":{\"@id\":\"https:\/\/babylove.se\/no\/#website\"},\"primaryImageOfPage\":{\"@id\":\"https:\/\/babylove.se\/no\/produkt\/dekorillo-plakater-til-barnerommet-sjiraff-rosa\/#primaryimage\"},\"image\":{\"@id\":\"https:\/\/babylove.se\/no\/produkt\/dekorillo-plakater-til-barnerommet-sjiraff-rosa\/#primaryimage\"},\"thumbnailUrl\":\"https:\/\/babylove.se\/no\/wp-content\/uploads\/sites\/3\/2025\/07\/62389103c343c.jpeg\",\"datePublished\":\"2025-07-18T23:52:24+00:00\",\"dateModified\":\"2026-04-08T11:11:06+00:00\",\"breadcrumb\":{\"@id\":\"https:\/\/babylove.se\/no\/produkt\/dekorillo-plakater-til-barnerommet-sjiraff-rosa\/#breadcrumb\"},\"inLanguage\":\"nb-NO\",\"potentialAction\":[{\"@type\":\"ReadAction\",\"target\":[\"https:\/\/babylove.se\/no\/produkt\/dekorillo-plakater-til-barnerommet-sjiraff-rosa\/\"]}]},{\"@type\":\"ImageObject\",\"inLanguage\":\"nb-NO\",\"@id\":\"https:\/\/babylove.se\/no\/produkt\/dekorillo-plakater-til-barnerommet-sjiraff-rosa\/#primaryimage\",\"url\":\"https:\/\/babylove.se\/no\/wp-content\/uploads\/sites\/3\/2025\/07\/62389103c343c.jpeg\",\"contentUrl\":\"https:\/\/babylove.se\/no\/wp-content\/uploads\/sites\/3\/2025\/07\/62389103c343c.jpeg\",\"width\":1600,\"height\":1600},{\"@type\":\"BreadcrumbList\",\"@id\":\"https:\/\/babylove.se\/no\/produkt\/dekorillo-plakater-til-barnerommet-sjiraff-rosa\/#breadcrumb\",\"itemListElement\":[{\"@type\":\"ListItem\",\"position\":1,\"name\":\"Hem\",\"item\":\"https:\/\/babylove.se\/no\/\"},{\"@type\":\"ListItem\",\"position\":2,\"name\":\"Butik\",\"item\":\"https:\/\/babylove.se\/no\/butik\/\"},{\"@type\":\"ListItem\",\"position\":3,\"name\":\"Dekorillo, plakat til barnerommet, Giraff rosa\"}]},{\"@type\":\"WebSite\",\"@id\":\"https:\/\/babylove.se\/no\/#website\",\"url\":\"https:\/\/babylove.se\/no\/\",\"name\":\"Babylove Norska\",\"description\":\"\",\"potentialAction\":[{\"@type\":\"SearchAction\",\"target\":{\"@type\":\"EntryPoint\",\"urlTemplate\":\"https:\/\/babylove.se\/no\/?s={search_term_string}\"},\"query-input\":{\"@type\":\"PropertyValueSpecification\",\"valueRequired\":true,\"valueName\":\"search_term_string\"}}],\"inLanguage\":\"nb-NO\"}]}<\/script>\n<meta property=\"product:brand\" content=\"Dekorillo\" \/>\n<meta property=\"product:price:amount\" content=\"229.00\" \/>\n<meta property=\"product:price:currency\" content=\"SEK\" \/>\n<meta property=\"og:availability\" content=\"instock\" \/>\n<meta property=\"product:availability\" content=\"instock\" \/>\n<meta property=\"product:retailer_item_id\" content=\"PLAKATY-ZYRAFA-MARTA-PINK\" \/>\n<meta property=\"product:condition\" content=\"new\" \/>\n<!-- \/ Yoast SEO Premium plugin. -->","yoast_head_json":{"title":"Dekorillo, plakat til barnerommet, Giraff rosa - Babylove Norska","robots":{"index":"noindex","follow":"follow","max-snippet":"max-snippet:-1","max-image-preview":"max-image-preview:large","max-video-preview":"max-video-preview:-1"},"og_locale":"nb_NO","og_type":"article","og_title":"Dekorillo, plakat til barnerommet, Giraff rosa","og_description":"En vidunderlig vakker plakat for barnerommet med motiv av en fin giraff. Med disse plakatene kan du enkelt skape en unik f\u00f8lelse i barneromminnredningen din og barnet ditt kommer til \u00e5 elske de eventyrlige motivene. Trykket er laget p\u00e5 et sv\u00e6rt h\u00f8ykvalitets \u00f8kologisk papir med blekk som ikke inneholder stoffer som er skadelige for milj\u00f8et. [&hellip;]","og_url":"https:\/\/babylove.se\/no\/produkt\/dekorillo-plakater-til-barnerommet-sjiraff-rosa\/","og_site_name":"Babylove Norska","article_modified_time":"2026-04-08T11:11:06+00:00","og_image":[{"width":1600,"height":1600,"url":"https:\/\/babylove.se\/no\/wp-content\/uploads\/sites\/3\/2025\/07\/62389103c343c.jpeg","type":"image\/jpeg"}],"twitter_card":"summary_large_image","twitter_misc":{"Price":"229,00&nbsp;&#107;&#114;","Availability":"In stock"},"schema":{"@context":"https:\/\/schema.org","@graph":[{"@type":"WebPage","@id":"https:\/\/babylove.se\/no\/produkt\/dekorillo-plakater-til-barnerommet-sjiraff-rosa\/","url":"https:\/\/babylove.se\/no\/produkt\/dekorillo-plakater-til-barnerommet-sjiraff-rosa\/","name":"Dekorillo, plakat til barnerommet, Giraff rosa - Babylove Norska","isPartOf":{"@id":"https:\/\/babylove.se\/no\/#website"},"primaryImageOfPage":{"@id":"https:\/\/babylove.se\/no\/produkt\/dekorillo-plakater-til-barnerommet-sjiraff-rosa\/#primaryimage"},"image":{"@id":"https:\/\/babylove.se\/no\/produkt\/dekorillo-plakater-til-barnerommet-sjiraff-rosa\/#primaryimage"},"thumbnailUrl":"https:\/\/babylove.se\/no\/wp-content\/uploads\/sites\/3\/2025\/07\/62389103c343c.jpeg","datePublished":"2025-07-18T23:52:24+00:00","dateModified":"2026-04-08T11:11:06+00:00","breadcrumb":{"@id":"https:\/\/babylove.se\/no\/produkt\/dekorillo-plakater-til-barnerommet-sjiraff-rosa\/#breadcrumb"},"inLanguage":"nb-NO","potentialAction":[{"@type":"ReadAction","target":["https:\/\/babylove.se\/no\/produkt\/dekorillo-plakater-til-barnerommet-sjiraff-rosa\/"]}]},{"@type":"ImageObject","inLanguage":"nb-NO","@id":"https:\/\/babylove.se\/no\/produkt\/dekorillo-plakater-til-barnerommet-sjiraff-rosa\/#primaryimage","url":"https:\/\/babylove.se\/no\/wp-content\/uploads\/sites\/3\/2025\/07\/62389103c343c.jpeg","contentUrl":"https:\/\/babylove.se\/no\/wp-content\/uploads\/sites\/3\/2025\/07\/62389103c343c.jpeg","width":1600,"height":1600},{"@type":"BreadcrumbList","@id":"https:\/\/babylove.se\/no\/produkt\/dekorillo-plakater-til-barnerommet-sjiraff-rosa\/#breadcrumb","itemListElement":[{"@type":"ListItem","position":1,"name":"Hem","item":"https:\/\/babylove.se\/no\/"},{"@type":"ListItem","position":2,"name":"Butik","item":"https:\/\/babylove.se\/no\/butik\/"},{"@type":"ListItem","position":3,"name":"Dekorillo, plakat til barnerommet, Giraff rosa"}]},{"@type":"WebSite","@id":"https:\/\/babylove.se\/no\/#website","url":"https:\/\/babylove.se\/no\/","name":"Babylove Norska","description":"","potentialAction":[{"@type":"SearchAction","target":{"@type":"EntryPoint","urlTemplate":"https:\/\/babylove.se\/no\/?s={search_term_string}"},"query-input":{"@type":"PropertyValueSpecification","valueRequired":true,"valueName":"search_term_string"}}],"inLanguage":"nb-NO"}]},"product_brand":"Dekorillo","product_price_amount":"229.00","product_price_currency":"SEK","og_availability":"instock","product_availability":"instock","product_retailer_item_id":"PLAKATY-ZYRAFA-MARTA-PINK","product_condition":"new"},"_links":{"self":[{"href":"https:\/\/babylove.se\/no\/wp-json\/wp\/v2\/product\/34116","targetHints":{"allow":["GET"]}}],"collection":[{"href":"https:\/\/babylove.se\/no\/wp-json\/wp\/v2\/product"}],"about":[{"href":"https:\/\/babylove.se\/no\/wp-json\/wp\/v2\/types\/product"}],"replies":[{"embeddable":true,"href":"https:\/\/babylove.se\/no\/wp-json\/wp\/v2\/comments?post=34116"}],"wp:featuredmedia":[{"embeddable":true,"href":"https:\/\/babylove.se\/no\/wp-json\/wp\/v2\/media\/34118"}],"wp:attachment":[{"href":"https:\/\/babylove.se\/no\/wp-json\/wp\/v2\/media?parent=34116"}],"wp:term":[{"taxonomy":"product_brand","embeddable":true,"href":"https:\/\/babylove.se\/no\/wp-json\/wp\/v2\/product_brand?post=34116"},{"taxonomy":"product_cat","embeddable":true,"href":"https:\/\/babylove.se\/no\/wp-json\/wp\/v2\/product_cat?post=34116"},{"taxonomy":"product_tag","embeddable":true,"href":"https:\/\/babylove.se\/no\/wp-json\/wp\/v2\/product_tag?post=34116"}],"curies":[{"name":"wp","href":"https:\/\/api.w.org\/{rel}","templated":true}]}}