{"id":34196,"date":"2025-07-19T00:53:12","date_gmt":"2025-07-18T23:53:12","guid":{"rendered":"https:\/\/babylove.se\/produkt\/babylove-rund-lekmatta-med-volanger-gra\/"},"modified":"2026-04-08T12:11:48","modified_gmt":"2026-04-08T11:11:48","slug":"babylove-rund-lekematte-med-volanger-gra","status":"publish","type":"product","link":"https:\/\/babylove.se\/no\/produkt\/babylove-rund-lekematte-med-volanger-gra\/","title":{"rendered":"Babylove, rund lekematte med volanger, gr\u00e5"},"content":{"rendered":"<p>N\u00e5 kan vi stolt presentere v\u00e5r nye fine Babylove lekematte med underfulle volanger!<\/p>\n<p>Lekematten er laget av OEKO TEX-sertifisert bomull og er en fantastisk interi\u00f8rdetalj for barnerommet.<\/p>\n<p>Lekemattenes kjennetegn er at de er laget helt av antibakterielle og antiallergiske materialer, noe som gj\u00f8r at de passer perfekt for barn \u00e5 leke og v\u00e6re p\u00e5. Den passer utmerket sammen med en fin sengehimmel fra samme serie, bed\u00e5rende vakkert.<\/p>\n<p>Du holder den enkelt ren da den kan vaskes i 30 grader.<\/p>\n<p><strong>M\u00e5l<\/strong>: Diameter: 120 cm<\/p>\n<p><strong>Materiale<\/strong>: 100 % OEKO TEX-sertifisert bomull.&nbsp;<\/p>\n<p>Designer: <a href=\"https:\/\/babylove.se\/varumarken\/babylove\">Babylove<\/a><\/p>\n","protected":false},"excerpt":{"rendered":"<p>N\u00e5 kan vi stolt presentere v\u00e5r nye fine Babylove lekematte med underfulle volanger! Lekematten er laget av OEKO TEX-sertifisert bomull og er en fantastisk interi\u00f8rdetalj for barnerommet. Lekemattenes kjennetegn er at de er laget helt av antibakterielle og antiallergiske materialer, noe som gj\u00f8r at de passer perfekt for barn \u00e5 leke og v\u00e6re p\u00e5. Den [&hellip;]<\/p>\n","protected":false},"featured_media":34198,"comment_status":"closed","ping_status":"open","template":"","meta":{"_acf_changed":false},"product_brand":[22],"product_cat":[84,627,110,52],"product_tag":[],"class_list":{"0":"post-34196","1":"product","2":"type-product","3":"status-publish","4":"has-post-thumbnail","6":"product_brand-babylove","7":"product_cat-babylove","8":"product_cat-babylove-tekstiler","9":"product_cat-cyber-monday","10":"product_cat-lekematter","12":"first","13":"outofstock","14":"taxable","15":"shipping-taxable","16":"purchasable","17":"product-type-simple"},"acf":[],"yoast_head":"<!-- This site is optimized with the Yoast SEO Premium plugin v25.8 (Yoast SEO v27.2) - https:\/\/yoast.com\/product\/yoast-seo-premium-wordpress\/ -->\n<title>Babylove, rund lekematte med volanger, gr\u00e5 - Babylove Norska<\/title>\n<meta name=\"robots\" content=\"noindex, follow, max-snippet:-1, max-image-preview:large, max-video-preview:-1\" \/>\n<meta property=\"og:locale\" content=\"nb_NO\" \/>\n<meta property=\"og:type\" content=\"article\" \/>\n<meta property=\"og:title\" content=\"Babylove, rund lekematte med volanger, gr\u00e5\" \/>\n<meta property=\"og:description\" content=\"N\u00e5 kan vi stolt presentere v\u00e5r nye fine Babylove lekematte med underfulle volanger! Lekematten er laget av OEKO TEX-sertifisert bomull og er en fantastisk interi\u00f8rdetalj for barnerommet. Lekemattenes kjennetegn er at de er laget helt av antibakterielle og antiallergiske materialer, noe som gj\u00f8r at de passer perfekt for barn \u00e5 leke og v\u00e6re p\u00e5. Den [&hellip;]\" \/>\n<meta property=\"og:url\" content=\"https:\/\/babylove.se\/no\/produkt\/babylove-rund-lekematte-med-volanger-gra\/\" \/>\n<meta property=\"og:site_name\" content=\"Babylove Norska\" \/>\n<meta property=\"article:modified_time\" content=\"2026-04-08T11:11:48+00:00\" \/>\n<meta property=\"og:image\" content=\"https:\/\/babylove.se\/no\/wp-content\/uploads\/sites\/3\/2025\/07\/624eec88e4c5d.jpeg\" \/>\n\t<meta property=\"og:image:width\" content=\"800\" \/>\n\t<meta property=\"og:image:height\" content=\"800\" \/>\n\t<meta property=\"og:image:type\" content=\"image\/jpeg\" \/>\n<meta name=\"twitter:card\" content=\"summary_large_image\" \/>\n<meta name=\"twitter:label1\" content=\"Price\" \/>\n\t<meta name=\"twitter:data1\" content=\"299,00&nbsp;&#107;&#114;\" \/>\n\t<meta name=\"twitter:label2\" content=\"Availability\" \/>\n\t<meta name=\"twitter:data2\" content=\"Out of stock\" \/>\n<script type=\"application\/ld+json\" class=\"yoast-schema-graph\">{\"@context\":\"https:\/\/schema.org\",\"@graph\":[{\"@type\":\"WebPage\",\"@id\":\"https:\/\/babylove.se\/no\/produkt\/babylove-rund-lekematte-med-volanger-gra\/\",\"url\":\"https:\/\/babylove.se\/no\/produkt\/babylove-rund-lekematte-med-volanger-gra\/\",\"name\":\"Babylove, rund lekematte med volanger, gr\u00e5 - Babylove Norska\",\"isPartOf\":{\"@id\":\"https:\/\/babylove.se\/no\/#website\"},\"primaryImageOfPage\":{\"@id\":\"https:\/\/babylove.se\/no\/produkt\/babylove-rund-lekematte-med-volanger-gra\/#primaryimage\"},\"image\":{\"@id\":\"https:\/\/babylove.se\/no\/produkt\/babylove-rund-lekematte-med-volanger-gra\/#primaryimage\"},\"thumbnailUrl\":\"https:\/\/babylove.se\/no\/wp-content\/uploads\/sites\/3\/2025\/07\/624eec88e4c5d.jpeg\",\"datePublished\":\"2025-07-18T23:53:12+00:00\",\"dateModified\":\"2026-04-08T11:11:48+00:00\",\"breadcrumb\":{\"@id\":\"https:\/\/babylove.se\/no\/produkt\/babylove-rund-lekematte-med-volanger-gra\/#breadcrumb\"},\"inLanguage\":\"nb-NO\",\"potentialAction\":[{\"@type\":\"ReadAction\",\"target\":[\"https:\/\/babylove.se\/no\/produkt\/babylove-rund-lekematte-med-volanger-gra\/\"]}]},{\"@type\":\"ImageObject\",\"inLanguage\":\"nb-NO\",\"@id\":\"https:\/\/babylove.se\/no\/produkt\/babylove-rund-lekematte-med-volanger-gra\/#primaryimage\",\"url\":\"https:\/\/babylove.se\/no\/wp-content\/uploads\/sites\/3\/2025\/07\/624eec88e4c5d.jpeg\",\"contentUrl\":\"https:\/\/babylove.se\/no\/wp-content\/uploads\/sites\/3\/2025\/07\/624eec88e4c5d.jpeg\",\"width\":800,\"height\":800},{\"@type\":\"BreadcrumbList\",\"@id\":\"https:\/\/babylove.se\/no\/produkt\/babylove-rund-lekematte-med-volanger-gra\/#breadcrumb\",\"itemListElement\":[{\"@type\":\"ListItem\",\"position\":1,\"name\":\"Hem\",\"item\":\"https:\/\/babylove.se\/no\/\"},{\"@type\":\"ListItem\",\"position\":2,\"name\":\"Butik\",\"item\":\"https:\/\/babylove.se\/no\/butik\/\"},{\"@type\":\"ListItem\",\"position\":3,\"name\":\"Babylove, rund lekematte med volanger, gr\u00e5\"}]},{\"@type\":\"WebSite\",\"@id\":\"https:\/\/babylove.se\/no\/#website\",\"url\":\"https:\/\/babylove.se\/no\/\",\"name\":\"Babylove Norska\",\"description\":\"\",\"potentialAction\":[{\"@type\":\"SearchAction\",\"target\":{\"@type\":\"EntryPoint\",\"urlTemplate\":\"https:\/\/babylove.se\/no\/?s={search_term_string}\"},\"query-input\":{\"@type\":\"PropertyValueSpecification\",\"valueRequired\":true,\"valueName\":\"search_term_string\"}}],\"inLanguage\":\"nb-NO\"}]}<\/script>\n<meta property=\"product:brand\" content=\"Babylove\" \/>\n<meta property=\"product:price:amount\" content=\"299.00\" \/>\n<meta property=\"product:price:currency\" content=\"SEK\" \/>\n<meta property=\"og:availability\" content=\"out of stock\" \/>\n<meta property=\"product:availability\" content=\"out of stock\" \/>\n<meta property=\"product:retailer_item_id\" content=\"BB00003954\" \/>\n<meta property=\"product:condition\" content=\"new\" \/>\n<!-- \/ Yoast SEO Premium plugin. -->","yoast_head_json":{"title":"Babylove, rund lekematte med volanger, gr\u00e5 - Babylove Norska","robots":{"index":"noindex","follow":"follow","max-snippet":"max-snippet:-1","max-image-preview":"max-image-preview:large","max-video-preview":"max-video-preview:-1"},"og_locale":"nb_NO","og_type":"article","og_title":"Babylove, rund lekematte med volanger, gr\u00e5","og_description":"N\u00e5 kan vi stolt presentere v\u00e5r nye fine Babylove lekematte med underfulle volanger! Lekematten er laget av OEKO TEX-sertifisert bomull og er en fantastisk interi\u00f8rdetalj for barnerommet. Lekemattenes kjennetegn er at de er laget helt av antibakterielle og antiallergiske materialer, noe som gj\u00f8r at de passer perfekt for barn \u00e5 leke og v\u00e6re p\u00e5. Den [&hellip;]","og_url":"https:\/\/babylove.se\/no\/produkt\/babylove-rund-lekematte-med-volanger-gra\/","og_site_name":"Babylove Norska","article_modified_time":"2026-04-08T11:11:48+00:00","og_image":[{"width":800,"height":800,"url":"https:\/\/babylove.se\/no\/wp-content\/uploads\/sites\/3\/2025\/07\/624eec88e4c5d.jpeg","type":"image\/jpeg"}],"twitter_card":"summary_large_image","twitter_misc":{"Price":"299,00&nbsp;&#107;&#114;","Availability":"Out of stock"},"schema":{"@context":"https:\/\/schema.org","@graph":[{"@type":"WebPage","@id":"https:\/\/babylove.se\/no\/produkt\/babylove-rund-lekematte-med-volanger-gra\/","url":"https:\/\/babylove.se\/no\/produkt\/babylove-rund-lekematte-med-volanger-gra\/","name":"Babylove, rund lekematte med volanger, gr\u00e5 - Babylove Norska","isPartOf":{"@id":"https:\/\/babylove.se\/no\/#website"},"primaryImageOfPage":{"@id":"https:\/\/babylove.se\/no\/produkt\/babylove-rund-lekematte-med-volanger-gra\/#primaryimage"},"image":{"@id":"https:\/\/babylove.se\/no\/produkt\/babylove-rund-lekematte-med-volanger-gra\/#primaryimage"},"thumbnailUrl":"https:\/\/babylove.se\/no\/wp-content\/uploads\/sites\/3\/2025\/07\/624eec88e4c5d.jpeg","datePublished":"2025-07-18T23:53:12+00:00","dateModified":"2026-04-08T11:11:48+00:00","breadcrumb":{"@id":"https:\/\/babylove.se\/no\/produkt\/babylove-rund-lekematte-med-volanger-gra\/#breadcrumb"},"inLanguage":"nb-NO","potentialAction":[{"@type":"ReadAction","target":["https:\/\/babylove.se\/no\/produkt\/babylove-rund-lekematte-med-volanger-gra\/"]}]},{"@type":"ImageObject","inLanguage":"nb-NO","@id":"https:\/\/babylove.se\/no\/produkt\/babylove-rund-lekematte-med-volanger-gra\/#primaryimage","url":"https:\/\/babylove.se\/no\/wp-content\/uploads\/sites\/3\/2025\/07\/624eec88e4c5d.jpeg","contentUrl":"https:\/\/babylove.se\/no\/wp-content\/uploads\/sites\/3\/2025\/07\/624eec88e4c5d.jpeg","width":800,"height":800},{"@type":"BreadcrumbList","@id":"https:\/\/babylove.se\/no\/produkt\/babylove-rund-lekematte-med-volanger-gra\/#breadcrumb","itemListElement":[{"@type":"ListItem","position":1,"name":"Hem","item":"https:\/\/babylove.se\/no\/"},{"@type":"ListItem","position":2,"name":"Butik","item":"https:\/\/babylove.se\/no\/butik\/"},{"@type":"ListItem","position":3,"name":"Babylove, rund lekematte med volanger, gr\u00e5"}]},{"@type":"WebSite","@id":"https:\/\/babylove.se\/no\/#website","url":"https:\/\/babylove.se\/no\/","name":"Babylove Norska","description":"","potentialAction":[{"@type":"SearchAction","target":{"@type":"EntryPoint","urlTemplate":"https:\/\/babylove.se\/no\/?s={search_term_string}"},"query-input":{"@type":"PropertyValueSpecification","valueRequired":true,"valueName":"search_term_string"}}],"inLanguage":"nb-NO"}]},"product_brand":"Babylove","product_price_amount":"299.00","product_price_currency":"SEK","og_availability":"out of stock","product_availability":"out of stock","product_retailer_item_id":"BB00003954","product_condition":"new"},"_links":{"self":[{"href":"https:\/\/babylove.se\/no\/wp-json\/wp\/v2\/product\/34196","targetHints":{"allow":["GET"]}}],"collection":[{"href":"https:\/\/babylove.se\/no\/wp-json\/wp\/v2\/product"}],"about":[{"href":"https:\/\/babylove.se\/no\/wp-json\/wp\/v2\/types\/product"}],"replies":[{"embeddable":true,"href":"https:\/\/babylove.se\/no\/wp-json\/wp\/v2\/comments?post=34196"}],"wp:featuredmedia":[{"embeddable":true,"href":"https:\/\/babylove.se\/no\/wp-json\/wp\/v2\/media\/34198"}],"wp:attachment":[{"href":"https:\/\/babylove.se\/no\/wp-json\/wp\/v2\/media?parent=34196"}],"wp:term":[{"taxonomy":"product_brand","embeddable":true,"href":"https:\/\/babylove.se\/no\/wp-json\/wp\/v2\/product_brand?post=34196"},{"taxonomy":"product_cat","embeddable":true,"href":"https:\/\/babylove.se\/no\/wp-json\/wp\/v2\/product_cat?post=34196"},{"taxonomy":"product_tag","embeddable":true,"href":"https:\/\/babylove.se\/no\/wp-json\/wp\/v2\/product_tag?post=34196"}],"curies":[{"name":"wp","href":"https:\/\/api.w.org\/{rel}","templated":true}]}}