{"id":34230,"date":"2025-07-19T00:53:12","date_gmt":"2025-07-18T23:53:12","guid":{"rendered":"https:\/\/babylove.se\/produkt\/fayne-saccosack-lila\/"},"modified":"2026-04-08T12:12:08","modified_gmt":"2026-04-08T11:12:08","slug":"fayne-saccosack-lila","status":"publish","type":"product","link":"https:\/\/babylove.se\/no\/produkt\/fayne-saccosack-lila\/","title":{"rendered":"Fayne, sovepose lilla"},"content":{"rendered":"<p>Denne saccosekken for b\u00e5de barn og voksne er meget popul\u00e6r i Norge og finnes n\u00e5 i Sverige hvor den ogs\u00e5 raskt har blitt et popul\u00e6rt produkt. Et vakkert produkt som vil bidra til ditt barneroms innredning p\u00e5 beste m\u00e5te. Den passer dessuten like godt p\u00e5 ditt barns rom som i stuen. Se frem til masse koselige stunder for boklesing sammen med ditt barn, eller en avslappende stund for deg med en kopp te, n\u00e5r ditt barn har sovnet. Sittepuffen er laget av en underbar fl\u00f8yelsbomull som gir en deilig f\u00f8lelse n\u00e5r du sitter i den. Fyllet best\u00e5r av 100 % giftfrie EPS-perler.<\/p>\n<p>Du velger selv din favorittfarge som du synes passer best hjemme hos deg.<\/p>\n<p>Stoffet er avtagbart, noe som gj\u00f8r at du kan vaske det og holde saccosekken ren og frisk.<\/p>\n<p><strong>M\u00e5l<\/strong>: 120 x 80 cm &nbsp;<\/p>\n<p>Designer: <a href=\"https:\/\/babylove.se\/varumarken\/fayne\"><u>Fayne<\/u><\/a><\/p>\n","protected":false},"excerpt":{"rendered":"<p>Denne saccosekken for b\u00e5de barn og voksne er meget popul\u00e6r i Norge og finnes n\u00e5 i Sverige hvor den ogs\u00e5 raskt har blitt et popul\u00e6rt produkt. Et vakkert produkt som vil bidra til ditt barneroms innredning p\u00e5 beste m\u00e5te. Den passer dessuten like godt p\u00e5 ditt barns rom som i stuen. Se frem til masse [&hellip;]<\/p>\n","protected":false},"featured_media":34232,"comment_status":"closed","ping_status":"open","template":"","meta":{"_acf_changed":false},"product_brand":[295],"product_cat":[296,200,44],"product_tag":[1689],"class_list":{"0":"post-34230","1":"product","2":"type-product","3":"status-publish","4":"has-post-thumbnail","6":"product_brand-fayne","7":"product_cat-fayne","8":"product_cat-floyel","9":"product_cat-sitteputfer-saccosekker","10":"product_tag-bestillingsvaror","12":"first","13":"outofstock","14":"taxable","15":"shipping-taxable","16":"purchasable","17":"product-type-simple"},"acf":[],"yoast_head":"<!-- This site is optimized with the Yoast SEO Premium plugin v25.8 (Yoast SEO v27.2) - https:\/\/yoast.com\/product\/yoast-seo-premium-wordpress\/ -->\n<title>Fayne, sovepose lilla - Babylove Norska<\/title>\n<meta name=\"robots\" content=\"noindex, follow, max-snippet:-1, max-image-preview:large, max-video-preview:-1\" \/>\n<meta property=\"og:locale\" content=\"nb_NO\" \/>\n<meta property=\"og:type\" content=\"article\" \/>\n<meta property=\"og:title\" content=\"Fayne, sovepose lilla\" \/>\n<meta property=\"og:description\" content=\"Denne saccosekken for b\u00e5de barn og voksne er meget popul\u00e6r i Norge og finnes n\u00e5 i Sverige hvor den ogs\u00e5 raskt har blitt et popul\u00e6rt produkt. Et vakkert produkt som vil bidra til ditt barneroms innredning p\u00e5 beste m\u00e5te. Den passer dessuten like godt p\u00e5 ditt barns rom som i stuen. Se frem til masse [&hellip;]\" \/>\n<meta property=\"og:url\" content=\"https:\/\/babylove.se\/no\/produkt\/fayne-saccosack-lila\/\" \/>\n<meta property=\"og:site_name\" content=\"Babylove Norska\" \/>\n<meta property=\"article:modified_time\" content=\"2026-04-08T11:12:08+00:00\" \/>\n<meta property=\"og:image\" content=\"https:\/\/babylove.se\/no\/wp-content\/uploads\/sites\/3\/2025\/07\/623db562e744d.jpeg\" \/>\n\t<meta property=\"og:image:width\" content=\"1937\" \/>\n\t<meta property=\"og:image:height\" content=\"1937\" \/>\n\t<meta property=\"og:image:type\" content=\"image\/jpeg\" \/>\n<meta name=\"twitter:card\" content=\"summary_large_image\" \/>\n<meta name=\"twitter:label1\" content=\"Price\" \/>\n\t<meta name=\"twitter:data1\" content=\"1 799,00&nbsp;&#107;&#114;\" \/>\n\t<meta name=\"twitter:label2\" content=\"Availability\" \/>\n\t<meta name=\"twitter:data2\" content=\"Out of stock\" \/>\n<script type=\"application\/ld+json\" class=\"yoast-schema-graph\">{\"@context\":\"https:\/\/schema.org\",\"@graph\":[{\"@type\":\"WebPage\",\"@id\":\"https:\/\/babylove.se\/no\/produkt\/fayne-saccosack-lila\/\",\"url\":\"https:\/\/babylove.se\/no\/produkt\/fayne-saccosack-lila\/\",\"name\":\"Fayne, sovepose lilla - Babylove Norska\",\"isPartOf\":{\"@id\":\"https:\/\/babylove.se\/no\/#website\"},\"primaryImageOfPage\":{\"@id\":\"https:\/\/babylove.se\/no\/produkt\/fayne-saccosack-lila\/#primaryimage\"},\"image\":{\"@id\":\"https:\/\/babylove.se\/no\/produkt\/fayne-saccosack-lila\/#primaryimage\"},\"thumbnailUrl\":\"https:\/\/babylove.se\/no\/wp-content\/uploads\/sites\/3\/2025\/07\/623db562e744d.jpeg\",\"datePublished\":\"2025-07-18T23:53:12+00:00\",\"dateModified\":\"2026-04-08T11:12:08+00:00\",\"breadcrumb\":{\"@id\":\"https:\/\/babylove.se\/no\/produkt\/fayne-saccosack-lila\/#breadcrumb\"},\"inLanguage\":\"nb-NO\",\"potentialAction\":[{\"@type\":\"ReadAction\",\"target\":[\"https:\/\/babylove.se\/no\/produkt\/fayne-saccosack-lila\/\"]}]},{\"@type\":\"ImageObject\",\"inLanguage\":\"nb-NO\",\"@id\":\"https:\/\/babylove.se\/no\/produkt\/fayne-saccosack-lila\/#primaryimage\",\"url\":\"https:\/\/babylove.se\/no\/wp-content\/uploads\/sites\/3\/2025\/07\/623db562e744d.jpeg\",\"contentUrl\":\"https:\/\/babylove.se\/no\/wp-content\/uploads\/sites\/3\/2025\/07\/623db562e744d.jpeg\",\"width\":1937,\"height\":1937},{\"@type\":\"BreadcrumbList\",\"@id\":\"https:\/\/babylove.se\/no\/produkt\/fayne-saccosack-lila\/#breadcrumb\",\"itemListElement\":[{\"@type\":\"ListItem\",\"position\":1,\"name\":\"Hem\",\"item\":\"https:\/\/babylove.se\/no\/\"},{\"@type\":\"ListItem\",\"position\":2,\"name\":\"Butik\",\"item\":\"https:\/\/babylove.se\/no\/butik\/\"},{\"@type\":\"ListItem\",\"position\":3,\"name\":\"Fayne, sovepose lilla\"}]},{\"@type\":\"WebSite\",\"@id\":\"https:\/\/babylove.se\/no\/#website\",\"url\":\"https:\/\/babylove.se\/no\/\",\"name\":\"Babylove Norska\",\"description\":\"\",\"potentialAction\":[{\"@type\":\"SearchAction\",\"target\":{\"@type\":\"EntryPoint\",\"urlTemplate\":\"https:\/\/babylove.se\/no\/?s={search_term_string}\"},\"query-input\":{\"@type\":\"PropertyValueSpecification\",\"valueRequired\":true,\"valueName\":\"search_term_string\"}}],\"inLanguage\":\"nb-NO\"}]}<\/script>\n<meta property=\"product:brand\" content=\"Fayne\" \/>\n<meta property=\"product:price:amount\" content=\"1799.00\" \/>\n<meta property=\"product:price:currency\" content=\"SEK\" \/>\n<meta property=\"og:availability\" content=\"out of stock\" \/>\n<meta property=\"product:availability\" content=\"out of stock\" \/>\n<meta property=\"product:retailer_item_id\" content=\"274B-2097B_20220317163629\" \/>\n<meta property=\"product:condition\" content=\"new\" \/>\n<!-- \/ Yoast SEO Premium plugin. -->","yoast_head_json":{"title":"Fayne, sovepose lilla - Babylove Norska","robots":{"index":"noindex","follow":"follow","max-snippet":"max-snippet:-1","max-image-preview":"max-image-preview:large","max-video-preview":"max-video-preview:-1"},"og_locale":"nb_NO","og_type":"article","og_title":"Fayne, sovepose lilla","og_description":"Denne saccosekken for b\u00e5de barn og voksne er meget popul\u00e6r i Norge og finnes n\u00e5 i Sverige hvor den ogs\u00e5 raskt har blitt et popul\u00e6rt produkt. Et vakkert produkt som vil bidra til ditt barneroms innredning p\u00e5 beste m\u00e5te. Den passer dessuten like godt p\u00e5 ditt barns rom som i stuen. Se frem til masse [&hellip;]","og_url":"https:\/\/babylove.se\/no\/produkt\/fayne-saccosack-lila\/","og_site_name":"Babylove Norska","article_modified_time":"2026-04-08T11:12:08+00:00","og_image":[{"width":1937,"height":1937,"url":"https:\/\/babylove.se\/no\/wp-content\/uploads\/sites\/3\/2025\/07\/623db562e744d.jpeg","type":"image\/jpeg"}],"twitter_card":"summary_large_image","twitter_misc":{"Price":"1 799,00&nbsp;&#107;&#114;","Availability":"Out of stock"},"schema":{"@context":"https:\/\/schema.org","@graph":[{"@type":"WebPage","@id":"https:\/\/babylove.se\/no\/produkt\/fayne-saccosack-lila\/","url":"https:\/\/babylove.se\/no\/produkt\/fayne-saccosack-lila\/","name":"Fayne, sovepose lilla - Babylove Norska","isPartOf":{"@id":"https:\/\/babylove.se\/no\/#website"},"primaryImageOfPage":{"@id":"https:\/\/babylove.se\/no\/produkt\/fayne-saccosack-lila\/#primaryimage"},"image":{"@id":"https:\/\/babylove.se\/no\/produkt\/fayne-saccosack-lila\/#primaryimage"},"thumbnailUrl":"https:\/\/babylove.se\/no\/wp-content\/uploads\/sites\/3\/2025\/07\/623db562e744d.jpeg","datePublished":"2025-07-18T23:53:12+00:00","dateModified":"2026-04-08T11:12:08+00:00","breadcrumb":{"@id":"https:\/\/babylove.se\/no\/produkt\/fayne-saccosack-lila\/#breadcrumb"},"inLanguage":"nb-NO","potentialAction":[{"@type":"ReadAction","target":["https:\/\/babylove.se\/no\/produkt\/fayne-saccosack-lila\/"]}]},{"@type":"ImageObject","inLanguage":"nb-NO","@id":"https:\/\/babylove.se\/no\/produkt\/fayne-saccosack-lila\/#primaryimage","url":"https:\/\/babylove.se\/no\/wp-content\/uploads\/sites\/3\/2025\/07\/623db562e744d.jpeg","contentUrl":"https:\/\/babylove.se\/no\/wp-content\/uploads\/sites\/3\/2025\/07\/623db562e744d.jpeg","width":1937,"height":1937},{"@type":"BreadcrumbList","@id":"https:\/\/babylove.se\/no\/produkt\/fayne-saccosack-lila\/#breadcrumb","itemListElement":[{"@type":"ListItem","position":1,"name":"Hem","item":"https:\/\/babylove.se\/no\/"},{"@type":"ListItem","position":2,"name":"Butik","item":"https:\/\/babylove.se\/no\/butik\/"},{"@type":"ListItem","position":3,"name":"Fayne, sovepose lilla"}]},{"@type":"WebSite","@id":"https:\/\/babylove.se\/no\/#website","url":"https:\/\/babylove.se\/no\/","name":"Babylove Norska","description":"","potentialAction":[{"@type":"SearchAction","target":{"@type":"EntryPoint","urlTemplate":"https:\/\/babylove.se\/no\/?s={search_term_string}"},"query-input":{"@type":"PropertyValueSpecification","valueRequired":true,"valueName":"search_term_string"}}],"inLanguage":"nb-NO"}]},"product_brand":"Fayne","product_price_amount":"1799.00","product_price_currency":"SEK","og_availability":"out of stock","product_availability":"out of stock","product_retailer_item_id":"274B-2097B_20220317163629","product_condition":"new"},"_links":{"self":[{"href":"https:\/\/babylove.se\/no\/wp-json\/wp\/v2\/product\/34230","targetHints":{"allow":["GET"]}}],"collection":[{"href":"https:\/\/babylove.se\/no\/wp-json\/wp\/v2\/product"}],"about":[{"href":"https:\/\/babylove.se\/no\/wp-json\/wp\/v2\/types\/product"}],"replies":[{"embeddable":true,"href":"https:\/\/babylove.se\/no\/wp-json\/wp\/v2\/comments?post=34230"}],"wp:featuredmedia":[{"embeddable":true,"href":"https:\/\/babylove.se\/no\/wp-json\/wp\/v2\/media\/34232"}],"wp:attachment":[{"href":"https:\/\/babylove.se\/no\/wp-json\/wp\/v2\/media?parent=34230"}],"wp:term":[{"taxonomy":"product_brand","embeddable":true,"href":"https:\/\/babylove.se\/no\/wp-json\/wp\/v2\/product_brand?post=34230"},{"taxonomy":"product_cat","embeddable":true,"href":"https:\/\/babylove.se\/no\/wp-json\/wp\/v2\/product_cat?post=34230"},{"taxonomy":"product_tag","embeddable":true,"href":"https:\/\/babylove.se\/no\/wp-json\/wp\/v2\/product_tag?post=34230"}],"curies":[{"name":"wp","href":"https:\/\/api.w.org\/{rel}","templated":true}]}}