{"id":34283,"date":"2025-07-19T00:53:46","date_gmt":"2025-07-18T23:53:46","guid":{"rendered":"https:\/\/babylove.se\/produkt\/fayne-sittboll-teddy-ljusbrun\/"},"modified":"2026-04-08T12:12:36","modified_gmt":"2026-04-08T11:12:36","slug":"fayne-sitteboll-bamse-lysbrun","status":"publish","type":"product","link":"https:\/\/babylove.se\/no\/produkt\/fayne-sitteboll-bamse-lysbrun\/","title":{"rendered":"Fayne, sitteball bamse, lysbrun"},"content":{"rendered":"<p>Supers\u00f8t sitteball i form av en teddybj\u00f8rn fra Fayne! Et vakkert produkt som vil bidra til din barneroms-innredning p\u00e5 beste m\u00e5te.&nbsp;<\/p>\n<p>Ditt barn vil finne massevis av bruksomr\u00e5der, b\u00e5de \u00e5 sitte p\u00e5 den og leke med den. En sitteball hjelper barnet med \u00e5 aktivere musklene og kan p\u00e5 den m\u00e5ten forbedre balansen og fremme korrekt kroppsholdning. Balanseballen kan ogs\u00e5 brukes til lettere kropps\u00f8velser.&nbsp;<\/p>\n<p><span style=\"background-color: initial; text-align: initial;\">L<\/span>aget av et deilig velourstoff og har dessuten et praktisk skinnh\u00e5ndtak. Stoffet er avtakbart, noe som gj\u00f8r at du kan vaske det (maks 30 grader) og holde sitteballen ren og frisk.<\/p>\n<p>Pumpe f\u00f8lger med.&nbsp;<\/p>\n<p>Alder: 5+ \u00e5r (opp til 145 cm lengde).&nbsp;<\/p>\n<p><strong>M\u00e5l<\/strong>: Diameter: 45 cm<\/p>\n<p><strong>Materiale<\/strong>: Ball:<span>&nbsp;<\/span>100% PVC. Ytterstoff: 100% polyester.<\/p>\n<p>Designer: <a href=\"https:\/\/babylove.se\/varumarken\/fayne\"><u>Fayne<\/u><\/a><\/p>\n","protected":false},"excerpt":{"rendered":"<p>Supers\u00f8t sitteball i form av en teddybj\u00f8rn fra Fayne! Et vakkert produkt som vil bidra til din barneroms-innredning p\u00e5 beste m\u00e5te.&nbsp; Ditt barn vil finne massevis av bruksomr\u00e5der, b\u00e5de \u00e5 sitte p\u00e5 den og leke med den. En sitteball hjelper barnet med \u00e5 aktivere musklene og kan p\u00e5 den m\u00e5ten forbedre balansen og fremme korrekt [&hellip;]<\/p>\n","protected":false},"featured_media":34285,"comment_status":"closed","ping_status":"open","template":"","meta":{"_acf_changed":false},"product_brand":[295],"product_cat":[296,44],"product_tag":[1689],"class_list":{"0":"post-34283","1":"product","2":"type-product","3":"status-publish","4":"has-post-thumbnail","6":"product_brand-fayne","7":"product_cat-fayne","8":"product_cat-sitteputfer-saccosekker","9":"product_tag-bestillingsvaror","11":"first","12":"outofstock","13":"taxable","14":"shipping-taxable","15":"purchasable","16":"product-type-simple"},"acf":[],"yoast_head":"<!-- This site is optimized with the Yoast SEO Premium plugin v25.8 (Yoast SEO v27.2) - https:\/\/yoast.com\/product\/yoast-seo-premium-wordpress\/ -->\n<title>Fayne, sitteball bamse, lysbrun - Babylove Norska<\/title>\n<meta name=\"robots\" content=\"noindex, follow, max-snippet:-1, max-image-preview:large, max-video-preview:-1\" \/>\n<meta property=\"og:locale\" content=\"nb_NO\" \/>\n<meta property=\"og:type\" content=\"article\" \/>\n<meta property=\"og:title\" content=\"Fayne, sitteball bamse, lysbrun\" \/>\n<meta property=\"og:description\" content=\"Supers\u00f8t sitteball i form av en teddybj\u00f8rn fra Fayne! Et vakkert produkt som vil bidra til din barneroms-innredning p\u00e5 beste m\u00e5te.&nbsp; Ditt barn vil finne massevis av bruksomr\u00e5der, b\u00e5de \u00e5 sitte p\u00e5 den og leke med den. En sitteball hjelper barnet med \u00e5 aktivere musklene og kan p\u00e5 den m\u00e5ten forbedre balansen og fremme korrekt [&hellip;]\" \/>\n<meta property=\"og:url\" content=\"https:\/\/babylove.se\/no\/produkt\/fayne-sitteboll-bamse-lysbrun\/\" \/>\n<meta property=\"og:site_name\" content=\"Babylove Norska\" \/>\n<meta property=\"article:modified_time\" content=\"2026-04-08T11:12:36+00:00\" \/>\n<meta property=\"og:image\" content=\"https:\/\/babylove.se\/no\/wp-content\/uploads\/sites\/3\/2025\/07\/623dc532da663.jpeg\" \/>\n\t<meta property=\"og:image:width\" content=\"1453\" \/>\n\t<meta property=\"og:image:height\" content=\"1453\" \/>\n\t<meta property=\"og:image:type\" content=\"image\/jpeg\" \/>\n<meta name=\"twitter:card\" content=\"summary_large_image\" \/>\n<meta name=\"twitter:label1\" content=\"Price\" \/>\n\t<meta name=\"twitter:data1\" content=\"1 799,00&nbsp;&#107;&#114;\" \/>\n\t<meta name=\"twitter:label2\" content=\"Availability\" \/>\n\t<meta name=\"twitter:data2\" content=\"Out of stock\" \/>\n<script type=\"application\/ld+json\" class=\"yoast-schema-graph\">{\"@context\":\"https:\/\/schema.org\",\"@graph\":[{\"@type\":\"WebPage\",\"@id\":\"https:\/\/babylove.se\/no\/produkt\/fayne-sitteboll-bamse-lysbrun\/\",\"url\":\"https:\/\/babylove.se\/no\/produkt\/fayne-sitteboll-bamse-lysbrun\/\",\"name\":\"Fayne, sitteball bamse, lysbrun - Babylove Norska\",\"isPartOf\":{\"@id\":\"https:\/\/babylove.se\/no\/#website\"},\"primaryImageOfPage\":{\"@id\":\"https:\/\/babylove.se\/no\/produkt\/fayne-sitteboll-bamse-lysbrun\/#primaryimage\"},\"image\":{\"@id\":\"https:\/\/babylove.se\/no\/produkt\/fayne-sitteboll-bamse-lysbrun\/#primaryimage\"},\"thumbnailUrl\":\"https:\/\/babylove.se\/no\/wp-content\/uploads\/sites\/3\/2025\/07\/623dc532da663.jpeg\",\"datePublished\":\"2025-07-18T23:53:46+00:00\",\"dateModified\":\"2026-04-08T11:12:36+00:00\",\"breadcrumb\":{\"@id\":\"https:\/\/babylove.se\/no\/produkt\/fayne-sitteboll-bamse-lysbrun\/#breadcrumb\"},\"inLanguage\":\"nb-NO\",\"potentialAction\":[{\"@type\":\"ReadAction\",\"target\":[\"https:\/\/babylove.se\/no\/produkt\/fayne-sitteboll-bamse-lysbrun\/\"]}]},{\"@type\":\"ImageObject\",\"inLanguage\":\"nb-NO\",\"@id\":\"https:\/\/babylove.se\/no\/produkt\/fayne-sitteboll-bamse-lysbrun\/#primaryimage\",\"url\":\"https:\/\/babylove.se\/no\/wp-content\/uploads\/sites\/3\/2025\/07\/623dc532da663.jpeg\",\"contentUrl\":\"https:\/\/babylove.se\/no\/wp-content\/uploads\/sites\/3\/2025\/07\/623dc532da663.jpeg\",\"width\":1453,\"height\":1453},{\"@type\":\"BreadcrumbList\",\"@id\":\"https:\/\/babylove.se\/no\/produkt\/fayne-sitteboll-bamse-lysbrun\/#breadcrumb\",\"itemListElement\":[{\"@type\":\"ListItem\",\"position\":1,\"name\":\"Hem\",\"item\":\"https:\/\/babylove.se\/no\/\"},{\"@type\":\"ListItem\",\"position\":2,\"name\":\"Butik\",\"item\":\"https:\/\/babylove.se\/no\/butik\/\"},{\"@type\":\"ListItem\",\"position\":3,\"name\":\"Fayne, sitteball bamse, lysbrun\"}]},{\"@type\":\"WebSite\",\"@id\":\"https:\/\/babylove.se\/no\/#website\",\"url\":\"https:\/\/babylove.se\/no\/\",\"name\":\"Babylove Norska\",\"description\":\"\",\"potentialAction\":[{\"@type\":\"SearchAction\",\"target\":{\"@type\":\"EntryPoint\",\"urlTemplate\":\"https:\/\/babylove.se\/no\/?s={search_term_string}\"},\"query-input\":{\"@type\":\"PropertyValueSpecification\",\"valueRequired\":true,\"valueName\":\"search_term_string\"}}],\"inLanguage\":\"nb-NO\"}]}<\/script>\n<meta property=\"product:brand\" content=\"Fayne\" \/>\n<meta property=\"product:price:amount\" content=\"1799.00\" \/>\n<meta property=\"product:price:currency\" content=\"SEK\" \/>\n<meta property=\"og:availability\" content=\"out of stock\" \/>\n<meta property=\"product:availability\" content=\"out of stock\" \/>\n<meta property=\"product:retailer_item_id\" content=\"274B-2097B_20220317214504\" \/>\n<meta property=\"product:condition\" content=\"new\" \/>\n<!-- \/ Yoast SEO Premium plugin. -->","yoast_head_json":{"title":"Fayne, sitteball bamse, lysbrun - Babylove Norska","robots":{"index":"noindex","follow":"follow","max-snippet":"max-snippet:-1","max-image-preview":"max-image-preview:large","max-video-preview":"max-video-preview:-1"},"og_locale":"nb_NO","og_type":"article","og_title":"Fayne, sitteball bamse, lysbrun","og_description":"Supers\u00f8t sitteball i form av en teddybj\u00f8rn fra Fayne! Et vakkert produkt som vil bidra til din barneroms-innredning p\u00e5 beste m\u00e5te.&nbsp; Ditt barn vil finne massevis av bruksomr\u00e5der, b\u00e5de \u00e5 sitte p\u00e5 den og leke med den. En sitteball hjelper barnet med \u00e5 aktivere musklene og kan p\u00e5 den m\u00e5ten forbedre balansen og fremme korrekt [&hellip;]","og_url":"https:\/\/babylove.se\/no\/produkt\/fayne-sitteboll-bamse-lysbrun\/","og_site_name":"Babylove Norska","article_modified_time":"2026-04-08T11:12:36+00:00","og_image":[{"width":1453,"height":1453,"url":"https:\/\/babylove.se\/no\/wp-content\/uploads\/sites\/3\/2025\/07\/623dc532da663.jpeg","type":"image\/jpeg"}],"twitter_card":"summary_large_image","twitter_misc":{"Price":"1 799,00&nbsp;&#107;&#114;","Availability":"Out of stock"},"schema":{"@context":"https:\/\/schema.org","@graph":[{"@type":"WebPage","@id":"https:\/\/babylove.se\/no\/produkt\/fayne-sitteboll-bamse-lysbrun\/","url":"https:\/\/babylove.se\/no\/produkt\/fayne-sitteboll-bamse-lysbrun\/","name":"Fayne, sitteball bamse, lysbrun - Babylove Norska","isPartOf":{"@id":"https:\/\/babylove.se\/no\/#website"},"primaryImageOfPage":{"@id":"https:\/\/babylove.se\/no\/produkt\/fayne-sitteboll-bamse-lysbrun\/#primaryimage"},"image":{"@id":"https:\/\/babylove.se\/no\/produkt\/fayne-sitteboll-bamse-lysbrun\/#primaryimage"},"thumbnailUrl":"https:\/\/babylove.se\/no\/wp-content\/uploads\/sites\/3\/2025\/07\/623dc532da663.jpeg","datePublished":"2025-07-18T23:53:46+00:00","dateModified":"2026-04-08T11:12:36+00:00","breadcrumb":{"@id":"https:\/\/babylove.se\/no\/produkt\/fayne-sitteboll-bamse-lysbrun\/#breadcrumb"},"inLanguage":"nb-NO","potentialAction":[{"@type":"ReadAction","target":["https:\/\/babylove.se\/no\/produkt\/fayne-sitteboll-bamse-lysbrun\/"]}]},{"@type":"ImageObject","inLanguage":"nb-NO","@id":"https:\/\/babylove.se\/no\/produkt\/fayne-sitteboll-bamse-lysbrun\/#primaryimage","url":"https:\/\/babylove.se\/no\/wp-content\/uploads\/sites\/3\/2025\/07\/623dc532da663.jpeg","contentUrl":"https:\/\/babylove.se\/no\/wp-content\/uploads\/sites\/3\/2025\/07\/623dc532da663.jpeg","width":1453,"height":1453},{"@type":"BreadcrumbList","@id":"https:\/\/babylove.se\/no\/produkt\/fayne-sitteboll-bamse-lysbrun\/#breadcrumb","itemListElement":[{"@type":"ListItem","position":1,"name":"Hem","item":"https:\/\/babylove.se\/no\/"},{"@type":"ListItem","position":2,"name":"Butik","item":"https:\/\/babylove.se\/no\/butik\/"},{"@type":"ListItem","position":3,"name":"Fayne, sitteball bamse, lysbrun"}]},{"@type":"WebSite","@id":"https:\/\/babylove.se\/no\/#website","url":"https:\/\/babylove.se\/no\/","name":"Babylove Norska","description":"","potentialAction":[{"@type":"SearchAction","target":{"@type":"EntryPoint","urlTemplate":"https:\/\/babylove.se\/no\/?s={search_term_string}"},"query-input":{"@type":"PropertyValueSpecification","valueRequired":true,"valueName":"search_term_string"}}],"inLanguage":"nb-NO"}]},"product_brand":"Fayne","product_price_amount":"1799.00","product_price_currency":"SEK","og_availability":"out of stock","product_availability":"out of stock","product_retailer_item_id":"274B-2097B_20220317214504","product_condition":"new"},"_links":{"self":[{"href":"https:\/\/babylove.se\/no\/wp-json\/wp\/v2\/product\/34283","targetHints":{"allow":["GET"]}}],"collection":[{"href":"https:\/\/babylove.se\/no\/wp-json\/wp\/v2\/product"}],"about":[{"href":"https:\/\/babylove.se\/no\/wp-json\/wp\/v2\/types\/product"}],"replies":[{"embeddable":true,"href":"https:\/\/babylove.se\/no\/wp-json\/wp\/v2\/comments?post=34283"}],"wp:featuredmedia":[{"embeddable":true,"href":"https:\/\/babylove.se\/no\/wp-json\/wp\/v2\/media\/34285"}],"wp:attachment":[{"href":"https:\/\/babylove.se\/no\/wp-json\/wp\/v2\/media?parent=34283"}],"wp:term":[{"taxonomy":"product_brand","embeddable":true,"href":"https:\/\/babylove.se\/no\/wp-json\/wp\/v2\/product_brand?post=34283"},{"taxonomy":"product_cat","embeddable":true,"href":"https:\/\/babylove.se\/no\/wp-json\/wp\/v2\/product_cat?post=34283"},{"taxonomy":"product_tag","embeddable":true,"href":"https:\/\/babylove.se\/no\/wp-json\/wp\/v2\/product_tag?post=34283"}],"curies":[{"name":"wp","href":"https:\/\/api.w.org\/{rel}","templated":true}]}}