{"id":3430,"date":"2025-07-18T20:15:35","date_gmt":"2025-07-18T19:15:35","guid":{"rendered":"https:\/\/babylove.se\/produkt\/done-by-deer-skotbadd-baloon-powder\/"},"modified":"2026-04-08T08:00:11","modified_gmt":"2026-04-08T07:00:11","slug":"gjort-av-hjort-skuddseng-ballong-pulver","status":"publish","type":"product","link":"https:\/\/babylove.se\/no\/produkt\/gjort-av-hjort-skuddseng-ballong-pulver\/","title":{"rendered":"Done by Deer stellepute ballong powder"},"content":{"rendered":"<p><strong>Done by Deer stellepute baloon powder<\/strong><\/p>\n<p>Denne fantastiske stelleputen fra Done By Deers nye kolleksjon \u00abbaloon\u00bb er endelig p\u00e5 lager hos oss. Et herlig motiv og barnet ditt vil ligge meget trygt i denne. I tillegg en pen interi\u00f8rdetalj til barnerommet.<\/p>\n<p>Denne stelleputen passer til de aller fleste stellebord som har standardm\u00e5l. Denne stelleputen er laget med et belegg i akryl som ikke bare gj\u00f8r den motstandsdyktig mot fuktighet og vann, men er dessuten meget enkel \u00e5 holde ren. Bare t\u00f8rk av den med en v\u00e5t klut eller hvis den er skikkelig tilsmusset, vask den ut og inn i opptil 30 grader.<\/p>\n<p>Stelleputen er fylt med mykt barnevennlig skumgummi som gj\u00f8r at barnet ditt alltid ligger komfortabelt og deilig, den formes etter kroppen.<\/p>\n<p><strong>M\u00e5l<\/strong>: 50 cm x 65 cm x 10 cm<\/p>\n<p>Designer: <a href=\"https:\/\/babylove.se\/varumarken\/done-by-deer\">Done by Deer<\/a><\/p>\n","protected":false},"excerpt":{"rendered":"<p>Done by Deer stellepute baloon powder Denne fantastiske stelleputen fra Done By Deers nye kolleksjon \u00abbaloon\u00bb er endelig p\u00e5 lager hos oss. Et herlig motiv og barnet ditt vil ligge meget trygt i denne. I tillegg en pen interi\u00f8rdetalj til barnerommet. Denne stelleputen passer til de aller fleste stellebord som har standardm\u00e5l. Denne stelleputen er [&hellip;]<\/p>\n","protected":false},"featured_media":3432,"comment_status":"closed","ping_status":"open","template":"","meta":{"_acf_changed":false},"product_brand":[54],"product_cat":[55,25,57],"product_tag":[1689],"class_list":{"0":"post-3430","1":"product","2":"type-product","3":"status-publish","4":"has-post-thumbnail","6":"product_brand-done-by-deer","7":"product_cat-done-by-deer","8":"product_cat-ikke-bare-jenter","9":"product_cat-skobadder","10":"product_tag-bestillingsvaror","12":"first","13":"outofstock","14":"taxable","15":"shipping-taxable","16":"purchasable","17":"product-type-simple"},"acf":[],"yoast_head":"<!-- This site is optimized with the Yoast SEO Premium plugin v25.8 (Yoast SEO v27.2) - https:\/\/yoast.com\/product\/yoast-seo-premium-wordpress\/ -->\n<title>Done by Deer stellepute ballong powder - Babylove Norska<\/title>\n<meta name=\"robots\" content=\"noindex, follow, max-snippet:-1, max-image-preview:large, max-video-preview:-1\" \/>\n<meta property=\"og:locale\" content=\"nb_NO\" \/>\n<meta property=\"og:type\" content=\"article\" \/>\n<meta property=\"og:title\" content=\"Done by Deer stellepute ballong powder\" \/>\n<meta property=\"og:description\" content=\"Done by Deer stellepute baloon powder Denne fantastiske stelleputen fra Done By Deers nye kolleksjon \u00abbaloon\u00bb er endelig p\u00e5 lager hos oss. Et herlig motiv og barnet ditt vil ligge meget trygt i denne. I tillegg en pen interi\u00f8rdetalj til barnerommet. Denne stelleputen passer til de aller fleste stellebord som har standardm\u00e5l. Denne stelleputen er [&hellip;]\" \/>\n<meta property=\"og:url\" content=\"https:\/\/babylove.se\/no\/produkt\/gjort-av-hjort-skuddseng-ballong-pulver\/\" \/>\n<meta property=\"og:site_name\" content=\"Babylove Norska\" \/>\n<meta property=\"article:modified_time\" content=\"2026-04-08T07:00:11+00:00\" \/>\n<meta property=\"og:image\" content=\"https:\/\/babylove.se\/no\/wp-content\/uploads\/sites\/3\/2025\/07\/552-149850190261.jpeg\" \/>\n\t<meta property=\"og:image:width\" content=\"750\" \/>\n\t<meta property=\"og:image:height\" content=\"750\" \/>\n\t<meta property=\"og:image:type\" content=\"image\/jpeg\" \/>\n<meta name=\"twitter:card\" content=\"summary_large_image\" \/>\n<meta name=\"twitter:label1\" content=\"Price\" \/>\n\t<meta name=\"twitter:data1\" content=\"499,00&nbsp;&#107;&#114;\" \/>\n\t<meta name=\"twitter:label2\" content=\"Availability\" \/>\n\t<meta name=\"twitter:data2\" content=\"Out of stock\" \/>\n<script type=\"application\/ld+json\" class=\"yoast-schema-graph\">{\"@context\":\"https:\/\/schema.org\",\"@graph\":[{\"@type\":\"WebPage\",\"@id\":\"https:\/\/babylove.se\/no\/produkt\/gjort-av-hjort-skuddseng-ballong-pulver\/\",\"url\":\"https:\/\/babylove.se\/no\/produkt\/gjort-av-hjort-skuddseng-ballong-pulver\/\",\"name\":\"Done by Deer stellepute ballong powder - Babylove Norska\",\"isPartOf\":{\"@id\":\"https:\/\/babylove.se\/no\/#website\"},\"primaryImageOfPage\":{\"@id\":\"https:\/\/babylove.se\/no\/produkt\/gjort-av-hjort-skuddseng-ballong-pulver\/#primaryimage\"},\"image\":{\"@id\":\"https:\/\/babylove.se\/no\/produkt\/gjort-av-hjort-skuddseng-ballong-pulver\/#primaryimage\"},\"thumbnailUrl\":\"https:\/\/babylove.se\/no\/wp-content\/uploads\/sites\/3\/2025\/07\/552-149850190261.jpeg\",\"datePublished\":\"2025-07-18T19:15:35+00:00\",\"dateModified\":\"2026-04-08T07:00:11+00:00\",\"breadcrumb\":{\"@id\":\"https:\/\/babylove.se\/no\/produkt\/gjort-av-hjort-skuddseng-ballong-pulver\/#breadcrumb\"},\"inLanguage\":\"nb-NO\",\"potentialAction\":[{\"@type\":\"ReadAction\",\"target\":[\"https:\/\/babylove.se\/no\/produkt\/gjort-av-hjort-skuddseng-ballong-pulver\/\"]}]},{\"@type\":\"ImageObject\",\"inLanguage\":\"nb-NO\",\"@id\":\"https:\/\/babylove.se\/no\/produkt\/gjort-av-hjort-skuddseng-ballong-pulver\/#primaryimage\",\"url\":\"https:\/\/babylove.se\/no\/wp-content\/uploads\/sites\/3\/2025\/07\/552-149850190261.jpeg\",\"contentUrl\":\"https:\/\/babylove.se\/no\/wp-content\/uploads\/sites\/3\/2025\/07\/552-149850190261.jpeg\",\"width\":750,\"height\":750},{\"@type\":\"BreadcrumbList\",\"@id\":\"https:\/\/babylove.se\/no\/produkt\/gjort-av-hjort-skuddseng-ballong-pulver\/#breadcrumb\",\"itemListElement\":[{\"@type\":\"ListItem\",\"position\":1,\"name\":\"Hem\",\"item\":\"https:\/\/babylove.se\/no\/\"},{\"@type\":\"ListItem\",\"position\":2,\"name\":\"Butik\",\"item\":\"https:\/\/babylove.se\/no\/butik\/\"},{\"@type\":\"ListItem\",\"position\":3,\"name\":\"Done by Deer stellepute ballong powder\"}]},{\"@type\":\"WebSite\",\"@id\":\"https:\/\/babylove.se\/no\/#website\",\"url\":\"https:\/\/babylove.se\/no\/\",\"name\":\"Babylove Norska\",\"description\":\"\",\"potentialAction\":[{\"@type\":\"SearchAction\",\"target\":{\"@type\":\"EntryPoint\",\"urlTemplate\":\"https:\/\/babylove.se\/no\/?s={search_term_string}\"},\"query-input\":{\"@type\":\"PropertyValueSpecification\",\"valueRequired\":true,\"valueName\":\"search_term_string\"}}],\"inLanguage\":\"nb-NO\"}]}<\/script>\n<meta property=\"product:brand\" content=\"Done by Deer\" \/>\n<meta property=\"product:price:amount\" content=\"499.00\" \/>\n<meta property=\"product:price:currency\" content=\"SEK\" \/>\n<meta property=\"og:availability\" content=\"out of stock\" \/>\n<meta property=\"product:availability\" content=\"out of stock\" \/>\n<meta property=\"product:retailer_item_id\" content=\"1216\" \/>\n<meta property=\"product:condition\" content=\"new\" \/>\n<!-- \/ Yoast SEO Premium plugin. -->","yoast_head_json":{"title":"Done by Deer stellepute ballong powder - Babylove Norska","robots":{"index":"noindex","follow":"follow","max-snippet":"max-snippet:-1","max-image-preview":"max-image-preview:large","max-video-preview":"max-video-preview:-1"},"og_locale":"nb_NO","og_type":"article","og_title":"Done by Deer stellepute ballong powder","og_description":"Done by Deer stellepute baloon powder Denne fantastiske stelleputen fra Done By Deers nye kolleksjon \u00abbaloon\u00bb er endelig p\u00e5 lager hos oss. Et herlig motiv og barnet ditt vil ligge meget trygt i denne. I tillegg en pen interi\u00f8rdetalj til barnerommet. Denne stelleputen passer til de aller fleste stellebord som har standardm\u00e5l. Denne stelleputen er [&hellip;]","og_url":"https:\/\/babylove.se\/no\/produkt\/gjort-av-hjort-skuddseng-ballong-pulver\/","og_site_name":"Babylove Norska","article_modified_time":"2026-04-08T07:00:11+00:00","og_image":[{"width":750,"height":750,"url":"https:\/\/babylove.se\/no\/wp-content\/uploads\/sites\/3\/2025\/07\/552-149850190261.jpeg","type":"image\/jpeg"}],"twitter_card":"summary_large_image","twitter_misc":{"Price":"499,00&nbsp;&#107;&#114;","Availability":"Out of stock"},"schema":{"@context":"https:\/\/schema.org","@graph":[{"@type":"WebPage","@id":"https:\/\/babylove.se\/no\/produkt\/gjort-av-hjort-skuddseng-ballong-pulver\/","url":"https:\/\/babylove.se\/no\/produkt\/gjort-av-hjort-skuddseng-ballong-pulver\/","name":"Done by Deer stellepute ballong powder - Babylove Norska","isPartOf":{"@id":"https:\/\/babylove.se\/no\/#website"},"primaryImageOfPage":{"@id":"https:\/\/babylove.se\/no\/produkt\/gjort-av-hjort-skuddseng-ballong-pulver\/#primaryimage"},"image":{"@id":"https:\/\/babylove.se\/no\/produkt\/gjort-av-hjort-skuddseng-ballong-pulver\/#primaryimage"},"thumbnailUrl":"https:\/\/babylove.se\/no\/wp-content\/uploads\/sites\/3\/2025\/07\/552-149850190261.jpeg","datePublished":"2025-07-18T19:15:35+00:00","dateModified":"2026-04-08T07:00:11+00:00","breadcrumb":{"@id":"https:\/\/babylove.se\/no\/produkt\/gjort-av-hjort-skuddseng-ballong-pulver\/#breadcrumb"},"inLanguage":"nb-NO","potentialAction":[{"@type":"ReadAction","target":["https:\/\/babylove.se\/no\/produkt\/gjort-av-hjort-skuddseng-ballong-pulver\/"]}]},{"@type":"ImageObject","inLanguage":"nb-NO","@id":"https:\/\/babylove.se\/no\/produkt\/gjort-av-hjort-skuddseng-ballong-pulver\/#primaryimage","url":"https:\/\/babylove.se\/no\/wp-content\/uploads\/sites\/3\/2025\/07\/552-149850190261.jpeg","contentUrl":"https:\/\/babylove.se\/no\/wp-content\/uploads\/sites\/3\/2025\/07\/552-149850190261.jpeg","width":750,"height":750},{"@type":"BreadcrumbList","@id":"https:\/\/babylove.se\/no\/produkt\/gjort-av-hjort-skuddseng-ballong-pulver\/#breadcrumb","itemListElement":[{"@type":"ListItem","position":1,"name":"Hem","item":"https:\/\/babylove.se\/no\/"},{"@type":"ListItem","position":2,"name":"Butik","item":"https:\/\/babylove.se\/no\/butik\/"},{"@type":"ListItem","position":3,"name":"Done by Deer stellepute ballong powder"}]},{"@type":"WebSite","@id":"https:\/\/babylove.se\/no\/#website","url":"https:\/\/babylove.se\/no\/","name":"Babylove Norska","description":"","potentialAction":[{"@type":"SearchAction","target":{"@type":"EntryPoint","urlTemplate":"https:\/\/babylove.se\/no\/?s={search_term_string}"},"query-input":{"@type":"PropertyValueSpecification","valueRequired":true,"valueName":"search_term_string"}}],"inLanguage":"nb-NO"}]},"product_brand":"Done by Deer","product_price_amount":"499.00","product_price_currency":"SEK","og_availability":"out of stock","product_availability":"out of stock","product_retailer_item_id":"1216","product_condition":"new"},"_links":{"self":[{"href":"https:\/\/babylove.se\/no\/wp-json\/wp\/v2\/product\/3430","targetHints":{"allow":["GET"]}}],"collection":[{"href":"https:\/\/babylove.se\/no\/wp-json\/wp\/v2\/product"}],"about":[{"href":"https:\/\/babylove.se\/no\/wp-json\/wp\/v2\/types\/product"}],"replies":[{"embeddable":true,"href":"https:\/\/babylove.se\/no\/wp-json\/wp\/v2\/comments?post=3430"}],"wp:featuredmedia":[{"embeddable":true,"href":"https:\/\/babylove.se\/no\/wp-json\/wp\/v2\/media\/3432"}],"wp:attachment":[{"href":"https:\/\/babylove.se\/no\/wp-json\/wp\/v2\/media?parent=3430"}],"wp:term":[{"taxonomy":"product_brand","embeddable":true,"href":"https:\/\/babylove.se\/no\/wp-json\/wp\/v2\/product_brand?post=3430"},{"taxonomy":"product_cat","embeddable":true,"href":"https:\/\/babylove.se\/no\/wp-json\/wp\/v2\/product_cat?post=3430"},{"taxonomy":"product_tag","embeddable":true,"href":"https:\/\/babylove.se\/no\/wp-json\/wp\/v2\/product_tag?post=3430"}],"curies":[{"name":"wp","href":"https:\/\/api.w.org\/{rel}","templated":true}]}}