{"id":34313,"date":"2025-07-19T00:54:26","date_gmt":"2025-07-18T23:54:26","guid":{"rendered":"https:\/\/babylove.se\/produkt\/fayne-sittboll-med-laderhandtag-gron\/"},"modified":"2026-04-08T12:12:53","modified_gmt":"2026-04-08T11:12:53","slug":"fayne-sitteball-med-laerhandtak-gronn","status":"publish","type":"product","link":"https:\/\/babylove.se\/no\/produkt\/fayne-sitteball-med-laerhandtak-gronn\/","title":{"rendered":"Fayne, sitteball med l\u00e6rh\u00e5ndtak, gr\u00f8nn"},"content":{"rendered":"<p>Vakker sitteball fra Fayne! Et vakkert produkt som vil bidra til barneroms-innredningen din p\u00e5 beste m\u00e5te.&nbsp;<\/p>\n<p>Barnet ditt vil finne masse bruksomr\u00e5der, b\u00e5de \u00e5 sitte p\u00e5 den og leke med den. En sitteball hjelper barnet med \u00e5 aktivere musklene og kan p\u00e5 den m\u00e5ten forbedre balansen og fremme korrekt kroppsholdning. Balanseballen kan ogs\u00e5 brukes til lettere kropps\u00f8velser.&nbsp;<\/p>\n<p><span style=\"background-color: initial; text-align: initial;\">L<\/span>aget av et underfullt velourstoff og har dessuten et praktisk l\u00e6rh\u00e5ndtak. Stoffet kan tas av, noe som gj\u00f8r at du kan vaske det (maks 30 grader) og holde sitteballen ren og frisk.<\/p>\n<p>Passer b\u00e5de voksne og barn (opp til 165 cm lengde).&nbsp;<\/p>\n<p>Pumpe f\u00f8lger med.&nbsp;<\/p>\n<p><strong>M\u00e5l<\/strong>: Diameter: 55 cm<\/p>\n<p><strong>Materiale<\/strong>: Ball:<span>&nbsp;<\/span>100% PVC. Ytterstoff: 100% polyester.<\/p>\n<p>Designer: <a href=\"https:\/\/babylove.se\/varumarken\/fayne\"><u>Fayne<\/u><\/a><\/p>\n","protected":false},"excerpt":{"rendered":"<p>Vakker sitteball fra Fayne! Et vakkert produkt som vil bidra til barneroms-innredningen din p\u00e5 beste m\u00e5te.&nbsp; Barnet ditt vil finne masse bruksomr\u00e5der, b\u00e5de \u00e5 sitte p\u00e5 den og leke med den. En sitteball hjelper barnet med \u00e5 aktivere musklene og kan p\u00e5 den m\u00e5ten forbedre balansen og fremme korrekt kroppsholdning. Balanseballen kan ogs\u00e5 brukes til [&hellip;]<\/p>\n","protected":false},"featured_media":34315,"comment_status":"closed","ping_status":"open","template":"","meta":{"_acf_changed":false},"product_brand":[295],"product_cat":[296,44],"product_tag":[1689],"class_list":{"0":"post-34313","1":"product","2":"type-product","3":"status-publish","4":"has-post-thumbnail","6":"product_brand-fayne","7":"product_cat-fayne","8":"product_cat-sitteputfer-saccosekker","9":"product_tag-bestillingsvaror","11":"first","12":"outofstock","13":"taxable","14":"shipping-taxable","15":"purchasable","16":"product-type-simple"},"acf":[],"yoast_head":"<!-- This site is optimized with the Yoast SEO Premium plugin v25.8 (Yoast SEO v27.2) - https:\/\/yoast.com\/product\/yoast-seo-premium-wordpress\/ -->\n<title>Fayne, sitteball med l\u00e6rh\u00e5ndtak, gr\u00f8nn - Babylove Norska<\/title>\n<meta name=\"robots\" content=\"noindex, follow, max-snippet:-1, max-image-preview:large, max-video-preview:-1\" \/>\n<meta property=\"og:locale\" content=\"nb_NO\" \/>\n<meta property=\"og:type\" content=\"article\" \/>\n<meta property=\"og:title\" content=\"Fayne, sitteball med l\u00e6rh\u00e5ndtak, gr\u00f8nn\" \/>\n<meta property=\"og:description\" content=\"Vakker sitteball fra Fayne! Et vakkert produkt som vil bidra til barneroms-innredningen din p\u00e5 beste m\u00e5te.&nbsp; Barnet ditt vil finne masse bruksomr\u00e5der, b\u00e5de \u00e5 sitte p\u00e5 den og leke med den. En sitteball hjelper barnet med \u00e5 aktivere musklene og kan p\u00e5 den m\u00e5ten forbedre balansen og fremme korrekt kroppsholdning. Balanseballen kan ogs\u00e5 brukes til [&hellip;]\" \/>\n<meta property=\"og:url\" content=\"https:\/\/babylove.se\/no\/produkt\/fayne-sitteball-med-laerhandtak-gronn\/\" \/>\n<meta property=\"og:site_name\" content=\"Babylove Norska\" \/>\n<meta property=\"article:modified_time\" content=\"2026-04-08T11:12:53+00:00\" \/>\n<meta property=\"og:image\" content=\"https:\/\/babylove.se\/no\/wp-content\/uploads\/sites\/3\/2025\/07\/623dc9bf17ab0.jpeg\" \/>\n\t<meta property=\"og:image:width\" content=\"1937\" \/>\n\t<meta property=\"og:image:height\" content=\"1937\" \/>\n\t<meta property=\"og:image:type\" content=\"image\/jpeg\" \/>\n<meta name=\"twitter:card\" content=\"summary_large_image\" \/>\n<meta name=\"twitter:label1\" content=\"Price\" \/>\n\t<meta name=\"twitter:data1\" content=\"1 799,00&nbsp;&#107;&#114;\" \/>\n\t<meta name=\"twitter:label2\" content=\"Availability\" \/>\n\t<meta name=\"twitter:data2\" content=\"Out of stock\" \/>\n<script type=\"application\/ld+json\" class=\"yoast-schema-graph\">{\"@context\":\"https:\/\/schema.org\",\"@graph\":[{\"@type\":\"WebPage\",\"@id\":\"https:\/\/babylove.se\/no\/produkt\/fayne-sitteball-med-laerhandtak-gronn\/\",\"url\":\"https:\/\/babylove.se\/no\/produkt\/fayne-sitteball-med-laerhandtak-gronn\/\",\"name\":\"Fayne, sitteball med l\u00e6rh\u00e5ndtak, gr\u00f8nn - Babylove Norska\",\"isPartOf\":{\"@id\":\"https:\/\/babylove.se\/no\/#website\"},\"primaryImageOfPage\":{\"@id\":\"https:\/\/babylove.se\/no\/produkt\/fayne-sitteball-med-laerhandtak-gronn\/#primaryimage\"},\"image\":{\"@id\":\"https:\/\/babylove.se\/no\/produkt\/fayne-sitteball-med-laerhandtak-gronn\/#primaryimage\"},\"thumbnailUrl\":\"https:\/\/babylove.se\/no\/wp-content\/uploads\/sites\/3\/2025\/07\/623dc9bf17ab0.jpeg\",\"datePublished\":\"2025-07-18T23:54:26+00:00\",\"dateModified\":\"2026-04-08T11:12:53+00:00\",\"breadcrumb\":{\"@id\":\"https:\/\/babylove.se\/no\/produkt\/fayne-sitteball-med-laerhandtak-gronn\/#breadcrumb\"},\"inLanguage\":\"nb-NO\",\"potentialAction\":[{\"@type\":\"ReadAction\",\"target\":[\"https:\/\/babylove.se\/no\/produkt\/fayne-sitteball-med-laerhandtak-gronn\/\"]}]},{\"@type\":\"ImageObject\",\"inLanguage\":\"nb-NO\",\"@id\":\"https:\/\/babylove.se\/no\/produkt\/fayne-sitteball-med-laerhandtak-gronn\/#primaryimage\",\"url\":\"https:\/\/babylove.se\/no\/wp-content\/uploads\/sites\/3\/2025\/07\/623dc9bf17ab0.jpeg\",\"contentUrl\":\"https:\/\/babylove.se\/no\/wp-content\/uploads\/sites\/3\/2025\/07\/623dc9bf17ab0.jpeg\",\"width\":1937,\"height\":1937},{\"@type\":\"BreadcrumbList\",\"@id\":\"https:\/\/babylove.se\/no\/produkt\/fayne-sitteball-med-laerhandtak-gronn\/#breadcrumb\",\"itemListElement\":[{\"@type\":\"ListItem\",\"position\":1,\"name\":\"Hem\",\"item\":\"https:\/\/babylove.se\/no\/\"},{\"@type\":\"ListItem\",\"position\":2,\"name\":\"Butik\",\"item\":\"https:\/\/babylove.se\/no\/butik\/\"},{\"@type\":\"ListItem\",\"position\":3,\"name\":\"Fayne, sitteball med l\u00e6rh\u00e5ndtak, gr\u00f8nn\"}]},{\"@type\":\"WebSite\",\"@id\":\"https:\/\/babylove.se\/no\/#website\",\"url\":\"https:\/\/babylove.se\/no\/\",\"name\":\"Babylove Norska\",\"description\":\"\",\"potentialAction\":[{\"@type\":\"SearchAction\",\"target\":{\"@type\":\"EntryPoint\",\"urlTemplate\":\"https:\/\/babylove.se\/no\/?s={search_term_string}\"},\"query-input\":{\"@type\":\"PropertyValueSpecification\",\"valueRequired\":true,\"valueName\":\"search_term_string\"}}],\"inLanguage\":\"nb-NO\"}]}<\/script>\n<meta property=\"product:brand\" content=\"Fayne\" \/>\n<meta property=\"product:price:amount\" content=\"1799.00\" \/>\n<meta property=\"product:price:currency\" content=\"SEK\" \/>\n<meta property=\"og:availability\" content=\"out of stock\" \/>\n<meta property=\"product:availability\" content=\"out of stock\" \/>\n<meta property=\"product:retailer_item_id\" content=\"274B-2097B_20220317213800\" \/>\n<meta property=\"product:condition\" content=\"new\" \/>\n<!-- \/ Yoast SEO Premium plugin. -->","yoast_head_json":{"title":"Fayne, sitteball med l\u00e6rh\u00e5ndtak, gr\u00f8nn - Babylove Norska","robots":{"index":"noindex","follow":"follow","max-snippet":"max-snippet:-1","max-image-preview":"max-image-preview:large","max-video-preview":"max-video-preview:-1"},"og_locale":"nb_NO","og_type":"article","og_title":"Fayne, sitteball med l\u00e6rh\u00e5ndtak, gr\u00f8nn","og_description":"Vakker sitteball fra Fayne! Et vakkert produkt som vil bidra til barneroms-innredningen din p\u00e5 beste m\u00e5te.&nbsp; Barnet ditt vil finne masse bruksomr\u00e5der, b\u00e5de \u00e5 sitte p\u00e5 den og leke med den. En sitteball hjelper barnet med \u00e5 aktivere musklene og kan p\u00e5 den m\u00e5ten forbedre balansen og fremme korrekt kroppsholdning. Balanseballen kan ogs\u00e5 brukes til [&hellip;]","og_url":"https:\/\/babylove.se\/no\/produkt\/fayne-sitteball-med-laerhandtak-gronn\/","og_site_name":"Babylove Norska","article_modified_time":"2026-04-08T11:12:53+00:00","og_image":[{"width":1937,"height":1937,"url":"https:\/\/babylove.se\/no\/wp-content\/uploads\/sites\/3\/2025\/07\/623dc9bf17ab0.jpeg","type":"image\/jpeg"}],"twitter_card":"summary_large_image","twitter_misc":{"Price":"1 799,00&nbsp;&#107;&#114;","Availability":"Out of stock"},"schema":{"@context":"https:\/\/schema.org","@graph":[{"@type":"WebPage","@id":"https:\/\/babylove.se\/no\/produkt\/fayne-sitteball-med-laerhandtak-gronn\/","url":"https:\/\/babylove.se\/no\/produkt\/fayne-sitteball-med-laerhandtak-gronn\/","name":"Fayne, sitteball med l\u00e6rh\u00e5ndtak, gr\u00f8nn - Babylove Norska","isPartOf":{"@id":"https:\/\/babylove.se\/no\/#website"},"primaryImageOfPage":{"@id":"https:\/\/babylove.se\/no\/produkt\/fayne-sitteball-med-laerhandtak-gronn\/#primaryimage"},"image":{"@id":"https:\/\/babylove.se\/no\/produkt\/fayne-sitteball-med-laerhandtak-gronn\/#primaryimage"},"thumbnailUrl":"https:\/\/babylove.se\/no\/wp-content\/uploads\/sites\/3\/2025\/07\/623dc9bf17ab0.jpeg","datePublished":"2025-07-18T23:54:26+00:00","dateModified":"2026-04-08T11:12:53+00:00","breadcrumb":{"@id":"https:\/\/babylove.se\/no\/produkt\/fayne-sitteball-med-laerhandtak-gronn\/#breadcrumb"},"inLanguage":"nb-NO","potentialAction":[{"@type":"ReadAction","target":["https:\/\/babylove.se\/no\/produkt\/fayne-sitteball-med-laerhandtak-gronn\/"]}]},{"@type":"ImageObject","inLanguage":"nb-NO","@id":"https:\/\/babylove.se\/no\/produkt\/fayne-sitteball-med-laerhandtak-gronn\/#primaryimage","url":"https:\/\/babylove.se\/no\/wp-content\/uploads\/sites\/3\/2025\/07\/623dc9bf17ab0.jpeg","contentUrl":"https:\/\/babylove.se\/no\/wp-content\/uploads\/sites\/3\/2025\/07\/623dc9bf17ab0.jpeg","width":1937,"height":1937},{"@type":"BreadcrumbList","@id":"https:\/\/babylove.se\/no\/produkt\/fayne-sitteball-med-laerhandtak-gronn\/#breadcrumb","itemListElement":[{"@type":"ListItem","position":1,"name":"Hem","item":"https:\/\/babylove.se\/no\/"},{"@type":"ListItem","position":2,"name":"Butik","item":"https:\/\/babylove.se\/no\/butik\/"},{"@type":"ListItem","position":3,"name":"Fayne, sitteball med l\u00e6rh\u00e5ndtak, gr\u00f8nn"}]},{"@type":"WebSite","@id":"https:\/\/babylove.se\/no\/#website","url":"https:\/\/babylove.se\/no\/","name":"Babylove Norska","description":"","potentialAction":[{"@type":"SearchAction","target":{"@type":"EntryPoint","urlTemplate":"https:\/\/babylove.se\/no\/?s={search_term_string}"},"query-input":{"@type":"PropertyValueSpecification","valueRequired":true,"valueName":"search_term_string"}}],"inLanguage":"nb-NO"}]},"product_brand":"Fayne","product_price_amount":"1799.00","product_price_currency":"SEK","og_availability":"out of stock","product_availability":"out of stock","product_retailer_item_id":"274B-2097B_20220317213800","product_condition":"new"},"_links":{"self":[{"href":"https:\/\/babylove.se\/no\/wp-json\/wp\/v2\/product\/34313","targetHints":{"allow":["GET"]}}],"collection":[{"href":"https:\/\/babylove.se\/no\/wp-json\/wp\/v2\/product"}],"about":[{"href":"https:\/\/babylove.se\/no\/wp-json\/wp\/v2\/types\/product"}],"replies":[{"embeddable":true,"href":"https:\/\/babylove.se\/no\/wp-json\/wp\/v2\/comments?post=34313"}],"wp:featuredmedia":[{"embeddable":true,"href":"https:\/\/babylove.se\/no\/wp-json\/wp\/v2\/media\/34315"}],"wp:attachment":[{"href":"https:\/\/babylove.se\/no\/wp-json\/wp\/v2\/media?parent=34313"}],"wp:term":[{"taxonomy":"product_brand","embeddable":true,"href":"https:\/\/babylove.se\/no\/wp-json\/wp\/v2\/product_brand?post=34313"},{"taxonomy":"product_cat","embeddable":true,"href":"https:\/\/babylove.se\/no\/wp-json\/wp\/v2\/product_cat?post=34313"},{"taxonomy":"product_tag","embeddable":true,"href":"https:\/\/babylove.se\/no\/wp-json\/wp\/v2\/product_tag?post=34313"}],"curies":[{"name":"wp","href":"https:\/\/api.w.org\/{rel}","templated":true}]}}