{"id":34318,"date":"2025-07-19T00:54:26","date_gmt":"2025-07-18T23:54:26","guid":{"rendered":"https:\/\/babylove.se\/produkt\/charlotte-sangbord-till-barnrummet\/"},"modified":"2026-04-08T12:12:57","modified_gmt":"2026-04-08T11:12:57","slug":"charlotte-sangbord-til-barnerommet","status":"publish","type":"product","link":"https:\/\/babylove.se\/no\/produkt\/charlotte-sangbord-til-barnerommet\/","title":{"rendered":"Charlotte, sengeskuff til barnerommet"},"content":{"rendered":"<p>Et fantastisk nattbord til barnerommet, med denne underfulle m\u00f8belen i antikk stil kommer du til \u00e5 l\u00f8fte barnerominnredningen din til himmelsk h\u00f8yde!<\/p>\n<p>Nattbordet er h\u00e5ndlaget i gammeldags stil av et lite familieselskap og er helt laget av massiv furu, ingen snarveier er brukt i byggingen av denne fine m\u00f8belen. De vakre og buede trebenene skaper en ekstra sjarm og magi, og sammen med det fine m\u00f8nsteret p\u00e5 d\u00f8rene og knottene i slitt gull\/s\u00f8lv skaper den et helhetsintrykk som er vanskelig \u00e5 ikke elske.<\/p>\n<p>Nattbordet finnes som standard i flere forskjellige farger (dusty pink, lys rosa, hvit, gr\u00e5, dusty bl\u00e5, grafittgr\u00e5 og natur), men kan selvf\u00f8lgelig males i en annen farge om \u00f8nskelig. Nattbordet males for h\u00e5nd for \u00e5 skape riktig f\u00f8lelse i penselstrokene, og selvf\u00f8lgelig brukes kun giftfrie farger ved utf\u00f8relsen. Du velger selv om du \u00f8nsker knotter i gull eller s\u00f8lv samt om skapd\u00f8ren skal ligge til h\u00f8yre eller til venstre.&nbsp;<\/p>\n<p>Da treet som brukes har sin naturlige struktur s\u00e5 kan det oppst\u00e5 mindre avvik eller kvister som svakt synes gjennom fargen, dette skaper imidlertid bare en gammeldags stil og er absolutt ikke til noen ulempe.&nbsp;<\/p>\n<p>Nattbordet sendes ferdig bygget, du trenger bare \u00e5 skru p\u00e5 benene s\u00e5 den er klar for barnerommet direkte n\u00e5r den har kommet hjem.&nbsp;<\/p>\n<p>Passer perfekt til kolleksjonen med gammeldags seng og kommode Charlotte og Melody.<\/p>\n<p><strong>M\u00e5l<\/strong>:<\/p>\n<ul>\n<li>H\u00f8yde 61 cm<\/li>\n<li>Bredde 42 cm<\/li>\n<li>Dybde 38 cm<\/li>\n<\/ul>\n","protected":false},"excerpt":{"rendered":"<p>Et fantastisk nattbord til barnerommet, med denne underfulle m\u00f8belen i antikk stil kommer du til \u00e5 l\u00f8fte barnerominnredningen din til himmelsk h\u00f8yde! Nattbordet er h\u00e5ndlaget i gammeldags stil av et lite familieselskap og er helt laget av massiv furu, ingen snarveier er brukt i byggingen av denne fine m\u00f8belen. De vakre og buede trebenene skaper [&hellip;]<\/p>\n","protected":false},"featured_media":34320,"comment_status":"closed","ping_status":"open","template":"","meta":{"_acf_changed":false},"product_brand":[366],"product_cat":[84,85,104],"product_tag":[],"class_list":{"0":"post-34318","1":"product","2":"type-product","3":"status-publish","4":"has-post-thumbnail","6":"product_brand-babyloff","7":"product_cat-babylove","8":"product_cat-bord","9":"product_cat-sangbord","11":"first","12":"outofstock","13":"taxable","14":"shipping-taxable","15":"purchasable","16":"product-type-simple"},"acf":[],"yoast_head":"<!-- This site is optimized with the Yoast SEO Premium plugin v25.8 (Yoast SEO v27.2) - https:\/\/yoast.com\/product\/yoast-seo-premium-wordpress\/ -->\n<title>Charlotte, sengeskuff til barnerommet - Babylove Norska<\/title>\n<meta name=\"robots\" content=\"noindex, follow, max-snippet:-1, max-image-preview:large, max-video-preview:-1\" \/>\n<meta property=\"og:locale\" content=\"nb_NO\" \/>\n<meta property=\"og:type\" content=\"article\" \/>\n<meta property=\"og:title\" content=\"Charlotte, sengeskuff til barnerommet\" \/>\n<meta property=\"og:description\" content=\"Et fantastisk nattbord til barnerommet, med denne underfulle m\u00f8belen i antikk stil kommer du til \u00e5 l\u00f8fte barnerominnredningen din til himmelsk h\u00f8yde! Nattbordet er h\u00e5ndlaget i gammeldags stil av et lite familieselskap og er helt laget av massiv furu, ingen snarveier er brukt i byggingen av denne fine m\u00f8belen. De vakre og buede trebenene skaper [&hellip;]\" \/>\n<meta property=\"og:url\" content=\"https:\/\/babylove.se\/no\/produkt\/charlotte-sangbord-til-barnerommet\/\" \/>\n<meta property=\"og:site_name\" content=\"Babylove Norska\" \/>\n<meta property=\"article:modified_time\" content=\"2026-04-08T11:12:57+00:00\" \/>\n<meta property=\"og:image\" content=\"https:\/\/babylove.se\/no\/wp-content\/uploads\/sites\/3\/2025\/07\/623dcbd7770c2.jpeg\" \/>\n\t<meta property=\"og:image:width\" content=\"1365\" \/>\n\t<meta property=\"og:image:height\" content=\"2047\" \/>\n\t<meta property=\"og:image:type\" content=\"image\/jpeg\" \/>\n<meta name=\"twitter:card\" content=\"summary_large_image\" \/>\n<meta name=\"twitter:label1\" content=\"Price\" \/>\n\t<meta name=\"twitter:data1\" content=\"2 199,00&nbsp;&#107;&#114;\" \/>\n\t<meta name=\"twitter:label2\" content=\"Availability\" \/>\n\t<meta name=\"twitter:data2\" content=\"Out of stock\" \/>\n<script type=\"application\/ld+json\" class=\"yoast-schema-graph\">{\"@context\":\"https:\/\/schema.org\",\"@graph\":[{\"@type\":\"WebPage\",\"@id\":\"https:\/\/babylove.se\/no\/produkt\/charlotte-sangbord-til-barnerommet\/\",\"url\":\"https:\/\/babylove.se\/no\/produkt\/charlotte-sangbord-til-barnerommet\/\",\"name\":\"Charlotte, sengeskuff til barnerommet - Babylove Norska\",\"isPartOf\":{\"@id\":\"https:\/\/babylove.se\/no\/#website\"},\"primaryImageOfPage\":{\"@id\":\"https:\/\/babylove.se\/no\/produkt\/charlotte-sangbord-til-barnerommet\/#primaryimage\"},\"image\":{\"@id\":\"https:\/\/babylove.se\/no\/produkt\/charlotte-sangbord-til-barnerommet\/#primaryimage\"},\"thumbnailUrl\":\"https:\/\/babylove.se\/no\/wp-content\/uploads\/sites\/3\/2025\/07\/623dcbd7770c2.jpeg\",\"datePublished\":\"2025-07-18T23:54:26+00:00\",\"dateModified\":\"2026-04-08T11:12:57+00:00\",\"breadcrumb\":{\"@id\":\"https:\/\/babylove.se\/no\/produkt\/charlotte-sangbord-til-barnerommet\/#breadcrumb\"},\"inLanguage\":\"nb-NO\",\"potentialAction\":[{\"@type\":\"ReadAction\",\"target\":[\"https:\/\/babylove.se\/no\/produkt\/charlotte-sangbord-til-barnerommet\/\"]}]},{\"@type\":\"ImageObject\",\"inLanguage\":\"nb-NO\",\"@id\":\"https:\/\/babylove.se\/no\/produkt\/charlotte-sangbord-til-barnerommet\/#primaryimage\",\"url\":\"https:\/\/babylove.se\/no\/wp-content\/uploads\/sites\/3\/2025\/07\/623dcbd7770c2.jpeg\",\"contentUrl\":\"https:\/\/babylove.se\/no\/wp-content\/uploads\/sites\/3\/2025\/07\/623dcbd7770c2.jpeg\",\"width\":1365,\"height\":2047},{\"@type\":\"BreadcrumbList\",\"@id\":\"https:\/\/babylove.se\/no\/produkt\/charlotte-sangbord-til-barnerommet\/#breadcrumb\",\"itemListElement\":[{\"@type\":\"ListItem\",\"position\":1,\"name\":\"Hem\",\"item\":\"https:\/\/babylove.se\/no\/\"},{\"@type\":\"ListItem\",\"position\":2,\"name\":\"Butik\",\"item\":\"https:\/\/babylove.se\/no\/butik\/\"},{\"@type\":\"ListItem\",\"position\":3,\"name\":\"Charlotte, sengeskuff til barnerommet\"}]},{\"@type\":\"WebSite\",\"@id\":\"https:\/\/babylove.se\/no\/#website\",\"url\":\"https:\/\/babylove.se\/no\/\",\"name\":\"Babylove Norska\",\"description\":\"\",\"potentialAction\":[{\"@type\":\"SearchAction\",\"target\":{\"@type\":\"EntryPoint\",\"urlTemplate\":\"https:\/\/babylove.se\/no\/?s={search_term_string}\"},\"query-input\":{\"@type\":\"PropertyValueSpecification\",\"valueRequired\":true,\"valueName\":\"search_term_string\"}}],\"inLanguage\":\"nb-NO\"}]}<\/script>\n<meta property=\"product:brand\" content=\"Babyloff\" \/>\n<meta property=\"product:price:amount\" content=\"2199.00\" \/>\n<meta property=\"product:price:currency\" content=\"SEK\" \/>\n<meta property=\"og:availability\" content=\"out of stock\" \/>\n<meta property=\"product:availability\" content=\"out of stock\" \/>\n<meta property=\"product:retailer_item_id\" content=\"S\u00e4ngbordCharlotte\" \/>\n<meta property=\"product:condition\" content=\"new\" \/>\n<!-- \/ Yoast SEO Premium plugin. -->","yoast_head_json":{"title":"Charlotte, sengeskuff til barnerommet - Babylove Norska","robots":{"index":"noindex","follow":"follow","max-snippet":"max-snippet:-1","max-image-preview":"max-image-preview:large","max-video-preview":"max-video-preview:-1"},"og_locale":"nb_NO","og_type":"article","og_title":"Charlotte, sengeskuff til barnerommet","og_description":"Et fantastisk nattbord til barnerommet, med denne underfulle m\u00f8belen i antikk stil kommer du til \u00e5 l\u00f8fte barnerominnredningen din til himmelsk h\u00f8yde! Nattbordet er h\u00e5ndlaget i gammeldags stil av et lite familieselskap og er helt laget av massiv furu, ingen snarveier er brukt i byggingen av denne fine m\u00f8belen. De vakre og buede trebenene skaper [&hellip;]","og_url":"https:\/\/babylove.se\/no\/produkt\/charlotte-sangbord-til-barnerommet\/","og_site_name":"Babylove Norska","article_modified_time":"2026-04-08T11:12:57+00:00","og_image":[{"width":1365,"height":2047,"url":"https:\/\/babylove.se\/no\/wp-content\/uploads\/sites\/3\/2025\/07\/623dcbd7770c2.jpeg","type":"image\/jpeg"}],"twitter_card":"summary_large_image","twitter_misc":{"Price":"2 199,00&nbsp;&#107;&#114;","Availability":"Out of stock"},"schema":{"@context":"https:\/\/schema.org","@graph":[{"@type":"WebPage","@id":"https:\/\/babylove.se\/no\/produkt\/charlotte-sangbord-til-barnerommet\/","url":"https:\/\/babylove.se\/no\/produkt\/charlotte-sangbord-til-barnerommet\/","name":"Charlotte, sengeskuff til barnerommet - Babylove Norska","isPartOf":{"@id":"https:\/\/babylove.se\/no\/#website"},"primaryImageOfPage":{"@id":"https:\/\/babylove.se\/no\/produkt\/charlotte-sangbord-til-barnerommet\/#primaryimage"},"image":{"@id":"https:\/\/babylove.se\/no\/produkt\/charlotte-sangbord-til-barnerommet\/#primaryimage"},"thumbnailUrl":"https:\/\/babylove.se\/no\/wp-content\/uploads\/sites\/3\/2025\/07\/623dcbd7770c2.jpeg","datePublished":"2025-07-18T23:54:26+00:00","dateModified":"2026-04-08T11:12:57+00:00","breadcrumb":{"@id":"https:\/\/babylove.se\/no\/produkt\/charlotte-sangbord-til-barnerommet\/#breadcrumb"},"inLanguage":"nb-NO","potentialAction":[{"@type":"ReadAction","target":["https:\/\/babylove.se\/no\/produkt\/charlotte-sangbord-til-barnerommet\/"]}]},{"@type":"ImageObject","inLanguage":"nb-NO","@id":"https:\/\/babylove.se\/no\/produkt\/charlotte-sangbord-til-barnerommet\/#primaryimage","url":"https:\/\/babylove.se\/no\/wp-content\/uploads\/sites\/3\/2025\/07\/623dcbd7770c2.jpeg","contentUrl":"https:\/\/babylove.se\/no\/wp-content\/uploads\/sites\/3\/2025\/07\/623dcbd7770c2.jpeg","width":1365,"height":2047},{"@type":"BreadcrumbList","@id":"https:\/\/babylove.se\/no\/produkt\/charlotte-sangbord-til-barnerommet\/#breadcrumb","itemListElement":[{"@type":"ListItem","position":1,"name":"Hem","item":"https:\/\/babylove.se\/no\/"},{"@type":"ListItem","position":2,"name":"Butik","item":"https:\/\/babylove.se\/no\/butik\/"},{"@type":"ListItem","position":3,"name":"Charlotte, sengeskuff til barnerommet"}]},{"@type":"WebSite","@id":"https:\/\/babylove.se\/no\/#website","url":"https:\/\/babylove.se\/no\/","name":"Babylove Norska","description":"","potentialAction":[{"@type":"SearchAction","target":{"@type":"EntryPoint","urlTemplate":"https:\/\/babylove.se\/no\/?s={search_term_string}"},"query-input":{"@type":"PropertyValueSpecification","valueRequired":true,"valueName":"search_term_string"}}],"inLanguage":"nb-NO"}]},"product_brand":"Babyloff","product_price_amount":"2199.00","product_price_currency":"SEK","og_availability":"out of stock","product_availability":"out of stock","product_retailer_item_id":"S\u00e4ngbordCharlotte","product_condition":"new"},"_links":{"self":[{"href":"https:\/\/babylove.se\/no\/wp-json\/wp\/v2\/product\/34318","targetHints":{"allow":["GET"]}}],"collection":[{"href":"https:\/\/babylove.se\/no\/wp-json\/wp\/v2\/product"}],"about":[{"href":"https:\/\/babylove.se\/no\/wp-json\/wp\/v2\/types\/product"}],"replies":[{"embeddable":true,"href":"https:\/\/babylove.se\/no\/wp-json\/wp\/v2\/comments?post=34318"}],"wp:featuredmedia":[{"embeddable":true,"href":"https:\/\/babylove.se\/no\/wp-json\/wp\/v2\/media\/34320"}],"wp:attachment":[{"href":"https:\/\/babylove.se\/no\/wp-json\/wp\/v2\/media?parent=34318"}],"wp:term":[{"taxonomy":"product_brand","embeddable":true,"href":"https:\/\/babylove.se\/no\/wp-json\/wp\/v2\/product_brand?post=34318"},{"taxonomy":"product_cat","embeddable":true,"href":"https:\/\/babylove.se\/no\/wp-json\/wp\/v2\/product_cat?post=34318"},{"taxonomy":"product_tag","embeddable":true,"href":"https:\/\/babylove.se\/no\/wp-json\/wp\/v2\/product_tag?post=34318"}],"curies":[{"name":"wp","href":"https:\/\/api.w.org\/{rel}","templated":true}]}}