{"id":34579,"date":"2025-07-19T00:57:46","date_gmt":"2025-07-18T23:57:46","guid":{"rendered":"https:\/\/babylove.se\/produkt\/picchi-skummadrass-till-barnsang-olika-storlekar\/"},"modified":"2026-04-08T12:14:29","modified_gmt":"2026-04-08T11:14:29","slug":"picchi-skummadrass-til-barneseng-ulike-storrelser","status":"publish","type":"product","link":"https:\/\/babylove.se\/no\/produkt\/picchi-skummadrass-til-barneseng-ulike-storrelser\/","title":{"rendered":"Picchi, Skummadrass til barneseng (forskjellige st\u00f8rrelser)"},"content":{"rendered":"<p>En komfortabel og deilig skummadrass med deilig fyll som passer til en barneseng eller til en husseng. Madrassen har et avtakbart overtrekk som gj\u00f8r at du enkelt kan vaske den og holde den frisk. <\/p>\n<p>Picchi er laget av barnevennlig polyuretanskum som ikke deformeres hvilket garanterer st\u00f8tte for ryggen og god s\u00f8vnkomfort. Spesielt tilpasset for \u00e5 absorbere bevegelser. <\/p>\n<p>Denne barnemadrassen fungerer perfekt til v\u00e5re kjempefine hussenger. <\/p>\n<p>Madrassen er semi-myk, laget for \u00e5 passe barn og borger for en deilig s\u00f8vn. <\/p>\n<p><u>M\u00e5l p\u00e5 madrassen<\/u>: Finnes i forskjellige st\u00f8rrelser. <\/p>\n<p>Tykkelse er cirka 12 cm . <\/p>\n<p><u>Materiale<\/u>: polyuretanskum T25 <\/p>\n<p>Vaskeanvisning: Overtrekk maskinvaskes i 30\u00b0 C. <\/p>\n<p>Madrassene produseres i Europa av 100 % OEKO-TEX-sertifisert stoff. Fyllet er antiallergisk samt giftfritt og produseres av sertifisert leverand\u00f8r. <\/p>\n<p><strong>Obs! <\/strong><em>Da madrassen er en spesiallaget vare, s\u00e5 gjelder ikke angrerett. <\/em> <\/p>\n<p><em><em>Dette er en barnemadrass og er laget og tilpasset for de minste. Madrassen skal ikke brukes eller testes av voksne.<\/em><\/em> <\/p>\n<p><em><em><em>Det kan forekomme fargevariasjoner p\u00e5 skuminnsatsen hvilket skyldes at naturbaserte ingredienser kan variere i farge.<\/em><\/em><\/em><\/p>\n","protected":false},"excerpt":{"rendered":"<p>En komfortabel og deilig skummadrass med deilig fyll som passer til en barneseng eller til en husseng. Madrassen har et avtakbart overtrekk som gj\u00f8r at du enkelt kan vaske den og holde den frisk. Picchi er laget av barnevennlig polyuretanskum som ikke deformeres hvilket garanterer st\u00f8tte for ryggen og god s\u00f8vnkomfort. Spesielt tilpasset for \u00e5 [&hellip;]<\/p>\n","protected":false},"featured_media":34581,"comment_status":"closed","ping_status":"closed","template":"","meta":{"_acf_changed":false},"product_brand":[378],"product_cat":[377,590],"product_tag":[1689],"class_list":{"0":"post-34579","1":"product","2":"type-product","3":"status-publish","4":"has-post-thumbnail","6":"product_brand-fdm","7":"product_cat-barnmadrasser","8":"product_cat-fdm","9":"product_tag-bestillingsvaror","10":"pa_storlek-70x140-cm","11":"pa_storlek-70x160-cm","12":"pa_storlek-80x160-cm","13":"pa_storlek-90x190-cm","14":"pa_storlek-90x200-cm","16":"first","17":"instock","18":"taxable","19":"shipping-taxable","20":"purchasable","21":"product-type-variable"},"acf":[],"yoast_head":"<!-- This site is optimized with the Yoast SEO Premium plugin v25.8 (Yoast SEO v27.2) - https:\/\/yoast.com\/product\/yoast-seo-premium-wordpress\/ -->\n<title>Picchi, Skummadrass til barneseng (forskjellige st\u00f8rrelser) - Babylove Norska<\/title>\n<meta name=\"robots\" content=\"noindex, follow, max-snippet:-1, max-image-preview:large, max-video-preview:-1\" \/>\n<meta property=\"og:locale\" content=\"nb_NO\" \/>\n<meta property=\"og:type\" content=\"article\" \/>\n<meta property=\"og:title\" content=\"Picchi, Skummadrass til barneseng (forskjellige st\u00f8rrelser)\" \/>\n<meta property=\"og:description\" content=\"En komfortabel og deilig skummadrass med deilig fyll som passer til en barneseng eller til en husseng. Madrassen har et avtakbart overtrekk som gj\u00f8r at du enkelt kan vaske den og holde den frisk. Picchi er laget av barnevennlig polyuretanskum som ikke deformeres hvilket garanterer st\u00f8tte for ryggen og god s\u00f8vnkomfort. Spesielt tilpasset for \u00e5 [&hellip;]\" \/>\n<meta property=\"og:url\" content=\"https:\/\/babylove.se\/no\/produkt\/picchi-skummadrass-til-barneseng-ulike-storrelser\/\" \/>\n<meta property=\"og:site_name\" content=\"Babylove Norska\" \/>\n<meta property=\"article:modified_time\" content=\"2026-04-08T11:14:29+00:00\" \/>\n<meta property=\"og:image\" content=\"https:\/\/babylove.se\/no\/wp-content\/uploads\/sites\/3\/2025\/07\/62444aedbc8d2.jpeg\" \/>\n\t<meta property=\"og:image:width\" content=\"1200\" \/>\n\t<meta property=\"og:image:height\" content=\"900\" \/>\n\t<meta property=\"og:image:type\" content=\"image\/jpeg\" \/>\n<meta name=\"twitter:card\" content=\"summary_large_image\" \/>\n<meta name=\"twitter:label1\" content=\"Availability\" \/>\n\t<meta name=\"twitter:data1\" content=\"In stock\" \/>\n<script type=\"application\/ld+json\" class=\"yoast-schema-graph\">{\"@context\":\"https:\/\/schema.org\",\"@graph\":[{\"@type\":\"WebPage\",\"@id\":\"https:\/\/babylove.se\/no\/produkt\/picchi-skummadrass-til-barneseng-ulike-storrelser\/\",\"url\":\"https:\/\/babylove.se\/no\/produkt\/picchi-skummadrass-til-barneseng-ulike-storrelser\/\",\"name\":\"Picchi, Skummadrass til barneseng (forskjellige st\u00f8rrelser) - Babylove Norska\",\"isPartOf\":{\"@id\":\"https:\/\/babylove.se\/no\/#website\"},\"primaryImageOfPage\":{\"@id\":\"https:\/\/babylove.se\/no\/produkt\/picchi-skummadrass-til-barneseng-ulike-storrelser\/#primaryimage\"},\"image\":{\"@id\":\"https:\/\/babylove.se\/no\/produkt\/picchi-skummadrass-til-barneseng-ulike-storrelser\/#primaryimage\"},\"thumbnailUrl\":\"https:\/\/babylove.se\/no\/wp-content\/uploads\/sites\/3\/2025\/07\/62444aedbc8d2.jpeg\",\"datePublished\":\"2025-07-18T23:57:46+00:00\",\"dateModified\":\"2026-04-08T11:14:29+00:00\",\"breadcrumb\":{\"@id\":\"https:\/\/babylove.se\/no\/produkt\/picchi-skummadrass-til-barneseng-ulike-storrelser\/#breadcrumb\"},\"inLanguage\":\"nb-NO\",\"potentialAction\":[{\"@type\":\"ReadAction\",\"target\":[\"https:\/\/babylove.se\/no\/produkt\/picchi-skummadrass-til-barneseng-ulike-storrelser\/\"]}]},{\"@type\":\"ImageObject\",\"inLanguage\":\"nb-NO\",\"@id\":\"https:\/\/babylove.se\/no\/produkt\/picchi-skummadrass-til-barneseng-ulike-storrelser\/#primaryimage\",\"url\":\"https:\/\/babylove.se\/no\/wp-content\/uploads\/sites\/3\/2025\/07\/62444aedbc8d2.jpeg\",\"contentUrl\":\"https:\/\/babylove.se\/no\/wp-content\/uploads\/sites\/3\/2025\/07\/62444aedbc8d2.jpeg\",\"width\":1200,\"height\":900},{\"@type\":\"BreadcrumbList\",\"@id\":\"https:\/\/babylove.se\/no\/produkt\/picchi-skummadrass-til-barneseng-ulike-storrelser\/#breadcrumb\",\"itemListElement\":[{\"@type\":\"ListItem\",\"position\":1,\"name\":\"Hem\",\"item\":\"https:\/\/babylove.se\/no\/\"},{\"@type\":\"ListItem\",\"position\":2,\"name\":\"Butik\",\"item\":\"https:\/\/babylove.se\/no\/butik\/\"},{\"@type\":\"ListItem\",\"position\":3,\"name\":\"Picchi, Skummadrass til barneseng (forskjellige st\u00f8rrelser)\"}]},{\"@type\":\"WebSite\",\"@id\":\"https:\/\/babylove.se\/no\/#website\",\"url\":\"https:\/\/babylove.se\/no\/\",\"name\":\"Babylove Norska\",\"description\":\"\",\"potentialAction\":[{\"@type\":\"SearchAction\",\"target\":{\"@type\":\"EntryPoint\",\"urlTemplate\":\"https:\/\/babylove.se\/no\/?s={search_term_string}\"},\"query-input\":{\"@type\":\"PropertyValueSpecification\",\"valueRequired\":true,\"valueName\":\"search_term_string\"}}],\"inLanguage\":\"nb-NO\"}]}<\/script>\n<meta property=\"product:brand\" content=\"FDM\" \/>\n<meta property=\"og:availability\" content=\"instock\" \/>\n<meta property=\"product:availability\" content=\"instock\" \/>\n<meta property=\"product:retailer_item_id\" content=\"Picchi - 70x140\" \/>\n<meta property=\"product:condition\" content=\"new\" \/>\n<!-- \/ Yoast SEO Premium plugin. -->","yoast_head_json":{"title":"Picchi, Skummadrass til barneseng (forskjellige st\u00f8rrelser) - Babylove Norska","robots":{"index":"noindex","follow":"follow","max-snippet":"max-snippet:-1","max-image-preview":"max-image-preview:large","max-video-preview":"max-video-preview:-1"},"og_locale":"nb_NO","og_type":"article","og_title":"Picchi, Skummadrass til barneseng (forskjellige st\u00f8rrelser)","og_description":"En komfortabel og deilig skummadrass med deilig fyll som passer til en barneseng eller til en husseng. Madrassen har et avtakbart overtrekk som gj\u00f8r at du enkelt kan vaske den og holde den frisk. Picchi er laget av barnevennlig polyuretanskum som ikke deformeres hvilket garanterer st\u00f8tte for ryggen og god s\u00f8vnkomfort. Spesielt tilpasset for \u00e5 [&hellip;]","og_url":"https:\/\/babylove.se\/no\/produkt\/picchi-skummadrass-til-barneseng-ulike-storrelser\/","og_site_name":"Babylove Norska","article_modified_time":"2026-04-08T11:14:29+00:00","og_image":[{"width":1200,"height":900,"url":"https:\/\/babylove.se\/no\/wp-content\/uploads\/sites\/3\/2025\/07\/62444aedbc8d2.jpeg","type":"image\/jpeg"}],"twitter_card":"summary_large_image","twitter_misc":{"Availability":"In stock"},"schema":{"@context":"https:\/\/schema.org","@graph":[{"@type":"WebPage","@id":"https:\/\/babylove.se\/no\/produkt\/picchi-skummadrass-til-barneseng-ulike-storrelser\/","url":"https:\/\/babylove.se\/no\/produkt\/picchi-skummadrass-til-barneseng-ulike-storrelser\/","name":"Picchi, Skummadrass til barneseng (forskjellige st\u00f8rrelser) - Babylove Norska","isPartOf":{"@id":"https:\/\/babylove.se\/no\/#website"},"primaryImageOfPage":{"@id":"https:\/\/babylove.se\/no\/produkt\/picchi-skummadrass-til-barneseng-ulike-storrelser\/#primaryimage"},"image":{"@id":"https:\/\/babylove.se\/no\/produkt\/picchi-skummadrass-til-barneseng-ulike-storrelser\/#primaryimage"},"thumbnailUrl":"https:\/\/babylove.se\/no\/wp-content\/uploads\/sites\/3\/2025\/07\/62444aedbc8d2.jpeg","datePublished":"2025-07-18T23:57:46+00:00","dateModified":"2026-04-08T11:14:29+00:00","breadcrumb":{"@id":"https:\/\/babylove.se\/no\/produkt\/picchi-skummadrass-til-barneseng-ulike-storrelser\/#breadcrumb"},"inLanguage":"nb-NO","potentialAction":[{"@type":"ReadAction","target":["https:\/\/babylove.se\/no\/produkt\/picchi-skummadrass-til-barneseng-ulike-storrelser\/"]}]},{"@type":"ImageObject","inLanguage":"nb-NO","@id":"https:\/\/babylove.se\/no\/produkt\/picchi-skummadrass-til-barneseng-ulike-storrelser\/#primaryimage","url":"https:\/\/babylove.se\/no\/wp-content\/uploads\/sites\/3\/2025\/07\/62444aedbc8d2.jpeg","contentUrl":"https:\/\/babylove.se\/no\/wp-content\/uploads\/sites\/3\/2025\/07\/62444aedbc8d2.jpeg","width":1200,"height":900},{"@type":"BreadcrumbList","@id":"https:\/\/babylove.se\/no\/produkt\/picchi-skummadrass-til-barneseng-ulike-storrelser\/#breadcrumb","itemListElement":[{"@type":"ListItem","position":1,"name":"Hem","item":"https:\/\/babylove.se\/no\/"},{"@type":"ListItem","position":2,"name":"Butik","item":"https:\/\/babylove.se\/no\/butik\/"},{"@type":"ListItem","position":3,"name":"Picchi, Skummadrass til barneseng (forskjellige st\u00f8rrelser)"}]},{"@type":"WebSite","@id":"https:\/\/babylove.se\/no\/#website","url":"https:\/\/babylove.se\/no\/","name":"Babylove Norska","description":"","potentialAction":[{"@type":"SearchAction","target":{"@type":"EntryPoint","urlTemplate":"https:\/\/babylove.se\/no\/?s={search_term_string}"},"query-input":{"@type":"PropertyValueSpecification","valueRequired":true,"valueName":"search_term_string"}}],"inLanguage":"nb-NO"}]},"product_brand":"FDM","og_availability":"instock","product_availability":"instock","product_retailer_item_id":"Picchi - 70x140","product_condition":"new"},"_links":{"self":[{"href":"https:\/\/babylove.se\/no\/wp-json\/wp\/v2\/product\/34579","targetHints":{"allow":["GET"]}}],"collection":[{"href":"https:\/\/babylove.se\/no\/wp-json\/wp\/v2\/product"}],"about":[{"href":"https:\/\/babylove.se\/no\/wp-json\/wp\/v2\/types\/product"}],"replies":[{"embeddable":true,"href":"https:\/\/babylove.se\/no\/wp-json\/wp\/v2\/comments?post=34579"}],"wp:featuredmedia":[{"embeddable":true,"href":"https:\/\/babylove.se\/no\/wp-json\/wp\/v2\/media\/34581"}],"wp:attachment":[{"href":"https:\/\/babylove.se\/no\/wp-json\/wp\/v2\/media?parent=34579"}],"wp:term":[{"taxonomy":"product_brand","embeddable":true,"href":"https:\/\/babylove.se\/no\/wp-json\/wp\/v2\/product_brand?post=34579"},{"taxonomy":"product_cat","embeddable":true,"href":"https:\/\/babylove.se\/no\/wp-json\/wp\/v2\/product_cat?post=34579"},{"taxonomy":"product_tag","embeddable":true,"href":"https:\/\/babylove.se\/no\/wp-json\/wp\/v2\/product_tag?post=34579"}],"curies":[{"name":"wp","href":"https:\/\/api.w.org\/{rel}","templated":true}]}}