{"id":34587,"date":"2025-07-19T00:57:54","date_gmt":"2025-07-18T23:57:54","guid":{"rendered":"https:\/\/babylove.se\/produkt\/rovigo-extra-tjock-skummadrass-till-barnsang-olika-storlekar\/"},"modified":"2026-05-11T13:05:19","modified_gmt":"2026-05-11T12:05:19","slug":"rovigo-extra-tykk-skummadrass-til-barneseng-forskjellige-storrelser","status":"publish","type":"product","link":"https:\/\/babylove.se\/no\/produkt\/rovigo-extra-tykk-skummadrass-til-barneseng-forskjellige-storrelser\/","title":{"rendered":"Rovigo, Ekstra tykk skummadrass til barneseng (forskjellige st\u00f8rrelser)"},"content":{"rendered":"<p>En behagelig og deilig skummadrass med deilig fylling som passer perfekt til en barneseng eller til en husseng. Madrassen har et avtakbart overtrekk som gj\u00f8r at du enkelt kan vaske den og holde den frisk. <\/p>\n<p>Rovigo best\u00e5r av en sammensetning av tre forskjellige barnevennlige skumtyper ? polyuretanskum, h\u00f8yelastisk skum og termoplastskum. Det h\u00f8yelastiske skummet gir ekstra st\u00f8tte til hver del av kroppen og dermed en st\u00f8rre f\u00f8lelse av komfort. Termoplastskummet reagerer p\u00e5 trykk og temperatur noe som gj\u00f8r at madrassen antar kroppens eksakte form og gir ryggraden en naturlig posisjon. Rovigo kjennetegnes av eksepsjonell motstandsdyktighet mot deformasjon og en perfekt passform til kroppen. <\/p>\n<p>Madrassen er semi-myk, laget for \u00e5 passe barn og garanterer en deilig s\u00f8vn. <\/p>\n<p><u>M\u00e5l p\u00e5 madrassen<\/u>: Finnes i forskjellige st\u00f8rrelser. <\/p>\n<p>Tykkelse er cirka 15 cm. <\/p>\n<p><u>Materiale<\/u>: polyuretanskum T25, h\u00f8yelastisk skum og termoplastskum. <\/p>\n<p>Vasker\u00e5d: Overtrekk maskinvaskes i 30\u00b0 C <\/p>\n<p>Madrassene produseres i Europa av 100 % OEKO-TEX-sertifisert stoff. Fyllmassen er antiallergisk samt giftfri og produseres av sertifisert leverand\u00f8r. <\/p>\n<p><strong>Obs! <\/strong><em>Da madrassen er en spesialprodusert vare, s\u00e5 gjelder ikke angrerett. <\/em> <\/p>\n<p><em>Dette er en barnemadrass og er laget og tilpasset for de minste. Madrassen skal ikke brukes eller testes av voksne.<\/em> <\/p>\n<p><em><em>Det kan forekomme fargevariasjoner p\u00e5 skuminnsatsen noe som skyldes at naturbaserte ingredienser kan variere i farge.<\/em><\/em><\/p>\n","protected":false},"excerpt":{"rendered":"<p>En behagelig og deilig skummadrass med deilig fylling som passer perfekt til en barneseng eller til en husseng. Madrassen har et avtakbart overtrekk som gj\u00f8r at du enkelt kan vaske den og holde den frisk. Rovigo best\u00e5r av en sammensetning av tre forskjellige barnevennlige skumtyper ? polyuretanskum, h\u00f8yelastisk skum og termoplastskum. Det h\u00f8yelastiske skummet gir [&hellip;]<\/p>\n","protected":false},"featured_media":34589,"comment_status":"closed","ping_status":"closed","template":"","meta":{"_acf_changed":false},"product_brand":[378],"product_cat":[377,590],"product_tag":[1689],"class_list":{"0":"post-34587","1":"product","2":"type-product","3":"status-publish","4":"has-post-thumbnail","6":"product_brand-fdm","7":"product_cat-barnmadrasser","8":"product_cat-fdm","9":"product_tag-bestillingsvaror","10":"pa_storlek-70x160-cm","11":"pa_storlek-80x160-cm","12":"pa_storlek-80x180-cm","13":"pa_storlek-80x190-cm","14":"pa_storlek-80x200-cm","15":"pa_storlek-90x180-cm","16":"pa_storlek-90x190-cm","17":"pa_storlek-90x200-cm","19":"first","20":"instock","21":"taxable","22":"shipping-taxable","23":"purchasable","24":"product-type-variable"},"acf":[],"yoast_head":"<!-- This site is optimized with the Yoast SEO Premium plugin v25.8 (Yoast SEO v27.2) - https:\/\/yoast.com\/product\/yoast-seo-premium-wordpress\/ -->\n<title>Rovigo, Ekstra tykk skummadrass til barneseng (forskjellige st\u00f8rrelser) - Babylove Norska<\/title>\n<meta name=\"robots\" content=\"noindex, follow, max-snippet:-1, max-image-preview:large, max-video-preview:-1\" \/>\n<meta property=\"og:locale\" content=\"nb_NO\" \/>\n<meta property=\"og:type\" content=\"article\" \/>\n<meta property=\"og:title\" content=\"Rovigo, Ekstra tykk skummadrass til barneseng (forskjellige st\u00f8rrelser)\" \/>\n<meta property=\"og:description\" content=\"En behagelig og deilig skummadrass med deilig fylling som passer perfekt til en barneseng eller til en husseng. Madrassen har et avtakbart overtrekk som gj\u00f8r at du enkelt kan vaske den og holde den frisk. Rovigo best\u00e5r av en sammensetning av tre forskjellige barnevennlige skumtyper ? polyuretanskum, h\u00f8yelastisk skum og termoplastskum. Det h\u00f8yelastiske skummet gir [&hellip;]\" \/>\n<meta property=\"og:url\" content=\"https:\/\/babylove.se\/no\/produkt\/rovigo-extra-tykk-skummadrass-til-barneseng-forskjellige-storrelser\/\" \/>\n<meta property=\"og:site_name\" content=\"Babylove Norska\" \/>\n<meta property=\"article:modified_time\" content=\"2026-05-11T12:05:19+00:00\" \/>\n<meta property=\"og:image\" content=\"https:\/\/babylove.se\/no\/wp-content\/uploads\/sites\/3\/2025\/07\/683ef6e372717.png\" \/>\n\t<meta property=\"og:image:width\" content=\"800\" \/>\n\t<meta property=\"og:image:height\" content=\"800\" \/>\n\t<meta property=\"og:image:type\" content=\"image\/png\" \/>\n<meta name=\"twitter:card\" content=\"summary_large_image\" \/>\n<meta name=\"twitter:label1\" content=\"Availability\" \/>\n\t<meta name=\"twitter:data1\" content=\"In stock\" \/>\n<script type=\"application\/ld+json\" class=\"yoast-schema-graph\">{\"@context\":\"https:\/\/schema.org\",\"@graph\":[{\"@type\":\"WebPage\",\"@id\":\"https:\/\/babylove.se\/no\/produkt\/rovigo-extra-tykk-skummadrass-til-barneseng-forskjellige-storrelser\/\",\"url\":\"https:\/\/babylove.se\/no\/produkt\/rovigo-extra-tykk-skummadrass-til-barneseng-forskjellige-storrelser\/\",\"name\":\"Rovigo, Ekstra tykk skummadrass til barneseng (forskjellige st\u00f8rrelser) - Babylove Norska\",\"isPartOf\":{\"@id\":\"https:\/\/babylove.se\/no\/#website\"},\"primaryImageOfPage\":{\"@id\":\"https:\/\/babylove.se\/no\/produkt\/rovigo-extra-tykk-skummadrass-til-barneseng-forskjellige-storrelser\/#primaryimage\"},\"image\":{\"@id\":\"https:\/\/babylove.se\/no\/produkt\/rovigo-extra-tykk-skummadrass-til-barneseng-forskjellige-storrelser\/#primaryimage\"},\"thumbnailUrl\":\"https:\/\/babylove.se\/no\/wp-content\/uploads\/sites\/3\/2025\/07\/683ef6e372717.png\",\"datePublished\":\"2025-07-18T23:57:54+00:00\",\"dateModified\":\"2026-05-11T12:05:19+00:00\",\"breadcrumb\":{\"@id\":\"https:\/\/babylove.se\/no\/produkt\/rovigo-extra-tykk-skummadrass-til-barneseng-forskjellige-storrelser\/#breadcrumb\"},\"inLanguage\":\"nb-NO\",\"potentialAction\":[{\"@type\":\"ReadAction\",\"target\":[\"https:\/\/babylove.se\/no\/produkt\/rovigo-extra-tykk-skummadrass-til-barneseng-forskjellige-storrelser\/\"]}]},{\"@type\":\"ImageObject\",\"inLanguage\":\"nb-NO\",\"@id\":\"https:\/\/babylove.se\/no\/produkt\/rovigo-extra-tykk-skummadrass-til-barneseng-forskjellige-storrelser\/#primaryimage\",\"url\":\"https:\/\/babylove.se\/no\/wp-content\/uploads\/sites\/3\/2025\/07\/683ef6e372717.png\",\"contentUrl\":\"https:\/\/babylove.se\/no\/wp-content\/uploads\/sites\/3\/2025\/07\/683ef6e372717.png\",\"width\":800,\"height\":800},{\"@type\":\"BreadcrumbList\",\"@id\":\"https:\/\/babylove.se\/no\/produkt\/rovigo-extra-tykk-skummadrass-til-barneseng-forskjellige-storrelser\/#breadcrumb\",\"itemListElement\":[{\"@type\":\"ListItem\",\"position\":1,\"name\":\"Hem\",\"item\":\"https:\/\/babylove.se\/no\/\"},{\"@type\":\"ListItem\",\"position\":2,\"name\":\"Butik\",\"item\":\"https:\/\/babylove.se\/no\/butik\/\"},{\"@type\":\"ListItem\",\"position\":3,\"name\":\"Rovigo, Ekstra tykk skummadrass til barneseng (forskjellige st\u00f8rrelser)\"}]},{\"@type\":\"WebSite\",\"@id\":\"https:\/\/babylove.se\/no\/#website\",\"url\":\"https:\/\/babylove.se\/no\/\",\"name\":\"Babylove Norska\",\"description\":\"\",\"potentialAction\":[{\"@type\":\"SearchAction\",\"target\":{\"@type\":\"EntryPoint\",\"urlTemplate\":\"https:\/\/babylove.se\/no\/?s={search_term_string}\"},\"query-input\":{\"@type\":\"PropertyValueSpecification\",\"valueRequired\":true,\"valueName\":\"search_term_string\"}}],\"inLanguage\":\"nb-NO\"}]}<\/script>\n<meta property=\"product:brand\" content=\"FDM\" \/>\n<meta property=\"og:availability\" content=\"instock\" \/>\n<meta property=\"product:availability\" content=\"instock\" \/>\n<meta property=\"product:retailer_item_id\" content=\"Rovigo-70x160\" \/>\n<meta property=\"product:condition\" content=\"new\" \/>\n<!-- \/ Yoast SEO Premium plugin. -->","yoast_head_json":{"title":"Rovigo, Ekstra tykk skummadrass til barneseng (forskjellige st\u00f8rrelser) - Babylove Norska","robots":{"index":"noindex","follow":"follow","max-snippet":"max-snippet:-1","max-image-preview":"max-image-preview:large","max-video-preview":"max-video-preview:-1"},"og_locale":"nb_NO","og_type":"article","og_title":"Rovigo, Ekstra tykk skummadrass til barneseng (forskjellige st\u00f8rrelser)","og_description":"En behagelig og deilig skummadrass med deilig fylling som passer perfekt til en barneseng eller til en husseng. Madrassen har et avtakbart overtrekk som gj\u00f8r at du enkelt kan vaske den og holde den frisk. Rovigo best\u00e5r av en sammensetning av tre forskjellige barnevennlige skumtyper ? polyuretanskum, h\u00f8yelastisk skum og termoplastskum. Det h\u00f8yelastiske skummet gir [&hellip;]","og_url":"https:\/\/babylove.se\/no\/produkt\/rovigo-extra-tykk-skummadrass-til-barneseng-forskjellige-storrelser\/","og_site_name":"Babylove Norska","article_modified_time":"2026-05-11T12:05:19+00:00","og_image":[{"width":800,"height":800,"url":"https:\/\/babylove.se\/no\/wp-content\/uploads\/sites\/3\/2025\/07\/683ef6e372717.png","type":"image\/png"}],"twitter_card":"summary_large_image","twitter_misc":{"Availability":"In stock"},"schema":{"@context":"https:\/\/schema.org","@graph":[{"@type":"WebPage","@id":"https:\/\/babylove.se\/no\/produkt\/rovigo-extra-tykk-skummadrass-til-barneseng-forskjellige-storrelser\/","url":"https:\/\/babylove.se\/no\/produkt\/rovigo-extra-tykk-skummadrass-til-barneseng-forskjellige-storrelser\/","name":"Rovigo, Ekstra tykk skummadrass til barneseng (forskjellige st\u00f8rrelser) - Babylove Norska","isPartOf":{"@id":"https:\/\/babylove.se\/no\/#website"},"primaryImageOfPage":{"@id":"https:\/\/babylove.se\/no\/produkt\/rovigo-extra-tykk-skummadrass-til-barneseng-forskjellige-storrelser\/#primaryimage"},"image":{"@id":"https:\/\/babylove.se\/no\/produkt\/rovigo-extra-tykk-skummadrass-til-barneseng-forskjellige-storrelser\/#primaryimage"},"thumbnailUrl":"https:\/\/babylove.se\/no\/wp-content\/uploads\/sites\/3\/2025\/07\/683ef6e372717.png","datePublished":"2025-07-18T23:57:54+00:00","dateModified":"2026-05-11T12:05:19+00:00","breadcrumb":{"@id":"https:\/\/babylove.se\/no\/produkt\/rovigo-extra-tykk-skummadrass-til-barneseng-forskjellige-storrelser\/#breadcrumb"},"inLanguage":"nb-NO","potentialAction":[{"@type":"ReadAction","target":["https:\/\/babylove.se\/no\/produkt\/rovigo-extra-tykk-skummadrass-til-barneseng-forskjellige-storrelser\/"]}]},{"@type":"ImageObject","inLanguage":"nb-NO","@id":"https:\/\/babylove.se\/no\/produkt\/rovigo-extra-tykk-skummadrass-til-barneseng-forskjellige-storrelser\/#primaryimage","url":"https:\/\/babylove.se\/no\/wp-content\/uploads\/sites\/3\/2025\/07\/683ef6e372717.png","contentUrl":"https:\/\/babylove.se\/no\/wp-content\/uploads\/sites\/3\/2025\/07\/683ef6e372717.png","width":800,"height":800},{"@type":"BreadcrumbList","@id":"https:\/\/babylove.se\/no\/produkt\/rovigo-extra-tykk-skummadrass-til-barneseng-forskjellige-storrelser\/#breadcrumb","itemListElement":[{"@type":"ListItem","position":1,"name":"Hem","item":"https:\/\/babylove.se\/no\/"},{"@type":"ListItem","position":2,"name":"Butik","item":"https:\/\/babylove.se\/no\/butik\/"},{"@type":"ListItem","position":3,"name":"Rovigo, Ekstra tykk skummadrass til barneseng (forskjellige st\u00f8rrelser)"}]},{"@type":"WebSite","@id":"https:\/\/babylove.se\/no\/#website","url":"https:\/\/babylove.se\/no\/","name":"Babylove Norska","description":"","potentialAction":[{"@type":"SearchAction","target":{"@type":"EntryPoint","urlTemplate":"https:\/\/babylove.se\/no\/?s={search_term_string}"},"query-input":{"@type":"PropertyValueSpecification","valueRequired":true,"valueName":"search_term_string"}}],"inLanguage":"nb-NO"}]},"product_brand":"FDM","og_availability":"instock","product_availability":"instock","product_retailer_item_id":"Rovigo-70x160","product_condition":"new"},"_links":{"self":[{"href":"https:\/\/babylove.se\/no\/wp-json\/wp\/v2\/product\/34587","targetHints":{"allow":["GET"]}}],"collection":[{"href":"https:\/\/babylove.se\/no\/wp-json\/wp\/v2\/product"}],"about":[{"href":"https:\/\/babylove.se\/no\/wp-json\/wp\/v2\/types\/product"}],"replies":[{"embeddable":true,"href":"https:\/\/babylove.se\/no\/wp-json\/wp\/v2\/comments?post=34587"}],"wp:featuredmedia":[{"embeddable":true,"href":"https:\/\/babylove.se\/no\/wp-json\/wp\/v2\/media\/34589"}],"wp:attachment":[{"href":"https:\/\/babylove.se\/no\/wp-json\/wp\/v2\/media?parent=34587"}],"wp:term":[{"taxonomy":"product_brand","embeddable":true,"href":"https:\/\/babylove.se\/no\/wp-json\/wp\/v2\/product_brand?post=34587"},{"taxonomy":"product_cat","embeddable":true,"href":"https:\/\/babylove.se\/no\/wp-json\/wp\/v2\/product_cat?post=34587"},{"taxonomy":"product_tag","embeddable":true,"href":"https:\/\/babylove.se\/no\/wp-json\/wp\/v2\/product_tag?post=34587"}],"curies":[{"name":"wp","href":"https:\/\/api.w.org\/{rel}","templated":true}]}}