{"id":34600,"date":"2025-07-19T00:58:05","date_gmt":"2025-07-18T23:58:05","guid":{"rendered":"https:\/\/babylove.se\/produkt\/extra-tjock-pocketmadrass-till-barnsang-kenza-olika-storlekar\/"},"modified":"2026-04-08T12:14:34","modified_gmt":"2026-04-08T11:14:34","slug":"ekstra-tykk-lommemadrass-til-barneseng-kenza-forskjellige-storrelser","status":"publish","type":"product","link":"https:\/\/babylove.se\/no\/produkt\/ekstra-tykk-lommemadrass-til-barneseng-kenza-forskjellige-storrelser\/","title":{"rendered":"Ekstra tykk lommemadrass Kenza (forskjellige st\u00f8rrelser)"},"content":{"rendered":"<p>En komfortabel madrass med multipocket-fj\u00e6rer som passer til en barneseng eller til en husseng. Madrassen har et avtakbart overtrekk som gj\u00f8r at du enkelt kan vaske den og holde den frisk.<\/p>\n<p>Madrassen er delt inn i 7 soner med ulik fasthet p\u00e5 ulike punkter. De multiple pocket-fj\u00e6rene gj\u00f8r at madrassen tilpasser seg kroppens form og vekt noe som gir maksimal komfort. Siden fj\u00e6rene jobber uavhengig av hverandre absorberes bevegelsene lokalt og to personer som ligger ved siden av hverandre kjenner ikke hverandres bevegelser. Rundt fj\u00e6rene ligger polyuretanskum som ikke deformeres noe som garanterer st\u00f8tte for ryggen og god s\u00f8vnkomfort. Kenza er en holdbar madrass da fj\u00e6rene er laget av dobbelherdet tr\u00e5d som forlenger levetiden betraktelig.<\/p>\n<p>Denne madrassen fungerer perfekt til v\u00e5re kjempefine loftsenger og hussenger.<\/p>\n<p>Madrassen er fast, produsert for \u00e5 passe barn og garanterer en deilig s\u00f8vn.<\/p>\n<p><u>M\u00e5l p\u00e5 madrassen:&nbsp;<\/u>Finnes i ulike st\u00f8rrelser.&nbsp;<\/p>\n<p>Tykkelse er cirka 17 cm .&nbsp;<\/p>\n<p><u>Materiale<\/u>: polyuretanskum T25 og multipocket-fj\u00e6rer.<\/p>\n<p>Vasker\u00e5d: Overtrekk maskinvaskes i 30\u00b0 C. &nbsp;<\/p>\n<p>Madrassene produseres i Europa av 100 % OEKO-TEX-sertifisert stoff. Fyllet er antiallergisk samt giftfritt og produseres av sertifisert leverand\u00f8r.<\/p>\n<p><strong>Obs!&nbsp;<\/strong><em>Da madrassen er en spesialtilvirket vare, s\u00e5 gjelder ikke angrerett.&nbsp;<\/em><\/p>\n<p><em>Dette er en barnemadrass og er produsert og tilpasset for de minste. Madrassen skal ikke brukes eller testes av voksne.<\/em><\/p>\n<p><em><em>Det kan forekomme fargeavvik p\u00e5 skuminnlegget noe som skyldes at naturbaserte ingredienser kan variere i farge.<\/em><\/em><\/p>\n","protected":false},"excerpt":{"rendered":"<p>En komfortabel madrass med multipocket-fj\u00e6rer som passer til en barneseng eller til en husseng. Madrassen har et avtakbart overtrekk som gj\u00f8r at du enkelt kan vaske den og holde den frisk. Madrassen er delt inn i 7 soner med ulik fasthet p\u00e5 ulike punkter. De multiple pocket-fj\u00e6rene gj\u00f8r at madrassen tilpasser seg kroppens form og [&hellip;]<\/p>\n","protected":false},"featured_media":34602,"comment_status":"closed","ping_status":"open","template":"","meta":{"_acf_changed":false},"product_brand":[378],"product_cat":[377,590],"product_tag":[1689],"class_list":{"0":"post-34600","1":"product","2":"type-product","3":"status-publish","4":"has-post-thumbnail","6":"product_brand-fdm","7":"product_cat-barnmadrasser","8":"product_cat-fdm","9":"product_tag-bestillingsvaror","10":"pa_storlek-100x200-cm","11":"pa_storlek-120x200-cm","12":"pa_storlek-140x200-cm","13":"pa_storlek-160x200-cm","14":"pa_storlek-180x200-cm","15":"pa_storlek-200x200-cm","16":"pa_storlek-80x200-cm","17":"pa_storlek-90x200-cm","19":"first","20":"instock","21":"taxable","22":"shipping-taxable","23":"purchasable","24":"product-type-variable"},"acf":[],"yoast_head":"<!-- This site is optimized with the Yoast SEO Premium plugin v25.8 (Yoast SEO v27.2) - https:\/\/yoast.com\/product\/yoast-seo-premium-wordpress\/ -->\n<title>Ekstra tykk lommemadrass Kenza (forskjellige st\u00f8rrelser) - Babylove Norska<\/title>\n<meta name=\"robots\" content=\"noindex, follow, max-snippet:-1, max-image-preview:large, max-video-preview:-1\" \/>\n<meta property=\"og:locale\" content=\"nb_NO\" \/>\n<meta property=\"og:type\" content=\"article\" \/>\n<meta property=\"og:title\" content=\"Ekstra tykk lommemadrass Kenza (forskjellige st\u00f8rrelser)\" \/>\n<meta property=\"og:description\" content=\"En komfortabel madrass med multipocket-fj\u00e6rer som passer til en barneseng eller til en husseng. Madrassen har et avtakbart overtrekk som gj\u00f8r at du enkelt kan vaske den og holde den frisk. Madrassen er delt inn i 7 soner med ulik fasthet p\u00e5 ulike punkter. De multiple pocket-fj\u00e6rene gj\u00f8r at madrassen tilpasser seg kroppens form og [&hellip;]\" \/>\n<meta property=\"og:url\" content=\"https:\/\/babylove.se\/no\/produkt\/ekstra-tykk-lommemadrass-til-barneseng-kenza-forskjellige-storrelser\/\" \/>\n<meta property=\"og:site_name\" content=\"Babylove Norska\" \/>\n<meta property=\"article:modified_time\" content=\"2026-04-08T11:14:34+00:00\" \/>\n<meta property=\"og:image\" content=\"https:\/\/babylove.se\/no\/wp-content\/uploads\/sites\/3\/2025\/07\/624595c7ccd84.jpeg\" \/>\n\t<meta property=\"og:image:width\" content=\"1200\" \/>\n\t<meta property=\"og:image:height\" content=\"900\" \/>\n\t<meta property=\"og:image:type\" content=\"image\/jpeg\" \/>\n<meta name=\"twitter:card\" content=\"summary_large_image\" \/>\n<meta name=\"twitter:label1\" content=\"Availability\" \/>\n\t<meta name=\"twitter:data1\" content=\"In stock\" \/>\n<script type=\"application\/ld+json\" class=\"yoast-schema-graph\">{\"@context\":\"https:\/\/schema.org\",\"@graph\":[{\"@type\":\"WebPage\",\"@id\":\"https:\/\/babylove.se\/no\/produkt\/ekstra-tykk-lommemadrass-til-barneseng-kenza-forskjellige-storrelser\/\",\"url\":\"https:\/\/babylove.se\/no\/produkt\/ekstra-tykk-lommemadrass-til-barneseng-kenza-forskjellige-storrelser\/\",\"name\":\"Ekstra tykk lommemadrass Kenza (forskjellige st\u00f8rrelser) - Babylove Norska\",\"isPartOf\":{\"@id\":\"https:\/\/babylove.se\/no\/#website\"},\"primaryImageOfPage\":{\"@id\":\"https:\/\/babylove.se\/no\/produkt\/ekstra-tykk-lommemadrass-til-barneseng-kenza-forskjellige-storrelser\/#primaryimage\"},\"image\":{\"@id\":\"https:\/\/babylove.se\/no\/produkt\/ekstra-tykk-lommemadrass-til-barneseng-kenza-forskjellige-storrelser\/#primaryimage\"},\"thumbnailUrl\":\"https:\/\/babylove.se\/no\/wp-content\/uploads\/sites\/3\/2025\/07\/624595c7ccd84.jpeg\",\"datePublished\":\"2025-07-18T23:58:05+00:00\",\"dateModified\":\"2026-04-08T11:14:34+00:00\",\"breadcrumb\":{\"@id\":\"https:\/\/babylove.se\/no\/produkt\/ekstra-tykk-lommemadrass-til-barneseng-kenza-forskjellige-storrelser\/#breadcrumb\"},\"inLanguage\":\"nb-NO\",\"potentialAction\":[{\"@type\":\"ReadAction\",\"target\":[\"https:\/\/babylove.se\/no\/produkt\/ekstra-tykk-lommemadrass-til-barneseng-kenza-forskjellige-storrelser\/\"]}]},{\"@type\":\"ImageObject\",\"inLanguage\":\"nb-NO\",\"@id\":\"https:\/\/babylove.se\/no\/produkt\/ekstra-tykk-lommemadrass-til-barneseng-kenza-forskjellige-storrelser\/#primaryimage\",\"url\":\"https:\/\/babylove.se\/no\/wp-content\/uploads\/sites\/3\/2025\/07\/624595c7ccd84.jpeg\",\"contentUrl\":\"https:\/\/babylove.se\/no\/wp-content\/uploads\/sites\/3\/2025\/07\/624595c7ccd84.jpeg\",\"width\":1200,\"height\":900},{\"@type\":\"BreadcrumbList\",\"@id\":\"https:\/\/babylove.se\/no\/produkt\/ekstra-tykk-lommemadrass-til-barneseng-kenza-forskjellige-storrelser\/#breadcrumb\",\"itemListElement\":[{\"@type\":\"ListItem\",\"position\":1,\"name\":\"Hem\",\"item\":\"https:\/\/babylove.se\/no\/\"},{\"@type\":\"ListItem\",\"position\":2,\"name\":\"Butik\",\"item\":\"https:\/\/babylove.se\/no\/butik\/\"},{\"@type\":\"ListItem\",\"position\":3,\"name\":\"Ekstra tykk lommemadrass Kenza (forskjellige st\u00f8rrelser)\"}]},{\"@type\":\"WebSite\",\"@id\":\"https:\/\/babylove.se\/no\/#website\",\"url\":\"https:\/\/babylove.se\/no\/\",\"name\":\"Babylove Norska\",\"description\":\"\",\"potentialAction\":[{\"@type\":\"SearchAction\",\"target\":{\"@type\":\"EntryPoint\",\"urlTemplate\":\"https:\/\/babylove.se\/no\/?s={search_term_string}\"},\"query-input\":{\"@type\":\"PropertyValueSpecification\",\"valueRequired\":true,\"valueName\":\"search_term_string\"}}],\"inLanguage\":\"nb-NO\"}]}<\/script>\n<meta property=\"product:brand\" content=\"FDM\" \/>\n<meta property=\"og:availability\" content=\"instock\" \/>\n<meta property=\"product:availability\" content=\"instock\" \/>\n<meta property=\"product:retailer_item_id\" content=\"Potenza-80x200\" \/>\n<meta property=\"product:condition\" content=\"new\" \/>\n<!-- \/ Yoast SEO Premium plugin. -->","yoast_head_json":{"title":"Ekstra tykk lommemadrass Kenza (forskjellige st\u00f8rrelser) - Babylove Norska","robots":{"index":"noindex","follow":"follow","max-snippet":"max-snippet:-1","max-image-preview":"max-image-preview:large","max-video-preview":"max-video-preview:-1"},"og_locale":"nb_NO","og_type":"article","og_title":"Ekstra tykk lommemadrass Kenza (forskjellige st\u00f8rrelser)","og_description":"En komfortabel madrass med multipocket-fj\u00e6rer som passer til en barneseng eller til en husseng. Madrassen har et avtakbart overtrekk som gj\u00f8r at du enkelt kan vaske den og holde den frisk. Madrassen er delt inn i 7 soner med ulik fasthet p\u00e5 ulike punkter. De multiple pocket-fj\u00e6rene gj\u00f8r at madrassen tilpasser seg kroppens form og [&hellip;]","og_url":"https:\/\/babylove.se\/no\/produkt\/ekstra-tykk-lommemadrass-til-barneseng-kenza-forskjellige-storrelser\/","og_site_name":"Babylove Norska","article_modified_time":"2026-04-08T11:14:34+00:00","og_image":[{"width":1200,"height":900,"url":"https:\/\/babylove.se\/no\/wp-content\/uploads\/sites\/3\/2025\/07\/624595c7ccd84.jpeg","type":"image\/jpeg"}],"twitter_card":"summary_large_image","twitter_misc":{"Availability":"In stock"},"schema":{"@context":"https:\/\/schema.org","@graph":[{"@type":"WebPage","@id":"https:\/\/babylove.se\/no\/produkt\/ekstra-tykk-lommemadrass-til-barneseng-kenza-forskjellige-storrelser\/","url":"https:\/\/babylove.se\/no\/produkt\/ekstra-tykk-lommemadrass-til-barneseng-kenza-forskjellige-storrelser\/","name":"Ekstra tykk lommemadrass Kenza (forskjellige st\u00f8rrelser) - Babylove Norska","isPartOf":{"@id":"https:\/\/babylove.se\/no\/#website"},"primaryImageOfPage":{"@id":"https:\/\/babylove.se\/no\/produkt\/ekstra-tykk-lommemadrass-til-barneseng-kenza-forskjellige-storrelser\/#primaryimage"},"image":{"@id":"https:\/\/babylove.se\/no\/produkt\/ekstra-tykk-lommemadrass-til-barneseng-kenza-forskjellige-storrelser\/#primaryimage"},"thumbnailUrl":"https:\/\/babylove.se\/no\/wp-content\/uploads\/sites\/3\/2025\/07\/624595c7ccd84.jpeg","datePublished":"2025-07-18T23:58:05+00:00","dateModified":"2026-04-08T11:14:34+00:00","breadcrumb":{"@id":"https:\/\/babylove.se\/no\/produkt\/ekstra-tykk-lommemadrass-til-barneseng-kenza-forskjellige-storrelser\/#breadcrumb"},"inLanguage":"nb-NO","potentialAction":[{"@type":"ReadAction","target":["https:\/\/babylove.se\/no\/produkt\/ekstra-tykk-lommemadrass-til-barneseng-kenza-forskjellige-storrelser\/"]}]},{"@type":"ImageObject","inLanguage":"nb-NO","@id":"https:\/\/babylove.se\/no\/produkt\/ekstra-tykk-lommemadrass-til-barneseng-kenza-forskjellige-storrelser\/#primaryimage","url":"https:\/\/babylove.se\/no\/wp-content\/uploads\/sites\/3\/2025\/07\/624595c7ccd84.jpeg","contentUrl":"https:\/\/babylove.se\/no\/wp-content\/uploads\/sites\/3\/2025\/07\/624595c7ccd84.jpeg","width":1200,"height":900},{"@type":"BreadcrumbList","@id":"https:\/\/babylove.se\/no\/produkt\/ekstra-tykk-lommemadrass-til-barneseng-kenza-forskjellige-storrelser\/#breadcrumb","itemListElement":[{"@type":"ListItem","position":1,"name":"Hem","item":"https:\/\/babylove.se\/no\/"},{"@type":"ListItem","position":2,"name":"Butik","item":"https:\/\/babylove.se\/no\/butik\/"},{"@type":"ListItem","position":3,"name":"Ekstra tykk lommemadrass Kenza (forskjellige st\u00f8rrelser)"}]},{"@type":"WebSite","@id":"https:\/\/babylove.se\/no\/#website","url":"https:\/\/babylove.se\/no\/","name":"Babylove Norska","description":"","potentialAction":[{"@type":"SearchAction","target":{"@type":"EntryPoint","urlTemplate":"https:\/\/babylove.se\/no\/?s={search_term_string}"},"query-input":{"@type":"PropertyValueSpecification","valueRequired":true,"valueName":"search_term_string"}}],"inLanguage":"nb-NO"}]},"product_brand":"FDM","og_availability":"instock","product_availability":"instock","product_retailer_item_id":"Potenza-80x200","product_condition":"new"},"_links":{"self":[{"href":"https:\/\/babylove.se\/no\/wp-json\/wp\/v2\/product\/34600","targetHints":{"allow":["GET"]}}],"collection":[{"href":"https:\/\/babylove.se\/no\/wp-json\/wp\/v2\/product"}],"about":[{"href":"https:\/\/babylove.se\/no\/wp-json\/wp\/v2\/types\/product"}],"replies":[{"embeddable":true,"href":"https:\/\/babylove.se\/no\/wp-json\/wp\/v2\/comments?post=34600"}],"wp:featuredmedia":[{"embeddable":true,"href":"https:\/\/babylove.se\/no\/wp-json\/wp\/v2\/media\/34602"}],"wp:attachment":[{"href":"https:\/\/babylove.se\/no\/wp-json\/wp\/v2\/media?parent=34600"}],"wp:term":[{"taxonomy":"product_brand","embeddable":true,"href":"https:\/\/babylove.se\/no\/wp-json\/wp\/v2\/product_brand?post=34600"},{"taxonomy":"product_cat","embeddable":true,"href":"https:\/\/babylove.se\/no\/wp-json\/wp\/v2\/product_cat?post=34600"},{"taxonomy":"product_tag","embeddable":true,"href":"https:\/\/babylove.se\/no\/wp-json\/wp\/v2\/product_tag?post=34600"}],"curies":[{"name":"wp","href":"https:\/\/api.w.org\/{rel}","templated":true}]}}